{"id":105131,"date":"2022-08-19T10:58:39","date_gmt":"2022-08-19T08:58:39","guid":{"rendered":"https:\/\/hempking.eu\/pl\/?post_type=product&#038;p=105131"},"modified":"2024-09-16T13:51:20","modified_gmt":"2024-09-16T11:51:20","slug":"bacopa-monnieri-brahmi-300-mg-50-bakozydow-kapsulki-last-minute","status":"publish","type":"product","link":"https:\/\/hempking.eu\/pl\/bacopa-monnieri-brahmi-300-mg-50-bakozydow-kapsulki-last-minute\/","title":{"rendered":"Bacopa monnieri (Brahmi) 300 mg - 50% bakozyd\u00f3w - kr\u00f3tki termin"},"content":{"rendered":"<h2 style=\"text-align: justify;\"><strong>Bacopa Monnieri &#8211; sk\u0142adniki<\/strong><\/h2>\n<p style=\"text-align: justify;\"><span style=\"font-weight: 400;\">Bakopa drobnolistna (Bacopa Monnieri) ekstrakt standaryzowany na 50% bakozyd\u00f3w, BioPerine\u00ae ekstrakt z owoc\u00f3w pieprzu czarnego standaryzowany na 95% piperyny, otoczka kapsu\u0142ki: hydroksypropylometyloceluloza.<\/span><\/p>\n<h2 style=\"text-align: justify;\"><strong>Bacopa monnieri &#8211; dzia\u0142anie\u00a0<\/strong><\/h2>\n<p style=\"text-align: justify;\"><span style=\"font-weight: 400;\">Bacopa monnieri, czyli bakopa drobnolistna, a tak\u017ce Brahmi to adaptogen, kt\u00f3ry popularny jest np. w Ajurwedzie, czyli indyjskiej medycynie naturalnej. <\/span><b>Ekstrakty z Bacopa Monnieri<\/b><span style=\"font-weight: 400;\"> mo\u017cna znale\u017a\u0107 w formie wielu suplement\u00f3w dost\u0119pnych na rynku. Nic dziwnego, \u017ce ciesz\u0105 si\u0119 coraz wi\u0119ksz\u0105 popularno\u015bci\u0105. Co wyr\u00f3\u017cnia <\/span><b>suplement Bacopa Monnieri <\/b><span style=\"font-weight: 400;\">marki Biowen?\u00a0<\/span><\/p>\n<h3>Bez glutenu, wega\u0144skie kapsu\u0142ki Bacopa monnieri Biowen<\/h3>\n<p style=\"text-align: justify;\"><span style=\"font-weight: 400;\">Brahmi nie zawiera nawet \u015bladowych ilo\u015bci glutenu, dzi\u0119ki czemu osoby cierpi\u0105ce na celiaki\u0119 czy nietolerancje pokarmowe mog\u0105 u\u017cywa\u0107 ten produkt bez obaw. Podobnie jak osoby, kt\u00f3re na co dzie\u0144 od\u017cywiaj\u0105 si\u0119 wy\u0142\u0105cznie ro\u015blinnie. <\/span><b>Ekstrakty z Bacopa Monnieri<\/b><span style=\"font-weight: 400;\"> zamkni\u0119te zosta\u0142y w <span style=\"text-decoration: underline;\">wega\u0144sk\u0105 kapsu\u0142k\u0119, kt\u00f3ra nie powsta\u0142a z \u017cadnych odzwierz\u0119cych sk\u0142adnik\u00f3w<\/span>. Produkt nie zawiera te\u017c \u017cadnych sztucznych czy szkodliwych dodatk\u00f3w i jest w 100% naturalny! A do tego jest standaryzowany na 50% bakozyd\u00f3w &#8211; cennych, naturalnych substancji zawartych w tej ro\u015blinie.<\/span><\/p>\n<p style=\"text-align: justify;\"><span style=\"font-weight: 400;\">Poza tym do ekstraktu zosta\u0142 dodany standaryzowany na 95% piperyny ekstrakt z owoc\u00f3w czarnego pieprzu &#8211; BioPerine\u00ae. Dzi\u0119ki temu <\/span><b>suplement Bacopa Monnieri <\/b><span style=\"font-weight: 400;\">zyskuje dodatkowe w\u0142a\u015bciwo\u015bci, a tak\u017ce jego dzia\u0142anie jest wzmocnione!\u00a0<\/span><\/p>\n<h2 style=\"text-align: justify;\"><strong>Jak dzia\u0142a Bacopa Monnieri w kapsu\u0142kach?<\/strong><\/h2>\n<ul style=\"text-align: justify;\">\n<li style=\"font-weight: 400;\"><span style=\"font-weight: 400;\">ma pozytywny wp\u0142yw na funkcje m\u00f3zgu,<\/span><\/li>\n<li style=\"font-weight: 400;\"><span style=\"font-weight: 400;\">mo\u017ce wzmacnia\u0107 kr\u00f3tko i d\u0142ugotrwa\u0142\u0105 pami\u0119\u0107,<\/span><\/li>\n<li style=\"font-weight: 400;\"><span style=\"font-weight: 400;\">wzmacnia koncentracj\u0119,\u00a0<\/span><\/li>\n<li style=\"font-weight: 400;\"><span style=\"font-weight: 400;\">mo\u017ce pomaga\u0107 radzi\u0107 sobie ze stresem,\u00a0<\/span><\/li>\n<li style=\"font-weight: 400;\"><span style=\"font-weight: 400;\">pozytywnie wp\u0142ywa na zdrowy sen,\u00a0<\/span><\/li>\n<li style=\"font-weight: 400;\"><span style=\"font-weight: 400;\">wp\u0142ywa korzystnie na dzia\u0142anie hipokampu, kt\u00f3ry jest odpowiedzialny za pami\u0119\u0107.\u00a0<\/span><\/li>\n<\/ul>\n<p style=\"text-align: justify;\"><b>Dodatkowo suplement Bacopa Monnieri Biowen pozytywnie wp\u0142ywa na cia\u0142o!\u00a0<\/b><\/p>\n<ul style=\"text-align: justify;\">\n<li style=\"font-weight: 400;\"><span style=\"font-weight: 400;\">korzystnie dzia\u0142a na kr\u0105\u017cenie krwi, co bezpo\u015brednio jest zwi\u0105zane z dzia\u0142aniem m\u00f3zgu,\u00a0<\/span><\/li>\n<li style=\"font-weight: 400;\"><span style=\"font-weight: 400;\">zawiera mn\u00f3stwo naturalnych antyoksydant\u00f3w, co przek\u0142ada si\u0119 na walk\u0119 z wolnymi rodnikami i ochron\u0119 kom\u00f3rek m\u00f3zgowych,\u00a0<\/span><\/li>\n<li style=\"font-weight: 400;\"><span style=\"font-weight: 400;\">wspiera prawid\u0142owe dzia\u0142anie p\u0119cherzyka \u017c\u00f3\u0142ciowego.\u00a0<\/span><\/li>\n<\/ul>\n<p style=\"text-align: justify;\"><span style=\"font-weight: 400;\">A dzi\u0119ki zawarto\u015bci ekstraktu BioPerine\u00ae dodatkowo wspiera odporno\u015b\u0107, sk\u00f3r\u0119, w\u0105trob\u0119 oraz zapewnia dodatkowe dzia\u0142anie antyoksydacyjne.\u00a0<\/span><\/p>\n<h2 style=\"text-align: justify;\"><strong>Bacopa Monnieri &#8211; skutki uboczne\u00a0<\/strong><\/h2>\n<p style=\"text-align: justify;\"><span style=\"font-weight: 400;\">Adaptogeny maj\u0105 za zadanie wspiera\u0107 nasz organizm i pomaga\u0107 mu si\u0119 dostosowywa\u0107 do panuj\u0105cych warunk\u00f3w. Niew\u0142a\u015bciwe stosowanie mo\u017ce prowadzi\u0107 do powstawania skutk\u00f3w ubocznych. Czego unika\u0107, by si\u0119 na nie narazi\u0107? Przede wszystkim stosowa\u0107 suplement zgodnie z zaleceniami producenta, czyli od jednej do maksymalnie dw\u00f3ch kapsu\u0142ek dziennie, wraz z posi\u0142kiem. Nie nale\u017cy \u0142\u0105czy\u0107 suplementu z lekami, czy podawa\u0107 go kobietom w ci\u0105\u017cy i karmi\u0105cym.\u00a0<\/span><\/p>\n<h2 style=\"text-align: justify;\"><strong>Bacopa Monnieri kapsu\u0142ki &#8211; czy warto?\u00a0<\/strong><\/h2>\n<p style=\"text-align: justify;\"><span style=\"font-weight: 400;\">Je\u015bli szukasz naturalnego sposobu na wsparcie swojego zdrowia psychicznego, koncentracji, pami\u0119ci czy wzmocnienia odporno\u015bci na stres to jak najbardziej warto przyjrze\u0107 si\u0119 suplementowi z Bacopa Monnieri (Brahmi). Adaptogeny to cenione naturalne substancje, kt\u00f3re pozytywnie wp\u0142ywaj\u0105 na nasze samopoczucie, a przy tym w formie wega\u0144skich kapsu\u0142ek s\u0105 bardzo wygodne do stosowania. Korzystaj\u0105c z Bacopa Monnieri marki Biowen masz pewno\u015b\u0107, \u017ce spo\u017cywasz suplement, kt\u00f3ry nie zawiera \u017cadnych sztucznych czy szkodliwych substancji, wype\u0142niaczy, barwnik\u00f3w czy aromat\u00f3w. To wy\u0142\u0105cznie moc p\u0142yn\u0105ca wprost z natury!<\/span><\/p>\n<h2 style=\"text-align: justify;\"><strong>Bacopa Monnieri\u00a0 &#8211; rano czy wieczorem?\u00a0<\/strong><\/h2>\n<p style=\"text-align: justify;\"><span style=\"font-weight: 400;\">Jak wygl\u0105da zalecenie w stosunku do <\/span><b>Bacopa Monnieri? Kiedy bra\u0107<\/b><span style=\"font-weight: 400;\"> ten suplement, by wynie\u015b\u0107 jak najwi\u0119cej pozytyw\u00f3w ze spo\u017cywania tego adaptogenu? Suplement mo\u017ce by\u0107 spo\u017cywany w r\u00f3\u017cnych porach dnia, najlepiej jest jednak, gdy przyjmujemy go wraz z posi\u0142kiem, rano lub po po\u0142udniu.\u00a0<\/span><\/p>\n<p style=\"text-align: justify;\"><a href=\"https:\/\/hempking.eu\/pl\/wp-content\/uploads\/sites\/2\/2022\/05\/bacopa-1.jpg\"><img decoding=\"async\" class=\"alignnone size-full wp-image-97190\" src=\"https:\/\/hempking.eu\/pl\/wp-content\/uploads\/sites\/2\/2022\/05\/bacopa-1.jpg\" alt=\"bacopa monnieri sk\u0142ad\" width=\"815\" height=\"320\" srcset=\"https:\/\/hempking.eu\/pl\/wp-content\/uploads\/sites\/2\/2022\/05\/bacopa-1.jpg 815w, https:\/\/hempking.eu\/pl\/wp-content\/uploads\/sites\/2\/2022\/05\/bacopa-1-768x302.jpg 768w, https:\/\/hempking.eu\/pl\/wp-content\/uploads\/sites\/2\/2022\/05\/bacopa-1-640x251.jpg 640w, https:\/\/hempking.eu\/pl\/wp-content\/uploads\/sites\/2\/2022\/05\/bacopa-1-400x157.jpg 400w\" sizes=\"(max-width: 815px) 100vw, 815px\" \/><\/a><\/p>\n<p style=\"text-align: justify;\"><a href=\"https:\/\/hempking.eu\/pl\/wp-content\/uploads\/sites\/2\/2022\/01\/warunki2.jpg\"><img decoding=\"async\" class=\"alignnone size-full wp-image-85647\" src=\"https:\/\/hempking.eu\/pl\/wp-content\/uploads\/sites\/2\/2022\/01\/warunki2.jpg\" alt=\"warunki przechowywania produkt\u00f3w konopnych HempKing\" width=\"755\" height=\"307\" srcset=\"https:\/\/hempking.eu\/pl\/wp-content\/uploads\/sites\/2\/2022\/01\/warunki2.jpg 755w, https:\/\/hempking.eu\/pl\/wp-content\/uploads\/sites\/2\/2022\/01\/warunki2-640x260.jpg 640w, https:\/\/hempking.eu\/pl\/wp-content\/uploads\/sites\/2\/2022\/01\/warunki2-400x163.jpg 400w, https:\/\/hempking.eu\/pl\/wp-content\/uploads\/sites\/2\/2022\/01\/warunki2-600x244.jpg 600w\" sizes=\"(max-width: 755px) 100vw, 755px\" \/><\/a><\/p>\n<p><a href=\"https:\/\/hempking.eu\/pl\/wp-content\/uploads\/sites\/2\/2020\/07\/warunki4.jpg\"><img decoding=\"async\" class=\"alignnone wp-image-101812 size-full\" src=\"https:\/\/hempking.eu\/pl\/wp-content\/uploads\/sites\/2\/2020\/07\/warunki4.jpg\" alt=\"o\u015bwiadczenia w UE\" width=\"755\" height=\"353\" srcset=\"https:\/\/hempking.eu\/pl\/wp-content\/uploads\/sites\/2\/2020\/07\/warunki4.jpg 755w, https:\/\/hempking.eu\/pl\/wp-content\/uploads\/sites\/2\/2020\/07\/warunki4-640x299.jpg 640w, https:\/\/hempking.eu\/pl\/wp-content\/uploads\/sites\/2\/2020\/07\/warunki4-400x187.jpg 400w\" sizes=\"(max-width: 755px) 100vw, 755px\" \/><\/a><\/p>\n<p><strong>Producent\/ Podmiot odpowiedzialny:<\/strong><\/p>\n<p>Biodio Lab Sp. z o.o.<br \/>\nUl. Choroszcza\u0144ska 24<br \/>\n15-732 Bia\u0142ystok<\/p>\n","protected":false},"excerpt":{"rendered":"<h2><strong>Kr\u00f3tki termin wa\u017cno\u015bci<\/strong><\/h2>\n<h2>Bacopa Monnieri w kapsu\u0142kach:<\/h2>\n<ul>\n<li style=\"font-weight: 400;\"><b>koncentracja <\/b><span style=\"font-weight: 400;\">i <\/span><b>pami\u0119\u0107<\/b><span style=\"font-weight: 400;\">,<\/span><\/li>\n<li style=\"font-weight: 400;\"><span style=\"font-weight: 400;\">prawid\u0142owe <\/span><b>kr\u0105\u017cenia krwi<\/b><span style=\"font-weight: 400;\">, a tym samym dobra <\/span><b>praca m\u00f3zgu<\/b><span style=\"font-weight: 400;\">,<\/span><\/li>\n<li style=\"font-weight: 400;\"><span style=\"font-weight: 400;\">wspiera w <\/span><b>\u0142agodzeniu stresu,\u00a0<\/b><\/li>\n<li><span style=\"font-weight: 400;\">50% Bakozyd\u00f3w,\u00a0<\/span><\/li>\n<li>w\u0142a\u015bciwo\u015bci wzmacnia <span style=\"font-weight: 400;\">BioPerine\u00ae.\u00a0<\/span><\/li>\n<\/ul>\n<p><strong>120 wega\u0144skich kapsu\u0142ek<\/strong><\/p>\n","protected":false},"featured_media":97183,"template":"","meta":{"_acf_changed":false},"product_brand":[],"product_cat":[120],"product_tag":[],"class_list":{"0":"post-105131","1":"product","2":"type-product","3":"status-publish","4":"has-post-thumbnail","6":"product_cat-adaptogeny","8":"first","9":"outofstock","10":"sale","11":"shipping-taxable","12":"purchasable","13":"product-type-simple"},"acf":[],"yoast_head":"<!-- This site is optimized with the Yoast SEO Premium plugin v24.8 (Yoast SEO v27.3) - https:\/\/yoast.com\/product\/yoast-seo-premium-wordpress\/ -->\n<title>Bacopa Monnieri (Bakopa drobnolistna) 120 kapsu\u0142ek Biowen<\/title>\n<meta name=\"description\" content=\"Bacopa Monnieri (Bakopa drobnolistna)120 kapsu\u0142ek Biowen z dodatkiem\" \/>\n<meta name=\"robots\" content=\"index, follow\" \/>\n<link rel=\"canonical\" href=\"https:\/\/hempking.eu\/pl\/bacopa-monnieri-kapsulki-300-mg\/\" \/>\n<meta property=\"og:locale\" content=\"pl_PL\" \/>\n<meta property=\"og:type\" content=\"article\" \/>\n<meta property=\"og:title\" content=\"Bacopa monnieri (Brahmi) 300 mg - 50% bakozyd\u00f3w - kr\u00f3tki termin\" \/>\n<meta property=\"og:description\" content=\"Bacopa Monnieri (Bakopa drobnolistna)120 kapsu\u0142ek Biowen z dodatkiem\" \/>\n<meta property=\"og:url\" content=\"https:\/\/hempking.eu\/pl\/bacopa-monnieri-kapsulki-300-mg\/\" \/>\n<meta property=\"og:site_name\" content=\"Hemp King\" \/>\n<meta property=\"article:publisher\" content=\"https:\/\/www.facebook.com\/hempkingpoland\" \/>\n<meta property=\"article:modified_time\" content=\"2024-09-16T11:51:20+00:00\" \/>\n<meta property=\"og:image\" content=\"https:\/\/hempking.eu\/pl\/wp-content\/uploads\/sites\/2\/2022\/05\/Bacopa.jpg\" \/>\n\t<meta property=\"og:image:width\" content=\"1000\" \/>\n\t<meta property=\"og:image:height\" content=\"1000\" \/>\n\t<meta property=\"og:image:type\" content=\"image\/jpeg\" \/>\n<meta name=\"twitter:card\" content=\"summary_large_image\" \/>\n<meta name=\"twitter:site\" content=\"@hempkingeu\" \/>\n<meta name=\"twitter:label1\" content=\"Cena\" \/>\n\t<meta name=\"twitter:data1\" content=\"33.70&nbsp;&#122;&#322;\" \/>\n\t<meta name=\"twitter:label2\" content=\"Dost\u0119pno\u015b\u0107\" \/>\n\t<meta name=\"twitter:data2\" content=\"Brak w magazynie\" \/>\n<script type=\"application\/ld+json\" class=\"yoast-schema-graph\">{\"@context\":\"https:\\\/\\\/schema.org\",\"@graph\":[{\"@type\":\"WebPage\",\"@id\":\"https:\\\/\\\/hempking.eu\\\/pl\\\/bacopa-monnieri-brahmi-300-mg-50-bakozydow-kapsulki-last-minute\\\/\",\"url\":\"https:\\\/\\\/hempking.eu\\\/pl\\\/bacopa-monnieri-kapsulki-300-mg\\\/\",\"name\":\"Bacopa Monnieri (Bakopa drobnolistna) 120 kapsu\u0142ek Biowen\",\"isPartOf\":{\"@id\":\"https:\\\/\\\/hempking.eu\\\/pl\\\/#website\"},\"primaryImageOfPage\":{\"@id\":\"https:\\\/\\\/hempking.eu\\\/pl\\\/bacopa-monnieri-kapsulki-300-mg\\\/#primaryimage\"},\"image\":{\"@id\":\"https:\\\/\\\/hempking.eu\\\/pl\\\/bacopa-monnieri-kapsulki-300-mg\\\/#primaryimage\"},\"thumbnailUrl\":\"https:\\\/\\\/hempking.eu\\\/pl\\\/wp-content\\\/uploads\\\/sites\\\/2\\\/2022\\\/05\\\/Bacopa.jpg\",\"datePublished\":\"2022-08-19T08:58:39+00:00\",\"dateModified\":\"2024-09-16T11:51:20+00:00\",\"description\":\"Bacopa Monnieri (Bakopa drobnolistna)120 kapsu\u0142ek Biowen z dodatkiem\",\"breadcrumb\":{\"@id\":\"https:\\\/\\\/hempking.eu\\\/pl\\\/bacopa-monnieri-kapsulki-300-mg\\\/#breadcrumb\"},\"inLanguage\":\"pl-PL\",\"potentialAction\":[{\"@type\":\"ReadAction\",\"target\":[\"https:\\\/\\\/hempking.eu\\\/pl\\\/bacopa-monnieri-kapsulki-300-mg\\\/\"]}]},{\"@type\":\"ImageObject\",\"inLanguage\":\"pl-PL\",\"@id\":\"https:\\\/\\\/hempking.eu\\\/pl\\\/bacopa-monnieri-kapsulki-300-mg\\\/#primaryimage\",\"url\":\"https:\\\/\\\/hempking.eu\\\/pl\\\/wp-content\\\/uploads\\\/sites\\\/2\\\/2022\\\/05\\\/Bacopa.jpg\",\"contentUrl\":\"https:\\\/\\\/hempking.eu\\\/pl\\\/wp-content\\\/uploads\\\/sites\\\/2\\\/2022\\\/05\\\/Bacopa.jpg\",\"width\":1000,\"height\":1000,\"caption\":\"bacopa monnieri kapsu\u0142ki wega\u0144skie\"},{\"@type\":\"BreadcrumbList\",\"@id\":\"https:\\\/\\\/hempking.eu\\\/pl\\\/bacopa-monnieri-kapsulki-300-mg\\\/#breadcrumb\",\"itemListElement\":[{\"@type\":\"ListItem\",\"position\":1,\"name\":\"Home\",\"item\":\"https:\\\/\\\/hempking.eu\\\/pl\\\/\"},{\"@type\":\"ListItem\",\"position\":2,\"name\":\"Sklep\",\"item\":\"https:\\\/\\\/hempking.eu\\\/pl\\\/shop\\\/\"},{\"@type\":\"ListItem\",\"position\":3,\"name\":\"Suplementy wed\u0142ug rodzaju\",\"item\":\"https:\\\/\\\/hempking.eu\\\/pl\\\/suplementy-wedlug-rodzaju\\\/\"},{\"@type\":\"ListItem\",\"position\":4,\"name\":\"Adaptogeny\",\"item\":\"https:\\\/\\\/hempking.eu\\\/pl\\\/adaptogeny\\\/\"},{\"@type\":\"ListItem\",\"position\":5,\"name\":\"Bacopa monnieri (Brahmi) 300 mg - 50% bakozyd\u00f3w - kr\u00f3tki termin\"}]},{\"@type\":\"WebSite\",\"@id\":\"https:\\\/\\\/hempking.eu\\\/pl\\\/#website\",\"url\":\"https:\\\/\\\/hempking.eu\\\/pl\\\/\",\"name\":\"Hemp King\",\"description\":\"\",\"publisher\":{\"@id\":\"https:\\\/\\\/hempking.eu\\\/pl\\\/#organization\"},\"potentialAction\":[{\"@type\":\"SearchAction\",\"target\":{\"@type\":\"EntryPoint\",\"urlTemplate\":\"https:\\\/\\\/hempking.eu\\\/pl\\\/?s={search_term_string}\"},\"query-input\":{\"@type\":\"PropertyValueSpecification\",\"valueRequired\":true,\"valueName\":\"search_term_string\"}}],\"inLanguage\":\"pl-PL\"},{\"@type\":\"Organization\",\"@id\":\"https:\\\/\\\/hempking.eu\\\/pl\\\/#organization\",\"name\":\"Hemp King\",\"url\":\"https:\\\/\\\/hempking.eu\\\/pl\\\/\",\"logo\":{\"@type\":\"ImageObject\",\"inLanguage\":\"pl-PL\",\"@id\":\"https:\\\/\\\/hempking.eu\\\/pl\\\/#\\\/schema\\\/logo\\\/image\\\/\",\"url\":\"https:\\\/\\\/hempking.eu\\\/pl\\\/wp-content\\\/uploads\\\/sites\\\/2\\\/2020\\\/05\\\/hempking.png\",\"contentUrl\":\"https:\\\/\\\/hempking.eu\\\/pl\\\/wp-content\\\/uploads\\\/sites\\\/2\\\/2020\\\/05\\\/hempking.png\",\"width\":148,\"height\":91,\"caption\":\"Hemp King\"},\"image\":{\"@id\":\"https:\\\/\\\/hempking.eu\\\/pl\\\/#\\\/schema\\\/logo\\\/image\\\/\"},\"sameAs\":[\"https:\\\/\\\/www.facebook.com\\\/hempkingpoland\",\"https:\\\/\\\/x.com\\\/hempkingeu\",\"https:\\\/\\\/www.instagram.com\\\/hempkingeu\\\/\",\"https:\\\/\\\/www.linkedin.com\\\/company\\\/hempking-eu\\\/mycompany\\\/\",\"https:\\\/\\\/pl.pinterest.com\\\/hempkingeu\\\/\",\"https:\\\/\\\/www.youtube.com\\\/channel\\\/UCUkeZA1fj4hSZfoYm0WpZ7w\"]}]}<\/script>\n<meta property=\"product:price:amount\" content=\"33.70\" \/>\n<meta property=\"product:price:currency\" content=\"PLN\" \/>\n<meta property=\"og:availability\" content=\"out of stock\" \/>\n<meta property=\"product:availability\" content=\"out of stock\" \/>\n<meta property=\"product:retailer_item_id\" content=\"134034\" \/>\n<meta property=\"product:condition\" content=\"new\" \/>\n<!-- \/ Yoast SEO Premium plugin. -->","yoast_head_json":{"title":"Bacopa Monnieri (Bakopa drobnolistna) 120 kapsu\u0142ek Biowen","description":"Bacopa Monnieri (Bakopa drobnolistna)120 kapsu\u0142ek Biowen z dodatkiem","robots":{"index":"index","follow":"follow"},"canonical":"https:\/\/hempking.eu\/pl\/bacopa-monnieri-kapsulki-300-mg\/","og_locale":"pl_PL","og_type":"article","og_title":"Bacopa monnieri (Brahmi) 300 mg - 50% bakozyd\u00f3w - kr\u00f3tki termin","og_description":"Bacopa Monnieri (Bakopa drobnolistna)120 kapsu\u0142ek Biowen z dodatkiem","og_url":"https:\/\/hempking.eu\/pl\/bacopa-monnieri-kapsulki-300-mg\/","og_site_name":"Hemp King","article_publisher":"https:\/\/www.facebook.com\/hempkingpoland","article_modified_time":"2024-09-16T11:51:20+00:00","og_image":[{"width":1000,"height":1000,"url":"https:\/\/hempking.eu\/pl\/wp-content\/uploads\/sites\/2\/2022\/05\/Bacopa.jpg","type":"image\/jpeg"}],"twitter_card":"summary_large_image","twitter_site":"@hempkingeu","twitter_misc":{"Cena":"33.70&nbsp;&#122;&#322;","Dost\u0119pno\u015b\u0107":"Brak w magazynie"},"schema":{"@context":"https:\/\/schema.org","@graph":[{"@type":"WebPage","@id":"https:\/\/hempking.eu\/pl\/bacopa-monnieri-brahmi-300-mg-50-bakozydow-kapsulki-last-minute\/","url":"https:\/\/hempking.eu\/pl\/bacopa-monnieri-kapsulki-300-mg\/","name":"Bacopa Monnieri (Bakopa drobnolistna) 120 kapsu\u0142ek Biowen","isPartOf":{"@id":"https:\/\/hempking.eu\/pl\/#website"},"primaryImageOfPage":{"@id":"https:\/\/hempking.eu\/pl\/bacopa-monnieri-kapsulki-300-mg\/#primaryimage"},"image":{"@id":"https:\/\/hempking.eu\/pl\/bacopa-monnieri-kapsulki-300-mg\/#primaryimage"},"thumbnailUrl":"https:\/\/hempking.eu\/pl\/wp-content\/uploads\/sites\/2\/2022\/05\/Bacopa.jpg","datePublished":"2022-08-19T08:58:39+00:00","dateModified":"2024-09-16T11:51:20+00:00","description":"Bacopa Monnieri (Bakopa drobnolistna)120 kapsu\u0142ek Biowen z dodatkiem","breadcrumb":{"@id":"https:\/\/hempking.eu\/pl\/bacopa-monnieri-kapsulki-300-mg\/#breadcrumb"},"inLanguage":"pl-PL","potentialAction":[{"@type":"ReadAction","target":["https:\/\/hempking.eu\/pl\/bacopa-monnieri-kapsulki-300-mg\/"]}]},{"@type":"ImageObject","inLanguage":"pl-PL","@id":"https:\/\/hempking.eu\/pl\/bacopa-monnieri-kapsulki-300-mg\/#primaryimage","url":"https:\/\/hempking.eu\/pl\/wp-content\/uploads\/sites\/2\/2022\/05\/Bacopa.jpg","contentUrl":"https:\/\/hempking.eu\/pl\/wp-content\/uploads\/sites\/2\/2022\/05\/Bacopa.jpg","width":1000,"height":1000,"caption":"bacopa monnieri kapsu\u0142ki wega\u0144skie"},{"@type":"BreadcrumbList","@id":"https:\/\/hempking.eu\/pl\/bacopa-monnieri-kapsulki-300-mg\/#breadcrumb","itemListElement":[{"@type":"ListItem","position":1,"name":"Home","item":"https:\/\/hempking.eu\/pl\/"},{"@type":"ListItem","position":2,"name":"Sklep","item":"https:\/\/hempking.eu\/pl\/shop\/"},{"@type":"ListItem","position":3,"name":"Suplementy wed\u0142ug rodzaju","item":"https:\/\/hempking.eu\/pl\/suplementy-wedlug-rodzaju\/"},{"@type":"ListItem","position":4,"name":"Adaptogeny","item":"https:\/\/hempking.eu\/pl\/adaptogeny\/"},{"@type":"ListItem","position":5,"name":"Bacopa monnieri (Brahmi) 300 mg - 50% bakozyd\u00f3w - kr\u00f3tki termin"}]},{"@type":"WebSite","@id":"https:\/\/hempking.eu\/pl\/#website","url":"https:\/\/hempking.eu\/pl\/","name":"Hemp King","description":"","publisher":{"@id":"https:\/\/hempking.eu\/pl\/#organization"},"potentialAction":[{"@type":"SearchAction","target":{"@type":"EntryPoint","urlTemplate":"https:\/\/hempking.eu\/pl\/?s={search_term_string}"},"query-input":{"@type":"PropertyValueSpecification","valueRequired":true,"valueName":"search_term_string"}}],"inLanguage":"pl-PL"},{"@type":"Organization","@id":"https:\/\/hempking.eu\/pl\/#organization","name":"Hemp King","url":"https:\/\/hempking.eu\/pl\/","logo":{"@type":"ImageObject","inLanguage":"pl-PL","@id":"https:\/\/hempking.eu\/pl\/#\/schema\/logo\/image\/","url":"https:\/\/hempking.eu\/pl\/wp-content\/uploads\/sites\/2\/2020\/05\/hempking.png","contentUrl":"https:\/\/hempking.eu\/pl\/wp-content\/uploads\/sites\/2\/2020\/05\/hempking.png","width":148,"height":91,"caption":"Hemp King"},"image":{"@id":"https:\/\/hempking.eu\/pl\/#\/schema\/logo\/image\/"},"sameAs":["https:\/\/www.facebook.com\/hempkingpoland","https:\/\/x.com\/hempkingeu","https:\/\/www.instagram.com\/hempkingeu\/","https:\/\/www.linkedin.com\/company\/hempking-eu\/mycompany\/","https:\/\/pl.pinterest.com\/hempkingeu\/","https:\/\/www.youtube.com\/channel\/UCUkeZA1fj4hSZfoYm0WpZ7w"]}]},"product_price_amount":"33.70","product_price_currency":"PLN","og_availability":"out of stock","product_availability":"out of stock","product_retailer_item_id":"134034","product_condition":"new"},"df_price":33.7,"df_sale_price":33.7,"df_regular_price":44.9,"df_image_link":"https:\/\/hempking.eu\/pl\/wp-content\/uploads\/sites\/2\/2022\/05\/Bacopa-300x300.jpg","_links":{"self":[{"href":"https:\/\/hempking.eu\/pl\/wp-json\/wp\/v2\/product\/105131","targetHints":{"allow":["GET"]}}],"collection":[{"href":"https:\/\/hempking.eu\/pl\/wp-json\/wp\/v2\/product"}],"about":[{"href":"https:\/\/hempking.eu\/pl\/wp-json\/wp\/v2\/types\/product"}],"wp:featuredmedia":[{"embeddable":true,"href":"https:\/\/hempking.eu\/pl\/wp-json\/wp\/v2\/media\/97183"}],"wp:attachment":[{"href":"https:\/\/hempking.eu\/pl\/wp-json\/wp\/v2\/media?parent=105131"}],"wp:term":[{"taxonomy":"product_brand","embeddable":true,"href":"https:\/\/hempking.eu\/pl\/wp-json\/wp\/v2\/product_brand?post=105131"},{"taxonomy":"product_cat","embeddable":true,"href":"https:\/\/hempking.eu\/pl\/wp-json\/wp\/v2\/product_cat?post=105131"},{"taxonomy":"product_tag","embeddable":true,"href":"https:\/\/hempking.eu\/pl\/wp-json\/wp\/v2\/product_tag?post=105131"}],"curies":[{"name":"wp","href":"https:\/\/api.w.org\/{rel}","templated":true}]}}