{"id":105132,"date":"2022-08-19T11:01:19","date_gmt":"2022-08-19T09:01:19","guid":{"rendered":"https:\/\/hempking.eu\/pl\/?post_type=product&#038;p=105132"},"modified":"2026-01-28T09:54:02","modified_gmt":"2026-01-28T08:54:02","slug":"rhodiola-rosea-rozeniec-gorski-420-mg-3-salidrozydow-i-1-rozawin-kapsulki-last-minute","status":"publish","type":"product","link":"https:\/\/hempking.eu\/pl\/rhodiola-rosea-rozeniec-gorski-420-mg-3-salidrozydow-i-1-rozawin-kapsulki-last-minute\/","title":{"rendered":"Rhodiola Rosea (R\u00f3\u017ceniec G\u00f3rski) 420 mg - 3% salidrozyd\u00f3w i 1% rozawin - kapsu\u0142ki - kr\u00f3tki termin"},"content":{"rendered":"<h2 style=\"text-align: justify;\"><strong>Rhodiola adaptogen &#8211; sk\u0142adniki<\/strong><\/h2>\n<p style=\"text-align: justify;\"><span style=\"font-weight: 400;\">R\u00f3\u017ceniec g\u00f3rski (Rhodiola roseas) ekstrakt standaryzowany na 1% rozawin i 3% salidrozyd\u00f3w, BioPerine\u00ae ekstrakt z owoc\u00f3w pieprzu czarnego standaryzowany na 95% piperyny, otoczka kapsu\u0142ki: hydroksypropylometyloceluloza.<\/span><\/p>\n<h2 style=\"text-align: justify;\"><strong>Rhodiola suplement diety- dzia\u0142anie\u00a0<\/strong><\/h2>\n<p style=\"text-align: justify;\"><span style=\"font-weight: 400;\">Rhodiola Rosea, czyli R\u00f3\u017ceniec G\u00f3rski, to ceniona ro\u015blina zaliczana do adaptogen\u00f3w. Jego popularno\u015b\u0107 ro\u015bnie zw\u0142aszcza wtedy, kiedy kto\u015b cierpi z powodu przesilenia wiosennego czy zimowego, albo wtedy, gdy nasza kondycja fizyczna i psychiczna wymagaj\u0105 wsparcia w naturalny spos\u00f3b. Czym <\/span><b>Rhodiola, suplement<\/b><span style=\"font-weight: 400;\"> marki Biowen, wyr\u00f3\u017cnia si\u0119 na tle innych tego typu suplement\u00f3w?\u00a0<\/span><\/p>\n<p style=\"text-align: justify;\"><span style=\"font-weight: 400;\">Suplement Biowen, <strong>adaptogen Rhodiola<\/strong>, w\u0142a\u015bciwo\u015bci zawdzi\u0119cza mi\u0119dzy innymi temu, \u017ce jest to suplement standaryzowany na zawarto\u015b\u0107 bardzo cennych sk\u0142adnik\u00f3w, zawartych w R\u00f3\u017ce\u0144cu G\u00f3rskim. Mowa tutaj o 1% rozawin, 3% salidrozyd\u00f3w. Dodatkowo kapsu\u0142ki zawieraj\u0105 nie tylko ro\u015blin\u0119 <\/span><b>Rhodiola, kapsu\u0142ki<\/b><span style=\"font-weight: 400;\">\u00a0maj\u0105 tak\u017ce standaryzowany na 95% piperyny wyj\u0105tkowy ekstrakt z pieprzu czarnego o nazwie BioPerine\u00ae. Dzi\u0119ki temu w\u0142a\u015bciwo\u015bci suplementu s\u0105 wzmocnione, a tak\u017ce dodatkowo wsparte w naturalny spos\u00f3b dodatkowymi korzy\u015bciami.\u00a0<\/span><\/p>\n<h2 style=\"text-align: justify;\"><strong>Rhodiola &#8211; w\u0142a\u015bciwo\u015bci<\/strong><\/h2>\n<p style=\"text-align: justify;\"><span style=\"font-weight: 400;\">Poznaj bli\u017cej suplement <\/span><b>Rhodiola, w\u0142a\u015bciwo\u015bci<\/b><span style=\"font-weight: 400;\"> i dzia\u0142anie!\u00a0<\/span><\/p>\n<ul style=\"text-align: justify;\">\n<li style=\"font-weight: 400;\"><span style=\"font-weight: 400;\">wspiera od\u017cywienie i natlenienie kom\u00f3rek oraz tkanek, dzi\u0119ki wspieraniu normalnych funkcji uk\u0142adu krwiono\u015bnego,\u00a0<\/span><\/li>\n<li style=\"font-weight: 400;\"><span style=\"font-weight: 400;\">normalizuje i wspiera dzia\u0142anie uk\u0142adu trawiennego oraz dba o jego zdrowie,\u00a0<\/span><\/li>\n<li style=\"font-weight: 400;\"><span style=\"font-weight: 400;\">wzmacnia si\u0142\u0119 oraz dobr\u0105 kondycj\u0119 naszego cia\u0142a,\u00a0<\/span><\/li>\n<li style=\"font-weight: 400;\"><span style=\"font-weight: 400;\">dzi\u0119ki antyoksydantom, chroni kom\u00f3rki organizmu,\u00a0<\/span><\/li>\n<li style=\"font-weight: 400;\"><span style=\"font-weight: 400;\">chroni organizm podczas wyczerpuj\u0105cego stresu,\u00a0<\/span><\/li>\n<li style=\"font-weight: 400;\"><span style=\"font-weight: 400;\">pomaga adaptowa\u0107 si\u0119 nam do panuj\u0105cych stresuj\u0105cych warunk\u00f3w, by lepiej sobie z nimi radzi\u0107,\u00a0<\/span><\/li>\n<li style=\"font-weight: 400;\"><span style=\"font-weight: 400;\">korzystnie stymuluje uk\u0142ad nerwowy,\u00a0<\/span><\/li>\n<li style=\"font-weight: 400;\"><span style=\"font-weight: 400;\">ma dobry wp\u0142yw na samopoczucie, gdy z powodu stresu i zm\u0119czenia boli nas g\u0142owa,\u00a0<\/span><\/li>\n<li style=\"font-weight: 400;\"><span style=\"font-weight: 400;\">wspiera dobry sen oraz pomaga walczy\u0107 ze s\u0142abym apetytem,\u00a0<\/span><\/li>\n<li style=\"font-weight: 400;\"><span style=\"font-weight: 400;\">jest \u015bwietnym wsparciem, gdy mamy problem z produktywno\u015bci\u0105 w pracy,\u00a0<\/span><\/li>\n<li style=\"font-weight: 400;\"><span style=\"font-weight: 400;\">wspiera samopoczucie psychiczne,\u00a0<\/span><\/li>\n<li style=\"font-weight: 400;\"><span style=\"font-weight: 400;\">ma korzystny wp\u0142yw na potencj\u0119,\u00a0<\/span><\/li>\n<li style=\"font-weight: 400;\"><span style=\"font-weight: 400;\">chroni uk\u0142ad kr\u0105\u017cenia, poniewa\u017c pomaga radzi\u0107 sobie ze stresem w zdrowy spos\u00f3b.\u00a0<\/span><\/li>\n<\/ul>\n<p style=\"text-align: justify;\"><b>Rhodiola, kapsu\u0142ki <\/b><span style=\"font-weight: 400;\">Biowen, to co\u015b wi\u0119cej, ni\u017c tylko R\u00f3\u017ceniec G\u00f3rski. <\/span><b>Rhodiola suplement<\/b><span style=\"font-weight: 400;\"> diety, to tak\u017ce ekstrakt BioPerine\u00ae, kt\u00f3ry wzmacnia powy\u017csze korzy\u015bci ze stosowania tego adaptogenu, ale tak\u017ce dodaje kolejnych do ju\u017c d\u0142ugiej listy sposob\u00f3w na wsparcie organizmu w naturalny spos\u00f3b. Dzi\u0119ki pieprzowi czarnemu, dba tak\u017ce o sk\u00f3r\u0119 i w\u0142osy, uk\u0142ad odporno\u015bciowy, w\u0105trob\u0119 czy te\u017c dodaje do naszej diety tak wa\u017cnych przeciwutleniaczy!<\/span><\/p>\n<h2 style=\"text-align: justify;\"><strong>Rhodiola &#8211; Zalecana porcja do spo\u017cycia w ci\u0105gu dnia<\/strong><\/h2>\n<p style=\"text-align: justify;\"><span style=\"font-weight: 400;\">To, jak nale\u017cy stosowa\u0107 adaptogen Rhodiol\u0119, zale\u017cy od stopnia standaryzacji oraz produktu, jaki mamy. W przypadku suplementu Rhodiola Rosea marki Biowen, zaleca si\u0119 spo\u017cywa\u0107 1 kapsu\u0142k\u0119 dziennie, wraz z posi\u0142kiem.\u00a0<\/span><\/p>\n<h2 style=\"text-align: justify;\"><strong>Rhodiola &#8211; przeciwwskazania\u00a0<\/strong><\/h2>\n<p style=\"text-align: justify;\"><span style=\"font-weight: 400;\">Rhodiola Rosea adaptogen Biowen, tak jak ka\u017cdy inny suplement czy produkt, mo\u017ce mie\u0107 pewne przeciwwskazania do stosowania. Przede wszystkim nie zaleca si\u0119, by jakiekolwiek suplementy \u0142\u0105czy\u0107 z lekami, bez wiedzy i zgody lekarza prowadz\u0105cego. Wa\u017cne jest r\u00f3wnie\u017c to, by kobiety w ci\u0105\u017cy oraz karmi\u0105ce bez konsultacji lekarskiej nie przyjmowa\u0142y preparat\u00f3w i suplement\u00f3w z R\u00f3\u017ce\u0144cem G\u00f3rskim.<\/span><\/p>\n<p><img decoding=\"async\" class=\"alignnone size-full wp-image-327971\" src=\"https:\/\/hempking.eu\/pl\/wp-content\/uploads\/sites\/2\/2022\/08\/Rhodiola_Rosea_tabelka.jpg\" alt=\"\" width=\"650\" height=\"292\" srcset=\"https:\/\/hempking.eu\/pl\/wp-content\/uploads\/sites\/2\/2022\/08\/Rhodiola_Rosea_tabelka.jpg 650w, https:\/\/hempking.eu\/pl\/wp-content\/uploads\/sites\/2\/2022\/08\/Rhodiola_Rosea_tabelka-640x288.jpg 640w, https:\/\/hempking.eu\/pl\/wp-content\/uploads\/sites\/2\/2022\/08\/Rhodiola_Rosea_tabelka-400x180.jpg 400w\" sizes=\"(max-width: 650px) 100vw, 650px\" \/><\/p>\n<p style=\"text-align: justify;\"><a href=\"https:\/\/hempking.eu\/pl\/wp-content\/uploads\/sites\/2\/2022\/01\/warunki2.jpg\"><img decoding=\"async\" class=\"alignnone size-full wp-image-85647\" src=\"https:\/\/hempking.eu\/pl\/wp-content\/uploads\/sites\/2\/2022\/01\/warunki2.jpg\" alt=\"warunki przechowywania produkt\u00f3w konopnych HempKing\" width=\"755\" height=\"307\" srcset=\"https:\/\/hempking.eu\/pl\/wp-content\/uploads\/sites\/2\/2022\/01\/warunki2.jpg 755w, https:\/\/hempking.eu\/pl\/wp-content\/uploads\/sites\/2\/2022\/01\/warunki2-640x260.jpg 640w, https:\/\/hempking.eu\/pl\/wp-content\/uploads\/sites\/2\/2022\/01\/warunki2-400x163.jpg 400w, https:\/\/hempking.eu\/pl\/wp-content\/uploads\/sites\/2\/2022\/01\/warunki2-600x244.jpg 600w\" sizes=\"(max-width: 755px) 100vw, 755px\" \/><\/a><\/p>\n<p><a href=\"https:\/\/hempking.eu\/pl\/wp-content\/uploads\/sites\/2\/2020\/07\/warunki4.jpg\"><img decoding=\"async\" class=\"alignnone wp-image-101812 size-full\" src=\"https:\/\/hempking.eu\/pl\/wp-content\/uploads\/sites\/2\/2020\/07\/warunki4.jpg\" alt=\"o\u015bwiadczenia w UE\" width=\"755\" height=\"353\" srcset=\"https:\/\/hempking.eu\/pl\/wp-content\/uploads\/sites\/2\/2020\/07\/warunki4.jpg 755w, https:\/\/hempking.eu\/pl\/wp-content\/uploads\/sites\/2\/2020\/07\/warunki4-640x299.jpg 640w, https:\/\/hempking.eu\/pl\/wp-content\/uploads\/sites\/2\/2020\/07\/warunki4-400x187.jpg 400w\" sizes=\"(max-width: 755px) 100vw, 755px\" \/><\/a><\/p>\n<p><strong>Producent\/ Podmiot odpowiedzialny:<\/strong><\/p>\n<p>Biodio Lab Sp. z o.o.<br \/>\nUl. Choroszcza\u0144ska 24<br \/>\n15-732 Bia\u0142ystok<\/p>\n","protected":false},"excerpt":{"rendered":"<h2><strong>Kr\u00f3tki termin wa\u017cno\u015bci<\/strong><\/h2>\n<h2>R\u00f3\u017ceniec G\u00f3rski:<\/h2>\n<ul>\n<li><strong>wspiera uk\u0142ad nerwowy,<\/strong><\/li>\n<li><strong>zmniejsza zm\u0119czenie i b\u00f3le g\u0142owy<\/strong> wywo\u0142ane stresem,<\/li>\n<li><strong>pomaga na problemy ze snem<\/strong>, brak apetytu, spadek wydajno\u015bci pracy,<\/li>\n<li><span style=\"font-weight: 400;\">1% rozawin i 3% salidrozyd\u00f3w, <\/span><\/li>\n<li><span style=\"font-weight: 400;\">BioPerine\u00ae &#8211; wzmocniony ekstraktem z pieprzu czarnego.<\/span><\/li>\n<\/ul>\n<p><strong>60 wega\u0144skich kapsu\u0142ek<\/strong><\/p>\n","protected":false},"featured_media":327972,"template":"","meta":{"_acf_changed":false},"product_brand":[],"product_cat":[454,446,447,448,450,451,452],"product_tag":[],"class_list":{"0":"post-105132","1":"product","2":"type-product","3":"status-publish","4":"has-post-thumbnail","6":"product_cat-narzady-zmyslow","7":"product_cat-suplementy-na-uklad-krazenia","8":"product_cat-suplementy-na-uklad-limfatyczny","9":"product_cat-suplementy-na-uklad-nerwowy","10":"product_cat-suplementy-na-uklad-odpornosciowy","11":"product_cat-suplementy-na-uklad-plciowy","12":"product_cat-suplementy-na-uklad-pokarmowy","14":"first","15":"outofstock","16":"sale","17":"shipping-taxable","18":"purchasable","19":"product-type-simple"},"acf":[],"yoast_head":"<!-- This site is optimized with the Yoast SEO Premium plugin v24.8 (Yoast SEO v27.3) - https:\/\/yoast.com\/product\/yoast-seo-premium-wordpress\/ -->\n<title>Rhodiola Rosea kapsu\u0142ki 60 szt. 420 mg Biowen | Adaptogeny - HempKing<\/title>\n<meta name=\"description\" content=\"Rhodiola Rosea kapsu\u0142ki 60 szt. Rhodiola to suplement diet z dodatkiem BioPerine\u00ae pomagaj\u0105cy panowa\u0107 nad stresem. Kup teraz !\" \/>\n<meta name=\"robots\" content=\"index, follow\" \/>\n<link rel=\"canonical\" href=\"https:\/\/hempking.eu\/pl\/rhodiola-rosea-kapsulki-420-mg\/\" \/>\n<meta property=\"og:locale\" content=\"pl_PL\" \/>\n<meta property=\"og:type\" content=\"article\" \/>\n<meta property=\"og:title\" content=\"Rhodiola Rosea (R\u00f3\u017ceniec G\u00f3rski) 420 mg - 3% salidrozyd\u00f3w i 1% rozawin - kapsu\u0142ki - kr\u00f3tki termin\" \/>\n<meta property=\"og:description\" content=\"Rhodiola Rosea kapsu\u0142ki 60 szt. Rhodiola to suplement diet z dodatkiem BioPerine\u00ae pomagaj\u0105cy panowa\u0107 nad stresem. Kup teraz !\" \/>\n<meta property=\"og:url\" content=\"https:\/\/hempking.eu\/pl\/rhodiola-rosea-kapsulki-420-mg\/\" \/>\n<meta property=\"og:site_name\" content=\"Hemp King\" \/>\n<meta property=\"article:publisher\" content=\"https:\/\/www.facebook.com\/hempkingpoland\" \/>\n<meta property=\"article:modified_time\" content=\"2026-01-28T08:54:02+00:00\" \/>\n<meta property=\"og:image\" content=\"https:\/\/hempking.eu\/pl\/wp-content\/uploads\/sites\/2\/2022\/08\/Rhodiola_Rosea_Hempking.jpg\" \/>\n\t<meta property=\"og:image:width\" content=\"1000\" \/>\n\t<meta property=\"og:image:height\" content=\"1000\" \/>\n\t<meta property=\"og:image:type\" content=\"image\/jpeg\" \/>\n<meta name=\"twitter:card\" content=\"summary_large_image\" \/>\n<meta name=\"twitter:site\" content=\"@hempkingeu\" \/>\n<meta name=\"twitter:label1\" content=\"Cena\" \/>\n\t<meta name=\"twitter:data1\" content=\"37.40&nbsp;&#122;&#322;\" \/>\n\t<meta name=\"twitter:label2\" content=\"Dost\u0119pno\u015b\u0107\" \/>\n\t<meta name=\"twitter:data2\" content=\"Brak w magazynie\" \/>\n<script type=\"application\/ld+json\" class=\"yoast-schema-graph\">{\"@context\":\"https:\\\/\\\/schema.org\",\"@graph\":[{\"@type\":\"WebPage\",\"@id\":\"https:\\\/\\\/hempking.eu\\\/pl\\\/rhodiola-rosea-rozeniec-gorski-420-mg-3-salidrozydow-i-1-rozawin-kapsulki-last-minute\\\/\",\"url\":\"https:\\\/\\\/hempking.eu\\\/pl\\\/rhodiola-rosea-kapsulki-420-mg\\\/\",\"name\":\"Rhodiola Rosea kapsu\u0142ki 60 szt. 420 mg Biowen | Adaptogeny - HempKing\",\"isPartOf\":{\"@id\":\"https:\\\/\\\/hempking.eu\\\/pl\\\/#website\"},\"primaryImageOfPage\":{\"@id\":\"https:\\\/\\\/hempking.eu\\\/pl\\\/rhodiola-rosea-kapsulki-420-mg\\\/#primaryimage\"},\"image\":{\"@id\":\"https:\\\/\\\/hempking.eu\\\/pl\\\/rhodiola-rosea-kapsulki-420-mg\\\/#primaryimage\"},\"thumbnailUrl\":\"https:\\\/\\\/hempking.eu\\\/pl\\\/wp-content\\\/uploads\\\/sites\\\/2\\\/2022\\\/08\\\/Rhodiola_Rosea_Hempking.jpg\",\"datePublished\":\"2022-08-19T09:01:19+00:00\",\"dateModified\":\"2026-01-28T08:54:02+00:00\",\"description\":\"Rhodiola Rosea kapsu\u0142ki 60 szt. Rhodiola to suplement diet z dodatkiem BioPerine\u00ae pomagaj\u0105cy panowa\u0107 nad stresem. Kup teraz !\",\"breadcrumb\":{\"@id\":\"https:\\\/\\\/hempking.eu\\\/pl\\\/rhodiola-rosea-kapsulki-420-mg\\\/#breadcrumb\"},\"inLanguage\":\"pl-PL\",\"potentialAction\":[{\"@type\":\"ReadAction\",\"target\":[\"https:\\\/\\\/hempking.eu\\\/pl\\\/rhodiola-rosea-kapsulki-420-mg\\\/\"]}]},{\"@type\":\"ImageObject\",\"inLanguage\":\"pl-PL\",\"@id\":\"https:\\\/\\\/hempking.eu\\\/pl\\\/rhodiola-rosea-kapsulki-420-mg\\\/#primaryimage\",\"url\":\"https:\\\/\\\/hempking.eu\\\/pl\\\/wp-content\\\/uploads\\\/sites\\\/2\\\/2022\\\/08\\\/Rhodiola_Rosea_Hempking.jpg\",\"contentUrl\":\"https:\\\/\\\/hempking.eu\\\/pl\\\/wp-content\\\/uploads\\\/sites\\\/2\\\/2022\\\/08\\\/Rhodiola_Rosea_Hempking.jpg\",\"width\":1000,\"height\":1000},{\"@type\":\"BreadcrumbList\",\"@id\":\"https:\\\/\\\/hempking.eu\\\/pl\\\/rhodiola-rosea-kapsulki-420-mg\\\/#breadcrumb\",\"itemListElement\":[{\"@type\":\"ListItem\",\"position\":1,\"name\":\"Home\",\"item\":\"https:\\\/\\\/hempking.eu\\\/pl\\\/\"},{\"@type\":\"ListItem\",\"position\":2,\"name\":\"Sklep\",\"item\":\"https:\\\/\\\/hempking.eu\\\/pl\\\/shop\\\/\"},{\"@type\":\"ListItem\",\"position\":3,\"name\":\"\ud83e\uddec Suplementy wed\u0142ug uk\u0142adu\",\"item\":\"https:\\\/\\\/hempking.eu\\\/pl\\\/suplementy\\\/\"},{\"@type\":\"ListItem\",\"position\":4,\"name\":\"Narz\u0105dy zmys\u0142\u00f3w\",\"item\":\"https:\\\/\\\/hempking.eu\\\/pl\\\/narzady-zmyslow\\\/\"},{\"@type\":\"ListItem\",\"position\":5,\"name\":\"Rhodiola Rosea (R\u00f3\u017ceniec G\u00f3rski) 420 mg - 3% salidrozyd\u00f3w i 1% rozawin - kapsu\u0142ki - kr\u00f3tki termin\"}]},{\"@type\":\"WebSite\",\"@id\":\"https:\\\/\\\/hempking.eu\\\/pl\\\/#website\",\"url\":\"https:\\\/\\\/hempking.eu\\\/pl\\\/\",\"name\":\"Hemp King\",\"description\":\"\",\"publisher\":{\"@id\":\"https:\\\/\\\/hempking.eu\\\/pl\\\/#organization\"},\"potentialAction\":[{\"@type\":\"SearchAction\",\"target\":{\"@type\":\"EntryPoint\",\"urlTemplate\":\"https:\\\/\\\/hempking.eu\\\/pl\\\/?s={search_term_string}\"},\"query-input\":{\"@type\":\"PropertyValueSpecification\",\"valueRequired\":true,\"valueName\":\"search_term_string\"}}],\"inLanguage\":\"pl-PL\"},{\"@type\":\"Organization\",\"@id\":\"https:\\\/\\\/hempking.eu\\\/pl\\\/#organization\",\"name\":\"Hemp King\",\"url\":\"https:\\\/\\\/hempking.eu\\\/pl\\\/\",\"logo\":{\"@type\":\"ImageObject\",\"inLanguage\":\"pl-PL\",\"@id\":\"https:\\\/\\\/hempking.eu\\\/pl\\\/#\\\/schema\\\/logo\\\/image\\\/\",\"url\":\"https:\\\/\\\/hempking.eu\\\/pl\\\/wp-content\\\/uploads\\\/sites\\\/2\\\/2020\\\/05\\\/hempking.png\",\"contentUrl\":\"https:\\\/\\\/hempking.eu\\\/pl\\\/wp-content\\\/uploads\\\/sites\\\/2\\\/2020\\\/05\\\/hempking.png\",\"width\":148,\"height\":91,\"caption\":\"Hemp King\"},\"image\":{\"@id\":\"https:\\\/\\\/hempking.eu\\\/pl\\\/#\\\/schema\\\/logo\\\/image\\\/\"},\"sameAs\":[\"https:\\\/\\\/www.facebook.com\\\/hempkingpoland\",\"https:\\\/\\\/x.com\\\/hempkingeu\",\"https:\\\/\\\/www.instagram.com\\\/hempkingeu\\\/\",\"https:\\\/\\\/www.linkedin.com\\\/company\\\/hempking-eu\\\/mycompany\\\/\",\"https:\\\/\\\/pl.pinterest.com\\\/hempkingeu\\\/\",\"https:\\\/\\\/www.youtube.com\\\/channel\\\/UCUkeZA1fj4hSZfoYm0WpZ7w\"]}]}<\/script>\n<meta property=\"product:price:amount\" content=\"37.40\" \/>\n<meta property=\"product:price:currency\" content=\"PLN\" \/>\n<meta property=\"og:availability\" content=\"out of stock\" \/>\n<meta property=\"product:availability\" content=\"out of stock\" \/>\n<meta property=\"product:condition\" content=\"new\" \/>\n<!-- \/ Yoast SEO Premium plugin. -->","yoast_head_json":{"title":"Rhodiola Rosea kapsu\u0142ki 60 szt. 420 mg Biowen | Adaptogeny - HempKing","description":"Rhodiola Rosea kapsu\u0142ki 60 szt. Rhodiola to suplement diet z dodatkiem BioPerine\u00ae pomagaj\u0105cy panowa\u0107 nad stresem. Kup teraz !","robots":{"index":"index","follow":"follow"},"canonical":"https:\/\/hempking.eu\/pl\/rhodiola-rosea-kapsulki-420-mg\/","og_locale":"pl_PL","og_type":"article","og_title":"Rhodiola Rosea (R\u00f3\u017ceniec G\u00f3rski) 420 mg - 3% salidrozyd\u00f3w i 1% rozawin - kapsu\u0142ki - kr\u00f3tki termin","og_description":"Rhodiola Rosea kapsu\u0142ki 60 szt. Rhodiola to suplement diet z dodatkiem BioPerine\u00ae pomagaj\u0105cy panowa\u0107 nad stresem. Kup teraz !","og_url":"https:\/\/hempking.eu\/pl\/rhodiola-rosea-kapsulki-420-mg\/","og_site_name":"Hemp King","article_publisher":"https:\/\/www.facebook.com\/hempkingpoland","article_modified_time":"2026-01-28T08:54:02+00:00","og_image":[{"width":1000,"height":1000,"url":"https:\/\/hempking.eu\/pl\/wp-content\/uploads\/sites\/2\/2022\/08\/Rhodiola_Rosea_Hempking.jpg","type":"image\/jpeg"}],"twitter_card":"summary_large_image","twitter_site":"@hempkingeu","twitter_misc":{"Cena":"37.40&nbsp;&#122;&#322;","Dost\u0119pno\u015b\u0107":"Brak w magazynie"},"schema":{"@context":"https:\/\/schema.org","@graph":[{"@type":"WebPage","@id":"https:\/\/hempking.eu\/pl\/rhodiola-rosea-rozeniec-gorski-420-mg-3-salidrozydow-i-1-rozawin-kapsulki-last-minute\/","url":"https:\/\/hempking.eu\/pl\/rhodiola-rosea-kapsulki-420-mg\/","name":"Rhodiola Rosea kapsu\u0142ki 60 szt. 420 mg Biowen | Adaptogeny - HempKing","isPartOf":{"@id":"https:\/\/hempking.eu\/pl\/#website"},"primaryImageOfPage":{"@id":"https:\/\/hempking.eu\/pl\/rhodiola-rosea-kapsulki-420-mg\/#primaryimage"},"image":{"@id":"https:\/\/hempking.eu\/pl\/rhodiola-rosea-kapsulki-420-mg\/#primaryimage"},"thumbnailUrl":"https:\/\/hempking.eu\/pl\/wp-content\/uploads\/sites\/2\/2022\/08\/Rhodiola_Rosea_Hempking.jpg","datePublished":"2022-08-19T09:01:19+00:00","dateModified":"2026-01-28T08:54:02+00:00","description":"Rhodiola Rosea kapsu\u0142ki 60 szt. Rhodiola to suplement diet z dodatkiem BioPerine\u00ae pomagaj\u0105cy panowa\u0107 nad stresem. Kup teraz !","breadcrumb":{"@id":"https:\/\/hempking.eu\/pl\/rhodiola-rosea-kapsulki-420-mg\/#breadcrumb"},"inLanguage":"pl-PL","potentialAction":[{"@type":"ReadAction","target":["https:\/\/hempking.eu\/pl\/rhodiola-rosea-kapsulki-420-mg\/"]}]},{"@type":"ImageObject","inLanguage":"pl-PL","@id":"https:\/\/hempking.eu\/pl\/rhodiola-rosea-kapsulki-420-mg\/#primaryimage","url":"https:\/\/hempking.eu\/pl\/wp-content\/uploads\/sites\/2\/2022\/08\/Rhodiola_Rosea_Hempking.jpg","contentUrl":"https:\/\/hempking.eu\/pl\/wp-content\/uploads\/sites\/2\/2022\/08\/Rhodiola_Rosea_Hempking.jpg","width":1000,"height":1000},{"@type":"BreadcrumbList","@id":"https:\/\/hempking.eu\/pl\/rhodiola-rosea-kapsulki-420-mg\/#breadcrumb","itemListElement":[{"@type":"ListItem","position":1,"name":"Home","item":"https:\/\/hempking.eu\/pl\/"},{"@type":"ListItem","position":2,"name":"Sklep","item":"https:\/\/hempking.eu\/pl\/shop\/"},{"@type":"ListItem","position":3,"name":"\ud83e\uddec Suplementy wed\u0142ug uk\u0142adu","item":"https:\/\/hempking.eu\/pl\/suplementy\/"},{"@type":"ListItem","position":4,"name":"Narz\u0105dy zmys\u0142\u00f3w","item":"https:\/\/hempking.eu\/pl\/narzady-zmyslow\/"},{"@type":"ListItem","position":5,"name":"Rhodiola Rosea (R\u00f3\u017ceniec G\u00f3rski) 420 mg - 3% salidrozyd\u00f3w i 1% rozawin - kapsu\u0142ki - kr\u00f3tki termin"}]},{"@type":"WebSite","@id":"https:\/\/hempking.eu\/pl\/#website","url":"https:\/\/hempking.eu\/pl\/","name":"Hemp King","description":"","publisher":{"@id":"https:\/\/hempking.eu\/pl\/#organization"},"potentialAction":[{"@type":"SearchAction","target":{"@type":"EntryPoint","urlTemplate":"https:\/\/hempking.eu\/pl\/?s={search_term_string}"},"query-input":{"@type":"PropertyValueSpecification","valueRequired":true,"valueName":"search_term_string"}}],"inLanguage":"pl-PL"},{"@type":"Organization","@id":"https:\/\/hempking.eu\/pl\/#organization","name":"Hemp King","url":"https:\/\/hempking.eu\/pl\/","logo":{"@type":"ImageObject","inLanguage":"pl-PL","@id":"https:\/\/hempking.eu\/pl\/#\/schema\/logo\/image\/","url":"https:\/\/hempking.eu\/pl\/wp-content\/uploads\/sites\/2\/2020\/05\/hempking.png","contentUrl":"https:\/\/hempking.eu\/pl\/wp-content\/uploads\/sites\/2\/2020\/05\/hempking.png","width":148,"height":91,"caption":"Hemp King"},"image":{"@id":"https:\/\/hempking.eu\/pl\/#\/schema\/logo\/image\/"},"sameAs":["https:\/\/www.facebook.com\/hempkingpoland","https:\/\/x.com\/hempkingeu","https:\/\/www.instagram.com\/hempkingeu\/","https:\/\/www.linkedin.com\/company\/hempking-eu\/mycompany\/","https:\/\/pl.pinterest.com\/hempkingeu\/","https:\/\/www.youtube.com\/channel\/UCUkeZA1fj4hSZfoYm0WpZ7w"]}]},"product_price_amount":"37.40","product_price_currency":"PLN","og_availability":"out of stock","product_availability":"out of stock","product_condition":"new"},"df_price":37.4,"df_sale_price":37.4,"df_regular_price":49.9,"df_image_link":"https:\/\/hempking.eu\/pl\/wp-content\/uploads\/sites\/2\/2022\/08\/Rhodiola_Rosea_Hempking-300x300.jpg","_links":{"self":[{"href":"https:\/\/hempking.eu\/pl\/wp-json\/wp\/v2\/product\/105132","targetHints":{"allow":["GET"]}}],"collection":[{"href":"https:\/\/hempking.eu\/pl\/wp-json\/wp\/v2\/product"}],"about":[{"href":"https:\/\/hempking.eu\/pl\/wp-json\/wp\/v2\/types\/product"}],"wp:featuredmedia":[{"embeddable":true,"href":"https:\/\/hempking.eu\/pl\/wp-json\/wp\/v2\/media\/327972"}],"wp:attachment":[{"href":"https:\/\/hempking.eu\/pl\/wp-json\/wp\/v2\/media?parent=105132"}],"wp:term":[{"taxonomy":"product_brand","embeddable":true,"href":"https:\/\/hempking.eu\/pl\/wp-json\/wp\/v2\/product_brand?post=105132"},{"taxonomy":"product_cat","embeddable":true,"href":"https:\/\/hempking.eu\/pl\/wp-json\/wp\/v2\/product_cat?post=105132"},{"taxonomy":"product_tag","embeddable":true,"href":"https:\/\/hempking.eu\/pl\/wp-json\/wp\/v2\/product_tag?post=105132"}],"curies":[{"name":"wp","href":"https:\/\/api.w.org\/{rel}","templated":true}]}}