{"id":115773,"date":"2022-12-01T08:43:34","date_gmt":"2022-12-01T07:43:34","guid":{"rendered":"https:\/\/hempking.eu\/pl\/?post_type=product&#038;p=115773"},"modified":"2026-04-15T14:50:44","modified_gmt":"2026-04-15T12:50:44","slug":"zestaw-na-problemy-ze-stawami","status":"publish","type":"product","link":"https:\/\/hempking.eu\/pl\/zestaw-na-problemy-ze-stawami\/","title":{"rendered":"Zestaw na problemy ze stawami"},"content":{"rendered":"<p><span style=\"font-weight: 400;\">Jeste\u015b osob\u0105 aktywn\u0105, kt\u00f3ra du\u017co si\u0119 rusza, uprawia sport? A mo\u017ce pracujesz fizycznie i Tw\u00f3j organizm jest wystawiony na trudne warunki w pracy? Cz\u0119sto odczuwasz r\u00f3\u017cnego rodzaju b\u00f3le staw\u00f3w, a przy tym na koniec dnia dopada Ci\u0119 du\u017ce zm\u0119czenie? Postaw na nasz zestaw, kt\u00f3ry wesprze Twoje stawy! Zestaw sk\u0142ada si\u0119 z ma\u015bci Stawocare, opartej na naturalnych sk\u0142adnikach maj\u0105cych wesprze\u0107 Twoje stawy od zewn\u0105trz! Oraz z wysokiej jako\u015bci standaryzowanych grzyb\u00f3w witalnych w kapsu\u0142kach &#8211; Lion\u2019s Mane, kt\u00f3re s\u0105 bardzo cenione w tradycyjnej medycynie chi\u0144skiej oraz kuchni azjatyckiej &#8211; tam stosowane s\u0105 jako \u201cwege mi\u0119so\u201d dzi\u0119ki du\u017cej zawarto\u015bci bardzo cennych sk\u0142adnik\u00f3w dla naszego organizmu!\u00a0<\/span><\/p>\n<p><span style=\"font-weight: 400;\">Dodaj sobie energii i pozb\u0105d\u017a si\u0119 zm\u0119czonych staw\u00f3w z tym zestawem!\u00a0<\/span><\/p>\n<h2><span style=\"font-weight: 400;\">Lion&#8217;s mane &#8211; naturalne wsparcie<\/span><\/h2>\n<p><span style=\"font-weight: 400;\">Lions\u2019 mane, czyli sopl\u00f3wka je\u017cowata, to tzw. grzyb witalny. Jest niezwykle ceniony w tradycyjnej medycynie chi\u0144skiej, w kt\u00f3rej przypisuje si\u0119 mu szerokie spektrum dzia\u0142ania na wiele uk\u0142ad\u00f3w w ludzkim ciele. W przypadku grzyb\u00f3w witalnych Lion\u2019s Mane marki Biowen masz pewno\u015b\u0107, \u017ce wybierasz warto\u015bciowy produkt. Jest standaryzowany na 40% polisacharyd\u00f3w i 30% beta glukan\u00f3w [DER 25:1]. Zawiera r\u00f3wnie\u017c dodatkowo ekstrakt z pieprzu czarnego, kt\u00f3ry wzmacnia dzia\u0142anie tego grzyba! S\u0142oik wystarcza na 3 miesi\u0105ce stosowania &#8211; jest bardzo wydajny!<\/span><\/p>\n<div class=\"porto-products wpb_content_element\"><div class=\"woocommerce \"><ul class=\"products products-container list has-ccols has-ccols-spacing ccols-xl-1 ccols-lg-1 ccols-md-1 ccols-sm-1 ccols-2 pwidth-lg-1 pwidth-md-1 pwidth-xs-1 pwidth-ls-1 is-shortcode\"\n\t data-cur_page=\"1\" data-max_page=\"1\" data-product_layout=\"product-\" role=\"none\">\n\n<li role=\"none\" class=\"product-col product type-product post-100232 status-publish first instock product_cat-biowen product_cat-grzyby-witalne product_cat-marki product_cat-narzady-zmyslow product_cat-suplementy-na-uklad-nerwowy product_cat-suplementy-na-uklad-odpornosciowy product_cat-suplementy-wedlug-rodzaju has-post-thumbnail shipping-taxable purchasable product-type-simple\">\n<div class=\"product-inner\">\n\t\n\t<div class=\"product-image\">\n\n\t\t<a  href=\"https:\/\/hempking.eu\/pl\/lions-mane-400-mg-40-polisacharydow-30-beta-glukanow-kapsulki\/\" aria-label=\"Go to product page\">\n\t\t\t<div class=\"inner\"><img decoding=\"async\" width=\"600\" height=\"600\" src=\"https:\/\/hempking.eu\/pl\/wp-content\/uploads\/sites\/2\/2022\/06\/soplowka-jezowata-biowen-600x600.jpg\" class=\"attachment-woocommerce_thumbnail size-woocommerce_thumbnail\" alt=\"S\u0142oiczek z kapsu\u0142kami sopl\u00f3wki je\u017cowatej (lion&#039;s mane) firmy Biowen, otoczony prawdziwymi grzybami sopl\u00f3wki.\" srcset=\"https:\/\/hempking.eu\/pl\/wp-content\/uploads\/sites\/2\/2022\/06\/soplowka-jezowata-biowen-600x600.jpg 600w, https:\/\/hempking.eu\/pl\/wp-content\/uploads\/sites\/2\/2022\/06\/soplowka-jezowata-biowen-400x400.jpg 400w\" sizes=\"(max-width: 600px) 100vw, 600px\" \/><\/div>\t\t<\/a>\n\t\t\t<\/div>\n\n\t<div class=\"product-content\">\n\t\t\n\t\t\t<a class=\"product-loop-title\"  href=\"https:\/\/hempking.eu\/pl\/lions-mane-400-mg-40-polisacharydow-30-beta-glukanow-kapsulki\/\">\n\t<h3 class=\"woocommerce-loop-product__title\">Lion\u2019s Mane (Sopl\u00f3wka je\u017cowata) 400 mg - 40% polisacharyd\u00f3w, 30% beta-glukan\u00f3w - kapsu\u0142ki Biowen<\/h3>\t<\/a>\n\t\n\t\t\t<div class=\"description\">\n\t\t\t\t<p class=\"post-excerpt\">Grzyby Lion&#8217;s Mane:<\/p>\n<p> \tsuplement powsta\u0142 z owocnik\u00f3w,<br \/>\n \tDER 25:1,<br \/>\n \topakowanie wystarcza na 3 miesi\u0105ce,<br \/>\n \tu\u017cyte kapsu\u0142ki s\u0105 wega\u0144skie,<br \/>\n \tmasa netto: 50 g,<br \/>\n \tprodukt jest naturalny,<br \/>\n \tdodatek ekstraktu BioPerine\u00ae.<\/p>\n<p>Opakowanie: 90 kapsu\u0142ek<\/p>\n\t<\/div>\n\t\n\t<span class=\"price\"><span class=\"woocommerce-Price-amount amount\"><bdi>75.99&nbsp;<span class=\"woocommerce-Price-currencySymbol\">&#122;&#322;<\/span><\/bdi><\/span><\/span>\n\n\t\t<div class=\"add-links-wrap\">\n\t<div class=\"add-links clearfix\">\n\t\t\t<div class=\"quantity buttons_added simple-type\">\n\t\t\t\t<button type=\"button\" value=\"-\" class=\"minus\">-<\/button>\n\t\t<input\n\t\t\ttype=\"number\"\n\t\t\tid=\"quantity_69e4580d5d8ad\"\n\t\t\tclass=\"input-text qty text\"\n\t\t\tstep=\"1\"\n\t\t\tmin=\"1\"\n\t\t\t\t\t\t\tmax=\"205\"\n\t\t\t\t\t\tname=\"quantity\"\n\t\t\tvalue=\"1\"\n\t\t\taria-label=\"Ilo\u015b\u0107 produktu\"\n\t\t\t\t\tplaceholder=\"\"\t\t\tinputmode=\"numeric\" \/>\n\t\t<button type=\"button\" value=\"+\" class=\"plus\">+<\/button>\n\t\t\t<\/div>\n\t<a href=\"\/pl\/wp-json\/wp\/v2\/product\/115773?add-to-cart=100232\" data-quantity=\"1\" class=\"viewcart-style-2 button product_type_simple add_to_cart_button ajax_add_to_cart\" data-product_id=\"100232\" data-product_sku=\"5904806120335\" aria-label=\"Dodaj do koszyka: &bdquo;Lion\u2019s Mane (Sopl\u00f3wka je\u017cowata) 400 mg - 40% polisacharyd\u00f3w, 30% beta-glukan\u00f3w - kapsu\u0142ki Biowen&rdquo;\" rel=\"nofollow\" data-success_message=\"&ldquo;Lion\u2019s Mane (Sopl\u00f3wka je\u017cowata) 400 mg - 40% polisacharyd\u00f3w, 30% beta-glukan\u00f3w - kapsu\u0142ki Biowen&rdquo; zosta\u0142 dodany do twojego koszyka\" role=\"button\">Dodaj do koszyka<\/a>\n<div\n\tclass=\"yith-wcwl-add-to-wishlist add-to-wishlist-100232 yith-wcwl-add-to-wishlist--link-style wishlist-fragment on-first-load\"\n\tdata-fragment-ref=\"100232\"\n\tdata-fragment-options=\"{&quot;base_url&quot;:&quot;&quot;,&quot;product_id&quot;:100232,&quot;parent_product_id&quot;:0,&quot;product_type&quot;:&quot;simple&quot;,&quot;is_single&quot;:false,&quot;in_default_wishlist&quot;:false,&quot;show_view&quot;:false,&quot;browse_wishlist_text&quot;:&quot;Przegl\\u0105daj obserwowane produkty&quot;,&quot;already_in_wishslist_text&quot;:&quot;Produkt zosta\\u0142 ju\\u017c dodany do obserwowanych!&quot;,&quot;product_added_text&quot;:&quot;Produkt dodany!&quot;,&quot;available_multi_wishlist&quot;:false,&quot;disable_wishlist&quot;:false,&quot;show_count&quot;:false,&quot;ajax_loading&quot;:false,&quot;loop_position&quot;:&quot;after_add_to_cart&quot;,&quot;item&quot;:&quot;add_to_wishlist&quot;}\"\n>\n\t<\/div>\n\t<\/div>\n\t<\/div>\n\t<\/div>\n<\/div>\n\n<\/li>\n<\/ul>\n<\/div><\/div>\n<h2><span style=\"font-weight: 400;\">Stawocare na bol\u0105ce stawy<\/span><\/h2>\n<p><span style=\"font-weight: 400;\">To ma\u015b\u0107, kt\u00f3ra powsta\u0142a z my\u015bl\u0105, by wesprze\u0107 stawy od zewn\u0105trz w jak najlepszy, naturalny spos\u00f3b. Po g\u0142\u0119bokiej analizie sk\u0142adnik\u00f3w w naturalnych ma\u015bciach na stawy postawili\u015bmy na produkt, jakiego nie ma na rynku! W sk\u0142adzie znajdziesz mi\u0119dzy innymi organiczn\u0105 siark\u0119 (MSM), \u017cywokost i w\u0105krotk\u0119 azjatyck\u0105. Oczywi\u015bcie w sk\u0142adzie znajdziesz te\u017c nasz sztandarowy sk\u0142adnik, czyli olej konopny. Lekka formu\u0142a szybko si\u0119 wch\u0142ania. Ma\u015b\u0107 wspiera \u0142agodzenie obrz\u0119k\u00f3w na sk\u00f3rze, \u0142agodzi, wyg\u0142adza sk\u00f3r\u0119. Wspiera naczynia krwiono\u015bne a tak\u017ce posiada w\u0142a\u015bciwo\u015bci ochronne!\u00a0<\/span><\/p>\n<div class=\"porto-products wpb_content_element\"><div class=\"woocommerce \"><ul class=\"products products-container list has-ccols has-ccols-spacing ccols-xl-1 ccols-lg-1 ccols-md-1 ccols-sm-1 ccols-2 pwidth-lg-1 pwidth-md-1 pwidth-xs-1 pwidth-ls-1 is-shortcode\"\n\t data-cur_page=\"1\" data-max_page=\"1\" data-product_layout=\"product-\" role=\"none\">\n\n<li role=\"none\" class=\"product-col product type-product post-73243 status-publish first instock product_cat-hempking product_cat-kosmetyki-do-ciala-z-konopi product_cat-marki product_cat-masc-konopna product_cat-obnizka-produktow-do-25 product_cat-kosmetyki-konopne has-post-thumbnail shipping-taxable purchasable product-type-simple\">\n<div class=\"product-inner\">\n\t\n\t<div class=\"product-image\">\n\n\t\t<a  href=\"https:\/\/hempking.eu\/pl\/stawocare-masc-na-stawy-60ml\/\" aria-label=\"Go to product page\">\n\t\t\t<div class=\"inner\"><img decoding=\"async\" width=\"600\" height=\"600\" src=\"https:\/\/hempking.eu\/pl\/wp-content\/uploads\/sites\/2\/2021\/08\/STAWOCARE-MAS\u0301C\u0301-4-600x600.png\" class=\"attachment-woocommerce_thumbnail size-woocommerce_thumbnail\" alt=\"Stawocare konopna ma\u015b\u0107 na stawy\" srcset=\"https:\/\/hempking.eu\/pl\/wp-content\/uploads\/sites\/2\/2021\/08\/STAWOCARE-MAS\u0301C\u0301-4-600x600.png 600w, https:\/\/hempking.eu\/pl\/wp-content\/uploads\/sites\/2\/2021\/08\/STAWOCARE-MAS\u0301C\u0301-4-400x400.png 400w\" sizes=\"(max-width: 600px) 100vw, 600px\" \/><\/div>\t\t<\/a>\n\t\t\t<\/div>\n\n\t<div class=\"product-content\">\n\t\t\n\t\t\t<a class=\"product-loop-title\"  href=\"https:\/\/hempking.eu\/pl\/stawocare-masc-na-stawy-60ml\/\">\n\t<h3 class=\"woocommerce-loop-product__title\">Stawocare - ma\u015b\u0107 na stawy - 60 ml<\/h3>\t<\/a>\n\t\n\t\t\t<div class=\"description\">\n\t\t\t\t<p class=\"post-excerpt\">Ma\u015b\u0107 Stawocare to:\u00a0<\/p>\n<p> \tma\u015b\u0107 wspieraj\u0105ca Twoje stawy,<br \/>\n \tpo\u0142\u0105czenie konopi z w\u0105krotk\u0105 azjatyck\u0105, MSM i \u017cywokostem<br \/>\n \tprodukt oparty na naturalnych sk\u0142adnikach wysokiej jako\u015bci<\/p>\n<p>Pojemno\u015b\u0107: 60ml<\/p>\n\t<\/div>\n\t\n\t<span class=\"price\"><span class=\"woocommerce-Price-amount amount\"><bdi>59.99&nbsp;<span class=\"woocommerce-Price-currencySymbol\">&#122;&#322;<\/span><\/bdi><\/span><\/span>\n\n\t\t<div class=\"add-links-wrap\">\n\t<div class=\"add-links clearfix\">\n\t\t\t<div class=\"quantity buttons_added simple-type\">\n\t\t\t\t<button type=\"button\" value=\"-\" class=\"minus\">-<\/button>\n\t\t<input\n\t\t\ttype=\"number\"\n\t\t\tid=\"quantity_69e4580d655fc\"\n\t\t\tclass=\"input-text qty text\"\n\t\t\tstep=\"1\"\n\t\t\tmin=\"1\"\n\t\t\t\t\t\t\tmax=\"239\"\n\t\t\t\t\t\tname=\"quantity\"\n\t\t\tvalue=\"1\"\n\t\t\taria-label=\"Ilo\u015b\u0107 produktu\"\n\t\t\t\t\tplaceholder=\"\"\t\t\tinputmode=\"numeric\" \/>\n\t\t<button type=\"button\" value=\"+\" class=\"plus\">+<\/button>\n\t\t\t<\/div>\n\t<a href=\"\/pl\/wp-json\/wp\/v2\/product\/115773?add-to-cart=73243\" data-quantity=\"1\" class=\"viewcart-style-2 button product_type_simple add_to_cart_button ajax_add_to_cart\" data-product_id=\"73243\" data-product_sku=\"5903636627908\" aria-label=\"Dodaj do koszyka: &bdquo;Stawocare - ma\u015b\u0107 na stawy - 60 ml&rdquo;\" rel=\"nofollow\" data-success_message=\"&ldquo;Stawocare - ma\u015b\u0107 na stawy - 60 ml&rdquo; zosta\u0142 dodany do twojego koszyka\" role=\"button\">Dodaj do koszyka<\/a>\n<div\n\tclass=\"yith-wcwl-add-to-wishlist add-to-wishlist-73243 yith-wcwl-add-to-wishlist--link-style wishlist-fragment on-first-load\"\n\tdata-fragment-ref=\"73243\"\n\tdata-fragment-options=\"{&quot;base_url&quot;:&quot;&quot;,&quot;product_id&quot;:73243,&quot;parent_product_id&quot;:0,&quot;product_type&quot;:&quot;simple&quot;,&quot;is_single&quot;:false,&quot;in_default_wishlist&quot;:false,&quot;show_view&quot;:false,&quot;browse_wishlist_text&quot;:&quot;Przegl\\u0105daj obserwowane produkty&quot;,&quot;already_in_wishslist_text&quot;:&quot;Produkt zosta\\u0142 ju\\u017c dodany do obserwowanych!&quot;,&quot;product_added_text&quot;:&quot;Produkt dodany!&quot;,&quot;available_multi_wishlist&quot;:false,&quot;disable_wishlist&quot;:false,&quot;show_count&quot;:false,&quot;ajax_loading&quot;:false,&quot;loop_position&quot;:&quot;after_add_to_cart&quot;,&quot;item&quot;:&quot;add_to_wishlist&quot;}\"\n>\n\t<\/div>\n\t<\/div>\n\t<\/div>\n\t<\/div>\n<\/div>\n\n<\/li>\n<\/ul>\n<\/div><\/div>\n<p><strong>Producent\/ Podmiot odpowiedzialny:<\/strong><\/p>\n<p>Biodio Lab Sp. z o.o.<br \/>\nUl. Choroszcza\u0144ska 24<br \/>\n15-732 Bia\u0142ystok<\/p>\n","protected":false},"excerpt":{"rendered":"<h2>Zestaw zawiera:<\/h2>\n<ul>\n<li><a href=\"https:\/\/hempking.eu\/pl\/lions-mane-400-mg-40-polisacharydow-30-beta-glukanow-kapsulki\/\" target=\"_blank\" rel=\"noopener\">Ekstrakt z Lion&#8217;s Mane 400 mg<\/a> &#8211; 90 kaps<\/li>\n<li><a href=\"https:\/\/hempking.eu\/pl\/stawocare-masc-na-stawy-60ml\/\" target=\"_blank\" rel=\"noopener\">Stawocare &#8211; ma\u015b\u0107 na stawy<\/a> &#8211; 60 ml<\/li>\n<\/ul>\n<p><strong>Kupuj\u0105c w zestawie oszcz\u0119dzasz 24%!<\/strong><\/p>\n","protected":false},"featured_media":180885,"template":"","meta":{"_acf_changed":false},"product_brand":[],"product_cat":[145,144,33,152,28],"product_tag":[],"class_list":{"0":"post-115773","1":"product","2":"type-product","3":"status-publish","4":"has-post-thumbnail","6":"product_cat-suplementy-i-masci-na-bolace-stawy","7":"product_cat-suplementy-i-preparaty-na-dolegliwosci","8":"product_cat-zestawy","9":"product_cat-zestawy-prezentowe","10":"product_cat-kosmetyki-konopne","12":"first","13":"instock","14":"sale","15":"shipping-taxable","16":"purchasable","17":"product-type-simple"},"acf":[],"yoast_head":"<!-- This site is optimized with the Yoast SEO Premium plugin v24.8 (Yoast SEO v27.3) - https:\/\/yoast.com\/product\/yoast-seo-premium-wordpress\/ -->\n<title>Zestaw na problemy ze stawami - Hemp King<\/title>\n<meta name=\"description\" content=\"Nasz zestaw na problemy ze stawami skierowany jeszcze szczeg\u00f3lnie do os\u00f3b aktywnych, kt\u00f3re poddaj\u0105 sw\u00f3j organizm wielu pr\u00f3bom. Wzmocnij swoje cia\u0142o!\" \/>\n<meta name=\"robots\" content=\"index, follow\" \/>\n<link rel=\"canonical\" href=\"https:\/\/hempking.eu\/pl\/zestaw-na-problemy-ze-stawami\/\" \/>\n<meta property=\"og:locale\" content=\"pl_PL\" \/>\n<meta property=\"og:type\" content=\"article\" \/>\n<meta property=\"og:title\" content=\"Zestaw na problemy ze stawami\" \/>\n<meta property=\"og:description\" content=\"Nasz zestaw na problemy ze stawami skierowany jeszcze szczeg\u00f3lnie do os\u00f3b aktywnych, kt\u00f3re poddaj\u0105 sw\u00f3j organizm wielu pr\u00f3bom. Wzmocnij swoje cia\u0142o!\" \/>\n<meta property=\"og:url\" content=\"https:\/\/hempking.eu\/pl\/zestaw-na-problemy-ze-stawami\/\" \/>\n<meta property=\"og:site_name\" content=\"Hemp King\" \/>\n<meta property=\"article:publisher\" content=\"https:\/\/www.facebook.com\/hempkingpoland\" \/>\n<meta property=\"article:modified_time\" content=\"2026-04-15T12:50:44+00:00\" \/>\n<meta property=\"og:image\" content=\"https:\/\/hempking.eu\/pl\/wp-content\/uploads\/sites\/2\/2022\/12\/Zestaw-suplementow-na-problemy-ze-stawami.jpg\" \/>\n\t<meta property=\"og:image:width\" content=\"1000\" \/>\n\t<meta property=\"og:image:height\" content=\"1000\" \/>\n\t<meta property=\"og:image:type\" content=\"image\/jpeg\" \/>\n<meta name=\"twitter:card\" content=\"summary_large_image\" \/>\n<meta name=\"twitter:site\" content=\"@hempkingeu\" \/>\n<meta name=\"twitter:label1\" content=\"Cena\" \/>\n\t<meta name=\"twitter:data1\" content=\"103.34&nbsp;&#122;&#322;\" \/>\n\t<meta name=\"twitter:label2\" content=\"Dost\u0119pno\u015b\u0107\" \/>\n\t<meta name=\"twitter:data2\" content=\"Dost\u0119pny\" \/>\n<script type=\"application\/ld+json\" class=\"yoast-schema-graph\">{\"@context\":\"https:\\\/\\\/schema.org\",\"@graph\":[{\"@type\":\"WebPage\",\"@id\":\"https:\\\/\\\/hempking.eu\\\/pl\\\/zestaw-na-problemy-ze-stawami\\\/\",\"url\":\"https:\\\/\\\/hempking.eu\\\/pl\\\/zestaw-na-problemy-ze-stawami\\\/\",\"name\":\"Zestaw na problemy ze stawami - Hemp King\",\"isPartOf\":{\"@id\":\"https:\\\/\\\/hempking.eu\\\/pl\\\/#website\"},\"primaryImageOfPage\":{\"@id\":\"https:\\\/\\\/hempking.eu\\\/pl\\\/zestaw-na-problemy-ze-stawami\\\/#primaryimage\"},\"image\":{\"@id\":\"https:\\\/\\\/hempking.eu\\\/pl\\\/zestaw-na-problemy-ze-stawami\\\/#primaryimage\"},\"thumbnailUrl\":\"https:\\\/\\\/hempking.eu\\\/pl\\\/wp-content\\\/uploads\\\/sites\\\/2\\\/2022\\\/12\\\/Zestaw-suplementow-na-problemy-ze-stawami.jpg\",\"datePublished\":\"2022-12-01T07:43:34+00:00\",\"dateModified\":\"2026-04-15T12:50:44+00:00\",\"description\":\"Nasz zestaw na problemy ze stawami skierowany jeszcze szczeg\u00f3lnie do os\u00f3b aktywnych, kt\u00f3re poddaj\u0105 sw\u00f3j organizm wielu pr\u00f3bom. Wzmocnij swoje cia\u0142o!\",\"breadcrumb\":{\"@id\":\"https:\\\/\\\/hempking.eu\\\/pl\\\/zestaw-na-problemy-ze-stawami\\\/#breadcrumb\"},\"inLanguage\":\"pl-PL\",\"potentialAction\":[{\"@type\":\"ReadAction\",\"target\":[\"https:\\\/\\\/hempking.eu\\\/pl\\\/zestaw-na-problemy-ze-stawami\\\/\"]}]},{\"@type\":\"ImageObject\",\"inLanguage\":\"pl-PL\",\"@id\":\"https:\\\/\\\/hempking.eu\\\/pl\\\/zestaw-na-problemy-ze-stawami\\\/#primaryimage\",\"url\":\"https:\\\/\\\/hempking.eu\\\/pl\\\/wp-content\\\/uploads\\\/sites\\\/2\\\/2022\\\/12\\\/Zestaw-suplementow-na-problemy-ze-stawami.jpg\",\"contentUrl\":\"https:\\\/\\\/hempking.eu\\\/pl\\\/wp-content\\\/uploads\\\/sites\\\/2\\\/2022\\\/12\\\/Zestaw-suplementow-na-problemy-ze-stawami.jpg\",\"width\":1000,\"height\":1000,\"caption\":\"Zestaw na problemy ze stawami\"},{\"@type\":\"BreadcrumbList\",\"@id\":\"https:\\\/\\\/hempking.eu\\\/pl\\\/zestaw-na-problemy-ze-stawami\\\/#breadcrumb\",\"itemListElement\":[{\"@type\":\"ListItem\",\"position\":1,\"name\":\"Home\",\"item\":\"https:\\\/\\\/hempking.eu\\\/pl\\\/\"},{\"@type\":\"ListItem\",\"position\":2,\"name\":\"Sklep\",\"item\":\"https:\\\/\\\/hempking.eu\\\/pl\\\/shop\\\/\"},{\"@type\":\"ListItem\",\"position\":3,\"name\":\"Zestawy\",\"item\":\"https:\\\/\\\/hempking.eu\\\/pl\\\/zestawy\\\/\"},{\"@type\":\"ListItem\",\"position\":4,\"name\":\"Zestaw na problemy ze stawami\"}]},{\"@type\":\"WebSite\",\"@id\":\"https:\\\/\\\/hempking.eu\\\/pl\\\/#website\",\"url\":\"https:\\\/\\\/hempking.eu\\\/pl\\\/\",\"name\":\"Hemp King\",\"description\":\"\",\"publisher\":{\"@id\":\"https:\\\/\\\/hempking.eu\\\/pl\\\/#organization\"},\"potentialAction\":[{\"@type\":\"SearchAction\",\"target\":{\"@type\":\"EntryPoint\",\"urlTemplate\":\"https:\\\/\\\/hempking.eu\\\/pl\\\/?s={search_term_string}\"},\"query-input\":{\"@type\":\"PropertyValueSpecification\",\"valueRequired\":true,\"valueName\":\"search_term_string\"}}],\"inLanguage\":\"pl-PL\"},{\"@type\":\"Organization\",\"@id\":\"https:\\\/\\\/hempking.eu\\\/pl\\\/#organization\",\"name\":\"Hemp King\",\"url\":\"https:\\\/\\\/hempking.eu\\\/pl\\\/\",\"logo\":{\"@type\":\"ImageObject\",\"inLanguage\":\"pl-PL\",\"@id\":\"https:\\\/\\\/hempking.eu\\\/pl\\\/#\\\/schema\\\/logo\\\/image\\\/\",\"url\":\"https:\\\/\\\/hempking.eu\\\/pl\\\/wp-content\\\/uploads\\\/sites\\\/2\\\/2020\\\/05\\\/hempking.png\",\"contentUrl\":\"https:\\\/\\\/hempking.eu\\\/pl\\\/wp-content\\\/uploads\\\/sites\\\/2\\\/2020\\\/05\\\/hempking.png\",\"width\":148,\"height\":91,\"caption\":\"Hemp King\"},\"image\":{\"@id\":\"https:\\\/\\\/hempking.eu\\\/pl\\\/#\\\/schema\\\/logo\\\/image\\\/\"},\"sameAs\":[\"https:\\\/\\\/www.facebook.com\\\/hempkingpoland\",\"https:\\\/\\\/x.com\\\/hempkingeu\",\"https:\\\/\\\/www.instagram.com\\\/hempkingeu\\\/\",\"https:\\\/\\\/www.linkedin.com\\\/company\\\/hempking-eu\\\/mycompany\\\/\",\"https:\\\/\\\/pl.pinterest.com\\\/hempkingeu\\\/\",\"https:\\\/\\\/www.youtube.com\\\/channel\\\/UCUkeZA1fj4hSZfoYm0WpZ7w\"]}]}<\/script>\n<meta property=\"product:price:amount\" content=\"103.34\" \/>\n<meta property=\"product:price:currency\" content=\"PLN\" \/>\n<meta property=\"og:availability\" content=\"instock\" \/>\n<meta property=\"product:availability\" content=\"instock\" \/>\n<meta property=\"product:condition\" content=\"new\" \/>\n<!-- \/ Yoast SEO Premium plugin. -->","yoast_head_json":{"title":"Zestaw na problemy ze stawami - Hemp King","description":"Nasz zestaw na problemy ze stawami skierowany jeszcze szczeg\u00f3lnie do os\u00f3b aktywnych, kt\u00f3re poddaj\u0105 sw\u00f3j organizm wielu pr\u00f3bom. Wzmocnij swoje cia\u0142o!","robots":{"index":"index","follow":"follow"},"canonical":"https:\/\/hempking.eu\/pl\/zestaw-na-problemy-ze-stawami\/","og_locale":"pl_PL","og_type":"article","og_title":"Zestaw na problemy ze stawami","og_description":"Nasz zestaw na problemy ze stawami skierowany jeszcze szczeg\u00f3lnie do os\u00f3b aktywnych, kt\u00f3re poddaj\u0105 sw\u00f3j organizm wielu pr\u00f3bom. Wzmocnij swoje cia\u0142o!","og_url":"https:\/\/hempking.eu\/pl\/zestaw-na-problemy-ze-stawami\/","og_site_name":"Hemp King","article_publisher":"https:\/\/www.facebook.com\/hempkingpoland","article_modified_time":"2026-04-15T12:50:44+00:00","og_image":[{"width":1000,"height":1000,"url":"https:\/\/hempking.eu\/pl\/wp-content\/uploads\/sites\/2\/2022\/12\/Zestaw-suplementow-na-problemy-ze-stawami.jpg","type":"image\/jpeg"}],"twitter_card":"summary_large_image","twitter_site":"@hempkingeu","twitter_misc":{"Cena":"103.34&nbsp;&#122;&#322;","Dost\u0119pno\u015b\u0107":"Dost\u0119pny"},"schema":{"@context":"https:\/\/schema.org","@graph":[{"@type":"WebPage","@id":"https:\/\/hempking.eu\/pl\/zestaw-na-problemy-ze-stawami\/","url":"https:\/\/hempking.eu\/pl\/zestaw-na-problemy-ze-stawami\/","name":"Zestaw na problemy ze stawami - Hemp King","isPartOf":{"@id":"https:\/\/hempking.eu\/pl\/#website"},"primaryImageOfPage":{"@id":"https:\/\/hempking.eu\/pl\/zestaw-na-problemy-ze-stawami\/#primaryimage"},"image":{"@id":"https:\/\/hempking.eu\/pl\/zestaw-na-problemy-ze-stawami\/#primaryimage"},"thumbnailUrl":"https:\/\/hempking.eu\/pl\/wp-content\/uploads\/sites\/2\/2022\/12\/Zestaw-suplementow-na-problemy-ze-stawami.jpg","datePublished":"2022-12-01T07:43:34+00:00","dateModified":"2026-04-15T12:50:44+00:00","description":"Nasz zestaw na problemy ze stawami skierowany jeszcze szczeg\u00f3lnie do os\u00f3b aktywnych, kt\u00f3re poddaj\u0105 sw\u00f3j organizm wielu pr\u00f3bom. Wzmocnij swoje cia\u0142o!","breadcrumb":{"@id":"https:\/\/hempking.eu\/pl\/zestaw-na-problemy-ze-stawami\/#breadcrumb"},"inLanguage":"pl-PL","potentialAction":[{"@type":"ReadAction","target":["https:\/\/hempking.eu\/pl\/zestaw-na-problemy-ze-stawami\/"]}]},{"@type":"ImageObject","inLanguage":"pl-PL","@id":"https:\/\/hempking.eu\/pl\/zestaw-na-problemy-ze-stawami\/#primaryimage","url":"https:\/\/hempking.eu\/pl\/wp-content\/uploads\/sites\/2\/2022\/12\/Zestaw-suplementow-na-problemy-ze-stawami.jpg","contentUrl":"https:\/\/hempking.eu\/pl\/wp-content\/uploads\/sites\/2\/2022\/12\/Zestaw-suplementow-na-problemy-ze-stawami.jpg","width":1000,"height":1000,"caption":"Zestaw na problemy ze stawami"},{"@type":"BreadcrumbList","@id":"https:\/\/hempking.eu\/pl\/zestaw-na-problemy-ze-stawami\/#breadcrumb","itemListElement":[{"@type":"ListItem","position":1,"name":"Home","item":"https:\/\/hempking.eu\/pl\/"},{"@type":"ListItem","position":2,"name":"Sklep","item":"https:\/\/hempking.eu\/pl\/shop\/"},{"@type":"ListItem","position":3,"name":"Zestawy","item":"https:\/\/hempking.eu\/pl\/zestawy\/"},{"@type":"ListItem","position":4,"name":"Zestaw na problemy ze stawami"}]},{"@type":"WebSite","@id":"https:\/\/hempking.eu\/pl\/#website","url":"https:\/\/hempking.eu\/pl\/","name":"Hemp King","description":"","publisher":{"@id":"https:\/\/hempking.eu\/pl\/#organization"},"potentialAction":[{"@type":"SearchAction","target":{"@type":"EntryPoint","urlTemplate":"https:\/\/hempking.eu\/pl\/?s={search_term_string}"},"query-input":{"@type":"PropertyValueSpecification","valueRequired":true,"valueName":"search_term_string"}}],"inLanguage":"pl-PL"},{"@type":"Organization","@id":"https:\/\/hempking.eu\/pl\/#organization","name":"Hemp King","url":"https:\/\/hempking.eu\/pl\/","logo":{"@type":"ImageObject","inLanguage":"pl-PL","@id":"https:\/\/hempking.eu\/pl\/#\/schema\/logo\/image\/","url":"https:\/\/hempking.eu\/pl\/wp-content\/uploads\/sites\/2\/2020\/05\/hempking.png","contentUrl":"https:\/\/hempking.eu\/pl\/wp-content\/uploads\/sites\/2\/2020\/05\/hempking.png","width":148,"height":91,"caption":"Hemp King"},"image":{"@id":"https:\/\/hempking.eu\/pl\/#\/schema\/logo\/image\/"},"sameAs":["https:\/\/www.facebook.com\/hempkingpoland","https:\/\/x.com\/hempkingeu","https:\/\/www.instagram.com\/hempkingeu\/","https:\/\/www.linkedin.com\/company\/hempking-eu\/mycompany\/","https:\/\/pl.pinterest.com\/hempkingeu\/","https:\/\/www.youtube.com\/channel\/UCUkeZA1fj4hSZfoYm0WpZ7w"]}]},"product_price_amount":"103.34","product_price_currency":"PLN","og_availability":"instock","product_availability":"instock","product_condition":"new"},"df_price":103.34,"df_sale_price":103.34,"df_regular_price":135.98,"df_image_link":"https:\/\/hempking.eu\/pl\/wp-content\/uploads\/sites\/2\/2022\/12\/Zestaw-suplementow-na-problemy-ze-stawami-300x300.jpg","_links":{"self":[{"href":"https:\/\/hempking.eu\/pl\/wp-json\/wp\/v2\/product\/115773","targetHints":{"allow":["GET"]}}],"collection":[{"href":"https:\/\/hempking.eu\/pl\/wp-json\/wp\/v2\/product"}],"about":[{"href":"https:\/\/hempking.eu\/pl\/wp-json\/wp\/v2\/types\/product"}],"wp:featuredmedia":[{"embeddable":true,"href":"https:\/\/hempking.eu\/pl\/wp-json\/wp\/v2\/media\/180885"}],"wp:attachment":[{"href":"https:\/\/hempking.eu\/pl\/wp-json\/wp\/v2\/media?parent=115773"}],"wp:term":[{"taxonomy":"product_brand","embeddable":true,"href":"https:\/\/hempking.eu\/pl\/wp-json\/wp\/v2\/product_brand?post=115773"},{"taxonomy":"product_cat","embeddable":true,"href":"https:\/\/hempking.eu\/pl\/wp-json\/wp\/v2\/product_cat?post=115773"},{"taxonomy":"product_tag","embeddable":true,"href":"https:\/\/hempking.eu\/pl\/wp-json\/wp\/v2\/product_tag?post=115773"}],"curies":[{"name":"wp","href":"https:\/\/api.w.org\/{rel}","templated":true}]}}