{"id":129523,"date":"2023-03-10T12:34:23","date_gmt":"2023-03-10T11:34:23","guid":{"rendered":"https:\/\/hempking.eu\/pl\/?post_type=product&#038;p=129523"},"modified":"2024-09-16T13:51:06","modified_gmt":"2024-09-16T11:51:06","slug":"pasta-cbd-50-cbda-cbc-cbga-cbg-cbdv-cbn-gold-5ml-6g-krotki-termin","status":"publish","type":"product","link":"https:\/\/hempking.eu\/pl\/pasta-cbd-50-cbda-cbc-cbga-cbg-cbdv-cbn-gold-5ml-6g-krotki-termin\/","title":{"rendered":"Pasta CBD 50% + CBDA, CBC, CBGA, CBG, CBDV, CBN Gold \u2013 5ml\/6g - kr\u00f3tki termin wa\u017cno\u015bci"},"content":{"rendered":"<h2 style=\"text-align: justify;\">Pasta konopna 50% Gold &#8211; naturalne uzupe\u0142nienie diety<\/h2>\n<p style=\"text-align: justify;\">Pasta konopna 50% Gold to idealny produkt dla os\u00f3b, kt\u00f3re potrzebuj\u0105 naturalnego sposobu na uzupe\u0142nienie swojej diety.<\/p>\n<h2 style=\"text-align: justify;\">Bezpiecze\u0144stwo stosowania Pasty<\/h2>\n<p style=\"text-align: justify;\">Produkty konopne HempKing to nie tylko wysoka jako\u015b\u0107, ale te\u017c pe\u0142ne bezpiecze\u0144stwo stosowania. <strong>Pasta konopna 50% posiada wszystkie niezb\u0119dne atesty i certyfikaty.<\/strong> Nad ka\u017cdym etapem jej powstawania czuwa szereg specjalist\u00f3w, kt\u00f3rzy dbaj\u0105 o jej wysok\u0105 jako\u015b\u0107. Produkt jest ca\u0142kowicie wolny od wszelkich zanieczyszcze\u0144 \u2013 nie zawiera pestycyd\u00f3w, herbicyd\u00f3w czy metali ci\u0119\u017ckich.<\/p>\n<h2 style=\"text-align: justify;\">Uwielbiasz zdrowy styl \u017cycia? Pasta konopna jest idealna dla Ciebie!<\/h2>\n<p style=\"text-align: justify;\">Pasta konopna to \u015bwietna propozycja dla os\u00f3b, kt\u00f3re ceni\u0105 sobie naturalne produkty. Stanowi ona doskona\u0142e uzupe\u0142nienie zdrowej, zbilansowanej diety. Pasta nadaje si\u0119 dla os\u00f3b, kt\u00f3re maj\u0105 wra\u017cliwy uk\u0142ad pokarmowy.<\/p>\n<h2 style=\"text-align: justify;\">Pasta konopna GOLD 50% &#8211; jako\u015b\u0107<\/h2>\n<p style=\"text-align: justify;\">Fitosk\u0142adniki pozyskujemy bezpieczn\u0105 i efektywn\u0105 metod\u0105 ekstrakcji dwutlenkiem w\u0119gla (forma t\u0142oczenia oleju). To w\u0142a\u015bnie dzi\u0119ki temu mo\u017cemy zachowa\u0107 to, co najlepsze z konopi w naszych produktach.<br \/>\nKa\u017cdy z naszych produkt\u00f3w posiada atest oraz certyfikat, kt\u00f3ry znajdziesz na naszej stronie.<\/p>\n<p style=\"text-align: justify;\"><a href=\"https:\/\/hempking.eu\/pl\/wp-content\/uploads\/sites\/2\/2022\/01\/warunki2.jpg\"><img decoding=\"async\" class=\"alignnone wp-image-85647 size-full\" src=\"https:\/\/hempking.eu\/pl\/wp-content\/uploads\/sites\/2\/2022\/01\/warunki2.jpg\" alt=\"warunki2\" width=\"755\" height=\"307\" srcset=\"https:\/\/hempking.eu\/pl\/wp-content\/uploads\/sites\/2\/2022\/01\/warunki2.jpg 755w, https:\/\/hempking.eu\/pl\/wp-content\/uploads\/sites\/2\/2022\/01\/warunki2-640x260.jpg 640w, https:\/\/hempking.eu\/pl\/wp-content\/uploads\/sites\/2\/2022\/01\/warunki2-400x163.jpg 400w, https:\/\/hempking.eu\/pl\/wp-content\/uploads\/sites\/2\/2022\/01\/warunki2-600x244.jpg 600w\" sizes=\"(max-width: 755px) 100vw, 755px\" \/><\/a><\/p>\n<p style=\"text-align: justify;\"><a href=\"https:\/\/hempking.eu\/pl\/wp-content\/uploads\/sites\/2\/2020\/07\/warunki4-1.jpg\"><img decoding=\"async\" class=\"alignnone wp-image-104414 size-full\" src=\"https:\/\/hempking.eu\/pl\/wp-content\/uploads\/sites\/2\/2020\/07\/warunki4-1.jpg\" alt=\"o\u015bwiadczenia CBD w UE\" width=\"755\" height=\"353\" srcset=\"https:\/\/hempking.eu\/pl\/wp-content\/uploads\/sites\/2\/2020\/07\/warunki4-1.jpg 755w, https:\/\/hempking.eu\/pl\/wp-content\/uploads\/sites\/2\/2020\/07\/warunki4-1-640x299.jpg 640w, https:\/\/hempking.eu\/pl\/wp-content\/uploads\/sites\/2\/2020\/07\/warunki4-1-400x187.jpg 400w\" sizes=\"(max-width: 755px) 100vw, 755px\" \/><\/a><\/p>\n<p style=\"text-align: justify;\"><a href=\"https:\/\/hempking.eu\/pl\/wp-content\/uploads\/sites\/2\/2020\/07\/warunki_4.jpg\"><img decoding=\"async\" class=\"alignnone size-full wp-image-100623\" src=\"https:\/\/hempking.eu\/pl\/wp-content\/uploads\/sites\/2\/2020\/07\/warunki_4.jpg\" alt=\"fito sk\u0142adniki novel food\" width=\"755\" height=\"237\" srcset=\"https:\/\/hempking.eu\/pl\/wp-content\/uploads\/sites\/2\/2020\/07\/warunki_4.jpg 755w, https:\/\/hempking.eu\/pl\/wp-content\/uploads\/sites\/2\/2020\/07\/warunki_4-640x201.jpg 640w, https:\/\/hempking.eu\/pl\/wp-content\/uploads\/sites\/2\/2020\/07\/warunki_4-400x126.jpg 400w\" sizes=\"(max-width: 755px) 100vw, 755px\" \/><\/a><\/p>\n<p><strong>Producent\/ Podmiot odpowiedzialny:<\/strong><\/p>\n<p>Biodio Lab Sp. z o.o.<br \/>\nUl. Choroszcza\u0144ska 24<br \/>\n15-732 Bia\u0142ystok<\/p>\n","protected":false},"excerpt":{"rendered":"<h2>Kr\u00f3tki termin wa\u017cno\u015bci<\/h2>\n<h2>Pasta konopna 50% Gold to:<\/h2>\n<ul>\n<li><strong>2500 mg fitosk\u0142adnika<\/strong><\/li>\n<li>Full spectrum naturalnych fitosk\u0142adnik\u00f3w CBD, CBDA, CBC, CBGA, CBG, CBDV, CBN,<\/li>\n<li>Naturalnie wyst\u0119puj\u0105ce fitosk\u0142adniki: flawonoidy, terpeny fenole<\/li>\n<li>NNKT: omega-3, omega-6 oraz omega-9<\/li>\n<li><strong>1 kropla \u2013 13,8 mg fitosk\u0142adnika<\/strong><\/li>\n<li>Produkt jest stale kontrolowany pod wzgl\u0119dem jako\u015bci<\/li>\n<li>Do produkcji nie u\u017cywamy syntetycznego i krystalicznego fitosk\u0142adnika oraz rozpuszczalnik\u00f3w<\/li>\n<li>100% natury<\/li>\n<\/ul>\n<p><strong>Pojemno\u015b\u0107: 5ml<\/strong><\/p>\n","protected":false},"featured_media":87499,"template":"","meta":{"_acf_changed":false},"product_brand":[],"product_cat":[22],"product_tag":[],"class_list":{"0":"post-129523","1":"product","2":"type-product","3":"status-publish","4":"has-post-thumbnail","6":"product_cat-pasty-cbd","8":"first","9":"outofstock","10":"sale","11":"shipping-taxable","12":"purchasable","13":"product-type-simple"},"acf":[],"yoast_head":"<!-- This site is optimized with the Yoast SEO Premium plugin v24.8 (Yoast SEO v27.3) - https:\/\/yoast.com\/product\/yoast-seo-premium-wordpress\/ -->\n<title>Pasta CBD 50% Gold HempKing \u2013 5ml\/6g<\/title>\n<meta name=\"description\" content=\"Pasta CBD 50% Gold HempKing. To idealny produkt dla os\u00f3b, kt\u00f3re potrzebuj\u0105 naturalnego sposobu na uzupe\u0142nienie swojej diety.\" \/>\n<meta name=\"robots\" content=\"index, follow\" \/>\n<link rel=\"canonical\" href=\"https:\/\/hempking.eu\/pl\/pasta-cbd-gold-50-5ml-6g\/\" \/>\n<meta property=\"og:locale\" content=\"pl_PL\" \/>\n<meta property=\"og:type\" content=\"article\" \/>\n<meta property=\"og:title\" content=\"Pasta CBD 50% + CBDA, CBC, CBGA, CBG, CBDV, CBN Gold \u2013 5ml\/6g - kr\u00f3tki termin wa\u017cno\u015bci\" \/>\n<meta property=\"og:description\" content=\"Pasta CBD 50% Gold HempKing. To idealny produkt dla os\u00f3b, kt\u00f3re potrzebuj\u0105 naturalnego sposobu na uzupe\u0142nienie swojej diety.\" \/>\n<meta property=\"og:url\" content=\"https:\/\/hempking.eu\/pl\/pasta-cbd-gold-50-5ml-6g\/\" \/>\n<meta property=\"og:site_name\" content=\"Hemp King\" \/>\n<meta property=\"article:publisher\" content=\"https:\/\/www.facebook.com\/hempkingpoland\" \/>\n<meta property=\"article:modified_time\" content=\"2024-09-16T11:51:06+00:00\" \/>\n<meta property=\"og:image\" content=\"https:\/\/hempking.eu\/pl\/wp-content\/uploads\/sites\/2\/2022\/01\/pasta_gold.jpg\" \/>\n\t<meta property=\"og:image:width\" content=\"1000\" \/>\n\t<meta property=\"og:image:height\" content=\"1000\" \/>\n\t<meta property=\"og:image:type\" content=\"image\/jpeg\" \/>\n<meta name=\"twitter:card\" content=\"summary_large_image\" \/>\n<meta name=\"twitter:site\" content=\"@hempkingeu\" \/>\n<meta name=\"twitter:label1\" content=\"Cena\" \/>\n\t<meta name=\"twitter:data1\" content=\"643.50&nbsp;&#122;&#322;\" \/>\n\t<meta name=\"twitter:label2\" content=\"Dost\u0119pno\u015b\u0107\" \/>\n\t<meta name=\"twitter:data2\" content=\"Brak w magazynie\" \/>\n<script type=\"application\/ld+json\" class=\"yoast-schema-graph\">{\"@context\":\"https:\\\/\\\/schema.org\",\"@graph\":[{\"@type\":\"WebPage\",\"@id\":\"https:\\\/\\\/hempking.eu\\\/pl\\\/pasta-cbd-50-cbda-cbc-cbga-cbg-cbdv-cbn-gold-5ml-6g-krotki-termin\\\/\",\"url\":\"https:\\\/\\\/hempking.eu\\\/pl\\\/pasta-cbd-gold-50-5ml-6g\\\/\",\"name\":\"Pasta CBD 50% Gold HempKing \u2013 5ml\\\/6g\",\"isPartOf\":{\"@id\":\"https:\\\/\\\/hempking.eu\\\/pl\\\/#website\"},\"primaryImageOfPage\":{\"@id\":\"https:\\\/\\\/hempking.eu\\\/pl\\\/pasta-cbd-gold-50-5ml-6g\\\/#primaryimage\"},\"image\":{\"@id\":\"https:\\\/\\\/hempking.eu\\\/pl\\\/pasta-cbd-gold-50-5ml-6g\\\/#primaryimage\"},\"thumbnailUrl\":\"https:\\\/\\\/hempking.eu\\\/pl\\\/wp-content\\\/uploads\\\/sites\\\/2\\\/2022\\\/01\\\/pasta_gold.jpg\",\"datePublished\":\"2023-03-10T11:34:23+00:00\",\"dateModified\":\"2024-09-16T11:51:06+00:00\",\"description\":\"Pasta CBD 50% Gold HempKing. To idealny produkt dla os\u00f3b, kt\u00f3re potrzebuj\u0105 naturalnego sposobu na uzupe\u0142nienie swojej diety.\",\"breadcrumb\":{\"@id\":\"https:\\\/\\\/hempking.eu\\\/pl\\\/pasta-cbd-gold-50-5ml-6g\\\/#breadcrumb\"},\"inLanguage\":\"pl-PL\",\"potentialAction\":[{\"@type\":\"ReadAction\",\"target\":[\"https:\\\/\\\/hempking.eu\\\/pl\\\/pasta-cbd-gold-50-5ml-6g\\\/\"]}]},{\"@type\":\"ImageObject\",\"inLanguage\":\"pl-PL\",\"@id\":\"https:\\\/\\\/hempking.eu\\\/pl\\\/pasta-cbd-gold-50-5ml-6g\\\/#primaryimage\",\"url\":\"https:\\\/\\\/hempking.eu\\\/pl\\\/wp-content\\\/uploads\\\/sites\\\/2\\\/2022\\\/01\\\/pasta_gold.jpg\",\"contentUrl\":\"https:\\\/\\\/hempking.eu\\\/pl\\\/wp-content\\\/uploads\\\/sites\\\/2\\\/2022\\\/01\\\/pasta_gold.jpg\",\"width\":1000,\"height\":1000,\"caption\":\"Pasta konopna Gold full spectrum z 50% CBD 5 ml\\\/6g HempKing\"},{\"@type\":\"BreadcrumbList\",\"@id\":\"https:\\\/\\\/hempking.eu\\\/pl\\\/pasta-cbd-gold-50-5ml-6g\\\/#breadcrumb\",\"itemListElement\":[{\"@type\":\"ListItem\",\"position\":1,\"name\":\"Home\",\"item\":\"https:\\\/\\\/hempking.eu\\\/pl\\\/\"},{\"@type\":\"ListItem\",\"position\":2,\"name\":\"Sklep\",\"item\":\"https:\\\/\\\/hempking.eu\\\/pl\\\/shop\\\/\"},{\"@type\":\"ListItem\",\"position\":3,\"name\":\"\ud83e\udee7 Forma fitokannabinoid\u00f3w\",\"item\":\"https:\\\/\\\/hempking.eu\\\/pl\\\/forma\\\/\"},{\"@type\":\"ListItem\",\"position\":4,\"name\":\"Pasty CBD\",\"item\":\"https:\\\/\\\/hempking.eu\\\/pl\\\/pasty-cbd\\\/\"},{\"@type\":\"ListItem\",\"position\":5,\"name\":\"Pasta CBD 50% + CBDA, CBC, CBGA, CBG, CBDV, CBN Gold \u2013 5ml\\\/6g - kr\u00f3tki termin wa\u017cno\u015bci\"}]},{\"@type\":\"WebSite\",\"@id\":\"https:\\\/\\\/hempking.eu\\\/pl\\\/#website\",\"url\":\"https:\\\/\\\/hempking.eu\\\/pl\\\/\",\"name\":\"Hemp King\",\"description\":\"\",\"publisher\":{\"@id\":\"https:\\\/\\\/hempking.eu\\\/pl\\\/#organization\"},\"potentialAction\":[{\"@type\":\"SearchAction\",\"target\":{\"@type\":\"EntryPoint\",\"urlTemplate\":\"https:\\\/\\\/hempking.eu\\\/pl\\\/?s={search_term_string}\"},\"query-input\":{\"@type\":\"PropertyValueSpecification\",\"valueRequired\":true,\"valueName\":\"search_term_string\"}}],\"inLanguage\":\"pl-PL\"},{\"@type\":\"Organization\",\"@id\":\"https:\\\/\\\/hempking.eu\\\/pl\\\/#organization\",\"name\":\"Hemp King\",\"url\":\"https:\\\/\\\/hempking.eu\\\/pl\\\/\",\"logo\":{\"@type\":\"ImageObject\",\"inLanguage\":\"pl-PL\",\"@id\":\"https:\\\/\\\/hempking.eu\\\/pl\\\/#\\\/schema\\\/logo\\\/image\\\/\",\"url\":\"https:\\\/\\\/hempking.eu\\\/pl\\\/wp-content\\\/uploads\\\/sites\\\/2\\\/2020\\\/05\\\/hempking.png\",\"contentUrl\":\"https:\\\/\\\/hempking.eu\\\/pl\\\/wp-content\\\/uploads\\\/sites\\\/2\\\/2020\\\/05\\\/hempking.png\",\"width\":148,\"height\":91,\"caption\":\"Hemp King\"},\"image\":{\"@id\":\"https:\\\/\\\/hempking.eu\\\/pl\\\/#\\\/schema\\\/logo\\\/image\\\/\"},\"sameAs\":[\"https:\\\/\\\/www.facebook.com\\\/hempkingpoland\",\"https:\\\/\\\/x.com\\\/hempkingeu\",\"https:\\\/\\\/www.instagram.com\\\/hempkingeu\\\/\",\"https:\\\/\\\/www.linkedin.com\\\/company\\\/hempking-eu\\\/mycompany\\\/\",\"https:\\\/\\\/pl.pinterest.com\\\/hempkingeu\\\/\",\"https:\\\/\\\/www.youtube.com\\\/channel\\\/UCUkeZA1fj4hSZfoYm0WpZ7w\"]}]}<\/script>\n<meta property=\"product:price:amount\" content=\"643.50\" \/>\n<meta property=\"product:price:currency\" content=\"PLN\" \/>\n<meta property=\"og:availability\" content=\"out of stock\" \/>\n<meta property=\"product:availability\" content=\"out of stock\" \/>\n<meta property=\"product:condition\" content=\"new\" \/>\n<!-- \/ Yoast SEO Premium plugin. -->","yoast_head_json":{"title":"Pasta CBD 50% Gold HempKing \u2013 5ml\/6g","description":"Pasta CBD 50% Gold HempKing. To idealny produkt dla os\u00f3b, kt\u00f3re potrzebuj\u0105 naturalnego sposobu na uzupe\u0142nienie swojej diety.","robots":{"index":"index","follow":"follow"},"canonical":"https:\/\/hempking.eu\/pl\/pasta-cbd-gold-50-5ml-6g\/","og_locale":"pl_PL","og_type":"article","og_title":"Pasta CBD 50% + CBDA, CBC, CBGA, CBG, CBDV, CBN Gold \u2013 5ml\/6g - kr\u00f3tki termin wa\u017cno\u015bci","og_description":"Pasta CBD 50% Gold HempKing. To idealny produkt dla os\u00f3b, kt\u00f3re potrzebuj\u0105 naturalnego sposobu na uzupe\u0142nienie swojej diety.","og_url":"https:\/\/hempking.eu\/pl\/pasta-cbd-gold-50-5ml-6g\/","og_site_name":"Hemp King","article_publisher":"https:\/\/www.facebook.com\/hempkingpoland","article_modified_time":"2024-09-16T11:51:06+00:00","og_image":[{"width":1000,"height":1000,"url":"https:\/\/hempking.eu\/pl\/wp-content\/uploads\/sites\/2\/2022\/01\/pasta_gold.jpg","type":"image\/jpeg"}],"twitter_card":"summary_large_image","twitter_site":"@hempkingeu","twitter_misc":{"Cena":"643.50&nbsp;&#122;&#322;","Dost\u0119pno\u015b\u0107":"Brak w magazynie"},"schema":{"@context":"https:\/\/schema.org","@graph":[{"@type":"WebPage","@id":"https:\/\/hempking.eu\/pl\/pasta-cbd-50-cbda-cbc-cbga-cbg-cbdv-cbn-gold-5ml-6g-krotki-termin\/","url":"https:\/\/hempking.eu\/pl\/pasta-cbd-gold-50-5ml-6g\/","name":"Pasta CBD 50% Gold HempKing \u2013 5ml\/6g","isPartOf":{"@id":"https:\/\/hempking.eu\/pl\/#website"},"primaryImageOfPage":{"@id":"https:\/\/hempking.eu\/pl\/pasta-cbd-gold-50-5ml-6g\/#primaryimage"},"image":{"@id":"https:\/\/hempking.eu\/pl\/pasta-cbd-gold-50-5ml-6g\/#primaryimage"},"thumbnailUrl":"https:\/\/hempking.eu\/pl\/wp-content\/uploads\/sites\/2\/2022\/01\/pasta_gold.jpg","datePublished":"2023-03-10T11:34:23+00:00","dateModified":"2024-09-16T11:51:06+00:00","description":"Pasta CBD 50% Gold HempKing. To idealny produkt dla os\u00f3b, kt\u00f3re potrzebuj\u0105 naturalnego sposobu na uzupe\u0142nienie swojej diety.","breadcrumb":{"@id":"https:\/\/hempking.eu\/pl\/pasta-cbd-gold-50-5ml-6g\/#breadcrumb"},"inLanguage":"pl-PL","potentialAction":[{"@type":"ReadAction","target":["https:\/\/hempking.eu\/pl\/pasta-cbd-gold-50-5ml-6g\/"]}]},{"@type":"ImageObject","inLanguage":"pl-PL","@id":"https:\/\/hempking.eu\/pl\/pasta-cbd-gold-50-5ml-6g\/#primaryimage","url":"https:\/\/hempking.eu\/pl\/wp-content\/uploads\/sites\/2\/2022\/01\/pasta_gold.jpg","contentUrl":"https:\/\/hempking.eu\/pl\/wp-content\/uploads\/sites\/2\/2022\/01\/pasta_gold.jpg","width":1000,"height":1000,"caption":"Pasta konopna Gold full spectrum z 50% CBD 5 ml\/6g HempKing"},{"@type":"BreadcrumbList","@id":"https:\/\/hempking.eu\/pl\/pasta-cbd-gold-50-5ml-6g\/#breadcrumb","itemListElement":[{"@type":"ListItem","position":1,"name":"Home","item":"https:\/\/hempking.eu\/pl\/"},{"@type":"ListItem","position":2,"name":"Sklep","item":"https:\/\/hempking.eu\/pl\/shop\/"},{"@type":"ListItem","position":3,"name":"\ud83e\udee7 Forma fitokannabinoid\u00f3w","item":"https:\/\/hempking.eu\/pl\/forma\/"},{"@type":"ListItem","position":4,"name":"Pasty CBD","item":"https:\/\/hempking.eu\/pl\/pasty-cbd\/"},{"@type":"ListItem","position":5,"name":"Pasta CBD 50% + CBDA, CBC, CBGA, CBG, CBDV, CBN Gold \u2013 5ml\/6g - kr\u00f3tki termin wa\u017cno\u015bci"}]},{"@type":"WebSite","@id":"https:\/\/hempking.eu\/pl\/#website","url":"https:\/\/hempking.eu\/pl\/","name":"Hemp King","description":"","publisher":{"@id":"https:\/\/hempking.eu\/pl\/#organization"},"potentialAction":[{"@type":"SearchAction","target":{"@type":"EntryPoint","urlTemplate":"https:\/\/hempking.eu\/pl\/?s={search_term_string}"},"query-input":{"@type":"PropertyValueSpecification","valueRequired":true,"valueName":"search_term_string"}}],"inLanguage":"pl-PL"},{"@type":"Organization","@id":"https:\/\/hempking.eu\/pl\/#organization","name":"Hemp King","url":"https:\/\/hempking.eu\/pl\/","logo":{"@type":"ImageObject","inLanguage":"pl-PL","@id":"https:\/\/hempking.eu\/pl\/#\/schema\/logo\/image\/","url":"https:\/\/hempking.eu\/pl\/wp-content\/uploads\/sites\/2\/2020\/05\/hempking.png","contentUrl":"https:\/\/hempking.eu\/pl\/wp-content\/uploads\/sites\/2\/2020\/05\/hempking.png","width":148,"height":91,"caption":"Hemp King"},"image":{"@id":"https:\/\/hempking.eu\/pl\/#\/schema\/logo\/image\/"},"sameAs":["https:\/\/www.facebook.com\/hempkingpoland","https:\/\/x.com\/hempkingeu","https:\/\/www.instagram.com\/hempkingeu\/","https:\/\/www.linkedin.com\/company\/hempking-eu\/mycompany\/","https:\/\/pl.pinterest.com\/hempkingeu\/","https:\/\/www.youtube.com\/channel\/UCUkeZA1fj4hSZfoYm0WpZ7w"]}]},"product_price_amount":"643.50","product_price_currency":"PLN","og_availability":"out of stock","product_availability":"out of stock","product_condition":"new"},"df_price":643.5,"df_sale_price":643.5,"df_regular_price":990,"df_image_link":"https:\/\/hempking.eu\/pl\/wp-content\/uploads\/sites\/2\/2022\/01\/pasta_gold-300x300.jpg","_links":{"self":[{"href":"https:\/\/hempking.eu\/pl\/wp-json\/wp\/v2\/product\/129523","targetHints":{"allow":["GET"]}}],"collection":[{"href":"https:\/\/hempking.eu\/pl\/wp-json\/wp\/v2\/product"}],"about":[{"href":"https:\/\/hempking.eu\/pl\/wp-json\/wp\/v2\/types\/product"}],"wp:featuredmedia":[{"embeddable":true,"href":"https:\/\/hempking.eu\/pl\/wp-json\/wp\/v2\/media\/87499"}],"wp:attachment":[{"href":"https:\/\/hempking.eu\/pl\/wp-json\/wp\/v2\/media?parent=129523"}],"wp:term":[{"taxonomy":"product_brand","embeddable":true,"href":"https:\/\/hempking.eu\/pl\/wp-json\/wp\/v2\/product_brand?post=129523"},{"taxonomy":"product_cat","embeddable":true,"href":"https:\/\/hempking.eu\/pl\/wp-json\/wp\/v2\/product_cat?post=129523"},{"taxonomy":"product_tag","embeddable":true,"href":"https:\/\/hempking.eu\/pl\/wp-json\/wp\/v2\/product_tag?post=129523"}],"curies":[{"name":"wp","href":"https:\/\/api.w.org\/{rel}","templated":true}]}}