{"id":172880,"date":"2023-12-05T12:09:49","date_gmt":"2023-12-05T11:09:49","guid":{"rendered":"https:\/\/hempking.eu\/pl\/?post_type=product&#038;p=172880"},"modified":"2026-04-18T20:44:23","modified_gmt":"2026-04-18T18:44:23","slug":"zinc-3x-immunity-cynk-complex-biowen-100-kapsulek","status":"publish","type":"product","link":"https:\/\/hempking.eu\/pl\/zinc-3x-immunity-cynk-complex-biowen-100-kapsulek\/","title":{"rendered":"Zinc 3X Immunity, Cynk Complex+ Biowen - 100 kapsu\u0142ek"},"content":{"rendered":"<p><span style=\"font-weight: 400;\">Zinc 3x Immunity to wyj\u0105tkowy suplement, stworzony z my\u015bl\u0105 o wspieraniu zdrowia i odporno\u015bci. Zamkni\u0119ty w eleganckim szklanym s\u0142oiku, ten produkt zawiera 100 kapsu\u0142ek o unikalnej formule opartej na trzech r\u00f3\u017cnych rodzajach cynku: cytrynianie cynku, pikolinianie cynku oraz diglicynianie cynku. To po\u0142\u0105czenie gwarantuje kompleksowe wsparcie dla organizmu, zapewniaj\u0105c optymalne korzy\u015bci zdrowotne.\u00a0<\/span><\/p>\n<p><span style=\"font-weight: 400;\">Co wyr\u00f3\u017cnia Zinc 3x Immunity spo\u015br\u00f3d innych suplement\u00f3w? Przede wszystkim jego sk\u0142ad oparty jest na braku zb\u0119dnych dodatk\u00f3w, pozbawiony antyzbrylaczy, glutenu, barwnik\u00f3w i konserwant\u00f3w. Jest on te\u017c odpowiedni nawet dla os\u00f3b stosuj\u0105cych diet\u0119 wega\u0144sk\u0105 i wegetaria\u0144sk\u0105, co sprawia, \u017ce mo\u017ce by\u0107 stosowany przez szerokie grono u\u017cytkownik\u00f3w.<\/span><\/p>\n<p><span style=\"font-weight: 400;\">Cynk, b\u0119d\u0105cy g\u0142\u00f3wnym sk\u0142adnikiem tego suplementu, pe\u0142ni kluczow\u0105 rol\u0119 w wielu procesach zachodz\u0105cych w naszym organizmie. Przede wszystkim, wspiera on funkcjonowanie uk\u0142adu odporno\u015bciowego, co jest niezwykle istotne w walce z infekcjami i chorobami. Dodatkowo, cynk bierze udzia\u0142 w syntezie DNA i podzia\u0142ach kom\u00f3rkowych, co wp\u0142ywa na regeneracj\u0119 tkanek i utrzymanie zdrowego organizmu.<\/span><\/p>\n<p><span style=\"font-weight: 400;\">Nie tylko to, Zinc 3x Immunity wspomaga tak\u017ce prawid\u0142owe tworzenie bia\u0142ek, co ma znaczenie dla utrzymania w\u0142a\u015bciwej struktury kom\u00f3rkowej. Jego udzia\u0142 w ochronie DNA, bia\u0142ek i lipid\u00f3w przed uszkodzeniem oksydacyjnym sprawia, \u017ce dzia\u0142a jak naturalny antyoksydant, chroni\u0105c nas przed szkodliwym wp\u0142ywem wolnych rodnik\u00f3w.<\/span><\/p>\n<p><span style=\"font-weight: 400;\">Cynk ma tak\u017ce pozytywny wp\u0142yw na stan sk\u00f3ry, ko\u015bci, funkcje poznawcze oraz p\u0142odno\u015b\u0107 i rozmna\u017canie. Utrzymuje prawid\u0142owe st\u0119\u017cenie testosteronu, co jest istotne dla zdrowia m\u0119skiego uk\u0142adu rozrodczego. Dodatkowo, bierze udzia\u0142 w metabolizmie kwas\u00f3w t\u0142uszczowych, kwasowo-zasadowym oraz witaminy A, co ma korzystny wp\u0142yw na og\u00f3lny stan zdrowia.<\/span><\/p>\n<p><span style=\"font-weight: 400;\">Suplementacja Zinc 3x Immunity to r\u00f3wnie\u017c wsparcie dla utrzymania prawid\u0142owego wzroku, metabolizmu w\u0119glowodan\u00f3w oraz stanu paznokci i w\u0142os\u00f3w. Jego skomplikowana formu\u0142a dzia\u0142a wielokierunkowo, gwarantuj\u0105c kompleksowe wsparcie dla zdrowia i odporno\u015bci.<\/span><\/p>\n<p><span style=\"font-weight: 400;\">W zwi\u0105zku z tym, je\u015bli poszukujesz skutecznego i kompleksowego suplementu, kt\u00f3ry zadba o Tw\u00f3j organizm na wielu poziomach, Zinc 3x Immunity jest doskona\u0142ym wyborem. Jego czysty sk\u0142ad, pozbawiony sztucznych dodatk\u00f3w, sprawia, \u017ce mo\u017cesz by\u0107 pewien, \u017ce dostarczasz swojemu cia\u0142u to, co najlepsze. Dzi\u0119ki Zinc 3x Immunity \u0142atwo zadbasz o siebie ka\u017cdego dnia!<\/span><\/p>\n<p><strong>Producent\/ Podmiot odpowiedzialny:<\/strong><\/p>\n<p>Biodio Lab Sp. z o.o.<br \/>\nUl. Choroszcza\u0144ska 24<br \/>\n15-732 Bia\u0142ystok<\/p>\n","protected":false},"excerpt":{"rendered":"<h2>Cynk Complex+:<\/h2>\n<ul>\n<li>trzy formy <span style=\"font-weight: 400;\">cynku: cytrynian cynku, pikolinian cynku oraz diglicynian cynku,\u00a0<\/span><\/li>\n<li>kompleksowe wsparcie,<\/li>\n<li>czysty sk\u0142ad, bez w\u0105tpliwych dodatk\u00f3w,<\/li>\n<li>odpowiedni dla os\u00f3b na dietach ro\u015blinnych,<\/li>\n<li>masa netto: 30,8 g.<\/li>\n<\/ul>\n<p><strong>Opakowanie: 100 kapsu\u0142ek<\/strong><\/p>\n","protected":false},"featured_media":207888,"template":"","meta":{"_acf_changed":false},"product_brand":[],"product_cat":[439,493,457,417,454,445,451,452,416,96],"product_tag":[],"class_list":{"0":"post-172880","1":"product","2":"type-product","3":"status-publish","4":"has-post-thumbnail","6":"product_cat-biowen","7":"product_cat-suplementy-na-cukrzyce-i-insulinoopornosc","8":"product_cat-madra-babcia-poleca","9":"product_cat-mineraly","10":"product_cat-narzady-zmyslow","11":"product_cat-suplementy-na-uklad-hormonalny","12":"product_cat-suplementy-na-uklad-plciowy","13":"product_cat-suplementy-na-uklad-pokarmowy","14":"product_cat-witaminy-i-mineraly","15":"product_cat-suplementy","17":"first","18":"instock","19":"shipping-taxable","20":"purchasable","21":"product-type-simple"},"acf":[],"yoast_head":"<!-- This site is optimized with the Yoast SEO Premium plugin v24.8 (Yoast SEO v27.3) - https:\/\/yoast.com\/product\/yoast-seo-premium-wordpress\/ -->\n<title>Zinc 3X Immunity, Cynk Complex+ Biowen - 100 kapsu\u0142ek - Hemp King<\/title>\n<meta name=\"description\" content=\"Zobacz \u261b Zinc 3X Immunity, Cynk Complex+ Biowen - 100 kapsu\u0142ek w konopnym sklepie HempKing \u2705100% naturalne \u2705 Zadbaj z nami o swoj\u0105 diet\u0119!\" \/>\n<meta name=\"robots\" content=\"index, follow\" \/>\n<link rel=\"canonical\" href=\"https:\/\/hempking.eu\/pl\/zinc-3x-immunity-cynk-complex-biowen-100-kapsulek\/\" \/>\n<meta property=\"og:locale\" content=\"pl_PL\" \/>\n<meta property=\"og:type\" content=\"article\" \/>\n<meta property=\"og:title\" content=\"Zinc 3X Immunity, Cynk Complex+ Biowen - 100 kapsu\u0142ek - Hemp King\" \/>\n<meta property=\"og:description\" content=\"Zobacz \u261b Zinc 3X Immunity, Cynk Complex+ Biowen - 100 kapsu\u0142ek w konopnym sklepie HempKing \u2705100% naturalne \u2705 Zadbaj z nami o swoj\u0105 diet\u0119!\" \/>\n<meta property=\"og:url\" content=\"https:\/\/hempking.eu\/pl\/zinc-3x-immunity-cynk-complex-biowen-100-kapsulek\/\" \/>\n<meta property=\"og:site_name\" content=\"Hemp King\" \/>\n<meta property=\"article:publisher\" content=\"https:\/\/www.facebook.com\/hempkingpoland\" \/>\n<meta property=\"article:modified_time\" content=\"2026-04-18T18:44:23+00:00\" \/>\n<meta property=\"og:image\" content=\"https:\/\/hempking.eu\/pl\/wp-content\/uploads\/sites\/2\/2023\/12\/cynk_hempking.jpg\" \/>\n\t<meta property=\"og:image:width\" content=\"1000\" \/>\n\t<meta property=\"og:image:height\" content=\"1000\" \/>\n\t<meta property=\"og:image:type\" content=\"image\/jpeg\" \/>\n<meta name=\"twitter:card\" content=\"summary_large_image\" \/>\n<meta name=\"twitter:title\" content=\"Zinc 3X Immunity, Cynk Complex+ Biowen - 100 kapsu\u0142ek - Hemp King\" \/>\n<meta name=\"twitter:description\" content=\"Zobacz \u261b Zinc 3X Immunity, Cynk Complex+ Biowen - 100 kapsu\u0142ek w konopnym sklepie HempKing \u2705100% naturalne \u2705 Zadbaj z nami o swoj\u0105 diet\u0119!\" \/>\n<meta name=\"twitter:image\" content=\"https:\/\/hempking.eu\/pl\/wp-content\/uploads\/sites\/2\/2023\/12\/cynk_hempking.jpg\" \/>\n<meta name=\"twitter:site\" content=\"@hempkingeu\" \/>\n<meta name=\"twitter:label1\" content=\"Cena\" \/>\n\t<meta name=\"twitter:data1\" content=\"42.99&nbsp;&#122;&#322;\" \/>\n\t<meta name=\"twitter:label2\" content=\"Dost\u0119pno\u015b\u0107\" \/>\n\t<meta name=\"twitter:data2\" content=\"Dost\u0119pny\" \/>\n<script type=\"application\/ld+json\" class=\"yoast-schema-graph\">{\"@context\":\"https:\\\/\\\/schema.org\",\"@graph\":[{\"@type\":\"WebPage\",\"@id\":\"https:\\\/\\\/hempking.eu\\\/pl\\\/zinc-3x-immunity-cynk-complex-biowen-100-kapsulek\\\/\",\"url\":\"https:\\\/\\\/hempking.eu\\\/pl\\\/zinc-3x-immunity-cynk-complex-biowen-100-kapsulek\\\/\",\"name\":\"Zinc 3X Immunity, Cynk Complex+ Biowen - 100 kapsu\u0142ek - Hemp King\",\"isPartOf\":{\"@id\":\"https:\\\/\\\/hempking.eu\\\/pl\\\/#website\"},\"primaryImageOfPage\":{\"@id\":\"https:\\\/\\\/hempking.eu\\\/pl\\\/zinc-3x-immunity-cynk-complex-biowen-100-kapsulek\\\/#primaryimage\"},\"image\":{\"@id\":\"https:\\\/\\\/hempking.eu\\\/pl\\\/zinc-3x-immunity-cynk-complex-biowen-100-kapsulek\\\/#primaryimage\"},\"thumbnailUrl\":\"https:\\\/\\\/hempking.eu\\\/pl\\\/wp-content\\\/uploads\\\/sites\\\/2\\\/2023\\\/12\\\/1000x1000_naklejka_cynk-1.jpg\",\"datePublished\":\"2023-12-05T11:09:49+00:00\",\"dateModified\":\"2026-04-18T18:44:23+00:00\",\"description\":\"Zobacz \u261b Zinc 3X Immunity, Cynk Complex+ Biowen - 100 kapsu\u0142ek w konopnym sklepie HempKing \u2705100% naturalne \u2705 Zadbaj z nami o swoj\u0105 diet\u0119!\",\"breadcrumb\":{\"@id\":\"https:\\\/\\\/hempking.eu\\\/pl\\\/zinc-3x-immunity-cynk-complex-biowen-100-kapsulek\\\/#breadcrumb\"},\"inLanguage\":\"pl-PL\",\"potentialAction\":[{\"@type\":\"ReadAction\",\"target\":[\"https:\\\/\\\/hempking.eu\\\/pl\\\/zinc-3x-immunity-cynk-complex-biowen-100-kapsulek\\\/\"]}]},{\"@type\":\"ImageObject\",\"inLanguage\":\"pl-PL\",\"@id\":\"https:\\\/\\\/hempking.eu\\\/pl\\\/zinc-3x-immunity-cynk-complex-biowen-100-kapsulek\\\/#primaryimage\",\"url\":\"https:\\\/\\\/hempking.eu\\\/pl\\\/wp-content\\\/uploads\\\/sites\\\/2\\\/2023\\\/12\\\/1000x1000_naklejka_cynk-1.jpg\",\"contentUrl\":\"https:\\\/\\\/hempking.eu\\\/pl\\\/wp-content\\\/uploads\\\/sites\\\/2\\\/2023\\\/12\\\/1000x1000_naklejka_cynk-1.jpg\",\"width\":1000,\"height\":1000,\"caption\":\"Cynk Biowen M\u0105dra Babcia\"},{\"@type\":\"BreadcrumbList\",\"@id\":\"https:\\\/\\\/hempking.eu\\\/pl\\\/zinc-3x-immunity-cynk-complex-biowen-100-kapsulek\\\/#breadcrumb\",\"itemListElement\":[{\"@type\":\"ListItem\",\"position\":1,\"name\":\"Home\",\"item\":\"https:\\\/\\\/hempking.eu\\\/pl\\\/\"},{\"@type\":\"ListItem\",\"position\":2,\"name\":\"Sklep\",\"item\":\"https:\\\/\\\/hempking.eu\\\/pl\\\/shop\\\/\"},{\"@type\":\"ListItem\",\"position\":3,\"name\":\"Suplementy wed\u0142ug potrzeb\",\"item\":\"https:\\\/\\\/hempking.eu\\\/pl\\\/suplementy-i-preparaty-na-dolegliwosci\\\/\"},{\"@type\":\"ListItem\",\"position\":4,\"name\":\"Cukrzyca i insulinooporno\u015b\u0107\",\"item\":\"https:\\\/\\\/hempking.eu\\\/pl\\\/suplementy-na-cukrzyce-i-insulinoopornosc\\\/\"},{\"@type\":\"ListItem\",\"position\":5,\"name\":\"Zinc 3X Immunity, Cynk Complex+ Biowen - 100 kapsu\u0142ek\"}]},{\"@type\":\"WebSite\",\"@id\":\"https:\\\/\\\/hempking.eu\\\/pl\\\/#website\",\"url\":\"https:\\\/\\\/hempking.eu\\\/pl\\\/\",\"name\":\"Hemp King\",\"description\":\"\",\"publisher\":{\"@id\":\"https:\\\/\\\/hempking.eu\\\/pl\\\/#organization\"},\"potentialAction\":[{\"@type\":\"SearchAction\",\"target\":{\"@type\":\"EntryPoint\",\"urlTemplate\":\"https:\\\/\\\/hempking.eu\\\/pl\\\/?s={search_term_string}\"},\"query-input\":{\"@type\":\"PropertyValueSpecification\",\"valueRequired\":true,\"valueName\":\"search_term_string\"}}],\"inLanguage\":\"pl-PL\"},{\"@type\":\"Organization\",\"@id\":\"https:\\\/\\\/hempking.eu\\\/pl\\\/#organization\",\"name\":\"Hemp King\",\"url\":\"https:\\\/\\\/hempking.eu\\\/pl\\\/\",\"logo\":{\"@type\":\"ImageObject\",\"inLanguage\":\"pl-PL\",\"@id\":\"https:\\\/\\\/hempking.eu\\\/pl\\\/#\\\/schema\\\/logo\\\/image\\\/\",\"url\":\"https:\\\/\\\/hempking.eu\\\/pl\\\/wp-content\\\/uploads\\\/sites\\\/2\\\/2020\\\/05\\\/hempking.png\",\"contentUrl\":\"https:\\\/\\\/hempking.eu\\\/pl\\\/wp-content\\\/uploads\\\/sites\\\/2\\\/2020\\\/05\\\/hempking.png\",\"width\":148,\"height\":91,\"caption\":\"Hemp King\"},\"image\":{\"@id\":\"https:\\\/\\\/hempking.eu\\\/pl\\\/#\\\/schema\\\/logo\\\/image\\\/\"},\"sameAs\":[\"https:\\\/\\\/www.facebook.com\\\/hempkingpoland\",\"https:\\\/\\\/x.com\\\/hempkingeu\",\"https:\\\/\\\/www.instagram.com\\\/hempkingeu\\\/\",\"https:\\\/\\\/www.linkedin.com\\\/company\\\/hempking-eu\\\/mycompany\\\/\",\"https:\\\/\\\/pl.pinterest.com\\\/hempkingeu\\\/\",\"https:\\\/\\\/www.youtube.com\\\/channel\\\/UCUkeZA1fj4hSZfoYm0WpZ7w\"]}]}<\/script>\n<meta property=\"product:price:amount\" content=\"42.99\" \/>\n<meta property=\"product:price:currency\" content=\"PLN\" \/>\n<meta property=\"og:availability\" content=\"instock\" \/>\n<meta property=\"product:availability\" content=\"instock\" \/>\n<meta property=\"product:retailer_item_id\" content=\"5904806120618\" \/>\n<meta property=\"product:condition\" content=\"new\" \/>\n<!-- \/ Yoast SEO Premium plugin. -->","yoast_head_json":{"title":"Zinc 3X Immunity, Cynk Complex+ Biowen - 100 kapsu\u0142ek - Hemp King","description":"Zobacz \u261b Zinc 3X Immunity, Cynk Complex+ Biowen - 100 kapsu\u0142ek w konopnym sklepie HempKing \u2705100% naturalne \u2705 Zadbaj z nami o swoj\u0105 diet\u0119!","robots":{"index":"index","follow":"follow"},"canonical":"https:\/\/hempking.eu\/pl\/zinc-3x-immunity-cynk-complex-biowen-100-kapsulek\/","og_locale":"pl_PL","og_type":"article","og_title":"Zinc 3X Immunity, Cynk Complex+ Biowen - 100 kapsu\u0142ek - Hemp King","og_description":"Zobacz \u261b Zinc 3X Immunity, Cynk Complex+ Biowen - 100 kapsu\u0142ek w konopnym sklepie HempKing \u2705100% naturalne \u2705 Zadbaj z nami o swoj\u0105 diet\u0119!","og_url":"https:\/\/hempking.eu\/pl\/zinc-3x-immunity-cynk-complex-biowen-100-kapsulek\/","og_site_name":"Hemp King","article_publisher":"https:\/\/www.facebook.com\/hempkingpoland","article_modified_time":"2026-04-18T18:44:23+00:00","og_image":[{"width":1000,"height":1000,"url":"https:\/\/hempking.eu\/pl\/wp-content\/uploads\/sites\/2\/2023\/12\/cynk_hempking.jpg","type":"image\/jpeg"}],"twitter_card":"summary_large_image","twitter_title":"Zinc 3X Immunity, Cynk Complex+ Biowen - 100 kapsu\u0142ek - Hemp King","twitter_description":"Zobacz \u261b Zinc 3X Immunity, Cynk Complex+ Biowen - 100 kapsu\u0142ek w konopnym sklepie HempKing \u2705100% naturalne \u2705 Zadbaj z nami o swoj\u0105 diet\u0119!","twitter_image":"https:\/\/hempking.eu\/pl\/wp-content\/uploads\/sites\/2\/2023\/12\/cynk_hempking.jpg","twitter_site":"@hempkingeu","twitter_misc":{"Cena":"42.99&nbsp;&#122;&#322;","Dost\u0119pno\u015b\u0107":"Dost\u0119pny"},"schema":{"@context":"https:\/\/schema.org","@graph":[{"@type":"WebPage","@id":"https:\/\/hempking.eu\/pl\/zinc-3x-immunity-cynk-complex-biowen-100-kapsulek\/","url":"https:\/\/hempking.eu\/pl\/zinc-3x-immunity-cynk-complex-biowen-100-kapsulek\/","name":"Zinc 3X Immunity, Cynk Complex+ Biowen - 100 kapsu\u0142ek - Hemp King","isPartOf":{"@id":"https:\/\/hempking.eu\/pl\/#website"},"primaryImageOfPage":{"@id":"https:\/\/hempking.eu\/pl\/zinc-3x-immunity-cynk-complex-biowen-100-kapsulek\/#primaryimage"},"image":{"@id":"https:\/\/hempking.eu\/pl\/zinc-3x-immunity-cynk-complex-biowen-100-kapsulek\/#primaryimage"},"thumbnailUrl":"https:\/\/hempking.eu\/pl\/wp-content\/uploads\/sites\/2\/2023\/12\/1000x1000_naklejka_cynk-1.jpg","datePublished":"2023-12-05T11:09:49+00:00","dateModified":"2026-04-18T18:44:23+00:00","description":"Zobacz \u261b Zinc 3X Immunity, Cynk Complex+ Biowen - 100 kapsu\u0142ek w konopnym sklepie HempKing \u2705100% naturalne \u2705 Zadbaj z nami o swoj\u0105 diet\u0119!","breadcrumb":{"@id":"https:\/\/hempking.eu\/pl\/zinc-3x-immunity-cynk-complex-biowen-100-kapsulek\/#breadcrumb"},"inLanguage":"pl-PL","potentialAction":[{"@type":"ReadAction","target":["https:\/\/hempking.eu\/pl\/zinc-3x-immunity-cynk-complex-biowen-100-kapsulek\/"]}]},{"@type":"ImageObject","inLanguage":"pl-PL","@id":"https:\/\/hempking.eu\/pl\/zinc-3x-immunity-cynk-complex-biowen-100-kapsulek\/#primaryimage","url":"https:\/\/hempking.eu\/pl\/wp-content\/uploads\/sites\/2\/2023\/12\/1000x1000_naklejka_cynk-1.jpg","contentUrl":"https:\/\/hempking.eu\/pl\/wp-content\/uploads\/sites\/2\/2023\/12\/1000x1000_naklejka_cynk-1.jpg","width":1000,"height":1000,"caption":"Cynk Biowen M\u0105dra Babcia"},{"@type":"BreadcrumbList","@id":"https:\/\/hempking.eu\/pl\/zinc-3x-immunity-cynk-complex-biowen-100-kapsulek\/#breadcrumb","itemListElement":[{"@type":"ListItem","position":1,"name":"Home","item":"https:\/\/hempking.eu\/pl\/"},{"@type":"ListItem","position":2,"name":"Sklep","item":"https:\/\/hempking.eu\/pl\/shop\/"},{"@type":"ListItem","position":3,"name":"Suplementy wed\u0142ug potrzeb","item":"https:\/\/hempking.eu\/pl\/suplementy-i-preparaty-na-dolegliwosci\/"},{"@type":"ListItem","position":4,"name":"Cukrzyca i insulinooporno\u015b\u0107","item":"https:\/\/hempking.eu\/pl\/suplementy-na-cukrzyce-i-insulinoopornosc\/"},{"@type":"ListItem","position":5,"name":"Zinc 3X Immunity, Cynk Complex+ Biowen - 100 kapsu\u0142ek"}]},{"@type":"WebSite","@id":"https:\/\/hempking.eu\/pl\/#website","url":"https:\/\/hempking.eu\/pl\/","name":"Hemp King","description":"","publisher":{"@id":"https:\/\/hempking.eu\/pl\/#organization"},"potentialAction":[{"@type":"SearchAction","target":{"@type":"EntryPoint","urlTemplate":"https:\/\/hempking.eu\/pl\/?s={search_term_string}"},"query-input":{"@type":"PropertyValueSpecification","valueRequired":true,"valueName":"search_term_string"}}],"inLanguage":"pl-PL"},{"@type":"Organization","@id":"https:\/\/hempking.eu\/pl\/#organization","name":"Hemp King","url":"https:\/\/hempking.eu\/pl\/","logo":{"@type":"ImageObject","inLanguage":"pl-PL","@id":"https:\/\/hempking.eu\/pl\/#\/schema\/logo\/image\/","url":"https:\/\/hempking.eu\/pl\/wp-content\/uploads\/sites\/2\/2020\/05\/hempking.png","contentUrl":"https:\/\/hempking.eu\/pl\/wp-content\/uploads\/sites\/2\/2020\/05\/hempking.png","width":148,"height":91,"caption":"Hemp King"},"image":{"@id":"https:\/\/hempking.eu\/pl\/#\/schema\/logo\/image\/"},"sameAs":["https:\/\/www.facebook.com\/hempkingpoland","https:\/\/x.com\/hempkingeu","https:\/\/www.instagram.com\/hempkingeu\/","https:\/\/www.linkedin.com\/company\/hempking-eu\/mycompany\/","https:\/\/pl.pinterest.com\/hempkingeu\/","https:\/\/www.youtube.com\/channel\/UCUkeZA1fj4hSZfoYm0WpZ7w"]}]},"product_price_amount":"42.99","product_price_currency":"PLN","og_availability":"instock","product_availability":"instock","product_retailer_item_id":"5904806120618","product_condition":"new"},"df_price":42.99,"df_sale_price":"","df_regular_price":42.99,"df_image_link":"https:\/\/hempking.eu\/pl\/wp-content\/uploads\/sites\/2\/2023\/12\/1000x1000_naklejka_cynk-1-300x300.jpg","_links":{"self":[{"href":"https:\/\/hempking.eu\/pl\/wp-json\/wp\/v2\/product\/172880","targetHints":{"allow":["GET"]}}],"collection":[{"href":"https:\/\/hempking.eu\/pl\/wp-json\/wp\/v2\/product"}],"about":[{"href":"https:\/\/hempking.eu\/pl\/wp-json\/wp\/v2\/types\/product"}],"wp:featuredmedia":[{"embeddable":true,"href":"https:\/\/hempking.eu\/pl\/wp-json\/wp\/v2\/media\/207888"}],"wp:attachment":[{"href":"https:\/\/hempking.eu\/pl\/wp-json\/wp\/v2\/media?parent=172880"}],"wp:term":[{"taxonomy":"product_brand","embeddable":true,"href":"https:\/\/hempking.eu\/pl\/wp-json\/wp\/v2\/product_brand?post=172880"},{"taxonomy":"product_cat","embeddable":true,"href":"https:\/\/hempking.eu\/pl\/wp-json\/wp\/v2\/product_cat?post=172880"},{"taxonomy":"product_tag","embeddable":true,"href":"https:\/\/hempking.eu\/pl\/wp-json\/wp\/v2\/product_tag?post=172880"}],"curies":[{"name":"wp","href":"https:\/\/api.w.org\/{rel}","templated":true}]}}