{"id":174970,"date":"2023-12-13T14:43:35","date_gmt":"2023-12-13T13:43:35","guid":{"rendered":"https:\/\/hempking.eu\/pl\/?post_type=product&#038;p=174970"},"modified":"2026-04-18T15:38:23","modified_gmt":"2026-04-18T13:38:23","slug":"zestaw-suplementow-na-cholesterol","status":"publish","type":"product","link":"https:\/\/hempking.eu\/pl\/zestaw-suplementow-na-cholesterol\/","title":{"rendered":"Zestaw suplement\u00f3w na cholesterol"},"content":{"rendered":"<p><span style=\"font-weight: 400;\">Czy martwisz si\u0119 o poziom cholesterolu i szukasz naturalnych sposob\u00f3w, aby go kontrolowa\u0107? Nasz zestaw suplement\u00f3w zosta\u0142 starannie przygotowany, aby wspiera\u0107 zdrowy poziom cholesterolu, wykorzystuj\u0105c si\u0142\u0119 naturalnych sk\u0142adnik\u00f3w. Dedykowany osobom dbaj\u0105cym o zdrowie serca i uk\u0142adu krwiono\u015bnego, ten zestaw jest idealnym uzupe\u0142nieniem zbilansowanej diety i zdrowego stylu \u017cycia.<\/span><\/p>\n<h2><span style=\"font-weight: 400;\">Hepa Strong Complex+ :<\/span><\/h2>\n<p><span style=\"font-weight: 400;\">Hepa Strong Complex+ to specjalistyczny suplement zawieraj\u0105cy sk\u0142adniki wspieraj\u0105ce zdrowie w\u0105troby, kt\u00f3ra odgrywa kluczow\u0105 rol\u0119 w metabolizmie cholesterolu. W jego sk\u0142ad wchodz\u0105 wyci\u0105gi z ostropestu plamistego, karczocha, kurkumy i pieprzu czarnego, kt\u00f3re wspomagaj\u0105 naturalne procesy detoksykacyjne w\u0105troby i przyczyniaj\u0105 si\u0119 do utrzymania odpowiedniego poziomu cholesterolu. Regularne spo\u017cywanie mo\u017ce wspiera\u0107 zdrowie w\u0105troby i pomaga\u0107 w utrzymaniu prawid\u0142owego metabolizmu t\u0142uszcz\u00f3w.<\/span><\/p>\n<div class=\"porto-products wpb_content_element\"><div class=\"woocommerce \"><ul class=\"products products-container list has-ccols has-ccols-spacing ccols-xl-1 ccols-lg-1 ccols-md-1 ccols-sm-1 ccols-2 pwidth-lg-1 pwidth-md-1 pwidth-xs-1 pwidth-ls-1 is-shortcode\"\n\t data-cur_page=\"1\" data-max_page=\"1\" data-product_layout=\"product-\" role=\"none\">\n\n<li role=\"none\" class=\"product-col product type-product post-131851 status-publish first instock product_cat-biowen product_cat-madra-babcia-poleca product_cat-marki product_cat-obnizka-produktow-do-15 product_cat-suplementy-na-uklad-pokarmowy product_cat-wsparcie-watroby product_cat-suplementy has-post-thumbnail shipping-taxable purchasable product-type-simple\">\n<div class=\"product-inner\">\n\t\n\t<div class=\"product-image\">\n\n\t\t<a  href=\"https:\/\/hempking.eu\/pl\/hepa-strong-complex-biowen-90-kapsulek\/\" aria-label=\"Go to product page\">\n\t\t\t<div class=\"inner\"><img decoding=\"async\" width=\"600\" height=\"600\" src=\"https:\/\/hempking.eu\/pl\/wp-content\/uploads\/sites\/2\/2023\/03\/1000x1000_naklejka_hepa-1-600x600.jpg\" class=\"attachment-woocommerce_thumbnail size-woocommerce_thumbnail\" alt=\"hepa strong biowen m\u0105dra babcia poleca\" srcset=\"https:\/\/hempking.eu\/pl\/wp-content\/uploads\/sites\/2\/2023\/03\/1000x1000_naklejka_hepa-1-600x600.jpg 600w, https:\/\/hempking.eu\/pl\/wp-content\/uploads\/sites\/2\/2023\/03\/1000x1000_naklejka_hepa-1-400x400.jpg 400w\" sizes=\"(max-width: 600px) 100vw, 600px\" \/><\/div>\t\t<\/a>\n\t\t\t<\/div>\n\n\t<div class=\"product-content\">\n\t\t\n\t\t\t<a class=\"product-loop-title\"  href=\"https:\/\/hempking.eu\/pl\/hepa-strong-complex-biowen-90-kapsulek\/\">\n\t<h3 class=\"woocommerce-loop-product__title\">Hepa Strong Complex+ Biowen - 90 kapsu\u0142ek<\/h3>\t<\/a>\n\t\n\t\t\t<div class=\"description\">\n\t\t\t\t<p class=\"post-excerpt\">Hepa Strong Complex+ Biowen kapsu\u0142ki na w\u0105trob\u0119:<\/p>\n<p> \t14 sk\u0142adnik\u00f3w aktywnych dla zdrowia w\u0105troby,<br \/>\n \topatentowane formu\u0142y Panicin\u2122, BioPerine\u00ae, VitaCholine\u00ae, Saberry\u00ae, Curcumin C3 Complex\u00ae<br \/>\n \tbez zb\u0119dnych czy kontrowersyjnych dodatk\u00f3w,<br \/>\n \tdla wegan i&#8230;<\/p>\n\t<\/div>\n\t\n\t<span class=\"price\"><span class=\"woocommerce-Price-amount amount\"><bdi>86.99&nbsp;<span class=\"woocommerce-Price-currencySymbol\">&#122;&#322;<\/span><\/bdi><\/span><\/span>\n\n\t\t<div class=\"add-links-wrap\">\n\t<div class=\"add-links clearfix\">\n\t\t\t<div class=\"quantity buttons_added simple-type\">\n\t\t\t\t<button type=\"button\" value=\"-\" class=\"minus\">-<\/button>\n\t\t<input\n\t\t\ttype=\"number\"\n\t\t\tid=\"quantity_69e3e485268fd\"\n\t\t\tclass=\"input-text qty text\"\n\t\t\tstep=\"1\"\n\t\t\tmin=\"1\"\n\t\t\t\t\t\t\tmax=\"2900\"\n\t\t\t\t\t\tname=\"quantity\"\n\t\t\tvalue=\"1\"\n\t\t\taria-label=\"Ilo\u015b\u0107 produktu\"\n\t\t\t\t\tplaceholder=\"\"\t\t\tinputmode=\"numeric\" \/>\n\t\t<button type=\"button\" value=\"+\" class=\"plus\">+<\/button>\n\t\t\t<\/div>\n\t<a href=\"\/pl\/wp-json\/wp\/v2\/product\/174970?add-to-cart=131851\" data-quantity=\"1\" class=\"viewcart-style-2 button product_type_simple add_to_cart_button ajax_add_to_cart\" data-product_id=\"131851\" data-product_sku=\"5904806120380\" aria-label=\"Dodaj do koszyka: &bdquo;Hepa Strong Complex+ Biowen - 90 kapsu\u0142ek&rdquo;\" rel=\"nofollow\" data-success_message=\"&ldquo;Hepa Strong Complex+ Biowen - 90 kapsu\u0142ek&rdquo; zosta\u0142 dodany do twojego koszyka\" role=\"button\">Dodaj do koszyka<\/a>\n<div\n\tclass=\"yith-wcwl-add-to-wishlist add-to-wishlist-131851 yith-wcwl-add-to-wishlist--link-style wishlist-fragment on-first-load\"\n\tdata-fragment-ref=\"131851\"\n\tdata-fragment-options=\"{&quot;base_url&quot;:&quot;&quot;,&quot;product_id&quot;:131851,&quot;parent_product_id&quot;:0,&quot;product_type&quot;:&quot;simple&quot;,&quot;is_single&quot;:false,&quot;in_default_wishlist&quot;:false,&quot;show_view&quot;:false,&quot;browse_wishlist_text&quot;:&quot;Przegl\\u0105daj obserwowane produkty&quot;,&quot;already_in_wishslist_text&quot;:&quot;Produkt zosta\\u0142 ju\\u017c dodany do obserwowanych!&quot;,&quot;product_added_text&quot;:&quot;Produkt dodany!&quot;,&quot;available_multi_wishlist&quot;:false,&quot;disable_wishlist&quot;:false,&quot;show_count&quot;:false,&quot;ajax_loading&quot;:false,&quot;loop_position&quot;:&quot;after_add_to_cart&quot;,&quot;item&quot;:&quot;add_to_wishlist&quot;}\"\n>\n\t<\/div>\n\t<\/div>\n\t<\/div>\n\t<\/div>\n<\/div>\n\n<\/li>\n<\/ul>\n<\/div><\/div>\n<h2><span style=\"font-weight: 400;\">Kurkuma C3 Complex 98% kurkuminoid\u00f3w:<\/span><\/h2>\n<p><span style=\"font-weight: 400;\">Drugi produkt, Kurkuma C3 Complex, zawiera 98% kurkuminoid\u00f3w, aktywnych sk\u0142adnik\u00f3w kurkumy, kt\u00f3re s\u0105 znane ze swoich w\u0142a\u015bciwo\u015bci przeciwzapalnych i prozdrowotnych. Kurkumina wspiera zdrowie serca i uk\u0142adu krwiono\u015bnego, przyczyniaj\u0105c si\u0119 do obni\u017cenia poziomu z\u0142ego cholesterolu LDL i zwi\u0119kszenia dobrego cholesterolu HDL. Ten suplement jest doskona\u0142ym wyborem dla os\u00f3b, kt\u00f3re chc\u0105 naturalnie regulowa\u0107 poziom cholesterolu i dba\u0107 o og\u00f3ln\u0105 kondycj\u0119 zdrowotn\u0105.<\/span><\/p>\n<div class=\"porto-products wpb_content_element\"><div class=\"woocommerce \"><ul class=\"products products-container list has-ccols has-ccols-spacing ccols-xl-1 ccols-lg-1 ccols-md-1 ccols-sm-1 ccols-2 pwidth-lg-1 pwidth-md-1 pwidth-xs-1 pwidth-ls-1 is-shortcode\"\n\t data-cur_page=\"1\" data-max_page=\"1\" data-product_layout=\"product-\" role=\"none\">\n\n<li role=\"none\" class=\"product-col product type-product post-145471 status-publish first instock product_cat-biowen product_cat-suplementy-na-cukrzyce-i-insulinoopornosc product_cat-madra-babcia-poleca product_cat-obnizka-produktow-do-15 product_cat-suplementy-na-uklad-pokarmowy product_cat-witaminy-i-mineraly product_cat-suplementy has-post-thumbnail shipping-taxable purchasable product-type-simple\">\n<div class=\"product-inner\">\n\t\n\t<div class=\"product-image\">\n\n\t\t<a  href=\"https:\/\/hempking.eu\/pl\/kurkuma-c3-complex-98-kurkuminoidow-biowen-60-kapsulek\/\" aria-label=\"Go to product page\">\n\t\t\t<div class=\"inner\"><img decoding=\"async\" width=\"600\" height=\"600\" src=\"https:\/\/hempking.eu\/pl\/wp-content\/uploads\/sites\/2\/2023\/07\/Kurkuma_C3_Complex_Hempking-600x600.jpg\" class=\"attachment-woocommerce_thumbnail size-woocommerce_thumbnail\" alt=\"Kurkuma C3 Complex+, 98% kurkuminoid\u00f3w, 95% piperyny, 5% gingeroli Biowen\u00a0-\u00a060\u00a0kapsu\u0142ek\" srcset=\"https:\/\/hempking.eu\/pl\/wp-content\/uploads\/sites\/2\/2023\/07\/Kurkuma_C3_Complex_Hempking-600x600.jpg 600w, https:\/\/hempking.eu\/pl\/wp-content\/uploads\/sites\/2\/2023\/07\/Kurkuma_C3_Complex_Hempking-400x400.jpg 400w\" sizes=\"(max-width: 600px) 100vw, 600px\" \/><\/div>\t\t<\/a>\n\t\t\t<\/div>\n\n\t<div class=\"product-content\">\n\t\t\n\t\t\t<a class=\"product-loop-title\"  href=\"https:\/\/hempking.eu\/pl\/kurkuma-c3-complex-98-kurkuminoidow-biowen-60-kapsulek\/\">\n\t<h3 class=\"woocommerce-loop-product__title\">Kurkuma C3 Complex+, 98% kurkuminoid\u00f3w, 95% piperyny, 5% gingeroli Biowen\u00a0-\u00a060\u00a0kapsu\u0142ek<\/h3>\t<\/a>\n\t\n\t\t\t<div class=\"description\">\n\t\t\t\t<p class=\"post-excerpt\">Kurkuma C3 Complex to:\u00a0<\/p>\n<p> \tpotr\u00f3jna stanadryzacja na kurkuminoidy Curcumim C3 Complex\u00ae,<br \/>\n \tdodatek imbiru standaryzowanego na gingerole oraz BioPerine\u00ae,<br \/>\n \tbogactwo w\u0142a\u015bciwo\u015bci dla uk\u0142adu pokarmowego i nie tylko,<br \/>\n \twega\u0144ska otoczka kapsu\u0142ki,<br \/>\n \tczysty&#8230;<\/p>\n\t<\/div>\n\t\n\t<span class=\"price\"><span class=\"woocommerce-Price-amount amount\"><bdi>69.99&nbsp;<span class=\"woocommerce-Price-currencySymbol\">&#122;&#322;<\/span><\/bdi><\/span><\/span>\n\n\t\t<div class=\"add-links-wrap\">\n\t<div class=\"add-links clearfix\">\n\t\t\t<div class=\"quantity buttons_added simple-type\">\n\t\t\t\t<button type=\"button\" value=\"-\" class=\"minus\">-<\/button>\n\t\t<input\n\t\t\ttype=\"number\"\n\t\t\tid=\"quantity_69e3e4852b990\"\n\t\t\tclass=\"input-text qty text\"\n\t\t\tstep=\"1\"\n\t\t\tmin=\"1\"\n\t\t\t\t\t\t\tmax=\"2651\"\n\t\t\t\t\t\tname=\"quantity\"\n\t\t\tvalue=\"1\"\n\t\t\taria-label=\"Ilo\u015b\u0107 produktu\"\n\t\t\t\t\tplaceholder=\"\"\t\t\tinputmode=\"numeric\" \/>\n\t\t<button type=\"button\" value=\"+\" class=\"plus\">+<\/button>\n\t\t\t<\/div>\n\t<a href=\"\/pl\/wp-json\/wp\/v2\/product\/174970?add-to-cart=145471\" data-quantity=\"1\" class=\"viewcart-style-2 button product_type_simple add_to_cart_button ajax_add_to_cart\" data-product_id=\"145471\" data-product_sku=\"5902906189368\" aria-label=\"Dodaj do koszyka: &bdquo;Kurkuma C3 Complex+, 98% kurkuminoid\u00f3w, 95% piperyny, 5% gingeroli Biowen\u00a0-\u00a060\u00a0kapsu\u0142ek&rdquo;\" rel=\"nofollow\" data-success_message=\"&ldquo;Kurkuma C3 Complex+, 98% kurkuminoid\u00f3w, 95% piperyny, 5% gingeroli Biowen\u00a0-\u00a060\u00a0kapsu\u0142ek&rdquo; zosta\u0142 dodany do twojego koszyka\" role=\"button\">Dodaj do koszyka<\/a>\n<div\n\tclass=\"yith-wcwl-add-to-wishlist add-to-wishlist-145471 yith-wcwl-add-to-wishlist--link-style wishlist-fragment on-first-load\"\n\tdata-fragment-ref=\"145471\"\n\tdata-fragment-options=\"{&quot;base_url&quot;:&quot;&quot;,&quot;product_id&quot;:145471,&quot;parent_product_id&quot;:0,&quot;product_type&quot;:&quot;simple&quot;,&quot;is_single&quot;:false,&quot;in_default_wishlist&quot;:false,&quot;show_view&quot;:false,&quot;browse_wishlist_text&quot;:&quot;Przegl\\u0105daj obserwowane produkty&quot;,&quot;already_in_wishslist_text&quot;:&quot;Produkt zosta\\u0142 ju\\u017c dodany do obserwowanych!&quot;,&quot;product_added_text&quot;:&quot;Produkt dodany!&quot;,&quot;available_multi_wishlist&quot;:false,&quot;disable_wishlist&quot;:false,&quot;show_count&quot;:false,&quot;ajax_loading&quot;:false,&quot;loop_position&quot;:&quot;after_add_to_cart&quot;,&quot;item&quot;:&quot;add_to_wishlist&quot;}\"\n>\n\t<\/div>\n\t<\/div>\n\t<\/div>\n\t<\/div>\n<\/div>\n\n<\/li>\n<\/ul>\n<\/div><\/div>\n<p><strong>Producent\/ Podmiot odpowiedzialny:<\/strong><\/p>\n<p>Biodio Lab Sp. z o.o.<br \/>\nUl. Choroszcza\u0144ska 24<br \/>\n15-732 Bia\u0142ystok<\/p>\n","protected":false},"excerpt":{"rendered":"<h2>Zestaw zawiera:<\/h2>\n<ul>\n<li><a href=\"https:\/\/hempking.eu\/pl\/hepa-strong-complex-biowen-90-kapsulek\/\" target=\"_blank\" rel=\"noopener\">Hepa Strong Complex+ Biowen &#8211; 90 kapsu\u0142ek<\/a><\/li>\n<li><a href=\"https:\/\/hempking.eu\/pl\/kurkuma-c3-complex-98-kurkuminoidow-biowen-60-kapsulek\/\" target=\"_blank\" rel=\"noopener\">Kurkuma C3 Complex+, 98% kurkuminoid\u00f3w, 95% piperyny, 5% gingeroli Biowen &#8211; 60 kapsu\u0142ek<\/a><\/li>\n<\/ul>\n<p><strong>Kupuj\u0105c w zestawie oszcz\u0119dzasz ponad 20%!<\/strong><\/p>\n","protected":false},"featured_media":178694,"template":"","meta":{"_acf_changed":false},"product_brand":[],"product_cat":[439,457,142,141,452,413,33,150,151,152,460],"product_tag":[],"class_list":{"0":"post-174970","1":"product","2":"type-product","3":"status-publish","4":"has-post-thumbnail","6":"product_cat-biowen","7":"product_cat-madra-babcia-poleca","8":"product_cat-obnizka-produktow-do-20","9":"product_cat-obnizka-produktow-do-25","10":"product_cat-suplementy-na-uklad-pokarmowy","11":"product_cat-wsparcie-watroby","12":"product_cat-zestawy","13":"product_cat-zestawy-dla-kobiet","14":"product_cat-zestawy-dla-mezczyzn","15":"product_cat-zestawy-prezentowe","16":"product_cat-okazje","18":"first","19":"instock","20":"sale","21":"shipping-taxable","22":"purchasable","23":"product-type-simple"},"acf":[],"yoast_head":"<!-- This site is optimized with the Yoast SEO Premium plugin v24.8 (Yoast SEO v27.3) - https:\/\/yoast.com\/product\/yoast-seo-premium-wordpress\/ -->\n<title>Zestaw suplement\u00f3w na cholesterol - Hemp King<\/title>\n<meta name=\"description\" content=\"Zobacz \u261b Zestaw suplement\u00f3w na cholesterol w konopnym sklepie HempKing \u2705100% naturalne \u2705 Zadbaj z nami o swoj\u0105 diet\u0119!\" \/>\n<meta name=\"robots\" content=\"index, follow\" \/>\n<link rel=\"canonical\" href=\"https:\/\/hempking.eu\/pl\/zestaw-suplementow-na-cholesterol\/\" \/>\n<meta property=\"og:locale\" content=\"pl_PL\" \/>\n<meta property=\"og:type\" content=\"article\" \/>\n<meta property=\"og:title\" content=\"Zestaw suplement\u00f3w na cholesterol\" \/>\n<meta property=\"og:description\" content=\"Zobacz \u261b Zestaw suplement\u00f3w na cholesterol w konopnym sklepie HempKing \u2705100% naturalne \u2705 Zadbaj z nami o swoj\u0105 diet\u0119!\" \/>\n<meta property=\"og:url\" content=\"https:\/\/hempking.eu\/pl\/zestaw-suplementow-na-cholesterol\/\" \/>\n<meta property=\"og:site_name\" content=\"Hemp King\" \/>\n<meta property=\"article:publisher\" content=\"https:\/\/www.facebook.com\/hempkingpoland\" \/>\n<meta property=\"article:modified_time\" content=\"2026-04-18T13:38:23+00:00\" \/>\n<meta property=\"og:image\" content=\"https:\/\/hempking.eu\/pl\/wp-content\/uploads\/sites\/2\/2023\/12\/Zestaw-suplementow-na-cholesterol.jpg\" \/>\n\t<meta property=\"og:image:width\" content=\"1000\" \/>\n\t<meta property=\"og:image:height\" content=\"1000\" \/>\n\t<meta property=\"og:image:type\" content=\"image\/jpeg\" \/>\n<meta name=\"twitter:card\" content=\"summary_large_image\" \/>\n<meta name=\"twitter:site\" content=\"@hempkingeu\" \/>\n<meta name=\"twitter:label1\" content=\"Cena\" \/>\n\t<meta name=\"twitter:data1\" content=\"114.53&nbsp;&#122;&#322;\" \/>\n\t<meta name=\"twitter:label2\" content=\"Dost\u0119pno\u015b\u0107\" \/>\n\t<meta name=\"twitter:data2\" content=\"Dost\u0119pny\" \/>\n<script type=\"application\/ld+json\" class=\"yoast-schema-graph\">{\"@context\":\"https:\\\/\\\/schema.org\",\"@graph\":[{\"@type\":\"WebPage\",\"@id\":\"https:\\\/\\\/hempking.eu\\\/pl\\\/zestaw-suplementow-na-cholesterol\\\/\",\"url\":\"https:\\\/\\\/hempking.eu\\\/pl\\\/zestaw-suplementow-na-cholesterol\\\/\",\"name\":\"Zestaw suplement\u00f3w na cholesterol - Hemp King\",\"isPartOf\":{\"@id\":\"https:\\\/\\\/hempking.eu\\\/pl\\\/#website\"},\"primaryImageOfPage\":{\"@id\":\"https:\\\/\\\/hempking.eu\\\/pl\\\/zestaw-suplementow-na-cholesterol\\\/#primaryimage\"},\"image\":{\"@id\":\"https:\\\/\\\/hempking.eu\\\/pl\\\/zestaw-suplementow-na-cholesterol\\\/#primaryimage\"},\"thumbnailUrl\":\"https:\\\/\\\/hempking.eu\\\/pl\\\/wp-content\\\/uploads\\\/sites\\\/2\\\/2023\\\/12\\\/Zestaw-suplementow-na-cholesterol.jpg\",\"datePublished\":\"2023-12-13T13:43:35+00:00\",\"dateModified\":\"2026-04-18T13:38:23+00:00\",\"description\":\"Zobacz \u261b Zestaw suplement\u00f3w na cholesterol w konopnym sklepie HempKing \u2705100% naturalne \u2705 Zadbaj z nami o swoj\u0105 diet\u0119!\",\"breadcrumb\":{\"@id\":\"https:\\\/\\\/hempking.eu\\\/pl\\\/zestaw-suplementow-na-cholesterol\\\/#breadcrumb\"},\"inLanguage\":\"pl-PL\",\"potentialAction\":[{\"@type\":\"ReadAction\",\"target\":[\"https:\\\/\\\/hempking.eu\\\/pl\\\/zestaw-suplementow-na-cholesterol\\\/\"]}]},{\"@type\":\"ImageObject\",\"inLanguage\":\"pl-PL\",\"@id\":\"https:\\\/\\\/hempking.eu\\\/pl\\\/zestaw-suplementow-na-cholesterol\\\/#primaryimage\",\"url\":\"https:\\\/\\\/hempking.eu\\\/pl\\\/wp-content\\\/uploads\\\/sites\\\/2\\\/2023\\\/12\\\/Zestaw-suplementow-na-cholesterol.jpg\",\"contentUrl\":\"https:\\\/\\\/hempking.eu\\\/pl\\\/wp-content\\\/uploads\\\/sites\\\/2\\\/2023\\\/12\\\/Zestaw-suplementow-na-cholesterol.jpg\",\"width\":1000,\"height\":1000,\"caption\":\"Zestaw na cholesterol\"},{\"@type\":\"BreadcrumbList\",\"@id\":\"https:\\\/\\\/hempking.eu\\\/pl\\\/zestaw-suplementow-na-cholesterol\\\/#breadcrumb\",\"itemListElement\":[{\"@type\":\"ListItem\",\"position\":1,\"name\":\"Home\",\"item\":\"https:\\\/\\\/hempking.eu\\\/pl\\\/\"},{\"@type\":\"ListItem\",\"position\":2,\"name\":\"Sklep\",\"item\":\"https:\\\/\\\/hempking.eu\\\/pl\\\/shop\\\/\"},{\"@type\":\"ListItem\",\"position\":3,\"name\":\"Zestawy\",\"item\":\"https:\\\/\\\/hempking.eu\\\/pl\\\/zestawy\\\/\"},{\"@type\":\"ListItem\",\"position\":4,\"name\":\"Zestawy prezentowe\",\"item\":\"https:\\\/\\\/hempking.eu\\\/pl\\\/zestawy-prezentowe\\\/\"},{\"@type\":\"ListItem\",\"position\":5,\"name\":\"Zestaw suplement\u00f3w na cholesterol\"}]},{\"@type\":\"WebSite\",\"@id\":\"https:\\\/\\\/hempking.eu\\\/pl\\\/#website\",\"url\":\"https:\\\/\\\/hempking.eu\\\/pl\\\/\",\"name\":\"Hemp King\",\"description\":\"\",\"publisher\":{\"@id\":\"https:\\\/\\\/hempking.eu\\\/pl\\\/#organization\"},\"potentialAction\":[{\"@type\":\"SearchAction\",\"target\":{\"@type\":\"EntryPoint\",\"urlTemplate\":\"https:\\\/\\\/hempking.eu\\\/pl\\\/?s={search_term_string}\"},\"query-input\":{\"@type\":\"PropertyValueSpecification\",\"valueRequired\":true,\"valueName\":\"search_term_string\"}}],\"inLanguage\":\"pl-PL\"},{\"@type\":\"Organization\",\"@id\":\"https:\\\/\\\/hempking.eu\\\/pl\\\/#organization\",\"name\":\"Hemp King\",\"url\":\"https:\\\/\\\/hempking.eu\\\/pl\\\/\",\"logo\":{\"@type\":\"ImageObject\",\"inLanguage\":\"pl-PL\",\"@id\":\"https:\\\/\\\/hempking.eu\\\/pl\\\/#\\\/schema\\\/logo\\\/image\\\/\",\"url\":\"https:\\\/\\\/hempking.eu\\\/pl\\\/wp-content\\\/uploads\\\/sites\\\/2\\\/2020\\\/05\\\/hempking.png\",\"contentUrl\":\"https:\\\/\\\/hempking.eu\\\/pl\\\/wp-content\\\/uploads\\\/sites\\\/2\\\/2020\\\/05\\\/hempking.png\",\"width\":148,\"height\":91,\"caption\":\"Hemp King\"},\"image\":{\"@id\":\"https:\\\/\\\/hempking.eu\\\/pl\\\/#\\\/schema\\\/logo\\\/image\\\/\"},\"sameAs\":[\"https:\\\/\\\/www.facebook.com\\\/hempkingpoland\",\"https:\\\/\\\/x.com\\\/hempkingeu\",\"https:\\\/\\\/www.instagram.com\\\/hempkingeu\\\/\",\"https:\\\/\\\/www.linkedin.com\\\/company\\\/hempking-eu\\\/mycompany\\\/\",\"https:\\\/\\\/pl.pinterest.com\\\/hempkingeu\\\/\",\"https:\\\/\\\/www.youtube.com\\\/channel\\\/UCUkeZA1fj4hSZfoYm0WpZ7w\"]}]}<\/script>\n<meta property=\"product:price:amount\" content=\"114.53\" \/>\n<meta property=\"product:price:currency\" content=\"PLN\" \/>\n<meta property=\"og:availability\" content=\"instock\" \/>\n<meta property=\"product:availability\" content=\"instock\" \/>\n<meta property=\"product:condition\" content=\"new\" \/>\n<!-- \/ Yoast SEO Premium plugin. -->","yoast_head_json":{"title":"Zestaw suplement\u00f3w na cholesterol - Hemp King","description":"Zobacz \u261b Zestaw suplement\u00f3w na cholesterol w konopnym sklepie HempKing \u2705100% naturalne \u2705 Zadbaj z nami o swoj\u0105 diet\u0119!","robots":{"index":"index","follow":"follow"},"canonical":"https:\/\/hempking.eu\/pl\/zestaw-suplementow-na-cholesterol\/","og_locale":"pl_PL","og_type":"article","og_title":"Zestaw suplement\u00f3w na cholesterol","og_description":"Zobacz \u261b Zestaw suplement\u00f3w na cholesterol w konopnym sklepie HempKing \u2705100% naturalne \u2705 Zadbaj z nami o swoj\u0105 diet\u0119!","og_url":"https:\/\/hempking.eu\/pl\/zestaw-suplementow-na-cholesterol\/","og_site_name":"Hemp King","article_publisher":"https:\/\/www.facebook.com\/hempkingpoland","article_modified_time":"2026-04-18T13:38:23+00:00","og_image":[{"width":1000,"height":1000,"url":"https:\/\/hempking.eu\/pl\/wp-content\/uploads\/sites\/2\/2023\/12\/Zestaw-suplementow-na-cholesterol.jpg","type":"image\/jpeg"}],"twitter_card":"summary_large_image","twitter_site":"@hempkingeu","twitter_misc":{"Cena":"114.53&nbsp;&#122;&#322;","Dost\u0119pno\u015b\u0107":"Dost\u0119pny"},"schema":{"@context":"https:\/\/schema.org","@graph":[{"@type":"WebPage","@id":"https:\/\/hempking.eu\/pl\/zestaw-suplementow-na-cholesterol\/","url":"https:\/\/hempking.eu\/pl\/zestaw-suplementow-na-cholesterol\/","name":"Zestaw suplement\u00f3w na cholesterol - Hemp King","isPartOf":{"@id":"https:\/\/hempking.eu\/pl\/#website"},"primaryImageOfPage":{"@id":"https:\/\/hempking.eu\/pl\/zestaw-suplementow-na-cholesterol\/#primaryimage"},"image":{"@id":"https:\/\/hempking.eu\/pl\/zestaw-suplementow-na-cholesterol\/#primaryimage"},"thumbnailUrl":"https:\/\/hempking.eu\/pl\/wp-content\/uploads\/sites\/2\/2023\/12\/Zestaw-suplementow-na-cholesterol.jpg","datePublished":"2023-12-13T13:43:35+00:00","dateModified":"2026-04-18T13:38:23+00:00","description":"Zobacz \u261b Zestaw suplement\u00f3w na cholesterol w konopnym sklepie HempKing \u2705100% naturalne \u2705 Zadbaj z nami o swoj\u0105 diet\u0119!","breadcrumb":{"@id":"https:\/\/hempking.eu\/pl\/zestaw-suplementow-na-cholesterol\/#breadcrumb"},"inLanguage":"pl-PL","potentialAction":[{"@type":"ReadAction","target":["https:\/\/hempking.eu\/pl\/zestaw-suplementow-na-cholesterol\/"]}]},{"@type":"ImageObject","inLanguage":"pl-PL","@id":"https:\/\/hempking.eu\/pl\/zestaw-suplementow-na-cholesterol\/#primaryimage","url":"https:\/\/hempking.eu\/pl\/wp-content\/uploads\/sites\/2\/2023\/12\/Zestaw-suplementow-na-cholesterol.jpg","contentUrl":"https:\/\/hempking.eu\/pl\/wp-content\/uploads\/sites\/2\/2023\/12\/Zestaw-suplementow-na-cholesterol.jpg","width":1000,"height":1000,"caption":"Zestaw na cholesterol"},{"@type":"BreadcrumbList","@id":"https:\/\/hempking.eu\/pl\/zestaw-suplementow-na-cholesterol\/#breadcrumb","itemListElement":[{"@type":"ListItem","position":1,"name":"Home","item":"https:\/\/hempking.eu\/pl\/"},{"@type":"ListItem","position":2,"name":"Sklep","item":"https:\/\/hempking.eu\/pl\/shop\/"},{"@type":"ListItem","position":3,"name":"Zestawy","item":"https:\/\/hempking.eu\/pl\/zestawy\/"},{"@type":"ListItem","position":4,"name":"Zestawy prezentowe","item":"https:\/\/hempking.eu\/pl\/zestawy-prezentowe\/"},{"@type":"ListItem","position":5,"name":"Zestaw suplement\u00f3w na cholesterol"}]},{"@type":"WebSite","@id":"https:\/\/hempking.eu\/pl\/#website","url":"https:\/\/hempking.eu\/pl\/","name":"Hemp King","description":"","publisher":{"@id":"https:\/\/hempking.eu\/pl\/#organization"},"potentialAction":[{"@type":"SearchAction","target":{"@type":"EntryPoint","urlTemplate":"https:\/\/hempking.eu\/pl\/?s={search_term_string}"},"query-input":{"@type":"PropertyValueSpecification","valueRequired":true,"valueName":"search_term_string"}}],"inLanguage":"pl-PL"},{"@type":"Organization","@id":"https:\/\/hempking.eu\/pl\/#organization","name":"Hemp King","url":"https:\/\/hempking.eu\/pl\/","logo":{"@type":"ImageObject","inLanguage":"pl-PL","@id":"https:\/\/hempking.eu\/pl\/#\/schema\/logo\/image\/","url":"https:\/\/hempking.eu\/pl\/wp-content\/uploads\/sites\/2\/2020\/05\/hempking.png","contentUrl":"https:\/\/hempking.eu\/pl\/wp-content\/uploads\/sites\/2\/2020\/05\/hempking.png","width":148,"height":91,"caption":"Hemp King"},"image":{"@id":"https:\/\/hempking.eu\/pl\/#\/schema\/logo\/image\/"},"sameAs":["https:\/\/www.facebook.com\/hempkingpoland","https:\/\/x.com\/hempkingeu","https:\/\/www.instagram.com\/hempkingeu\/","https:\/\/www.linkedin.com\/company\/hempking-eu\/mycompany\/","https:\/\/pl.pinterest.com\/hempkingeu\/","https:\/\/www.youtube.com\/channel\/UCUkeZA1fj4hSZfoYm0WpZ7w"]}]},"product_price_amount":"114.53","product_price_currency":"PLN","og_availability":"instock","product_availability":"instock","product_condition":"new"},"df_price":114.53,"df_sale_price":114.53,"df_regular_price":144.98,"df_image_link":"https:\/\/hempking.eu\/pl\/wp-content\/uploads\/sites\/2\/2023\/12\/Zestaw-suplementow-na-cholesterol-300x300.jpg","_links":{"self":[{"href":"https:\/\/hempking.eu\/pl\/wp-json\/wp\/v2\/product\/174970","targetHints":{"allow":["GET"]}}],"collection":[{"href":"https:\/\/hempking.eu\/pl\/wp-json\/wp\/v2\/product"}],"about":[{"href":"https:\/\/hempking.eu\/pl\/wp-json\/wp\/v2\/types\/product"}],"wp:featuredmedia":[{"embeddable":true,"href":"https:\/\/hempking.eu\/pl\/wp-json\/wp\/v2\/media\/178694"}],"wp:attachment":[{"href":"https:\/\/hempking.eu\/pl\/wp-json\/wp\/v2\/media?parent=174970"}],"wp:term":[{"taxonomy":"product_brand","embeddable":true,"href":"https:\/\/hempking.eu\/pl\/wp-json\/wp\/v2\/product_brand?post=174970"},{"taxonomy":"product_cat","embeddable":true,"href":"https:\/\/hempking.eu\/pl\/wp-json\/wp\/v2\/product_cat?post=174970"},{"taxonomy":"product_tag","embeddable":true,"href":"https:\/\/hempking.eu\/pl\/wp-json\/wp\/v2\/product_tag?post=174970"}],"curies":[{"name":"wp","href":"https:\/\/api.w.org\/{rel}","templated":true}]}}