{"id":174983,"date":"2023-12-13T15:15:05","date_gmt":"2023-12-13T14:15:05","guid":{"rendered":"https:\/\/hempking.eu\/pl\/?post_type=product&#038;p=174983"},"modified":"2026-03-09T15:10:16","modified_gmt":"2026-03-09T14:10:16","slug":"zestaw-suplementow-na-alergie","status":"publish","type":"product","link":"https:\/\/hempking.eu\/pl\/zestaw-suplementow-na-alergie\/","title":{"rendered":"Zestaw suplement\u00f3w na alergi\u0119"},"content":{"rendered":"<p><span style=\"font-weight: 400;\">Je\u015bli zmagasz si\u0119 z objawami alergii i szukasz naturalnego sposobu na ich z\u0142agodzenie, nasz zestaw suplement\u00f3w mo\u017ce by\u0107 odpowiedzi\u0105. Starannie dobrany, aby wspiera\u0107 organizm w walce z alergenami, ten zestaw zawiera sk\u0142adniki znane z ich korzystnego wp\u0142ywu na uk\u0142ad odporno\u015bciowy i zdolno\u015bci do \u0142agodzenia objaw\u00f3w alergicznych. Daj sobie szans\u0119 na spokojniejsze dni bez nieprzyjemnych objaw\u00f3w alergii, wykorzystuj\u0105c si\u0142\u0119 naturalnych sk\u0142adnik\u00f3w.<\/span><\/p>\n<h2><span style=\"font-weight: 400;\">Ma\u015blan sodu Forte Max 580 mg:<\/span><\/h2>\n<p><span style=\"font-weight: 400;\">Ma\u015blan sodu Forte Max to suplement diety, kt\u00f3ry dostarcza 580 mg ma\u015blanu sodu w ka\u017cdej kapsu\u0142ce. Ma\u015blan sodu jest zwi\u0105zkiem, kt\u00f3ry naturalnie wyst\u0119puje w Twoim organizmie, wspiera zdrowie jelit, a zdrowe jelita s\u0105 kluczowe dla silnego uk\u0142adu odporno\u015bciowego. Naturalnie wyst\u0119puj\u0105cy w Twoich jelitach ma\u015blan mo\u017ce pom\u00f3c w utrzymaniu prawid\u0142owej flory bakteryjnej w jelitach, co z kolei mo\u017ce przyczynia\u0107 si\u0119 do zmniejszenia reakcji alergicznych i og\u00f3lnego wzmocnienia odporno\u015bci.<\/span><\/p>\n<div class=\"porto-products wpb_content_element\"><div class=\"woocommerce \"><ul class=\"products products-container list has-ccols has-ccols-spacing ccols-xl-1 ccols-lg-1 ccols-md-1 ccols-sm-1 ccols-2 pwidth-lg-1 pwidth-md-1 pwidth-xs-1 pwidth-ls-1 is-shortcode\"\n\t data-cur_page=\"1\" data-max_page=\"1\" data-product_layout=\"product-\" role=\"none\">\n\n<li role=\"none\" class=\"product-col product type-product post-143260 status-publish first instock product_cat-biowen product_cat-madra-babcia-poleca product_cat-marki product_cat-obnizka-produktow-do-15 product_cat-suplementy-na-uklad-pokarmowy product_cat-witaminy-i-mineraly product_cat-suplementy has-post-thumbnail shipping-taxable purchasable product-type-simple\">\n<div class=\"product-inner\">\n\t\n\t<div class=\"product-image\">\n\n\t\t<a  href=\"https:\/\/hempking.eu\/pl\/maslan-sodu-forte-max-580-mg-biowen-100-kapsulek\/\" aria-label=\"Go to product page\">\n\t\t\t<div class=\"inner\"><img decoding=\"async\" width=\"600\" height=\"600\" src=\"https:\/\/hempking.eu\/pl\/wp-content\/uploads\/sites\/2\/2023\/06\/1000x1000_naklejka_maslan-600x600.jpg\" class=\"attachment-woocommerce_thumbnail size-woocommerce_thumbnail\" alt=\"ma\u015blan sodu biowen m\u0105dra babcia poleca\" srcset=\"https:\/\/hempking.eu\/pl\/wp-content\/uploads\/sites\/2\/2023\/06\/1000x1000_naklejka_maslan-600x600.jpg 600w, https:\/\/hempking.eu\/pl\/wp-content\/uploads\/sites\/2\/2023\/06\/1000x1000_naklejka_maslan-400x400.jpg 400w\" sizes=\"(max-width: 600px) 100vw, 600px\" \/><\/div>\t\t<\/a>\n\t\t\t<\/div>\n\n\t<div class=\"product-content\">\n\t\t\n\t\t\t<a class=\"product-loop-title\"  href=\"https:\/\/hempking.eu\/pl\/maslan-sodu-forte-max-580-mg-biowen-100-kapsulek\/\">\n\t<h3 class=\"woocommerce-loop-product__title\">Ma\u015blan sodu 580 mg + 415 mg kwasu mas\u0142owego Biowen 100 kapsu\u0142ek<\/h3>\t<\/a>\n\t\n\t\t\t<div class=\"description\">\n\t\t\t\t<p class=\"post-excerpt\">Ma\u015blan Sodu &#8211; kapsu\u0142ki:<\/p>\n<p> \t580 mg ma\u015blanu sodu,<br \/>\n \t415 mg kwasu mas\u0142owego,<br \/>\n \tna 100 dni suplementacji,<br \/>\n \twega\u0144skie kapsu\u0142ki,<br \/>\n \tpolski produkt,<br \/>\n \tmasa netto: 58 g,<br \/>\n \tszklany s\u0142oik ze stalow\u0105 nakr\u0119tk\u0105.<\/p>\n<p>Pojemno\u015b\u0107: 100&#8230;<\/p>\n\t<\/div>\n\t\n\t<span class=\"price\"><span class=\"woocommerce-Price-amount amount\"><bdi>74.99&nbsp;<span class=\"woocommerce-Price-currencySymbol\">&#122;&#322;<\/span><\/bdi><\/span><\/span>\n\n\t\t<div class=\"add-links-wrap\">\n\t<div class=\"add-links clearfix\">\n\t\t\t<div class=\"quantity buttons_added simple-type\">\n\t\t\t\t<button type=\"button\" value=\"-\" class=\"minus\">-<\/button>\n\t\t<input\n\t\t\ttype=\"number\"\n\t\t\tid=\"quantity_69e9dbff03300\"\n\t\t\tclass=\"input-text qty text\"\n\t\t\tstep=\"1\"\n\t\t\tmin=\"1\"\n\t\t\t\t\t\t\tmax=\"1396\"\n\t\t\t\t\t\tname=\"quantity\"\n\t\t\tvalue=\"1\"\n\t\t\taria-label=\"Ilo\u015b\u0107 produktu\"\n\t\t\t\t\tplaceholder=\"\"\t\t\tinputmode=\"numeric\" \/>\n\t\t<button type=\"button\" value=\"+\" class=\"plus\">+<\/button>\n\t\t\t<\/div>\n\t<a href=\"\/pl\/wp-json\/wp\/v2\/product\/174983?add-to-cart=143260\" data-quantity=\"1\" class=\"viewcart-style-2 button product_type_simple add_to_cart_button ajax_add_to_cart\" data-product_id=\"143260\" data-product_sku=\"5904806120472\" aria-label=\"Dodaj do koszyka: &bdquo;Ma\u015blan sodu 580 mg + 415 mg kwasu mas\u0142owego Biowen 100 kapsu\u0142ek&rdquo;\" rel=\"nofollow\" data-success_message=\"&ldquo;Ma\u015blan sodu 580 mg + 415 mg kwasu mas\u0142owego Biowen 100 kapsu\u0142ek&rdquo; zosta\u0142 dodany do twojego koszyka\" role=\"button\">Dodaj do koszyka<\/a>\n<div\n\tclass=\"yith-wcwl-add-to-wishlist add-to-wishlist-143260 yith-wcwl-add-to-wishlist--link-style wishlist-fragment on-first-load\"\n\tdata-fragment-ref=\"143260\"\n\tdata-fragment-options=\"{&quot;base_url&quot;:&quot;&quot;,&quot;product_id&quot;:143260,&quot;parent_product_id&quot;:0,&quot;product_type&quot;:&quot;simple&quot;,&quot;is_single&quot;:false,&quot;in_default_wishlist&quot;:false,&quot;show_view&quot;:false,&quot;browse_wishlist_text&quot;:&quot;Przegl\\u0105daj obserwowane produkty&quot;,&quot;already_in_wishslist_text&quot;:&quot;Produkt zosta\\u0142 ju\\u017c dodany do obserwowanych!&quot;,&quot;product_added_text&quot;:&quot;Produkt dodany!&quot;,&quot;available_multi_wishlist&quot;:false,&quot;disable_wishlist&quot;:false,&quot;show_count&quot;:false,&quot;ajax_loading&quot;:false,&quot;loop_position&quot;:&quot;after_add_to_cart&quot;,&quot;item&quot;:&quot;add_to_wishlist&quot;}\"\n>\n\t<\/div>\n\t<\/div>\n\t<\/div>\n\t<\/div>\n<\/div>\n\n<\/li>\n<\/ul>\n<\/div><\/div>\n<h2><span style=\"font-weight: 400;\">Reishi 400 mg (40% polisacharyd\u00f3w, 30% beta-glukan\u00f3w):<\/span><\/h2>\n<p><span style=\"font-weight: 400;\">Drugi produkt, ekstrakt z Reishi, znany r\u00f3wnie\u017c jako Lingzhi, zawiera 400 mg tego cennego grzyba w ka\u017cdej kapsu\u0142ce. Reishi jest ceniony w medycynie wschodniej za swoje w\u0142a\u015bciwo\u015bci wspieraj\u0105ce uk\u0142ad odporno\u015bciowy, w tym \u0142agodzenie objaw\u00f3w alergii. Polisacharydy i beta-glukany obecne w grzybach Reishi maj\u0105 dzia\u0142anie moduluj\u0105ce na uk\u0142ad odporno\u015bciowy, co mo\u017ce pom\u00f3c w zmniejszeniu nasilenia objaw\u00f3w alergicznych, takich jak kichanie, sw\u0119dzenie i \u0142zawienie oczu.<\/span><\/p>\n<div class=\"porto-products wpb_content_element\"><div class=\"woocommerce \"><ul class=\"products products-container list has-ccols has-ccols-spacing ccols-xl-1 ccols-lg-1 ccols-md-1 ccols-sm-1 ccols-2 pwidth-lg-1 pwidth-md-1 pwidth-xs-1 pwidth-ls-1 is-shortcode\"\n\t data-cur_page=\"1\" data-max_page=\"1\" data-product_layout=\"product-\" role=\"none\">\n\n<li role=\"none\" class=\"product-col product type-product post-100223 status-publish first instock product_cat-biowen product_cat-grzyby-witalne product_cat-marki product_cat-obnizka-produktow-do-25 product_cat-suplementy-na-uklad-odpornosciowy product_cat-suplementy-na-uklad-pokarmowy has-post-thumbnail shipping-taxable purchasable product-type-simple\">\n<div class=\"product-inner\">\n\t\n\t<div class=\"product-image\">\n\n\t\t<a  href=\"https:\/\/hempking.eu\/pl\/reishi-400-mg-40-polisacharydow-30-beta-glukanow-kapsulki\/\" aria-label=\"Go to product page\">\n\t\t\t<div class=\"inner\"><img decoding=\"async\" width=\"600\" height=\"600\" src=\"https:\/\/hempking.eu\/pl\/wp-content\/uploads\/sites\/2\/2022\/06\/reishi-biowen-600x600.jpg\" class=\"attachment-woocommerce_thumbnail size-woocommerce_thumbnail\" alt=\"Kapsu\u0142ki Reishi (lakownicy \u017c\u00f3\u0142tawej) zamkni\u0119te w szklanym eko pojemniku z zakr\u0119tk\u0105. Na oko\u0142o suplementu le\u017c\u0105 rozrzucone grzyby reishi.\" srcset=\"https:\/\/hempking.eu\/pl\/wp-content\/uploads\/sites\/2\/2022\/06\/reishi-biowen-600x600.jpg 600w, https:\/\/hempking.eu\/pl\/wp-content\/uploads\/sites\/2\/2022\/06\/reishi-biowen-400x400.jpg 400w\" sizes=\"(max-width: 600px) 100vw, 600px\" \/><\/div>\t\t<\/a>\n\t\t\t<\/div>\n\n\t<div class=\"product-content\">\n\t\t\n\t\t\t<a class=\"product-loop-title\"  href=\"https:\/\/hempking.eu\/pl\/reishi-400-mg-40-polisacharydow-30-beta-glukanow-kapsulki\/\">\n\t<h3 class=\"woocommerce-loop-product__title\">Reishi 400 mg - 40% polisacharyd\u00f3w, 30% beta-glukan\u00f3w - kapsu\u0142ki Biowen<\/h3>\t<\/a>\n\t\n\t\t\t<div class=\"description\">\n\t\t\t\t<p class=\"post-excerpt\">Grzyby Reishi 400 mg Biowen:<\/p>\n<p> \tdo stworzenia produktu wykorzystano owocniki,<br \/>\n \tich DER wynosi 25:1,<br \/>\n \tzawieraj\u0105 ekstrakt BioPerine\u00ae,<br \/>\n \twspieraj\u0105 odporno\u015b\u0107 i uk\u0142ad kr\u0105\u017cenia,<br \/>\n \tprodukt wega\u0144ski,<br \/>\n \tmasa netto: 45 g<br \/>\n \topakowanie wystarcza&#8230;<\/p>\n\t<\/div>\n\t\n\t<span class=\"price\"><span class=\"woocommerce-Price-amount amount\"><bdi>75.99&nbsp;<span class=\"woocommerce-Price-currencySymbol\">&#122;&#322;<\/span><\/bdi><\/span><\/span>\n\n\t\t<div class=\"add-links-wrap\">\n\t<div class=\"add-links clearfix\">\n\t\t\t<div class=\"quantity buttons_added simple-type\">\n\t\t\t\t<button type=\"button\" value=\"-\" class=\"minus\">-<\/button>\n\t\t<input\n\t\t\ttype=\"number\"\n\t\t\tid=\"quantity_69e9dbff09892\"\n\t\t\tclass=\"input-text qty text\"\n\t\t\tstep=\"1\"\n\t\t\tmin=\"1\"\n\t\t\t\t\t\t\tmax=\"31\"\n\t\t\t\t\t\tname=\"quantity\"\n\t\t\tvalue=\"1\"\n\t\t\taria-label=\"Ilo\u015b\u0107 produktu\"\n\t\t\t\t\tplaceholder=\"\"\t\t\tinputmode=\"numeric\" \/>\n\t\t<button type=\"button\" value=\"+\" class=\"plus\">+<\/button>\n\t\t\t<\/div>\n\t<a href=\"\/pl\/wp-json\/wp\/v2\/product\/174983?add-to-cart=100223\" data-quantity=\"1\" class=\"viewcart-style-2 button product_type_simple add_to_cart_button ajax_add_to_cart\" data-product_id=\"100223\" data-product_sku=\"5904806120304\" aria-label=\"Dodaj do koszyka: &bdquo;Reishi 400 mg - 40% polisacharyd\u00f3w, 30% beta-glukan\u00f3w - kapsu\u0142ki Biowen&rdquo;\" rel=\"nofollow\" data-success_message=\"&ldquo;Reishi 400 mg - 40% polisacharyd\u00f3w, 30% beta-glukan\u00f3w - kapsu\u0142ki Biowen&rdquo; zosta\u0142 dodany do twojego koszyka\" role=\"button\">Dodaj do koszyka<\/a>\n<div\n\tclass=\"yith-wcwl-add-to-wishlist add-to-wishlist-100223 yith-wcwl-add-to-wishlist--link-style wishlist-fragment on-first-load\"\n\tdata-fragment-ref=\"100223\"\n\tdata-fragment-options=\"{&quot;base_url&quot;:&quot;&quot;,&quot;product_id&quot;:100223,&quot;parent_product_id&quot;:0,&quot;product_type&quot;:&quot;simple&quot;,&quot;is_single&quot;:false,&quot;in_default_wishlist&quot;:false,&quot;show_view&quot;:false,&quot;browse_wishlist_text&quot;:&quot;Przegl\\u0105daj obserwowane produkty&quot;,&quot;already_in_wishslist_text&quot;:&quot;Produkt zosta\\u0142 ju\\u017c dodany do obserwowanych!&quot;,&quot;product_added_text&quot;:&quot;Produkt dodany!&quot;,&quot;available_multi_wishlist&quot;:false,&quot;disable_wishlist&quot;:false,&quot;show_count&quot;:false,&quot;ajax_loading&quot;:false,&quot;loop_position&quot;:&quot;after_add_to_cart&quot;,&quot;item&quot;:&quot;add_to_wishlist&quot;}\"\n>\n\t<\/div>\n\t<\/div>\n\t<\/div>\n\t<\/div>\n<\/div>\n\n<\/li>\n<\/ul>\n<\/div><\/div>\n<p><strong>Producent\/ Podmiot odpowiedzialny:<\/strong><\/p>\n<p>Biodio Lab Sp. z o.o.<br \/>\nUl. Choroszcza\u0144ska 24<br \/>\n15-732 Bia\u0142ystok<\/p>\n","protected":false},"excerpt":{"rendered":"<h2>Zestaw zawiera:<\/h2>\n<ul>\n<li><a href=\"https:\/\/hempking.eu\/pl\/maslan-sodu-forte-max-580-mg-biowen-100-kapsulek\/\" target=\"_blank\" rel=\"noopener\">Ma\u015blan sodu 580 mg + 415 mg kwasu mas\u0142owego Biowen 100 kapsu\u0142ek<\/a><\/li>\n<li><a href=\"https:\/\/hempking.eu\/pl\/reishi-400-mg-40-polisacharydow-30-beta-glukanow-kapsulki\/\" target=\"_blank\" rel=\"noopener\">Reishi 400 mg &#8211; 40% polisacharyd\u00f3w, 30% beta-glukan\u00f3w &#8211; kapsu\u0142ki Biowen<\/a><\/li>\n<\/ul>\n<p><strong>Kupuj\u0105c w zestawie oszcz\u0119dzasz ponad 20%!<\/strong><\/p>\n","protected":false},"featured_media":178696,"template":"","meta":{"_acf_changed":false},"product_brand":[],"product_cat":[439,128,450,452,33,150,151,152,460],"product_tag":[],"class_list":{"0":"post-174983","1":"product","2":"type-product","3":"status-publish","4":"has-post-thumbnail","6":"product_cat-biowen","7":"product_cat-grzyby-witalne","8":"product_cat-suplementy-na-uklad-odpornosciowy","9":"product_cat-suplementy-na-uklad-pokarmowy","10":"product_cat-zestawy","11":"product_cat-zestawy-dla-kobiet","12":"product_cat-zestawy-dla-mezczyzn","13":"product_cat-zestawy-prezentowe","14":"product_cat-okazje","16":"first","17":"outofstock","18":"sale","19":"shipping-taxable","20":"purchasable","21":"product-type-simple"},"acf":[],"yoast_head":"<!-- This site is optimized with the Yoast SEO Premium plugin v24.8 (Yoast SEO v27.3) - https:\/\/yoast.com\/product\/yoast-seo-premium-wordpress\/ -->\n<title>Zestaw suplement\u00f3w na alergi\u0119 - Hemp King<\/title>\n<meta name=\"description\" content=\"Zobacz \u261b Zestaw suplement\u00f3w na alergi\u0119 w konopnym sklepie HempKing \u2705100% naturalne \u2705 Zadbaj z nami o swoj\u0105 diet\u0119!\" \/>\n<meta name=\"robots\" content=\"index, follow\" \/>\n<link rel=\"canonical\" href=\"https:\/\/hempking.eu\/pl\/zestaw-suplementow-na-alergie\/\" \/>\n<meta property=\"og:locale\" content=\"pl_PL\" \/>\n<meta property=\"og:type\" content=\"article\" \/>\n<meta property=\"og:title\" content=\"Zestaw suplement\u00f3w na alergi\u0119\" \/>\n<meta property=\"og:description\" content=\"Zobacz \u261b Zestaw suplement\u00f3w na alergi\u0119 w konopnym sklepie HempKing \u2705100% naturalne \u2705 Zadbaj z nami o swoj\u0105 diet\u0119!\" \/>\n<meta property=\"og:url\" content=\"https:\/\/hempking.eu\/pl\/zestaw-suplementow-na-alergie\/\" \/>\n<meta property=\"og:site_name\" content=\"Hemp King\" \/>\n<meta property=\"article:publisher\" content=\"https:\/\/www.facebook.com\/hempkingpoland\" \/>\n<meta property=\"article:modified_time\" content=\"2026-03-09T14:10:16+00:00\" \/>\n<meta property=\"og:image\" content=\"https:\/\/hempking.eu\/pl\/wp-content\/uploads\/sites\/2\/2023\/12\/Zestaw-suplementow-na-alergie.jpg\" \/>\n\t<meta property=\"og:image:width\" content=\"1000\" \/>\n\t<meta property=\"og:image:height\" content=\"1000\" \/>\n\t<meta property=\"og:image:type\" content=\"image\/jpeg\" \/>\n<meta name=\"twitter:card\" content=\"summary_large_image\" \/>\n<meta name=\"twitter:site\" content=\"@hempkingeu\" \/>\n<meta name=\"twitter:label1\" content=\"Cena\" \/>\n\t<meta name=\"twitter:data1\" content=\"115.32&nbsp;&#122;&#322;\" \/>\n\t<meta name=\"twitter:label2\" content=\"Dost\u0119pno\u015b\u0107\" \/>\n\t<meta name=\"twitter:data2\" content=\"Brak w magazynie\" \/>\n<script type=\"application\/ld+json\" class=\"yoast-schema-graph\">{\"@context\":\"https:\\\/\\\/schema.org\",\"@graph\":[{\"@type\":\"WebPage\",\"@id\":\"https:\\\/\\\/hempking.eu\\\/pl\\\/zestaw-suplementow-na-alergie\\\/\",\"url\":\"https:\\\/\\\/hempking.eu\\\/pl\\\/zestaw-suplementow-na-alergie\\\/\",\"name\":\"Zestaw suplement\u00f3w na alergi\u0119 - Hemp King\",\"isPartOf\":{\"@id\":\"https:\\\/\\\/hempking.eu\\\/pl\\\/#website\"},\"primaryImageOfPage\":{\"@id\":\"https:\\\/\\\/hempking.eu\\\/pl\\\/zestaw-suplementow-na-alergie\\\/#primaryimage\"},\"image\":{\"@id\":\"https:\\\/\\\/hempking.eu\\\/pl\\\/zestaw-suplementow-na-alergie\\\/#primaryimage\"},\"thumbnailUrl\":\"https:\\\/\\\/hempking.eu\\\/pl\\\/wp-content\\\/uploads\\\/sites\\\/2\\\/2023\\\/12\\\/Zestaw-suplementow-na-alergie.jpg\",\"datePublished\":\"2023-12-13T14:15:05+00:00\",\"dateModified\":\"2026-03-09T14:10:16+00:00\",\"description\":\"Zobacz \u261b Zestaw suplement\u00f3w na alergi\u0119 w konopnym sklepie HempKing \u2705100% naturalne \u2705 Zadbaj z nami o swoj\u0105 diet\u0119!\",\"breadcrumb\":{\"@id\":\"https:\\\/\\\/hempking.eu\\\/pl\\\/zestaw-suplementow-na-alergie\\\/#breadcrumb\"},\"inLanguage\":\"pl-PL\",\"potentialAction\":[{\"@type\":\"ReadAction\",\"target\":[\"https:\\\/\\\/hempking.eu\\\/pl\\\/zestaw-suplementow-na-alergie\\\/\"]}]},{\"@type\":\"ImageObject\",\"inLanguage\":\"pl-PL\",\"@id\":\"https:\\\/\\\/hempking.eu\\\/pl\\\/zestaw-suplementow-na-alergie\\\/#primaryimage\",\"url\":\"https:\\\/\\\/hempking.eu\\\/pl\\\/wp-content\\\/uploads\\\/sites\\\/2\\\/2023\\\/12\\\/Zestaw-suplementow-na-alergie.jpg\",\"contentUrl\":\"https:\\\/\\\/hempking.eu\\\/pl\\\/wp-content\\\/uploads\\\/sites\\\/2\\\/2023\\\/12\\\/Zestaw-suplementow-na-alergie.jpg\",\"width\":1000,\"height\":1000,\"caption\":\"Zestaw na alergi\u0119\"},{\"@type\":\"BreadcrumbList\",\"@id\":\"https:\\\/\\\/hempking.eu\\\/pl\\\/zestaw-suplementow-na-alergie\\\/#breadcrumb\",\"itemListElement\":[{\"@type\":\"ListItem\",\"position\":1,\"name\":\"Home\",\"item\":\"https:\\\/\\\/hempking.eu\\\/pl\\\/\"},{\"@type\":\"ListItem\",\"position\":2,\"name\":\"Sklep\",\"item\":\"https:\\\/\\\/hempking.eu\\\/pl\\\/shop\\\/\"},{\"@type\":\"ListItem\",\"position\":3,\"name\":\"Zestawy\",\"item\":\"https:\\\/\\\/hempking.eu\\\/pl\\\/zestawy\\\/\"},{\"@type\":\"ListItem\",\"position\":4,\"name\":\"Zestawy prezentowe\",\"item\":\"https:\\\/\\\/hempking.eu\\\/pl\\\/zestawy-prezentowe\\\/\"},{\"@type\":\"ListItem\",\"position\":5,\"name\":\"Zestaw suplement\u00f3w na alergi\u0119\"}]},{\"@type\":\"WebSite\",\"@id\":\"https:\\\/\\\/hempking.eu\\\/pl\\\/#website\",\"url\":\"https:\\\/\\\/hempking.eu\\\/pl\\\/\",\"name\":\"Hemp King\",\"description\":\"\",\"publisher\":{\"@id\":\"https:\\\/\\\/hempking.eu\\\/pl\\\/#organization\"},\"potentialAction\":[{\"@type\":\"SearchAction\",\"target\":{\"@type\":\"EntryPoint\",\"urlTemplate\":\"https:\\\/\\\/hempking.eu\\\/pl\\\/?s={search_term_string}\"},\"query-input\":{\"@type\":\"PropertyValueSpecification\",\"valueRequired\":true,\"valueName\":\"search_term_string\"}}],\"inLanguage\":\"pl-PL\"},{\"@type\":\"Organization\",\"@id\":\"https:\\\/\\\/hempking.eu\\\/pl\\\/#organization\",\"name\":\"Hemp King\",\"url\":\"https:\\\/\\\/hempking.eu\\\/pl\\\/\",\"logo\":{\"@type\":\"ImageObject\",\"inLanguage\":\"pl-PL\",\"@id\":\"https:\\\/\\\/hempking.eu\\\/pl\\\/#\\\/schema\\\/logo\\\/image\\\/\",\"url\":\"https:\\\/\\\/hempking.eu\\\/pl\\\/wp-content\\\/uploads\\\/sites\\\/2\\\/2020\\\/05\\\/hempking.png\",\"contentUrl\":\"https:\\\/\\\/hempking.eu\\\/pl\\\/wp-content\\\/uploads\\\/sites\\\/2\\\/2020\\\/05\\\/hempking.png\",\"width\":148,\"height\":91,\"caption\":\"Hemp King\"},\"image\":{\"@id\":\"https:\\\/\\\/hempking.eu\\\/pl\\\/#\\\/schema\\\/logo\\\/image\\\/\"},\"sameAs\":[\"https:\\\/\\\/www.facebook.com\\\/hempkingpoland\",\"https:\\\/\\\/x.com\\\/hempkingeu\",\"https:\\\/\\\/www.instagram.com\\\/hempkingeu\\\/\",\"https:\\\/\\\/www.linkedin.com\\\/company\\\/hempking-eu\\\/mycompany\\\/\",\"https:\\\/\\\/pl.pinterest.com\\\/hempkingeu\\\/\",\"https:\\\/\\\/www.youtube.com\\\/channel\\\/UCUkeZA1fj4hSZfoYm0WpZ7w\"]}]}<\/script>\n<meta property=\"product:price:amount\" content=\"115.32\" \/>\n<meta property=\"product:price:currency\" content=\"PLN\" \/>\n<meta property=\"og:availability\" content=\"out of stock\" \/>\n<meta property=\"product:availability\" content=\"out of stock\" \/>\n<meta property=\"product:condition\" content=\"new\" \/>\n<!-- \/ Yoast SEO Premium plugin. -->","yoast_head_json":{"title":"Zestaw suplement\u00f3w na alergi\u0119 - Hemp King","description":"Zobacz \u261b Zestaw suplement\u00f3w na alergi\u0119 w konopnym sklepie HempKing \u2705100% naturalne \u2705 Zadbaj z nami o swoj\u0105 diet\u0119!","robots":{"index":"index","follow":"follow"},"canonical":"https:\/\/hempking.eu\/pl\/zestaw-suplementow-na-alergie\/","og_locale":"pl_PL","og_type":"article","og_title":"Zestaw suplement\u00f3w na alergi\u0119","og_description":"Zobacz \u261b Zestaw suplement\u00f3w na alergi\u0119 w konopnym sklepie HempKing \u2705100% naturalne \u2705 Zadbaj z nami o swoj\u0105 diet\u0119!","og_url":"https:\/\/hempking.eu\/pl\/zestaw-suplementow-na-alergie\/","og_site_name":"Hemp King","article_publisher":"https:\/\/www.facebook.com\/hempkingpoland","article_modified_time":"2026-03-09T14:10:16+00:00","og_image":[{"width":1000,"height":1000,"url":"https:\/\/hempking.eu\/pl\/wp-content\/uploads\/sites\/2\/2023\/12\/Zestaw-suplementow-na-alergie.jpg","type":"image\/jpeg"}],"twitter_card":"summary_large_image","twitter_site":"@hempkingeu","twitter_misc":{"Cena":"115.32&nbsp;&#122;&#322;","Dost\u0119pno\u015b\u0107":"Brak w magazynie"},"schema":{"@context":"https:\/\/schema.org","@graph":[{"@type":"WebPage","@id":"https:\/\/hempking.eu\/pl\/zestaw-suplementow-na-alergie\/","url":"https:\/\/hempking.eu\/pl\/zestaw-suplementow-na-alergie\/","name":"Zestaw suplement\u00f3w na alergi\u0119 - Hemp King","isPartOf":{"@id":"https:\/\/hempking.eu\/pl\/#website"},"primaryImageOfPage":{"@id":"https:\/\/hempking.eu\/pl\/zestaw-suplementow-na-alergie\/#primaryimage"},"image":{"@id":"https:\/\/hempking.eu\/pl\/zestaw-suplementow-na-alergie\/#primaryimage"},"thumbnailUrl":"https:\/\/hempking.eu\/pl\/wp-content\/uploads\/sites\/2\/2023\/12\/Zestaw-suplementow-na-alergie.jpg","datePublished":"2023-12-13T14:15:05+00:00","dateModified":"2026-03-09T14:10:16+00:00","description":"Zobacz \u261b Zestaw suplement\u00f3w na alergi\u0119 w konopnym sklepie HempKing \u2705100% naturalne \u2705 Zadbaj z nami o swoj\u0105 diet\u0119!","breadcrumb":{"@id":"https:\/\/hempking.eu\/pl\/zestaw-suplementow-na-alergie\/#breadcrumb"},"inLanguage":"pl-PL","potentialAction":[{"@type":"ReadAction","target":["https:\/\/hempking.eu\/pl\/zestaw-suplementow-na-alergie\/"]}]},{"@type":"ImageObject","inLanguage":"pl-PL","@id":"https:\/\/hempking.eu\/pl\/zestaw-suplementow-na-alergie\/#primaryimage","url":"https:\/\/hempking.eu\/pl\/wp-content\/uploads\/sites\/2\/2023\/12\/Zestaw-suplementow-na-alergie.jpg","contentUrl":"https:\/\/hempking.eu\/pl\/wp-content\/uploads\/sites\/2\/2023\/12\/Zestaw-suplementow-na-alergie.jpg","width":1000,"height":1000,"caption":"Zestaw na alergi\u0119"},{"@type":"BreadcrumbList","@id":"https:\/\/hempking.eu\/pl\/zestaw-suplementow-na-alergie\/#breadcrumb","itemListElement":[{"@type":"ListItem","position":1,"name":"Home","item":"https:\/\/hempking.eu\/pl\/"},{"@type":"ListItem","position":2,"name":"Sklep","item":"https:\/\/hempking.eu\/pl\/shop\/"},{"@type":"ListItem","position":3,"name":"Zestawy","item":"https:\/\/hempking.eu\/pl\/zestawy\/"},{"@type":"ListItem","position":4,"name":"Zestawy prezentowe","item":"https:\/\/hempking.eu\/pl\/zestawy-prezentowe\/"},{"@type":"ListItem","position":5,"name":"Zestaw suplement\u00f3w na alergi\u0119"}]},{"@type":"WebSite","@id":"https:\/\/hempking.eu\/pl\/#website","url":"https:\/\/hempking.eu\/pl\/","name":"Hemp King","description":"","publisher":{"@id":"https:\/\/hempking.eu\/pl\/#organization"},"potentialAction":[{"@type":"SearchAction","target":{"@type":"EntryPoint","urlTemplate":"https:\/\/hempking.eu\/pl\/?s={search_term_string}"},"query-input":{"@type":"PropertyValueSpecification","valueRequired":true,"valueName":"search_term_string"}}],"inLanguage":"pl-PL"},{"@type":"Organization","@id":"https:\/\/hempking.eu\/pl\/#organization","name":"Hemp King","url":"https:\/\/hempking.eu\/pl\/","logo":{"@type":"ImageObject","inLanguage":"pl-PL","@id":"https:\/\/hempking.eu\/pl\/#\/schema\/logo\/image\/","url":"https:\/\/hempking.eu\/pl\/wp-content\/uploads\/sites\/2\/2020\/05\/hempking.png","contentUrl":"https:\/\/hempking.eu\/pl\/wp-content\/uploads\/sites\/2\/2020\/05\/hempking.png","width":148,"height":91,"caption":"Hemp King"},"image":{"@id":"https:\/\/hempking.eu\/pl\/#\/schema\/logo\/image\/"},"sameAs":["https:\/\/www.facebook.com\/hempkingpoland","https:\/\/x.com\/hempkingeu","https:\/\/www.instagram.com\/hempkingeu\/","https:\/\/www.linkedin.com\/company\/hempking-eu\/mycompany\/","https:\/\/pl.pinterest.com\/hempkingeu\/","https:\/\/www.youtube.com\/channel\/UCUkeZA1fj4hSZfoYm0WpZ7w"]}]},"product_price_amount":"115.32","product_price_currency":"PLN","og_availability":"out of stock","product_availability":"out of stock","product_condition":"new"},"df_price":115.32,"df_sale_price":115.32,"df_regular_price":145.98,"df_image_link":"https:\/\/hempking.eu\/pl\/wp-content\/uploads\/sites\/2\/2023\/12\/Zestaw-suplementow-na-alergie-300x300.jpg","_links":{"self":[{"href":"https:\/\/hempking.eu\/pl\/wp-json\/wp\/v2\/product\/174983","targetHints":{"allow":["GET"]}}],"collection":[{"href":"https:\/\/hempking.eu\/pl\/wp-json\/wp\/v2\/product"}],"about":[{"href":"https:\/\/hempking.eu\/pl\/wp-json\/wp\/v2\/types\/product"}],"wp:featuredmedia":[{"embeddable":true,"href":"https:\/\/hempking.eu\/pl\/wp-json\/wp\/v2\/media\/178696"}],"wp:attachment":[{"href":"https:\/\/hempking.eu\/pl\/wp-json\/wp\/v2\/media?parent=174983"}],"wp:term":[{"taxonomy":"product_brand","embeddable":true,"href":"https:\/\/hempking.eu\/pl\/wp-json\/wp\/v2\/product_brand?post=174983"},{"taxonomy":"product_cat","embeddable":true,"href":"https:\/\/hempking.eu\/pl\/wp-json\/wp\/v2\/product_cat?post=174983"},{"taxonomy":"product_tag","embeddable":true,"href":"https:\/\/hempking.eu\/pl\/wp-json\/wp\/v2\/product_tag?post=174983"}],"curies":[{"name":"wp","href":"https:\/\/api.w.org\/{rel}","templated":true}]}}