{"id":174984,"date":"2023-12-13T15:40:04","date_gmt":"2023-12-13T14:40:04","guid":{"rendered":"https:\/\/hempking.eu\/pl\/?post_type=product&#038;p=174984"},"modified":"2026-04-16T22:59:18","modified_gmt":"2026-04-16T20:59:18","slug":"zestaw-suplementow-na-stres","status":"publish","type":"product","link":"https:\/\/hempking.eu\/pl\/zestaw-suplementow-na-stres\/","title":{"rendered":"Zestaw suplement\u00f3w na stres"},"content":{"rendered":"<p><span style=\"font-weight: 400\">Czy codzienne wyzwania powoduj\u0105 u Ciebie stres i niepok\u00f3j? Nasz zestaw suplement\u00f3w zosta\u0142 specjalnie przygotowany, aby pom\u00f3c Ci radzi\u0107 sobie ze stresem w zdrowy i naturalny spos\u00f3b. Oferuj\u0105c kombinacj\u0119 sk\u0142adnik\u00f3w, kt\u00f3re wspieraj\u0105 uk\u0142ad nerwowy i pomagaj\u0105 w zachowaniu spokoju, nasz zestaw mo\u017ce by\u0107 Twoim sprzymierze\u0144cem w walce z napi\u0119ciem i niepokojem dnia codziennego.<\/span><\/p>\n<h2><span style=\"font-weight: 400\">Witamina B Complex+:<\/span><\/h2>\n<p><span style=\"font-weight: 400\">Pierwszym elementem zestawu jest Witamina B Complex, kt\u00f3ra dostarcza pe\u0142ne spektrum witamin z grupy B. Te kluczowe witaminy odgrywaj\u0105 wa\u017cn\u0105 rol\u0119 w funkcjonowaniu uk\u0142adu nerwowego, wspomagaj\u0105 umys\u0142owe funkcje, takie jak koncentracja i pami\u0119\u0107, oraz przyczyniaj\u0105 si\u0119 do zmniejszenia uczucia zm\u0119czenia i znu\u017cenia. Regularne spo\u017cywanie Witaminy B Complex mo\u017ce pom\u00f3c w utrzymaniu zr\u00f3wnowa\u017conego poziomu energii oraz wspiera\u0107 organizm w czasach stresu.<\/span><\/p>\n<div class=\"porto-products wpb_content_element\"><div class=\"woocommerce \"><ul class=\"products products-container list has-ccols has-ccols-spacing ccols-xl-1 ccols-lg-1 ccols-md-1 ccols-sm-1 ccols-2 pwidth-lg-1 pwidth-md-1 pwidth-xs-1 pwidth-ls-1 is-shortcode\"\n\t data-cur_page=\"1\" data-max_page=\"1\" data-product_layout=\"product-\" role=\"none\">\n\n<li role=\"none\" class=\"product-col product type-product post-134270 status-publish first instock product_cat-biowen product_cat-suplementy-na-lepszy-nastroj product_cat-madra-babcia-poleca product_cat-marki product_cat-narzady-zmyslow product_cat-obnizka-produktow-do-15 product_cat-suplementy-na-uklad-hormonalny product_cat-suplementy-na-uklad-krazenia product_cat-suplementy-na-uklad-nerwowy product_cat-suplementy-na-uklad-odpornosciowy product_cat-suplementy-na-uklad-plciowy product_cat-suplementy-na-uklad-ruchu product_cat-witaminy product_cat-bestsellery product_cat-suplementy has-post-thumbnail shipping-taxable purchasable product-type-simple\">\n<div class=\"product-inner\">\n\t\n\t<div class=\"product-image\">\n\n\t\t<a  href=\"https:\/\/hempking.eu\/pl\/witamina-b-complex-biowen-90-kapsulek\/\" aria-label=\"Go to product page\">\n\t\t\t<div class=\"inner\"><img decoding=\"async\" width=\"600\" height=\"600\" src=\"https:\/\/hempking.eu\/pl\/wp-content\/uploads\/sites\/2\/2023\/04\/Witamina-B-Complex-Biowen-90-kapsulek-600x600.jpg\" class=\"attachment-woocommerce_thumbnail size-woocommerce_thumbnail\" alt=\"Biowen Witamina B Complex\" srcset=\"https:\/\/hempking.eu\/pl\/wp-content\/uploads\/sites\/2\/2023\/04\/Witamina-B-Complex-Biowen-90-kapsulek-600x600.jpg 600w, https:\/\/hempking.eu\/pl\/wp-content\/uploads\/sites\/2\/2023\/04\/Witamina-B-Complex-Biowen-90-kapsulek-400x400.jpg 400w\" sizes=\"(max-width: 600px) 100vw, 600px\" \/><\/div>\t\t<\/a>\n\t\t\t<\/div>\n\n\t<div class=\"product-content\">\n\t\t\n\t\t\t<a class=\"product-loop-title\"  href=\"https:\/\/hempking.eu\/pl\/witamina-b-complex-biowen-90-kapsulek\/\">\n\t<h3 class=\"woocommerce-loop-product__title\">Witamina B Complex + Biowen - 90 kapsu\u0142ek<\/h3>\t<\/a>\n\t\n\t\t\t<div class=\"description\">\n\t\t\t\t<p class=\"post-excerpt\">\nKompleks witamin B:\u00a0<\/p>\n<p> \tdobrze przyswajalne formu\u0142y,<br \/>\n \tzawiera TMG oraz metylowane aktywne formy witaminy B<br \/>\n \twystarcza na 90 dni stosowania,<br \/>\n \twega\u0144ska kapsu\u0142ka,<br \/>\n \tdodatek kompleksu nukleotyd\u00f3w,<br \/>\n \tmasa netto: 53 g,<br \/>\n \tdla wsparcia:&#8230;<\/p>\n\t<\/div>\n\t\n\t<span class=\"price\"><span class=\"woocommerce-Price-amount amount\"><bdi>89.99&nbsp;<span class=\"woocommerce-Price-currencySymbol\">&#122;&#322;<\/span><\/bdi><\/span><\/span>\n\n\t\t<div class=\"add-links-wrap\">\n\t<div class=\"add-links clearfix\">\n\t\t\t<div class=\"quantity buttons_added simple-type\">\n\t\t\t\t<button type=\"button\" value=\"-\" class=\"minus\">-<\/button>\n\t\t<input\n\t\t\ttype=\"number\"\n\t\t\tid=\"quantity_69e4354f99235\"\n\t\t\tclass=\"input-text qty text\"\n\t\t\tstep=\"1\"\n\t\t\tmin=\"1\"\n\t\t\t\t\t\t\tmax=\"772\"\n\t\t\t\t\t\tname=\"quantity\"\n\t\t\tvalue=\"1\"\n\t\t\taria-label=\"Ilo\u015b\u0107 produktu\"\n\t\t\t\t\tplaceholder=\"\"\t\t\tinputmode=\"numeric\" \/>\n\t\t<button type=\"button\" value=\"+\" class=\"plus\">+<\/button>\n\t\t\t<\/div>\n\t<a href=\"\/pl\/wp-json\/wp\/v2\/product\/174984?add-to-cart=134270\" data-quantity=\"1\" class=\"viewcart-style-2 button product_type_simple add_to_cart_button ajax_add_to_cart\" data-product_id=\"134270\" data-product_sku=\"5904806120588\" aria-label=\"Dodaj do koszyka: &bdquo;Witamina B Complex + Biowen - 90 kapsu\u0142ek&rdquo;\" rel=\"nofollow\" data-success_message=\"&ldquo;Witamina B Complex + Biowen - 90 kapsu\u0142ek&rdquo; zosta\u0142 dodany do twojego koszyka\" role=\"button\">Dodaj do koszyka<\/a>\n<div\n\tclass=\"yith-wcwl-add-to-wishlist add-to-wishlist-134270 yith-wcwl-add-to-wishlist--link-style wishlist-fragment on-first-load\"\n\tdata-fragment-ref=\"134270\"\n\tdata-fragment-options=\"{&quot;base_url&quot;:&quot;&quot;,&quot;product_id&quot;:134270,&quot;parent_product_id&quot;:0,&quot;product_type&quot;:&quot;simple&quot;,&quot;is_single&quot;:false,&quot;in_default_wishlist&quot;:false,&quot;show_view&quot;:false,&quot;browse_wishlist_text&quot;:&quot;Przegl\\u0105daj obserwowane produkty&quot;,&quot;already_in_wishslist_text&quot;:&quot;Produkt zosta\\u0142 ju\\u017c dodany do obserwowanych!&quot;,&quot;product_added_text&quot;:&quot;Produkt dodany!&quot;,&quot;available_multi_wishlist&quot;:false,&quot;disable_wishlist&quot;:false,&quot;show_count&quot;:false,&quot;ajax_loading&quot;:false,&quot;loop_position&quot;:&quot;after_add_to_cart&quot;,&quot;item&quot;:&quot;add_to_wishlist&quot;}\"\n>\n\t<\/div>\n\t<\/div>\n\t<\/div>\n\t<\/div>\n<\/div>\n\n<\/li>\n<\/ul>\n<\/div><\/div>\n<h2><span style=\"font-weight: 400\">Olej CBD Natural 5% (500mg):<\/span><\/h2>\n<p><span style=\"font-weight: 400\">Drugi produkt to Olej CBD Natural o st\u0119\u017ceniu 5%, kt\u00f3ry zawiera 500mg CBD w 10 ml. CBD, czyli kannabidiol, jest naturaln\u0105 substancj\u0105 pochodz\u0105c\u0105 z konopi. Olej konopny wspiera organizm na szereg sposob\u00f3w, w tym dzia\u0142aj\u0105c antyzapalnie, pomagaj\u0105c w regulacji cukru we krwi oraz dbaj\u0105c o dobr\u0105 kondycj\u0119 uk\u0142adu sercowo-naczyniowego. To wszystko jest niezwykle wa\u017cne w kontek\u015bcie radzenia sobie ze skutkami stresu.<\/span><\/p>\n<div class=\"porto-products wpb_content_element\"><div class=\"woocommerce \"><ul class=\"products products-container list has-ccols has-ccols-spacing ccols-xl-1 ccols-lg-1 ccols-md-1 ccols-sm-1 ccols-2 pwidth-lg-1 pwidth-md-1 pwidth-xs-1 pwidth-ls-1 is-shortcode\"\n\t data-cur_page=\"1\" data-max_page=\"1\" data-product_layout=\"product-\" role=\"none\">\n\n<li role=\"none\" class=\"product-col product type-product post-151612 status-publish first instock product_cat-olej-konopny-full-spectrum product_cat-hempking product_cat-olej-cbd-5 product_cat-olej-cbd product_cat-suplementy-na-uklad-krazenia product_cat-suplementy-na-uklad-nerwowy product_cat-suplementy-na-uklad-odpornosciowy has-post-thumbnail shipping-taxable purchasable product-type-simple\">\n<div class=\"product-inner\">\n\t\n\t<div class=\"product-image\">\n\n\t\t<a  href=\"https:\/\/hempking.eu\/pl\/olej-cbd-5-500-mg-natural-10-ml-hempking\/\" aria-label=\"Go to product page\">\n\t\t\t<div class=\"inner\"><img decoding=\"async\" width=\"600\" height=\"600\" src=\"https:\/\/hempking.eu\/pl\/wp-content\/uploads\/sites\/2\/2023\/08\/Olejek_CBD_5_wizualizacja-600x600.jpg\" class=\"attachment-woocommerce_thumbnail size-woocommerce_thumbnail\" alt=\"Olej CBD Hempking 5% Natural - 10 ml\" srcset=\"https:\/\/hempking.eu\/pl\/wp-content\/uploads\/sites\/2\/2023\/08\/Olejek_CBD_5_wizualizacja-600x600.jpg 600w, https:\/\/hempking.eu\/pl\/wp-content\/uploads\/sites\/2\/2023\/08\/Olejek_CBD_5_wizualizacja-400x400.jpg 400w\" sizes=\"(max-width: 600px) 100vw, 600px\" \/><\/div>\t\t<\/a>\n\t\t\t<\/div>\n\n\t<div class=\"product-content\">\n\t\t\n\t\t\t<a class=\"product-loop-title\"  href=\"https:\/\/hempking.eu\/pl\/olej-cbd-5-500-mg-natural-10-ml-hempking\/\">\n\t<h3 class=\"woocommerce-loop-product__title\">Olej CBD 5% 500 mg Natural 10 ml HempKing<\/h3>\t<\/a>\n\t\n\t\t\t<div class=\"description\">\n\t\t\t\t<p class=\"post-excerpt\">Olejek konopny Natural 5% (500 mg) to:<\/p>\n<p> \tMinimum 500 mg fitosk\u0142adnika<br \/>\n \tPe\u0142ne spektrum fitosk\u0142adnik\u00f3w, naturalnie wyst\u0119puj\u0105cych w konopiach: CBD, CBDA, CBC, CBGA, CBG, CBDV, CBN<br \/>\n \tNaturalnie wyst\u0119puj\u0105ce w konopiach terpeny,&#8230;<\/p>\n\t<\/div>\n\t\n\t<span class=\"price\"><span class=\"woocommerce-Price-amount amount\"><bdi>79.99&nbsp;<span class=\"woocommerce-Price-currencySymbol\">&#122;&#322;<\/span><\/bdi><\/span><\/span>\n\n\t\t<div class=\"add-links-wrap\">\n\t<div class=\"add-links clearfix\">\n\t\t\t<div class=\"quantity buttons_added simple-type\">\n\t\t\t\t<button type=\"button\" value=\"-\" class=\"minus\">-<\/button>\n\t\t<input\n\t\t\ttype=\"number\"\n\t\t\tid=\"quantity_69e4354f9f794\"\n\t\t\tclass=\"input-text qty text\"\n\t\t\tstep=\"1\"\n\t\t\tmin=\"1\"\n\t\t\t\t\t\t\tmax=\"21\"\n\t\t\t\t\t\tname=\"quantity\"\n\t\t\tvalue=\"1\"\n\t\t\taria-label=\"Ilo\u015b\u0107 produktu\"\n\t\t\t\t\tplaceholder=\"\"\t\t\tinputmode=\"numeric\" \/>\n\t\t<button type=\"button\" value=\"+\" class=\"plus\">+<\/button>\n\t\t\t<\/div>\n\t<a href=\"\/pl\/wp-json\/wp\/v2\/product\/174984?add-to-cart=151612\" data-quantity=\"1\" class=\"viewcart-style-2 button product_type_simple add_to_cart_button ajax_add_to_cart\" data-product_id=\"151612\" data-product_sku=\"5904806120496\" aria-label=\"Dodaj do koszyka: &bdquo;Olej CBD 5% 500 mg Natural 10 ml HempKing&rdquo;\" rel=\"nofollow\" data-success_message=\"&ldquo;Olej CBD 5% 500 mg Natural 10 ml HempKing&rdquo; zosta\u0142 dodany do twojego koszyka\" role=\"button\">Dodaj do koszyka<\/a>\n<div\n\tclass=\"yith-wcwl-add-to-wishlist add-to-wishlist-151612 yith-wcwl-add-to-wishlist--link-style wishlist-fragment on-first-load\"\n\tdata-fragment-ref=\"151612\"\n\tdata-fragment-options=\"{&quot;base_url&quot;:&quot;&quot;,&quot;product_id&quot;:151612,&quot;parent_product_id&quot;:0,&quot;product_type&quot;:&quot;simple&quot;,&quot;is_single&quot;:false,&quot;in_default_wishlist&quot;:false,&quot;show_view&quot;:false,&quot;browse_wishlist_text&quot;:&quot;Przegl\\u0105daj obserwowane produkty&quot;,&quot;already_in_wishslist_text&quot;:&quot;Produkt zosta\\u0142 ju\\u017c dodany do obserwowanych!&quot;,&quot;product_added_text&quot;:&quot;Produkt dodany!&quot;,&quot;available_multi_wishlist&quot;:false,&quot;disable_wishlist&quot;:false,&quot;show_count&quot;:false,&quot;ajax_loading&quot;:false,&quot;loop_position&quot;:&quot;after_add_to_cart&quot;,&quot;item&quot;:&quot;add_to_wishlist&quot;}\"\n>\n\t<\/div>\n\t<\/div>\n\t<\/div>\n\t<\/div>\n<\/div>\n\n<\/li>\n<\/ul>\n<\/div><\/div>\n<p><strong>Producent\/ Podmiot odpowiedzialny:<\/strong><\/p>\n<p>Biodio Lab Sp. z o.o.<br \/>\nUl. Choroszcza\u0144ska 24<br \/>\n15-732 Bia\u0142ystok<\/p>\n","protected":false},"excerpt":{"rendered":"<h2>Zestaw zawiera:<\/h2>\n<ul>\n<li><a href=\"https:\/\/hempking.eu\/pl\/witamina-b-complex-biowen-90-kapsulek\/\" target=\"_blank\" rel=\"noopener\">Witamina B Complex + Biowen &#8211; 90 kapsu\u0142ek<\/a><\/li>\n<li><a href=\"https:\/\/hempking.eu\/pl\/olej-cbd-5-500-mg-natural-10-ml-hempking\/\" target=\"_blank\" rel=\"noopener\">Olej CBD 5% 500 mg Natural 10 ml HempKing<\/a><\/li>\n<\/ul>\n<div class=\"description woocommerce-product-details__short-description\">\n<p><strong>Kupuj\u0105c w zestawie oszcz\u0119dzasz ponad 20%!<\/strong><\/p>\n<\/div>\n","protected":false},"featured_media":178697,"template":"","meta":{"_acf_changed":false},"product_brand":[],"product_cat":[439,438,444,422,142,141,38,20,448,149,408,416,33,150,151,152,460],"product_tag":[],"class_list":{"0":"post-174984","1":"product","2":"type-product","3":"status-publish","4":"has-post-thumbnail","6":"product_cat-biowen","7":"product_cat-hempking","8":"product_cat-kannabinoidy","9":"product_cat-suplementy-na-lepszy-nastroj","10":"product_cat-obnizka-produktow-do-20","11":"product_cat-obnizka-produktow-do-25","12":"product_cat-olej-cbd-5","13":"product_cat-olej-cbd","14":"product_cat-suplementy-na-uklad-nerwowy","15":"product_cat-suplementy-i-preparaty-na-uspokojenie","16":"product_cat-witaminy","17":"product_cat-witaminy-i-mineraly","18":"product_cat-zestawy","19":"product_cat-zestawy-dla-kobiet","20":"product_cat-zestawy-dla-mezczyzn","21":"product_cat-zestawy-prezentowe","22":"product_cat-okazje","24":"first","25":"instock","26":"sale","27":"shipping-taxable","28":"purchasable","29":"product-type-simple"},"acf":[],"yoast_head":"<!-- This site is optimized with the Yoast SEO Premium plugin v24.8 (Yoast SEO v27.3) - https:\/\/yoast.com\/product\/yoast-seo-premium-wordpress\/ -->\n<title>Zestaw suplement\u00f3w na stres - Hemp King<\/title>\n<meta name=\"description\" content=\"Zobacz \u261b Zestaw suplement\u00f3w na stres w konopnym sklepie HempKing \u2705100% naturalne \u2705 Zadbaj z nami o swoj\u0105 diet\u0119!\" \/>\n<meta name=\"robots\" content=\"index, follow\" \/>\n<link rel=\"canonical\" href=\"https:\/\/hempking.eu\/pl\/zestaw-suplementow-na-stres\/\" \/>\n<meta property=\"og:locale\" content=\"pl_PL\" \/>\n<meta property=\"og:type\" content=\"article\" \/>\n<meta property=\"og:title\" content=\"Zestaw suplement\u00f3w na stres\" \/>\n<meta property=\"og:description\" content=\"Zobacz \u261b Zestaw suplement\u00f3w na stres w konopnym sklepie HempKing \u2705100% naturalne \u2705 Zadbaj z nami o swoj\u0105 diet\u0119!\" \/>\n<meta property=\"og:url\" content=\"https:\/\/hempking.eu\/pl\/zestaw-suplementow-na-stres\/\" \/>\n<meta property=\"og:site_name\" content=\"Hemp King\" \/>\n<meta property=\"article:publisher\" content=\"https:\/\/www.facebook.com\/hempkingpoland\" \/>\n<meta property=\"article:modified_time\" content=\"2026-04-16T20:59:18+00:00\" \/>\n<meta property=\"og:image\" content=\"https:\/\/hempking.eu\/pl\/wp-content\/uploads\/sites\/2\/2023\/12\/Zestaw-suplementow-na-stres.jpg\" \/>\n\t<meta property=\"og:image:width\" content=\"1000\" \/>\n\t<meta property=\"og:image:height\" content=\"1000\" \/>\n\t<meta property=\"og:image:type\" content=\"image\/jpeg\" \/>\n<meta name=\"twitter:card\" content=\"summary_large_image\" \/>\n<meta name=\"twitter:site\" content=\"@hempkingeu\" \/>\n<meta name=\"twitter:label1\" content=\"Cena\" \/>\n\t<meta name=\"twitter:data1\" content=\"127.98&nbsp;&#122;&#322;\" \/>\n\t<meta name=\"twitter:label2\" content=\"Dost\u0119pno\u015b\u0107\" \/>\n\t<meta name=\"twitter:data2\" content=\"Dost\u0119pny\" \/>\n<script type=\"application\/ld+json\" class=\"yoast-schema-graph\">{\"@context\":\"https:\\\/\\\/schema.org\",\"@graph\":[{\"@type\":\"WebPage\",\"@id\":\"https:\\\/\\\/hempking.eu\\\/pl\\\/zestaw-suplementow-na-stres\\\/\",\"url\":\"https:\\\/\\\/hempking.eu\\\/pl\\\/zestaw-suplementow-na-stres\\\/\",\"name\":\"Zestaw suplement\u00f3w na stres - Hemp King\",\"isPartOf\":{\"@id\":\"https:\\\/\\\/hempking.eu\\\/pl\\\/#website\"},\"primaryImageOfPage\":{\"@id\":\"https:\\\/\\\/hempking.eu\\\/pl\\\/zestaw-suplementow-na-stres\\\/#primaryimage\"},\"image\":{\"@id\":\"https:\\\/\\\/hempking.eu\\\/pl\\\/zestaw-suplementow-na-stres\\\/#primaryimage\"},\"thumbnailUrl\":\"https:\\\/\\\/hempking.eu\\\/pl\\\/wp-content\\\/uploads\\\/sites\\\/2\\\/2023\\\/12\\\/Zestaw-suplementow-na-stres.jpg\",\"datePublished\":\"2023-12-13T14:40:04+00:00\",\"dateModified\":\"2026-04-16T20:59:18+00:00\",\"description\":\"Zobacz \u261b Zestaw suplement\u00f3w na stres w konopnym sklepie HempKing \u2705100% naturalne \u2705 Zadbaj z nami o swoj\u0105 diet\u0119!\",\"breadcrumb\":{\"@id\":\"https:\\\/\\\/hempking.eu\\\/pl\\\/zestaw-suplementow-na-stres\\\/#breadcrumb\"},\"inLanguage\":\"pl-PL\",\"potentialAction\":[{\"@type\":\"ReadAction\",\"target\":[\"https:\\\/\\\/hempking.eu\\\/pl\\\/zestaw-suplementow-na-stres\\\/\"]}]},{\"@type\":\"ImageObject\",\"inLanguage\":\"pl-PL\",\"@id\":\"https:\\\/\\\/hempking.eu\\\/pl\\\/zestaw-suplementow-na-stres\\\/#primaryimage\",\"url\":\"https:\\\/\\\/hempking.eu\\\/pl\\\/wp-content\\\/uploads\\\/sites\\\/2\\\/2023\\\/12\\\/Zestaw-suplementow-na-stres.jpg\",\"contentUrl\":\"https:\\\/\\\/hempking.eu\\\/pl\\\/wp-content\\\/uploads\\\/sites\\\/2\\\/2023\\\/12\\\/Zestaw-suplementow-na-stres.jpg\",\"width\":1000,\"height\":1000,\"caption\":\"Zestaw na stres\"},{\"@type\":\"BreadcrumbList\",\"@id\":\"https:\\\/\\\/hempking.eu\\\/pl\\\/zestaw-suplementow-na-stres\\\/#breadcrumb\",\"itemListElement\":[{\"@type\":\"ListItem\",\"position\":1,\"name\":\"Home\",\"item\":\"https:\\\/\\\/hempking.eu\\\/pl\\\/\"},{\"@type\":\"ListItem\",\"position\":2,\"name\":\"Sklep\",\"item\":\"https:\\\/\\\/hempking.eu\\\/pl\\\/shop\\\/\"},{\"@type\":\"ListItem\",\"position\":3,\"name\":\"Zestawy\",\"item\":\"https:\\\/\\\/hempking.eu\\\/pl\\\/zestawy\\\/\"},{\"@type\":\"ListItem\",\"position\":4,\"name\":\"Zestawy prezentowe\",\"item\":\"https:\\\/\\\/hempking.eu\\\/pl\\\/zestawy-prezentowe\\\/\"},{\"@type\":\"ListItem\",\"position\":5,\"name\":\"Zestaw suplement\u00f3w na stres\"}]},{\"@type\":\"WebSite\",\"@id\":\"https:\\\/\\\/hempking.eu\\\/pl\\\/#website\",\"url\":\"https:\\\/\\\/hempking.eu\\\/pl\\\/\",\"name\":\"Hemp King\",\"description\":\"\",\"publisher\":{\"@id\":\"https:\\\/\\\/hempking.eu\\\/pl\\\/#organization\"},\"potentialAction\":[{\"@type\":\"SearchAction\",\"target\":{\"@type\":\"EntryPoint\",\"urlTemplate\":\"https:\\\/\\\/hempking.eu\\\/pl\\\/?s={search_term_string}\"},\"query-input\":{\"@type\":\"PropertyValueSpecification\",\"valueRequired\":true,\"valueName\":\"search_term_string\"}}],\"inLanguage\":\"pl-PL\"},{\"@type\":\"Organization\",\"@id\":\"https:\\\/\\\/hempking.eu\\\/pl\\\/#organization\",\"name\":\"Hemp King\",\"url\":\"https:\\\/\\\/hempking.eu\\\/pl\\\/\",\"logo\":{\"@type\":\"ImageObject\",\"inLanguage\":\"pl-PL\",\"@id\":\"https:\\\/\\\/hempking.eu\\\/pl\\\/#\\\/schema\\\/logo\\\/image\\\/\",\"url\":\"https:\\\/\\\/hempking.eu\\\/pl\\\/wp-content\\\/uploads\\\/sites\\\/2\\\/2020\\\/05\\\/hempking.png\",\"contentUrl\":\"https:\\\/\\\/hempking.eu\\\/pl\\\/wp-content\\\/uploads\\\/sites\\\/2\\\/2020\\\/05\\\/hempking.png\",\"width\":148,\"height\":91,\"caption\":\"Hemp King\"},\"image\":{\"@id\":\"https:\\\/\\\/hempking.eu\\\/pl\\\/#\\\/schema\\\/logo\\\/image\\\/\"},\"sameAs\":[\"https:\\\/\\\/www.facebook.com\\\/hempkingpoland\",\"https:\\\/\\\/x.com\\\/hempkingeu\",\"https:\\\/\\\/www.instagram.com\\\/hempkingeu\\\/\",\"https:\\\/\\\/www.linkedin.com\\\/company\\\/hempking-eu\\\/mycompany\\\/\",\"https:\\\/\\\/pl.pinterest.com\\\/hempkingeu\\\/\",\"https:\\\/\\\/www.youtube.com\\\/channel\\\/UCUkeZA1fj4hSZfoYm0WpZ7w\"]}]}<\/script>\n<meta property=\"product:price:amount\" content=\"127.98\" \/>\n<meta property=\"product:price:currency\" content=\"PLN\" \/>\n<meta property=\"og:availability\" content=\"instock\" \/>\n<meta property=\"product:availability\" content=\"instock\" \/>\n<meta property=\"product:condition\" content=\"new\" \/>\n<!-- \/ Yoast SEO Premium plugin. -->","yoast_head_json":{"title":"Zestaw suplement\u00f3w na stres - Hemp King","description":"Zobacz \u261b Zestaw suplement\u00f3w na stres w konopnym sklepie HempKing \u2705100% naturalne \u2705 Zadbaj z nami o swoj\u0105 diet\u0119!","robots":{"index":"index","follow":"follow"},"canonical":"https:\/\/hempking.eu\/pl\/zestaw-suplementow-na-stres\/","og_locale":"pl_PL","og_type":"article","og_title":"Zestaw suplement\u00f3w na stres","og_description":"Zobacz \u261b Zestaw suplement\u00f3w na stres w konopnym sklepie HempKing \u2705100% naturalne \u2705 Zadbaj z nami o swoj\u0105 diet\u0119!","og_url":"https:\/\/hempking.eu\/pl\/zestaw-suplementow-na-stres\/","og_site_name":"Hemp King","article_publisher":"https:\/\/www.facebook.com\/hempkingpoland","article_modified_time":"2026-04-16T20:59:18+00:00","og_image":[{"width":1000,"height":1000,"url":"https:\/\/hempking.eu\/pl\/wp-content\/uploads\/sites\/2\/2023\/12\/Zestaw-suplementow-na-stres.jpg","type":"image\/jpeg"}],"twitter_card":"summary_large_image","twitter_site":"@hempkingeu","twitter_misc":{"Cena":"127.98&nbsp;&#122;&#322;","Dost\u0119pno\u015b\u0107":"Dost\u0119pny"},"schema":{"@context":"https:\/\/schema.org","@graph":[{"@type":"WebPage","@id":"https:\/\/hempking.eu\/pl\/zestaw-suplementow-na-stres\/","url":"https:\/\/hempking.eu\/pl\/zestaw-suplementow-na-stres\/","name":"Zestaw suplement\u00f3w na stres - Hemp King","isPartOf":{"@id":"https:\/\/hempking.eu\/pl\/#website"},"primaryImageOfPage":{"@id":"https:\/\/hempking.eu\/pl\/zestaw-suplementow-na-stres\/#primaryimage"},"image":{"@id":"https:\/\/hempking.eu\/pl\/zestaw-suplementow-na-stres\/#primaryimage"},"thumbnailUrl":"https:\/\/hempking.eu\/pl\/wp-content\/uploads\/sites\/2\/2023\/12\/Zestaw-suplementow-na-stres.jpg","datePublished":"2023-12-13T14:40:04+00:00","dateModified":"2026-04-16T20:59:18+00:00","description":"Zobacz \u261b Zestaw suplement\u00f3w na stres w konopnym sklepie HempKing \u2705100% naturalne \u2705 Zadbaj z nami o swoj\u0105 diet\u0119!","breadcrumb":{"@id":"https:\/\/hempking.eu\/pl\/zestaw-suplementow-na-stres\/#breadcrumb"},"inLanguage":"pl-PL","potentialAction":[{"@type":"ReadAction","target":["https:\/\/hempking.eu\/pl\/zestaw-suplementow-na-stres\/"]}]},{"@type":"ImageObject","inLanguage":"pl-PL","@id":"https:\/\/hempking.eu\/pl\/zestaw-suplementow-na-stres\/#primaryimage","url":"https:\/\/hempking.eu\/pl\/wp-content\/uploads\/sites\/2\/2023\/12\/Zestaw-suplementow-na-stres.jpg","contentUrl":"https:\/\/hempking.eu\/pl\/wp-content\/uploads\/sites\/2\/2023\/12\/Zestaw-suplementow-na-stres.jpg","width":1000,"height":1000,"caption":"Zestaw na stres"},{"@type":"BreadcrumbList","@id":"https:\/\/hempking.eu\/pl\/zestaw-suplementow-na-stres\/#breadcrumb","itemListElement":[{"@type":"ListItem","position":1,"name":"Home","item":"https:\/\/hempking.eu\/pl\/"},{"@type":"ListItem","position":2,"name":"Sklep","item":"https:\/\/hempking.eu\/pl\/shop\/"},{"@type":"ListItem","position":3,"name":"Zestawy","item":"https:\/\/hempking.eu\/pl\/zestawy\/"},{"@type":"ListItem","position":4,"name":"Zestawy prezentowe","item":"https:\/\/hempking.eu\/pl\/zestawy-prezentowe\/"},{"@type":"ListItem","position":5,"name":"Zestaw suplement\u00f3w na stres"}]},{"@type":"WebSite","@id":"https:\/\/hempking.eu\/pl\/#website","url":"https:\/\/hempking.eu\/pl\/","name":"Hemp King","description":"","publisher":{"@id":"https:\/\/hempking.eu\/pl\/#organization"},"potentialAction":[{"@type":"SearchAction","target":{"@type":"EntryPoint","urlTemplate":"https:\/\/hempking.eu\/pl\/?s={search_term_string}"},"query-input":{"@type":"PropertyValueSpecification","valueRequired":true,"valueName":"search_term_string"}}],"inLanguage":"pl-PL"},{"@type":"Organization","@id":"https:\/\/hempking.eu\/pl\/#organization","name":"Hemp King","url":"https:\/\/hempking.eu\/pl\/","logo":{"@type":"ImageObject","inLanguage":"pl-PL","@id":"https:\/\/hempking.eu\/pl\/#\/schema\/logo\/image\/","url":"https:\/\/hempking.eu\/pl\/wp-content\/uploads\/sites\/2\/2020\/05\/hempking.png","contentUrl":"https:\/\/hempking.eu\/pl\/wp-content\/uploads\/sites\/2\/2020\/05\/hempking.png","width":148,"height":91,"caption":"Hemp King"},"image":{"@id":"https:\/\/hempking.eu\/pl\/#\/schema\/logo\/image\/"},"sameAs":["https:\/\/www.facebook.com\/hempkingpoland","https:\/\/x.com\/hempkingeu","https:\/\/www.instagram.com\/hempkingeu\/","https:\/\/www.linkedin.com\/company\/hempking-eu\/mycompany\/","https:\/\/pl.pinterest.com\/hempkingeu\/","https:\/\/www.youtube.com\/channel\/UCUkeZA1fj4hSZfoYm0WpZ7w"]}]},"product_price_amount":"127.98","product_price_currency":"PLN","og_availability":"instock","product_availability":"instock","product_condition":"new"},"df_price":127.98,"df_sale_price":127.98,"df_regular_price":159.98,"df_image_link":"https:\/\/hempking.eu\/pl\/wp-content\/uploads\/sites\/2\/2023\/12\/Zestaw-suplementow-na-stres-300x300.jpg","_links":{"self":[{"href":"https:\/\/hempking.eu\/pl\/wp-json\/wp\/v2\/product\/174984","targetHints":{"allow":["GET"]}}],"collection":[{"href":"https:\/\/hempking.eu\/pl\/wp-json\/wp\/v2\/product"}],"about":[{"href":"https:\/\/hempking.eu\/pl\/wp-json\/wp\/v2\/types\/product"}],"wp:featuredmedia":[{"embeddable":true,"href":"https:\/\/hempking.eu\/pl\/wp-json\/wp\/v2\/media\/178697"}],"wp:attachment":[{"href":"https:\/\/hempking.eu\/pl\/wp-json\/wp\/v2\/media?parent=174984"}],"wp:term":[{"taxonomy":"product_brand","embeddable":true,"href":"https:\/\/hempking.eu\/pl\/wp-json\/wp\/v2\/product_brand?post=174984"},{"taxonomy":"product_cat","embeddable":true,"href":"https:\/\/hempking.eu\/pl\/wp-json\/wp\/v2\/product_cat?post=174984"},{"taxonomy":"product_tag","embeddable":true,"href":"https:\/\/hempking.eu\/pl\/wp-json\/wp\/v2\/product_tag?post=174984"}],"curies":[{"name":"wp","href":"https:\/\/api.w.org\/{rel}","templated":true}]}}