{"id":175300,"date":"2023-12-15T07:21:23","date_gmt":"2023-12-15T06:21:23","guid":{"rendered":"https:\/\/hempking.eu\/pl\/?post_type=product&#038;p=175300"},"modified":"2026-04-23T11:13:59","modified_gmt":"2026-04-23T09:13:59","slug":"kreatyna-monohydrat-mikronizowana-200-mesh-biowen-250-g","status":"publish","type":"product","link":"https:\/\/hempking.eu\/pl\/kreatyna-monohydrat-mikronizowana-200-mesh-biowen-250-g\/","title":{"rendered":"Kreatyna monohydrat mikronizowana 200 MESH Biowen - 250 g"},"content":{"rendered":"<p><span style=\"font-weight: 400;\">Kreatyna monohydrat mikronizowana 200 MESH Biowen to doskona\u0142y wyb\u00f3r dla os\u00f3b dbaj\u0105cych o efektywne wsparcie trening\u00f3w. Ten produkt o wyj\u0105tkowej jako\u015bci to czysty monohydrat kreatyny, co gwarantuje czysto\u015b\u0107 sk\u0142adu. Dzi\u0119ki procesowi mikronizacji, cz\u0105steczki s\u0105 drobniejsze, co sprzyja lepszej absorpcji i wykorzystaniu przez organizm.<\/span><\/p>\n<p><span style=\"font-weight: 400;\">Przebadana formu\u0142a produktu eliminuje obawy zwi\u0105zane z metalami ci\u0119\u017ckimi, zapewniaj\u0105c bezpiecze\u0144stwo u\u017cytkowania. Kreatyna to substancja znana ze zdolno\u015bci zwi\u0119kszania wydolno\u015bci fizycznej podczas intensywnych \u0107wicze\u0144 kr\u00f3tkotrwa\u0142ych. Wp\u0142ywa r\u00f3wnie\u017c na wzrost si\u0142y mi\u0119\u015bniowej, wspomagaj\u0105c osi\u0105ganie zamierzonych cel\u00f3w treningowych.<\/span><\/p>\n<p><span style=\"font-weight: 400;\">Szklany s\u0142oik, w kt\u00f3rym produkt jest zapakowany, nie tylko podkre\u015bla wysok\u0105 jako\u015b\u0107, ale r\u00f3wnie\u017c eliminuje ryzyko mikroplastik\u00f3w. Kreatyna monohydrat Biowen to nie tylko efektywne wsparcie, ale tak\u017ce troska o \u015brodowisko.<\/span><\/p>\n<p><span style=\"font-weight: 400;\">Z jednego opakowania, zawieraj\u0105cego mikronizowan\u0105 kreatyn\u0119, mo\u017cna przygotowa\u0107 a\u017c 50 porcji. To ekonomiczna opcja dla tych, kt\u00f3rzy chc\u0105 czerpa\u0107 pe\u0142ne korzy\u015bci z suplementacji. Optymalne wsparcie treningowe, skoncentrowane w szklanym s\u0142oiku, gotowe do intensywnego dzia\u0142ania na rzecz osi\u0105gni\u0119cia wymarzonych rezultat\u00f3w.<\/span><\/p>\n<p><span style=\"font-weight: 400;\">Ponadto, kreatyna monohydrat Biowen wyr\u00f3\u017cnia si\u0119 nie tylko doskona\u0142\u0105 rozpuszczalno\u015bci\u0105, co u\u0142atwia jej spo\u017cycie, ale tak\u017ce delikatnym smakiem, co sprawia, \u017ce przyjemno\u015b\u0107 z suplementacji staje si\u0119 codzienn\u0105 rutyn\u0105. Bez dodatku sztucznych barwnik\u00f3w czy konserwant\u00f3w, to produkt skoncentrowany na istocie \u2013 skutecznym wsparciu dla Twojego treningu. Dzi\u0119ki starannemu procesowi produkcji i kontroli jako\u015bci, Biowen stawia na kreatyn\u0119 monohydrat mikronizowan\u0105, zapewniaj\u0105c Ci pe\u0142ne zaufanie do ka\u017cdej porcji.\u00a0<\/span><\/p>\n<p><span style=\"font-weight: 400;\">Do\u0142\u0105cz do tych, kt\u00f3rzy ju\u017c dostrzegli korzy\u015bci p\u0142yn\u0105ce z tego wyj\u0105tkowego suplementu i skieruj swoje wysi\u0142ki treningowe na wy\u017cszy poziom!<\/span><\/p>\n<p><strong>Producent\/ Podmiot odpowiedzialny:<\/strong><\/p>\n<p>Biodio Lab Sp. z o.o.<br \/>\nUl. Choroszcza\u0144ska 24<br \/>\n15-732 Bia\u0142ystok<\/p>\n","protected":false},"excerpt":{"rendered":"<h2>Kreatyna mikronizowana:<\/h2>\n<ul>\n<li>200 MESH,<\/li>\n<li>dobrze przyswajalna,<\/li>\n<li>czysty sk\u0142ad, bez niechcianych dodatk\u00f3w,<\/li>\n<li>50 porcji w opakowaniu,<\/li>\n<li>wp\u0142ywa na si\u0142\u0119 mi\u0119\u015bni i wydolno\u015b\u0107 fizyczn\u0105,<\/li>\n<li>posta\u0107 proszku,<\/li>\n<li>masa netto: 250 g.<\/li>\n<\/ul>\n<p><strong>Opakowanie: 50 porcji<\/strong><\/p>\n","protected":false},"featured_media":175301,"template":"","meta":{"_acf_changed":false},"product_brand":[],"product_cat":[439,453],"product_tag":[],"class_list":{"0":"post-175300","1":"product","2":"type-product","3":"status-publish","4":"has-post-thumbnail","6":"product_cat-biowen","7":"product_cat-suplementy-na-uklad-ruchu","9":"first","10":"instock","11":"shipping-taxable","12":"purchasable","13":"product-type-simple"},"acf":[],"yoast_head":"<!-- This site is optimized with the Yoast SEO Premium plugin v24.8 (Yoast SEO v27.3) - https:\/\/yoast.com\/product\/yoast-seo-premium-wordpress\/ -->\n<title>Kreatyna monohydrat mikronizowana 200 MESH Biowen - 250 g - Hemp King<\/title>\n<meta name=\"description\" content=\"Zobacz \u261b Kreatyna monohydrat mikronizowana 200 MESH Biowen - 250 g w konopnym sklepie HempKing \u2705100% naturalne \u2705 Zadbaj z nami o swoj\u0105 diet\u0119!\" \/>\n<meta name=\"robots\" content=\"index, follow\" \/>\n<link rel=\"canonical\" href=\"https:\/\/hempking.eu\/pl\/kreatyna-monohydrat-mikronizowana-200-mesh-biowen-250-g\/\" \/>\n<meta property=\"og:locale\" content=\"pl_PL\" \/>\n<meta property=\"og:type\" content=\"article\" \/>\n<meta property=\"og:title\" content=\"Kreatyna monohydrat mikronizowana 200 MESH Biowen - 250 g\" \/>\n<meta property=\"og:description\" content=\"Zobacz \u261b Kreatyna monohydrat mikronizowana 200 MESH Biowen - 250 g w konopnym sklepie HempKing \u2705100% naturalne \u2705 Zadbaj z nami o swoj\u0105 diet\u0119!\" \/>\n<meta property=\"og:url\" content=\"https:\/\/hempking.eu\/pl\/kreatyna-monohydrat-mikronizowana-200-mesh-biowen-250-g\/\" \/>\n<meta property=\"og:site_name\" content=\"Hemp King\" \/>\n<meta property=\"article:publisher\" content=\"https:\/\/www.facebook.com\/hempkingpoland\" \/>\n<meta property=\"article:modified_time\" content=\"2026-04-23T09:13:59+00:00\" \/>\n<meta property=\"og:image\" content=\"https:\/\/hempking.eu\/pl\/wp-content\/uploads\/sites\/2\/2023\/12\/wizualizacja_kreatyna_hempking.jpg\" \/>\n\t<meta property=\"og:image:width\" content=\"1000\" \/>\n\t<meta property=\"og:image:height\" content=\"1000\" \/>\n\t<meta property=\"og:image:type\" content=\"image\/jpeg\" \/>\n<meta name=\"twitter:card\" content=\"summary_large_image\" \/>\n<meta name=\"twitter:site\" content=\"@hempkingeu\" \/>\n<meta name=\"twitter:label1\" content=\"Cena\" \/>\n\t<meta name=\"twitter:data1\" content=\"59.99&nbsp;&#122;&#322;\" \/>\n\t<meta name=\"twitter:label2\" content=\"Dost\u0119pno\u015b\u0107\" \/>\n\t<meta name=\"twitter:data2\" content=\"Dost\u0119pny\" \/>\n<script type=\"application\/ld+json\" class=\"yoast-schema-graph\">{\"@context\":\"https:\\\/\\\/schema.org\",\"@graph\":[{\"@type\":\"WebPage\",\"@id\":\"https:\\\/\\\/hempking.eu\\\/pl\\\/kreatyna-monohydrat-mikronizowana-200-mesh-biowen-250-g\\\/\",\"url\":\"https:\\\/\\\/hempking.eu\\\/pl\\\/kreatyna-monohydrat-mikronizowana-200-mesh-biowen-250-g\\\/\",\"name\":\"Kreatyna monohydrat mikronizowana 200 MESH Biowen - 250 g - Hemp King\",\"isPartOf\":{\"@id\":\"https:\\\/\\\/hempking.eu\\\/pl\\\/#website\"},\"primaryImageOfPage\":{\"@id\":\"https:\\\/\\\/hempking.eu\\\/pl\\\/kreatyna-monohydrat-mikronizowana-200-mesh-biowen-250-g\\\/#primaryimage\"},\"image\":{\"@id\":\"https:\\\/\\\/hempking.eu\\\/pl\\\/kreatyna-monohydrat-mikronizowana-200-mesh-biowen-250-g\\\/#primaryimage\"},\"thumbnailUrl\":\"https:\\\/\\\/hempking.eu\\\/pl\\\/wp-content\\\/uploads\\\/sites\\\/2\\\/2023\\\/12\\\/wizualizacja_kreatyna_hempking.jpg\",\"datePublished\":\"2023-12-15T06:21:23+00:00\",\"dateModified\":\"2026-04-23T09:13:59+00:00\",\"description\":\"Zobacz \u261b Kreatyna monohydrat mikronizowana 200 MESH Biowen - 250 g w konopnym sklepie HempKing \u2705100% naturalne \u2705 Zadbaj z nami o swoj\u0105 diet\u0119!\",\"breadcrumb\":{\"@id\":\"https:\\\/\\\/hempking.eu\\\/pl\\\/kreatyna-monohydrat-mikronizowana-200-mesh-biowen-250-g\\\/#breadcrumb\"},\"inLanguage\":\"pl-PL\",\"potentialAction\":[{\"@type\":\"ReadAction\",\"target\":[\"https:\\\/\\\/hempking.eu\\\/pl\\\/kreatyna-monohydrat-mikronizowana-200-mesh-biowen-250-g\\\/\"]}]},{\"@type\":\"ImageObject\",\"inLanguage\":\"pl-PL\",\"@id\":\"https:\\\/\\\/hempking.eu\\\/pl\\\/kreatyna-monohydrat-mikronizowana-200-mesh-biowen-250-g\\\/#primaryimage\",\"url\":\"https:\\\/\\\/hempking.eu\\\/pl\\\/wp-content\\\/uploads\\\/sites\\\/2\\\/2023\\\/12\\\/wizualizacja_kreatyna_hempking.jpg\",\"contentUrl\":\"https:\\\/\\\/hempking.eu\\\/pl\\\/wp-content\\\/uploads\\\/sites\\\/2\\\/2023\\\/12\\\/wizualizacja_kreatyna_hempking.jpg\",\"width\":1000,\"height\":1000,\"caption\":\"kreatyna Biowen 250 g\"},{\"@type\":\"BreadcrumbList\",\"@id\":\"https:\\\/\\\/hempking.eu\\\/pl\\\/kreatyna-monohydrat-mikronizowana-200-mesh-biowen-250-g\\\/#breadcrumb\",\"itemListElement\":[{\"@type\":\"ListItem\",\"position\":1,\"name\":\"Home\",\"item\":\"https:\\\/\\\/hempking.eu\\\/pl\\\/\"},{\"@type\":\"ListItem\",\"position\":2,\"name\":\"Sklep\",\"item\":\"https:\\\/\\\/hempking.eu\\\/pl\\\/shop\\\/\"},{\"@type\":\"ListItem\",\"position\":3,\"name\":\"\ud83e\uddec Suplementy wed\u0142ug uk\u0142adu\",\"item\":\"https:\\\/\\\/hempking.eu\\\/pl\\\/suplementy\\\/\"},{\"@type\":\"ListItem\",\"position\":4,\"name\":\"Suplementy na uk\u0142ad ruchu\",\"item\":\"https:\\\/\\\/hempking.eu\\\/pl\\\/suplementy-na-uklad-ruchu\\\/\"},{\"@type\":\"ListItem\",\"position\":5,\"name\":\"Kreatyna monohydrat mikronizowana 200 MESH Biowen - 250 g\"}]},{\"@type\":\"WebSite\",\"@id\":\"https:\\\/\\\/hempking.eu\\\/pl\\\/#website\",\"url\":\"https:\\\/\\\/hempking.eu\\\/pl\\\/\",\"name\":\"Hemp King\",\"description\":\"\",\"publisher\":{\"@id\":\"https:\\\/\\\/hempking.eu\\\/pl\\\/#organization\"},\"potentialAction\":[{\"@type\":\"SearchAction\",\"target\":{\"@type\":\"EntryPoint\",\"urlTemplate\":\"https:\\\/\\\/hempking.eu\\\/pl\\\/?s={search_term_string}\"},\"query-input\":{\"@type\":\"PropertyValueSpecification\",\"valueRequired\":true,\"valueName\":\"search_term_string\"}}],\"inLanguage\":\"pl-PL\"},{\"@type\":\"Organization\",\"@id\":\"https:\\\/\\\/hempking.eu\\\/pl\\\/#organization\",\"name\":\"Hemp King\",\"url\":\"https:\\\/\\\/hempking.eu\\\/pl\\\/\",\"logo\":{\"@type\":\"ImageObject\",\"inLanguage\":\"pl-PL\",\"@id\":\"https:\\\/\\\/hempking.eu\\\/pl\\\/#\\\/schema\\\/logo\\\/image\\\/\",\"url\":\"https:\\\/\\\/hempking.eu\\\/pl\\\/wp-content\\\/uploads\\\/sites\\\/2\\\/2020\\\/05\\\/hempking.png\",\"contentUrl\":\"https:\\\/\\\/hempking.eu\\\/pl\\\/wp-content\\\/uploads\\\/sites\\\/2\\\/2020\\\/05\\\/hempking.png\",\"width\":148,\"height\":91,\"caption\":\"Hemp King\"},\"image\":{\"@id\":\"https:\\\/\\\/hempking.eu\\\/pl\\\/#\\\/schema\\\/logo\\\/image\\\/\"},\"sameAs\":[\"https:\\\/\\\/www.facebook.com\\\/hempkingpoland\",\"https:\\\/\\\/x.com\\\/hempkingeu\",\"https:\\\/\\\/www.instagram.com\\\/hempkingeu\\\/\",\"https:\\\/\\\/www.linkedin.com\\\/company\\\/hempking-eu\\\/mycompany\\\/\",\"https:\\\/\\\/pl.pinterest.com\\\/hempkingeu\\\/\",\"https:\\\/\\\/www.youtube.com\\\/channel\\\/UCUkeZA1fj4hSZfoYm0WpZ7w\"]}]}<\/script>\n<meta property=\"product:price:amount\" content=\"59.99\" \/>\n<meta property=\"product:price:currency\" content=\"PLN\" \/>\n<meta property=\"og:availability\" content=\"instock\" \/>\n<meta property=\"product:availability\" content=\"instock\" \/>\n<meta property=\"product:retailer_item_id\" content=\"5904806120649\" \/>\n<meta property=\"product:condition\" content=\"new\" \/>\n<!-- \/ Yoast SEO Premium plugin. -->","yoast_head_json":{"title":"Kreatyna monohydrat mikronizowana 200 MESH Biowen - 250 g - Hemp King","description":"Zobacz \u261b Kreatyna monohydrat mikronizowana 200 MESH Biowen - 250 g w konopnym sklepie HempKing \u2705100% naturalne \u2705 Zadbaj z nami o swoj\u0105 diet\u0119!","robots":{"index":"index","follow":"follow"},"canonical":"https:\/\/hempking.eu\/pl\/kreatyna-monohydrat-mikronizowana-200-mesh-biowen-250-g\/","og_locale":"pl_PL","og_type":"article","og_title":"Kreatyna monohydrat mikronizowana 200 MESH Biowen - 250 g","og_description":"Zobacz \u261b Kreatyna monohydrat mikronizowana 200 MESH Biowen - 250 g w konopnym sklepie HempKing \u2705100% naturalne \u2705 Zadbaj z nami o swoj\u0105 diet\u0119!","og_url":"https:\/\/hempking.eu\/pl\/kreatyna-monohydrat-mikronizowana-200-mesh-biowen-250-g\/","og_site_name":"Hemp King","article_publisher":"https:\/\/www.facebook.com\/hempkingpoland","article_modified_time":"2026-04-23T09:13:59+00:00","og_image":[{"width":1000,"height":1000,"url":"https:\/\/hempking.eu\/pl\/wp-content\/uploads\/sites\/2\/2023\/12\/wizualizacja_kreatyna_hempking.jpg","type":"image\/jpeg"}],"twitter_card":"summary_large_image","twitter_site":"@hempkingeu","twitter_misc":{"Cena":"59.99&nbsp;&#122;&#322;","Dost\u0119pno\u015b\u0107":"Dost\u0119pny"},"schema":{"@context":"https:\/\/schema.org","@graph":[{"@type":"WebPage","@id":"https:\/\/hempking.eu\/pl\/kreatyna-monohydrat-mikronizowana-200-mesh-biowen-250-g\/","url":"https:\/\/hempking.eu\/pl\/kreatyna-monohydrat-mikronizowana-200-mesh-biowen-250-g\/","name":"Kreatyna monohydrat mikronizowana 200 MESH Biowen - 250 g - Hemp King","isPartOf":{"@id":"https:\/\/hempking.eu\/pl\/#website"},"primaryImageOfPage":{"@id":"https:\/\/hempking.eu\/pl\/kreatyna-monohydrat-mikronizowana-200-mesh-biowen-250-g\/#primaryimage"},"image":{"@id":"https:\/\/hempking.eu\/pl\/kreatyna-monohydrat-mikronizowana-200-mesh-biowen-250-g\/#primaryimage"},"thumbnailUrl":"https:\/\/hempking.eu\/pl\/wp-content\/uploads\/sites\/2\/2023\/12\/wizualizacja_kreatyna_hempking.jpg","datePublished":"2023-12-15T06:21:23+00:00","dateModified":"2026-04-23T09:13:59+00:00","description":"Zobacz \u261b Kreatyna monohydrat mikronizowana 200 MESH Biowen - 250 g w konopnym sklepie HempKing \u2705100% naturalne \u2705 Zadbaj z nami o swoj\u0105 diet\u0119!","breadcrumb":{"@id":"https:\/\/hempking.eu\/pl\/kreatyna-monohydrat-mikronizowana-200-mesh-biowen-250-g\/#breadcrumb"},"inLanguage":"pl-PL","potentialAction":[{"@type":"ReadAction","target":["https:\/\/hempking.eu\/pl\/kreatyna-monohydrat-mikronizowana-200-mesh-biowen-250-g\/"]}]},{"@type":"ImageObject","inLanguage":"pl-PL","@id":"https:\/\/hempking.eu\/pl\/kreatyna-monohydrat-mikronizowana-200-mesh-biowen-250-g\/#primaryimage","url":"https:\/\/hempking.eu\/pl\/wp-content\/uploads\/sites\/2\/2023\/12\/wizualizacja_kreatyna_hempking.jpg","contentUrl":"https:\/\/hempking.eu\/pl\/wp-content\/uploads\/sites\/2\/2023\/12\/wizualizacja_kreatyna_hempking.jpg","width":1000,"height":1000,"caption":"kreatyna Biowen 250 g"},{"@type":"BreadcrumbList","@id":"https:\/\/hempking.eu\/pl\/kreatyna-monohydrat-mikronizowana-200-mesh-biowen-250-g\/#breadcrumb","itemListElement":[{"@type":"ListItem","position":1,"name":"Home","item":"https:\/\/hempking.eu\/pl\/"},{"@type":"ListItem","position":2,"name":"Sklep","item":"https:\/\/hempking.eu\/pl\/shop\/"},{"@type":"ListItem","position":3,"name":"\ud83e\uddec Suplementy wed\u0142ug uk\u0142adu","item":"https:\/\/hempking.eu\/pl\/suplementy\/"},{"@type":"ListItem","position":4,"name":"Suplementy na uk\u0142ad ruchu","item":"https:\/\/hempking.eu\/pl\/suplementy-na-uklad-ruchu\/"},{"@type":"ListItem","position":5,"name":"Kreatyna monohydrat mikronizowana 200 MESH Biowen - 250 g"}]},{"@type":"WebSite","@id":"https:\/\/hempking.eu\/pl\/#website","url":"https:\/\/hempking.eu\/pl\/","name":"Hemp King","description":"","publisher":{"@id":"https:\/\/hempking.eu\/pl\/#organization"},"potentialAction":[{"@type":"SearchAction","target":{"@type":"EntryPoint","urlTemplate":"https:\/\/hempking.eu\/pl\/?s={search_term_string}"},"query-input":{"@type":"PropertyValueSpecification","valueRequired":true,"valueName":"search_term_string"}}],"inLanguage":"pl-PL"},{"@type":"Organization","@id":"https:\/\/hempking.eu\/pl\/#organization","name":"Hemp King","url":"https:\/\/hempking.eu\/pl\/","logo":{"@type":"ImageObject","inLanguage":"pl-PL","@id":"https:\/\/hempking.eu\/pl\/#\/schema\/logo\/image\/","url":"https:\/\/hempking.eu\/pl\/wp-content\/uploads\/sites\/2\/2020\/05\/hempking.png","contentUrl":"https:\/\/hempking.eu\/pl\/wp-content\/uploads\/sites\/2\/2020\/05\/hempking.png","width":148,"height":91,"caption":"Hemp King"},"image":{"@id":"https:\/\/hempking.eu\/pl\/#\/schema\/logo\/image\/"},"sameAs":["https:\/\/www.facebook.com\/hempkingpoland","https:\/\/x.com\/hempkingeu","https:\/\/www.instagram.com\/hempkingeu\/","https:\/\/www.linkedin.com\/company\/hempking-eu\/mycompany\/","https:\/\/pl.pinterest.com\/hempkingeu\/","https:\/\/www.youtube.com\/channel\/UCUkeZA1fj4hSZfoYm0WpZ7w"]}]},"product_price_amount":"59.99","product_price_currency":"PLN","og_availability":"instock","product_availability":"instock","product_retailer_item_id":"5904806120649","product_condition":"new"},"df_price":59.99,"df_sale_price":"","df_regular_price":59.99,"df_image_link":"https:\/\/hempking.eu\/pl\/wp-content\/uploads\/sites\/2\/2023\/12\/wizualizacja_kreatyna_hempking-300x300.jpg","_links":{"self":[{"href":"https:\/\/hempking.eu\/pl\/wp-json\/wp\/v2\/product\/175300","targetHints":{"allow":["GET"]}}],"collection":[{"href":"https:\/\/hempking.eu\/pl\/wp-json\/wp\/v2\/product"}],"about":[{"href":"https:\/\/hempking.eu\/pl\/wp-json\/wp\/v2\/types\/product"}],"wp:featuredmedia":[{"embeddable":true,"href":"https:\/\/hempking.eu\/pl\/wp-json\/wp\/v2\/media\/175301"}],"wp:attachment":[{"href":"https:\/\/hempking.eu\/pl\/wp-json\/wp\/v2\/media?parent=175300"}],"wp:term":[{"taxonomy":"product_brand","embeddable":true,"href":"https:\/\/hempking.eu\/pl\/wp-json\/wp\/v2\/product_brand?post=175300"},{"taxonomy":"product_cat","embeddable":true,"href":"https:\/\/hempking.eu\/pl\/wp-json\/wp\/v2\/product_cat?post=175300"},{"taxonomy":"product_tag","embeddable":true,"href":"https:\/\/hempking.eu\/pl\/wp-json\/wp\/v2\/product_tag?post=175300"}],"curies":[{"name":"wp","href":"https:\/\/api.w.org\/{rel}","templated":true}]}}