{"id":199198,"date":"2024-04-24T08:59:45","date_gmt":"2024-04-24T06:59:45","guid":{"rendered":"https:\/\/hempking.eu\/pl\/?post_type=product&#038;p=199198"},"modified":"2026-04-18T21:45:32","modified_gmt":"2026-04-18T19:45:32","slug":"enzymax-complex-biowen-enzymy-trawienne-90-kapsulek","status":"publish","type":"product","link":"https:\/\/hempking.eu\/pl\/enzymax-complex-biowen-enzymy-trawienne-90-kapsulek\/","title":{"rendered":"EnzyMax Complex+ Biowen - enzymy trawienne - 90 kapsu\u0142ek"},"content":{"rendered":"<p><span style=\"font-weight: 400\">EnzyMax Complex+ od Biowen to produkt zawieraj\u0105cy w swoim sk\u0142adzie <strong>enzymy trawienne, synbiotyk, probiotyk, b\u0142onnik oraz ekstrakt z rozmarynu<\/strong>, standaryzowany na substancje aktywne. To, jak bogata jest ka\u017cda z kapsu\u0142ek tego suplementu, mo\u017cesz przeczyta\u0107 w sekcji <\/span><b>Sk\u0142adniki<\/b><span style=\"font-weight: 400\">. \u017baden z tych enzym\u00f3w trawiennych, kt\u00f3ry umie\u015bcili\u015bmy w sk\u0142adzie produktu, nie pochodzi od zwierz\u0105t, zatem mog\u0105 ten suplement stosowa\u0107 tak\u017ce osoby przebywaj\u0105ce na dietach ro\u015blinnych!\u00a0<\/span><\/p>\n<p><span style=\"font-weight: 400\">Jakie enzymy trawienne znajdziesz w tym suplemencie od Biowen w postaci DigeZyme\u00ae Complex? <strong>Oto lista enzym\u00f3w<\/strong>:\u00a0\u00a0<\/span><\/p>\n<ul>\n<li style=\"font-weight: 400\"><span style=\"font-weight: 400\">Amylaza<\/span><\/li>\n<li style=\"font-weight: 400\"><span style=\"font-weight: 400\">Proteaza<\/span><\/li>\n<li style=\"font-weight: 400\"><span style=\"font-weight: 400\">Celulaza<\/span><\/li>\n<li style=\"font-weight: 400\"><span style=\"font-weight: 400\">Laktaza<\/span><\/li>\n<li style=\"font-weight: 400\"><span style=\"font-weight: 400\">Lipaza<\/span><\/li>\n<\/ul>\n<p><span style=\"font-weight: 400\">Dodatkowo znajdziesz w tym suplemencie b\u0142onnik z akacji i baobabu Inavea\u2122 oraz potr\u00f3jnie standaryzowany ekstrakt z rozmarynu! Znajdziesz w nim te\u017c papain\u0119 i bromelain\u0119.<\/span><\/p>\n<p><span style=\"font-weight: 400\">Suplement mo\u017cesz przechowywa\u0107 bez obaw w temperaturze pokojowej. <strong>Enzymy nie pochodz\u0105 z upraw GMO, nie zawieraj\u0105 te\u017c glutenu!<\/strong><\/span><\/p>\n<p><span style=\"font-weight: 400\">Suplement zosta\u0142 zamkni\u0119ty w wega\u0144skich kapsu\u0142kach z naturalnej celulozy, a ka\u017cda kapsu\u0142ka zawiera odpowiedni\u0105 porcj\u0119 produktu! Kapsu\u0142ki umie\u015bcili\u015bmy w eleganckim szklanym s\u0142oiku z ciemnego szk\u0142a, ze stalow\u0105 nakr\u0119tk\u0105. Dzi\u0119ki temu s\u0105 chronione przed nadmiern\u0105 ekspozycj\u0105 na promienie s\u0142oneczne, a przy tym wygl\u0105daj\u0105 elegancko. To te\u017c pewno\u015b\u0107, \u017ce \u017cadne mikroplastiki nie przedostan\u0105 si\u0119 do suplementu!\u00a0<\/span><\/p>\n<h2>Dlaczego enzymy trawienne s\u0105 wa\u017cne?<\/h2>\n<p><span style=\"font-weight: 400\">Enzymy trawienne s\u0105 naturalnie wydzielane w naszym uk\u0142adzie pokarmowym i pe\u0142ni\u0105 integraln\u0105 rol\u0119 w procesie trawienia. Rozbijaj\u0105 bia\u0142ka, t\u0142uszcze i w\u0119glowodany na mniejsze cz\u0105steczki, przez co te mog\u0105 by\u0107 wch\u0142aniane przez organizm. Inaczej nie jest to mo\u017cliwe!\u00a0<\/span><\/p>\n<p><b>Producent\/ Podmiot odpowiedzialny:<\/b><\/p>\n<p><span style=\"font-weight: 400\">Biodio Lab Sp. z o.o.<\/span><span style=\"font-weight: 400\"><br \/>\n<\/span><span style=\"font-weight: 400\">Ul. Choroszcza\u0144ska 24<\/span><span style=\"font-weight: 400\"><br \/>\n<\/span><span style=\"font-weight: 400\">15-732 Bia\u0142ystok<\/span><\/p>\n","protected":false},"excerpt":{"rendered":"<h2>Wega\u0144skie enzymy trawienne:<\/h2>\n<ul>\n<li>nie pochodz\u0105 z GMO,<\/li>\n<li>odpowiednie dla wegan i wegetarian,<\/li>\n<li>produkt zawiera <span style=\"font-weight: 400\">enzymy trawienne oraz ekstrakt z rozmarynu,\u00a0<\/span><\/li>\n<li>wygodna posta\u0107 kapsu\u0142ek,<\/li>\n<li>wystarcza na 90 dni,<\/li>\n<li>masa netto: 41,4 g.<\/li>\n<\/ul>\n<p><strong>Pojemno\u015b\u0107: 90 kapsu\u0142ek<\/strong><\/p>\n","protected":false},"featured_media":199205,"template":"","meta":{"_acf_changed":false},"product_brand":[],"product_cat":[439,457,34,452],"product_tag":[],"class_list":{"0":"post-199198","1":"product","2":"type-product","3":"status-publish","4":"has-post-thumbnail","6":"product_cat-biowen","7":"product_cat-madra-babcia-poleca","8":"product_cat-nowosci","9":"product_cat-suplementy-na-uklad-pokarmowy","11":"first","12":"instock","13":"shipping-taxable","14":"purchasable","15":"product-type-simple"},"acf":[],"yoast_head":"<!-- This site is optimized with the Yoast SEO Premium plugin v24.8 (Yoast SEO v27.3) - https:\/\/yoast.com\/product\/yoast-seo-premium-wordpress\/ -->\n<title>EnzyMax Complex+ Biowen - enzymy trawienne - 90 kapsu\u0142ek - Hemp King<\/title>\n<meta name=\"description\" content=\"Zobacz \u261b EnzyMax Complex+ Biowen - enzymy trawienne - 90 kapsu\u0142ek w konopnym sklepie HempKing \u2705100% naturalne \u2705 Zadbaj z nami o swoj\u0105 diet\u0119!\" \/>\n<meta name=\"robots\" content=\"index, follow\" \/>\n<link rel=\"canonical\" href=\"https:\/\/hempking.eu\/pl\/enzymax-complex-biowen-enzymy-trawienne-90-kapsulek\/\" \/>\n<meta property=\"og:locale\" content=\"pl_PL\" \/>\n<meta property=\"og:type\" content=\"article\" \/>\n<meta property=\"og:title\" content=\"EnzyMax Complex+ Biowen - enzymy trawienne - 90 kapsu\u0142ek\" \/>\n<meta property=\"og:description\" content=\"Zobacz \u261b EnzyMax Complex+ Biowen - enzymy trawienne - 90 kapsu\u0142ek w konopnym sklepie HempKing \u2705100% naturalne \u2705 Zadbaj z nami o swoj\u0105 diet\u0119!\" \/>\n<meta property=\"og:url\" content=\"https:\/\/hempking.eu\/pl\/enzymax-complex-biowen-enzymy-trawienne-90-kapsulek\/\" \/>\n<meta property=\"og:site_name\" content=\"Hemp King\" \/>\n<meta property=\"article:publisher\" content=\"https:\/\/www.facebook.com\/hempkingpoland\" \/>\n<meta property=\"article:modified_time\" content=\"2026-04-18T19:45:32+00:00\" \/>\n<meta property=\"og:image\" content=\"https:\/\/hempking.eu\/pl\/wp-content\/uploads\/sites\/2\/2024\/04\/EnzyMax_Complex_wizualizacja_hempking.jpg\" \/>\n\t<meta property=\"og:image:width\" content=\"1000\" \/>\n\t<meta property=\"og:image:height\" content=\"1000\" \/>\n\t<meta property=\"og:image:type\" content=\"image\/jpeg\" \/>\n<meta name=\"twitter:card\" content=\"summary_large_image\" \/>\n<meta name=\"twitter:site\" content=\"@hempkingeu\" \/>\n<meta name=\"twitter:label1\" content=\"Cena\" \/>\n\t<meta name=\"twitter:data1\" content=\"89.99&nbsp;&#122;&#322;\" \/>\n\t<meta name=\"twitter:label2\" content=\"Dost\u0119pno\u015b\u0107\" \/>\n\t<meta name=\"twitter:data2\" content=\"Dost\u0119pny\" \/>\n<script type=\"application\/ld+json\" class=\"yoast-schema-graph\">{\"@context\":\"https:\\\/\\\/schema.org\",\"@graph\":[{\"@type\":\"WebPage\",\"@id\":\"https:\\\/\\\/hempking.eu\\\/pl\\\/enzymax-complex-biowen-enzymy-trawienne-90-kapsulek\\\/\",\"url\":\"https:\\\/\\\/hempking.eu\\\/pl\\\/enzymax-complex-biowen-enzymy-trawienne-90-kapsulek\\\/\",\"name\":\"EnzyMax Complex+ Biowen - enzymy trawienne - 90 kapsu\u0142ek - Hemp King\",\"isPartOf\":{\"@id\":\"https:\\\/\\\/hempking.eu\\\/pl\\\/#website\"},\"primaryImageOfPage\":{\"@id\":\"https:\\\/\\\/hempking.eu\\\/pl\\\/enzymax-complex-biowen-enzymy-trawienne-90-kapsulek\\\/#primaryimage\"},\"image\":{\"@id\":\"https:\\\/\\\/hempking.eu\\\/pl\\\/enzymax-complex-biowen-enzymy-trawienne-90-kapsulek\\\/#primaryimage\"},\"thumbnailUrl\":\"https:\\\/\\\/hempking.eu\\\/pl\\\/wp-content\\\/uploads\\\/sites\\\/2\\\/2024\\\/04\\\/EnzyMax_Complex_wizualizacja_hempking.jpg\",\"datePublished\":\"2024-04-24T06:59:45+00:00\",\"dateModified\":\"2026-04-18T19:45:32+00:00\",\"description\":\"Zobacz \u261b EnzyMax Complex+ Biowen - enzymy trawienne - 90 kapsu\u0142ek w konopnym sklepie HempKing \u2705100% naturalne \u2705 Zadbaj z nami o swoj\u0105 diet\u0119!\",\"breadcrumb\":{\"@id\":\"https:\\\/\\\/hempking.eu\\\/pl\\\/enzymax-complex-biowen-enzymy-trawienne-90-kapsulek\\\/#breadcrumb\"},\"inLanguage\":\"pl-PL\",\"potentialAction\":[{\"@type\":\"ReadAction\",\"target\":[\"https:\\\/\\\/hempking.eu\\\/pl\\\/enzymax-complex-biowen-enzymy-trawienne-90-kapsulek\\\/\"]}]},{\"@type\":\"ImageObject\",\"inLanguage\":\"pl-PL\",\"@id\":\"https:\\\/\\\/hempking.eu\\\/pl\\\/enzymax-complex-biowen-enzymy-trawienne-90-kapsulek\\\/#primaryimage\",\"url\":\"https:\\\/\\\/hempking.eu\\\/pl\\\/wp-content\\\/uploads\\\/sites\\\/2\\\/2024\\\/04\\\/EnzyMax_Complex_wizualizacja_hempking.jpg\",\"contentUrl\":\"https:\\\/\\\/hempking.eu\\\/pl\\\/wp-content\\\/uploads\\\/sites\\\/2\\\/2024\\\/04\\\/EnzyMax_Complex_wizualizacja_hempking.jpg\",\"width\":1000,\"height\":1000,\"caption\":\"Enzymy Trawienne Biowen\"},{\"@type\":\"BreadcrumbList\",\"@id\":\"https:\\\/\\\/hempking.eu\\\/pl\\\/enzymax-complex-biowen-enzymy-trawienne-90-kapsulek\\\/#breadcrumb\",\"itemListElement\":[{\"@type\":\"ListItem\",\"position\":1,\"name\":\"Home\",\"item\":\"https:\\\/\\\/hempking.eu\\\/pl\\\/\"},{\"@type\":\"ListItem\",\"position\":2,\"name\":\"Sklep\",\"item\":\"https:\\\/\\\/hempking.eu\\\/pl\\\/shop\\\/\"},{\"@type\":\"ListItem\",\"position\":3,\"name\":\"\ud83d\udd25OKAZJE\ud83d\udd25\",\"item\":\"https:\\\/\\\/hempking.eu\\\/pl\\\/okazje\\\/\"},{\"@type\":\"ListItem\",\"position\":4,\"name\":\"Nowo\u015bci\",\"item\":\"https:\\\/\\\/hempking.eu\\\/pl\\\/nowosci\\\/\"},{\"@type\":\"ListItem\",\"position\":5,\"name\":\"EnzyMax Complex+ Biowen - enzymy trawienne - 90 kapsu\u0142ek\"}]},{\"@type\":\"WebSite\",\"@id\":\"https:\\\/\\\/hempking.eu\\\/pl\\\/#website\",\"url\":\"https:\\\/\\\/hempking.eu\\\/pl\\\/\",\"name\":\"Hemp King\",\"description\":\"\",\"publisher\":{\"@id\":\"https:\\\/\\\/hempking.eu\\\/pl\\\/#organization\"},\"potentialAction\":[{\"@type\":\"SearchAction\",\"target\":{\"@type\":\"EntryPoint\",\"urlTemplate\":\"https:\\\/\\\/hempking.eu\\\/pl\\\/?s={search_term_string}\"},\"query-input\":{\"@type\":\"PropertyValueSpecification\",\"valueRequired\":true,\"valueName\":\"search_term_string\"}}],\"inLanguage\":\"pl-PL\"},{\"@type\":\"Organization\",\"@id\":\"https:\\\/\\\/hempking.eu\\\/pl\\\/#organization\",\"name\":\"Hemp King\",\"url\":\"https:\\\/\\\/hempking.eu\\\/pl\\\/\",\"logo\":{\"@type\":\"ImageObject\",\"inLanguage\":\"pl-PL\",\"@id\":\"https:\\\/\\\/hempking.eu\\\/pl\\\/#\\\/schema\\\/logo\\\/image\\\/\",\"url\":\"https:\\\/\\\/hempking.eu\\\/pl\\\/wp-content\\\/uploads\\\/sites\\\/2\\\/2020\\\/05\\\/hempking.png\",\"contentUrl\":\"https:\\\/\\\/hempking.eu\\\/pl\\\/wp-content\\\/uploads\\\/sites\\\/2\\\/2020\\\/05\\\/hempking.png\",\"width\":148,\"height\":91,\"caption\":\"Hemp King\"},\"image\":{\"@id\":\"https:\\\/\\\/hempking.eu\\\/pl\\\/#\\\/schema\\\/logo\\\/image\\\/\"},\"sameAs\":[\"https:\\\/\\\/www.facebook.com\\\/hempkingpoland\",\"https:\\\/\\\/x.com\\\/hempkingeu\",\"https:\\\/\\\/www.instagram.com\\\/hempkingeu\\\/\",\"https:\\\/\\\/www.linkedin.com\\\/company\\\/hempking-eu\\\/mycompany\\\/\",\"https:\\\/\\\/pl.pinterest.com\\\/hempkingeu\\\/\",\"https:\\\/\\\/www.youtube.com\\\/channel\\\/UCUkeZA1fj4hSZfoYm0WpZ7w\"]}]}<\/script>\n<meta property=\"product:price:amount\" content=\"89.99\" \/>\n<meta property=\"product:price:currency\" content=\"PLN\" \/>\n<meta property=\"og:availability\" content=\"instock\" \/>\n<meta property=\"product:availability\" content=\"instock\" \/>\n<meta property=\"product:retailer_item_id\" content=\"5904806120717\" \/>\n<meta property=\"product:condition\" content=\"new\" \/>\n<!-- \/ Yoast SEO Premium plugin. -->","yoast_head_json":{"title":"EnzyMax Complex+ Biowen - enzymy trawienne - 90 kapsu\u0142ek - Hemp King","description":"Zobacz \u261b EnzyMax Complex+ Biowen - enzymy trawienne - 90 kapsu\u0142ek w konopnym sklepie HempKing \u2705100% naturalne \u2705 Zadbaj z nami o swoj\u0105 diet\u0119!","robots":{"index":"index","follow":"follow"},"canonical":"https:\/\/hempking.eu\/pl\/enzymax-complex-biowen-enzymy-trawienne-90-kapsulek\/","og_locale":"pl_PL","og_type":"article","og_title":"EnzyMax Complex+ Biowen - enzymy trawienne - 90 kapsu\u0142ek","og_description":"Zobacz \u261b EnzyMax Complex+ Biowen - enzymy trawienne - 90 kapsu\u0142ek w konopnym sklepie HempKing \u2705100% naturalne \u2705 Zadbaj z nami o swoj\u0105 diet\u0119!","og_url":"https:\/\/hempking.eu\/pl\/enzymax-complex-biowen-enzymy-trawienne-90-kapsulek\/","og_site_name":"Hemp King","article_publisher":"https:\/\/www.facebook.com\/hempkingpoland","article_modified_time":"2026-04-18T19:45:32+00:00","og_image":[{"width":1000,"height":1000,"url":"https:\/\/hempking.eu\/pl\/wp-content\/uploads\/sites\/2\/2024\/04\/EnzyMax_Complex_wizualizacja_hempking.jpg","type":"image\/jpeg"}],"twitter_card":"summary_large_image","twitter_site":"@hempkingeu","twitter_misc":{"Cena":"89.99&nbsp;&#122;&#322;","Dost\u0119pno\u015b\u0107":"Dost\u0119pny"},"schema":{"@context":"https:\/\/schema.org","@graph":[{"@type":"WebPage","@id":"https:\/\/hempking.eu\/pl\/enzymax-complex-biowen-enzymy-trawienne-90-kapsulek\/","url":"https:\/\/hempking.eu\/pl\/enzymax-complex-biowen-enzymy-trawienne-90-kapsulek\/","name":"EnzyMax Complex+ Biowen - enzymy trawienne - 90 kapsu\u0142ek - Hemp King","isPartOf":{"@id":"https:\/\/hempking.eu\/pl\/#website"},"primaryImageOfPage":{"@id":"https:\/\/hempking.eu\/pl\/enzymax-complex-biowen-enzymy-trawienne-90-kapsulek\/#primaryimage"},"image":{"@id":"https:\/\/hempking.eu\/pl\/enzymax-complex-biowen-enzymy-trawienne-90-kapsulek\/#primaryimage"},"thumbnailUrl":"https:\/\/hempking.eu\/pl\/wp-content\/uploads\/sites\/2\/2024\/04\/EnzyMax_Complex_wizualizacja_hempking.jpg","datePublished":"2024-04-24T06:59:45+00:00","dateModified":"2026-04-18T19:45:32+00:00","description":"Zobacz \u261b EnzyMax Complex+ Biowen - enzymy trawienne - 90 kapsu\u0142ek w konopnym sklepie HempKing \u2705100% naturalne \u2705 Zadbaj z nami o swoj\u0105 diet\u0119!","breadcrumb":{"@id":"https:\/\/hempking.eu\/pl\/enzymax-complex-biowen-enzymy-trawienne-90-kapsulek\/#breadcrumb"},"inLanguage":"pl-PL","potentialAction":[{"@type":"ReadAction","target":["https:\/\/hempking.eu\/pl\/enzymax-complex-biowen-enzymy-trawienne-90-kapsulek\/"]}]},{"@type":"ImageObject","inLanguage":"pl-PL","@id":"https:\/\/hempking.eu\/pl\/enzymax-complex-biowen-enzymy-trawienne-90-kapsulek\/#primaryimage","url":"https:\/\/hempking.eu\/pl\/wp-content\/uploads\/sites\/2\/2024\/04\/EnzyMax_Complex_wizualizacja_hempking.jpg","contentUrl":"https:\/\/hempking.eu\/pl\/wp-content\/uploads\/sites\/2\/2024\/04\/EnzyMax_Complex_wizualizacja_hempking.jpg","width":1000,"height":1000,"caption":"Enzymy Trawienne Biowen"},{"@type":"BreadcrumbList","@id":"https:\/\/hempking.eu\/pl\/enzymax-complex-biowen-enzymy-trawienne-90-kapsulek\/#breadcrumb","itemListElement":[{"@type":"ListItem","position":1,"name":"Home","item":"https:\/\/hempking.eu\/pl\/"},{"@type":"ListItem","position":2,"name":"Sklep","item":"https:\/\/hempking.eu\/pl\/shop\/"},{"@type":"ListItem","position":3,"name":"\ud83d\udd25OKAZJE\ud83d\udd25","item":"https:\/\/hempking.eu\/pl\/okazje\/"},{"@type":"ListItem","position":4,"name":"Nowo\u015bci","item":"https:\/\/hempking.eu\/pl\/nowosci\/"},{"@type":"ListItem","position":5,"name":"EnzyMax Complex+ Biowen - enzymy trawienne - 90 kapsu\u0142ek"}]},{"@type":"WebSite","@id":"https:\/\/hempking.eu\/pl\/#website","url":"https:\/\/hempking.eu\/pl\/","name":"Hemp King","description":"","publisher":{"@id":"https:\/\/hempking.eu\/pl\/#organization"},"potentialAction":[{"@type":"SearchAction","target":{"@type":"EntryPoint","urlTemplate":"https:\/\/hempking.eu\/pl\/?s={search_term_string}"},"query-input":{"@type":"PropertyValueSpecification","valueRequired":true,"valueName":"search_term_string"}}],"inLanguage":"pl-PL"},{"@type":"Organization","@id":"https:\/\/hempking.eu\/pl\/#organization","name":"Hemp King","url":"https:\/\/hempking.eu\/pl\/","logo":{"@type":"ImageObject","inLanguage":"pl-PL","@id":"https:\/\/hempking.eu\/pl\/#\/schema\/logo\/image\/","url":"https:\/\/hempking.eu\/pl\/wp-content\/uploads\/sites\/2\/2020\/05\/hempking.png","contentUrl":"https:\/\/hempking.eu\/pl\/wp-content\/uploads\/sites\/2\/2020\/05\/hempking.png","width":148,"height":91,"caption":"Hemp King"},"image":{"@id":"https:\/\/hempking.eu\/pl\/#\/schema\/logo\/image\/"},"sameAs":["https:\/\/www.facebook.com\/hempkingpoland","https:\/\/x.com\/hempkingeu","https:\/\/www.instagram.com\/hempkingeu\/","https:\/\/www.linkedin.com\/company\/hempking-eu\/mycompany\/","https:\/\/pl.pinterest.com\/hempkingeu\/","https:\/\/www.youtube.com\/channel\/UCUkeZA1fj4hSZfoYm0WpZ7w"]}]},"product_price_amount":"89.99","product_price_currency":"PLN","og_availability":"instock","product_availability":"instock","product_retailer_item_id":"5904806120717","product_condition":"new"},"df_price":89.99,"df_sale_price":"","df_regular_price":89.99,"df_image_link":"https:\/\/hempking.eu\/pl\/wp-content\/uploads\/sites\/2\/2024\/04\/EnzyMax_Complex_wizualizacja_hempking-300x300.jpg","_links":{"self":[{"href":"https:\/\/hempking.eu\/pl\/wp-json\/wp\/v2\/product\/199198","targetHints":{"allow":["GET"]}}],"collection":[{"href":"https:\/\/hempking.eu\/pl\/wp-json\/wp\/v2\/product"}],"about":[{"href":"https:\/\/hempking.eu\/pl\/wp-json\/wp\/v2\/types\/product"}],"wp:featuredmedia":[{"embeddable":true,"href":"https:\/\/hempking.eu\/pl\/wp-json\/wp\/v2\/media\/199205"}],"wp:attachment":[{"href":"https:\/\/hempking.eu\/pl\/wp-json\/wp\/v2\/media?parent=199198"}],"wp:term":[{"taxonomy":"product_brand","embeddable":true,"href":"https:\/\/hempking.eu\/pl\/wp-json\/wp\/v2\/product_brand?post=199198"},{"taxonomy":"product_cat","embeddable":true,"href":"https:\/\/hempking.eu\/pl\/wp-json\/wp\/v2\/product_cat?post=199198"},{"taxonomy":"product_tag","embeddable":true,"href":"https:\/\/hempking.eu\/pl\/wp-json\/wp\/v2\/product_tag?post=199198"}],"curies":[{"name":"wp","href":"https:\/\/api.w.org\/{rel}","templated":true}]}}