{"id":199233,"date":"2024-04-24T09:43:59","date_gmt":"2024-04-24T07:43:59","guid":{"rendered":"https:\/\/hempking.eu\/pl\/?post_type=product&#038;p=199233"},"modified":"2026-04-17T23:24:07","modified_gmt":"2026-04-17T21:24:07","slug":"kwas-alfa-liponowy-r-ala-300-mg-60-kapsulek-biowen","status":"publish","type":"product","link":"https:\/\/hempking.eu\/pl\/kwas-alfa-liponowy-r-ala-300-mg-60-kapsulek-biowen\/","title":{"rendered":"Kwas alfa-liponowy - R-ALA - 300 mg - 60 kapsu\u0142ek - Biowen"},"content":{"rendered":"<p><span style=\"font-weight: 400;\">Kwas alfa-liponowy (R-ALA) Biowen w ka\u017cdej kapsu\u0142ce zawiera a\u017c 300 mg dobrze przyswajalnego kwasu alfa-liponowego w aktywnej formie. Produkt zawiera wyizolowane izomery R kwasu ALA! Sk\u0142ad jest pozbawiony zb\u0119dnych dodatk\u00f3w. W ka\u017cdej kapsu\u0142ce znajdziesz kwas alfa-liponowy oraz Fenactive\u00ae, czyli standaryzowany ekstrakt z owoc\u00f3w bzu i ekstrakt z owoc\u00f3w aronii, kt\u00f3ry zawiera cenne antocyjany oraz polifenole! Czarny bez to du\u017ca pomoc w przypadku dzia\u0142ania antyoksydacyjnego, wsparcia uk\u0142adu odporno\u015bciowego, zdrowia uk\u0142adu krwiono\u015bnego czy zachowaniu prawid\u0142owej wagi.\u00a0<\/span><\/p>\n<p><span style=\"font-weight: 400;\">W tym produkcie na pr\u00f3\u017cno szuka\u0107 zb\u0119dnych wype\u0142niaczy, barwnik\u00f3w, ulepszaczy smaku czy antyzbrylaczy. Jak zwykle Biowen to definicja prostego sk\u0142adu, kt\u00f3ry jest pozbawiony dodatk\u00f3w, kt\u00f3re s\u0105 zupe\u0142nie niepotrzebne!\u00a0<\/span><\/p>\n<p><span style=\"font-weight: 400;\">Kwas liponowy, to substancja, kt\u00f3r\u0105 ka\u017cdy cz\u0142owiek potrafi sam wytworzy\u0107 &#8211; to tak zwana substancja endogenna. Organizm wytwarza go po to, by unieszkodliwia\u0107 wolne rodniki oraz by pomaga\u0142 regenerowa\u0107 zredukowane formy witamin C i E.\u00a0<\/span><\/p>\n<p><span style=\"font-weight: 400;\">Kwas alfa-liponowy Biowen w kapsu\u0142kach zamkni\u0119ty jest w wygodnym, szklanym s\u0142oiku, z metalow\u0105 nakr\u0119tk\u0105. Dzi\u0119ki temu jest wygodny w przechowywaniu, a do suplementu nie dostaj\u0105 si\u0119 mikroplastiki &#8211; jak to mo\u017ce mie\u0107 miejsce w momencie przechowywania suplement\u00f3w w plastikowych opakowaniach. S\u0142oik, po zu\u017cyciu zawarto\u015bci, mo\u017cesz ponownie wykorzysta\u0107! Dzi\u0119ki wyborowi suplementu w szklanym s\u0142oiku dbasz o to, by nie produkowa\u0107 wi\u0119cej plastikowych \u015bmieci!\u00a0<\/span><\/p>\n<p><b>Producent\/ Podmiot odpowiedzialny:<\/b><\/p>\n<p><span style=\"font-weight: 400;\">Biodio Lab Sp. z o.o.<\/span><span style=\"font-weight: 400;\"><br \/>\n<\/span><span style=\"font-weight: 400;\">Ul. Choroszcza\u0144ska 24<\/span><span style=\"font-weight: 400;\"><br \/>\n<\/span><span style=\"font-weight: 400;\">15-732 Bia\u0142ystok<\/span><\/p>\n","protected":false},"excerpt":{"rendered":"<h2>Kwas R-ALA Biowen:<\/h2>\n<ul>\n<li>zawiera kompleks sk\u0142adnik\u00f3w <span style=\"font-weight: 400;\">Fenactive\u00ae,<\/span><\/li>\n<li>wygodna posta\u0107 kapsu\u0142ek,<\/li>\n<li>czysty sk\u0142ad, bez zb\u0119dnych dodatk\u00f3w,<\/li>\n<li>masa netto: 30 g.<\/li>\n<\/ul>\n<p><strong>Pojemno\u015b\u0107: 60 kapsu\u0142ek<\/strong><\/p>\n","protected":false},"featured_media":199236,"template":"","meta":{"_acf_changed":false},"product_brand":[],"product_cat":[439,34,148,446,450],"product_tag":[],"class_list":{"0":"post-199233","1":"product","2":"type-product","3":"status-publish","4":"has-post-thumbnail","6":"product_cat-biowen","7":"product_cat-nowosci","8":"product_cat-suplementy-i-preparaty-na-odpornosc","9":"product_cat-suplementy-na-uklad-krazenia","10":"product_cat-suplementy-na-uklad-odpornosciowy","12":"first","13":"instock","14":"shipping-taxable","15":"purchasable","16":"product-type-simple"},"acf":[],"yoast_head":"<!-- This site is optimized with the Yoast SEO Premium plugin v24.8 (Yoast SEO v27.3) - https:\/\/yoast.com\/product\/yoast-seo-premium-wordpress\/ -->\n<title>Kwas alfa-liponowy - R-ALA - 300 mg - 60 kapsu\u0142ek - Biowen - Hemp King<\/title>\n<meta name=\"description\" content=\"Zobacz \u261b Kwas alfa-liponowy - R-ALA - 300 mg - 60 kapsu\u0142ek - Biowen w konopnym sklepie HempKing \u2705100% naturalne \u2705 Zadbaj z nami o swoj\u0105 diet\u0119!\" \/>\n<meta name=\"robots\" content=\"index, follow\" \/>\n<link rel=\"canonical\" href=\"https:\/\/hempking.eu\/pl\/kwas-alfa-liponowy-r-ala-300-mg-60-kapsulek-biowen\/\" \/>\n<meta property=\"og:locale\" content=\"pl_PL\" \/>\n<meta property=\"og:type\" content=\"article\" \/>\n<meta property=\"og:title\" content=\"Kwas alfa-liponowy - R-ALA - 300 mg - 60 kapsu\u0142ek - Biowen\" \/>\n<meta property=\"og:description\" content=\"Zobacz \u261b Kwas alfa-liponowy - R-ALA - 300 mg - 60 kapsu\u0142ek - Biowen w konopnym sklepie HempKing \u2705100% naturalne \u2705 Zadbaj z nami o swoj\u0105 diet\u0119!\" \/>\n<meta property=\"og:url\" content=\"https:\/\/hempking.eu\/pl\/kwas-alfa-liponowy-r-ala-300-mg-60-kapsulek-biowen\/\" \/>\n<meta property=\"og:site_name\" content=\"Hemp King\" \/>\n<meta property=\"article:publisher\" content=\"https:\/\/www.facebook.com\/hempkingpoland\" \/>\n<meta property=\"article:modified_time\" content=\"2026-04-17T21:24:07+00:00\" \/>\n<meta property=\"og:image\" content=\"https:\/\/hempking.eu\/pl\/wp-content\/uploads\/sites\/2\/2024\/04\/Kwas_R_ALA_wizualizacja_hempking.jpg\" \/>\n\t<meta property=\"og:image:width\" content=\"1000\" \/>\n\t<meta property=\"og:image:height\" content=\"1000\" \/>\n\t<meta property=\"og:image:type\" content=\"image\/jpeg\" \/>\n<meta name=\"twitter:card\" content=\"summary_large_image\" \/>\n<meta name=\"twitter:site\" content=\"@hempkingeu\" \/>\n<meta name=\"twitter:label1\" content=\"Cena\" \/>\n\t<meta name=\"twitter:data1\" content=\"97.99&nbsp;&#122;&#322;\" \/>\n\t<meta name=\"twitter:label2\" content=\"Dost\u0119pno\u015b\u0107\" \/>\n\t<meta name=\"twitter:data2\" content=\"Dost\u0119pny\" \/>\n<script type=\"application\/ld+json\" class=\"yoast-schema-graph\">{\"@context\":\"https:\\\/\\\/schema.org\",\"@graph\":[{\"@type\":\"WebPage\",\"@id\":\"https:\\\/\\\/hempking.eu\\\/pl\\\/kwas-alfa-liponowy-r-ala-300-mg-60-kapsulek-biowen\\\/\",\"url\":\"https:\\\/\\\/hempking.eu\\\/pl\\\/kwas-alfa-liponowy-r-ala-300-mg-60-kapsulek-biowen\\\/\",\"name\":\"Kwas alfa-liponowy - R-ALA - 300 mg - 60 kapsu\u0142ek - Biowen - Hemp King\",\"isPartOf\":{\"@id\":\"https:\\\/\\\/hempking.eu\\\/pl\\\/#website\"},\"primaryImageOfPage\":{\"@id\":\"https:\\\/\\\/hempking.eu\\\/pl\\\/kwas-alfa-liponowy-r-ala-300-mg-60-kapsulek-biowen\\\/#primaryimage\"},\"image\":{\"@id\":\"https:\\\/\\\/hempking.eu\\\/pl\\\/kwas-alfa-liponowy-r-ala-300-mg-60-kapsulek-biowen\\\/#primaryimage\"},\"thumbnailUrl\":\"https:\\\/\\\/hempking.eu\\\/pl\\\/wp-content\\\/uploads\\\/sites\\\/2\\\/2024\\\/04\\\/Kwas_R_ALA_wizualizacja_hempking.jpg\",\"datePublished\":\"2024-04-24T07:43:59+00:00\",\"dateModified\":\"2026-04-17T21:24:07+00:00\",\"description\":\"Zobacz \u261b Kwas alfa-liponowy - R-ALA - 300 mg - 60 kapsu\u0142ek - Biowen w konopnym sklepie HempKing \u2705100% naturalne \u2705 Zadbaj z nami o swoj\u0105 diet\u0119!\",\"breadcrumb\":{\"@id\":\"https:\\\/\\\/hempking.eu\\\/pl\\\/kwas-alfa-liponowy-r-ala-300-mg-60-kapsulek-biowen\\\/#breadcrumb\"},\"inLanguage\":\"pl-PL\",\"potentialAction\":[{\"@type\":\"ReadAction\",\"target\":[\"https:\\\/\\\/hempking.eu\\\/pl\\\/kwas-alfa-liponowy-r-ala-300-mg-60-kapsulek-biowen\\\/\"]}]},{\"@type\":\"ImageObject\",\"inLanguage\":\"pl-PL\",\"@id\":\"https:\\\/\\\/hempking.eu\\\/pl\\\/kwas-alfa-liponowy-r-ala-300-mg-60-kapsulek-biowen\\\/#primaryimage\",\"url\":\"https:\\\/\\\/hempking.eu\\\/pl\\\/wp-content\\\/uploads\\\/sites\\\/2\\\/2024\\\/04\\\/Kwas_R_ALA_wizualizacja_hempking.jpg\",\"contentUrl\":\"https:\\\/\\\/hempking.eu\\\/pl\\\/wp-content\\\/uploads\\\/sites\\\/2\\\/2024\\\/04\\\/Kwas_R_ALA_wizualizacja_hempking.jpg\",\"width\":1000,\"height\":1000,\"caption\":\"kwas r-ala Biowen\"},{\"@type\":\"BreadcrumbList\",\"@id\":\"https:\\\/\\\/hempking.eu\\\/pl\\\/kwas-alfa-liponowy-r-ala-300-mg-60-kapsulek-biowen\\\/#breadcrumb\",\"itemListElement\":[{\"@type\":\"ListItem\",\"position\":1,\"name\":\"Home\",\"item\":\"https:\\\/\\\/hempking.eu\\\/pl\\\/\"},{\"@type\":\"ListItem\",\"position\":2,\"name\":\"Sklep\",\"item\":\"https:\\\/\\\/hempking.eu\\\/pl\\\/shop\\\/\"},{\"@type\":\"ListItem\",\"position\":3,\"name\":\"\ud83d\udd25OKAZJE\ud83d\udd25\",\"item\":\"https:\\\/\\\/hempking.eu\\\/pl\\\/okazje\\\/\"},{\"@type\":\"ListItem\",\"position\":4,\"name\":\"Nowo\u015bci\",\"item\":\"https:\\\/\\\/hempking.eu\\\/pl\\\/nowosci\\\/\"},{\"@type\":\"ListItem\",\"position\":5,\"name\":\"Kwas alfa-liponowy - R-ALA - 300 mg - 60 kapsu\u0142ek - Biowen\"}]},{\"@type\":\"WebSite\",\"@id\":\"https:\\\/\\\/hempking.eu\\\/pl\\\/#website\",\"url\":\"https:\\\/\\\/hempking.eu\\\/pl\\\/\",\"name\":\"Hemp King\",\"description\":\"\",\"publisher\":{\"@id\":\"https:\\\/\\\/hempking.eu\\\/pl\\\/#organization\"},\"potentialAction\":[{\"@type\":\"SearchAction\",\"target\":{\"@type\":\"EntryPoint\",\"urlTemplate\":\"https:\\\/\\\/hempking.eu\\\/pl\\\/?s={search_term_string}\"},\"query-input\":{\"@type\":\"PropertyValueSpecification\",\"valueRequired\":true,\"valueName\":\"search_term_string\"}}],\"inLanguage\":\"pl-PL\"},{\"@type\":\"Organization\",\"@id\":\"https:\\\/\\\/hempking.eu\\\/pl\\\/#organization\",\"name\":\"Hemp King\",\"url\":\"https:\\\/\\\/hempking.eu\\\/pl\\\/\",\"logo\":{\"@type\":\"ImageObject\",\"inLanguage\":\"pl-PL\",\"@id\":\"https:\\\/\\\/hempking.eu\\\/pl\\\/#\\\/schema\\\/logo\\\/image\\\/\",\"url\":\"https:\\\/\\\/hempking.eu\\\/pl\\\/wp-content\\\/uploads\\\/sites\\\/2\\\/2020\\\/05\\\/hempking.png\",\"contentUrl\":\"https:\\\/\\\/hempking.eu\\\/pl\\\/wp-content\\\/uploads\\\/sites\\\/2\\\/2020\\\/05\\\/hempking.png\",\"width\":148,\"height\":91,\"caption\":\"Hemp King\"},\"image\":{\"@id\":\"https:\\\/\\\/hempking.eu\\\/pl\\\/#\\\/schema\\\/logo\\\/image\\\/\"},\"sameAs\":[\"https:\\\/\\\/www.facebook.com\\\/hempkingpoland\",\"https:\\\/\\\/x.com\\\/hempkingeu\",\"https:\\\/\\\/www.instagram.com\\\/hempkingeu\\\/\",\"https:\\\/\\\/www.linkedin.com\\\/company\\\/hempking-eu\\\/mycompany\\\/\",\"https:\\\/\\\/pl.pinterest.com\\\/hempkingeu\\\/\",\"https:\\\/\\\/www.youtube.com\\\/channel\\\/UCUkeZA1fj4hSZfoYm0WpZ7w\"]}]}<\/script>\n<meta property=\"product:price:amount\" content=\"97.99\" \/>\n<meta property=\"product:price:currency\" content=\"PLN\" \/>\n<meta property=\"og:availability\" content=\"instock\" \/>\n<meta property=\"product:availability\" content=\"instock\" \/>\n<meta property=\"product:retailer_item_id\" content=\"5904806120670\" \/>\n<meta property=\"product:condition\" content=\"new\" \/>\n<!-- \/ Yoast SEO Premium plugin. -->","yoast_head_json":{"title":"Kwas alfa-liponowy - R-ALA - 300 mg - 60 kapsu\u0142ek - Biowen - Hemp King","description":"Zobacz \u261b Kwas alfa-liponowy - R-ALA - 300 mg - 60 kapsu\u0142ek - Biowen w konopnym sklepie HempKing \u2705100% naturalne \u2705 Zadbaj z nami o swoj\u0105 diet\u0119!","robots":{"index":"index","follow":"follow"},"canonical":"https:\/\/hempking.eu\/pl\/kwas-alfa-liponowy-r-ala-300-mg-60-kapsulek-biowen\/","og_locale":"pl_PL","og_type":"article","og_title":"Kwas alfa-liponowy - R-ALA - 300 mg - 60 kapsu\u0142ek - Biowen","og_description":"Zobacz \u261b Kwas alfa-liponowy - R-ALA - 300 mg - 60 kapsu\u0142ek - Biowen w konopnym sklepie HempKing \u2705100% naturalne \u2705 Zadbaj z nami o swoj\u0105 diet\u0119!","og_url":"https:\/\/hempking.eu\/pl\/kwas-alfa-liponowy-r-ala-300-mg-60-kapsulek-biowen\/","og_site_name":"Hemp King","article_publisher":"https:\/\/www.facebook.com\/hempkingpoland","article_modified_time":"2026-04-17T21:24:07+00:00","og_image":[{"width":1000,"height":1000,"url":"https:\/\/hempking.eu\/pl\/wp-content\/uploads\/sites\/2\/2024\/04\/Kwas_R_ALA_wizualizacja_hempking.jpg","type":"image\/jpeg"}],"twitter_card":"summary_large_image","twitter_site":"@hempkingeu","twitter_misc":{"Cena":"97.99&nbsp;&#122;&#322;","Dost\u0119pno\u015b\u0107":"Dost\u0119pny"},"schema":{"@context":"https:\/\/schema.org","@graph":[{"@type":"WebPage","@id":"https:\/\/hempking.eu\/pl\/kwas-alfa-liponowy-r-ala-300-mg-60-kapsulek-biowen\/","url":"https:\/\/hempking.eu\/pl\/kwas-alfa-liponowy-r-ala-300-mg-60-kapsulek-biowen\/","name":"Kwas alfa-liponowy - R-ALA - 300 mg - 60 kapsu\u0142ek - Biowen - Hemp King","isPartOf":{"@id":"https:\/\/hempking.eu\/pl\/#website"},"primaryImageOfPage":{"@id":"https:\/\/hempking.eu\/pl\/kwas-alfa-liponowy-r-ala-300-mg-60-kapsulek-biowen\/#primaryimage"},"image":{"@id":"https:\/\/hempking.eu\/pl\/kwas-alfa-liponowy-r-ala-300-mg-60-kapsulek-biowen\/#primaryimage"},"thumbnailUrl":"https:\/\/hempking.eu\/pl\/wp-content\/uploads\/sites\/2\/2024\/04\/Kwas_R_ALA_wizualizacja_hempking.jpg","datePublished":"2024-04-24T07:43:59+00:00","dateModified":"2026-04-17T21:24:07+00:00","description":"Zobacz \u261b Kwas alfa-liponowy - R-ALA - 300 mg - 60 kapsu\u0142ek - Biowen w konopnym sklepie HempKing \u2705100% naturalne \u2705 Zadbaj z nami o swoj\u0105 diet\u0119!","breadcrumb":{"@id":"https:\/\/hempking.eu\/pl\/kwas-alfa-liponowy-r-ala-300-mg-60-kapsulek-biowen\/#breadcrumb"},"inLanguage":"pl-PL","potentialAction":[{"@type":"ReadAction","target":["https:\/\/hempking.eu\/pl\/kwas-alfa-liponowy-r-ala-300-mg-60-kapsulek-biowen\/"]}]},{"@type":"ImageObject","inLanguage":"pl-PL","@id":"https:\/\/hempking.eu\/pl\/kwas-alfa-liponowy-r-ala-300-mg-60-kapsulek-biowen\/#primaryimage","url":"https:\/\/hempking.eu\/pl\/wp-content\/uploads\/sites\/2\/2024\/04\/Kwas_R_ALA_wizualizacja_hempking.jpg","contentUrl":"https:\/\/hempking.eu\/pl\/wp-content\/uploads\/sites\/2\/2024\/04\/Kwas_R_ALA_wizualizacja_hempking.jpg","width":1000,"height":1000,"caption":"kwas r-ala Biowen"},{"@type":"BreadcrumbList","@id":"https:\/\/hempking.eu\/pl\/kwas-alfa-liponowy-r-ala-300-mg-60-kapsulek-biowen\/#breadcrumb","itemListElement":[{"@type":"ListItem","position":1,"name":"Home","item":"https:\/\/hempking.eu\/pl\/"},{"@type":"ListItem","position":2,"name":"Sklep","item":"https:\/\/hempking.eu\/pl\/shop\/"},{"@type":"ListItem","position":3,"name":"\ud83d\udd25OKAZJE\ud83d\udd25","item":"https:\/\/hempking.eu\/pl\/okazje\/"},{"@type":"ListItem","position":4,"name":"Nowo\u015bci","item":"https:\/\/hempking.eu\/pl\/nowosci\/"},{"@type":"ListItem","position":5,"name":"Kwas alfa-liponowy - R-ALA - 300 mg - 60 kapsu\u0142ek - Biowen"}]},{"@type":"WebSite","@id":"https:\/\/hempking.eu\/pl\/#website","url":"https:\/\/hempking.eu\/pl\/","name":"Hemp King","description":"","publisher":{"@id":"https:\/\/hempking.eu\/pl\/#organization"},"potentialAction":[{"@type":"SearchAction","target":{"@type":"EntryPoint","urlTemplate":"https:\/\/hempking.eu\/pl\/?s={search_term_string}"},"query-input":{"@type":"PropertyValueSpecification","valueRequired":true,"valueName":"search_term_string"}}],"inLanguage":"pl-PL"},{"@type":"Organization","@id":"https:\/\/hempking.eu\/pl\/#organization","name":"Hemp King","url":"https:\/\/hempking.eu\/pl\/","logo":{"@type":"ImageObject","inLanguage":"pl-PL","@id":"https:\/\/hempking.eu\/pl\/#\/schema\/logo\/image\/","url":"https:\/\/hempking.eu\/pl\/wp-content\/uploads\/sites\/2\/2020\/05\/hempking.png","contentUrl":"https:\/\/hempking.eu\/pl\/wp-content\/uploads\/sites\/2\/2020\/05\/hempking.png","width":148,"height":91,"caption":"Hemp King"},"image":{"@id":"https:\/\/hempking.eu\/pl\/#\/schema\/logo\/image\/"},"sameAs":["https:\/\/www.facebook.com\/hempkingpoland","https:\/\/x.com\/hempkingeu","https:\/\/www.instagram.com\/hempkingeu\/","https:\/\/www.linkedin.com\/company\/hempking-eu\/mycompany\/","https:\/\/pl.pinterest.com\/hempkingeu\/","https:\/\/www.youtube.com\/channel\/UCUkeZA1fj4hSZfoYm0WpZ7w"]}]},"product_price_amount":"97.99","product_price_currency":"PLN","og_availability":"instock","product_availability":"instock","product_retailer_item_id":"5904806120670","product_condition":"new"},"df_price":97.99,"df_sale_price":"","df_regular_price":97.99,"df_image_link":"https:\/\/hempking.eu\/pl\/wp-content\/uploads\/sites\/2\/2024\/04\/Kwas_R_ALA_wizualizacja_hempking-300x300.jpg","_links":{"self":[{"href":"https:\/\/hempking.eu\/pl\/wp-json\/wp\/v2\/product\/199233","targetHints":{"allow":["GET"]}}],"collection":[{"href":"https:\/\/hempking.eu\/pl\/wp-json\/wp\/v2\/product"}],"about":[{"href":"https:\/\/hempking.eu\/pl\/wp-json\/wp\/v2\/types\/product"}],"wp:featuredmedia":[{"embeddable":true,"href":"https:\/\/hempking.eu\/pl\/wp-json\/wp\/v2\/media\/199236"}],"wp:attachment":[{"href":"https:\/\/hempking.eu\/pl\/wp-json\/wp\/v2\/media?parent=199233"}],"wp:term":[{"taxonomy":"product_brand","embeddable":true,"href":"https:\/\/hempking.eu\/pl\/wp-json\/wp\/v2\/product_brand?post=199233"},{"taxonomy":"product_cat","embeddable":true,"href":"https:\/\/hempking.eu\/pl\/wp-json\/wp\/v2\/product_cat?post=199233"},{"taxonomy":"product_tag","embeddable":true,"href":"https:\/\/hempking.eu\/pl\/wp-json\/wp\/v2\/product_tag?post=199233"}],"curies":[{"name":"wp","href":"https:\/\/api.w.org\/{rel}","templated":true}]}}