{"id":199275,"date":"2024-04-24T10:47:05","date_gmt":"2024-04-24T08:47:05","guid":{"rendered":"https:\/\/hempking.eu\/pl\/?post_type=product&#038;p=199275"},"modified":"2026-04-18T21:45:31","modified_gmt":"2026-04-18T19:45:31","slug":"betaina-hcl-complex-biowen-wsparcie-ukladu-trawienia-90-kapsulek","status":"publish","type":"product","link":"https:\/\/hempking.eu\/pl\/betaina-hcl-complex-biowen-wsparcie-ukladu-trawienia-90-kapsulek\/","title":{"rendered":"Betaina HCL Complex+ Biowen | wsparcie uk\u0142adu trawienia | - 90 kapsu\u0142ek"},"content":{"rendered":"<p><span style=\"font-weight: 400;\">Betaina HCL wraz z pepsyn\u0105 i rumiankiem pospolitym to suplement w kapsu\u0142kach marki Biowen, kt\u00f3ry ma kr\u00f3tki sk\u0142ad, bez zb\u0119dnych dodatk\u00f3w. W szklanym s\u0142oiczku, kt\u00f3ry chroni suplement przed zanieczyszczeniem mikroplastikami, zamkn\u0119li\u015bmy 90 kapsu\u0142ek zawieraj\u0105cych te trzy sk\u0142adniki. I nic wi\u0119cej! \u017badnych przeciwzbrylaczy, aromat\u00f3w, barwnik\u00f3w czy wype\u0142niaczy! Wybieraj\u0105c mark\u0119 Biowen, wspierasz sw\u00f3j organizm w bezpieczny spos\u00f3b.\u00a0<\/span><\/p>\n<p><span style=\"font-weight: 400;\">Betaina wyst\u0119puje naturalnie w owocach morza &#8211; krewetkach czy ma\u0142\u017cach, a tak\u017ce w burakach, szpinaku czy otr\u0119bach pszennych! Betaina nazywa jest r\u00f3wnie\u017c kwasem solnym, kt\u00f3ry naturalnie wyst\u0119puje w Twoim \u017co\u0142\u0105dku. Zadaniem kwasu solnego w \u017co\u0142\u0105dku jest utrzymanie odpowiedniego do trawienia \u015brodowiska. Wszelkie zaburzenia ilo\u015bci kwasu solnego s\u0105 do\u015b\u0107 cz\u0119st\u0105 dolegliwo\u015bci\u0105. Nieodpowiednia ilo\u015b\u0107 kwasu solnego &#8211; g\u0142\u00f3wnie zbyt ma\u0142a &#8211; mo\u017ce sprawi\u0107, \u017ce b\u0119dziemy gorzej trawi\u0107 pokarm, a tym samym gorzej przyswaja\u0107 substancje od\u017cywcze w nim zawarte.\u00a0<\/span><\/p>\n<p><span style=\"font-weight: 400;\">Z kolei pepsyna to substancja, kt\u00f3r\u0105 nasz organizm naturalnie wytwarza w naszym \u017co\u0142\u0105dku. To enzym trawienny wyst\u0119puj\u0105cy w naszym organizmie, kt\u00f3rego zadaniem jest przetwarzanie bia\u0142ek na aminokwasy i peptydy. Bez niej proces trawienia nie mo\u017ce przebiega\u0107 prawid\u0142owo!\u00a0<\/span><\/p>\n<p><b>Producent\/ Podmiot odpowiedzialny:<\/b><\/p>\n<p><span style=\"font-weight: 400;\">Biodio Lab Sp. z o.o.<\/span><span style=\"font-weight: 400;\"><br \/>\n<\/span><span style=\"font-weight: 400;\">Ul. Choroszcza\u0144ska 24<\/span><span style=\"font-weight: 400;\"><br \/>\n<\/span><span style=\"font-weight: 400;\">15-732 Bia\u0142ystok<\/span><\/p>\n<p>&nbsp;<\/p>\n","protected":false},"excerpt":{"rendered":"<h2>Betaina HCL:<\/h2>\n<ul>\n<li>Betaina HCL z dodatkiem pepsyny i rumianku,<\/li>\n<li>wystarcza na 90 dni suplementacji,<\/li>\n<li>wsparcie uk\u0142adu pokarmowego,<\/li>\n<li>bez zb\u0119dnych dodatk\u00f3w,<\/li>\n<li>masa netto: 62,1 g.<\/li>\n<\/ul>\n<p><strong>Pojemno\u015b\u0107: 90 kapsu\u0142ek<\/strong><\/p>\n","protected":false},"featured_media":321949,"template":"","meta":{"_acf_changed":false},"product_brand":[],"product_cat":[439,457,34,452],"product_tag":[],"class_list":{"0":"post-199275","1":"product","2":"type-product","3":"status-publish","4":"has-post-thumbnail","6":"product_cat-biowen","7":"product_cat-madra-babcia-poleca","8":"product_cat-nowosci","9":"product_cat-suplementy-na-uklad-pokarmowy","11":"first","12":"instock","13":"shipping-taxable","14":"purchasable","15":"product-type-simple"},"acf":[],"yoast_head":"<!-- This site is optimized with the Yoast SEO Premium plugin v24.8 (Yoast SEO v27.3) - https:\/\/yoast.com\/product\/yoast-seo-premium-wordpress\/ -->\n<title>Betaina HCL Complex+ Biowen | wsparcie uk\u0142adu trawienia | - 90 kapsu\u0142ek - Hemp King<\/title>\n<meta name=\"description\" content=\"Zobacz \u261b Betaina HCL Complex+ Biowen | wsparcie uk\u0142adu trawienia | - 90 kapsu\u0142ek w konopnym sklepie HempKing \u2705100% naturalne \u2705 Zadbaj z nami o swoj\u0105 diet\u0119!\" \/>\n<meta name=\"robots\" content=\"index, follow\" \/>\n<link rel=\"canonical\" href=\"https:\/\/hempking.eu\/pl\/betaina-hcl-complex-biowen-wsparcie-ukladu-trawienia-90-kapsulek\/\" \/>\n<meta property=\"og:locale\" content=\"pl_PL\" \/>\n<meta property=\"og:type\" content=\"article\" \/>\n<meta property=\"og:title\" content=\"Betaina HCL Complex+ Biowen | wsparcie uk\u0142adu trawienia | - 90 kapsu\u0142ek\" \/>\n<meta property=\"og:description\" content=\"Zobacz \u261b Betaina HCL Complex+ Biowen | wsparcie uk\u0142adu trawienia | - 90 kapsu\u0142ek w konopnym sklepie HempKing \u2705100% naturalne \u2705 Zadbaj z nami o swoj\u0105 diet\u0119!\" \/>\n<meta property=\"og:url\" content=\"https:\/\/hempking.eu\/pl\/betaina-hcl-complex-biowen-wsparcie-ukladu-trawienia-90-kapsulek\/\" \/>\n<meta property=\"og:site_name\" content=\"Hemp King\" \/>\n<meta property=\"article:publisher\" content=\"https:\/\/www.facebook.com\/hempkingpoland\" \/>\n<meta property=\"article:modified_time\" content=\"2026-04-18T19:45:31+00:00\" \/>\n<meta property=\"og:image\" content=\"https:\/\/hempking.eu\/pl\/wp-content\/uploads\/sites\/2\/2025\/08\/betaina_wizualizacja_hempking.jpg\" \/>\n\t<meta property=\"og:image:width\" content=\"1000\" \/>\n\t<meta property=\"og:image:height\" content=\"1000\" \/>\n\t<meta property=\"og:image:type\" content=\"image\/jpeg\" \/>\n<meta name=\"twitter:card\" content=\"summary_large_image\" \/>\n<meta name=\"twitter:site\" content=\"@hempkingeu\" \/>\n<meta name=\"twitter:label1\" content=\"Cena\" \/>\n\t<meta name=\"twitter:data1\" content=\"59.99&nbsp;&#122;&#322;\" \/>\n\t<meta name=\"twitter:label2\" content=\"Dost\u0119pno\u015b\u0107\" \/>\n\t<meta name=\"twitter:data2\" content=\"Dost\u0119pny\" \/>\n<script type=\"application\/ld+json\" class=\"yoast-schema-graph\">{\"@context\":\"https:\\\/\\\/schema.org\",\"@graph\":[{\"@type\":\"WebPage\",\"@id\":\"https:\\\/\\\/hempking.eu\\\/pl\\\/betaina-hcl-complex-biowen-wsparcie-ukladu-trawienia-90-kapsulek\\\/\",\"url\":\"https:\\\/\\\/hempking.eu\\\/pl\\\/betaina-hcl-complex-biowen-wsparcie-ukladu-trawienia-90-kapsulek\\\/\",\"name\":\"Betaina HCL Complex+ Biowen | wsparcie uk\u0142adu trawienia | - 90 kapsu\u0142ek - Hemp King\",\"isPartOf\":{\"@id\":\"https:\\\/\\\/hempking.eu\\\/pl\\\/#website\"},\"primaryImageOfPage\":{\"@id\":\"https:\\\/\\\/hempking.eu\\\/pl\\\/betaina-hcl-complex-biowen-wsparcie-ukladu-trawienia-90-kapsulek\\\/#primaryimage\"},\"image\":{\"@id\":\"https:\\\/\\\/hempking.eu\\\/pl\\\/betaina-hcl-complex-biowen-wsparcie-ukladu-trawienia-90-kapsulek\\\/#primaryimage\"},\"thumbnailUrl\":\"https:\\\/\\\/hempking.eu\\\/pl\\\/wp-content\\\/uploads\\\/sites\\\/2\\\/2025\\\/08\\\/betaina_wizualizacja_hempking.jpg\",\"datePublished\":\"2024-04-24T08:47:05+00:00\",\"dateModified\":\"2026-04-18T19:45:31+00:00\",\"description\":\"Zobacz \u261b Betaina HCL Complex+ Biowen | wsparcie uk\u0142adu trawienia | - 90 kapsu\u0142ek w konopnym sklepie HempKing \u2705100% naturalne \u2705 Zadbaj z nami o swoj\u0105 diet\u0119!\",\"breadcrumb\":{\"@id\":\"https:\\\/\\\/hempking.eu\\\/pl\\\/betaina-hcl-complex-biowen-wsparcie-ukladu-trawienia-90-kapsulek\\\/#breadcrumb\"},\"inLanguage\":\"pl-PL\",\"potentialAction\":[{\"@type\":\"ReadAction\",\"target\":[\"https:\\\/\\\/hempking.eu\\\/pl\\\/betaina-hcl-complex-biowen-wsparcie-ukladu-trawienia-90-kapsulek\\\/\"]}]},{\"@type\":\"ImageObject\",\"inLanguage\":\"pl-PL\",\"@id\":\"https:\\\/\\\/hempking.eu\\\/pl\\\/betaina-hcl-complex-biowen-wsparcie-ukladu-trawienia-90-kapsulek\\\/#primaryimage\",\"url\":\"https:\\\/\\\/hempking.eu\\\/pl\\\/wp-content\\\/uploads\\\/sites\\\/2\\\/2025\\\/08\\\/betaina_wizualizacja_hempking.jpg\",\"contentUrl\":\"https:\\\/\\\/hempking.eu\\\/pl\\\/wp-content\\\/uploads\\\/sites\\\/2\\\/2025\\\/08\\\/betaina_wizualizacja_hempking.jpg\",\"width\":1000,\"height\":1000},{\"@type\":\"BreadcrumbList\",\"@id\":\"https:\\\/\\\/hempking.eu\\\/pl\\\/betaina-hcl-complex-biowen-wsparcie-ukladu-trawienia-90-kapsulek\\\/#breadcrumb\",\"itemListElement\":[{\"@type\":\"ListItem\",\"position\":1,\"name\":\"Home\",\"item\":\"https:\\\/\\\/hempking.eu\\\/pl\\\/\"},{\"@type\":\"ListItem\",\"position\":2,\"name\":\"Sklep\",\"item\":\"https:\\\/\\\/hempking.eu\\\/pl\\\/shop\\\/\"},{\"@type\":\"ListItem\",\"position\":3,\"name\":\"\ud83d\udd25OKAZJE\ud83d\udd25\",\"item\":\"https:\\\/\\\/hempking.eu\\\/pl\\\/okazje\\\/\"},{\"@type\":\"ListItem\",\"position\":4,\"name\":\"Nowo\u015bci\",\"item\":\"https:\\\/\\\/hempking.eu\\\/pl\\\/nowosci\\\/\"},{\"@type\":\"ListItem\",\"position\":5,\"name\":\"Betaina HCL Complex+ Biowen | wsparcie uk\u0142adu trawienia | - 90 kapsu\u0142ek\"}]},{\"@type\":\"WebSite\",\"@id\":\"https:\\\/\\\/hempking.eu\\\/pl\\\/#website\",\"url\":\"https:\\\/\\\/hempking.eu\\\/pl\\\/\",\"name\":\"Hemp King\",\"description\":\"\",\"publisher\":{\"@id\":\"https:\\\/\\\/hempking.eu\\\/pl\\\/#organization\"},\"potentialAction\":[{\"@type\":\"SearchAction\",\"target\":{\"@type\":\"EntryPoint\",\"urlTemplate\":\"https:\\\/\\\/hempking.eu\\\/pl\\\/?s={search_term_string}\"},\"query-input\":{\"@type\":\"PropertyValueSpecification\",\"valueRequired\":true,\"valueName\":\"search_term_string\"}}],\"inLanguage\":\"pl-PL\"},{\"@type\":\"Organization\",\"@id\":\"https:\\\/\\\/hempking.eu\\\/pl\\\/#organization\",\"name\":\"Hemp King\",\"url\":\"https:\\\/\\\/hempking.eu\\\/pl\\\/\",\"logo\":{\"@type\":\"ImageObject\",\"inLanguage\":\"pl-PL\",\"@id\":\"https:\\\/\\\/hempking.eu\\\/pl\\\/#\\\/schema\\\/logo\\\/image\\\/\",\"url\":\"https:\\\/\\\/hempking.eu\\\/pl\\\/wp-content\\\/uploads\\\/sites\\\/2\\\/2020\\\/05\\\/hempking.png\",\"contentUrl\":\"https:\\\/\\\/hempking.eu\\\/pl\\\/wp-content\\\/uploads\\\/sites\\\/2\\\/2020\\\/05\\\/hempking.png\",\"width\":148,\"height\":91,\"caption\":\"Hemp King\"},\"image\":{\"@id\":\"https:\\\/\\\/hempking.eu\\\/pl\\\/#\\\/schema\\\/logo\\\/image\\\/\"},\"sameAs\":[\"https:\\\/\\\/www.facebook.com\\\/hempkingpoland\",\"https:\\\/\\\/x.com\\\/hempkingeu\",\"https:\\\/\\\/www.instagram.com\\\/hempkingeu\\\/\",\"https:\\\/\\\/www.linkedin.com\\\/company\\\/hempking-eu\\\/mycompany\\\/\",\"https:\\\/\\\/pl.pinterest.com\\\/hempkingeu\\\/\",\"https:\\\/\\\/www.youtube.com\\\/channel\\\/UCUkeZA1fj4hSZfoYm0WpZ7w\"]}]}<\/script>\n<meta property=\"product:price:amount\" content=\"59.99\" \/>\n<meta property=\"product:price:currency\" content=\"PLN\" \/>\n<meta property=\"og:availability\" content=\"instock\" \/>\n<meta property=\"product:availability\" content=\"instock\" \/>\n<meta property=\"product:retailer_item_id\" content=\"5904806120700\" \/>\n<meta property=\"product:condition\" content=\"new\" \/>\n<!-- \/ Yoast SEO Premium plugin. -->","yoast_head_json":{"title":"Betaina HCL Complex+ Biowen | wsparcie uk\u0142adu trawienia | - 90 kapsu\u0142ek - Hemp King","description":"Zobacz \u261b Betaina HCL Complex+ Biowen | wsparcie uk\u0142adu trawienia | - 90 kapsu\u0142ek w konopnym sklepie HempKing \u2705100% naturalne \u2705 Zadbaj z nami o swoj\u0105 diet\u0119!","robots":{"index":"index","follow":"follow"},"canonical":"https:\/\/hempking.eu\/pl\/betaina-hcl-complex-biowen-wsparcie-ukladu-trawienia-90-kapsulek\/","og_locale":"pl_PL","og_type":"article","og_title":"Betaina HCL Complex+ Biowen | wsparcie uk\u0142adu trawienia | - 90 kapsu\u0142ek","og_description":"Zobacz \u261b Betaina HCL Complex+ Biowen | wsparcie uk\u0142adu trawienia | - 90 kapsu\u0142ek w konopnym sklepie HempKing \u2705100% naturalne \u2705 Zadbaj z nami o swoj\u0105 diet\u0119!","og_url":"https:\/\/hempking.eu\/pl\/betaina-hcl-complex-biowen-wsparcie-ukladu-trawienia-90-kapsulek\/","og_site_name":"Hemp King","article_publisher":"https:\/\/www.facebook.com\/hempkingpoland","article_modified_time":"2026-04-18T19:45:31+00:00","og_image":[{"width":1000,"height":1000,"url":"https:\/\/hempking.eu\/pl\/wp-content\/uploads\/sites\/2\/2025\/08\/betaina_wizualizacja_hempking.jpg","type":"image\/jpeg"}],"twitter_card":"summary_large_image","twitter_site":"@hempkingeu","twitter_misc":{"Cena":"59.99&nbsp;&#122;&#322;","Dost\u0119pno\u015b\u0107":"Dost\u0119pny"},"schema":{"@context":"https:\/\/schema.org","@graph":[{"@type":"WebPage","@id":"https:\/\/hempking.eu\/pl\/betaina-hcl-complex-biowen-wsparcie-ukladu-trawienia-90-kapsulek\/","url":"https:\/\/hempking.eu\/pl\/betaina-hcl-complex-biowen-wsparcie-ukladu-trawienia-90-kapsulek\/","name":"Betaina HCL Complex+ Biowen | wsparcie uk\u0142adu trawienia | - 90 kapsu\u0142ek - Hemp King","isPartOf":{"@id":"https:\/\/hempking.eu\/pl\/#website"},"primaryImageOfPage":{"@id":"https:\/\/hempking.eu\/pl\/betaina-hcl-complex-biowen-wsparcie-ukladu-trawienia-90-kapsulek\/#primaryimage"},"image":{"@id":"https:\/\/hempking.eu\/pl\/betaina-hcl-complex-biowen-wsparcie-ukladu-trawienia-90-kapsulek\/#primaryimage"},"thumbnailUrl":"https:\/\/hempking.eu\/pl\/wp-content\/uploads\/sites\/2\/2025\/08\/betaina_wizualizacja_hempking.jpg","datePublished":"2024-04-24T08:47:05+00:00","dateModified":"2026-04-18T19:45:31+00:00","description":"Zobacz \u261b Betaina HCL Complex+ Biowen | wsparcie uk\u0142adu trawienia | - 90 kapsu\u0142ek w konopnym sklepie HempKing \u2705100% naturalne \u2705 Zadbaj z nami o swoj\u0105 diet\u0119!","breadcrumb":{"@id":"https:\/\/hempking.eu\/pl\/betaina-hcl-complex-biowen-wsparcie-ukladu-trawienia-90-kapsulek\/#breadcrumb"},"inLanguage":"pl-PL","potentialAction":[{"@type":"ReadAction","target":["https:\/\/hempking.eu\/pl\/betaina-hcl-complex-biowen-wsparcie-ukladu-trawienia-90-kapsulek\/"]}]},{"@type":"ImageObject","inLanguage":"pl-PL","@id":"https:\/\/hempking.eu\/pl\/betaina-hcl-complex-biowen-wsparcie-ukladu-trawienia-90-kapsulek\/#primaryimage","url":"https:\/\/hempking.eu\/pl\/wp-content\/uploads\/sites\/2\/2025\/08\/betaina_wizualizacja_hempking.jpg","contentUrl":"https:\/\/hempking.eu\/pl\/wp-content\/uploads\/sites\/2\/2025\/08\/betaina_wizualizacja_hempking.jpg","width":1000,"height":1000},{"@type":"BreadcrumbList","@id":"https:\/\/hempking.eu\/pl\/betaina-hcl-complex-biowen-wsparcie-ukladu-trawienia-90-kapsulek\/#breadcrumb","itemListElement":[{"@type":"ListItem","position":1,"name":"Home","item":"https:\/\/hempking.eu\/pl\/"},{"@type":"ListItem","position":2,"name":"Sklep","item":"https:\/\/hempking.eu\/pl\/shop\/"},{"@type":"ListItem","position":3,"name":"\ud83d\udd25OKAZJE\ud83d\udd25","item":"https:\/\/hempking.eu\/pl\/okazje\/"},{"@type":"ListItem","position":4,"name":"Nowo\u015bci","item":"https:\/\/hempking.eu\/pl\/nowosci\/"},{"@type":"ListItem","position":5,"name":"Betaina HCL Complex+ Biowen | wsparcie uk\u0142adu trawienia | - 90 kapsu\u0142ek"}]},{"@type":"WebSite","@id":"https:\/\/hempking.eu\/pl\/#website","url":"https:\/\/hempking.eu\/pl\/","name":"Hemp King","description":"","publisher":{"@id":"https:\/\/hempking.eu\/pl\/#organization"},"potentialAction":[{"@type":"SearchAction","target":{"@type":"EntryPoint","urlTemplate":"https:\/\/hempking.eu\/pl\/?s={search_term_string}"},"query-input":{"@type":"PropertyValueSpecification","valueRequired":true,"valueName":"search_term_string"}}],"inLanguage":"pl-PL"},{"@type":"Organization","@id":"https:\/\/hempking.eu\/pl\/#organization","name":"Hemp King","url":"https:\/\/hempking.eu\/pl\/","logo":{"@type":"ImageObject","inLanguage":"pl-PL","@id":"https:\/\/hempking.eu\/pl\/#\/schema\/logo\/image\/","url":"https:\/\/hempking.eu\/pl\/wp-content\/uploads\/sites\/2\/2020\/05\/hempking.png","contentUrl":"https:\/\/hempking.eu\/pl\/wp-content\/uploads\/sites\/2\/2020\/05\/hempking.png","width":148,"height":91,"caption":"Hemp King"},"image":{"@id":"https:\/\/hempking.eu\/pl\/#\/schema\/logo\/image\/"},"sameAs":["https:\/\/www.facebook.com\/hempkingpoland","https:\/\/x.com\/hempkingeu","https:\/\/www.instagram.com\/hempkingeu\/","https:\/\/www.linkedin.com\/company\/hempking-eu\/mycompany\/","https:\/\/pl.pinterest.com\/hempkingeu\/","https:\/\/www.youtube.com\/channel\/UCUkeZA1fj4hSZfoYm0WpZ7w"]}]},"product_price_amount":"59.99","product_price_currency":"PLN","og_availability":"instock","product_availability":"instock","product_retailer_item_id":"5904806120700","product_condition":"new"},"df_price":59.99,"df_sale_price":"","df_regular_price":59.99,"df_image_link":"https:\/\/hempking.eu\/pl\/wp-content\/uploads\/sites\/2\/2025\/08\/betaina_wizualizacja_hempking-300x300.jpg","_links":{"self":[{"href":"https:\/\/hempking.eu\/pl\/wp-json\/wp\/v2\/product\/199275","targetHints":{"allow":["GET"]}}],"collection":[{"href":"https:\/\/hempking.eu\/pl\/wp-json\/wp\/v2\/product"}],"about":[{"href":"https:\/\/hempking.eu\/pl\/wp-json\/wp\/v2\/types\/product"}],"wp:featuredmedia":[{"embeddable":true,"href":"https:\/\/hempking.eu\/pl\/wp-json\/wp\/v2\/media\/321949"}],"wp:attachment":[{"href":"https:\/\/hempking.eu\/pl\/wp-json\/wp\/v2\/media?parent=199275"}],"wp:term":[{"taxonomy":"product_brand","embeddable":true,"href":"https:\/\/hempking.eu\/pl\/wp-json\/wp\/v2\/product_brand?post=199275"},{"taxonomy":"product_cat","embeddable":true,"href":"https:\/\/hempking.eu\/pl\/wp-json\/wp\/v2\/product_cat?post=199275"},{"taxonomy":"product_tag","embeddable":true,"href":"https:\/\/hempking.eu\/pl\/wp-json\/wp\/v2\/product_tag?post=199275"}],"curies":[{"name":"wp","href":"https:\/\/api.w.org\/{rel}","templated":true}]}}