{"id":211846,"date":"2024-06-27T10:47:16","date_gmt":"2024-06-27T08:47:16","guid":{"rendered":"https:\/\/hempking.eu\/pl\/?post_type=product&#038;p=211846"},"modified":"2025-11-14T14:01:11","modified_gmt":"2025-11-14T13:01:11","slug":"olej-cbd-family-natural-5-50-ml-krotki-termin","status":"publish","type":"product","link":"https:\/\/hempking.eu\/pl\/olej-cbd-family-natural-5-50-ml-krotki-termin\/","title":{"rendered":"Olej CBD Family Natural 5% 50 ml - kr\u00f3tki termin"},"content":{"rendered":"<h2><strong>Limitowana edycja oleju CBD Family Natural 5%!\u00a0<\/strong><\/h2>\n<p><span style=\"font-weight: 400\">Olej CBD Family Natural 5% to olejek konopny, kt\u00f3ry powsta\u0142 z naszej mi\u0142o\u015bci do pomagania innym. Celem naszej marki jest niesienie pomocy innym poprzez doradzanie i oferowanie produkt\u00f3w, kt\u00f3re mog\u0105 wesprze\u0107 zdrowie i samopoczucie! A to wszystko w bardzo korzystnej cenie, na kt\u00f3r\u0105 mo\u017cemy sobie pozwoli\u0107 jako polski producent, kt\u00f3ry stale si\u0119 rozwija!\u00a0<\/span><\/p>\n<p><strong>Olej CBD Family Natural 5% to wyj\u0105tkowy produkt w naszej ofercie. Co go wyr\u00f3\u017cnia?\u00a0<\/strong><\/p>\n<ul>\n<li style=\"font-weight: 400\"><span style=\"font-weight: 400\">du\u017ca butelka, bo a\u017c 50 ml, dzi\u0119ki czemu wystarcza na d\u0142ugi czas,\u00a0<\/span><\/li>\n<li style=\"font-weight: 400\"><span style=\"font-weight: 400\">standaryzacja na 5% fitosk\u0142adnika (2500 mg na butelk\u0119),\u00a0<\/span><\/li>\n<li style=\"font-weight: 400\"><span style=\"font-weight: 400\">pe\u0142ne spektrum pozosta\u0142ych fitosk\u0142adnik\u00f3w konopnych, prosto z czystych polskich upraw,\u00a0<\/span><\/li>\n<li style=\"font-weight: 400\"><span style=\"font-weight: 400\">wyj\u0105tkowo korzystna cena, w przeliczeniu na 1 mg fitosk\u0142adnika, przy zachowaniu standard\u00f3w jako\u015bci, za kt\u00f3re nasi klienci nas ca\u0142y czas doceniaj\u0105, niezmiennie ju\u017c od wielu lat!\u00a0<\/span><\/li>\n<\/ul>\n<p><b>Kupuj\u0105c ten olejek wspierasz Fundacj\u0119 Naszpikowani, kt\u00f3ra od lat zajmuje si\u0119 niesieniem pomocy dzieciom oraz doros\u0142ym, kt\u00f3rzy cierpi\u0105 z powodu chor\u00f3b nowotworowych!\u00a0<\/b><\/p>\n<p>&nbsp;<\/p>\n<h2><strong>Olej CBD Family Natural 5% &#8211; czy to produkt dla Ciebie?<\/strong><\/h2>\n<p><span style=\"font-weight: 400\">Olej CBD Family Natural 5% (2500 mg) to wydajny produkt konopny, kt\u00f3ry jest wart Twojej uwagi, je\u015bli szukasz dobrego olejku z konopi o pe\u0142nym spektrum fitosk\u0142adnik\u00f3w zawartych w tej cennej ro\u015blinie. A co sprawia, \u017ce warto si\u0119gn\u0105\u0107 w\u0142a\u015bnie po niego? Poza wy\u017cej wymienionymi cechami, to produkt idealny dla:\u00a0<\/span><\/p>\n<ul>\n<li style=\"font-weight: 400\"><span style=\"font-weight: 400\">ka\u017cdego, kto chce rozpocz\u0105\u0107 suplementacj\u0119 konopn\u0105 i szuka dobrego startowego produktu,\u00a0<\/span><\/li>\n<li style=\"font-weight: 400\"><span style=\"font-weight: 400\">os\u00f3b, kt\u00f3re ju\u017c wcze\u015bniej stosowa\u0142y olejki konopne i chc\u0105 kontynuowa\u0107 suplementacj\u0119 w spos\u00f3b wydajny, nie rujnuj\u0105c stanu swojego portfela przy okazji,\u00a0<\/span><\/li>\n<li style=\"font-weight: 400\"><span style=\"font-weight: 400\">ka\u017cdego, kto ceni w\u0142a\u015bciwo\u015bci oleju konopnego, kt\u00f3re maj\u0105 dzia\u0142anie antyzapalne, wspieraj\u0105ce odporno\u015b\u0107, sk\u00f3r\u0119, mi\u0119\u015bnie, stawy, serce i uk\u0142ad krwiono\u015bny oraz pomagaj\u0105 regulowa\u0107 poziom cukru, cholesterolu i tr\u00f3jgliceryd\u00f3w we krwi,\u00a0<\/span><\/li>\n<li style=\"font-weight: 400\"><span style=\"font-weight: 400\">ka\u017cdego, kto interesuje si\u0119 produktami o czystym sk\u0142adzie, polskiego pochodzenia.\u00a0<\/span><\/li>\n<\/ul>\n<p><span style=\"font-weight: 400\">Czy kt\u00f3rykolwiek z tych wyr\u00f3\u017cnik\u00f3w brzmi cho\u0107 troch\u0119 jak Ty? To znak, \u017ce ten produkt sprawdzi si\u0119 w\u0142a\u015bnie u Ciebie!\u00a0<\/span><\/p>\n<p>&nbsp;<\/p>\n<p><strong>Producent\/ Podmiot odpowiedzialny:<\/strong><\/p>\n<p>Biodio Lab Sp. z o.o.<br \/>\nUl. Choroszcza\u0144ska 24<br \/>\n15-732 Bia\u0142ystok<\/p>\n","protected":false},"excerpt":{"rendered":"<h2>Kr\u00f3tki termin wa\u017cno\u015bci<\/h2>\n<h2><strong>Olej CBD Family 5% to:\u00a0<\/strong><\/h2>\n<ul>\n<li>limitowana wersja olejku konopnego dost\u0119pna tylko u nas,<\/li>\n<li>du\u017ce, 50 ml opakowanie o st\u0119\u017ceniu 5% fitosk\u0142adnik\u00f3w,<\/li>\n<li>kupuj\u0105c, wspierasz Fundacj\u0119 Naszpikowani,<\/li>\n<li>full spectrum fitosk\u0142adnik\u00f3w,<\/li>\n<li>polski produkt,<\/li>\n<li>wystarcza na d\u0142ugi czas, jest wydajny.<\/li>\n<\/ul>\n<p><strong>Pojemno\u015b\u0107: 50 ml<\/strong><\/p>\n","protected":false},"featured_media":154589,"template":"","meta":{"_acf_changed":false},"product_brand":[],"product_cat":[122,134,438,444,422,148,38,20,442,446,448,450],"product_tag":[],"class_list":{"0":"post-211846","1":"product","2":"type-product","3":"status-publish","4":"has-post-thumbnail","6":"product_cat-olej-konopny-full-spectrum","7":"product_cat-suplementy-na-sen","8":"product_cat-hempking","9":"product_cat-kannabinoidy","10":"product_cat-suplementy-na-lepszy-nastroj","11":"product_cat-suplementy-i-preparaty-na-odpornosc","12":"product_cat-olej-cbd-5","13":"product_cat-olej-cbd","14":"product_cat-stezenia","15":"product_cat-suplementy-na-uklad-krazenia","16":"product_cat-suplementy-na-uklad-nerwowy","17":"product_cat-suplementy-na-uklad-odpornosciowy","19":"first","20":"outofstock","21":"sale","22":"shipping-taxable","23":"purchasable","24":"product-type-simple"},"acf":[],"yoast_head":"<!-- This site is optimized with the Yoast SEO Premium plugin v24.8 (Yoast SEO v27.3) - https:\/\/yoast.com\/product\/yoast-seo-premium-wordpress\/ -->\n<title>Olej CBD Family Natural 5% 50 ml - Hemp King<\/title>\n<meta name=\"description\" content=\"Zobacz \u261b Olej CBD Family Natural 5% 50 ml w konopnym sklepie HempKing \u2705100% naturalne \u2705 Zadbaj z nami o swoj\u0105 diet\u0119!\" \/>\n<meta name=\"robots\" content=\"index, follow\" \/>\n<link rel=\"canonical\" href=\"https:\/\/hempking.eu\/pl\/olej-cbd-family-natural-5-50-ml\/\" \/>\n<meta property=\"og:locale\" content=\"pl_PL\" \/>\n<meta property=\"og:type\" content=\"article\" \/>\n<meta property=\"og:title\" content=\"Olej CBD Family Natural 5% 50 ml - Hemp King\" \/>\n<meta property=\"og:description\" content=\"Zobacz \u261b Olej CBD Family Natural 5% 50 ml w konopnym sklepie HempKing \u2705100% naturalne \u2705 Zadbaj z nami o swoj\u0105 diet\u0119!\" \/>\n<meta property=\"og:url\" content=\"https:\/\/hempking.eu\/pl\/olej-cbd-family-natural-5-50-ml\/\" \/>\n<meta property=\"og:site_name\" content=\"Hemp King\" \/>\n<meta property=\"article:publisher\" content=\"https:\/\/www.facebook.com\/hempkingpoland\" \/>\n<meta property=\"article:modified_time\" content=\"2025-11-14T13:01:11+00:00\" \/>\n<meta property=\"og:image\" content=\"https:\/\/hempking.eu\/pl\/wp-content\/uploads\/sites\/2\/2023\/09\/Olejek-CBD-Family-1.jpg\" \/>\n\t<meta property=\"og:image:width\" content=\"1000\" \/>\n\t<meta property=\"og:image:height\" content=\"1000\" \/>\n\t<meta property=\"og:image:type\" content=\"image\/jpeg\" \/>\n<meta name=\"twitter:card\" content=\"summary_large_image\" \/>\n<meta name=\"twitter:title\" content=\"Olej CBD Family Natural 5% 50 ml - Hemp King\" \/>\n<meta name=\"twitter:description\" content=\"Zobacz \u261b Olej CBD Family Natural 5% 50 ml w konopnym sklepie HempKing \u2705100% naturalne \u2705 Zadbaj z nami o swoj\u0105 diet\u0119!\" \/>\n<meta name=\"twitter:site\" content=\"@hempkingeu\" \/>\n<meta name=\"twitter:label1\" content=\"Cena\" \/>\n\t<meta name=\"twitter:data1\" content=\"137.40&nbsp;&#122;&#322;\" \/>\n\t<meta name=\"twitter:label2\" content=\"Dost\u0119pno\u015b\u0107\" \/>\n\t<meta name=\"twitter:data2\" content=\"Brak w magazynie\" \/>\n<script type=\"application\/ld+json\" class=\"yoast-schema-graph\">{\"@context\":\"https:\\\/\\\/schema.org\",\"@graph\":[{\"@type\":\"WebPage\",\"@id\":\"https:\\\/\\\/hempking.eu\\\/pl\\\/olej-cbd-family-natural-5-50-ml-krotki-termin\\\/\",\"url\":\"https:\\\/\\\/hempking.eu\\\/pl\\\/olej-cbd-family-natural-5-50-ml\\\/\",\"name\":\"Olej CBD Family Natural 5% 50 ml - Hemp King\",\"isPartOf\":{\"@id\":\"https:\\\/\\\/hempking.eu\\\/pl\\\/#website\"},\"primaryImageOfPage\":{\"@id\":\"https:\\\/\\\/hempking.eu\\\/pl\\\/olej-cbd-family-natural-5-50-ml\\\/#primaryimage\"},\"image\":{\"@id\":\"https:\\\/\\\/hempking.eu\\\/pl\\\/olej-cbd-family-natural-5-50-ml\\\/#primaryimage\"},\"thumbnailUrl\":\"https:\\\/\\\/hempking.eu\\\/pl\\\/wp-content\\\/uploads\\\/sites\\\/2\\\/2023\\\/09\\\/Olejek-CBD-Family-1.jpg\",\"datePublished\":\"2024-06-27T08:47:16+00:00\",\"dateModified\":\"2025-11-14T13:01:11+00:00\",\"description\":\"Zobacz \u261b Olej CBD Family Natural 5% 50 ml w konopnym sklepie HempKing \u2705100% naturalne \u2705 Zadbaj z nami o swoj\u0105 diet\u0119!\",\"breadcrumb\":{\"@id\":\"https:\\\/\\\/hempking.eu\\\/pl\\\/olej-cbd-family-natural-5-50-ml\\\/#breadcrumb\"},\"inLanguage\":\"pl-PL\",\"potentialAction\":[{\"@type\":\"ReadAction\",\"target\":[\"https:\\\/\\\/hempking.eu\\\/pl\\\/olej-cbd-family-natural-5-50-ml\\\/\"]}]},{\"@type\":\"ImageObject\",\"inLanguage\":\"pl-PL\",\"@id\":\"https:\\\/\\\/hempking.eu\\\/pl\\\/olej-cbd-family-natural-5-50-ml\\\/#primaryimage\",\"url\":\"https:\\\/\\\/hempking.eu\\\/pl\\\/wp-content\\\/uploads\\\/sites\\\/2\\\/2023\\\/09\\\/Olejek-CBD-Family-1.jpg\",\"contentUrl\":\"https:\\\/\\\/hempking.eu\\\/pl\\\/wp-content\\\/uploads\\\/sites\\\/2\\\/2023\\\/09\\\/Olejek-CBD-Family-1.jpg\",\"width\":1000,\"height\":1000,\"caption\":\"Olejek CBD Famili 5% Hempking\"},{\"@type\":\"BreadcrumbList\",\"@id\":\"https:\\\/\\\/hempking.eu\\\/pl\\\/olej-cbd-family-natural-5-50-ml\\\/#breadcrumb\",\"itemListElement\":[{\"@type\":\"ListItem\",\"position\":1,\"name\":\"Home\",\"item\":\"https:\\\/\\\/hempking.eu\\\/pl\\\/\"},{\"@type\":\"ListItem\",\"position\":2,\"name\":\"Sklep\",\"item\":\"https:\\\/\\\/hempking.eu\\\/pl\\\/shop\\\/\"},{\"@type\":\"ListItem\",\"position\":3,\"name\":\"Olejki CBD\",\"item\":\"https:\\\/\\\/hempking.eu\\\/pl\\\/olej-cbd\\\/\"},{\"@type\":\"ListItem\",\"position\":4,\"name\":\"Olej CBD Family Natural 5% 50 ml - kr\u00f3tki termin\"}]},{\"@type\":\"WebSite\",\"@id\":\"https:\\\/\\\/hempking.eu\\\/pl\\\/#website\",\"url\":\"https:\\\/\\\/hempking.eu\\\/pl\\\/\",\"name\":\"Hemp King\",\"description\":\"\",\"publisher\":{\"@id\":\"https:\\\/\\\/hempking.eu\\\/pl\\\/#organization\"},\"potentialAction\":[{\"@type\":\"SearchAction\",\"target\":{\"@type\":\"EntryPoint\",\"urlTemplate\":\"https:\\\/\\\/hempking.eu\\\/pl\\\/?s={search_term_string}\"},\"query-input\":{\"@type\":\"PropertyValueSpecification\",\"valueRequired\":true,\"valueName\":\"search_term_string\"}}],\"inLanguage\":\"pl-PL\"},{\"@type\":\"Organization\",\"@id\":\"https:\\\/\\\/hempking.eu\\\/pl\\\/#organization\",\"name\":\"Hemp King\",\"url\":\"https:\\\/\\\/hempking.eu\\\/pl\\\/\",\"logo\":{\"@type\":\"ImageObject\",\"inLanguage\":\"pl-PL\",\"@id\":\"https:\\\/\\\/hempking.eu\\\/pl\\\/#\\\/schema\\\/logo\\\/image\\\/\",\"url\":\"https:\\\/\\\/hempking.eu\\\/pl\\\/wp-content\\\/uploads\\\/sites\\\/2\\\/2020\\\/05\\\/hempking.png\",\"contentUrl\":\"https:\\\/\\\/hempking.eu\\\/pl\\\/wp-content\\\/uploads\\\/sites\\\/2\\\/2020\\\/05\\\/hempking.png\",\"width\":148,\"height\":91,\"caption\":\"Hemp King\"},\"image\":{\"@id\":\"https:\\\/\\\/hempking.eu\\\/pl\\\/#\\\/schema\\\/logo\\\/image\\\/\"},\"sameAs\":[\"https:\\\/\\\/www.facebook.com\\\/hempkingpoland\",\"https:\\\/\\\/x.com\\\/hempkingeu\",\"https:\\\/\\\/www.instagram.com\\\/hempkingeu\\\/\",\"https:\\\/\\\/www.linkedin.com\\\/company\\\/hempking-eu\\\/mycompany\\\/\",\"https:\\\/\\\/pl.pinterest.com\\\/hempkingeu\\\/\",\"https:\\\/\\\/www.youtube.com\\\/channel\\\/UCUkeZA1fj4hSZfoYm0WpZ7w\"]}]}<\/script>\n<meta property=\"product:price:amount\" content=\"137.40\" \/>\n<meta property=\"product:price:currency\" content=\"PLN\" \/>\n<meta property=\"og:availability\" content=\"out of stock\" \/>\n<meta property=\"product:availability\" content=\"out of stock\" \/>\n<meta property=\"product:retailer_item_id\" content=\"FAMILY-LASTMINUTE\" \/>\n<meta property=\"product:condition\" content=\"new\" \/>\n<!-- \/ Yoast SEO Premium plugin. -->","yoast_head_json":{"title":"Olej CBD Family Natural 5% 50 ml - Hemp King","description":"Zobacz \u261b Olej CBD Family Natural 5% 50 ml w konopnym sklepie HempKing \u2705100% naturalne \u2705 Zadbaj z nami o swoj\u0105 diet\u0119!","robots":{"index":"index","follow":"follow"},"canonical":"https:\/\/hempking.eu\/pl\/olej-cbd-family-natural-5-50-ml\/","og_locale":"pl_PL","og_type":"article","og_title":"Olej CBD Family Natural 5% 50 ml - Hemp King","og_description":"Zobacz \u261b Olej CBD Family Natural 5% 50 ml w konopnym sklepie HempKing \u2705100% naturalne \u2705 Zadbaj z nami o swoj\u0105 diet\u0119!","og_url":"https:\/\/hempking.eu\/pl\/olej-cbd-family-natural-5-50-ml\/","og_site_name":"Hemp King","article_publisher":"https:\/\/www.facebook.com\/hempkingpoland","article_modified_time":"2025-11-14T13:01:11+00:00","og_image":[{"width":1000,"height":1000,"url":"https:\/\/hempking.eu\/pl\/wp-content\/uploads\/sites\/2\/2023\/09\/Olejek-CBD-Family-1.jpg","type":"image\/jpeg"}],"twitter_card":"summary_large_image","twitter_title":"Olej CBD Family Natural 5% 50 ml - Hemp King","twitter_description":"Zobacz \u261b Olej CBD Family Natural 5% 50 ml w konopnym sklepie HempKing \u2705100% naturalne \u2705 Zadbaj z nami o swoj\u0105 diet\u0119!","twitter_site":"@hempkingeu","twitter_misc":{"Cena":"137.40&nbsp;&#122;&#322;","Dost\u0119pno\u015b\u0107":"Brak w magazynie"},"schema":{"@context":"https:\/\/schema.org","@graph":[{"@type":"WebPage","@id":"https:\/\/hempking.eu\/pl\/olej-cbd-family-natural-5-50-ml-krotki-termin\/","url":"https:\/\/hempking.eu\/pl\/olej-cbd-family-natural-5-50-ml\/","name":"Olej CBD Family Natural 5% 50 ml - Hemp King","isPartOf":{"@id":"https:\/\/hempking.eu\/pl\/#website"},"primaryImageOfPage":{"@id":"https:\/\/hempking.eu\/pl\/olej-cbd-family-natural-5-50-ml\/#primaryimage"},"image":{"@id":"https:\/\/hempking.eu\/pl\/olej-cbd-family-natural-5-50-ml\/#primaryimage"},"thumbnailUrl":"https:\/\/hempking.eu\/pl\/wp-content\/uploads\/sites\/2\/2023\/09\/Olejek-CBD-Family-1.jpg","datePublished":"2024-06-27T08:47:16+00:00","dateModified":"2025-11-14T13:01:11+00:00","description":"Zobacz \u261b Olej CBD Family Natural 5% 50 ml w konopnym sklepie HempKing \u2705100% naturalne \u2705 Zadbaj z nami o swoj\u0105 diet\u0119!","breadcrumb":{"@id":"https:\/\/hempking.eu\/pl\/olej-cbd-family-natural-5-50-ml\/#breadcrumb"},"inLanguage":"pl-PL","potentialAction":[{"@type":"ReadAction","target":["https:\/\/hempking.eu\/pl\/olej-cbd-family-natural-5-50-ml\/"]}]},{"@type":"ImageObject","inLanguage":"pl-PL","@id":"https:\/\/hempking.eu\/pl\/olej-cbd-family-natural-5-50-ml\/#primaryimage","url":"https:\/\/hempking.eu\/pl\/wp-content\/uploads\/sites\/2\/2023\/09\/Olejek-CBD-Family-1.jpg","contentUrl":"https:\/\/hempking.eu\/pl\/wp-content\/uploads\/sites\/2\/2023\/09\/Olejek-CBD-Family-1.jpg","width":1000,"height":1000,"caption":"Olejek CBD Famili 5% Hempking"},{"@type":"BreadcrumbList","@id":"https:\/\/hempking.eu\/pl\/olej-cbd-family-natural-5-50-ml\/#breadcrumb","itemListElement":[{"@type":"ListItem","position":1,"name":"Home","item":"https:\/\/hempking.eu\/pl\/"},{"@type":"ListItem","position":2,"name":"Sklep","item":"https:\/\/hempking.eu\/pl\/shop\/"},{"@type":"ListItem","position":3,"name":"Olejki CBD","item":"https:\/\/hempking.eu\/pl\/olej-cbd\/"},{"@type":"ListItem","position":4,"name":"Olej CBD Family Natural 5% 50 ml - kr\u00f3tki termin"}]},{"@type":"WebSite","@id":"https:\/\/hempking.eu\/pl\/#website","url":"https:\/\/hempking.eu\/pl\/","name":"Hemp King","description":"","publisher":{"@id":"https:\/\/hempking.eu\/pl\/#organization"},"potentialAction":[{"@type":"SearchAction","target":{"@type":"EntryPoint","urlTemplate":"https:\/\/hempking.eu\/pl\/?s={search_term_string}"},"query-input":{"@type":"PropertyValueSpecification","valueRequired":true,"valueName":"search_term_string"}}],"inLanguage":"pl-PL"},{"@type":"Organization","@id":"https:\/\/hempking.eu\/pl\/#organization","name":"Hemp King","url":"https:\/\/hempking.eu\/pl\/","logo":{"@type":"ImageObject","inLanguage":"pl-PL","@id":"https:\/\/hempking.eu\/pl\/#\/schema\/logo\/image\/","url":"https:\/\/hempking.eu\/pl\/wp-content\/uploads\/sites\/2\/2020\/05\/hempking.png","contentUrl":"https:\/\/hempking.eu\/pl\/wp-content\/uploads\/sites\/2\/2020\/05\/hempking.png","width":148,"height":91,"caption":"Hemp King"},"image":{"@id":"https:\/\/hempking.eu\/pl\/#\/schema\/logo\/image\/"},"sameAs":["https:\/\/www.facebook.com\/hempkingpoland","https:\/\/x.com\/hempkingeu","https:\/\/www.instagram.com\/hempkingeu\/","https:\/\/www.linkedin.com\/company\/hempking-eu\/mycompany\/","https:\/\/pl.pinterest.com\/hempkingeu\/","https:\/\/www.youtube.com\/channel\/UCUkeZA1fj4hSZfoYm0WpZ7w"]}]},"product_price_amount":"137.40","product_price_currency":"PLN","og_availability":"out of stock","product_availability":"out of stock","product_retailer_item_id":"FAMILY-LASTMINUTE","product_condition":"new"},"df_price":137.4,"df_sale_price":137.4,"df_regular_price":229,"df_image_link":"https:\/\/hempking.eu\/pl\/wp-content\/uploads\/sites\/2\/2023\/09\/Olejek-CBD-Family-1-300x300.jpg","_links":{"self":[{"href":"https:\/\/hempking.eu\/pl\/wp-json\/wp\/v2\/product\/211846","targetHints":{"allow":["GET"]}}],"collection":[{"href":"https:\/\/hempking.eu\/pl\/wp-json\/wp\/v2\/product"}],"about":[{"href":"https:\/\/hempking.eu\/pl\/wp-json\/wp\/v2\/types\/product"}],"wp:featuredmedia":[{"embeddable":true,"href":"https:\/\/hempking.eu\/pl\/wp-json\/wp\/v2\/media\/154589"}],"wp:attachment":[{"href":"https:\/\/hempking.eu\/pl\/wp-json\/wp\/v2\/media?parent=211846"}],"wp:term":[{"taxonomy":"product_brand","embeddable":true,"href":"https:\/\/hempking.eu\/pl\/wp-json\/wp\/v2\/product_brand?post=211846"},{"taxonomy":"product_cat","embeddable":true,"href":"https:\/\/hempking.eu\/pl\/wp-json\/wp\/v2\/product_cat?post=211846"},{"taxonomy":"product_tag","embeddable":true,"href":"https:\/\/hempking.eu\/pl\/wp-json\/wp\/v2\/product_tag?post=211846"}],"curies":[{"name":"wp","href":"https:\/\/api.w.org\/{rel}","templated":true}]}}