{"id":235579,"date":"2024-10-08T08:58:51","date_gmt":"2024-10-08T06:58:51","guid":{"rendered":"https:\/\/hempking.eu\/pl\/?post_type=product&#038;p=235579"},"modified":"2026-04-18T21:45:33","modified_gmt":"2026-04-18T19:45:33","slug":"witamina-d3k2-biowen-w-kapsulkach-90-kapsulek","status":"publish","type":"product","link":"https:\/\/hempking.eu\/pl\/witamina-d3k2-biowen-w-kapsulkach-90-kapsulek\/","title":{"rendered":"Witamina D3+K2 Biowen w kapsu\u0142kach - 90 kapsu\u0142ek"},"content":{"rendered":"<h2><b>Witamina D3+K2 w oleju MCT od Biowen \u2013 synergiczne wsparcie odporno\u015bci!<\/b><\/h2>\n<p><span style=\"font-weight: 400\">Witamina D3+K2 od Biowen to suplement diety, kt\u00f3ry \u0142\u0105czy si\u0142\u0119 dw\u00f3ch kluczowych witamin rozpuszczalnych w t\u0142uszczach. Dzi\u0119ki temu, \u017ce s\u0105 one rozpuszczone w oleju MCT, ich wch\u0142anianie jest jeszcze bardziej efektywne, co pozwala na pe\u0142ne wykorzystanie ich w\u0142a\u015bciwo\u015bci.<\/span><\/p>\n<p><b>Zalety produktu:<\/b><\/p>\n<ul>\n<li style=\"font-weight: 400\"><b>Witamina D3<\/b><span style=\"font-weight: 400\"> wspomaga zdrowie ko\u015bci, wspiera uk\u0142ad odporno\u015bciowy i pomaga w utrzymaniu prawid\u0142owego poziomu wapnia we krwi.<\/span><\/li>\n<li style=\"font-weight: 400\"><b>Witamina K2 (MK-7)<\/b><span style=\"font-weight: 400\"> dzia\u0142a synergicznie z witamin\u0105 D3, wspomagaj\u0105c transport wapnia do ko\u015bci i z\u0119b\u00f3w, jednocze\u015bnie zapobiegaj\u0105c jego odk\u0142adaniu si\u0119 w naczyniach krwiono\u015bnych.<\/span><\/li>\n<li style=\"font-weight: 400\"><b>Olej MCT<\/b><span style=\"font-weight: 400\"> jako no\u015bnik t\u0142uszczowy doskonale wspiera przyswajanie obu witamin, zapewniaj\u0105c ich wysok\u0105 biodost\u0119pno\u015b\u0107.<\/span><\/li>\n<li style=\"font-weight: 400\"><b>Bezpieczne opakowanie<\/b><span style=\"font-weight: 400\"> &#8211; kapsu\u0142ki znajduj\u0105 si\u0119 w szklanym s\u0142oiku ze stalow\u0105 nakr\u0119tk\u0105, co eliminuje kontakt z plastikiem, chroni\u0105c suplement przed zanieczyszczeniami.<\/span><\/li>\n<\/ul>\n<p><b>Wysoka zawarto\u015b\u0107 witamin D3 i K2<\/b><b><br \/>\n<\/b><span style=\"font-weight: 400\">Ka\u017cda kapsu\u0142ka dostarcza 4000 IU witaminy D3 oraz 100 ug witaminy K2 (MK-7) w formie dobrze przyswajalnej, co wspomaga zdrowie ko\u015bci i uk\u0142adu sercowo-naczyniowego.<\/span><\/p>\n<h3><b>Dlaczego warto suplementowa\u0107 witamin\u0119 D3+K2?<\/b><\/h3>\n<p><span style=\"font-weight: 400\">Witamina D3 w po\u0142\u0105czeniu z witamin\u0105 K2 zapewnia kompleksowe wsparcie dla zdrowia ko\u015bci i uk\u0142adu sercowo-naczyniowego. Witamina K2, znana z regulacji gospodarki wapniowej, zapobiega odk\u0142adaniu si\u0119 wapnia w naczyniach krwiono\u015bnych, co zmniejsza ryzyko zwapnie\u0144. Witamina D3 natomiast wspomaga przyswajanie wapnia, co wp\u0142ywa na silne i zdrowe ko\u015bci.<\/span><\/p>\n<p><span style=\"font-weight: 400\">Ten suplement charakteryzuje si\u0119 czystym sk\u0142adem, co oznacza, \u017ce nie znajdziesz w nim zb\u0119dnych dodatk\u00f3w, takich jak wype\u0142niacze czy sztuczne konserwanty. Kapsu\u0142ki nie zawieraj\u0105 karagenu, co czyni go jeszcze bezpieczniejszym dla zdrowia. Marka Biowen dba o transparentno\u015b\u0107 i wysok\u0105 jako\u015b\u0107 swoich produkt\u00f3w, zapewniaj\u0105c przyjazn\u0105 dla organizmu formu\u0142\u0119 bez kontrowersyjnych sk\u0142adnik\u00f3w.<\/span><\/p>\n<p><b>Producent\/ Podmiot odpowiedzialny:<\/b><\/p>\n<p><span style=\"font-weight: 400\">Biodio Lab Sp. z o.o.<\/span><span style=\"font-weight: 400\"><br \/>\n<\/span><span style=\"font-weight: 400\">Ul. Choroszcza\u0144ska 24<\/span><span style=\"font-weight: 400\"><br \/>\n<\/span><span style=\"font-weight: 400\">15-732 Bia\u0142ystok<\/span><\/p>\n","protected":false},"excerpt":{"rendered":"<h2>Witaminy D3+K2 w kapsu\u0142kach:<\/h2>\n<ul>\n<li>K2Mk7 jest z natto, surowiec brandowy VITAMk7,<\/li>\n<li>D3 jest z lanoliny,<\/li>\n<li>produkt wsparty jest naturaln\u0105 witamin\u0119 E (D-alfa-tokoferolem)<\/li>\n<li>zawiera du\u017ce porcje witamin,<\/li>\n<li>w naturalnej \u017celatynowej otoczce,<\/li>\n<li>czysty sk\u0142ad i zero zb\u0119dnych sk\u0142adnik\u00f3w,<\/li>\n<li>witaminy s\u0105 rozpuszczone w oleju MCT,<\/li>\n<li>masa netto: 45 g.<\/li>\n<\/ul>\n<p><strong>Pojemno\u015b\u0107: 90 kapsu\u0142ek<\/strong><\/p>\n","protected":false},"featured_media":235572,"template":"","meta":{"_acf_changed":false},"product_brand":[],"product_cat":[439,437,34,148,450,144,408,416,96],"product_tag":[],"class_list":{"0":"post-235579","1":"product","2":"type-product","3":"status-publish","4":"has-post-thumbnail","6":"product_cat-biowen","7":"product_cat-marki","8":"product_cat-nowosci","9":"product_cat-suplementy-i-preparaty-na-odpornosc","10":"product_cat-suplementy-na-uklad-odpornosciowy","11":"product_cat-suplementy-i-preparaty-na-dolegliwosci","12":"product_cat-witaminy","13":"product_cat-witaminy-i-mineraly","14":"product_cat-suplementy","16":"first","17":"instock","18":"shipping-taxable","19":"purchasable","20":"product-type-simple"},"acf":[],"yoast_head":"<!-- This site is optimized with the Yoast SEO Premium plugin v24.8 (Yoast SEO v27.3) - https:\/\/yoast.com\/product\/yoast-seo-premium-wordpress\/ -->\n<title>Witamina D3+K2 Biowen w kapsu\u0142kach - 90 kapsu\u0142ek - Hemp King<\/title>\n<meta name=\"description\" content=\"Zobacz \u261b Witamina D3+K2 Biowen w kapsu\u0142kach - 90 kapsu\u0142ek w konopnym sklepie HempKing \u2705100% naturalne \u2705 Zadbaj z nami o swoj\u0105 diet\u0119!\" \/>\n<meta name=\"robots\" content=\"index, follow\" \/>\n<link rel=\"canonical\" href=\"https:\/\/hempking.eu\/pl\/witamina-d3k2-biowen-w-kapsulkach-90-kapsulek\/\" \/>\n<meta property=\"og:locale\" content=\"pl_PL\" \/>\n<meta property=\"og:type\" content=\"article\" \/>\n<meta property=\"og:title\" content=\"Witamina D3+K2 Biowen w kapsu\u0142kach - 90 kapsu\u0142ek\" \/>\n<meta property=\"og:description\" content=\"Zobacz \u261b Witamina D3+K2 Biowen w kapsu\u0142kach - 90 kapsu\u0142ek w konopnym sklepie HempKing \u2705100% naturalne \u2705 Zadbaj z nami o swoj\u0105 diet\u0119!\" \/>\n<meta property=\"og:url\" content=\"https:\/\/hempking.eu\/pl\/witamina-d3k2-biowen-w-kapsulkach-90-kapsulek\/\" \/>\n<meta property=\"og:site_name\" content=\"Hemp King\" \/>\n<meta property=\"article:publisher\" content=\"https:\/\/www.facebook.com\/hempkingpoland\" \/>\n<meta property=\"article:modified_time\" content=\"2026-04-18T19:45:33+00:00\" \/>\n<meta property=\"og:image\" content=\"https:\/\/hempking.eu\/pl\/wp-content\/uploads\/sites\/2\/2024\/10\/witamina_d3_k2_wizualizacja_hempking.jpg\" \/>\n\t<meta property=\"og:image:width\" content=\"1000\" \/>\n\t<meta property=\"og:image:height\" content=\"1000\" \/>\n\t<meta property=\"og:image:type\" content=\"image\/jpeg\" \/>\n<meta name=\"twitter:card\" content=\"summary_large_image\" \/>\n<meta name=\"twitter:site\" content=\"@hempkingeu\" \/>\n<meta name=\"twitter:label1\" content=\"Cena\" \/>\n\t<meta name=\"twitter:data1\" content=\"67.99&nbsp;&#122;&#322;\" \/>\n\t<meta name=\"twitter:label2\" content=\"Dost\u0119pno\u015b\u0107\" \/>\n\t<meta name=\"twitter:data2\" content=\"Dost\u0119pny\" \/>\n<script type=\"application\/ld+json\" class=\"yoast-schema-graph\">{\"@context\":\"https:\\\/\\\/schema.org\",\"@graph\":[{\"@type\":\"WebPage\",\"@id\":\"https:\\\/\\\/hempking.eu\\\/pl\\\/witamina-d3k2-biowen-w-kapsulkach-90-kapsulek\\\/\",\"url\":\"https:\\\/\\\/hempking.eu\\\/pl\\\/witamina-d3k2-biowen-w-kapsulkach-90-kapsulek\\\/\",\"name\":\"Witamina D3+K2 Biowen w kapsu\u0142kach - 90 kapsu\u0142ek - Hemp King\",\"isPartOf\":{\"@id\":\"https:\\\/\\\/hempking.eu\\\/pl\\\/#website\"},\"primaryImageOfPage\":{\"@id\":\"https:\\\/\\\/hempking.eu\\\/pl\\\/witamina-d3k2-biowen-w-kapsulkach-90-kapsulek\\\/#primaryimage\"},\"image\":{\"@id\":\"https:\\\/\\\/hempking.eu\\\/pl\\\/witamina-d3k2-biowen-w-kapsulkach-90-kapsulek\\\/#primaryimage\"},\"thumbnailUrl\":\"https:\\\/\\\/hempking.eu\\\/pl\\\/wp-content\\\/uploads\\\/sites\\\/2\\\/2024\\\/10\\\/witamina_d3_k2_wizualizacja_hempking.jpg\",\"datePublished\":\"2024-10-08T06:58:51+00:00\",\"dateModified\":\"2026-04-18T19:45:33+00:00\",\"description\":\"Zobacz \u261b Witamina D3+K2 Biowen w kapsu\u0142kach - 90 kapsu\u0142ek w konopnym sklepie HempKing \u2705100% naturalne \u2705 Zadbaj z nami o swoj\u0105 diet\u0119!\",\"breadcrumb\":{\"@id\":\"https:\\\/\\\/hempking.eu\\\/pl\\\/witamina-d3k2-biowen-w-kapsulkach-90-kapsulek\\\/#breadcrumb\"},\"inLanguage\":\"pl-PL\",\"potentialAction\":[{\"@type\":\"ReadAction\",\"target\":[\"https:\\\/\\\/hempking.eu\\\/pl\\\/witamina-d3k2-biowen-w-kapsulkach-90-kapsulek\\\/\"]}]},{\"@type\":\"ImageObject\",\"inLanguage\":\"pl-PL\",\"@id\":\"https:\\\/\\\/hempking.eu\\\/pl\\\/witamina-d3k2-biowen-w-kapsulkach-90-kapsulek\\\/#primaryimage\",\"url\":\"https:\\\/\\\/hempking.eu\\\/pl\\\/wp-content\\\/uploads\\\/sites\\\/2\\\/2024\\\/10\\\/witamina_d3_k2_wizualizacja_hempking.jpg\",\"contentUrl\":\"https:\\\/\\\/hempking.eu\\\/pl\\\/wp-content\\\/uploads\\\/sites\\\/2\\\/2024\\\/10\\\/witamina_d3_k2_wizualizacja_hempking.jpg\",\"width\":1000,\"height\":1000,\"caption\":\"D3+K2 Biowen kapsu\u0142ki\"},{\"@type\":\"BreadcrumbList\",\"@id\":\"https:\\\/\\\/hempking.eu\\\/pl\\\/witamina-d3k2-biowen-w-kapsulkach-90-kapsulek\\\/#breadcrumb\",\"itemListElement\":[{\"@type\":\"ListItem\",\"position\":1,\"name\":\"Home\",\"item\":\"https:\\\/\\\/hempking.eu\\\/pl\\\/\"},{\"@type\":\"ListItem\",\"position\":2,\"name\":\"Sklep\",\"item\":\"https:\\\/\\\/hempking.eu\\\/pl\\\/shop\\\/\"},{\"@type\":\"ListItem\",\"position\":3,\"name\":\"\ud83d\udd25OKAZJE\ud83d\udd25\",\"item\":\"https:\\\/\\\/hempking.eu\\\/pl\\\/okazje\\\/\"},{\"@type\":\"ListItem\",\"position\":4,\"name\":\"Nowo\u015bci\",\"item\":\"https:\\\/\\\/hempking.eu\\\/pl\\\/nowosci\\\/\"},{\"@type\":\"ListItem\",\"position\":5,\"name\":\"Witamina D3+K2 Biowen w kapsu\u0142kach - 90 kapsu\u0142ek\"}]},{\"@type\":\"WebSite\",\"@id\":\"https:\\\/\\\/hempking.eu\\\/pl\\\/#website\",\"url\":\"https:\\\/\\\/hempking.eu\\\/pl\\\/\",\"name\":\"Hemp King\",\"description\":\"\",\"publisher\":{\"@id\":\"https:\\\/\\\/hempking.eu\\\/pl\\\/#organization\"},\"potentialAction\":[{\"@type\":\"SearchAction\",\"target\":{\"@type\":\"EntryPoint\",\"urlTemplate\":\"https:\\\/\\\/hempking.eu\\\/pl\\\/?s={search_term_string}\"},\"query-input\":{\"@type\":\"PropertyValueSpecification\",\"valueRequired\":true,\"valueName\":\"search_term_string\"}}],\"inLanguage\":\"pl-PL\"},{\"@type\":\"Organization\",\"@id\":\"https:\\\/\\\/hempking.eu\\\/pl\\\/#organization\",\"name\":\"Hemp King\",\"url\":\"https:\\\/\\\/hempking.eu\\\/pl\\\/\",\"logo\":{\"@type\":\"ImageObject\",\"inLanguage\":\"pl-PL\",\"@id\":\"https:\\\/\\\/hempking.eu\\\/pl\\\/#\\\/schema\\\/logo\\\/image\\\/\",\"url\":\"https:\\\/\\\/hempking.eu\\\/pl\\\/wp-content\\\/uploads\\\/sites\\\/2\\\/2020\\\/05\\\/hempking.png\",\"contentUrl\":\"https:\\\/\\\/hempking.eu\\\/pl\\\/wp-content\\\/uploads\\\/sites\\\/2\\\/2020\\\/05\\\/hempking.png\",\"width\":148,\"height\":91,\"caption\":\"Hemp King\"},\"image\":{\"@id\":\"https:\\\/\\\/hempking.eu\\\/pl\\\/#\\\/schema\\\/logo\\\/image\\\/\"},\"sameAs\":[\"https:\\\/\\\/www.facebook.com\\\/hempkingpoland\",\"https:\\\/\\\/x.com\\\/hempkingeu\",\"https:\\\/\\\/www.instagram.com\\\/hempkingeu\\\/\",\"https:\\\/\\\/www.linkedin.com\\\/company\\\/hempking-eu\\\/mycompany\\\/\",\"https:\\\/\\\/pl.pinterest.com\\\/hempkingeu\\\/\",\"https:\\\/\\\/www.youtube.com\\\/channel\\\/UCUkeZA1fj4hSZfoYm0WpZ7w\"]}]}<\/script>\n<meta property=\"product:price:amount\" content=\"67.99\" \/>\n<meta property=\"product:price:currency\" content=\"PLN\" \/>\n<meta property=\"og:availability\" content=\"instock\" \/>\n<meta property=\"product:availability\" content=\"instock\" \/>\n<meta property=\"product:retailer_item_id\" content=\"5904806120786\" \/>\n<meta property=\"product:condition\" content=\"new\" \/>\n<!-- \/ Yoast SEO Premium plugin. -->","yoast_head_json":{"title":"Witamina D3+K2 Biowen w kapsu\u0142kach - 90 kapsu\u0142ek - Hemp King","description":"Zobacz \u261b Witamina D3+K2 Biowen w kapsu\u0142kach - 90 kapsu\u0142ek w konopnym sklepie HempKing \u2705100% naturalne \u2705 Zadbaj z nami o swoj\u0105 diet\u0119!","robots":{"index":"index","follow":"follow"},"canonical":"https:\/\/hempking.eu\/pl\/witamina-d3k2-biowen-w-kapsulkach-90-kapsulek\/","og_locale":"pl_PL","og_type":"article","og_title":"Witamina D3+K2 Biowen w kapsu\u0142kach - 90 kapsu\u0142ek","og_description":"Zobacz \u261b Witamina D3+K2 Biowen w kapsu\u0142kach - 90 kapsu\u0142ek w konopnym sklepie HempKing \u2705100% naturalne \u2705 Zadbaj z nami o swoj\u0105 diet\u0119!","og_url":"https:\/\/hempking.eu\/pl\/witamina-d3k2-biowen-w-kapsulkach-90-kapsulek\/","og_site_name":"Hemp King","article_publisher":"https:\/\/www.facebook.com\/hempkingpoland","article_modified_time":"2026-04-18T19:45:33+00:00","og_image":[{"width":1000,"height":1000,"url":"https:\/\/hempking.eu\/pl\/wp-content\/uploads\/sites\/2\/2024\/10\/witamina_d3_k2_wizualizacja_hempking.jpg","type":"image\/jpeg"}],"twitter_card":"summary_large_image","twitter_site":"@hempkingeu","twitter_misc":{"Cena":"67.99&nbsp;&#122;&#322;","Dost\u0119pno\u015b\u0107":"Dost\u0119pny"},"schema":{"@context":"https:\/\/schema.org","@graph":[{"@type":"WebPage","@id":"https:\/\/hempking.eu\/pl\/witamina-d3k2-biowen-w-kapsulkach-90-kapsulek\/","url":"https:\/\/hempking.eu\/pl\/witamina-d3k2-biowen-w-kapsulkach-90-kapsulek\/","name":"Witamina D3+K2 Biowen w kapsu\u0142kach - 90 kapsu\u0142ek - Hemp King","isPartOf":{"@id":"https:\/\/hempking.eu\/pl\/#website"},"primaryImageOfPage":{"@id":"https:\/\/hempking.eu\/pl\/witamina-d3k2-biowen-w-kapsulkach-90-kapsulek\/#primaryimage"},"image":{"@id":"https:\/\/hempking.eu\/pl\/witamina-d3k2-biowen-w-kapsulkach-90-kapsulek\/#primaryimage"},"thumbnailUrl":"https:\/\/hempking.eu\/pl\/wp-content\/uploads\/sites\/2\/2024\/10\/witamina_d3_k2_wizualizacja_hempking.jpg","datePublished":"2024-10-08T06:58:51+00:00","dateModified":"2026-04-18T19:45:33+00:00","description":"Zobacz \u261b Witamina D3+K2 Biowen w kapsu\u0142kach - 90 kapsu\u0142ek w konopnym sklepie HempKing \u2705100% naturalne \u2705 Zadbaj z nami o swoj\u0105 diet\u0119!","breadcrumb":{"@id":"https:\/\/hempking.eu\/pl\/witamina-d3k2-biowen-w-kapsulkach-90-kapsulek\/#breadcrumb"},"inLanguage":"pl-PL","potentialAction":[{"@type":"ReadAction","target":["https:\/\/hempking.eu\/pl\/witamina-d3k2-biowen-w-kapsulkach-90-kapsulek\/"]}]},{"@type":"ImageObject","inLanguage":"pl-PL","@id":"https:\/\/hempking.eu\/pl\/witamina-d3k2-biowen-w-kapsulkach-90-kapsulek\/#primaryimage","url":"https:\/\/hempking.eu\/pl\/wp-content\/uploads\/sites\/2\/2024\/10\/witamina_d3_k2_wizualizacja_hempking.jpg","contentUrl":"https:\/\/hempking.eu\/pl\/wp-content\/uploads\/sites\/2\/2024\/10\/witamina_d3_k2_wizualizacja_hempking.jpg","width":1000,"height":1000,"caption":"D3+K2 Biowen kapsu\u0142ki"},{"@type":"BreadcrumbList","@id":"https:\/\/hempking.eu\/pl\/witamina-d3k2-biowen-w-kapsulkach-90-kapsulek\/#breadcrumb","itemListElement":[{"@type":"ListItem","position":1,"name":"Home","item":"https:\/\/hempking.eu\/pl\/"},{"@type":"ListItem","position":2,"name":"Sklep","item":"https:\/\/hempking.eu\/pl\/shop\/"},{"@type":"ListItem","position":3,"name":"\ud83d\udd25OKAZJE\ud83d\udd25","item":"https:\/\/hempking.eu\/pl\/okazje\/"},{"@type":"ListItem","position":4,"name":"Nowo\u015bci","item":"https:\/\/hempking.eu\/pl\/nowosci\/"},{"@type":"ListItem","position":5,"name":"Witamina D3+K2 Biowen w kapsu\u0142kach - 90 kapsu\u0142ek"}]},{"@type":"WebSite","@id":"https:\/\/hempking.eu\/pl\/#website","url":"https:\/\/hempking.eu\/pl\/","name":"Hemp King","description":"","publisher":{"@id":"https:\/\/hempking.eu\/pl\/#organization"},"potentialAction":[{"@type":"SearchAction","target":{"@type":"EntryPoint","urlTemplate":"https:\/\/hempking.eu\/pl\/?s={search_term_string}"},"query-input":{"@type":"PropertyValueSpecification","valueRequired":true,"valueName":"search_term_string"}}],"inLanguage":"pl-PL"},{"@type":"Organization","@id":"https:\/\/hempking.eu\/pl\/#organization","name":"Hemp King","url":"https:\/\/hempking.eu\/pl\/","logo":{"@type":"ImageObject","inLanguage":"pl-PL","@id":"https:\/\/hempking.eu\/pl\/#\/schema\/logo\/image\/","url":"https:\/\/hempking.eu\/pl\/wp-content\/uploads\/sites\/2\/2020\/05\/hempking.png","contentUrl":"https:\/\/hempking.eu\/pl\/wp-content\/uploads\/sites\/2\/2020\/05\/hempking.png","width":148,"height":91,"caption":"Hemp King"},"image":{"@id":"https:\/\/hempking.eu\/pl\/#\/schema\/logo\/image\/"},"sameAs":["https:\/\/www.facebook.com\/hempkingpoland","https:\/\/x.com\/hempkingeu","https:\/\/www.instagram.com\/hempkingeu\/","https:\/\/www.linkedin.com\/company\/hempking-eu\/mycompany\/","https:\/\/pl.pinterest.com\/hempkingeu\/","https:\/\/www.youtube.com\/channel\/UCUkeZA1fj4hSZfoYm0WpZ7w"]}]},"product_price_amount":"67.99","product_price_currency":"PLN","og_availability":"instock","product_availability":"instock","product_retailer_item_id":"5904806120786","product_condition":"new"},"df_price":67.99,"df_sale_price":"","df_regular_price":67.99,"df_image_link":"https:\/\/hempking.eu\/pl\/wp-content\/uploads\/sites\/2\/2024\/10\/witamina_d3_k2_wizualizacja_hempking-300x300.jpg","_links":{"self":[{"href":"https:\/\/hempking.eu\/pl\/wp-json\/wp\/v2\/product\/235579","targetHints":{"allow":["GET"]}}],"collection":[{"href":"https:\/\/hempking.eu\/pl\/wp-json\/wp\/v2\/product"}],"about":[{"href":"https:\/\/hempking.eu\/pl\/wp-json\/wp\/v2\/types\/product"}],"wp:featuredmedia":[{"embeddable":true,"href":"https:\/\/hempking.eu\/pl\/wp-json\/wp\/v2\/media\/235572"}],"wp:attachment":[{"href":"https:\/\/hempking.eu\/pl\/wp-json\/wp\/v2\/media?parent=235579"}],"wp:term":[{"taxonomy":"product_brand","embeddable":true,"href":"https:\/\/hempking.eu\/pl\/wp-json\/wp\/v2\/product_brand?post=235579"},{"taxonomy":"product_cat","embeddable":true,"href":"https:\/\/hempking.eu\/pl\/wp-json\/wp\/v2\/product_cat?post=235579"},{"taxonomy":"product_tag","embeddable":true,"href":"https:\/\/hempking.eu\/pl\/wp-json\/wp\/v2\/product_tag?post=235579"}],"curies":[{"name":"wp","href":"https:\/\/api.w.org\/{rel}","templated":true}]}}