{"id":235580,"date":"2024-10-08T09:07:01","date_gmt":"2024-10-08T07:07:01","guid":{"rendered":"https:\/\/hempking.eu\/pl\/?post_type=product&#038;p=235580"},"modified":"2026-05-06T23:01:31","modified_gmt":"2026-05-06T21:01:31","slug":"witamina-d3-z-lanoliny-biowen-120-kapsulek","status":"publish","type":"product","link":"https:\/\/hempking.eu\/pl\/witamina-d3-z-lanoliny-biowen-120-kapsulek\/","title":{"rendered":"Witamina D3 z lanoliny Biowen - 120 kapsu\u0142ek"},"content":{"rendered":"<h2><b>Witamina D3 z lanoliny od Biowen \u2013 naturalne wsparcie dla odporno\u015bci<\/b><\/h2>\n<p><span style=\"font-weight: 400\">Witamina D3 od Biowen to suplement diety oparty na naturalnej witaminie D3 pozyskiwanej z lanoliny, zamkni\u0119ty w kapsu\u0142kach z \u017celatyny wo\u0142owej. Produkt nie jest wega\u0144ski. Witamina D3 Biowen stanowi \u015bwietny suplement wspieraj\u0105cy poziom tej wa\u017cnej witaminy w organizmie, w formie przyswajalnej przez organizm.<\/span><\/p>\n<p><b>Zalety suplementu:<\/b><\/p>\n<ul>\n<li style=\"font-weight: 400\"><b>W\u0142a\u015bciwo\u015bci witaminy D3<\/b><span style=\"font-weight: 400\"> &#8211; wspiera zdrowie ko\u015bci i z\u0119b\u00f3w, wp\u0142ywa na prawid\u0142owe funkcjonowanie uk\u0142adu odporno\u015bciowego oraz pomaga w utrzymaniu odpowiedniego poziomu wapnia we krwi.<\/span><\/li>\n<li style=\"font-weight: 400\"><b>Bezpieczne opakowanie<\/b><span style=\"font-weight: 400\"> &#8211; kapsu\u0142ki znajduj\u0105 si\u0119 w szklanym s\u0142oiku ze stalow\u0105 nakr\u0119tk\u0105, co eliminuje kontakt z plastikiem, zapewniaj\u0105c czysto\u015b\u0107 i ochron\u0119 przed zanieczyszczeniami.<\/span><\/li>\n<li style=\"font-weight: 400\"><b>Wysoka zawarto\u015b\u0107 witaminy D3<\/b><span style=\"font-weight: 400\"> &#8211; ka\u017cda kapsu\u0142ka zawiera a\u017c 4000 IU witaminy D3, co stanowi 2000% dziennego referencyjnego spo\u017cycia (RWS), zapewniaj\u0105c skuteczne wsparcie dla odporno\u015bci.<\/span><\/li>\n<\/ul>\n<h2><b>Kto powinien zwr\u00f3ci\u0107 szczeg\u00f3ln\u0105 uwag\u0119 na suplementacj\u0119 witamin\u0105 D?<\/b><\/h2>\n<p><span style=\"font-weight: 400\">Suplementacja witamin\u0105 D3 jest szczeg\u00f3lnie wa\u017cna dla os\u00f3b, kt\u00f3re:<\/span><\/p>\n<ul>\n<li style=\"font-weight: 400\"><span style=\"font-weight: 400\">Pracuj\u0105 codziennie w zamkni\u0119tych pomieszczeniach, bez kontaktu ze s\u0142o\u0144cem.<\/span><\/li>\n<li style=\"font-weight: 400\"><span style=\"font-weight: 400\">Maj\u0105 problemy z uk\u0142adem trawiennym, kt\u00f3re mog\u0105 powodowa\u0107 zaburzenia wch\u0142aniania sk\u0142adnik\u00f3w od\u017cywczych.<\/span><\/li>\n<li style=\"font-weight: 400\"><span style=\"font-weight: 400\">Prowadz\u0105 intensywny tryb \u017cycia, kt\u00f3ry mo\u017ce zwi\u0119ksza\u0107 zapotrzebowanie na witaminy i minera\u0142y.<\/span><\/li>\n<li style=\"font-weight: 400\"><span style=\"font-weight: 400\">Nie stosuj\u0105 dobrze zbilansowanej diety, ubogiej w \u017ar\u00f3d\u0142a witaminy D.<\/span><\/li>\n<li style=\"font-weight: 400\"><span style=\"font-weight: 400\">Unikaj\u0105 ekspozycji na s\u0142o\u0144ce, nawet latem, przebywaj\u0105c w cieniu, zakrywaj\u0105c cia\u0142o lub u\u017cywaj\u0105c filtr\u00f3w przeciws\u0142onecznych.<\/span><\/li>\n<li style=\"font-weight: 400\"><span style=\"font-weight: 400\">Mieszkaj\u0105 na szeroko\u015bci geograficznej Polski, gdzie nas\u0142onecznienie jest niewystarczaj\u0105ce do naturalnej syntezy witaminy D w sk\u00f3rze przez wi\u0119ksz\u0105 cz\u0119\u015b\u0107 roku.<\/span><\/li>\n<\/ul>\n<p><span style=\"font-weight: 400\">Je\u015bli identyfikujesz si\u0119 z kt\u00f3r\u0105kolwiek z tych grup, suplementacja witamin\u0105 D3 mo\u017ce by\u0107 dla Ciebie kluczowa.<\/span><\/p>\n<h2><b>Naturalna vs. syntetyczna witamina D3<\/b><\/h2>\n<p><span style=\"font-weight: 400\">Witamina D3 z lanoliny, uzyskiwana z naturalnych \u017ar\u00f3de\u0142, cechuje si\u0119 wy\u017csz\u0105 biodost\u0119pno\u015bci\u0105 ni\u017c jej syntetyczna forma, co oznacza, \u017ce organizm \u0142atwiej j\u0105 przyswaja i wykorzystuje. W por\u00f3wnaniu do tabletek, kt\u00f3re cz\u0119sto zawieraj\u0105 niepotrzebne wype\u0142niacze, Biowen stosuje formu\u0142\u0119 opart\u0105 na oliwie z oliwek, kt\u00f3ra jako no\u015bnik t\u0142uszczowy zapewnia optymalne wch\u0142anianie tej rozpuszczalnej w t\u0142uszczach witaminy. To sprawia, \u017ce suplementacja jest bardziej efektywna i przyjazna dla organizmu.\u00a0<\/span><\/p>\n<p><b>Producent\/ Podmiot odpowiedzialny:<\/b><\/p>\n<p><span style=\"font-weight: 400\">Biodio Lab Sp. z o.o.<\/span><span style=\"font-weight: 400\"><br \/>\n<\/span><span style=\"font-weight: 400\">Ul. Choroszcza\u0144ska 24<\/span><span style=\"font-weight: 400\"><br \/>\n<\/span><span style=\"font-weight: 400\">15-732 Bia\u0142ystok<\/span><\/p>\n<p>&nbsp;<\/p>\n","protected":false},"excerpt":{"rendered":"<h2><strong>Kapsu\u0142ki z witamin\u0105 D3 Biowen:<\/strong><\/h2>\n<ul>\n<li>witamina D3 z lanoliny, rozpuszczona w oliwie z oliwek,<\/li>\n<li>wygodne \u017celatynowe kapsu\u0142ki z odmierzon\u0105 porcj\u0105,<\/li>\n<li>czysty sk\u0142ad, bez zb\u0119dnych dodatk\u00f3w,<\/li>\n<li>kapsu\u0142ka bez karagenu,<\/li>\n<li>masa netto: 18 g.<\/li>\n<\/ul>\n<p><strong>Pojemno\u015b\u0107: 120 kapsu\u0142ek<\/strong><\/p>\n","protected":false},"featured_media":235569,"template":"","meta":{"_acf_changed":false},"product_brand":[],"product_cat":[439,437,34,148,450,144,408,416,96],"product_tag":[],"class_list":{"0":"post-235580","1":"product","2":"type-product","3":"status-publish","4":"has-post-thumbnail","6":"product_cat-biowen","7":"product_cat-marki","8":"product_cat-nowosci","9":"product_cat-suplementy-i-preparaty-na-odpornosc","10":"product_cat-suplementy-na-uklad-odpornosciowy","11":"product_cat-suplementy-i-preparaty-na-dolegliwosci","12":"product_cat-witaminy","13":"product_cat-witaminy-i-mineraly","14":"product_cat-suplementy","16":"first","17":"instock","18":"shipping-taxable","19":"purchasable","20":"product-type-simple"},"acf":[],"yoast_head":"<!-- This site is optimized with the Yoast SEO Premium plugin v24.8 (Yoast SEO v27.3) - https:\/\/yoast.com\/product\/yoast-seo-premium-wordpress\/ -->\n<title>Witamina D3 z lanoliny Biowen - 120 kapsu\u0142ek - Hemp King<\/title>\n<meta name=\"description\" content=\"Zobacz \u261b Witamina D3 z lanoliny Biowen - 120 kapsu\u0142ek w konopnym sklepie HempKing \u2705100% naturalne \u2705 Zadbaj z nami o swoj\u0105 diet\u0119!\" \/>\n<meta name=\"robots\" content=\"index, follow\" \/>\n<link rel=\"canonical\" href=\"https:\/\/hempking.eu\/pl\/witamina-d3-z-lanoliny-biowen-120-kapsulek\/\" \/>\n<meta property=\"og:locale\" content=\"pl_PL\" \/>\n<meta property=\"og:type\" content=\"article\" \/>\n<meta property=\"og:title\" content=\"Witamina D3 z lanoliny Biowen - 120 kapsu\u0142ek\" \/>\n<meta property=\"og:description\" content=\"Zobacz \u261b Witamina D3 z lanoliny Biowen - 120 kapsu\u0142ek w konopnym sklepie HempKing \u2705100% naturalne \u2705 Zadbaj z nami o swoj\u0105 diet\u0119!\" \/>\n<meta property=\"og:url\" content=\"https:\/\/hempking.eu\/pl\/witamina-d3-z-lanoliny-biowen-120-kapsulek\/\" \/>\n<meta property=\"og:site_name\" content=\"Hemp King\" \/>\n<meta property=\"article:publisher\" content=\"https:\/\/www.facebook.com\/hempkingpoland\" \/>\n<meta property=\"article:modified_time\" content=\"2026-05-06T21:01:31+00:00\" \/>\n<meta property=\"og:image\" content=\"https:\/\/hempking.eu\/pl\/wp-content\/uploads\/sites\/2\/2024\/10\/witamina_d3_hempking.jpg\" \/>\n\t<meta property=\"og:image:width\" content=\"1000\" \/>\n\t<meta property=\"og:image:height\" content=\"1000\" \/>\n\t<meta property=\"og:image:type\" content=\"image\/jpeg\" \/>\n<meta name=\"twitter:card\" content=\"summary_large_image\" \/>\n<meta name=\"twitter:site\" content=\"@hempkingeu\" \/>\n<meta name=\"twitter:label1\" content=\"Cena\" \/>\n\t<meta name=\"twitter:data1\" content=\"42.99&nbsp;&#122;&#322;\" \/>\n\t<meta name=\"twitter:label2\" content=\"Dost\u0119pno\u015b\u0107\" \/>\n\t<meta name=\"twitter:data2\" content=\"Dost\u0119pny\" \/>\n<script type=\"application\/ld+json\" class=\"yoast-schema-graph\">{\"@context\":\"https:\\\/\\\/schema.org\",\"@graph\":[{\"@type\":\"WebPage\",\"@id\":\"https:\\\/\\\/hempking.eu\\\/pl\\\/witamina-d3-z-lanoliny-biowen-120-kapsulek\\\/\",\"url\":\"https:\\\/\\\/hempking.eu\\\/pl\\\/witamina-d3-z-lanoliny-biowen-120-kapsulek\\\/\",\"name\":\"Witamina D3 z lanoliny Biowen - 120 kapsu\u0142ek - Hemp King\",\"isPartOf\":{\"@id\":\"https:\\\/\\\/hempking.eu\\\/pl\\\/#website\"},\"primaryImageOfPage\":{\"@id\":\"https:\\\/\\\/hempking.eu\\\/pl\\\/witamina-d3-z-lanoliny-biowen-120-kapsulek\\\/#primaryimage\"},\"image\":{\"@id\":\"https:\\\/\\\/hempking.eu\\\/pl\\\/witamina-d3-z-lanoliny-biowen-120-kapsulek\\\/#primaryimage\"},\"thumbnailUrl\":\"https:\\\/\\\/hempking.eu\\\/pl\\\/wp-content\\\/uploads\\\/sites\\\/2\\\/2024\\\/10\\\/witamina_d3_hempking.jpg\",\"datePublished\":\"2024-10-08T07:07:01+00:00\",\"dateModified\":\"2026-05-06T21:01:31+00:00\",\"description\":\"Zobacz \u261b Witamina D3 z lanoliny Biowen - 120 kapsu\u0142ek w konopnym sklepie HempKing \u2705100% naturalne \u2705 Zadbaj z nami o swoj\u0105 diet\u0119!\",\"breadcrumb\":{\"@id\":\"https:\\\/\\\/hempking.eu\\\/pl\\\/witamina-d3-z-lanoliny-biowen-120-kapsulek\\\/#breadcrumb\"},\"inLanguage\":\"pl-PL\",\"potentialAction\":[{\"@type\":\"ReadAction\",\"target\":[\"https:\\\/\\\/hempking.eu\\\/pl\\\/witamina-d3-z-lanoliny-biowen-120-kapsulek\\\/\"]}]},{\"@type\":\"ImageObject\",\"inLanguage\":\"pl-PL\",\"@id\":\"https:\\\/\\\/hempking.eu\\\/pl\\\/witamina-d3-z-lanoliny-biowen-120-kapsulek\\\/#primaryimage\",\"url\":\"https:\\\/\\\/hempking.eu\\\/pl\\\/wp-content\\\/uploads\\\/sites\\\/2\\\/2024\\\/10\\\/witamina_d3_hempking.jpg\",\"contentUrl\":\"https:\\\/\\\/hempking.eu\\\/pl\\\/wp-content\\\/uploads\\\/sites\\\/2\\\/2024\\\/10\\\/witamina_d3_hempking.jpg\",\"width\":1000,\"height\":1000,\"caption\":\"Witamina D3 Biowen w kapsu\u0142kach\"},{\"@type\":\"BreadcrumbList\",\"@id\":\"https:\\\/\\\/hempking.eu\\\/pl\\\/witamina-d3-z-lanoliny-biowen-120-kapsulek\\\/#breadcrumb\",\"itemListElement\":[{\"@type\":\"ListItem\",\"position\":1,\"name\":\"Home\",\"item\":\"https:\\\/\\\/hempking.eu\\\/pl\\\/\"},{\"@type\":\"ListItem\",\"position\":2,\"name\":\"Sklep\",\"item\":\"https:\\\/\\\/hempking.eu\\\/pl\\\/shop\\\/\"},{\"@type\":\"ListItem\",\"position\":3,\"name\":\"\ud83d\udd25OKAZJE\ud83d\udd25\",\"item\":\"https:\\\/\\\/hempking.eu\\\/pl\\\/okazje\\\/\"},{\"@type\":\"ListItem\",\"position\":4,\"name\":\"Nowo\u015bci\",\"item\":\"https:\\\/\\\/hempking.eu\\\/pl\\\/nowosci\\\/\"},{\"@type\":\"ListItem\",\"position\":5,\"name\":\"Witamina D3 z lanoliny Biowen - 120 kapsu\u0142ek\"}]},{\"@type\":\"WebSite\",\"@id\":\"https:\\\/\\\/hempking.eu\\\/pl\\\/#website\",\"url\":\"https:\\\/\\\/hempking.eu\\\/pl\\\/\",\"name\":\"Hemp King\",\"description\":\"\",\"publisher\":{\"@id\":\"https:\\\/\\\/hempking.eu\\\/pl\\\/#organization\"},\"potentialAction\":[{\"@type\":\"SearchAction\",\"target\":{\"@type\":\"EntryPoint\",\"urlTemplate\":\"https:\\\/\\\/hempking.eu\\\/pl\\\/?s={search_term_string}\"},\"query-input\":{\"@type\":\"PropertyValueSpecification\",\"valueRequired\":true,\"valueName\":\"search_term_string\"}}],\"inLanguage\":\"pl-PL\"},{\"@type\":\"Organization\",\"@id\":\"https:\\\/\\\/hempking.eu\\\/pl\\\/#organization\",\"name\":\"Hemp King\",\"url\":\"https:\\\/\\\/hempking.eu\\\/pl\\\/\",\"logo\":{\"@type\":\"ImageObject\",\"inLanguage\":\"pl-PL\",\"@id\":\"https:\\\/\\\/hempking.eu\\\/pl\\\/#\\\/schema\\\/logo\\\/image\\\/\",\"url\":\"https:\\\/\\\/hempking.eu\\\/pl\\\/wp-content\\\/uploads\\\/sites\\\/2\\\/2020\\\/05\\\/hempking.png\",\"contentUrl\":\"https:\\\/\\\/hempking.eu\\\/pl\\\/wp-content\\\/uploads\\\/sites\\\/2\\\/2020\\\/05\\\/hempking.png\",\"width\":148,\"height\":91,\"caption\":\"Hemp King\"},\"image\":{\"@id\":\"https:\\\/\\\/hempking.eu\\\/pl\\\/#\\\/schema\\\/logo\\\/image\\\/\"},\"sameAs\":[\"https:\\\/\\\/www.facebook.com\\\/hempkingpoland\",\"https:\\\/\\\/x.com\\\/hempkingeu\",\"https:\\\/\\\/www.instagram.com\\\/hempkingeu\\\/\",\"https:\\\/\\\/www.linkedin.com\\\/company\\\/hempking-eu\\\/mycompany\\\/\",\"https:\\\/\\\/pl.pinterest.com\\\/hempkingeu\\\/\",\"https:\\\/\\\/www.youtube.com\\\/channel\\\/UCUkeZA1fj4hSZfoYm0WpZ7w\"]}]}<\/script>\n<meta property=\"product:price:amount\" content=\"42.99\" \/>\n<meta property=\"product:price:currency\" content=\"PLN\" \/>\n<meta property=\"og:availability\" content=\"instock\" \/>\n<meta property=\"product:availability\" content=\"instock\" \/>\n<meta property=\"product:retailer_item_id\" content=\"5904806120809\" \/>\n<meta property=\"product:condition\" content=\"new\" \/>\n<!-- \/ Yoast SEO Premium plugin. -->","yoast_head_json":{"title":"Witamina D3 z lanoliny Biowen - 120 kapsu\u0142ek - Hemp King","description":"Zobacz \u261b Witamina D3 z lanoliny Biowen - 120 kapsu\u0142ek w konopnym sklepie HempKing \u2705100% naturalne \u2705 Zadbaj z nami o swoj\u0105 diet\u0119!","robots":{"index":"index","follow":"follow"},"canonical":"https:\/\/hempking.eu\/pl\/witamina-d3-z-lanoliny-biowen-120-kapsulek\/","og_locale":"pl_PL","og_type":"article","og_title":"Witamina D3 z lanoliny Biowen - 120 kapsu\u0142ek","og_description":"Zobacz \u261b Witamina D3 z lanoliny Biowen - 120 kapsu\u0142ek w konopnym sklepie HempKing \u2705100% naturalne \u2705 Zadbaj z nami o swoj\u0105 diet\u0119!","og_url":"https:\/\/hempking.eu\/pl\/witamina-d3-z-lanoliny-biowen-120-kapsulek\/","og_site_name":"Hemp King","article_publisher":"https:\/\/www.facebook.com\/hempkingpoland","article_modified_time":"2026-05-06T21:01:31+00:00","og_image":[{"width":1000,"height":1000,"url":"https:\/\/hempking.eu\/pl\/wp-content\/uploads\/sites\/2\/2024\/10\/witamina_d3_hempking.jpg","type":"image\/jpeg"}],"twitter_card":"summary_large_image","twitter_site":"@hempkingeu","twitter_misc":{"Cena":"42.99&nbsp;&#122;&#322;","Dost\u0119pno\u015b\u0107":"Dost\u0119pny"},"schema":{"@context":"https:\/\/schema.org","@graph":[{"@type":"WebPage","@id":"https:\/\/hempking.eu\/pl\/witamina-d3-z-lanoliny-biowen-120-kapsulek\/","url":"https:\/\/hempking.eu\/pl\/witamina-d3-z-lanoliny-biowen-120-kapsulek\/","name":"Witamina D3 z lanoliny Biowen - 120 kapsu\u0142ek - Hemp King","isPartOf":{"@id":"https:\/\/hempking.eu\/pl\/#website"},"primaryImageOfPage":{"@id":"https:\/\/hempking.eu\/pl\/witamina-d3-z-lanoliny-biowen-120-kapsulek\/#primaryimage"},"image":{"@id":"https:\/\/hempking.eu\/pl\/witamina-d3-z-lanoliny-biowen-120-kapsulek\/#primaryimage"},"thumbnailUrl":"https:\/\/hempking.eu\/pl\/wp-content\/uploads\/sites\/2\/2024\/10\/witamina_d3_hempking.jpg","datePublished":"2024-10-08T07:07:01+00:00","dateModified":"2026-05-06T21:01:31+00:00","description":"Zobacz \u261b Witamina D3 z lanoliny Biowen - 120 kapsu\u0142ek w konopnym sklepie HempKing \u2705100% naturalne \u2705 Zadbaj z nami o swoj\u0105 diet\u0119!","breadcrumb":{"@id":"https:\/\/hempking.eu\/pl\/witamina-d3-z-lanoliny-biowen-120-kapsulek\/#breadcrumb"},"inLanguage":"pl-PL","potentialAction":[{"@type":"ReadAction","target":["https:\/\/hempking.eu\/pl\/witamina-d3-z-lanoliny-biowen-120-kapsulek\/"]}]},{"@type":"ImageObject","inLanguage":"pl-PL","@id":"https:\/\/hempking.eu\/pl\/witamina-d3-z-lanoliny-biowen-120-kapsulek\/#primaryimage","url":"https:\/\/hempking.eu\/pl\/wp-content\/uploads\/sites\/2\/2024\/10\/witamina_d3_hempking.jpg","contentUrl":"https:\/\/hempking.eu\/pl\/wp-content\/uploads\/sites\/2\/2024\/10\/witamina_d3_hempking.jpg","width":1000,"height":1000,"caption":"Witamina D3 Biowen w kapsu\u0142kach"},{"@type":"BreadcrumbList","@id":"https:\/\/hempking.eu\/pl\/witamina-d3-z-lanoliny-biowen-120-kapsulek\/#breadcrumb","itemListElement":[{"@type":"ListItem","position":1,"name":"Home","item":"https:\/\/hempking.eu\/pl\/"},{"@type":"ListItem","position":2,"name":"Sklep","item":"https:\/\/hempking.eu\/pl\/shop\/"},{"@type":"ListItem","position":3,"name":"\ud83d\udd25OKAZJE\ud83d\udd25","item":"https:\/\/hempking.eu\/pl\/okazje\/"},{"@type":"ListItem","position":4,"name":"Nowo\u015bci","item":"https:\/\/hempking.eu\/pl\/nowosci\/"},{"@type":"ListItem","position":5,"name":"Witamina D3 z lanoliny Biowen - 120 kapsu\u0142ek"}]},{"@type":"WebSite","@id":"https:\/\/hempking.eu\/pl\/#website","url":"https:\/\/hempking.eu\/pl\/","name":"Hemp King","description":"","publisher":{"@id":"https:\/\/hempking.eu\/pl\/#organization"},"potentialAction":[{"@type":"SearchAction","target":{"@type":"EntryPoint","urlTemplate":"https:\/\/hempking.eu\/pl\/?s={search_term_string}"},"query-input":{"@type":"PropertyValueSpecification","valueRequired":true,"valueName":"search_term_string"}}],"inLanguage":"pl-PL"},{"@type":"Organization","@id":"https:\/\/hempking.eu\/pl\/#organization","name":"Hemp King","url":"https:\/\/hempking.eu\/pl\/","logo":{"@type":"ImageObject","inLanguage":"pl-PL","@id":"https:\/\/hempking.eu\/pl\/#\/schema\/logo\/image\/","url":"https:\/\/hempking.eu\/pl\/wp-content\/uploads\/sites\/2\/2020\/05\/hempking.png","contentUrl":"https:\/\/hempking.eu\/pl\/wp-content\/uploads\/sites\/2\/2020\/05\/hempking.png","width":148,"height":91,"caption":"Hemp King"},"image":{"@id":"https:\/\/hempking.eu\/pl\/#\/schema\/logo\/image\/"},"sameAs":["https:\/\/www.facebook.com\/hempkingpoland","https:\/\/x.com\/hempkingeu","https:\/\/www.instagram.com\/hempkingeu\/","https:\/\/www.linkedin.com\/company\/hempking-eu\/mycompany\/","https:\/\/pl.pinterest.com\/hempkingeu\/","https:\/\/www.youtube.com\/channel\/UCUkeZA1fj4hSZfoYm0WpZ7w"]}]},"product_price_amount":"42.99","product_price_currency":"PLN","og_availability":"instock","product_availability":"instock","product_retailer_item_id":"5904806120809","product_condition":"new"},"df_price":42.99,"df_sale_price":"","df_regular_price":42.99,"df_image_link":"https:\/\/hempking.eu\/pl\/wp-content\/uploads\/sites\/2\/2024\/10\/witamina_d3_hempking-300x300.jpg","_links":{"self":[{"href":"https:\/\/hempking.eu\/pl\/wp-json\/wp\/v2\/product\/235580","targetHints":{"allow":["GET"]}}],"collection":[{"href":"https:\/\/hempking.eu\/pl\/wp-json\/wp\/v2\/product"}],"about":[{"href":"https:\/\/hempking.eu\/pl\/wp-json\/wp\/v2\/types\/product"}],"wp:featuredmedia":[{"embeddable":true,"href":"https:\/\/hempking.eu\/pl\/wp-json\/wp\/v2\/media\/235569"}],"wp:attachment":[{"href":"https:\/\/hempking.eu\/pl\/wp-json\/wp\/v2\/media?parent=235580"}],"wp:term":[{"taxonomy":"product_brand","embeddable":true,"href":"https:\/\/hempking.eu\/pl\/wp-json\/wp\/v2\/product_brand?post=235580"},{"taxonomy":"product_cat","embeddable":true,"href":"https:\/\/hempking.eu\/pl\/wp-json\/wp\/v2\/product_cat?post=235580"},{"taxonomy":"product_tag","embeddable":true,"href":"https:\/\/hempking.eu\/pl\/wp-json\/wp\/v2\/product_tag?post=235580"}],"curies":[{"name":"wp","href":"https:\/\/api.w.org\/{rel}","templated":true}]}}