{"id":243170,"date":"2024-11-19T14:53:07","date_gmt":"2024-11-19T13:53:07","guid":{"rendered":"https:\/\/hempking.eu\/pl\/?post_type=product&#038;p=243170"},"modified":"2026-04-17T14:13:05","modified_gmt":"2026-04-17T12:13:05","slug":"olej-konopny-cbd-8-canna-harmony-5-cbd-2-cbda-1-cbg-natural-800-mg-10-ml-krotki-termin-waznosci","status":"publish","type":"product","link":"https:\/\/hempking.eu\/pl\/olej-konopny-cbd-8-canna-harmony-5-cbd-2-cbda-1-cbg-natural-800-mg-10-ml-krotki-termin-waznosci\/","title":{"rendered":"Olej konopny CBD 8% Canna Harmony 5% CBD + 2% CBDA + 1% CBG Natural 800 mg - 10 ml - Kr\u00f3tki termin wa\u017cno\u015bci"},"content":{"rendered":"<p style=\"text-align: justify\"><span style=\"font-weight: 400\">Wyobra\u017a sobie najczystsze zak\u0105tki naszego kraju. Z dala od ruchliwej drogi, blisko czystego strumienia, wielkie polne area\u0142y porastaj\u0105 wysokie na 3 metry konopie siewne. Ich li\u015bcie i kwiaty ogrzewaj\u0105 promienie s\u0142oneczne, kt\u00f3re pozwalaj\u0105 im wytworzy\u0107 dzia\u0142aj\u0105ce ze sob\u0105 w harmonii fitosk\u0142adniki. To w\u0142a\u015bnie te naturalne fitosk\u0142adniki z konopi zamkn\u0119li\u015bmy w <strong>oleju CBD Canna Harmony<\/strong>. To niewielka buteleczka o pojemno\u015bci 10 mililitr\u00f3w, kt\u00f3ra skrywa w sobie konopne tajemnice synergii prosto z natury.\u00a0<\/span><\/p>\n<p style=\"text-align: justify\"><span style=\"font-weight: 400\">Gdy nasze konopne pola s\u0105 pe\u0142ne dorodnych ro\u015blin, kt\u00f3re wzrasta\u0142y bez niepotrzebnej ingerencji cz\u0142owieka, zbieramy je i starannie selekcjonujemy, by nast\u0119pnie uzyska\u0107 wysokiej jako\u015bci olej konopny. Kwiatostany przechodz\u0105 starann\u0105 ekstrakcj\u0119 nowoczesnymi i bezpiecznymi metodami, dzi\u0119ki czemu w Twoich r\u0119kach mo\u017ce wyl\u0105dowa\u0107 <strong>olej CBD Canna Harmony 8%<\/strong>. Stosuj\u0105c go, mo\u017cesz korzysta\u0107 z ca\u0142ego dobrodziejstwa konopnego &#8211; to olej o pe\u0142nym spektrum fitosk\u0142adnik\u00f3w, z wyj\u0105tkow\u0105 standaryzacj\u0105 na<strong> 5% CBD, 2% CBDA oraz 1% CBG.\u00a0<\/strong><\/span><\/p>\n<p style=\"text-align: justify\"><span style=\"font-weight: 400\">Stosuj\u0105c <strong>Olej CBD Canna Harmony 8%<\/strong> mo\u017cesz cieszy\u0107 si\u0119 konopnym produktem, kt\u00f3ry zawiera bogaty bukiet korzy\u015bci. Z konopi korzystali ju\u017c nasi przodkowie, gdy przed wiekami uprawiali t\u0119 ro\u015blin\u0119 i wykorzystywali w przypadku r\u00f3\u017cnego rodzaju potrzeb. Dzisiaj ju\u017c wiemy, jak cenna jest ta ro\u015blina. A nasze wieloletnie do\u015bwiadczenie sprawia, \u017ce mo\u017cemy Ci wr\u0119czy\u0107 produkt, kt\u00f3rego czysto\u015b\u0107 i jako\u015b\u0107 jest dla nas najwa\u017cniejsza i za ka\u017cdym razem rygorystycznie przez nas sprawdzana.<\/span><\/p>\n<p style=\"text-align: justify\"><strong>Canna Harmony to seria olejk\u00f3w CBD, kt\u00f3re \u0142\u0105cz\u0105 w sobie harmoni\u0119 fitosk\u0142adnik\u00f3w z ca\u0142ego konopnego wachlarza i pozwalaj\u0105 poczu\u0107 Ci harmoni\u0119 z natur\u0105.\u00a0<\/strong><\/p>\n<p><strong>Producent\/ Podmiot odpowiedzialny:<\/strong><\/p>\n<p>Biodio Lab Sp. z o.o.<br \/>\nUl. Choroszcza\u0144ska 24<br \/>\n15-732 Bia\u0142ystok<\/p>\n","protected":false},"excerpt":{"rendered":"<h2>Kr\u00f3tka data wa\u017cno\u015bci: 04\/2026<\/h2>\n<h2><strong>Canna Harmony 8%:<\/strong><\/h2>\n<ul>\n<li>standaryzacja na 3 fitosk\u0142adniki: 5% CBD, 2% CBDA i 1% CBG<\/li>\n<li>olej konopny wp\u0142ywa pozytywnie na sk\u00f3r\u0119, cholesterol, odporno\u015b\u0107 i uk\u0142ad sercowo-naczyniowy oraz mi\u0119\u015bnie i stawy,<\/li>\n<li>naturalny, bez zb\u0119dnych dodatk\u00f3w,<\/li>\n<li>full spectrum &#8211; zawiera ca\u0142e spektrum fitosk\u0142adnikow konopnych,<\/li>\n<li>1 kropla = 4 mg fitosk\u0142adnik\u00f3w,<\/li>\n<li>butelka zawiera ok. 200 kropli,<\/li>\n<li>czas stosowania: ok. 2 miesi\u0105ce.<\/li>\n<\/ul>\n<p><strong>Pojemno\u015b\u0107: 10 ml<\/strong><\/p>\n","protected":false},"featured_media":141686,"template":"","meta":{"_acf_changed":false},"product_brand":[],"product_cat":[101,460],"product_tag":[],"class_list":{"0":"post-243170","1":"product","2":"type-product","3":"status-publish","4":"has-post-thumbnail","6":"product_cat-last-minute","7":"product_cat-okazje","9":"first","10":"outofstock","11":"sale","12":"shipping-taxable","13":"purchasable","14":"product-type-simple"},"acf":[],"yoast_head":"<!-- This site is optimized with the Yoast SEO Premium plugin v24.8 (Yoast SEO v27.3) - https:\/\/yoast.com\/product\/yoast-seo-premium-wordpress\/ -->\n<title>Olej konopny CBD 8% Canna Harmony 5% CBD + 2% CBDA + 1G<\/title>\n<meta name=\"description\" content=\"Zobacz \u261b Olej konopny CBD 8% Canna Harmony 5% CBD + 2% CBDA + 1% CBG Natural 800 mg - 10 ml - Kr\u00f3tki termin wa\u017cno\u015bci w konopnym sklepie HempKing \u2705100% naturalne \u2705 Zadbaj z nami o swoj\u0105 diet\u0119!\" \/>\n<meta name=\"robots\" content=\"index, follow\" \/>\n<link rel=\"canonical\" href=\"https:\/\/hempking.eu\/pl\/olej-konopny-cbd-8-canna-harmony-5-cbd-2-cbda-1-cbg-natural-800-mg-10-ml-krotki-termin-waznosci\/\" \/>\n<meta property=\"og:locale\" content=\"pl_PL\" \/>\n<meta property=\"og:type\" content=\"article\" \/>\n<meta property=\"og:title\" content=\"Olej konopny CBD 8% Canna Harmony 5% CBD + 2% CBDA + 1% CBG Natural 800 mg - 10 ml - Kr\u00f3tki termin wa\u017cno\u015bci\" \/>\n<meta property=\"og:description\" content=\"Zobacz \u261b Olej konopny CBD 8% Canna Harmony 5% CBD + 2% CBDA + 1% CBG Natural 800 mg - 10 ml - Kr\u00f3tki termin wa\u017cno\u015bci w konopnym sklepie HempKing \u2705100% naturalne \u2705 Zadbaj z nami o swoj\u0105 diet\u0119!\" \/>\n<meta property=\"og:url\" content=\"https:\/\/hempking.eu\/pl\/olej-konopny-cbd-8-canna-harmony-5-cbd-2-cbda-1-cbg-natural-800-mg-10-ml-krotki-termin-waznosci\/\" \/>\n<meta property=\"og:site_name\" content=\"Hemp King\" \/>\n<meta property=\"article:publisher\" content=\"https:\/\/www.facebook.com\/hempkingpoland\" \/>\n<meta property=\"article:modified_time\" content=\"2026-04-17T12:13:05+00:00\" \/>\n<meta property=\"og:image\" content=\"https:\/\/hempking.eu\/pl\/wp-content\/uploads\/sites\/2\/2023\/06\/cbd_8.jpg\" \/>\n\t<meta property=\"og:image:width\" content=\"1000\" \/>\n\t<meta property=\"og:image:height\" content=\"1000\" \/>\n\t<meta property=\"og:image:type\" content=\"image\/jpeg\" \/>\n<meta name=\"twitter:card\" content=\"summary_large_image\" \/>\n<meta name=\"twitter:site\" content=\"@hempkingeu\" \/>\n<meta name=\"twitter:label1\" content=\"Cena\" \/>\n\t<meta name=\"twitter:data1\" content=\"77.35&nbsp;&#122;&#322;\" \/>\n\t<meta name=\"twitter:label2\" content=\"Dost\u0119pno\u015b\u0107\" \/>\n\t<meta name=\"twitter:data2\" content=\"Brak w magazynie\" \/>\n<script type=\"application\/ld+json\" class=\"yoast-schema-graph\">{\"@context\":\"https:\\\/\\\/schema.org\",\"@graph\":[{\"@type\":\"WebPage\",\"@id\":\"https:\\\/\\\/hempking.eu\\\/pl\\\/olej-konopny-cbd-8-canna-harmony-5-cbd-2-cbda-1-cbg-natural-800-mg-10-ml-krotki-termin-waznosci\\\/\",\"url\":\"https:\\\/\\\/hempking.eu\\\/pl\\\/olej-konopny-cbd-8-canna-harmony-5-cbd-2-cbda-1-cbg-natural-800-mg-10-ml-krotki-termin-waznosci\\\/\",\"name\":\"Olej konopny CBD 8% Canna Harmony 5% CBD + 2% CBDA + 1G\",\"isPartOf\":{\"@id\":\"https:\\\/\\\/hempking.eu\\\/pl\\\/#website\"},\"primaryImageOfPage\":{\"@id\":\"https:\\\/\\\/hempking.eu\\\/pl\\\/olej-konopny-cbd-8-canna-harmony-5-cbd-2-cbda-1-cbg-natural-800-mg-10-ml-krotki-termin-waznosci\\\/#primaryimage\"},\"image\":{\"@id\":\"https:\\\/\\\/hempking.eu\\\/pl\\\/olej-konopny-cbd-8-canna-harmony-5-cbd-2-cbda-1-cbg-natural-800-mg-10-ml-krotki-termin-waznosci\\\/#primaryimage\"},\"thumbnailUrl\":\"https:\\\/\\\/hempking.eu\\\/pl\\\/wp-content\\\/uploads\\\/sites\\\/2\\\/2023\\\/06\\\/cbd_8.jpg\",\"datePublished\":\"2024-11-19T13:53:07+00:00\",\"dateModified\":\"2026-04-17T12:13:05+00:00\",\"description\":\"Zobacz \u261b Olej konopny CBD 8% Canna Harmony 5% CBD + 2% CBDA + 1% CBG Natural 800 mg - 10 ml - Kr\u00f3tki termin wa\u017cno\u015bci w konopnym sklepie HempKing \u2705100% naturalne \u2705 Zadbaj z nami o swoj\u0105 diet\u0119!\",\"breadcrumb\":{\"@id\":\"https:\\\/\\\/hempking.eu\\\/pl\\\/olej-konopny-cbd-8-canna-harmony-5-cbd-2-cbda-1-cbg-natural-800-mg-10-ml-krotki-termin-waznosci\\\/#breadcrumb\"},\"inLanguage\":\"pl-PL\",\"potentialAction\":[{\"@type\":\"ReadAction\",\"target\":[\"https:\\\/\\\/hempking.eu\\\/pl\\\/olej-konopny-cbd-8-canna-harmony-5-cbd-2-cbda-1-cbg-natural-800-mg-10-ml-krotki-termin-waznosci\\\/\"]}]},{\"@type\":\"ImageObject\",\"inLanguage\":\"pl-PL\",\"@id\":\"https:\\\/\\\/hempking.eu\\\/pl\\\/olej-konopny-cbd-8-canna-harmony-5-cbd-2-cbda-1-cbg-natural-800-mg-10-ml-krotki-termin-waznosci\\\/#primaryimage\",\"url\":\"https:\\\/\\\/hempking.eu\\\/pl\\\/wp-content\\\/uploads\\\/sites\\\/2\\\/2023\\\/06\\\/cbd_8.jpg\",\"contentUrl\":\"https:\\\/\\\/hempking.eu\\\/pl\\\/wp-content\\\/uploads\\\/sites\\\/2\\\/2023\\\/06\\\/cbd_8.jpg\",\"width\":1000,\"height\":1000,\"caption\":\"Olej CBD 8% Canna Harmony Hempking 10 ml\"},{\"@type\":\"BreadcrumbList\",\"@id\":\"https:\\\/\\\/hempking.eu\\\/pl\\\/olej-konopny-cbd-8-canna-harmony-5-cbd-2-cbda-1-cbg-natural-800-mg-10-ml-krotki-termin-waznosci\\\/#breadcrumb\",\"itemListElement\":[{\"@type\":\"ListItem\",\"position\":1,\"name\":\"Home\",\"item\":\"https:\\\/\\\/hempking.eu\\\/pl\\\/\"},{\"@type\":\"ListItem\",\"position\":2,\"name\":\"Sklep\",\"item\":\"https:\\\/\\\/hempking.eu\\\/pl\\\/shop\\\/\"},{\"@type\":\"ListItem\",\"position\":3,\"name\":\"\ud83d\udd25OKAZJE\ud83d\udd25\",\"item\":\"https:\\\/\\\/hempking.eu\\\/pl\\\/okazje\\\/\"},{\"@type\":\"ListItem\",\"position\":4,\"name\":\"\ud83d\udcb2Wyprzeda\u017c\",\"item\":\"https:\\\/\\\/hempking.eu\\\/pl\\\/last-minute\\\/\"},{\"@type\":\"ListItem\",\"position\":5,\"name\":\"Olej konopny CBD 8% Canna Harmony 5% CBD + 2% CBDA + 1% CBG Natural 800 mg - 10 ml - Kr\u00f3tki termin wa\u017cno\u015bci\"}]},{\"@type\":\"WebSite\",\"@id\":\"https:\\\/\\\/hempking.eu\\\/pl\\\/#website\",\"url\":\"https:\\\/\\\/hempking.eu\\\/pl\\\/\",\"name\":\"Hemp King\",\"description\":\"\",\"publisher\":{\"@id\":\"https:\\\/\\\/hempking.eu\\\/pl\\\/#organization\"},\"potentialAction\":[{\"@type\":\"SearchAction\",\"target\":{\"@type\":\"EntryPoint\",\"urlTemplate\":\"https:\\\/\\\/hempking.eu\\\/pl\\\/?s={search_term_string}\"},\"query-input\":{\"@type\":\"PropertyValueSpecification\",\"valueRequired\":true,\"valueName\":\"search_term_string\"}}],\"inLanguage\":\"pl-PL\"},{\"@type\":\"Organization\",\"@id\":\"https:\\\/\\\/hempking.eu\\\/pl\\\/#organization\",\"name\":\"Hemp King\",\"url\":\"https:\\\/\\\/hempking.eu\\\/pl\\\/\",\"logo\":{\"@type\":\"ImageObject\",\"inLanguage\":\"pl-PL\",\"@id\":\"https:\\\/\\\/hempking.eu\\\/pl\\\/#\\\/schema\\\/logo\\\/image\\\/\",\"url\":\"https:\\\/\\\/hempking.eu\\\/pl\\\/wp-content\\\/uploads\\\/sites\\\/2\\\/2020\\\/05\\\/hempking.png\",\"contentUrl\":\"https:\\\/\\\/hempking.eu\\\/pl\\\/wp-content\\\/uploads\\\/sites\\\/2\\\/2020\\\/05\\\/hempking.png\",\"width\":148,\"height\":91,\"caption\":\"Hemp King\"},\"image\":{\"@id\":\"https:\\\/\\\/hempking.eu\\\/pl\\\/#\\\/schema\\\/logo\\\/image\\\/\"},\"sameAs\":[\"https:\\\/\\\/www.facebook.com\\\/hempkingpoland\",\"https:\\\/\\\/x.com\\\/hempkingeu\",\"https:\\\/\\\/www.instagram.com\\\/hempkingeu\\\/\",\"https:\\\/\\\/www.linkedin.com\\\/company\\\/hempking-eu\\\/mycompany\\\/\",\"https:\\\/\\\/pl.pinterest.com\\\/hempkingeu\\\/\",\"https:\\\/\\\/www.youtube.com\\\/channel\\\/UCUkeZA1fj4hSZfoYm0WpZ7w\"]}]}<\/script>\n<meta property=\"product:price:amount\" content=\"77.35\" \/>\n<meta property=\"product:price:currency\" content=\"PLN\" \/>\n<meta property=\"og:availability\" content=\"out of stock\" \/>\n<meta property=\"product:availability\" content=\"out of stock\" \/>\n<meta property=\"product:retailer_item_id\" content=\"0007896\" \/>\n<meta property=\"product:condition\" content=\"new\" \/>\n<!-- \/ Yoast SEO Premium plugin. -->","yoast_head_json":{"title":"Olej konopny CBD 8% Canna Harmony 5% CBD + 2% CBDA + 1G","description":"Zobacz \u261b Olej konopny CBD 8% Canna Harmony 5% CBD + 2% CBDA + 1% CBG Natural 800 mg - 10 ml - Kr\u00f3tki termin wa\u017cno\u015bci w konopnym sklepie HempKing \u2705100% naturalne \u2705 Zadbaj z nami o swoj\u0105 diet\u0119!","robots":{"index":"index","follow":"follow"},"canonical":"https:\/\/hempking.eu\/pl\/olej-konopny-cbd-8-canna-harmony-5-cbd-2-cbda-1-cbg-natural-800-mg-10-ml-krotki-termin-waznosci\/","og_locale":"pl_PL","og_type":"article","og_title":"Olej konopny CBD 8% Canna Harmony 5% CBD + 2% CBDA + 1% CBG Natural 800 mg - 10 ml - Kr\u00f3tki termin wa\u017cno\u015bci","og_description":"Zobacz \u261b Olej konopny CBD 8% Canna Harmony 5% CBD + 2% CBDA + 1% CBG Natural 800 mg - 10 ml - Kr\u00f3tki termin wa\u017cno\u015bci w konopnym sklepie HempKing \u2705100% naturalne \u2705 Zadbaj z nami o swoj\u0105 diet\u0119!","og_url":"https:\/\/hempking.eu\/pl\/olej-konopny-cbd-8-canna-harmony-5-cbd-2-cbda-1-cbg-natural-800-mg-10-ml-krotki-termin-waznosci\/","og_site_name":"Hemp King","article_publisher":"https:\/\/www.facebook.com\/hempkingpoland","article_modified_time":"2026-04-17T12:13:05+00:00","og_image":[{"width":1000,"height":1000,"url":"https:\/\/hempking.eu\/pl\/wp-content\/uploads\/sites\/2\/2023\/06\/cbd_8.jpg","type":"image\/jpeg"}],"twitter_card":"summary_large_image","twitter_site":"@hempkingeu","twitter_misc":{"Cena":"77.35&nbsp;&#122;&#322;","Dost\u0119pno\u015b\u0107":"Brak w magazynie"},"schema":{"@context":"https:\/\/schema.org","@graph":[{"@type":"WebPage","@id":"https:\/\/hempking.eu\/pl\/olej-konopny-cbd-8-canna-harmony-5-cbd-2-cbda-1-cbg-natural-800-mg-10-ml-krotki-termin-waznosci\/","url":"https:\/\/hempking.eu\/pl\/olej-konopny-cbd-8-canna-harmony-5-cbd-2-cbda-1-cbg-natural-800-mg-10-ml-krotki-termin-waznosci\/","name":"Olej konopny CBD 8% Canna Harmony 5% CBD + 2% CBDA + 1G","isPartOf":{"@id":"https:\/\/hempking.eu\/pl\/#website"},"primaryImageOfPage":{"@id":"https:\/\/hempking.eu\/pl\/olej-konopny-cbd-8-canna-harmony-5-cbd-2-cbda-1-cbg-natural-800-mg-10-ml-krotki-termin-waznosci\/#primaryimage"},"image":{"@id":"https:\/\/hempking.eu\/pl\/olej-konopny-cbd-8-canna-harmony-5-cbd-2-cbda-1-cbg-natural-800-mg-10-ml-krotki-termin-waznosci\/#primaryimage"},"thumbnailUrl":"https:\/\/hempking.eu\/pl\/wp-content\/uploads\/sites\/2\/2023\/06\/cbd_8.jpg","datePublished":"2024-11-19T13:53:07+00:00","dateModified":"2026-04-17T12:13:05+00:00","description":"Zobacz \u261b Olej konopny CBD 8% Canna Harmony 5% CBD + 2% CBDA + 1% CBG Natural 800 mg - 10 ml - Kr\u00f3tki termin wa\u017cno\u015bci w konopnym sklepie HempKing \u2705100% naturalne \u2705 Zadbaj z nami o swoj\u0105 diet\u0119!","breadcrumb":{"@id":"https:\/\/hempking.eu\/pl\/olej-konopny-cbd-8-canna-harmony-5-cbd-2-cbda-1-cbg-natural-800-mg-10-ml-krotki-termin-waznosci\/#breadcrumb"},"inLanguage":"pl-PL","potentialAction":[{"@type":"ReadAction","target":["https:\/\/hempking.eu\/pl\/olej-konopny-cbd-8-canna-harmony-5-cbd-2-cbda-1-cbg-natural-800-mg-10-ml-krotki-termin-waznosci\/"]}]},{"@type":"ImageObject","inLanguage":"pl-PL","@id":"https:\/\/hempking.eu\/pl\/olej-konopny-cbd-8-canna-harmony-5-cbd-2-cbda-1-cbg-natural-800-mg-10-ml-krotki-termin-waznosci\/#primaryimage","url":"https:\/\/hempking.eu\/pl\/wp-content\/uploads\/sites\/2\/2023\/06\/cbd_8.jpg","contentUrl":"https:\/\/hempking.eu\/pl\/wp-content\/uploads\/sites\/2\/2023\/06\/cbd_8.jpg","width":1000,"height":1000,"caption":"Olej CBD 8% Canna Harmony Hempking 10 ml"},{"@type":"BreadcrumbList","@id":"https:\/\/hempking.eu\/pl\/olej-konopny-cbd-8-canna-harmony-5-cbd-2-cbda-1-cbg-natural-800-mg-10-ml-krotki-termin-waznosci\/#breadcrumb","itemListElement":[{"@type":"ListItem","position":1,"name":"Home","item":"https:\/\/hempking.eu\/pl\/"},{"@type":"ListItem","position":2,"name":"Sklep","item":"https:\/\/hempking.eu\/pl\/shop\/"},{"@type":"ListItem","position":3,"name":"\ud83d\udd25OKAZJE\ud83d\udd25","item":"https:\/\/hempking.eu\/pl\/okazje\/"},{"@type":"ListItem","position":4,"name":"\ud83d\udcb2Wyprzeda\u017c","item":"https:\/\/hempking.eu\/pl\/last-minute\/"},{"@type":"ListItem","position":5,"name":"Olej konopny CBD 8% Canna Harmony 5% CBD + 2% CBDA + 1% CBG Natural 800 mg - 10 ml - Kr\u00f3tki termin wa\u017cno\u015bci"}]},{"@type":"WebSite","@id":"https:\/\/hempking.eu\/pl\/#website","url":"https:\/\/hempking.eu\/pl\/","name":"Hemp King","description":"","publisher":{"@id":"https:\/\/hempking.eu\/pl\/#organization"},"potentialAction":[{"@type":"SearchAction","target":{"@type":"EntryPoint","urlTemplate":"https:\/\/hempking.eu\/pl\/?s={search_term_string}"},"query-input":{"@type":"PropertyValueSpecification","valueRequired":true,"valueName":"search_term_string"}}],"inLanguage":"pl-PL"},{"@type":"Organization","@id":"https:\/\/hempking.eu\/pl\/#organization","name":"Hemp King","url":"https:\/\/hempking.eu\/pl\/","logo":{"@type":"ImageObject","inLanguage":"pl-PL","@id":"https:\/\/hempking.eu\/pl\/#\/schema\/logo\/image\/","url":"https:\/\/hempking.eu\/pl\/wp-content\/uploads\/sites\/2\/2020\/05\/hempking.png","contentUrl":"https:\/\/hempking.eu\/pl\/wp-content\/uploads\/sites\/2\/2020\/05\/hempking.png","width":148,"height":91,"caption":"Hemp King"},"image":{"@id":"https:\/\/hempking.eu\/pl\/#\/schema\/logo\/image\/"},"sameAs":["https:\/\/www.facebook.com\/hempkingpoland","https:\/\/x.com\/hempkingeu","https:\/\/www.instagram.com\/hempkingeu\/","https:\/\/www.linkedin.com\/company\/hempking-eu\/mycompany\/","https:\/\/pl.pinterest.com\/hempkingeu\/","https:\/\/www.youtube.com\/channel\/UCUkeZA1fj4hSZfoYm0WpZ7w"]}]},"product_price_amount":"77.35","product_price_currency":"PLN","og_availability":"out of stock","product_availability":"out of stock","product_retailer_item_id":"0007896","product_condition":"new"},"df_price":77.35,"df_sale_price":77.35,"df_regular_price":119,"df_image_link":"https:\/\/hempking.eu\/pl\/wp-content\/uploads\/sites\/2\/2023\/06\/cbd_8-300x300.jpg","_links":{"self":[{"href":"https:\/\/hempking.eu\/pl\/wp-json\/wp\/v2\/product\/243170","targetHints":{"allow":["GET"]}}],"collection":[{"href":"https:\/\/hempking.eu\/pl\/wp-json\/wp\/v2\/product"}],"about":[{"href":"https:\/\/hempking.eu\/pl\/wp-json\/wp\/v2\/types\/product"}],"wp:featuredmedia":[{"embeddable":true,"href":"https:\/\/hempking.eu\/pl\/wp-json\/wp\/v2\/media\/141686"}],"wp:attachment":[{"href":"https:\/\/hempking.eu\/pl\/wp-json\/wp\/v2\/media?parent=243170"}],"wp:term":[{"taxonomy":"product_brand","embeddable":true,"href":"https:\/\/hempking.eu\/pl\/wp-json\/wp\/v2\/product_brand?post=243170"},{"taxonomy":"product_cat","embeddable":true,"href":"https:\/\/hempking.eu\/pl\/wp-json\/wp\/v2\/product_cat?post=243170"},{"taxonomy":"product_tag","embeddable":true,"href":"https:\/\/hempking.eu\/pl\/wp-json\/wp\/v2\/product_tag?post=243170"}],"curies":[{"name":"wp","href":"https:\/\/api.w.org\/{rel}","templated":true}]}}