{"id":243325,"date":"2024-11-21T10:52:35","date_gmt":"2024-11-21T09:52:35","guid":{"rendered":"https:\/\/hempking.eu\/pl\/?post_type=product&#038;p=243325"},"modified":"2026-04-18T21:15:02","modified_gmt":"2026-04-18T19:15:02","slug":"zestaw-dla-babci-i-dziadka-biowen","status":"publish","type":"product","link":"https:\/\/hempking.eu\/pl\/zestaw-dla-babci-i-dziadka-biowen\/","title":{"rendered":"Zestaw dla Babci i Dziadka Biowen"},"content":{"rendered":"<p><span style=\"font-weight: 400\">Podaruj ukochanym seniorom trosk\u0119 i wsparcie zdrowia w najlepszym wydaniu! <\/span><b>Zestaw dla Babci i Dziadka<\/b><span style=\"font-weight: 400\"> to harmonijne po\u0142\u0105czenie dw\u00f3ch wysokiej jako\u015bci suplement\u00f3w: <\/span><b>Cardiovita Complex<\/b><span style=\"font-weight: 400\"> oraz <\/span><b>Cholestovit Complex<\/b><span style=\"font-weight: 400\">, kt\u00f3re wspieraj\u0105 zdrowie serca, uk\u0142adu kr\u0105\u017cenia i poziom cholesterolu. Opracowany specjalnie z my\u015bl\u0105 o seniorach, zestaw pomaga dba\u0107 o kluczowe aspekty zdrowia w spos\u00f3b skuteczny, naturalny i bezpieczny.<\/span><\/p>\n<p><span style=\"font-weight: 400\">Produkty zapakowane s\u0105 w elegancki, stylowy kartonik, kt\u00f3ry nie tylko chroni zawarto\u015b\u0107, ale r\u00f3wnie\u017c sprawia, \u017ce zestaw jest gotowy do wr\u0119czenia jako prezent. Minimalistyczny design podkre\u015bla jako\u015b\u0107 produkt\u00f3w i czyni zestaw idealnym upominkiem dla babci i dziadka \u2013 zar\u00f3wno na wyj\u0105tkowe okazje, jak i bez szczeg\u00f3lnego powodu, by wyrazi\u0107 swoj\u0105 mi\u0142o\u015b\u0107 i trosk\u0119.<\/span><\/p>\n<h2><b>Dla kogo jest ten zestaw?<\/b><\/h2>\n<p><span style=\"font-weight: 400\">Zestaw \u201eDla Babci i Dziadka\u201d to doskona\u0142y wyb\u00f3r:<\/span><\/p>\n<ul>\n<li style=\"font-weight: 400\"><span style=\"font-weight: 400\">dla senior\u00f3w, kt\u00f3rzy chc\u0105 zadba\u0107 o zdrowie swojego serca i uk\u0142adu kr\u0105\u017cenia,<\/span><\/li>\n<li style=\"font-weight: 400\"><span style=\"font-weight: 400\">dla os\u00f3b dbaj\u0105cych o utrzymanie zdrowego poziomu cholesterolu,<\/span><\/li>\n<li style=\"font-weight: 400\"><span style=\"font-weight: 400\">dla dziadk\u00f3w, kt\u00f3rym chcesz podarowa\u0107 wyj\u0105tkowy prezent pe\u0142en troski o ich dobre samopoczucie.<\/span><\/li>\n<\/ul>\n","protected":false},"excerpt":{"rendered":"<h2>Zestaw dla seniora:<\/h2>\n<ul>\n<li>zawiera pe\u0142nowarto\u015bciowe produkty na uk\u0142ad kr\u0105\u017cenia i cholesterol,<\/li>\n<li>czysty sk\u0142ad suplement\u00f3w,<\/li>\n<li>eleganckie opakowanie, idealne na prezent!<\/li>\n<\/ul>\n","protected":false},"featured_media":243489,"template":"","meta":{"_acf_changed":false},"product_brand":[],"product_cat":[439,34,446,280,33,150,151,152],"product_tag":[],"class_list":{"0":"post-243325","1":"product","2":"type-product","3":"status-publish","4":"has-post-thumbnail","6":"product_cat-biowen","7":"product_cat-nowosci","8":"product_cat-suplementy-na-uklad-krazenia","9":"product_cat-wielopaki","10":"product_cat-zestawy","11":"product_cat-zestawy-dla-kobiet","12":"product_cat-zestawy-dla-mezczyzn","13":"product_cat-zestawy-prezentowe","15":"first","16":"instock","17":"shipping-taxable","18":"purchasable","19":"product-type-simple"},"acf":[],"yoast_head":"<!-- This site is optimized with the Yoast SEO Premium plugin v24.8 (Yoast SEO v27.3) - https:\/\/yoast.com\/product\/yoast-seo-premium-wordpress\/ -->\n<title>Zestaw dla Babci i Dziadka Biowen - Hemp King<\/title>\n<meta name=\"description\" content=\"Zobacz \u261b Zestaw dla Babci i Dziadka Biowen w konopnym sklepie HempKing \u2705100% naturalne \u2705 Zadbaj z nami o swoj\u0105 diet\u0119!\" \/>\n<meta name=\"robots\" content=\"index, follow\" \/>\n<link rel=\"canonical\" href=\"https:\/\/hempking.eu\/pl\/zestaw-dla-babci-i-dziadka-biowen\/\" \/>\n<meta property=\"og:locale\" content=\"pl_PL\" \/>\n<meta property=\"og:type\" content=\"article\" \/>\n<meta property=\"og:title\" content=\"Zestaw dla Babci i Dziadka Biowen\" \/>\n<meta property=\"og:description\" content=\"Zobacz \u261b Zestaw dla Babci i Dziadka Biowen w konopnym sklepie HempKing \u2705100% naturalne \u2705 Zadbaj z nami o swoj\u0105 diet\u0119!\" \/>\n<meta property=\"og:url\" content=\"https:\/\/hempking.eu\/pl\/zestaw-dla-babci-i-dziadka-biowen\/\" \/>\n<meta property=\"og:site_name\" content=\"Hemp King\" \/>\n<meta property=\"article:publisher\" content=\"https:\/\/www.facebook.com\/hempkingpoland\" \/>\n<meta property=\"article:modified_time\" content=\"2026-04-18T19:15:02+00:00\" \/>\n<meta property=\"og:image\" content=\"https:\/\/hempking.eu\/pl\/wp-content\/uploads\/sites\/2\/2024\/11\/1000x1000_zestaw_5.jpg\" \/>\n\t<meta property=\"og:image:width\" content=\"1000\" \/>\n\t<meta property=\"og:image:height\" content=\"1000\" \/>\n\t<meta property=\"og:image:type\" content=\"image\/jpeg\" \/>\n<meta name=\"twitter:card\" content=\"summary_large_image\" \/>\n<meta name=\"twitter:site\" content=\"@hempkingeu\" \/>\n<meta name=\"twitter:label1\" content=\"Cena\" \/>\n\t<meta name=\"twitter:data1\" content=\"136.90&nbsp;&#122;&#322;\" \/>\n\t<meta name=\"twitter:label2\" content=\"Dost\u0119pno\u015b\u0107\" \/>\n\t<meta name=\"twitter:data2\" content=\"Dost\u0119pny\" \/>\n<script type=\"application\/ld+json\" class=\"yoast-schema-graph\">{\"@context\":\"https:\\\/\\\/schema.org\",\"@graph\":[{\"@type\":\"WebPage\",\"@id\":\"https:\\\/\\\/hempking.eu\\\/pl\\\/zestaw-dla-babci-i-dziadka-biowen\\\/\",\"url\":\"https:\\\/\\\/hempking.eu\\\/pl\\\/zestaw-dla-babci-i-dziadka-biowen\\\/\",\"name\":\"Zestaw dla Babci i Dziadka Biowen - Hemp King\",\"isPartOf\":{\"@id\":\"https:\\\/\\\/hempking.eu\\\/pl\\\/#website\"},\"primaryImageOfPage\":{\"@id\":\"https:\\\/\\\/hempking.eu\\\/pl\\\/zestaw-dla-babci-i-dziadka-biowen\\\/#primaryimage\"},\"image\":{\"@id\":\"https:\\\/\\\/hempking.eu\\\/pl\\\/zestaw-dla-babci-i-dziadka-biowen\\\/#primaryimage\"},\"thumbnailUrl\":\"https:\\\/\\\/hempking.eu\\\/pl\\\/wp-content\\\/uploads\\\/sites\\\/2\\\/2024\\\/11\\\/1000x1000_zestaw_5.jpg\",\"datePublished\":\"2024-11-21T09:52:35+00:00\",\"dateModified\":\"2026-04-18T19:15:02+00:00\",\"description\":\"Zobacz \u261b Zestaw dla Babci i Dziadka Biowen w konopnym sklepie HempKing \u2705100% naturalne \u2705 Zadbaj z nami o swoj\u0105 diet\u0119!\",\"breadcrumb\":{\"@id\":\"https:\\\/\\\/hempking.eu\\\/pl\\\/zestaw-dla-babci-i-dziadka-biowen\\\/#breadcrumb\"},\"inLanguage\":\"pl-PL\",\"potentialAction\":[{\"@type\":\"ReadAction\",\"target\":[\"https:\\\/\\\/hempking.eu\\\/pl\\\/zestaw-dla-babci-i-dziadka-biowen\\\/\"]}]},{\"@type\":\"ImageObject\",\"inLanguage\":\"pl-PL\",\"@id\":\"https:\\\/\\\/hempking.eu\\\/pl\\\/zestaw-dla-babci-i-dziadka-biowen\\\/#primaryimage\",\"url\":\"https:\\\/\\\/hempking.eu\\\/pl\\\/wp-content\\\/uploads\\\/sites\\\/2\\\/2024\\\/11\\\/1000x1000_zestaw_5.jpg\",\"contentUrl\":\"https:\\\/\\\/hempking.eu\\\/pl\\\/wp-content\\\/uploads\\\/sites\\\/2\\\/2024\\\/11\\\/1000x1000_zestaw_5.jpg\",\"width\":1000,\"height\":1000,\"caption\":\"zestaw dla babci i dziadka\"},{\"@type\":\"BreadcrumbList\",\"@id\":\"https:\\\/\\\/hempking.eu\\\/pl\\\/zestaw-dla-babci-i-dziadka-biowen\\\/#breadcrumb\",\"itemListElement\":[{\"@type\":\"ListItem\",\"position\":1,\"name\":\"Home\",\"item\":\"https:\\\/\\\/hempking.eu\\\/pl\\\/\"},{\"@type\":\"ListItem\",\"position\":2,\"name\":\"Sklep\",\"item\":\"https:\\\/\\\/hempking.eu\\\/pl\\\/shop\\\/\"},{\"@type\":\"ListItem\",\"position\":3,\"name\":\"\ud83d\udd25OKAZJE\ud83d\udd25\",\"item\":\"https:\\\/\\\/hempking.eu\\\/pl\\\/okazje\\\/\"},{\"@type\":\"ListItem\",\"position\":4,\"name\":\"Nowo\u015bci\",\"item\":\"https:\\\/\\\/hempking.eu\\\/pl\\\/nowosci\\\/\"},{\"@type\":\"ListItem\",\"position\":5,\"name\":\"Zestaw dla Babci i Dziadka Biowen\"}]},{\"@type\":\"WebSite\",\"@id\":\"https:\\\/\\\/hempking.eu\\\/pl\\\/#website\",\"url\":\"https:\\\/\\\/hempking.eu\\\/pl\\\/\",\"name\":\"Hemp King\",\"description\":\"\",\"publisher\":{\"@id\":\"https:\\\/\\\/hempking.eu\\\/pl\\\/#organization\"},\"potentialAction\":[{\"@type\":\"SearchAction\",\"target\":{\"@type\":\"EntryPoint\",\"urlTemplate\":\"https:\\\/\\\/hempking.eu\\\/pl\\\/?s={search_term_string}\"},\"query-input\":{\"@type\":\"PropertyValueSpecification\",\"valueRequired\":true,\"valueName\":\"search_term_string\"}}],\"inLanguage\":\"pl-PL\"},{\"@type\":\"Organization\",\"@id\":\"https:\\\/\\\/hempking.eu\\\/pl\\\/#organization\",\"name\":\"Hemp King\",\"url\":\"https:\\\/\\\/hempking.eu\\\/pl\\\/\",\"logo\":{\"@type\":\"ImageObject\",\"inLanguage\":\"pl-PL\",\"@id\":\"https:\\\/\\\/hempking.eu\\\/pl\\\/#\\\/schema\\\/logo\\\/image\\\/\",\"url\":\"https:\\\/\\\/hempking.eu\\\/pl\\\/wp-content\\\/uploads\\\/sites\\\/2\\\/2020\\\/05\\\/hempking.png\",\"contentUrl\":\"https:\\\/\\\/hempking.eu\\\/pl\\\/wp-content\\\/uploads\\\/sites\\\/2\\\/2020\\\/05\\\/hempking.png\",\"width\":148,\"height\":91,\"caption\":\"Hemp King\"},\"image\":{\"@id\":\"https:\\\/\\\/hempking.eu\\\/pl\\\/#\\\/schema\\\/logo\\\/image\\\/\"},\"sameAs\":[\"https:\\\/\\\/www.facebook.com\\\/hempkingpoland\",\"https:\\\/\\\/x.com\\\/hempkingeu\",\"https:\\\/\\\/www.instagram.com\\\/hempkingeu\\\/\",\"https:\\\/\\\/www.linkedin.com\\\/company\\\/hempking-eu\\\/mycompany\\\/\",\"https:\\\/\\\/pl.pinterest.com\\\/hempkingeu\\\/\",\"https:\\\/\\\/www.youtube.com\\\/channel\\\/UCUkeZA1fj4hSZfoYm0WpZ7w\"]}]}<\/script>\n<meta property=\"product:price:amount\" content=\"136.90\" \/>\n<meta property=\"product:price:currency\" content=\"PLN\" \/>\n<meta property=\"og:availability\" content=\"instock\" \/>\n<meta property=\"product:availability\" content=\"instock\" \/>\n<meta property=\"product:retailer_item_id\" content=\"5904806120892\" \/>\n<meta property=\"product:condition\" content=\"new\" \/>\n<!-- \/ Yoast SEO Premium plugin. -->","yoast_head_json":{"title":"Zestaw dla Babci i Dziadka Biowen - Hemp King","description":"Zobacz \u261b Zestaw dla Babci i Dziadka Biowen w konopnym sklepie HempKing \u2705100% naturalne \u2705 Zadbaj z nami o swoj\u0105 diet\u0119!","robots":{"index":"index","follow":"follow"},"canonical":"https:\/\/hempking.eu\/pl\/zestaw-dla-babci-i-dziadka-biowen\/","og_locale":"pl_PL","og_type":"article","og_title":"Zestaw dla Babci i Dziadka Biowen","og_description":"Zobacz \u261b Zestaw dla Babci i Dziadka Biowen w konopnym sklepie HempKing \u2705100% naturalne \u2705 Zadbaj z nami o swoj\u0105 diet\u0119!","og_url":"https:\/\/hempking.eu\/pl\/zestaw-dla-babci-i-dziadka-biowen\/","og_site_name":"Hemp King","article_publisher":"https:\/\/www.facebook.com\/hempkingpoland","article_modified_time":"2026-04-18T19:15:02+00:00","og_image":[{"width":1000,"height":1000,"url":"https:\/\/hempking.eu\/pl\/wp-content\/uploads\/sites\/2\/2024\/11\/1000x1000_zestaw_5.jpg","type":"image\/jpeg"}],"twitter_card":"summary_large_image","twitter_site":"@hempkingeu","twitter_misc":{"Cena":"136.90&nbsp;&#122;&#322;","Dost\u0119pno\u015b\u0107":"Dost\u0119pny"},"schema":{"@context":"https:\/\/schema.org","@graph":[{"@type":"WebPage","@id":"https:\/\/hempking.eu\/pl\/zestaw-dla-babci-i-dziadka-biowen\/","url":"https:\/\/hempking.eu\/pl\/zestaw-dla-babci-i-dziadka-biowen\/","name":"Zestaw dla Babci i Dziadka Biowen - Hemp King","isPartOf":{"@id":"https:\/\/hempking.eu\/pl\/#website"},"primaryImageOfPage":{"@id":"https:\/\/hempking.eu\/pl\/zestaw-dla-babci-i-dziadka-biowen\/#primaryimage"},"image":{"@id":"https:\/\/hempking.eu\/pl\/zestaw-dla-babci-i-dziadka-biowen\/#primaryimage"},"thumbnailUrl":"https:\/\/hempking.eu\/pl\/wp-content\/uploads\/sites\/2\/2024\/11\/1000x1000_zestaw_5.jpg","datePublished":"2024-11-21T09:52:35+00:00","dateModified":"2026-04-18T19:15:02+00:00","description":"Zobacz \u261b Zestaw dla Babci i Dziadka Biowen w konopnym sklepie HempKing \u2705100% naturalne \u2705 Zadbaj z nami o swoj\u0105 diet\u0119!","breadcrumb":{"@id":"https:\/\/hempking.eu\/pl\/zestaw-dla-babci-i-dziadka-biowen\/#breadcrumb"},"inLanguage":"pl-PL","potentialAction":[{"@type":"ReadAction","target":["https:\/\/hempking.eu\/pl\/zestaw-dla-babci-i-dziadka-biowen\/"]}]},{"@type":"ImageObject","inLanguage":"pl-PL","@id":"https:\/\/hempking.eu\/pl\/zestaw-dla-babci-i-dziadka-biowen\/#primaryimage","url":"https:\/\/hempking.eu\/pl\/wp-content\/uploads\/sites\/2\/2024\/11\/1000x1000_zestaw_5.jpg","contentUrl":"https:\/\/hempking.eu\/pl\/wp-content\/uploads\/sites\/2\/2024\/11\/1000x1000_zestaw_5.jpg","width":1000,"height":1000,"caption":"zestaw dla babci i dziadka"},{"@type":"BreadcrumbList","@id":"https:\/\/hempking.eu\/pl\/zestaw-dla-babci-i-dziadka-biowen\/#breadcrumb","itemListElement":[{"@type":"ListItem","position":1,"name":"Home","item":"https:\/\/hempking.eu\/pl\/"},{"@type":"ListItem","position":2,"name":"Sklep","item":"https:\/\/hempking.eu\/pl\/shop\/"},{"@type":"ListItem","position":3,"name":"\ud83d\udd25OKAZJE\ud83d\udd25","item":"https:\/\/hempking.eu\/pl\/okazje\/"},{"@type":"ListItem","position":4,"name":"Nowo\u015bci","item":"https:\/\/hempking.eu\/pl\/nowosci\/"},{"@type":"ListItem","position":5,"name":"Zestaw dla Babci i Dziadka Biowen"}]},{"@type":"WebSite","@id":"https:\/\/hempking.eu\/pl\/#website","url":"https:\/\/hempking.eu\/pl\/","name":"Hemp King","description":"","publisher":{"@id":"https:\/\/hempking.eu\/pl\/#organization"},"potentialAction":[{"@type":"SearchAction","target":{"@type":"EntryPoint","urlTemplate":"https:\/\/hempking.eu\/pl\/?s={search_term_string}"},"query-input":{"@type":"PropertyValueSpecification","valueRequired":true,"valueName":"search_term_string"}}],"inLanguage":"pl-PL"},{"@type":"Organization","@id":"https:\/\/hempking.eu\/pl\/#organization","name":"Hemp King","url":"https:\/\/hempking.eu\/pl\/","logo":{"@type":"ImageObject","inLanguage":"pl-PL","@id":"https:\/\/hempking.eu\/pl\/#\/schema\/logo\/image\/","url":"https:\/\/hempking.eu\/pl\/wp-content\/uploads\/sites\/2\/2020\/05\/hempking.png","contentUrl":"https:\/\/hempking.eu\/pl\/wp-content\/uploads\/sites\/2\/2020\/05\/hempking.png","width":148,"height":91,"caption":"Hemp King"},"image":{"@id":"https:\/\/hempking.eu\/pl\/#\/schema\/logo\/image\/"},"sameAs":["https:\/\/www.facebook.com\/hempkingpoland","https:\/\/x.com\/hempkingeu","https:\/\/www.instagram.com\/hempkingeu\/","https:\/\/www.linkedin.com\/company\/hempking-eu\/mycompany\/","https:\/\/pl.pinterest.com\/hempkingeu\/","https:\/\/www.youtube.com\/channel\/UCUkeZA1fj4hSZfoYm0WpZ7w"]}]},"product_price_amount":"136.90","product_price_currency":"PLN","og_availability":"instock","product_availability":"instock","product_retailer_item_id":"5904806120892","product_condition":"new"},"df_price":136.9,"df_sale_price":"","df_regular_price":136.9,"df_image_link":"https:\/\/hempking.eu\/pl\/wp-content\/uploads\/sites\/2\/2024\/11\/1000x1000_zestaw_5-300x300.jpg","_links":{"self":[{"href":"https:\/\/hempking.eu\/pl\/wp-json\/wp\/v2\/product\/243325","targetHints":{"allow":["GET"]}}],"collection":[{"href":"https:\/\/hempking.eu\/pl\/wp-json\/wp\/v2\/product"}],"about":[{"href":"https:\/\/hempking.eu\/pl\/wp-json\/wp\/v2\/types\/product"}],"wp:featuredmedia":[{"embeddable":true,"href":"https:\/\/hempking.eu\/pl\/wp-json\/wp\/v2\/media\/243489"}],"wp:attachment":[{"href":"https:\/\/hempking.eu\/pl\/wp-json\/wp\/v2\/media?parent=243325"}],"wp:term":[{"taxonomy":"product_brand","embeddable":true,"href":"https:\/\/hempking.eu\/pl\/wp-json\/wp\/v2\/product_brand?post=243325"},{"taxonomy":"product_cat","embeddable":true,"href":"https:\/\/hempking.eu\/pl\/wp-json\/wp\/v2\/product_cat?post=243325"},{"taxonomy":"product_tag","embeddable":true,"href":"https:\/\/hempking.eu\/pl\/wp-json\/wp\/v2\/product_tag?post=243325"}],"curies":[{"name":"wp","href":"https:\/\/api.w.org\/{rel}","templated":true}]}}