{"id":266459,"date":"2025-03-04T08:13:17","date_gmt":"2025-03-04T07:13:17","guid":{"rendered":"https:\/\/hempking.eu\/pl\/?post_type=product&#038;p=266459"},"modified":"2026-05-07T00:02:35","modified_gmt":"2026-05-06T22:02:35","slug":"magnez-chelatowany-biowen-100-kaps","status":"publish","type":"product","link":"https:\/\/hempking.eu\/pl\/magnez-chelatowany-biowen-100-kaps\/","title":{"rendered":"Magnez chelatowany | diglicynian magnezu | 840 mg Biowen - 100 kaps"},"content":{"rendered":"<p><span style=\"font-weight: 400;\">Je\u015bli szukasz <\/span><b>magnezu<\/b><span style=\"font-weight: 400;\"> o <\/span><b>wysokiej biodost\u0119pno\u015bci<\/b><span style=\"font-weight: 400;\">, <\/span><b>czystym sk\u0142adzie<\/b><span style=\"font-weight: 400;\"> i <\/span><b>wygodnej formie suplementacji<\/b><span style=\"font-weight: 400;\">, si\u0119gnij po <\/span><b>Magnez chelatowany Biowen<\/b><span style=\"font-weight: 400;\">! To <\/span><b>suplement diety<\/b><span style=\"font-weight: 400;\">, kt\u00f3ry \u0142\u0105czy w sobie <\/span><b>doskona\u0142\u0105 przyswajalno\u015b\u0107<\/b><span style=\"font-weight: 400;\"> z <\/span><b>wega\u0144skim sk\u0142adem<\/b><span style=\"font-weight: 400;\"> oraz <\/span><b>brakiem zb\u0119dnych dodatk\u00f3w<\/b><span style=\"font-weight: 400;\">. Jedna kapsu\u0142ka zawiera a\u017c <\/span><b>850 mg diglicynianu magnezu<\/b><span style=\"font-weight: 400;\">, co czyni go jednym z bardziej skoncentrowanych produkt\u00f3w na rynku!<\/span><\/p>\n<h2><b>Dlaczego diglicynian magnezu Biowen?<\/b><\/h2>\n<ul>\n<li style=\"font-weight: 400;\">\n<ul>\n<li style=\"font-weight: 400;\"><b>Wysoka przyswajalno\u015b\u0107<\/b><span style=\"font-weight: 400;\"> dzi\u0119ki <\/span><b>chelatu aminokwasowego magnezu<\/b><span style=\"font-weight: 400;\">,<\/span><\/li>\n<li style=\"font-weight: 400;\"><b>Czysty sk\u0142ad<\/b><span style=\"font-weight: 400;\"> \u2013 bez zb\u0119dnych dodatk\u00f3w, konserwant\u00f3w i wype\u0142niaczy,<\/span><\/li>\n<li style=\"font-weight: 400;\"><b>Wega\u0144skie kapsu\u0142ki<\/b><span style=\"font-weight: 400;\">, odpowiednie dla os\u00f3b na dietach ro\u015blinnych,<\/span><\/li>\n<li style=\"font-weight: 400;\"><b>Optymalna porcja<\/b><span style=\"font-weight: 400;\"> \u2013 850 mg <\/span><b>magnezu chelatowanego<\/b><span style=\"font-weight: 400;\"> w jednej kapsu\u0142ce,<\/span><\/li>\n<li style=\"font-weight: 400;\"><b>Produkt polski<\/b><span style=\"font-weight: 400;\"> \u2013 marka Biowen gwarantuje <\/span><b>bardzo wysok\u0105 jako\u015b\u0107 i bezpiecze\u0144stwo<\/b><span style=\"font-weight: 400;\">. <\/span>Wybierz <b>Diglicynian Magnezu Biowen<\/b>, je\u015bli szukasz <b>skutecznego wsparcia dla swojej diety!<\/b><\/li>\n<\/ul>\n<\/li>\n<\/ul>\n<h2><b>Dlaczego warto wybra\u0107 diglicynian magnezu?<\/b><\/h2>\n<p><span style=\"font-weight: 400;\">Diglicynian magnezu to <\/span><b>chelat aminokwasowy<\/b><span style=\"font-weight: 400;\">, co oznacza, \u017ce <\/span><b>magnez<\/b><span style=\"font-weight: 400;\"> zosta\u0142 zwi\u0105zany z dwiema cz\u0105steczkami <\/span><b>glicyny<\/b><span style=\"font-weight: 400;\"> \u2013 aminokwasu, kt\u00f3ry pe\u0142ni istotn\u0105 rol\u0119 w <\/span><b>prawid\u0142owym metabolizmie energetycznym<\/b><span style=\"font-weight: 400;\"> oraz <\/span><b>funkcjach psychologicznych<\/b><span style=\"font-weight: 400;\">. Dzi\u0119ki temu:<\/span><\/p>\n<ul>\n<li style=\"font-weight: 400;\"><b>Przyswajalno\u015b\u0107 magnezu<\/b><span style=\"font-weight: 400;\"> w tej formie jest wyj\u0105tkowo wysoka,<\/span><\/li>\n<li style=\"font-weight: 400;\"><b>Chelat magnezu<\/b><span style=\"font-weight: 400;\"> pomaga <\/span><b>przyswaja\u0107 magnez<\/b><span style=\"font-weight: 400;\"> bezpo\u015brednio w jelitach, dzi\u0119ki czemu omin\u0105 nas problemy \u017co\u0142\u0105dkowe,<\/span><\/li>\n<li style=\"font-weight: 400;\"><b>\u0141agodny dla przewodu pokarmowego<\/b><span style=\"font-weight: 400;\"> \u2013 nie powoduje biegunek ani skurcz\u00f3w,<\/span><\/li>\n<li style=\"font-weight: 400;\"><b>Doskona\u0142e wsparcie dla uk\u0142adu nerwowego<\/b><span style=\"font-weight: 400;\"> \u2013 wspiera w <\/span><b>redukcji stresu<\/b><span style=\"font-weight: 400;\">, wspomaga <\/span><b>jako\u015b\u0107 snu<\/b><span style=\"font-weight: 400;\"> i <\/span><b>zdrowie psychiczne<\/b><span style=\"font-weight: 400;\">,<\/span><\/li>\n<li style=\"font-weight: 400;\"><b>Wspiera prac\u0119 serca i mi\u0119\u015bni<\/b> \u2013 przyczynia si\u0119 do <b>utrzymania prawid\u0142owej pracy serca<\/b> oraz <b>redukuje ryzyko skurcz\u00f3w mi\u0119\u015bni<\/b>.<\/li>\n<\/ul>\n<h2><b>Diglicynian magnezu \u2013 wega\u0144skie kapsu\u0142ki od Biowen<\/b><\/h2>\n<p><b>Diglicynian Magnezu Biowen<\/b><span style=\"font-weight: 400;\"> to produkt w <\/span><b>100% wega\u0144ski<\/b><span style=\"font-weight: 400;\">, pozbawiony <\/span><b>glutenu, laktozy<\/b><span style=\"font-weight: 400;\"> oraz jakichkolwiek sk\u0142adnik\u00f3w pochodzenia zwierz\u0119cego. Opracowany <\/span><b>z my\u015bl\u0105 o osobach dbaj\u0105cych o zdrowy tryb \u017cycia<\/b><span style=\"font-weight: 400;\">, jest odpowiedni zar\u00f3wno dla <\/span><b>wegan, jak i wegetarian<\/b><span style=\"font-weight: 400;\">.<\/span><\/p>\n<p><span style=\"font-weight: 400;\">Czysty sk\u0142ad to jego ogromny atut \u2013 w kapsu\u0142ce znajdziesz <\/span><b>tylko diglicynian magnezu<\/b><span style=\"font-weight: 400;\"> oraz <\/span><b>ro\u015blinn\u0105 otoczk\u0119 kapsu\u0142ki<\/b><span style=\"font-weight: 400;\">, zawieraj\u0105c\u0105 <\/span><b>hydroksypropylometyloceluloz\u0119<\/b><span style=\"font-weight: 400;\">. <\/span><b>Bez zb\u0119dnych dodatk\u00f3w, konserwant\u00f3w, barwnik\u00f3w czy aromat\u00f3w<\/b><span style=\"font-weight: 400;\">.<\/span><\/p>\n<p><b><span style=\"font-weight: 400;\">Dzi\u0119ki <\/span>czystemu sk\u0142adowi<span style=\"font-weight: 400;\">, masz pewno\u015b\u0107, \u017ce <\/span>uzupe\u0142niasz codzienn\u0105 diet\u0119<span style=\"font-weight: 400;\"> w <\/span>magnez<span style=\"font-weight: 400;\"> o <\/span>wysokiej jako\u015bci i przyswajalno\u015bci<span style=\"font-weight: 400;\">.<\/span><\/b><\/p>\n<h2><b>Czy warto wybra\u0107 magnez w formie diglicynianu?<\/b><\/h2>\n<p><span style=\"font-weight: 400;\">Diglicynian magnezu to forma chelatu, co oznacza, \u017ce jest:<\/span><\/p>\n<ul>\n<li style=\"font-weight: 400;\"><b>Wyj\u0105tkowo dobrze przyswajalny<\/b><span style=\"font-weight: 400;\"> \u2013 glicyna u\u0142atwia wch\u0142anianie magnezu w jelitach,<\/span><\/li>\n<li style=\"font-weight: 400;\"><b>Bezpieczny dla \u017co\u0142\u0105dka<\/b><span style=\"font-weight: 400;\"> \u2013 nie powoduje problem\u00f3w trawiennych ani biegunek, w przeciwie\u0144stwie do niekt\u00f3rych innych form magnezu,<\/span><\/li>\n<li style=\"font-weight: 400;\"><b>Skuteczny w dzia\u0142aniu<\/b><span style=\"font-weight: 400;\"> \u2013 wspiera uk\u0142ad nerwowy, mi\u0119\u015bniowy oraz pomaga w redukcji stresu i poprawie jako\u015bci snu.<\/span><\/li>\n<\/ul>\n<p><span style=\"font-weight: 400;\">To idealny wyb\u00f3r dla os\u00f3b:<\/span><\/p>\n<ul>\n<li style=\"font-weight: 400;\"><span style=\"font-weight: 400;\">Prowadz\u0105cych intensywny tryb \u017cycia, nara\u017conych na stres,<\/span><\/li>\n<li style=\"font-weight: 400;\"><span style=\"font-weight: 400;\">Borykaj\u0105cych si\u0119 z problemami ze snem, skurczami mi\u0119\u015bni czy zm\u0119czeniem,<\/span><\/li>\n<li style=\"font-weight: 400;\">Dbaj\u0105cych o <b>zdrowie psychiczne i r\u00f3wnowag\u0119 elektrolitow\u0105<\/b>.<\/li>\n<\/ul>\n","protected":false},"excerpt":{"rendered":"<h2>Magnez chelatowany (suplement diety):<\/h2>\n<ul>\n<li>Forma <strong>diglicynianu magnezu<\/strong>, czyli <strong>chelat aminokwasowy magnezu<\/strong>,<\/li>\n<li>Szklany s\u0142oik zapewniaj\u0105cy trwa\u0142o\u015b\u0107 i ochron\u0119 przed czynnikami zewn\u0119trznymi,<\/li>\n<li><strong>Czysty sk\u0142ad<\/strong>, bez zb\u0119dnych dodatk\u00f3w,<\/li>\n<li><strong>Ro\u015blinna otoczka kapsu\u0142ki<\/strong>, odpowiednia dla wegan i wegetarian,<\/li>\n<li><strong>Dobra przyswajalno\u015b\u0107<\/strong> \u2013 jedna z najlepiej przyswajalnych form magnezu,<\/li>\n<li><strong>\u0141agodny dla uk\u0142adu pokarmowego<\/strong> \u2013 nie powoduje biegunek ani skurcz\u00f3w,<\/li>\n<li>Wystarcza nawet na <strong>100 dni suplementacji<\/strong>.<\/li>\n<\/ul>\n<p><strong>84 g<\/strong><\/p>\n","protected":false},"featured_media":338445,"template":"","meta":{"_acf_changed":false},"product_brand":[],"product_cat":[147,439,134,422,417,34,448,453,149,416],"product_tag":[],"class_list":{"0":"post-266459","1":"product","2":"type-product","3":"status-publish","4":"has-post-thumbnail","6":"product_cat-suplementy-i-preparaty-na-bezsennosc","7":"product_cat-biowen","8":"product_cat-suplementy-na-sen","9":"product_cat-suplementy-na-lepszy-nastroj","10":"product_cat-mineraly","11":"product_cat-nowosci","12":"product_cat-suplementy-na-uklad-nerwowy","13":"product_cat-suplementy-na-uklad-ruchu","14":"product_cat-suplementy-i-preparaty-na-uspokojenie","15":"product_cat-witaminy-i-mineraly","17":"first","18":"instock","19":"shipping-taxable","20":"purchasable","21":"product-type-simple"},"acf":[],"yoast_head":"<!-- This site is optimized with the Yoast SEO Premium plugin v24.8 (Yoast SEO v27.3) - https:\/\/yoast.com\/product\/yoast-seo-premium-wordpress\/ -->\n<title>Magnez chelatowany | diglicynian magnezu | 840 mg Biowen<\/title>\n<meta name=\"description\" content=\"Magnez chelatowany | diglicynian magnezu | 840 mg Biowen - 100 kaps w konopnym sklepie HempKing \u2705100% naturalne \u2705 Zadbaj z nami o swoj\u0105 diet\u0119!\" \/>\n<meta name=\"robots\" content=\"index, follow\" \/>\n<link rel=\"canonical\" href=\"https:\/\/hempking.eu\/pl\/magnez-chelatowany-biowen-100-kaps\/\" \/>\n<meta property=\"og:locale\" content=\"pl_PL\" \/>\n<meta property=\"og:type\" content=\"article\" \/>\n<meta property=\"og:title\" content=\"Magnez chelatowany | diglicynian magnezu | 840 mg Biowen - 100 kaps\" \/>\n<meta property=\"og:description\" content=\"Magnez chelatowany | diglicynian magnezu | 840 mg Biowen - 100 kaps w konopnym sklepie HempKing \u2705100% naturalne \u2705 Zadbaj z nami o swoj\u0105 diet\u0119!\" \/>\n<meta property=\"og:url\" content=\"https:\/\/hempking.eu\/pl\/magnez-chelatowany-biowen-100-kaps\/\" \/>\n<meta property=\"og:site_name\" content=\"Hemp King\" \/>\n<meta property=\"article:publisher\" content=\"https:\/\/www.facebook.com\/hempkingpoland\" \/>\n<meta property=\"article:modified_time\" content=\"2026-05-06T22:02:35+00:00\" \/>\n<meta property=\"og:image\" content=\"https:\/\/hempking.eu\/pl\/wp-content\/uploads\/sites\/2\/2025\/03\/Magnez_chelatowany_Hempking.jpg\" \/>\n\t<meta property=\"og:image:width\" content=\"1000\" \/>\n\t<meta property=\"og:image:height\" content=\"1000\" \/>\n\t<meta property=\"og:image:type\" content=\"image\/jpeg\" \/>\n<meta name=\"twitter:card\" content=\"summary_large_image\" \/>\n<meta name=\"twitter:site\" content=\"@hempkingeu\" \/>\n<meta name=\"twitter:label1\" content=\"Cena\" \/>\n\t<meta name=\"twitter:data1\" content=\"53.99&nbsp;&#122;&#322;\" \/>\n\t<meta name=\"twitter:label2\" content=\"Dost\u0119pno\u015b\u0107\" \/>\n\t<meta name=\"twitter:data2\" content=\"Dost\u0119pny\" \/>\n<script type=\"application\/ld+json\" class=\"yoast-schema-graph\">{\"@context\":\"https:\\\/\\\/schema.org\",\"@graph\":[{\"@type\":\"WebPage\",\"@id\":\"https:\\\/\\\/hempking.eu\\\/pl\\\/magnez-chelatowany-biowen-100-kaps\\\/\",\"url\":\"https:\\\/\\\/hempking.eu\\\/pl\\\/magnez-chelatowany-biowen-100-kaps\\\/\",\"name\":\"Magnez chelatowany | diglicynian magnezu | 840 mg Biowen\",\"isPartOf\":{\"@id\":\"https:\\\/\\\/hempking.eu\\\/pl\\\/#website\"},\"primaryImageOfPage\":{\"@id\":\"https:\\\/\\\/hempking.eu\\\/pl\\\/magnez-chelatowany-biowen-100-kaps\\\/#primaryimage\"},\"image\":{\"@id\":\"https:\\\/\\\/hempking.eu\\\/pl\\\/magnez-chelatowany-biowen-100-kaps\\\/#primaryimage\"},\"thumbnailUrl\":\"https:\\\/\\\/hempking.eu\\\/pl\\\/wp-content\\\/uploads\\\/sites\\\/2\\\/2025\\\/03\\\/Magnez_chelatowany_Hempking.jpg\",\"datePublished\":\"2025-03-04T07:13:17+00:00\",\"dateModified\":\"2026-05-06T22:02:35+00:00\",\"description\":\"Magnez chelatowany | diglicynian magnezu | 840 mg Biowen - 100 kaps w konopnym sklepie HempKing \u2705100% naturalne \u2705 Zadbaj z nami o swoj\u0105 diet\u0119!\",\"breadcrumb\":{\"@id\":\"https:\\\/\\\/hempking.eu\\\/pl\\\/magnez-chelatowany-biowen-100-kaps\\\/#breadcrumb\"},\"inLanguage\":\"pl-PL\",\"potentialAction\":[{\"@type\":\"ReadAction\",\"target\":[\"https:\\\/\\\/hempking.eu\\\/pl\\\/magnez-chelatowany-biowen-100-kaps\\\/\"]}]},{\"@type\":\"ImageObject\",\"inLanguage\":\"pl-PL\",\"@id\":\"https:\\\/\\\/hempking.eu\\\/pl\\\/magnez-chelatowany-biowen-100-kaps\\\/#primaryimage\",\"url\":\"https:\\\/\\\/hempking.eu\\\/pl\\\/wp-content\\\/uploads\\\/sites\\\/2\\\/2025\\\/03\\\/Magnez_chelatowany_Hempking.jpg\",\"contentUrl\":\"https:\\\/\\\/hempking.eu\\\/pl\\\/wp-content\\\/uploads\\\/sites\\\/2\\\/2025\\\/03\\\/Magnez_chelatowany_Hempking.jpg\",\"width\":1000,\"height\":1000,\"caption\":\"Opakowanie suplementu Magnez chelatowany Biowen 120 mg, kapsu\u0142ki widoczne w br\u0105zowej butelce\"},{\"@type\":\"BreadcrumbList\",\"@id\":\"https:\\\/\\\/hempking.eu\\\/pl\\\/magnez-chelatowany-biowen-100-kaps\\\/#breadcrumb\",\"itemListElement\":[{\"@type\":\"ListItem\",\"position\":1,\"name\":\"Home\",\"item\":\"https:\\\/\\\/hempking.eu\\\/pl\\\/\"},{\"@type\":\"ListItem\",\"position\":2,\"name\":\"Sklep\",\"item\":\"https:\\\/\\\/hempking.eu\\\/pl\\\/shop\\\/\"},{\"@type\":\"ListItem\",\"position\":3,\"name\":\"\ud83d\udd25OKAZJE\ud83d\udd25\",\"item\":\"https:\\\/\\\/hempking.eu\\\/pl\\\/okazje\\\/\"},{\"@type\":\"ListItem\",\"position\":4,\"name\":\"Nowo\u015bci\",\"item\":\"https:\\\/\\\/hempking.eu\\\/pl\\\/nowosci\\\/\"},{\"@type\":\"ListItem\",\"position\":5,\"name\":\"Magnez chelatowany | diglicynian magnezu | 840 mg Biowen - 100 kaps\"}]},{\"@type\":\"WebSite\",\"@id\":\"https:\\\/\\\/hempking.eu\\\/pl\\\/#website\",\"url\":\"https:\\\/\\\/hempking.eu\\\/pl\\\/\",\"name\":\"Hemp King\",\"description\":\"\",\"publisher\":{\"@id\":\"https:\\\/\\\/hempking.eu\\\/pl\\\/#organization\"},\"potentialAction\":[{\"@type\":\"SearchAction\",\"target\":{\"@type\":\"EntryPoint\",\"urlTemplate\":\"https:\\\/\\\/hempking.eu\\\/pl\\\/?s={search_term_string}\"},\"query-input\":{\"@type\":\"PropertyValueSpecification\",\"valueRequired\":true,\"valueName\":\"search_term_string\"}}],\"inLanguage\":\"pl-PL\"},{\"@type\":\"Organization\",\"@id\":\"https:\\\/\\\/hempking.eu\\\/pl\\\/#organization\",\"name\":\"Hemp King\",\"url\":\"https:\\\/\\\/hempking.eu\\\/pl\\\/\",\"logo\":{\"@type\":\"ImageObject\",\"inLanguage\":\"pl-PL\",\"@id\":\"https:\\\/\\\/hempking.eu\\\/pl\\\/#\\\/schema\\\/logo\\\/image\\\/\",\"url\":\"https:\\\/\\\/hempking.eu\\\/pl\\\/wp-content\\\/uploads\\\/sites\\\/2\\\/2020\\\/05\\\/hempking.png\",\"contentUrl\":\"https:\\\/\\\/hempking.eu\\\/pl\\\/wp-content\\\/uploads\\\/sites\\\/2\\\/2020\\\/05\\\/hempking.png\",\"width\":148,\"height\":91,\"caption\":\"Hemp King\"},\"image\":{\"@id\":\"https:\\\/\\\/hempking.eu\\\/pl\\\/#\\\/schema\\\/logo\\\/image\\\/\"},\"sameAs\":[\"https:\\\/\\\/www.facebook.com\\\/hempkingpoland\",\"https:\\\/\\\/x.com\\\/hempkingeu\",\"https:\\\/\\\/www.instagram.com\\\/hempkingeu\\\/\",\"https:\\\/\\\/www.linkedin.com\\\/company\\\/hempking-eu\\\/mycompany\\\/\",\"https:\\\/\\\/pl.pinterest.com\\\/hempkingeu\\\/\",\"https:\\\/\\\/www.youtube.com\\\/channel\\\/UCUkeZA1fj4hSZfoYm0WpZ7w\"]}]}<\/script>\n<meta property=\"product:price:amount\" content=\"53.99\" \/>\n<meta property=\"product:price:currency\" content=\"PLN\" \/>\n<meta property=\"og:availability\" content=\"instock\" \/>\n<meta property=\"product:availability\" content=\"instock\" \/>\n<meta property=\"product:retailer_item_id\" content=\"5904806120977\" \/>\n<meta property=\"product:condition\" content=\"new\" \/>\n<!-- \/ Yoast SEO Premium plugin. -->","yoast_head_json":{"title":"Magnez chelatowany | diglicynian magnezu | 840 mg Biowen","description":"Magnez chelatowany | diglicynian magnezu | 840 mg Biowen - 100 kaps w konopnym sklepie HempKing \u2705100% naturalne \u2705 Zadbaj z nami o swoj\u0105 diet\u0119!","robots":{"index":"index","follow":"follow"},"canonical":"https:\/\/hempking.eu\/pl\/magnez-chelatowany-biowen-100-kaps\/","og_locale":"pl_PL","og_type":"article","og_title":"Magnez chelatowany | diglicynian magnezu | 840 mg Biowen - 100 kaps","og_description":"Magnez chelatowany | diglicynian magnezu | 840 mg Biowen - 100 kaps w konopnym sklepie HempKing \u2705100% naturalne \u2705 Zadbaj z nami o swoj\u0105 diet\u0119!","og_url":"https:\/\/hempking.eu\/pl\/magnez-chelatowany-biowen-100-kaps\/","og_site_name":"Hemp King","article_publisher":"https:\/\/www.facebook.com\/hempkingpoland","article_modified_time":"2026-05-06T22:02:35+00:00","og_image":[{"width":1000,"height":1000,"url":"https:\/\/hempking.eu\/pl\/wp-content\/uploads\/sites\/2\/2025\/03\/Magnez_chelatowany_Hempking.jpg","type":"image\/jpeg"}],"twitter_card":"summary_large_image","twitter_site":"@hempkingeu","twitter_misc":{"Cena":"53.99&nbsp;&#122;&#322;","Dost\u0119pno\u015b\u0107":"Dost\u0119pny"},"schema":{"@context":"https:\/\/schema.org","@graph":[{"@type":"WebPage","@id":"https:\/\/hempking.eu\/pl\/magnez-chelatowany-biowen-100-kaps\/","url":"https:\/\/hempking.eu\/pl\/magnez-chelatowany-biowen-100-kaps\/","name":"Magnez chelatowany | diglicynian magnezu | 840 mg Biowen","isPartOf":{"@id":"https:\/\/hempking.eu\/pl\/#website"},"primaryImageOfPage":{"@id":"https:\/\/hempking.eu\/pl\/magnez-chelatowany-biowen-100-kaps\/#primaryimage"},"image":{"@id":"https:\/\/hempking.eu\/pl\/magnez-chelatowany-biowen-100-kaps\/#primaryimage"},"thumbnailUrl":"https:\/\/hempking.eu\/pl\/wp-content\/uploads\/sites\/2\/2025\/03\/Magnez_chelatowany_Hempking.jpg","datePublished":"2025-03-04T07:13:17+00:00","dateModified":"2026-05-06T22:02:35+00:00","description":"Magnez chelatowany | diglicynian magnezu | 840 mg Biowen - 100 kaps w konopnym sklepie HempKing \u2705100% naturalne \u2705 Zadbaj z nami o swoj\u0105 diet\u0119!","breadcrumb":{"@id":"https:\/\/hempking.eu\/pl\/magnez-chelatowany-biowen-100-kaps\/#breadcrumb"},"inLanguage":"pl-PL","potentialAction":[{"@type":"ReadAction","target":["https:\/\/hempking.eu\/pl\/magnez-chelatowany-biowen-100-kaps\/"]}]},{"@type":"ImageObject","inLanguage":"pl-PL","@id":"https:\/\/hempking.eu\/pl\/magnez-chelatowany-biowen-100-kaps\/#primaryimage","url":"https:\/\/hempking.eu\/pl\/wp-content\/uploads\/sites\/2\/2025\/03\/Magnez_chelatowany_Hempking.jpg","contentUrl":"https:\/\/hempking.eu\/pl\/wp-content\/uploads\/sites\/2\/2025\/03\/Magnez_chelatowany_Hempking.jpg","width":1000,"height":1000,"caption":"Opakowanie suplementu Magnez chelatowany Biowen 120 mg, kapsu\u0142ki widoczne w br\u0105zowej butelce"},{"@type":"BreadcrumbList","@id":"https:\/\/hempking.eu\/pl\/magnez-chelatowany-biowen-100-kaps\/#breadcrumb","itemListElement":[{"@type":"ListItem","position":1,"name":"Home","item":"https:\/\/hempking.eu\/pl\/"},{"@type":"ListItem","position":2,"name":"Sklep","item":"https:\/\/hempking.eu\/pl\/shop\/"},{"@type":"ListItem","position":3,"name":"\ud83d\udd25OKAZJE\ud83d\udd25","item":"https:\/\/hempking.eu\/pl\/okazje\/"},{"@type":"ListItem","position":4,"name":"Nowo\u015bci","item":"https:\/\/hempking.eu\/pl\/nowosci\/"},{"@type":"ListItem","position":5,"name":"Magnez chelatowany | diglicynian magnezu | 840 mg Biowen - 100 kaps"}]},{"@type":"WebSite","@id":"https:\/\/hempking.eu\/pl\/#website","url":"https:\/\/hempking.eu\/pl\/","name":"Hemp King","description":"","publisher":{"@id":"https:\/\/hempking.eu\/pl\/#organization"},"potentialAction":[{"@type":"SearchAction","target":{"@type":"EntryPoint","urlTemplate":"https:\/\/hempking.eu\/pl\/?s={search_term_string}"},"query-input":{"@type":"PropertyValueSpecification","valueRequired":true,"valueName":"search_term_string"}}],"inLanguage":"pl-PL"},{"@type":"Organization","@id":"https:\/\/hempking.eu\/pl\/#organization","name":"Hemp King","url":"https:\/\/hempking.eu\/pl\/","logo":{"@type":"ImageObject","inLanguage":"pl-PL","@id":"https:\/\/hempking.eu\/pl\/#\/schema\/logo\/image\/","url":"https:\/\/hempking.eu\/pl\/wp-content\/uploads\/sites\/2\/2020\/05\/hempking.png","contentUrl":"https:\/\/hempking.eu\/pl\/wp-content\/uploads\/sites\/2\/2020\/05\/hempking.png","width":148,"height":91,"caption":"Hemp King"},"image":{"@id":"https:\/\/hempking.eu\/pl\/#\/schema\/logo\/image\/"},"sameAs":["https:\/\/www.facebook.com\/hempkingpoland","https:\/\/x.com\/hempkingeu","https:\/\/www.instagram.com\/hempkingeu\/","https:\/\/www.linkedin.com\/company\/hempking-eu\/mycompany\/","https:\/\/pl.pinterest.com\/hempkingeu\/","https:\/\/www.youtube.com\/channel\/UCUkeZA1fj4hSZfoYm0WpZ7w"]}]},"product_price_amount":"53.99","product_price_currency":"PLN","og_availability":"instock","product_availability":"instock","product_retailer_item_id":"5904806120977","product_condition":"new"},"df_price":53.99,"df_sale_price":"","df_regular_price":53.99,"df_image_link":"https:\/\/hempking.eu\/pl\/wp-content\/uploads\/sites\/2\/2025\/03\/Magnez_chelatowany_Hempking-300x300.jpg","_links":{"self":[{"href":"https:\/\/hempking.eu\/pl\/wp-json\/wp\/v2\/product\/266459","targetHints":{"allow":["GET"]}}],"collection":[{"href":"https:\/\/hempking.eu\/pl\/wp-json\/wp\/v2\/product"}],"about":[{"href":"https:\/\/hempking.eu\/pl\/wp-json\/wp\/v2\/types\/product"}],"wp:featuredmedia":[{"embeddable":true,"href":"https:\/\/hempking.eu\/pl\/wp-json\/wp\/v2\/media\/338445"}],"wp:attachment":[{"href":"https:\/\/hempking.eu\/pl\/wp-json\/wp\/v2\/media?parent=266459"}],"wp:term":[{"taxonomy":"product_brand","embeddable":true,"href":"https:\/\/hempking.eu\/pl\/wp-json\/wp\/v2\/product_brand?post=266459"},{"taxonomy":"product_cat","embeddable":true,"href":"https:\/\/hempking.eu\/pl\/wp-json\/wp\/v2\/product_cat?post=266459"},{"taxonomy":"product_tag","embeddable":true,"href":"https:\/\/hempking.eu\/pl\/wp-json\/wp\/v2\/product_tag?post=266459"}],"curies":[{"name":"wp","href":"https:\/\/api.w.org\/{rel}","templated":true}]}}