{"id":300131,"date":"2025-08-19T11:29:10","date_gmt":"2025-08-19T09:29:10","guid":{"rendered":"https:\/\/hempking.eu\/pl\/?post_type=product&#038;p=300131"},"modified":"2026-04-17T21:52:35","modified_gmt":"2026-04-17T19:52:35","slug":"omega-3-z-alg-dha-biowen","status":"publish","type":"product","link":"https:\/\/hempking.eu\/pl\/omega-3-z-alg-dha-biowen\/","title":{"rendered":"Omega-3 z alg Biowen - 60 kapsu\u0142ek"},"content":{"rendered":"<p><span style=\"font-weight: 400;\">DHA z alg Biowen to ro\u015blinny suplement diety klasy premium, stworzony z my\u015bl\u0105 o wsparciu uk\u0142adu nerwowego, pracy m\u00f3zgu oraz zdrowia oczu. Zawiera wysokiej jako\u015bci DHA (kwas dokozaheksaenowy), pozyskiwany z mikroalg Schizochytrium sp., w koncentracji a\u017c 550 mg DHA\/g t\u0142uszczu. Dzi\u0119ki wykorzystaniu naturalnej formy tr\u00f3jgliceryd\u00f3w (TG), sk\u0142adnik ten jest wyj\u0105tkowo dobrze przyswajalny, bez konieczno\u015bci chemicznej obr\u00f3bki. To omega-3 z alg to suplement, kt\u00f3ry idealnie wpisuje si\u0119 w zr\u00f3wnowa\u017cony spos\u00f3b \u017cywienia i zdrowy tryb \u017cycia.<\/span><\/p>\n<p><span style=\"font-weight: 400;\">Produkt powsta\u0142 na bazie europejskiego surowca DHA Origins\u00ae 550 by Fermentalg\u00ae, kt\u00f3rego produkcja \u2013 od fermentacji po gotowy ekstrakt \u2013 jest ca\u0142kowicie kontrolowana i wolna od metali ci\u0119\u017ckich, rozpuszczalnik\u00f3w, GMO czy PCB. Dzi\u0119ki temu DHA z ALG Biowen mo\u017ce by\u0107 bezpiecznie stosowany przez dzieci, osoby doros\u0142e, kobiety w ci\u0105\u017cy oraz wegan i wegetarian, kt\u00f3rzy szukaj\u0105 alternatywy dla oleju rybiego. To \u017ar\u00f3d\u0142o omega 3 pochodzenia ro\u015blinnego, a zawarte w produkcie epa i dha pochodz\u0105 w 100% z mikroalg.<\/span><\/p>\n<p><span style=\"font-weight: 400;\">DHA to jeden z podstawowych sk\u0142adnik\u00f3w budulcowych m\u00f3zgu oraz siatk\u00f3wki oka. Wspiera prawid\u0142owego funkcjonowania m\u00f3zgu, zdolno\u015bci poznawcze, ostro\u015b\u0107 widzenia oraz rozw\u00f3j neurologiczny \u2013 ju\u017c od \u017cycia p\u0142odowego. Suplementacja dha i epa jest szczeg\u00f3lnie polecana w okresach intensywnej nauki, pracy umys\u0142owej, ci\u0105\u017cy i starzenia si\u0119 organizmu. Spo\u017cywanie dha w dawce 250 mg dha dziennie przyczynia si\u0119 do prawid\u0142owego funkcjonowania m\u00f3zgu oraz przyczynia si\u0119 do prawid\u0142owego rozwoju p\u0142odu i dzieci.<\/span><\/p>\n<p><span style=\"font-weight: 400;\">Kapsu\u0142ki s\u0105 w 100% ro\u015blinne, nie zawieraj\u0105 karagenu ani konserwant\u00f3w, a ich opakowanie wykonano ze szk\u0142a \u2013 z my\u015bl\u0105 o ochronie sk\u0142adnika i \u015brodowiska. Przeciwutleniacze chroni\u0105ce olej z alg przed degradacj\u0105 oraz szczelne zamkni\u0119cie zapobiegaj\u0105 utlenianiu \u2013 co zabezpiecza olej z alg przed utlenianiem. To doskona\u0142y wyb\u00f3r dla os\u00f3b, kt\u00f3re chc\u0105 zadba\u0107 o w\u0142a\u015bciwy poziom kwas\u00f3w omega-3 w organizmie oraz os\u00f3b unikaj\u0105cych sk\u0142adnik\u00f3w odzwierz\u0119cych.<\/span><\/p>\n<p><b>Producent\/ Podmiot odpowiedzialny:<\/b><\/p>\n<p><span style=\"font-weight: 400;\">Biodio Lab Sp. z o.o.<\/span><\/p>\n<p><span style=\"font-weight: 400;\">Ul. Choroszcza\u0144ska 24<\/span><\/p>\n<p><span style=\"font-weight: 400;\">15-732 Bia\u0142ystok<\/span><\/p>\n","protected":false},"excerpt":{"rendered":"<ul>\n<li aria-level=\"1\">\n<h2>Wega\u0144skie omega-3:<\/h2>\n<\/li>\n<li style=\"font-weight: 400;\" aria-level=\"1\"><span style=\"font-weight: 400;\">1000 mg oleju z alg Schizochytrium sp., w tym 550 mg wysoko przyswajalnego DHA w formie naturalnych tr\u00f3jgliceryd\u00f3w<\/span><\/li>\n<li style=\"font-weight: 400;\" aria-level=\"1\"><span style=\"font-weight: 400;\">czyste, ro\u015blinne omega-3 \u2013 pozbawione rybiego posmaku, metali ci\u0119\u017ckich, GMO i sztucznych dodatk\u00f3w<\/span><\/li>\n<li style=\"font-weight: 400;\" aria-level=\"1\"><span style=\"font-weight: 400;\">wsparcie dla funkcji poznawczych, ostro\u015bci widzenia i prawid\u0142owej pracy uk\u0142adu nerwowego<\/span><\/li>\n<li style=\"font-weight: 400;\" aria-level=\"1\"><span style=\"font-weight: 400;\">przeznaczony dla wegan, wegetarian, kobiet w ci\u0105\u017cy, dzieci od 3 lat, doros\u0142ych i os\u00f3b starszych<\/span><\/li>\n<li style=\"font-weight: 400;\" aria-level=\"1\"><span style=\"font-weight: 400;\">kapsu\u0142ki ro\u015blinne z tapioki, bez karagenu, w ekologicznym szklanym opakowaniu<\/span><\/li>\n<li style=\"font-weight: 400;\" aria-level=\"1\"><span style=\"font-weight: 400;\">certyfikowany surowiec DHA Origins\u00ae 550 by Fermentalg\u00ae \u2013 produkowany w Europie w kontrolowanych warunkach<\/span><\/li>\n<li style=\"font-weight: 400;\" aria-level=\"1\"><span style=\"font-weight: 400;\">zawarto\u015b\u0107 opakowania: 60 kapsu\u0142ek\u00a0<\/span><\/li>\n<\/ul>\n<p>Masa netto: 87 g<\/p>\n<p>&nbsp;<\/p>\n","protected":false},"featured_media":300132,"template":"","meta":{"_acf_changed":false},"product_brand":[],"product_cat":[439,422,454,446,448],"product_tag":[],"class_list":{"0":"post-300131","1":"product","2":"type-product","3":"status-publish","4":"has-post-thumbnail","6":"product_cat-biowen","7":"product_cat-suplementy-na-lepszy-nastroj","8":"product_cat-narzady-zmyslow","9":"product_cat-suplementy-na-uklad-krazenia","10":"product_cat-suplementy-na-uklad-nerwowy","12":"first","13":"instock","14":"shipping-taxable","15":"purchasable","16":"product-type-simple"},"acf":[],"yoast_head":"<!-- This site is optimized with the Yoast SEO Premium plugin v24.8 (Yoast SEO v27.3) - https:\/\/yoast.com\/product\/yoast-seo-premium-wordpress\/ -->\n<title>Omega-3 z alg Biowen | Wega\u0144skie Kwasy Omega 3 w kapsu\u0142kach - Hemp King<\/title>\n<meta name=\"description\" content=\"Zobacz \u261b Omega-3 z alg Biowen - 60 kapsu\u0142ek Wega\u0144skie kwasy omega-3 Biowen z alg morskich \u2013 bezpieczne dla dzieci, doros\u0142ych i kobiet w ci\u0105\u017cy. Zawieraj\u0105 250 mg DHA i EPA. Czysty sk\u0142ad, wysoka przyswajalno\u015b\u0107.\" \/>\n<meta name=\"robots\" content=\"index, follow\" \/>\n<link rel=\"canonical\" href=\"https:\/\/hempking.eu\/pl\/omega-3-z-alg-dha-biowen\/\" \/>\n<meta property=\"og:locale\" content=\"pl_PL\" \/>\n<meta property=\"og:type\" content=\"article\" \/>\n<meta property=\"og:title\" content=\"Omega-3 z alg Biowen - 60 kapsu\u0142ek\" \/>\n<meta property=\"og:description\" content=\"Zobacz \u261b Omega-3 z alg Biowen - 60 kapsu\u0142ek Wega\u0144skie kwasy omega-3 Biowen z alg morskich \u2013 bezpieczne dla dzieci, doros\u0142ych i kobiet w ci\u0105\u017cy. Zawieraj\u0105 250 mg DHA i EPA. Czysty sk\u0142ad, wysoka przyswajalno\u015b\u0107.\" \/>\n<meta property=\"og:url\" content=\"https:\/\/hempking.eu\/pl\/omega-3-z-alg-dha-biowen\/\" \/>\n<meta property=\"og:site_name\" content=\"Hemp King\" \/>\n<meta property=\"article:publisher\" content=\"https:\/\/www.facebook.com\/hempkingpoland\" \/>\n<meta property=\"article:modified_time\" content=\"2026-04-17T19:52:35+00:00\" \/>\n<meta property=\"og:image\" content=\"https:\/\/hempking.eu\/pl\/wp-content\/uploads\/sites\/2\/2025\/08\/Omega3_z_alg_Hempking.jpg\" \/>\n\t<meta property=\"og:image:width\" content=\"1000\" \/>\n\t<meta property=\"og:image:height\" content=\"1000\" \/>\n\t<meta property=\"og:image:type\" content=\"image\/jpeg\" \/>\n<meta name=\"twitter:card\" content=\"summary_large_image\" \/>\n<meta name=\"twitter:site\" content=\"@hempkingeu\" \/>\n<meta name=\"twitter:label1\" content=\"Cena\" \/>\n\t<meta name=\"twitter:data1\" content=\"99.99&nbsp;&#122;&#322;\" \/>\n\t<meta name=\"twitter:label2\" content=\"Dost\u0119pno\u015b\u0107\" \/>\n\t<meta name=\"twitter:data2\" content=\"Dost\u0119pny\" \/>\n<script type=\"application\/ld+json\" class=\"yoast-schema-graph\">{\"@context\":\"https:\\\/\\\/schema.org\",\"@graph\":[{\"@type\":\"WebPage\",\"@id\":\"https:\\\/\\\/hempking.eu\\\/pl\\\/omega-3-z-alg-dha-biowen\\\/\",\"url\":\"https:\\\/\\\/hempking.eu\\\/pl\\\/omega-3-z-alg-dha-biowen\\\/\",\"name\":\"Omega-3 z alg Biowen | Wega\u0144skie Kwasy Omega 3 w kapsu\u0142kach - Hemp King\",\"isPartOf\":{\"@id\":\"https:\\\/\\\/hempking.eu\\\/pl\\\/#website\"},\"primaryImageOfPage\":{\"@id\":\"https:\\\/\\\/hempking.eu\\\/pl\\\/omega-3-z-alg-dha-biowen\\\/#primaryimage\"},\"image\":{\"@id\":\"https:\\\/\\\/hempking.eu\\\/pl\\\/omega-3-z-alg-dha-biowen\\\/#primaryimage\"},\"thumbnailUrl\":\"https:\\\/\\\/hempking.eu\\\/pl\\\/wp-content\\\/uploads\\\/sites\\\/2\\\/2025\\\/08\\\/Omega3_z_alg_Hempking.jpg\",\"datePublished\":\"2025-08-19T09:29:10+00:00\",\"dateModified\":\"2026-04-17T19:52:35+00:00\",\"description\":\"Zobacz \u261b Omega-3 z alg Biowen - 60 kapsu\u0142ek Wega\u0144skie kwasy omega-3 Biowen z alg morskich \u2013 bezpieczne dla dzieci, doros\u0142ych i kobiet w ci\u0105\u017cy. Zawieraj\u0105 250 mg DHA i EPA. Czysty sk\u0142ad, wysoka przyswajalno\u015b\u0107.\",\"breadcrumb\":{\"@id\":\"https:\\\/\\\/hempking.eu\\\/pl\\\/omega-3-z-alg-dha-biowen\\\/#breadcrumb\"},\"inLanguage\":\"pl-PL\",\"potentialAction\":[{\"@type\":\"ReadAction\",\"target\":[\"https:\\\/\\\/hempking.eu\\\/pl\\\/omega-3-z-alg-dha-biowen\\\/\"]}]},{\"@type\":\"ImageObject\",\"inLanguage\":\"pl-PL\",\"@id\":\"https:\\\/\\\/hempking.eu\\\/pl\\\/omega-3-z-alg-dha-biowen\\\/#primaryimage\",\"url\":\"https:\\\/\\\/hempking.eu\\\/pl\\\/wp-content\\\/uploads\\\/sites\\\/2\\\/2025\\\/08\\\/Omega3_z_alg_Hempking.jpg\",\"contentUrl\":\"https:\\\/\\\/hempking.eu\\\/pl\\\/wp-content\\\/uploads\\\/sites\\\/2\\\/2025\\\/08\\\/Omega3_z_alg_Hempking.jpg\",\"width\":1000,\"height\":1000},{\"@type\":\"BreadcrumbList\",\"@id\":\"https:\\\/\\\/hempking.eu\\\/pl\\\/omega-3-z-alg-dha-biowen\\\/#breadcrumb\",\"itemListElement\":[{\"@type\":\"ListItem\",\"position\":1,\"name\":\"Home\",\"item\":\"https:\\\/\\\/hempking.eu\\\/pl\\\/\"},{\"@type\":\"ListItem\",\"position\":2,\"name\":\"Sklep\",\"item\":\"https:\\\/\\\/hempking.eu\\\/pl\\\/shop\\\/\"},{\"@type\":\"ListItem\",\"position\":3,\"name\":\"Suplementy wed\u0142ug potrzeb\",\"item\":\"https:\\\/\\\/hempking.eu\\\/pl\\\/suplementy-i-preparaty-na-dolegliwosci\\\/\"},{\"@type\":\"ListItem\",\"position\":4,\"name\":\"Lepszy nastr\u00f3j\",\"item\":\"https:\\\/\\\/hempking.eu\\\/pl\\\/suplementy-na-lepszy-nastroj\\\/\"},{\"@type\":\"ListItem\",\"position\":5,\"name\":\"Omega-3 z alg Biowen - 60 kapsu\u0142ek\"}]},{\"@type\":\"WebSite\",\"@id\":\"https:\\\/\\\/hempking.eu\\\/pl\\\/#website\",\"url\":\"https:\\\/\\\/hempking.eu\\\/pl\\\/\",\"name\":\"Hemp King\",\"description\":\"\",\"publisher\":{\"@id\":\"https:\\\/\\\/hempking.eu\\\/pl\\\/#organization\"},\"potentialAction\":[{\"@type\":\"SearchAction\",\"target\":{\"@type\":\"EntryPoint\",\"urlTemplate\":\"https:\\\/\\\/hempking.eu\\\/pl\\\/?s={search_term_string}\"},\"query-input\":{\"@type\":\"PropertyValueSpecification\",\"valueRequired\":true,\"valueName\":\"search_term_string\"}}],\"inLanguage\":\"pl-PL\"},{\"@type\":\"Organization\",\"@id\":\"https:\\\/\\\/hempking.eu\\\/pl\\\/#organization\",\"name\":\"Hemp King\",\"url\":\"https:\\\/\\\/hempking.eu\\\/pl\\\/\",\"logo\":{\"@type\":\"ImageObject\",\"inLanguage\":\"pl-PL\",\"@id\":\"https:\\\/\\\/hempking.eu\\\/pl\\\/#\\\/schema\\\/logo\\\/image\\\/\",\"url\":\"https:\\\/\\\/hempking.eu\\\/pl\\\/wp-content\\\/uploads\\\/sites\\\/2\\\/2020\\\/05\\\/hempking.png\",\"contentUrl\":\"https:\\\/\\\/hempking.eu\\\/pl\\\/wp-content\\\/uploads\\\/sites\\\/2\\\/2020\\\/05\\\/hempking.png\",\"width\":148,\"height\":91,\"caption\":\"Hemp King\"},\"image\":{\"@id\":\"https:\\\/\\\/hempking.eu\\\/pl\\\/#\\\/schema\\\/logo\\\/image\\\/\"},\"sameAs\":[\"https:\\\/\\\/www.facebook.com\\\/hempkingpoland\",\"https:\\\/\\\/x.com\\\/hempkingeu\",\"https:\\\/\\\/www.instagram.com\\\/hempkingeu\\\/\",\"https:\\\/\\\/www.linkedin.com\\\/company\\\/hempking-eu\\\/mycompany\\\/\",\"https:\\\/\\\/pl.pinterest.com\\\/hempkingeu\\\/\",\"https:\\\/\\\/www.youtube.com\\\/channel\\\/UCUkeZA1fj4hSZfoYm0WpZ7w\"]}]}<\/script>\n<meta property=\"product:price:amount\" content=\"99.99\" \/>\n<meta property=\"product:price:currency\" content=\"PLN\" \/>\n<meta property=\"og:availability\" content=\"instock\" \/>\n<meta property=\"product:availability\" content=\"instock\" \/>\n<meta property=\"product:retailer_item_id\" content=\"5902906189023\" \/>\n<meta property=\"product:condition\" content=\"new\" \/>\n<!-- \/ Yoast SEO Premium plugin. -->","yoast_head_json":{"title":"Omega-3 z alg Biowen | Wega\u0144skie Kwasy Omega 3 w kapsu\u0142kach - Hemp King","description":"Zobacz \u261b Omega-3 z alg Biowen - 60 kapsu\u0142ek Wega\u0144skie kwasy omega-3 Biowen z alg morskich \u2013 bezpieczne dla dzieci, doros\u0142ych i kobiet w ci\u0105\u017cy. Zawieraj\u0105 250 mg DHA i EPA. Czysty sk\u0142ad, wysoka przyswajalno\u015b\u0107.","robots":{"index":"index","follow":"follow"},"canonical":"https:\/\/hempking.eu\/pl\/omega-3-z-alg-dha-biowen\/","og_locale":"pl_PL","og_type":"article","og_title":"Omega-3 z alg Biowen - 60 kapsu\u0142ek","og_description":"Zobacz \u261b Omega-3 z alg Biowen - 60 kapsu\u0142ek Wega\u0144skie kwasy omega-3 Biowen z alg morskich \u2013 bezpieczne dla dzieci, doros\u0142ych i kobiet w ci\u0105\u017cy. Zawieraj\u0105 250 mg DHA i EPA. Czysty sk\u0142ad, wysoka przyswajalno\u015b\u0107.","og_url":"https:\/\/hempking.eu\/pl\/omega-3-z-alg-dha-biowen\/","og_site_name":"Hemp King","article_publisher":"https:\/\/www.facebook.com\/hempkingpoland","article_modified_time":"2026-04-17T19:52:35+00:00","og_image":[{"width":1000,"height":1000,"url":"https:\/\/hempking.eu\/pl\/wp-content\/uploads\/sites\/2\/2025\/08\/Omega3_z_alg_Hempking.jpg","type":"image\/jpeg"}],"twitter_card":"summary_large_image","twitter_site":"@hempkingeu","twitter_misc":{"Cena":"99.99&nbsp;&#122;&#322;","Dost\u0119pno\u015b\u0107":"Dost\u0119pny"},"schema":{"@context":"https:\/\/schema.org","@graph":[{"@type":"WebPage","@id":"https:\/\/hempking.eu\/pl\/omega-3-z-alg-dha-biowen\/","url":"https:\/\/hempking.eu\/pl\/omega-3-z-alg-dha-biowen\/","name":"Omega-3 z alg Biowen | Wega\u0144skie Kwasy Omega 3 w kapsu\u0142kach - Hemp King","isPartOf":{"@id":"https:\/\/hempking.eu\/pl\/#website"},"primaryImageOfPage":{"@id":"https:\/\/hempking.eu\/pl\/omega-3-z-alg-dha-biowen\/#primaryimage"},"image":{"@id":"https:\/\/hempking.eu\/pl\/omega-3-z-alg-dha-biowen\/#primaryimage"},"thumbnailUrl":"https:\/\/hempking.eu\/pl\/wp-content\/uploads\/sites\/2\/2025\/08\/Omega3_z_alg_Hempking.jpg","datePublished":"2025-08-19T09:29:10+00:00","dateModified":"2026-04-17T19:52:35+00:00","description":"Zobacz \u261b Omega-3 z alg Biowen - 60 kapsu\u0142ek Wega\u0144skie kwasy omega-3 Biowen z alg morskich \u2013 bezpieczne dla dzieci, doros\u0142ych i kobiet w ci\u0105\u017cy. Zawieraj\u0105 250 mg DHA i EPA. Czysty sk\u0142ad, wysoka przyswajalno\u015b\u0107.","breadcrumb":{"@id":"https:\/\/hempking.eu\/pl\/omega-3-z-alg-dha-biowen\/#breadcrumb"},"inLanguage":"pl-PL","potentialAction":[{"@type":"ReadAction","target":["https:\/\/hempking.eu\/pl\/omega-3-z-alg-dha-biowen\/"]}]},{"@type":"ImageObject","inLanguage":"pl-PL","@id":"https:\/\/hempking.eu\/pl\/omega-3-z-alg-dha-biowen\/#primaryimage","url":"https:\/\/hempking.eu\/pl\/wp-content\/uploads\/sites\/2\/2025\/08\/Omega3_z_alg_Hempking.jpg","contentUrl":"https:\/\/hempking.eu\/pl\/wp-content\/uploads\/sites\/2\/2025\/08\/Omega3_z_alg_Hempking.jpg","width":1000,"height":1000},{"@type":"BreadcrumbList","@id":"https:\/\/hempking.eu\/pl\/omega-3-z-alg-dha-biowen\/#breadcrumb","itemListElement":[{"@type":"ListItem","position":1,"name":"Home","item":"https:\/\/hempking.eu\/pl\/"},{"@type":"ListItem","position":2,"name":"Sklep","item":"https:\/\/hempking.eu\/pl\/shop\/"},{"@type":"ListItem","position":3,"name":"Suplementy wed\u0142ug potrzeb","item":"https:\/\/hempking.eu\/pl\/suplementy-i-preparaty-na-dolegliwosci\/"},{"@type":"ListItem","position":4,"name":"Lepszy nastr\u00f3j","item":"https:\/\/hempking.eu\/pl\/suplementy-na-lepszy-nastroj\/"},{"@type":"ListItem","position":5,"name":"Omega-3 z alg Biowen - 60 kapsu\u0142ek"}]},{"@type":"WebSite","@id":"https:\/\/hempking.eu\/pl\/#website","url":"https:\/\/hempking.eu\/pl\/","name":"Hemp King","description":"","publisher":{"@id":"https:\/\/hempking.eu\/pl\/#organization"},"potentialAction":[{"@type":"SearchAction","target":{"@type":"EntryPoint","urlTemplate":"https:\/\/hempking.eu\/pl\/?s={search_term_string}"},"query-input":{"@type":"PropertyValueSpecification","valueRequired":true,"valueName":"search_term_string"}}],"inLanguage":"pl-PL"},{"@type":"Organization","@id":"https:\/\/hempking.eu\/pl\/#organization","name":"Hemp King","url":"https:\/\/hempking.eu\/pl\/","logo":{"@type":"ImageObject","inLanguage":"pl-PL","@id":"https:\/\/hempking.eu\/pl\/#\/schema\/logo\/image\/","url":"https:\/\/hempking.eu\/pl\/wp-content\/uploads\/sites\/2\/2020\/05\/hempking.png","contentUrl":"https:\/\/hempking.eu\/pl\/wp-content\/uploads\/sites\/2\/2020\/05\/hempking.png","width":148,"height":91,"caption":"Hemp King"},"image":{"@id":"https:\/\/hempking.eu\/pl\/#\/schema\/logo\/image\/"},"sameAs":["https:\/\/www.facebook.com\/hempkingpoland","https:\/\/x.com\/hempkingeu","https:\/\/www.instagram.com\/hempkingeu\/","https:\/\/www.linkedin.com\/company\/hempking-eu\/mycompany\/","https:\/\/pl.pinterest.com\/hempkingeu\/","https:\/\/www.youtube.com\/channel\/UCUkeZA1fj4hSZfoYm0WpZ7w"]}]},"product_price_amount":"99.99","product_price_currency":"PLN","og_availability":"instock","product_availability":"instock","product_retailer_item_id":"5902906189023","product_condition":"new"},"df_price":99.99,"df_sale_price":"","df_regular_price":99.99,"df_image_link":"https:\/\/hempking.eu\/pl\/wp-content\/uploads\/sites\/2\/2025\/08\/Omega3_z_alg_Hempking-300x300.jpg","_links":{"self":[{"href":"https:\/\/hempking.eu\/pl\/wp-json\/wp\/v2\/product\/300131","targetHints":{"allow":["GET"]}}],"collection":[{"href":"https:\/\/hempking.eu\/pl\/wp-json\/wp\/v2\/product"}],"about":[{"href":"https:\/\/hempking.eu\/pl\/wp-json\/wp\/v2\/types\/product"}],"wp:featuredmedia":[{"embeddable":true,"href":"https:\/\/hempking.eu\/pl\/wp-json\/wp\/v2\/media\/300132"}],"wp:attachment":[{"href":"https:\/\/hempking.eu\/pl\/wp-json\/wp\/v2\/media?parent=300131"}],"wp:term":[{"taxonomy":"product_brand","embeddable":true,"href":"https:\/\/hempking.eu\/pl\/wp-json\/wp\/v2\/product_brand?post=300131"},{"taxonomy":"product_cat","embeddable":true,"href":"https:\/\/hempking.eu\/pl\/wp-json\/wp\/v2\/product_cat?post=300131"},{"taxonomy":"product_tag","embeddable":true,"href":"https:\/\/hempking.eu\/pl\/wp-json\/wp\/v2\/product_tag?post=300131"}],"curies":[{"name":"wp","href":"https:\/\/api.w.org\/{rel}","templated":true}]}}