{"id":302928,"date":"2025-09-03T13:54:43","date_gmt":"2025-09-03T11:54:43","guid":{"rendered":"https:\/\/hempking.eu\/pl\/?post_type=product&#038;p=302928"},"modified":"2025-11-14T13:56:45","modified_gmt":"2025-11-14T12:56:45","slug":"reishi-400-mg-40-polisacharydow-30-beta-glukanow-krotka-data-waznosci","status":"publish","type":"product","link":"https:\/\/hempking.eu\/pl\/reishi-400-mg-40-polisacharydow-30-beta-glukanow-krotka-data-waznosci\/","title":{"rendered":"Reishi 400 mg - 40% polisacharyd\u00f3w, 30% beta-glukan\u00f3w - kr\u00f3tka data wa\u017cno\u015bci"},"content":{"rendered":"<h2 style=\"text-align: justify\">Reishi Lakownica \u017c\u00f3\u0142tawa (Ganoderma lucidum) &#8211; czym jest?<\/h2>\n<p style=\"text-align: justify\"><b>Grzyby Reishi<\/b><span style=\"font-weight: 400\">, czyli <\/span><b>Lakownica \u017c\u00f3\u0142tawa<\/b><span style=\"font-weight: 400\"> to grzyb, kt\u00f3ry jest uznawany za adaptogenny! Adaptogeny maj\u0105 za zadanie wspom\u00f3c organizm w przystosowaniu si\u0119 do aktualnych warunk\u00f3w, w jakich si\u0119 znajdujemy i lepiej sobie radzi\u0107 z r\u00f3\u017cnymi sytuacjami. <\/span><b>Reishi w kapsu\u0142kach<\/b><span style=\"font-weight: 400\"> to uniwersalny produkt, kt\u00f3ry w wygodny spos\u00f3b pozwala wzbogaci\u0107 Twoj\u0105 diet\u0119 o cenne sk\u0142adniki, jak polisacharydy, kt\u00f3re s\u0105 obecne w naszym produkcie <\/span><b>Reishi ekstrakt.<\/b><span style=\"font-weight: 400\">\u00a0<\/span><\/p>\n<p style=\"text-align: justify\"><b>Lakownica \u017c\u00f3\u0142tawa<\/b><span style=\"font-weight: 400\"> to japo\u0144ski rodzaj grzyba z rodziny lakownicowatych. <\/span><b>Grzyby Reishi<\/b><span style=\"font-weight: 400\"> s\u0105 znane g\u0142\u00f3wnie w medycynie naturalnej Dalekiego Wschodu. W Azji nazywano je boskimi grzybami nie\u015bmiertelno\u015bci. I chocia\u017c dzisiaj wiemy, \u017ce <\/span><b>grzyby Reishi<\/b><span style=\"font-weight: 400\"> nie\u015bmiertelno\u015bci nam nie zapewni\u0105, to wci\u0105\u017c ciesz\u0105 si\u0119 du\u017c\u0105 doz\u0105 zainteresowania w\u015br\u00f3d ludzi. Dzi\u0119ki umieszczeniu <\/span><b>Reishi w kapsu\u0142kach<\/b><span style=\"font-weight: 400\">, kt\u00f3re s\u0105 wykonane z wega\u0144skiego sk\u0142adnika, bez wzgl\u0119du na preferowan\u0105 diet\u0119, mo\u017cesz cieszy\u0107 si\u0119 grzybami w swoim codziennym \u017cyciu i bez problemu w\u0142\u0105czy\u0107 je do swojej codziennej suplementacji.<\/span><\/p>\n<p style=\"text-align: justify\"><a href=\"https:\/\/hempking.eu\/pl\/wp-content\/uploads\/sites\/2\/2020\/07\/warunki4.jpg\"><img decoding=\"async\" class=\"alignnone wp-image-101812 size-full\" src=\"https:\/\/hempking.eu\/pl\/wp-content\/uploads\/sites\/2\/2020\/07\/warunki4.jpg\" alt=\"o\u015bwiadczenia w UE\" width=\"755\" height=\"353\" srcset=\"https:\/\/hempking.eu\/pl\/wp-content\/uploads\/sites\/2\/2020\/07\/warunki4.jpg 755w, https:\/\/hempking.eu\/pl\/wp-content\/uploads\/sites\/2\/2020\/07\/warunki4-640x299.jpg 640w, https:\/\/hempking.eu\/pl\/wp-content\/uploads\/sites\/2\/2020\/07\/warunki4-400x187.jpg 400w\" sizes=\"(max-width: 755px) 100vw, 755px\" \/><\/a><\/p>\n<p style=\"text-align: justify\"><a href=\"https:\/\/hempking.eu\/pl\/wp-content\/uploads\/sites\/2\/2022\/01\/warunki2.jpg\"><img decoding=\"async\" class=\"alignnone size-full wp-image-85647\" src=\"https:\/\/hempking.eu\/pl\/wp-content\/uploads\/sites\/2\/2022\/01\/warunki2.jpg\" alt=\"warunki przechowywania produkt\u00f3w konopnych HempKing\" width=\"755\" height=\"307\" srcset=\"https:\/\/hempking.eu\/pl\/wp-content\/uploads\/sites\/2\/2022\/01\/warunki2.jpg 755w, https:\/\/hempking.eu\/pl\/wp-content\/uploads\/sites\/2\/2022\/01\/warunki2-640x260.jpg 640w, https:\/\/hempking.eu\/pl\/wp-content\/uploads\/sites\/2\/2022\/01\/warunki2-400x163.jpg 400w, https:\/\/hempking.eu\/pl\/wp-content\/uploads\/sites\/2\/2022\/01\/warunki2-600x244.jpg 600w\" sizes=\"(max-width: 755px) 100vw, 755px\" \/><\/a><\/p>\n<p><strong>Producent\/ Podmiot odpowiedzialny:<\/strong><\/p>\n<p>Biodio Lab Sp. z o.o.<br \/>\nUl. Choroszcza\u0144ska 24<br \/>\n15-732 Bia\u0142ystok<\/p>\n","protected":false},"excerpt":{"rendered":"<h2>Kr\u00f3tka data wa\u017cno\u015bci<\/h2>\n<h2>Grzyby Reishi 400 mg Biowen:<\/h2>\n<ul>\n<li>do stworzenia produktu wykorzystano owocniki,<\/li>\n<li>ich DER wynosi 25:1,<\/li>\n<li>zawieraj\u0105 ekstrakt <span style=\"font-weight: 400\">BioPerine\u00ae,<\/span><\/li>\n<li>wspieraj\u0105 odporno\u015b\u0107 i uk\u0142ad kr\u0105\u017cenia,<\/li>\n<li>produkt wega\u0144ski,<\/li>\n<li>masa netto: 45 g<\/li>\n<li>opakowanie wystarcza na 90 dni stosowania.<\/li>\n<\/ul>\n<p><strong>Opakowanie: 90 kapsu\u0142ek<\/strong><\/p>\n","protected":false},"featured_media":199850,"template":"","meta":{"_acf_changed":false},"product_brand":[],"product_cat":[101],"product_tag":[],"class_list":{"0":"post-302928","1":"product","2":"type-product","3":"status-publish","4":"has-post-thumbnail","6":"product_cat-last-minute","8":"first","9":"outofstock","10":"shipping-taxable","11":"purchasable","12":"product-type-simple"},"acf":[],"yoast_head":"<!-- This site is optimized with the Yoast SEO Premium plugin v24.8 (Yoast SEO v27.3) - https:\/\/yoast.com\/product\/yoast-seo-premium-wordpress\/ -->\n<title>Grzyb Reishi (Lakownica \u017c\u00f3\u0142tawa) 400 mg w kapsu\u0142kach - Biowen<\/title>\n<meta name=\"description\" content=\"Reishi (Lakownica \u017c\u00f3\u0142tawa) Biowen, to suplement doskonale znany w medycynie chi\u0144skiej. Zaczerpnij z m\u0105dro\u015bci medycyny wchodu i poznaj reishi!\" \/>\n<meta name=\"robots\" content=\"index, follow\" \/>\n<link rel=\"canonical\" href=\"https:\/\/hempking.eu\/pl\/reishi-400-mg-40-polisacharydow-30-beta-glukanow-krotka-data-waznosci\/\" \/>\n<meta property=\"og:locale\" content=\"pl_PL\" \/>\n<meta property=\"og:type\" content=\"article\" \/>\n<meta property=\"og:title\" content=\"Reishi 400 mg - 40% polisacharyd\u00f3w, 30% beta-glukan\u00f3w - kr\u00f3tka data wa\u017cno\u015bci\" \/>\n<meta property=\"og:description\" content=\"Reishi (Lakownica \u017c\u00f3\u0142tawa) Biowen, to suplement doskonale znany w medycynie chi\u0144skiej. Zaczerpnij z m\u0105dro\u015bci medycyny wchodu i poznaj reishi!\" \/>\n<meta property=\"og:url\" content=\"https:\/\/hempking.eu\/pl\/reishi-400-mg-40-polisacharydow-30-beta-glukanow-krotka-data-waznosci\/\" \/>\n<meta property=\"og:site_name\" content=\"Hemp King\" \/>\n<meta property=\"article:publisher\" content=\"https:\/\/www.facebook.com\/hempkingpoland\" \/>\n<meta property=\"article:modified_time\" content=\"2025-11-14T12:56:45+00:00\" \/>\n<meta property=\"og:image\" content=\"https:\/\/hempking.eu\/pl\/wp-content\/uploads\/sites\/2\/2022\/06\/reishi-biowen.jpg\" \/>\n\t<meta property=\"og:image:width\" content=\"1000\" \/>\n\t<meta property=\"og:image:height\" content=\"1000\" \/>\n\t<meta property=\"og:image:type\" content=\"image\/jpeg\" \/>\n<meta name=\"twitter:card\" content=\"summary_large_image\" \/>\n<meta name=\"twitter:site\" content=\"@hempkingeu\" \/>\n<meta name=\"twitter:label1\" content=\"Cena\" \/>\n\t<meta name=\"twitter:data1\" content=\"75.99&nbsp;&#122;&#322;\" \/>\n\t<meta name=\"twitter:label2\" content=\"Dost\u0119pno\u015b\u0107\" \/>\n\t<meta name=\"twitter:data2\" content=\"Brak w magazynie\" \/>\n<script type=\"application\/ld+json\" class=\"yoast-schema-graph\">{\"@context\":\"https:\\\/\\\/schema.org\",\"@graph\":[{\"@type\":\"WebPage\",\"@id\":\"https:\\\/\\\/hempking.eu\\\/pl\\\/reishi-400-mg-40-polisacharydow-30-beta-glukanow-krotka-data-waznosci\\\/\",\"url\":\"https:\\\/\\\/hempking.eu\\\/pl\\\/reishi-400-mg-40-polisacharydow-30-beta-glukanow-krotka-data-waznosci\\\/\",\"name\":\"Grzyb Reishi (Lakownica \u017c\u00f3\u0142tawa) 400 mg w kapsu\u0142kach - Biowen\",\"isPartOf\":{\"@id\":\"https:\\\/\\\/hempking.eu\\\/pl\\\/#website\"},\"primaryImageOfPage\":{\"@id\":\"https:\\\/\\\/hempking.eu\\\/pl\\\/reishi-400-mg-40-polisacharydow-30-beta-glukanow-krotka-data-waznosci\\\/#primaryimage\"},\"image\":{\"@id\":\"https:\\\/\\\/hempking.eu\\\/pl\\\/reishi-400-mg-40-polisacharydow-30-beta-glukanow-krotka-data-waznosci\\\/#primaryimage\"},\"thumbnailUrl\":\"https:\\\/\\\/hempking.eu\\\/pl\\\/wp-content\\\/uploads\\\/sites\\\/2\\\/2022\\\/06\\\/reishi-biowen.jpg\",\"datePublished\":\"2025-09-03T11:54:43+00:00\",\"dateModified\":\"2025-11-14T12:56:45+00:00\",\"description\":\"Reishi (Lakownica \u017c\u00f3\u0142tawa) Biowen, to suplement doskonale znany w medycynie chi\u0144skiej. Zaczerpnij z m\u0105dro\u015bci medycyny wchodu i poznaj reishi!\",\"breadcrumb\":{\"@id\":\"https:\\\/\\\/hempking.eu\\\/pl\\\/reishi-400-mg-40-polisacharydow-30-beta-glukanow-krotka-data-waznosci\\\/#breadcrumb\"},\"inLanguage\":\"pl-PL\",\"potentialAction\":[{\"@type\":\"ReadAction\",\"target\":[\"https:\\\/\\\/hempking.eu\\\/pl\\\/reishi-400-mg-40-polisacharydow-30-beta-glukanow-krotka-data-waznosci\\\/\"]}]},{\"@type\":\"ImageObject\",\"inLanguage\":\"pl-PL\",\"@id\":\"https:\\\/\\\/hempking.eu\\\/pl\\\/reishi-400-mg-40-polisacharydow-30-beta-glukanow-krotka-data-waznosci\\\/#primaryimage\",\"url\":\"https:\\\/\\\/hempking.eu\\\/pl\\\/wp-content\\\/uploads\\\/sites\\\/2\\\/2022\\\/06\\\/reishi-biowen.jpg\",\"contentUrl\":\"https:\\\/\\\/hempking.eu\\\/pl\\\/wp-content\\\/uploads\\\/sites\\\/2\\\/2022\\\/06\\\/reishi-biowen.jpg\",\"width\":1000,\"height\":1000,\"caption\":\"Kapsu\u0142ki Reishi (lakownicy \u017c\u00f3\u0142tawej) zamkni\u0119te w szklanym eko pojemniku z zakr\u0119tk\u0105. Na oko\u0142o suplementu le\u017c\u0105 rozrzucone grzyby reishi.\"},{\"@type\":\"BreadcrumbList\",\"@id\":\"https:\\\/\\\/hempking.eu\\\/pl\\\/reishi-400-mg-40-polisacharydow-30-beta-glukanow-krotka-data-waznosci\\\/#breadcrumb\",\"itemListElement\":[{\"@type\":\"ListItem\",\"position\":1,\"name\":\"Home\",\"item\":\"https:\\\/\\\/hempking.eu\\\/pl\\\/\"},{\"@type\":\"ListItem\",\"position\":2,\"name\":\"Sklep\",\"item\":\"https:\\\/\\\/hempking.eu\\\/pl\\\/shop\\\/\"},{\"@type\":\"ListItem\",\"position\":3,\"name\":\"\ud83d\udd25OKAZJE\ud83d\udd25\",\"item\":\"https:\\\/\\\/hempking.eu\\\/pl\\\/okazje\\\/\"},{\"@type\":\"ListItem\",\"position\":4,\"name\":\"\ud83d\udcb2Wyprzeda\u017c\",\"item\":\"https:\\\/\\\/hempking.eu\\\/pl\\\/last-minute\\\/\"},{\"@type\":\"ListItem\",\"position\":5,\"name\":\"Reishi 400 mg - 40% polisacharyd\u00f3w, 30% beta-glukan\u00f3w - kr\u00f3tka data wa\u017cno\u015bci\"}]},{\"@type\":\"WebSite\",\"@id\":\"https:\\\/\\\/hempking.eu\\\/pl\\\/#website\",\"url\":\"https:\\\/\\\/hempking.eu\\\/pl\\\/\",\"name\":\"Hemp King\",\"description\":\"\",\"publisher\":{\"@id\":\"https:\\\/\\\/hempking.eu\\\/pl\\\/#organization\"},\"potentialAction\":[{\"@type\":\"SearchAction\",\"target\":{\"@type\":\"EntryPoint\",\"urlTemplate\":\"https:\\\/\\\/hempking.eu\\\/pl\\\/?s={search_term_string}\"},\"query-input\":{\"@type\":\"PropertyValueSpecification\",\"valueRequired\":true,\"valueName\":\"search_term_string\"}}],\"inLanguage\":\"pl-PL\"},{\"@type\":\"Organization\",\"@id\":\"https:\\\/\\\/hempking.eu\\\/pl\\\/#organization\",\"name\":\"Hemp King\",\"url\":\"https:\\\/\\\/hempking.eu\\\/pl\\\/\",\"logo\":{\"@type\":\"ImageObject\",\"inLanguage\":\"pl-PL\",\"@id\":\"https:\\\/\\\/hempking.eu\\\/pl\\\/#\\\/schema\\\/logo\\\/image\\\/\",\"url\":\"https:\\\/\\\/hempking.eu\\\/pl\\\/wp-content\\\/uploads\\\/sites\\\/2\\\/2020\\\/05\\\/hempking.png\",\"contentUrl\":\"https:\\\/\\\/hempking.eu\\\/pl\\\/wp-content\\\/uploads\\\/sites\\\/2\\\/2020\\\/05\\\/hempking.png\",\"width\":148,\"height\":91,\"caption\":\"Hemp King\"},\"image\":{\"@id\":\"https:\\\/\\\/hempking.eu\\\/pl\\\/#\\\/schema\\\/logo\\\/image\\\/\"},\"sameAs\":[\"https:\\\/\\\/www.facebook.com\\\/hempkingpoland\",\"https:\\\/\\\/x.com\\\/hempkingeu\",\"https:\\\/\\\/www.instagram.com\\\/hempkingeu\\\/\",\"https:\\\/\\\/www.linkedin.com\\\/company\\\/hempking-eu\\\/mycompany\\\/\",\"https:\\\/\\\/pl.pinterest.com\\\/hempkingeu\\\/\",\"https:\\\/\\\/www.youtube.com\\\/channel\\\/UCUkeZA1fj4hSZfoYm0WpZ7w\"]}]}<\/script>\n<meta property=\"product:price:amount\" content=\"75.99\" \/>\n<meta property=\"product:price:currency\" content=\"PLN\" \/>\n<meta property=\"og:availability\" content=\"out of stock\" \/>\n<meta property=\"product:availability\" content=\"out of stock\" \/>\n<meta property=\"product:retailer_item_id\" content=\"132032\" \/>\n<meta property=\"product:condition\" content=\"new\" \/>\n<!-- \/ Yoast SEO Premium plugin. -->","yoast_head_json":{"title":"Grzyb Reishi (Lakownica \u017c\u00f3\u0142tawa) 400 mg w kapsu\u0142kach - Biowen","description":"Reishi (Lakownica \u017c\u00f3\u0142tawa) Biowen, to suplement doskonale znany w medycynie chi\u0144skiej. Zaczerpnij z m\u0105dro\u015bci medycyny wchodu i poznaj reishi!","robots":{"index":"index","follow":"follow"},"canonical":"https:\/\/hempking.eu\/pl\/reishi-400-mg-40-polisacharydow-30-beta-glukanow-krotka-data-waznosci\/","og_locale":"pl_PL","og_type":"article","og_title":"Reishi 400 mg - 40% polisacharyd\u00f3w, 30% beta-glukan\u00f3w - kr\u00f3tka data wa\u017cno\u015bci","og_description":"Reishi (Lakownica \u017c\u00f3\u0142tawa) Biowen, to suplement doskonale znany w medycynie chi\u0144skiej. Zaczerpnij z m\u0105dro\u015bci medycyny wchodu i poznaj reishi!","og_url":"https:\/\/hempking.eu\/pl\/reishi-400-mg-40-polisacharydow-30-beta-glukanow-krotka-data-waznosci\/","og_site_name":"Hemp King","article_publisher":"https:\/\/www.facebook.com\/hempkingpoland","article_modified_time":"2025-11-14T12:56:45+00:00","og_image":[{"width":1000,"height":1000,"url":"https:\/\/hempking.eu\/pl\/wp-content\/uploads\/sites\/2\/2022\/06\/reishi-biowen.jpg","type":"image\/jpeg"}],"twitter_card":"summary_large_image","twitter_site":"@hempkingeu","twitter_misc":{"Cena":"75.99&nbsp;&#122;&#322;","Dost\u0119pno\u015b\u0107":"Brak w magazynie"},"schema":{"@context":"https:\/\/schema.org","@graph":[{"@type":"WebPage","@id":"https:\/\/hempking.eu\/pl\/reishi-400-mg-40-polisacharydow-30-beta-glukanow-krotka-data-waznosci\/","url":"https:\/\/hempking.eu\/pl\/reishi-400-mg-40-polisacharydow-30-beta-glukanow-krotka-data-waznosci\/","name":"Grzyb Reishi (Lakownica \u017c\u00f3\u0142tawa) 400 mg w kapsu\u0142kach - Biowen","isPartOf":{"@id":"https:\/\/hempking.eu\/pl\/#website"},"primaryImageOfPage":{"@id":"https:\/\/hempking.eu\/pl\/reishi-400-mg-40-polisacharydow-30-beta-glukanow-krotka-data-waznosci\/#primaryimage"},"image":{"@id":"https:\/\/hempking.eu\/pl\/reishi-400-mg-40-polisacharydow-30-beta-glukanow-krotka-data-waznosci\/#primaryimage"},"thumbnailUrl":"https:\/\/hempking.eu\/pl\/wp-content\/uploads\/sites\/2\/2022\/06\/reishi-biowen.jpg","datePublished":"2025-09-03T11:54:43+00:00","dateModified":"2025-11-14T12:56:45+00:00","description":"Reishi (Lakownica \u017c\u00f3\u0142tawa) Biowen, to suplement doskonale znany w medycynie chi\u0144skiej. Zaczerpnij z m\u0105dro\u015bci medycyny wchodu i poznaj reishi!","breadcrumb":{"@id":"https:\/\/hempking.eu\/pl\/reishi-400-mg-40-polisacharydow-30-beta-glukanow-krotka-data-waznosci\/#breadcrumb"},"inLanguage":"pl-PL","potentialAction":[{"@type":"ReadAction","target":["https:\/\/hempking.eu\/pl\/reishi-400-mg-40-polisacharydow-30-beta-glukanow-krotka-data-waznosci\/"]}]},{"@type":"ImageObject","inLanguage":"pl-PL","@id":"https:\/\/hempking.eu\/pl\/reishi-400-mg-40-polisacharydow-30-beta-glukanow-krotka-data-waznosci\/#primaryimage","url":"https:\/\/hempking.eu\/pl\/wp-content\/uploads\/sites\/2\/2022\/06\/reishi-biowen.jpg","contentUrl":"https:\/\/hempking.eu\/pl\/wp-content\/uploads\/sites\/2\/2022\/06\/reishi-biowen.jpg","width":1000,"height":1000,"caption":"Kapsu\u0142ki Reishi (lakownicy \u017c\u00f3\u0142tawej) zamkni\u0119te w szklanym eko pojemniku z zakr\u0119tk\u0105. Na oko\u0142o suplementu le\u017c\u0105 rozrzucone grzyby reishi."},{"@type":"BreadcrumbList","@id":"https:\/\/hempking.eu\/pl\/reishi-400-mg-40-polisacharydow-30-beta-glukanow-krotka-data-waznosci\/#breadcrumb","itemListElement":[{"@type":"ListItem","position":1,"name":"Home","item":"https:\/\/hempking.eu\/pl\/"},{"@type":"ListItem","position":2,"name":"Sklep","item":"https:\/\/hempking.eu\/pl\/shop\/"},{"@type":"ListItem","position":3,"name":"\ud83d\udd25OKAZJE\ud83d\udd25","item":"https:\/\/hempking.eu\/pl\/okazje\/"},{"@type":"ListItem","position":4,"name":"\ud83d\udcb2Wyprzeda\u017c","item":"https:\/\/hempking.eu\/pl\/last-minute\/"},{"@type":"ListItem","position":5,"name":"Reishi 400 mg - 40% polisacharyd\u00f3w, 30% beta-glukan\u00f3w - kr\u00f3tka data wa\u017cno\u015bci"}]},{"@type":"WebSite","@id":"https:\/\/hempking.eu\/pl\/#website","url":"https:\/\/hempking.eu\/pl\/","name":"Hemp King","description":"","publisher":{"@id":"https:\/\/hempking.eu\/pl\/#organization"},"potentialAction":[{"@type":"SearchAction","target":{"@type":"EntryPoint","urlTemplate":"https:\/\/hempking.eu\/pl\/?s={search_term_string}"},"query-input":{"@type":"PropertyValueSpecification","valueRequired":true,"valueName":"search_term_string"}}],"inLanguage":"pl-PL"},{"@type":"Organization","@id":"https:\/\/hempking.eu\/pl\/#organization","name":"Hemp King","url":"https:\/\/hempking.eu\/pl\/","logo":{"@type":"ImageObject","inLanguage":"pl-PL","@id":"https:\/\/hempking.eu\/pl\/#\/schema\/logo\/image\/","url":"https:\/\/hempking.eu\/pl\/wp-content\/uploads\/sites\/2\/2020\/05\/hempking.png","contentUrl":"https:\/\/hempking.eu\/pl\/wp-content\/uploads\/sites\/2\/2020\/05\/hempking.png","width":148,"height":91,"caption":"Hemp King"},"image":{"@id":"https:\/\/hempking.eu\/pl\/#\/schema\/logo\/image\/"},"sameAs":["https:\/\/www.facebook.com\/hempkingpoland","https:\/\/x.com\/hempkingeu","https:\/\/www.instagram.com\/hempkingeu\/","https:\/\/www.linkedin.com\/company\/hempking-eu\/mycompany\/","https:\/\/pl.pinterest.com\/hempkingeu\/","https:\/\/www.youtube.com\/channel\/UCUkeZA1fj4hSZfoYm0WpZ7w"]}]},"product_price_amount":"75.99","product_price_currency":"PLN","og_availability":"out of stock","product_availability":"out of stock","product_retailer_item_id":"132032","product_condition":"new"},"df_price":75.99,"df_sale_price":"","df_regular_price":75.99,"df_image_link":"https:\/\/hempking.eu\/pl\/wp-content\/uploads\/sites\/2\/2022\/06\/reishi-biowen-300x300.jpg","_links":{"self":[{"href":"https:\/\/hempking.eu\/pl\/wp-json\/wp\/v2\/product\/302928","targetHints":{"allow":["GET"]}}],"collection":[{"href":"https:\/\/hempking.eu\/pl\/wp-json\/wp\/v2\/product"}],"about":[{"href":"https:\/\/hempking.eu\/pl\/wp-json\/wp\/v2\/types\/product"}],"wp:featuredmedia":[{"embeddable":true,"href":"https:\/\/hempking.eu\/pl\/wp-json\/wp\/v2\/media\/199850"}],"wp:attachment":[{"href":"https:\/\/hempking.eu\/pl\/wp-json\/wp\/v2\/media?parent=302928"}],"wp:term":[{"taxonomy":"product_brand","embeddable":true,"href":"https:\/\/hempking.eu\/pl\/wp-json\/wp\/v2\/product_brand?post=302928"},{"taxonomy":"product_cat","embeddable":true,"href":"https:\/\/hempking.eu\/pl\/wp-json\/wp\/v2\/product_cat?post=302928"},{"taxonomy":"product_tag","embeddable":true,"href":"https:\/\/hempking.eu\/pl\/wp-json\/wp\/v2\/product_tag?post=302928"}],"curies":[{"name":"wp","href":"https:\/\/api.w.org\/{rel}","templated":true}]}}