{"id":307256,"date":"2025-09-26T14:57:46","date_gmt":"2025-09-26T12:57:46","guid":{"rendered":"https:\/\/hempking.eu\/pl\/?post_type=product&#038;p=307256"},"modified":"2026-04-01T13:25:56","modified_gmt":"2026-04-01T11:25:56","slug":"wiesiolek-forte-1050-mg-biowen-90-kapsulek-krotka-data-waznosci","status":"publish","type":"product","link":"https:\/\/hempking.eu\/pl\/wiesiolek-forte-1050-mg-biowen-90-kapsulek-krotka-data-waznosci\/","title":{"rendered":"Wiesio\u0142ek Forte 1050 mg Biowen - 90 kapsu\u0142ek - kr\u00f3tka data wa\u017cno\u015bci"},"content":{"rendered":"<p><span style=\"font-weight: 400\">Wiesio\u0142ek Forte to t\u0142oczony na zimno olej z wiesio\u0142ka, zamkni\u0119ty w kapsu\u0142ce z tapioki &#8211; bez karagenu! Olej z wiesio\u0142ka dwuletniego wzbogacili\u015bmy witamin\u0105 E EVnol\u2122 z palmy malezyjskiej o pe\u0142nym spektrum, zawieraj\u0105cym tokotrienole i tokoferol. Tak bogaty sk\u0142ad mie\u015bci si\u0119 w wega\u0144skiej kapsu\u0142ce. Ca\u0142e opakowanie Wiesio\u0142ka Forte od Biowen to a\u017c 90 kapsu\u0142ek w szklanym, ciemnym s\u0142oiku.\u00a0<\/span><\/p>\n<p><span style=\"font-weight: 400\">Olej z wiesio\u0142ka zawiera cenne kwasy t\u0142uszczowe: 85% kwasu linolowego oraz 10% kwasu gamma-linolenowego. Olej z wiesio\u0142ka jest cz\u0119sto stosowany przez kobiety w okresie menopauzy, ze wzgl\u0119du na swoje w\u0142a\u015bciwo\u015bci korzystnie wp\u0142ywaj\u0105ce na balans uk\u0142adu hormonalnego.\u00a0 Wiesio\u0142ek bierze te\u017c udzia\u0142 w regulacji czynno\u015bci metabolicznych, jako prekursor prostaglandyn, kt\u00f3re s\u0105 regulatorami zwi\u0105zanymi z wieloma funkcjami metabolicznymi organizmu. Dodatkowo wspiera tkank\u0119 \u0142\u0105czn\u0105, zdrowie sk\u00f3ry, wspiera balans mi\u0119dzy \u201cdobrym\u201d a \u201cz\u0142ym\u201d cholesterolem. W tradycyjnej medycynie ludowej by\u0142 stosowany jako \u015brodek przeciwzakrzepowy!\u00a0<\/span><\/p>\n<h2><b>Wiesio\u0142ek &#8211; cenne nienasycone kwasy t\u0142uszczowe<\/b><\/h2>\n<p><span style=\"font-weight: 400\">Wiesio\u0142ek zawiera wielonienasycone kwasy t\u0142uszczowe, kt\u00f3re s\u0105 korzystne dla organizmu i niezb\u0119dne w ka\u017cdej odpowiednio zbilansowanej diecie. To w\u0142a\u015bnie one zmniejszaj\u0105 ryzyko wyst\u0105pienia choroby wie\u0144cowej, dzi\u0119ki swojemu wp\u0142ywowi na poziom cholesterolu we krwi. Wykazano, \u017ce zast\u0105pienie t\u0142uszcz\u00f3w nasyconych t\u0142uszczami nienasyconymi w diecie obni\u017ca poziom cholesterolu we krwi. Wysoki poziom cholesterolu jest czynnikiem ryzyka rozwoju choroby wie\u0144cowej serca. Choroba wie\u0144cowa serca jest zwi\u0105zana z niedostatecznym ukrwieniem mi\u0119\u015bnia sercowego z powodu zbyt w\u0105skiego \u015bwiat\u0142a t\u0119tnic. W efekcie serce jest r\u00f3wnie\u017c niedostatecznie dotlenione. Za jej wyst\u0119powanie odpowiada r\u00f3wnie\u017c dieta, zatem odpowiednia poda\u017c nienasyconych kwas\u00f3w t\u0142uszczowych jest niezb\u0119dna dla zachowania zdrowia uk\u0142adu kr\u0105\u017cenia.\u00a0<\/span><\/p>\n<h2><b>Wiesio\u0142ek Forte &#8211; czysty sk\u0142ad!<\/b><\/h2>\n<p><span style=\"font-weight: 400\">Wiesio\u0142ek Forte od Biowen to suplement, kt\u00f3ry mo\u017ce poszczyci\u0107 si\u0119 czystym sk\u0142adem, bez zb\u0119dnych dodatk\u00f3w, takich jak barwniki, aromaty czy wype\u0142niacze lub stabilizatory! Marka Biowen jak zwykle zadba\u0142a o to, by produkt m\u00f3g\u0142 wpisa\u0107 si\u0119 w za\u0142o\u017cenia idei \u201cClean Label\u201d. Do tego nale\u017cy zwr\u00f3ci\u0107 uwag\u0119 na szklane opakowanie ze stalow\u0105 nakr\u0119tk\u0105. Nie jest plastikowe, wi\u0119c nie ma tutaj mowy o przedostaniu si\u0119 mikroplastiku do suplementu. Po spo\u017cyciu suplementu mo\u017cesz s\u0142oik wykorzysta\u0107 ponownie &#8211; np. do przechowywania!\u00a0<\/span><\/p>\n<p><b>Producent\/ Podmiot odpowiedzialny:<\/b><\/p>\n<p><span style=\"font-weight: 400\">Biodio Lab Sp. z o.o.<\/span><span style=\"font-weight: 400\"><br \/>\n<\/span><span style=\"font-weight: 400\">Ul. Choroszcza\u0144ska 24<\/span><span style=\"font-weight: 400\"><br \/>\n<\/span><span style=\"font-weight: 400\">15-732 Bia\u0142ystok\u00a0<\/span><\/p>\n<p>&nbsp;<\/p>\n","protected":false},"excerpt":{"rendered":"<h2>Kr\u00f3tki termin wa\u017cno\u015bci:<\/h2>\n<h2><strong>Wiesio\u0142ek Forte Biowen:<\/strong><\/h2>\n<ul>\n<li>olej z wiesio\u0142ka zamkni\u0119ty w wygodnych kapsu\u0142kach,<\/li>\n<li>wega\u0144skie kapsu\u0142ki, <strong>bez karagenu!<\/strong><\/li>\n<li>pozytywnie dzia\u0142a na uk\u0142ad hormonalny, sk\u00f3r\u0119 oraz poziom cholesterolu,<\/li>\n<li>masa netto: 94,5 g<\/li>\n<\/ul>\n<p><strong>Pojemno\u015b\u0107: 90 kapsu\u0142ek<\/strong><\/p>\n","protected":false},"featured_media":234526,"template":"","meta":{"_acf_changed":false},"product_brand":[],"product_cat":[101],"product_tag":[],"class_list":{"0":"post-307256","1":"product","2":"type-product","3":"status-publish","4":"has-post-thumbnail","6":"product_cat-last-minute","8":"first","9":"outofstock","10":"sale","11":"shipping-taxable","12":"purchasable","13":"product-type-simple"},"acf":[],"yoast_head":"<!-- This site is optimized with the Yoast SEO Premium plugin v24.8 (Yoast SEO v27.3) - https:\/\/yoast.com\/product\/yoast-seo-premium-wordpress\/ -->\n<title>Wiesio\u0142ek Forte 1050 mg Biowen - 90 kapsu\u0142ek - kr\u00f3tka data wa\u017cno\u015bci - Hemp King<\/title>\n<meta name=\"description\" content=\"Zobacz \u261b Wiesio\u0142ek Forte 1050 mg Biowen - 90 kapsu\u0142ek - kr\u00f3tka data wa\u017cno\u015bci w konopnym sklepie HempKing \u2705100% naturalne \u2705 Zadbaj z nami o swoj\u0105 diet\u0119!\" \/>\n<meta name=\"robots\" content=\"index, follow\" \/>\n<link rel=\"canonical\" href=\"https:\/\/hempking.eu\/pl\/wiesiolek-forte-1050-mg-biowen-90-kapsulek-krotka-data-waznosci\/\" \/>\n<meta property=\"og:locale\" content=\"pl_PL\" \/>\n<meta property=\"og:type\" content=\"article\" \/>\n<meta property=\"og:title\" content=\"Wiesio\u0142ek Forte 1050 mg Biowen - 90 kapsu\u0142ek - kr\u00f3tka data wa\u017cno\u015bci\" \/>\n<meta property=\"og:description\" content=\"Zobacz \u261b Wiesio\u0142ek Forte 1050 mg Biowen - 90 kapsu\u0142ek - kr\u00f3tka data wa\u017cno\u015bci w konopnym sklepie HempKing \u2705100% naturalne \u2705 Zadbaj z nami o swoj\u0105 diet\u0119!\" \/>\n<meta property=\"og:url\" content=\"https:\/\/hempking.eu\/pl\/wiesiolek-forte-1050-mg-biowen-90-kapsulek-krotka-data-waznosci\/\" \/>\n<meta property=\"og:site_name\" content=\"Hemp King\" \/>\n<meta property=\"article:publisher\" content=\"https:\/\/www.facebook.com\/hempkingpoland\" \/>\n<meta property=\"article:modified_time\" content=\"2026-04-01T11:25:56+00:00\" \/>\n<meta property=\"og:image\" content=\"https:\/\/hempking.eu\/pl\/wp-content\/uploads\/sites\/2\/2024\/10\/olej_z_wiesiolka_wizualizacja_hempking.jpg\" \/>\n\t<meta property=\"og:image:width\" content=\"1000\" \/>\n\t<meta property=\"og:image:height\" content=\"1000\" \/>\n\t<meta property=\"og:image:type\" content=\"image\/jpeg\" \/>\n<meta name=\"twitter:card\" content=\"summary_large_image\" \/>\n<meta name=\"twitter:site\" content=\"@hempkingeu\" \/>\n<meta name=\"twitter:label1\" content=\"Cena\" \/>\n\t<meta name=\"twitter:data1\" content=\"57.74&nbsp;&#122;&#322;\" \/>\n\t<meta name=\"twitter:label2\" content=\"Dost\u0119pno\u015b\u0107\" \/>\n\t<meta name=\"twitter:data2\" content=\"Brak w magazynie\" \/>\n<script type=\"application\/ld+json\" class=\"yoast-schema-graph\">{\"@context\":\"https:\\\/\\\/schema.org\",\"@graph\":[{\"@type\":\"WebPage\",\"@id\":\"https:\\\/\\\/hempking.eu\\\/pl\\\/wiesiolek-forte-1050-mg-biowen-90-kapsulek-krotka-data-waznosci\\\/\",\"url\":\"https:\\\/\\\/hempking.eu\\\/pl\\\/wiesiolek-forte-1050-mg-biowen-90-kapsulek-krotka-data-waznosci\\\/\",\"name\":\"Wiesio\u0142ek Forte 1050 mg Biowen - 90 kapsu\u0142ek - kr\u00f3tka data wa\u017cno\u015bci - Hemp King\",\"isPartOf\":{\"@id\":\"https:\\\/\\\/hempking.eu\\\/pl\\\/#website\"},\"primaryImageOfPage\":{\"@id\":\"https:\\\/\\\/hempking.eu\\\/pl\\\/wiesiolek-forte-1050-mg-biowen-90-kapsulek-krotka-data-waznosci\\\/#primaryimage\"},\"image\":{\"@id\":\"https:\\\/\\\/hempking.eu\\\/pl\\\/wiesiolek-forte-1050-mg-biowen-90-kapsulek-krotka-data-waznosci\\\/#primaryimage\"},\"thumbnailUrl\":\"https:\\\/\\\/hempking.eu\\\/pl\\\/wp-content\\\/uploads\\\/sites\\\/2\\\/2024\\\/10\\\/olej_z_wiesiolka_wizualizacja_hempking.jpg\",\"datePublished\":\"2025-09-26T12:57:46+00:00\",\"dateModified\":\"2026-04-01T11:25:56+00:00\",\"description\":\"Zobacz \u261b Wiesio\u0142ek Forte 1050 mg Biowen - 90 kapsu\u0142ek - kr\u00f3tka data wa\u017cno\u015bci w konopnym sklepie HempKing \u2705100% naturalne \u2705 Zadbaj z nami o swoj\u0105 diet\u0119!\",\"breadcrumb\":{\"@id\":\"https:\\\/\\\/hempking.eu\\\/pl\\\/wiesiolek-forte-1050-mg-biowen-90-kapsulek-krotka-data-waznosci\\\/#breadcrumb\"},\"inLanguage\":\"pl-PL\",\"potentialAction\":[{\"@type\":\"ReadAction\",\"target\":[\"https:\\\/\\\/hempking.eu\\\/pl\\\/wiesiolek-forte-1050-mg-biowen-90-kapsulek-krotka-data-waznosci\\\/\"]}]},{\"@type\":\"ImageObject\",\"inLanguage\":\"pl-PL\",\"@id\":\"https:\\\/\\\/hempking.eu\\\/pl\\\/wiesiolek-forte-1050-mg-biowen-90-kapsulek-krotka-data-waznosci\\\/#primaryimage\",\"url\":\"https:\\\/\\\/hempking.eu\\\/pl\\\/wp-content\\\/uploads\\\/sites\\\/2\\\/2024\\\/10\\\/olej_z_wiesiolka_wizualizacja_hempking.jpg\",\"contentUrl\":\"https:\\\/\\\/hempking.eu\\\/pl\\\/wp-content\\\/uploads\\\/sites\\\/2\\\/2024\\\/10\\\/olej_z_wiesiolka_wizualizacja_hempking.jpg\",\"width\":1000,\"height\":1000,\"caption\":\"Olej z Wiesio\u0142ka Biowen\"},{\"@type\":\"BreadcrumbList\",\"@id\":\"https:\\\/\\\/hempking.eu\\\/pl\\\/wiesiolek-forte-1050-mg-biowen-90-kapsulek-krotka-data-waznosci\\\/#breadcrumb\",\"itemListElement\":[{\"@type\":\"ListItem\",\"position\":1,\"name\":\"Home\",\"item\":\"https:\\\/\\\/hempking.eu\\\/pl\\\/\"},{\"@type\":\"ListItem\",\"position\":2,\"name\":\"Sklep\",\"item\":\"https:\\\/\\\/hempking.eu\\\/pl\\\/shop\\\/\"},{\"@type\":\"ListItem\",\"position\":3,\"name\":\"\ud83d\udd25OKAZJE\ud83d\udd25\",\"item\":\"https:\\\/\\\/hempking.eu\\\/pl\\\/okazje\\\/\"},{\"@type\":\"ListItem\",\"position\":4,\"name\":\"\ud83d\udcb2Wyprzeda\u017c\",\"item\":\"https:\\\/\\\/hempking.eu\\\/pl\\\/last-minute\\\/\"},{\"@type\":\"ListItem\",\"position\":5,\"name\":\"Wiesio\u0142ek Forte 1050 mg Biowen - 90 kapsu\u0142ek - kr\u00f3tka data wa\u017cno\u015bci\"}]},{\"@type\":\"WebSite\",\"@id\":\"https:\\\/\\\/hempking.eu\\\/pl\\\/#website\",\"url\":\"https:\\\/\\\/hempking.eu\\\/pl\\\/\",\"name\":\"Hemp King\",\"description\":\"\",\"publisher\":{\"@id\":\"https:\\\/\\\/hempking.eu\\\/pl\\\/#organization\"},\"potentialAction\":[{\"@type\":\"SearchAction\",\"target\":{\"@type\":\"EntryPoint\",\"urlTemplate\":\"https:\\\/\\\/hempking.eu\\\/pl\\\/?s={search_term_string}\"},\"query-input\":{\"@type\":\"PropertyValueSpecification\",\"valueRequired\":true,\"valueName\":\"search_term_string\"}}],\"inLanguage\":\"pl-PL\"},{\"@type\":\"Organization\",\"@id\":\"https:\\\/\\\/hempking.eu\\\/pl\\\/#organization\",\"name\":\"Hemp King\",\"url\":\"https:\\\/\\\/hempking.eu\\\/pl\\\/\",\"logo\":{\"@type\":\"ImageObject\",\"inLanguage\":\"pl-PL\",\"@id\":\"https:\\\/\\\/hempking.eu\\\/pl\\\/#\\\/schema\\\/logo\\\/image\\\/\",\"url\":\"https:\\\/\\\/hempking.eu\\\/pl\\\/wp-content\\\/uploads\\\/sites\\\/2\\\/2020\\\/05\\\/hempking.png\",\"contentUrl\":\"https:\\\/\\\/hempking.eu\\\/pl\\\/wp-content\\\/uploads\\\/sites\\\/2\\\/2020\\\/05\\\/hempking.png\",\"width\":148,\"height\":91,\"caption\":\"Hemp King\"},\"image\":{\"@id\":\"https:\\\/\\\/hempking.eu\\\/pl\\\/#\\\/schema\\\/logo\\\/image\\\/\"},\"sameAs\":[\"https:\\\/\\\/www.facebook.com\\\/hempkingpoland\",\"https:\\\/\\\/x.com\\\/hempkingeu\",\"https:\\\/\\\/www.instagram.com\\\/hempkingeu\\\/\",\"https:\\\/\\\/www.linkedin.com\\\/company\\\/hempking-eu\\\/mycompany\\\/\",\"https:\\\/\\\/pl.pinterest.com\\\/hempkingeu\\\/\",\"https:\\\/\\\/www.youtube.com\\\/channel\\\/UCUkeZA1fj4hSZfoYm0WpZ7w\"]}]}<\/script>\n<meta property=\"product:price:amount\" content=\"57.74\" \/>\n<meta property=\"product:price:currency\" content=\"PLN\" \/>\n<meta property=\"og:availability\" content=\"out of stock\" \/>\n<meta property=\"product:availability\" content=\"out of stock\" \/>\n<meta property=\"product:retailer_item_id\" content=\"120779\" \/>\n<meta property=\"product:condition\" content=\"new\" \/>\n<!-- \/ Yoast SEO Premium plugin. -->","yoast_head_json":{"title":"Wiesio\u0142ek Forte 1050 mg Biowen - 90 kapsu\u0142ek - kr\u00f3tka data wa\u017cno\u015bci - Hemp King","description":"Zobacz \u261b Wiesio\u0142ek Forte 1050 mg Biowen - 90 kapsu\u0142ek - kr\u00f3tka data wa\u017cno\u015bci w konopnym sklepie HempKing \u2705100% naturalne \u2705 Zadbaj z nami o swoj\u0105 diet\u0119!","robots":{"index":"index","follow":"follow"},"canonical":"https:\/\/hempking.eu\/pl\/wiesiolek-forte-1050-mg-biowen-90-kapsulek-krotka-data-waznosci\/","og_locale":"pl_PL","og_type":"article","og_title":"Wiesio\u0142ek Forte 1050 mg Biowen - 90 kapsu\u0142ek - kr\u00f3tka data wa\u017cno\u015bci","og_description":"Zobacz \u261b Wiesio\u0142ek Forte 1050 mg Biowen - 90 kapsu\u0142ek - kr\u00f3tka data wa\u017cno\u015bci w konopnym sklepie HempKing \u2705100% naturalne \u2705 Zadbaj z nami o swoj\u0105 diet\u0119!","og_url":"https:\/\/hempking.eu\/pl\/wiesiolek-forte-1050-mg-biowen-90-kapsulek-krotka-data-waznosci\/","og_site_name":"Hemp King","article_publisher":"https:\/\/www.facebook.com\/hempkingpoland","article_modified_time":"2026-04-01T11:25:56+00:00","og_image":[{"width":1000,"height":1000,"url":"https:\/\/hempking.eu\/pl\/wp-content\/uploads\/sites\/2\/2024\/10\/olej_z_wiesiolka_wizualizacja_hempking.jpg","type":"image\/jpeg"}],"twitter_card":"summary_large_image","twitter_site":"@hempkingeu","twitter_misc":{"Cena":"57.74&nbsp;&#122;&#322;","Dost\u0119pno\u015b\u0107":"Brak w magazynie"},"schema":{"@context":"https:\/\/schema.org","@graph":[{"@type":"WebPage","@id":"https:\/\/hempking.eu\/pl\/wiesiolek-forte-1050-mg-biowen-90-kapsulek-krotka-data-waznosci\/","url":"https:\/\/hempking.eu\/pl\/wiesiolek-forte-1050-mg-biowen-90-kapsulek-krotka-data-waznosci\/","name":"Wiesio\u0142ek Forte 1050 mg Biowen - 90 kapsu\u0142ek - kr\u00f3tka data wa\u017cno\u015bci - Hemp King","isPartOf":{"@id":"https:\/\/hempking.eu\/pl\/#website"},"primaryImageOfPage":{"@id":"https:\/\/hempking.eu\/pl\/wiesiolek-forte-1050-mg-biowen-90-kapsulek-krotka-data-waznosci\/#primaryimage"},"image":{"@id":"https:\/\/hempking.eu\/pl\/wiesiolek-forte-1050-mg-biowen-90-kapsulek-krotka-data-waznosci\/#primaryimage"},"thumbnailUrl":"https:\/\/hempking.eu\/pl\/wp-content\/uploads\/sites\/2\/2024\/10\/olej_z_wiesiolka_wizualizacja_hempking.jpg","datePublished":"2025-09-26T12:57:46+00:00","dateModified":"2026-04-01T11:25:56+00:00","description":"Zobacz \u261b Wiesio\u0142ek Forte 1050 mg Biowen - 90 kapsu\u0142ek - kr\u00f3tka data wa\u017cno\u015bci w konopnym sklepie HempKing \u2705100% naturalne \u2705 Zadbaj z nami o swoj\u0105 diet\u0119!","breadcrumb":{"@id":"https:\/\/hempking.eu\/pl\/wiesiolek-forte-1050-mg-biowen-90-kapsulek-krotka-data-waznosci\/#breadcrumb"},"inLanguage":"pl-PL","potentialAction":[{"@type":"ReadAction","target":["https:\/\/hempking.eu\/pl\/wiesiolek-forte-1050-mg-biowen-90-kapsulek-krotka-data-waznosci\/"]}]},{"@type":"ImageObject","inLanguage":"pl-PL","@id":"https:\/\/hempking.eu\/pl\/wiesiolek-forte-1050-mg-biowen-90-kapsulek-krotka-data-waznosci\/#primaryimage","url":"https:\/\/hempking.eu\/pl\/wp-content\/uploads\/sites\/2\/2024\/10\/olej_z_wiesiolka_wizualizacja_hempking.jpg","contentUrl":"https:\/\/hempking.eu\/pl\/wp-content\/uploads\/sites\/2\/2024\/10\/olej_z_wiesiolka_wizualizacja_hempking.jpg","width":1000,"height":1000,"caption":"Olej z Wiesio\u0142ka Biowen"},{"@type":"BreadcrumbList","@id":"https:\/\/hempking.eu\/pl\/wiesiolek-forte-1050-mg-biowen-90-kapsulek-krotka-data-waznosci\/#breadcrumb","itemListElement":[{"@type":"ListItem","position":1,"name":"Home","item":"https:\/\/hempking.eu\/pl\/"},{"@type":"ListItem","position":2,"name":"Sklep","item":"https:\/\/hempking.eu\/pl\/shop\/"},{"@type":"ListItem","position":3,"name":"\ud83d\udd25OKAZJE\ud83d\udd25","item":"https:\/\/hempking.eu\/pl\/okazje\/"},{"@type":"ListItem","position":4,"name":"\ud83d\udcb2Wyprzeda\u017c","item":"https:\/\/hempking.eu\/pl\/last-minute\/"},{"@type":"ListItem","position":5,"name":"Wiesio\u0142ek Forte 1050 mg Biowen - 90 kapsu\u0142ek - kr\u00f3tka data wa\u017cno\u015bci"}]},{"@type":"WebSite","@id":"https:\/\/hempking.eu\/pl\/#website","url":"https:\/\/hempking.eu\/pl\/","name":"Hemp King","description":"","publisher":{"@id":"https:\/\/hempking.eu\/pl\/#organization"},"potentialAction":[{"@type":"SearchAction","target":{"@type":"EntryPoint","urlTemplate":"https:\/\/hempking.eu\/pl\/?s={search_term_string}"},"query-input":{"@type":"PropertyValueSpecification","valueRequired":true,"valueName":"search_term_string"}}],"inLanguage":"pl-PL"},{"@type":"Organization","@id":"https:\/\/hempking.eu\/pl\/#organization","name":"Hemp King","url":"https:\/\/hempking.eu\/pl\/","logo":{"@type":"ImageObject","inLanguage":"pl-PL","@id":"https:\/\/hempking.eu\/pl\/#\/schema\/logo\/image\/","url":"https:\/\/hempking.eu\/pl\/wp-content\/uploads\/sites\/2\/2020\/05\/hempking.png","contentUrl":"https:\/\/hempking.eu\/pl\/wp-content\/uploads\/sites\/2\/2020\/05\/hempking.png","width":148,"height":91,"caption":"Hemp King"},"image":{"@id":"https:\/\/hempking.eu\/pl\/#\/schema\/logo\/image\/"},"sameAs":["https:\/\/www.facebook.com\/hempkingpoland","https:\/\/x.com\/hempkingeu","https:\/\/www.instagram.com\/hempkingeu\/","https:\/\/www.linkedin.com\/company\/hempking-eu\/mycompany\/","https:\/\/pl.pinterest.com\/hempkingeu\/","https:\/\/www.youtube.com\/channel\/UCUkeZA1fj4hSZfoYm0WpZ7w"]}]},"product_price_amount":"57.74","product_price_currency":"PLN","og_availability":"out of stock","product_availability":"out of stock","product_retailer_item_id":"120779","product_condition":"new"},"df_price":57.74,"df_sale_price":57.74,"df_regular_price":76.99,"df_image_link":"https:\/\/hempking.eu\/pl\/wp-content\/uploads\/sites\/2\/2024\/10\/olej_z_wiesiolka_wizualizacja_hempking-300x300.jpg","_links":{"self":[{"href":"https:\/\/hempking.eu\/pl\/wp-json\/wp\/v2\/product\/307256","targetHints":{"allow":["GET"]}}],"collection":[{"href":"https:\/\/hempking.eu\/pl\/wp-json\/wp\/v2\/product"}],"about":[{"href":"https:\/\/hempking.eu\/pl\/wp-json\/wp\/v2\/types\/product"}],"wp:featuredmedia":[{"embeddable":true,"href":"https:\/\/hempking.eu\/pl\/wp-json\/wp\/v2\/media\/234526"}],"wp:attachment":[{"href":"https:\/\/hempking.eu\/pl\/wp-json\/wp\/v2\/media?parent=307256"}],"wp:term":[{"taxonomy":"product_brand","embeddable":true,"href":"https:\/\/hempking.eu\/pl\/wp-json\/wp\/v2\/product_brand?post=307256"},{"taxonomy":"product_cat","embeddable":true,"href":"https:\/\/hempking.eu\/pl\/wp-json\/wp\/v2\/product_cat?post=307256"},{"taxonomy":"product_tag","embeddable":true,"href":"https:\/\/hempking.eu\/pl\/wp-json\/wp\/v2\/product_tag?post=307256"}],"curies":[{"name":"wp","href":"https:\/\/api.w.org\/{rel}","templated":true}]}}