{"id":308890,"date":"2025-10-07T11:56:10","date_gmt":"2025-10-07T09:56:10","guid":{"rendered":"https:\/\/hempking.eu\/pl\/?post_type=product&#038;p=308890"},"modified":"2026-04-18T20:44:29","modified_gmt":"2026-04-18T18:44:29","slug":"magnez-z-potasem-blister-30-kaps","status":"publish","type":"product","link":"https:\/\/hempking.eu\/pl\/magnez-z-potasem-blister-30-kaps\/","title":{"rendered":"Magnez z Potasem w blistrach Biowen 30 kapsu\u0142ek"},"content":{"rendered":"<p><span style=\"font-weight: 400;\">Wsparcie dla energii, serca i uk\u0142adu nerwowego \u2013 w wygodnym kartonowym opakowaniu.<\/span><\/p>\n<p><span style=\"font-weight: 400;\">Codzienne funkcjonowanie wymaga od organizmu ogromnych pok\u0142ad\u00f3w energii. Aby mi\u0119\u015bnie mog\u0142y pracowa\u0107 prawid\u0142owo, serce bi\u0142o w r\u00f3wnym rytmie, a uk\u0142ad nerwowy sprawnie przekazywa\u0142 impulsy nerwowe \u2013 potrzebne s\u0105 odpowiednie i wa\u017cne minera\u0142y. W\u0142a\u015bnie dlatego powsta\u0142 suplement diety Magnez z Potasem Biowen w kapsu\u0142kach ro\u015blinnych, \u0142\u0105cz\u0105cy a\u017c cztery r\u00f3\u017cne formy magnezu \u2013 cytrynian, diglicynian, jab\u0142czan i taurynian \u2013 wraz z cytrynianem potasu. To po\u0142\u0105czenie wspiera utrzymaniu r\u00f3wnowagi elektrolitowej i pomaga uzupe\u0142nia\u0107 codzienne zapotrzebowanie na te istotne dla prawid\u0142owego funkcjonowania sk\u0142adniki.<\/span><\/p>\n<p><span style=\"font-weight: 400;\">Dzi\u0119ki 30 kapsu\u0142kom umieszczonym w higienicznych blistrach, zapakowanych w ekologiczny kartonik, produkt jest por\u0119czny i \u0142atwy do przechowywania. Doskonale sprawdzi si\u0119 zar\u00f3wno w domu, jak i w podr\u00f3\u017cy czy w pracy \u2013 mo\u017cesz mie\u0107 go zawsze przy sobie i si\u0119ga\u0107 po niego wtedy, gdy tego potrzebujesz.<\/span><\/p>\n<h2><b>Dlaczego warto wybra\u0107 Magnez z Potasem Biowen?<\/b><\/h2>\n<ul>\n<li style=\"font-weight: 400;\"><span style=\"font-weight: 400;\">cztery formy magnezu \u2013 cytrynian, diglicynian, jab\u0142czan i taurynian, kt\u00f3re uzupe\u0142niaj\u0105 si\u0119 nawzajem i wspieraj\u0105 r\u00f3\u017cne procesy w organizmie,<\/span><\/li>\n<li style=\"font-weight: 400;\"><span style=\"font-weight: 400;\">magnez z cytrynianem potasu \u2013 wspomaga prawid\u0142owe ci\u015bnienie krwi i r\u00f3wnowag\u0119 wodno-elektrolitow\u0105,<\/span><\/li>\n<li style=\"font-weight: 400;\"><span style=\"font-weight: 400;\">minimalistyczny sk\u0142ad \u2013 tylko to, co niezb\u0119dne, bez sztucznych dodatk\u00f3w i konserwant\u00f3w, zawieraj\u0105ce magnez i potas,<\/span><\/li>\n<li style=\"font-weight: 400;\"><span style=\"font-weight: 400;\">blistry w ekologicznym kartoniku \u2013 komfortowe i higieniczne rozwi\u0105zanie, idealne na wyjazdy,<\/span><\/li>\n<li><span style=\"font-weight: 400;\">polski producent \u2013 marka stawiaj\u0105ca na jako\u015b\u0107, przejrzysto\u015b\u0107 i naturalno\u015b\u0107.\u00a0<\/span><span style=\"font-weight: 400;\"><br \/>\n<\/span><\/li>\n<\/ul>\n<p data-pm-slice=\"1 1 []\"><strong>Producent\/ Podmiot odpowiedzialny:<\/strong><\/p>\n<p>Biodio Lab Sp. z o.o.<\/p>\n<p>Ul. Choroszcza\u0144ska 24<\/p>\n<p>15-732 Bia\u0142ystok<\/p>\n","protected":false},"excerpt":{"rendered":"<p>Magnez z potasem:<\/p>\n<ul>\n<li>4 formy magnezu: cytrynian, diglicynian, jab\u0142czan i taurynian<\/li>\n<li>forma potasu: cytrynian<\/li>\n<li>wygodne wega\u0144skie kapsu\u0142ki<\/li>\n<li>30 kapsu\u0142ek w opakowaniu<\/li>\n<\/ul>\n<p><strong>masa netto: 33,68 g<\/strong><\/p>\n","protected":false},"featured_media":308901,"template":"","meta":{"_acf_changed":false},"product_brand":[],"product_cat":[147,439,134,422,417,34,148,446,448,149],"product_tag":[],"class_list":{"0":"post-308890","1":"product","2":"type-product","3":"status-publish","4":"has-post-thumbnail","6":"product_cat-suplementy-i-preparaty-na-bezsennosc","7":"product_cat-biowen","8":"product_cat-suplementy-na-sen","9":"product_cat-suplementy-na-lepszy-nastroj","10":"product_cat-mineraly","11":"product_cat-nowosci","12":"product_cat-suplementy-i-preparaty-na-odpornosc","13":"product_cat-suplementy-na-uklad-krazenia","14":"product_cat-suplementy-na-uklad-nerwowy","15":"product_cat-suplementy-i-preparaty-na-uspokojenie","17":"first","18":"instock","19":"shipping-taxable","20":"purchasable","21":"product-type-simple"},"acf":[],"yoast_head":"<!-- This site is optimized with the Yoast SEO Premium plugin v24.8 (Yoast SEO v27.3) - https:\/\/yoast.com\/product\/yoast-seo-premium-wordpress\/ -->\n<title>Magnez z Potasem w blistrach Biowen 30 kapsu\u0142ek - Hemp King<\/title>\n<meta name=\"description\" content=\"Suplement diety Magnez z Potasem Biowen \u2013 wsparcie mi\u0119\u015bni, serca i energii. Zam\u00f3w teraz i zadbaj o prawid\u0142owe ci\u015bnienie krwi ka\u017cdego dnia!\" \/>\n<meta name=\"robots\" content=\"index, follow\" \/>\n<link rel=\"canonical\" href=\"https:\/\/hempking.eu\/pl\/magnez-z-potasem-blister-30-kaps\/\" \/>\n<meta property=\"og:locale\" content=\"pl_PL\" \/>\n<meta property=\"og:type\" content=\"article\" \/>\n<meta property=\"og:title\" content=\"Magnez z Potasem w blistrach Biowen 30 kapsu\u0142ek\" \/>\n<meta property=\"og:description\" content=\"Suplement diety Magnez z Potasem Biowen \u2013 wsparcie mi\u0119\u015bni, serca i energii. Zam\u00f3w teraz i zadbaj o prawid\u0142owe ci\u015bnienie krwi ka\u017cdego dnia!\" \/>\n<meta property=\"og:url\" content=\"https:\/\/hempking.eu\/pl\/magnez-z-potasem-blister-30-kaps\/\" \/>\n<meta property=\"og:site_name\" content=\"Hemp King\" \/>\n<meta property=\"article:publisher\" content=\"https:\/\/www.facebook.com\/hempkingpoland\" \/>\n<meta property=\"article:modified_time\" content=\"2026-04-18T18:44:29+00:00\" \/>\n<meta property=\"og:image\" content=\"https:\/\/hempking.eu\/pl\/wp-content\/uploads\/sites\/2\/2025\/10\/Magnez_z_potasem_blister_wizualizacja_Hempking.jpg\" \/>\n\t<meta property=\"og:image:width\" content=\"1000\" \/>\n\t<meta property=\"og:image:height\" content=\"1000\" \/>\n\t<meta property=\"og:image:type\" content=\"image\/jpeg\" \/>\n<meta name=\"twitter:card\" content=\"summary_large_image\" \/>\n<meta name=\"twitter:site\" content=\"@hempkingeu\" \/>\n<meta name=\"twitter:label1\" content=\"Cena\" \/>\n\t<meta name=\"twitter:data1\" content=\"24.99&nbsp;&#122;&#322;\" \/>\n\t<meta name=\"twitter:label2\" content=\"Dost\u0119pno\u015b\u0107\" \/>\n\t<meta name=\"twitter:data2\" content=\"Dost\u0119pny\" \/>\n<script type=\"application\/ld+json\" class=\"yoast-schema-graph\">{\"@context\":\"https:\\\/\\\/schema.org\",\"@graph\":[{\"@type\":\"WebPage\",\"@id\":\"https:\\\/\\\/hempking.eu\\\/pl\\\/magnez-z-potasem-blister-30-kaps\\\/\",\"url\":\"https:\\\/\\\/hempking.eu\\\/pl\\\/magnez-z-potasem-blister-30-kaps\\\/\",\"name\":\"Magnez z Potasem w blistrach Biowen 30 kapsu\u0142ek - Hemp King\",\"isPartOf\":{\"@id\":\"https:\\\/\\\/hempking.eu\\\/pl\\\/#website\"},\"primaryImageOfPage\":{\"@id\":\"https:\\\/\\\/hempking.eu\\\/pl\\\/magnez-z-potasem-blister-30-kaps\\\/#primaryimage\"},\"image\":{\"@id\":\"https:\\\/\\\/hempking.eu\\\/pl\\\/magnez-z-potasem-blister-30-kaps\\\/#primaryimage\"},\"thumbnailUrl\":\"https:\\\/\\\/hempking.eu\\\/pl\\\/wp-content\\\/uploads\\\/sites\\\/2\\\/2025\\\/10\\\/Magnez_z_potasem_blister_wizualizacja_Hempking.jpg\",\"datePublished\":\"2025-10-07T09:56:10+00:00\",\"dateModified\":\"2026-04-18T18:44:29+00:00\",\"description\":\"Suplement diety Magnez z Potasem Biowen \u2013 wsparcie mi\u0119\u015bni, serca i energii. Zam\u00f3w teraz i zadbaj o prawid\u0142owe ci\u015bnienie krwi ka\u017cdego dnia!\",\"breadcrumb\":{\"@id\":\"https:\\\/\\\/hempking.eu\\\/pl\\\/magnez-z-potasem-blister-30-kaps\\\/#breadcrumb\"},\"inLanguage\":\"pl-PL\",\"potentialAction\":[{\"@type\":\"ReadAction\",\"target\":[\"https:\\\/\\\/hempking.eu\\\/pl\\\/magnez-z-potasem-blister-30-kaps\\\/\"]}]},{\"@type\":\"ImageObject\",\"inLanguage\":\"pl-PL\",\"@id\":\"https:\\\/\\\/hempking.eu\\\/pl\\\/magnez-z-potasem-blister-30-kaps\\\/#primaryimage\",\"url\":\"https:\\\/\\\/hempking.eu\\\/pl\\\/wp-content\\\/uploads\\\/sites\\\/2\\\/2025\\\/10\\\/Magnez_z_potasem_blister_wizualizacja_Hempking.jpg\",\"contentUrl\":\"https:\\\/\\\/hempking.eu\\\/pl\\\/wp-content\\\/uploads\\\/sites\\\/2\\\/2025\\\/10\\\/Magnez_z_potasem_blister_wizualizacja_Hempking.jpg\",\"width\":1000,\"height\":1000},{\"@type\":\"BreadcrumbList\",\"@id\":\"https:\\\/\\\/hempking.eu\\\/pl\\\/magnez-z-potasem-blister-30-kaps\\\/#breadcrumb\",\"itemListElement\":[{\"@type\":\"ListItem\",\"position\":1,\"name\":\"Home\",\"item\":\"https:\\\/\\\/hempking.eu\\\/pl\\\/\"},{\"@type\":\"ListItem\",\"position\":2,\"name\":\"Sklep\",\"item\":\"https:\\\/\\\/hempking.eu\\\/pl\\\/shop\\\/\"},{\"@type\":\"ListItem\",\"position\":3,\"name\":\"\ud83d\udd25OKAZJE\ud83d\udd25\",\"item\":\"https:\\\/\\\/hempking.eu\\\/pl\\\/okazje\\\/\"},{\"@type\":\"ListItem\",\"position\":4,\"name\":\"Nowo\u015bci\",\"item\":\"https:\\\/\\\/hempking.eu\\\/pl\\\/nowosci\\\/\"},{\"@type\":\"ListItem\",\"position\":5,\"name\":\"Magnez z Potasem w blistrach Biowen 30 kapsu\u0142ek\"}]},{\"@type\":\"WebSite\",\"@id\":\"https:\\\/\\\/hempking.eu\\\/pl\\\/#website\",\"url\":\"https:\\\/\\\/hempking.eu\\\/pl\\\/\",\"name\":\"Hemp King\",\"description\":\"\",\"publisher\":{\"@id\":\"https:\\\/\\\/hempking.eu\\\/pl\\\/#organization\"},\"potentialAction\":[{\"@type\":\"SearchAction\",\"target\":{\"@type\":\"EntryPoint\",\"urlTemplate\":\"https:\\\/\\\/hempking.eu\\\/pl\\\/?s={search_term_string}\"},\"query-input\":{\"@type\":\"PropertyValueSpecification\",\"valueRequired\":true,\"valueName\":\"search_term_string\"}}],\"inLanguage\":\"pl-PL\"},{\"@type\":\"Organization\",\"@id\":\"https:\\\/\\\/hempking.eu\\\/pl\\\/#organization\",\"name\":\"Hemp King\",\"url\":\"https:\\\/\\\/hempking.eu\\\/pl\\\/\",\"logo\":{\"@type\":\"ImageObject\",\"inLanguage\":\"pl-PL\",\"@id\":\"https:\\\/\\\/hempking.eu\\\/pl\\\/#\\\/schema\\\/logo\\\/image\\\/\",\"url\":\"https:\\\/\\\/hempking.eu\\\/pl\\\/wp-content\\\/uploads\\\/sites\\\/2\\\/2020\\\/05\\\/hempking.png\",\"contentUrl\":\"https:\\\/\\\/hempking.eu\\\/pl\\\/wp-content\\\/uploads\\\/sites\\\/2\\\/2020\\\/05\\\/hempking.png\",\"width\":148,\"height\":91,\"caption\":\"Hemp King\"},\"image\":{\"@id\":\"https:\\\/\\\/hempking.eu\\\/pl\\\/#\\\/schema\\\/logo\\\/image\\\/\"},\"sameAs\":[\"https:\\\/\\\/www.facebook.com\\\/hempkingpoland\",\"https:\\\/\\\/x.com\\\/hempkingeu\",\"https:\\\/\\\/www.instagram.com\\\/hempkingeu\\\/\",\"https:\\\/\\\/www.linkedin.com\\\/company\\\/hempking-eu\\\/mycompany\\\/\",\"https:\\\/\\\/pl.pinterest.com\\\/hempkingeu\\\/\",\"https:\\\/\\\/www.youtube.com\\\/channel\\\/UCUkeZA1fj4hSZfoYm0WpZ7w\"]}]}<\/script>\n<meta property=\"product:price:amount\" content=\"24.99\" \/>\n<meta property=\"product:price:currency\" content=\"PLN\" \/>\n<meta property=\"og:availability\" content=\"instock\" \/>\n<meta property=\"product:availability\" content=\"instock\" \/>\n<meta property=\"product:retailer_item_id\" content=\"5902906189122\" \/>\n<meta property=\"product:condition\" content=\"new\" \/>\n<!-- \/ Yoast SEO Premium plugin. -->","yoast_head_json":{"title":"Magnez z Potasem w blistrach Biowen 30 kapsu\u0142ek - Hemp King","description":"Suplement diety Magnez z Potasem Biowen \u2013 wsparcie mi\u0119\u015bni, serca i energii. Zam\u00f3w teraz i zadbaj o prawid\u0142owe ci\u015bnienie krwi ka\u017cdego dnia!","robots":{"index":"index","follow":"follow"},"canonical":"https:\/\/hempking.eu\/pl\/magnez-z-potasem-blister-30-kaps\/","og_locale":"pl_PL","og_type":"article","og_title":"Magnez z Potasem w blistrach Biowen 30 kapsu\u0142ek","og_description":"Suplement diety Magnez z Potasem Biowen \u2013 wsparcie mi\u0119\u015bni, serca i energii. Zam\u00f3w teraz i zadbaj o prawid\u0142owe ci\u015bnienie krwi ka\u017cdego dnia!","og_url":"https:\/\/hempking.eu\/pl\/magnez-z-potasem-blister-30-kaps\/","og_site_name":"Hemp King","article_publisher":"https:\/\/www.facebook.com\/hempkingpoland","article_modified_time":"2026-04-18T18:44:29+00:00","og_image":[{"width":1000,"height":1000,"url":"https:\/\/hempking.eu\/pl\/wp-content\/uploads\/sites\/2\/2025\/10\/Magnez_z_potasem_blister_wizualizacja_Hempking.jpg","type":"image\/jpeg"}],"twitter_card":"summary_large_image","twitter_site":"@hempkingeu","twitter_misc":{"Cena":"24.99&nbsp;&#122;&#322;","Dost\u0119pno\u015b\u0107":"Dost\u0119pny"},"schema":{"@context":"https:\/\/schema.org","@graph":[{"@type":"WebPage","@id":"https:\/\/hempking.eu\/pl\/magnez-z-potasem-blister-30-kaps\/","url":"https:\/\/hempking.eu\/pl\/magnez-z-potasem-blister-30-kaps\/","name":"Magnez z Potasem w blistrach Biowen 30 kapsu\u0142ek - Hemp King","isPartOf":{"@id":"https:\/\/hempking.eu\/pl\/#website"},"primaryImageOfPage":{"@id":"https:\/\/hempking.eu\/pl\/magnez-z-potasem-blister-30-kaps\/#primaryimage"},"image":{"@id":"https:\/\/hempking.eu\/pl\/magnez-z-potasem-blister-30-kaps\/#primaryimage"},"thumbnailUrl":"https:\/\/hempking.eu\/pl\/wp-content\/uploads\/sites\/2\/2025\/10\/Magnez_z_potasem_blister_wizualizacja_Hempking.jpg","datePublished":"2025-10-07T09:56:10+00:00","dateModified":"2026-04-18T18:44:29+00:00","description":"Suplement diety Magnez z Potasem Biowen \u2013 wsparcie mi\u0119\u015bni, serca i energii. Zam\u00f3w teraz i zadbaj o prawid\u0142owe ci\u015bnienie krwi ka\u017cdego dnia!","breadcrumb":{"@id":"https:\/\/hempking.eu\/pl\/magnez-z-potasem-blister-30-kaps\/#breadcrumb"},"inLanguage":"pl-PL","potentialAction":[{"@type":"ReadAction","target":["https:\/\/hempking.eu\/pl\/magnez-z-potasem-blister-30-kaps\/"]}]},{"@type":"ImageObject","inLanguage":"pl-PL","@id":"https:\/\/hempking.eu\/pl\/magnez-z-potasem-blister-30-kaps\/#primaryimage","url":"https:\/\/hempking.eu\/pl\/wp-content\/uploads\/sites\/2\/2025\/10\/Magnez_z_potasem_blister_wizualizacja_Hempking.jpg","contentUrl":"https:\/\/hempking.eu\/pl\/wp-content\/uploads\/sites\/2\/2025\/10\/Magnez_z_potasem_blister_wizualizacja_Hempking.jpg","width":1000,"height":1000},{"@type":"BreadcrumbList","@id":"https:\/\/hempking.eu\/pl\/magnez-z-potasem-blister-30-kaps\/#breadcrumb","itemListElement":[{"@type":"ListItem","position":1,"name":"Home","item":"https:\/\/hempking.eu\/pl\/"},{"@type":"ListItem","position":2,"name":"Sklep","item":"https:\/\/hempking.eu\/pl\/shop\/"},{"@type":"ListItem","position":3,"name":"\ud83d\udd25OKAZJE\ud83d\udd25","item":"https:\/\/hempking.eu\/pl\/okazje\/"},{"@type":"ListItem","position":4,"name":"Nowo\u015bci","item":"https:\/\/hempking.eu\/pl\/nowosci\/"},{"@type":"ListItem","position":5,"name":"Magnez z Potasem w blistrach Biowen 30 kapsu\u0142ek"}]},{"@type":"WebSite","@id":"https:\/\/hempking.eu\/pl\/#website","url":"https:\/\/hempking.eu\/pl\/","name":"Hemp King","description":"","publisher":{"@id":"https:\/\/hempking.eu\/pl\/#organization"},"potentialAction":[{"@type":"SearchAction","target":{"@type":"EntryPoint","urlTemplate":"https:\/\/hempking.eu\/pl\/?s={search_term_string}"},"query-input":{"@type":"PropertyValueSpecification","valueRequired":true,"valueName":"search_term_string"}}],"inLanguage":"pl-PL"},{"@type":"Organization","@id":"https:\/\/hempking.eu\/pl\/#organization","name":"Hemp King","url":"https:\/\/hempking.eu\/pl\/","logo":{"@type":"ImageObject","inLanguage":"pl-PL","@id":"https:\/\/hempking.eu\/pl\/#\/schema\/logo\/image\/","url":"https:\/\/hempking.eu\/pl\/wp-content\/uploads\/sites\/2\/2020\/05\/hempking.png","contentUrl":"https:\/\/hempking.eu\/pl\/wp-content\/uploads\/sites\/2\/2020\/05\/hempking.png","width":148,"height":91,"caption":"Hemp King"},"image":{"@id":"https:\/\/hempking.eu\/pl\/#\/schema\/logo\/image\/"},"sameAs":["https:\/\/www.facebook.com\/hempkingpoland","https:\/\/x.com\/hempkingeu","https:\/\/www.instagram.com\/hempkingeu\/","https:\/\/www.linkedin.com\/company\/hempking-eu\/mycompany\/","https:\/\/pl.pinterest.com\/hempkingeu\/","https:\/\/www.youtube.com\/channel\/UCUkeZA1fj4hSZfoYm0WpZ7w"]}]},"product_price_amount":"24.99","product_price_currency":"PLN","og_availability":"instock","product_availability":"instock","product_retailer_item_id":"5902906189122","product_condition":"new"},"df_price":24.99,"df_sale_price":"","df_regular_price":24.99,"df_image_link":"https:\/\/hempking.eu\/pl\/wp-content\/uploads\/sites\/2\/2025\/10\/Magnez_z_potasem_blister_wizualizacja_Hempking-300x300.jpg","_links":{"self":[{"href":"https:\/\/hempking.eu\/pl\/wp-json\/wp\/v2\/product\/308890","targetHints":{"allow":["GET"]}}],"collection":[{"href":"https:\/\/hempking.eu\/pl\/wp-json\/wp\/v2\/product"}],"about":[{"href":"https:\/\/hempking.eu\/pl\/wp-json\/wp\/v2\/types\/product"}],"wp:featuredmedia":[{"embeddable":true,"href":"https:\/\/hempking.eu\/pl\/wp-json\/wp\/v2\/media\/308901"}],"wp:attachment":[{"href":"https:\/\/hempking.eu\/pl\/wp-json\/wp\/v2\/media?parent=308890"}],"wp:term":[{"taxonomy":"product_brand","embeddable":true,"href":"https:\/\/hempking.eu\/pl\/wp-json\/wp\/v2\/product_brand?post=308890"},{"taxonomy":"product_cat","embeddable":true,"href":"https:\/\/hempking.eu\/pl\/wp-json\/wp\/v2\/product_cat?post=308890"},{"taxonomy":"product_tag","embeddable":true,"href":"https:\/\/hempking.eu\/pl\/wp-json\/wp\/v2\/product_tag?post=308890"}],"curies":[{"name":"wp","href":"https:\/\/api.w.org\/{rel}","templated":true}]}}