{"id":308911,"date":"2025-10-07T12:54:27","date_gmt":"2025-10-07T10:54:27","guid":{"rendered":"https:\/\/hempking.eu\/pl\/?post_type=product&#038;p=308911"},"modified":"2026-04-17T14:13:11","modified_gmt":"2026-04-17T12:13:11","slug":"mumio-himalajskie-shilajit-586-mg-biowen-90-kapsulek","status":"publish","type":"product","link":"https:\/\/hempking.eu\/pl\/mumio-himalajskie-shilajit-586-mg-biowen-90-kapsulek\/","title":{"rendered":"Mumio himalajskie Shilajit 586 mg Biowen - 90 kapsu\u0142ek"},"content":{"rendered":"<p><span style=\"font-weight: 400;\">Mumio, okre\u015blane r\u00f3wnie\u017c mianem Shilajit, to niezwyk\u0142a <\/span><b>naturalna substancja<\/b><span style=\"font-weight: 400;\">, powstaj\u0105ca w sercu wysokich g\u00f3r. Tworzy si\u0119 w wyniku naturalnych przemian biologicznych \u2013 stopniowego rozk\u0142adu <\/span><b>szcz\u0105tk\u00f3w ro\u015blin<\/b><span style=\"font-weight: 400;\">, alg i porost\u00f3w oraz minera\u0142\u00f3w, kt\u00f3re w zakamarki ska\u0142 g\u00f3rskich odk\u0142adaj\u0105 si\u0119 w postaci masy. Z czasem powstaje <\/span><b>czarnobr\u0105zowa substancja przypominaj\u0105ca \u017cywic\u0119<\/b><span style=\"font-weight: 400;\">, bogata w cenne sk\u0142adniki prozdrowotne. Od wiek\u00f3w zajmowa\u0142o wa\u017cne miejsce w <\/span><b>naturalnej medycynie ajurwedyjskiej<\/b><span style=\"font-weight: 400;\">, gdzie stosowany by\u0142 jako <\/span><b>\u015brodek o w\u0142a\u015bciwo\u015bciach adaptogennych<\/b><span style=\"font-weight: 400;\">, sprzyjaj\u0105cy regeneracji, sile i r\u00f3wnowadze organizmu. W tradycji okre\u015blano je mianem \u201eskarb\u00f3w g\u00f3r\u201d, przynosz\u0105cych energi\u0119 i odnow\u0119.<\/span><\/p>\n<p><b>Mumio to naturalna substancja<\/b><span style=\"font-weight: 400;\">, kt\u00f3ra <\/span><b>powstaje ze szcz\u0105tk\u00f3w ro\u015blin<\/b><span style=\"font-weight: 400;\"> zamkni\u0119tych w <\/span><b>szczelinach skalnych niekt\u00f3rych masyw\u00f3w g\u00f3rskich<\/b><span style=\"font-weight: 400;\">, w tym rejon\u00f3w <\/span><b>Himalaj\u00f3w indyjskich<\/b><span style=\"font-weight: 400;\">. To w\u0142a\u015bnie tam tworzy si\u0119 ekstrakt shilajit znajduj\u0105cy bogactwo mikroelement\u00f3w i <\/span><b>pierwiastki \u015bladowe<\/b><span style=\"font-weight: 400;\">.<\/span><\/p>\n<p><b>Mumio Himalajskie Biowen<\/b><span style=\"font-weight: 400;\"> pozyskiwane jest ze spokojnych rejon\u00f3w Himalaj\u00f3w, gdzie natura od stuleci tworzy t\u0119 unikaln\u0105 substancj\u0119. Dzi\u0119ki nowoczesnym procesom oczyszczania i standaryzacji powsta\u0142 suplement, kt\u00f3ry \u0142\u0105czy staro\u017cytn\u0105 wiedz\u0119 z aktualnymi osi\u0105gni\u0119ciami nauki. To <\/span><b>produkt<\/b><span style=\"font-weight: 400;\"> wysokiej jako\u015bci, oparty o <\/span><b>ekstrakt shilajit znajduj\u0105cy<\/b><span style=\"font-weight: 400;\"> szerokie zastosowanie.<\/span><\/p>\n<h2><b>Czym jest mumio?<\/b><\/h2>\n<p><span style=\"font-weight: 400;\">Shilajit to substancja mineralno-ro\u015blinna, kt\u00f3ra przez setki lat formuje si\u0119 w <\/span><b>szczelinach skalnych<\/b><span style=\"font-weight: 400;\">. W wyniku dzia\u0142ania ci\u015bnienia i wysokog\u00f3rskiego klimatu, materia organiczna i mineralna zmienia si\u0119 w ciemn\u0105, lepk\u0105 mas\u0119 o bogatym sk\u0142adzie. Od wiek\u00f3w traktowano je jako <\/span><b>prozdrowotne mumio<\/b><span style=\"font-weight: 400;\">, czyli <\/span><b>ekstrakt z shilajit<\/b><span style=\"font-weight: 400;\">, <\/span><b>stosowany by\u0142 od stuleci<\/b><span style=\"font-weight: 400;\"> jako \u017ar\u00f3d\u0142o si\u0142y i witalno\u015bci.<\/span><\/p>\n<p><span style=\"font-weight: 400;\">Mumio Biowen pochodzi z czystych, wysokog\u00f3rskich teren\u00f3w Himalaj\u00f3w. Dzi\u0119ki standaryzacji zawarto\u015bci <\/span><b>kwas\u00f3w fulwowych<\/b><span style=\"font-weight: 400;\"> \u2013 <\/span><b>standaryzowany na 20% kwasu fulwowego<\/b><span style=\"font-weight: 400;\"> \u2013 i po\u0142\u0105czeniu z witamin\u0105 C oraz witamin\u0105 D3, dzi\u015b mo\u017cemy korzysta\u0107 z niego w praktycznej formie kapsu\u0142ek. To <\/span><b>produkt bogate w cenne sk\u0142adniki prozdrowotne mumio<\/b><span style=\"font-weight: 400;\">, kt\u00f3ry \u0142\u0105czy bogactwo tradycji z wymaganiami wsp\u00f3\u0142czesno\u015bci.<\/span><\/p>\n<h2><b>Jak dzia\u0142a mumio?<\/b><\/h2>\n<p><span style=\"font-weight: 400;\">W tradycyjnych systemach zdrowotnych mumio uchodzi\u0142o za uniwersalne wsparcie organizmu \u2013 <\/span><b>mumio znajduje zastosowanie w medycynie naturalnej<\/b><span style=\"font-weight: 400;\"> jako substancja, kt\u00f3ra harmonizuje i wzmacnia. Wierzono, \u017ce niesie w sobie energi\u0119 samych Himalaj\u00f3w, a jego unikalny sk\u0142ad wynika z powolnego dojrzewania w g\u00f3rach. Dzi\u015b jego warto\u015b\u0107 wi\u0105zana jest przede wszystkim z obecno\u015bci\u0105 <\/span><b>kwasu fulwowego<\/b><span style=\"font-weight: 400;\"> oraz bogactwem minera\u0142\u00f3w i <\/span><b>biologicznie czynnych substancji<\/b><span style=\"font-weight: 400;\">.<\/span><\/p>\n<p><span style=\"font-weight: 400;\">W formule <\/span><b>Mumio Himalajskie Biowen<\/b><span style=\"font-weight: 400;\"> po\u0142\u0105czono Shilajit z witamin\u0105 C i witamin\u0105 D, tworz\u0105c kompleks wspieraj\u0105cy r\u00f3\u017cne aspekty zdrowia i codziennego samopoczucia:<\/span><\/p>\n<p><b>Codzienna energia i psychika<\/b><span style=\"font-weight: 400;\"> \u2013 witamina C sprzyja metabolizmowi energetycznemu, co pomaga zmniejszy\u0107 uczucie znu\u017cenia i wspiera funkcje psychiczne.<\/span><\/p>\n<p><b>Ko\u015bci i mi\u0119\u015bnie<\/b><span style=\"font-weight: 400;\"> \u2013 obecno\u015b\u0107 witaminy D wspiera utrzymanie mocnych ko\u015bci, prawid\u0142owe funkcjonowanie mi\u0119\u015bni i og\u00f3lnego zdrowia.<\/span><\/p>\n<p><b>Uk\u0142ad odporno\u015bciowy<\/b><span style=\"font-weight: 400;\"> \u2013 witaminy C i D, wspieraj\u0105 prawid\u0142ow\u0105 prac\u0119 odporno\u015bci.<\/span><\/p>\n<p><b>R\u00f3wnowaga wewn\u0119trzna<\/b><span style=\"font-weight: 400;\"> \u2013 w Ajurwedzie mumio nazywano substancj\u0105 odm\u0142adzaj\u0105c\u0105, dbaj\u0105c\u0105 o harmoni\u0119 cia\u0142a i ducha, co podkre\u015bla jego rol\u0119 w utrzymywaniu dobrej kondycji i witalno\u015bci.\u00a0<\/span><\/p>\n<p><b>Producent\/ Podmiot odpowiedzialny:<\/b><\/p>\n<p>Biodio Lab Sp. z o.o.<\/p>\n<p>Ul. Choroszcza\u0144ska 24<\/p>\n<p>15-732 Bia\u0142ystok<\/p>\n","protected":false},"excerpt":{"rendered":"<ul>\n<li style=\"font-weight: 400;\" aria-level=\"1\"><b>standaryzowany ekstrakt z shilajit<\/b><span style=\"font-weight: 400;\"> z Himalaj\u00f3w, \u017ar\u00f3d\u0142o 20% <\/span><b>kwasu fulwowego<\/b><b><br \/>\n<\/b><\/li>\n<li style=\"font-weight: 400;\" aria-level=\"1\"><span style=\"font-weight: 400;\">po\u0142\u0105czenie z witamin\u0105 C i D3 dla wsparcia energii, odporno\u015bci i uk\u0142adu kostno-mi\u0119\u015bniowego<\/span><span style=\"font-weight: 400;\"><br \/>\n<\/span><\/li>\n<li style=\"font-weight: 400;\" aria-level=\"1\"><span style=\"font-weight: 400;\">wspiera trawienie, metabolizm i prawid\u0142owe funkcje psychiczne<\/span><span style=\"font-weight: 400;\"><br \/>\n<\/span><\/li>\n<li style=\"font-weight: 400;\" aria-level=\"1\"><span style=\"font-weight: 400;\">naturalne \u201esekretne bogactwo g\u00f3r\u201d \u2013 kojarzone z si\u0142\u0105, witalno\u015bci\u0105 i odnow\u0105 organizmu<\/span><span style=\"font-weight: 400;\"><br \/>\n<\/span><\/li>\n<li style=\"font-weight: 400;\" aria-level=\"1\"><span style=\"font-weight: 400;\">kapsu\u0142ki ro\u015blinne \u2013 odpowiednie dla wegan i wegetarian<\/span><span style=\"font-weight: 400;\"><br \/>\n<\/span><\/li>\n<li><span style=\"font-weight: 400;\">przejrzysty sk\u0142ad, bez zb\u0119dnych substancji dodatkowych<\/span><span style=\"font-weight: 400;\"><br \/>\n<\/span><\/li>\n<\/ul>\n<p><strong>masa netto: 63,8 g<\/strong><\/p>\n","protected":false},"featured_media":308912,"template":"","meta":{"_acf_changed":false},"product_brand":[],"product_cat":[120,439,145,422,34,148,453],"product_tag":[],"class_list":{"0":"post-308911","1":"product","2":"type-product","3":"status-publish","4":"has-post-thumbnail","6":"product_cat-adaptogeny","7":"product_cat-biowen","8":"product_cat-suplementy-i-masci-na-bolace-stawy","9":"product_cat-suplementy-na-lepszy-nastroj","10":"product_cat-nowosci","11":"product_cat-suplementy-i-preparaty-na-odpornosc","12":"product_cat-suplementy-na-uklad-ruchu","14":"first","15":"instock","16":"shipping-taxable","17":"purchasable","18":"product-type-simple"},"acf":[],"yoast_head":"<!-- This site is optimized with the Yoast SEO Premium plugin v24.8 (Yoast SEO v27.3) - https:\/\/yoast.com\/product\/yoast-seo-premium-wordpress\/ -->\n<title>Mumio himalajskie Shilajit 586 mg Biowen - 90 kapsu\u0142ek - Hempking<\/title>\n<meta name=\"description\" content=\"Zobacz \u261b Mumio himalajskie Shilajit 586 mg Biowen - 90 kapsu\u0142ek w konopnym sklepie HempKing \u2705100% naturalne \u2705 Zadbaj z nami o swoj\u0105 diet\u0119!\" \/>\n<meta name=\"robots\" content=\"index, follow\" \/>\n<link rel=\"canonical\" href=\"https:\/\/hempking.eu\/pl\/mumio-himalajskie-shilajit-586-mg-biowen-90-kapsulek\/\" \/>\n<meta property=\"og:locale\" content=\"pl_PL\" \/>\n<meta property=\"og:type\" content=\"article\" \/>\n<meta property=\"og:title\" content=\"Mumio himalajskie Shilajit 586 mg Biowen - 90 kapsu\u0142ek\" \/>\n<meta property=\"og:description\" content=\"Zobacz \u261b Mumio himalajskie Shilajit 586 mg Biowen - 90 kapsu\u0142ek w konopnym sklepie HempKing \u2705100% naturalne \u2705 Zadbaj z nami o swoj\u0105 diet\u0119!\" \/>\n<meta property=\"og:url\" content=\"https:\/\/hempking.eu\/pl\/mumio-himalajskie-shilajit-586-mg-biowen-90-kapsulek\/\" \/>\n<meta property=\"og:site_name\" content=\"Hemp King\" \/>\n<meta property=\"article:publisher\" content=\"https:\/\/www.facebook.com\/hempkingpoland\" \/>\n<meta property=\"article:modified_time\" content=\"2026-04-17T12:13:11+00:00\" \/>\n<meta property=\"og:image\" content=\"https:\/\/hempking.eu\/pl\/wp-content\/uploads\/sites\/2\/2025\/10\/Mumiom_Himalajskie_Hempking.jpg\" \/>\n\t<meta property=\"og:image:width\" content=\"1000\" \/>\n\t<meta property=\"og:image:height\" content=\"1000\" \/>\n\t<meta property=\"og:image:type\" content=\"image\/jpeg\" \/>\n<meta name=\"twitter:card\" content=\"summary_large_image\" \/>\n<meta name=\"twitter:site\" content=\"@hempkingeu\" \/>\n<meta name=\"twitter:label1\" content=\"Cena\" \/>\n\t<meta name=\"twitter:data1\" content=\"54.99&nbsp;&#122;&#322;\" \/>\n\t<meta name=\"twitter:label2\" content=\"Dost\u0119pno\u015b\u0107\" \/>\n\t<meta name=\"twitter:data2\" content=\"Dost\u0119pny\" \/>\n<script type=\"application\/ld+json\" class=\"yoast-schema-graph\">{\"@context\":\"https:\\\/\\\/schema.org\",\"@graph\":[{\"@type\":\"WebPage\",\"@id\":\"https:\\\/\\\/hempking.eu\\\/pl\\\/mumio-himalajskie-shilajit-586-mg-biowen-90-kapsulek\\\/\",\"url\":\"https:\\\/\\\/hempking.eu\\\/pl\\\/mumio-himalajskie-shilajit-586-mg-biowen-90-kapsulek\\\/\",\"name\":\"Mumio himalajskie Shilajit 586 mg Biowen - 90 kapsu\u0142ek - Hempking\",\"isPartOf\":{\"@id\":\"https:\\\/\\\/hempking.eu\\\/pl\\\/#website\"},\"primaryImageOfPage\":{\"@id\":\"https:\\\/\\\/hempking.eu\\\/pl\\\/mumio-himalajskie-shilajit-586-mg-biowen-90-kapsulek\\\/#primaryimage\"},\"image\":{\"@id\":\"https:\\\/\\\/hempking.eu\\\/pl\\\/mumio-himalajskie-shilajit-586-mg-biowen-90-kapsulek\\\/#primaryimage\"},\"thumbnailUrl\":\"https:\\\/\\\/hempking.eu\\\/pl\\\/wp-content\\\/uploads\\\/sites\\\/2\\\/2025\\\/10\\\/Mumiom_Himalajskie_Hempking.jpg\",\"datePublished\":\"2025-10-07T10:54:27+00:00\",\"dateModified\":\"2026-04-17T12:13:11+00:00\",\"description\":\"Zobacz \u261b Mumio himalajskie Shilajit 586 mg Biowen - 90 kapsu\u0142ek w konopnym sklepie HempKing \u2705100% naturalne \u2705 Zadbaj z nami o swoj\u0105 diet\u0119!\",\"breadcrumb\":{\"@id\":\"https:\\\/\\\/hempking.eu\\\/pl\\\/mumio-himalajskie-shilajit-586-mg-biowen-90-kapsulek\\\/#breadcrumb\"},\"inLanguage\":\"pl-PL\",\"potentialAction\":[{\"@type\":\"ReadAction\",\"target\":[\"https:\\\/\\\/hempking.eu\\\/pl\\\/mumio-himalajskie-shilajit-586-mg-biowen-90-kapsulek\\\/\"]}]},{\"@type\":\"ImageObject\",\"inLanguage\":\"pl-PL\",\"@id\":\"https:\\\/\\\/hempking.eu\\\/pl\\\/mumio-himalajskie-shilajit-586-mg-biowen-90-kapsulek\\\/#primaryimage\",\"url\":\"https:\\\/\\\/hempking.eu\\\/pl\\\/wp-content\\\/uploads\\\/sites\\\/2\\\/2025\\\/10\\\/Mumiom_Himalajskie_Hempking.jpg\",\"contentUrl\":\"https:\\\/\\\/hempking.eu\\\/pl\\\/wp-content\\\/uploads\\\/sites\\\/2\\\/2025\\\/10\\\/Mumiom_Himalajskie_Hempking.jpg\",\"width\":1000,\"height\":1000},{\"@type\":\"BreadcrumbList\",\"@id\":\"https:\\\/\\\/hempking.eu\\\/pl\\\/mumio-himalajskie-shilajit-586-mg-biowen-90-kapsulek\\\/#breadcrumb\",\"itemListElement\":[{\"@type\":\"ListItem\",\"position\":1,\"name\":\"Home\",\"item\":\"https:\\\/\\\/hempking.eu\\\/pl\\\/\"},{\"@type\":\"ListItem\",\"position\":2,\"name\":\"Sklep\",\"item\":\"https:\\\/\\\/hempking.eu\\\/pl\\\/shop\\\/\"},{\"@type\":\"ListItem\",\"position\":3,\"name\":\"\ud83d\udd25OKAZJE\ud83d\udd25\",\"item\":\"https:\\\/\\\/hempking.eu\\\/pl\\\/okazje\\\/\"},{\"@type\":\"ListItem\",\"position\":4,\"name\":\"Nowo\u015bci\",\"item\":\"https:\\\/\\\/hempking.eu\\\/pl\\\/nowosci\\\/\"},{\"@type\":\"ListItem\",\"position\":5,\"name\":\"Mumio himalajskie Shilajit 586 mg Biowen - 90 kapsu\u0142ek\"}]},{\"@type\":\"WebSite\",\"@id\":\"https:\\\/\\\/hempking.eu\\\/pl\\\/#website\",\"url\":\"https:\\\/\\\/hempking.eu\\\/pl\\\/\",\"name\":\"Hemp King\",\"description\":\"\",\"publisher\":{\"@id\":\"https:\\\/\\\/hempking.eu\\\/pl\\\/#organization\"},\"potentialAction\":[{\"@type\":\"SearchAction\",\"target\":{\"@type\":\"EntryPoint\",\"urlTemplate\":\"https:\\\/\\\/hempking.eu\\\/pl\\\/?s={search_term_string}\"},\"query-input\":{\"@type\":\"PropertyValueSpecification\",\"valueRequired\":true,\"valueName\":\"search_term_string\"}}],\"inLanguage\":\"pl-PL\"},{\"@type\":\"Organization\",\"@id\":\"https:\\\/\\\/hempking.eu\\\/pl\\\/#organization\",\"name\":\"Hemp King\",\"url\":\"https:\\\/\\\/hempking.eu\\\/pl\\\/\",\"logo\":{\"@type\":\"ImageObject\",\"inLanguage\":\"pl-PL\",\"@id\":\"https:\\\/\\\/hempking.eu\\\/pl\\\/#\\\/schema\\\/logo\\\/image\\\/\",\"url\":\"https:\\\/\\\/hempking.eu\\\/pl\\\/wp-content\\\/uploads\\\/sites\\\/2\\\/2020\\\/05\\\/hempking.png\",\"contentUrl\":\"https:\\\/\\\/hempking.eu\\\/pl\\\/wp-content\\\/uploads\\\/sites\\\/2\\\/2020\\\/05\\\/hempking.png\",\"width\":148,\"height\":91,\"caption\":\"Hemp King\"},\"image\":{\"@id\":\"https:\\\/\\\/hempking.eu\\\/pl\\\/#\\\/schema\\\/logo\\\/image\\\/\"},\"sameAs\":[\"https:\\\/\\\/www.facebook.com\\\/hempkingpoland\",\"https:\\\/\\\/x.com\\\/hempkingeu\",\"https:\\\/\\\/www.instagram.com\\\/hempkingeu\\\/\",\"https:\\\/\\\/www.linkedin.com\\\/company\\\/hempking-eu\\\/mycompany\\\/\",\"https:\\\/\\\/pl.pinterest.com\\\/hempkingeu\\\/\",\"https:\\\/\\\/www.youtube.com\\\/channel\\\/UCUkeZA1fj4hSZfoYm0WpZ7w\"]}]}<\/script>\n<meta property=\"product:price:amount\" content=\"54.99\" \/>\n<meta property=\"product:price:currency\" content=\"PLN\" \/>\n<meta property=\"og:availability\" content=\"instock\" \/>\n<meta property=\"product:availability\" content=\"instock\" \/>\n<meta property=\"product:retailer_item_id\" content=\"5902906189160\" \/>\n<meta property=\"product:condition\" content=\"new\" \/>\n<!-- \/ Yoast SEO Premium plugin. -->","yoast_head_json":{"title":"Mumio himalajskie Shilajit 586 mg Biowen - 90 kapsu\u0142ek - Hempking","description":"Zobacz \u261b Mumio himalajskie Shilajit 586 mg Biowen - 90 kapsu\u0142ek w konopnym sklepie HempKing \u2705100% naturalne \u2705 Zadbaj z nami o swoj\u0105 diet\u0119!","robots":{"index":"index","follow":"follow"},"canonical":"https:\/\/hempking.eu\/pl\/mumio-himalajskie-shilajit-586-mg-biowen-90-kapsulek\/","og_locale":"pl_PL","og_type":"article","og_title":"Mumio himalajskie Shilajit 586 mg Biowen - 90 kapsu\u0142ek","og_description":"Zobacz \u261b Mumio himalajskie Shilajit 586 mg Biowen - 90 kapsu\u0142ek w konopnym sklepie HempKing \u2705100% naturalne \u2705 Zadbaj z nami o swoj\u0105 diet\u0119!","og_url":"https:\/\/hempking.eu\/pl\/mumio-himalajskie-shilajit-586-mg-biowen-90-kapsulek\/","og_site_name":"Hemp King","article_publisher":"https:\/\/www.facebook.com\/hempkingpoland","article_modified_time":"2026-04-17T12:13:11+00:00","og_image":[{"width":1000,"height":1000,"url":"https:\/\/hempking.eu\/pl\/wp-content\/uploads\/sites\/2\/2025\/10\/Mumiom_Himalajskie_Hempking.jpg","type":"image\/jpeg"}],"twitter_card":"summary_large_image","twitter_site":"@hempkingeu","twitter_misc":{"Cena":"54.99&nbsp;&#122;&#322;","Dost\u0119pno\u015b\u0107":"Dost\u0119pny"},"schema":{"@context":"https:\/\/schema.org","@graph":[{"@type":"WebPage","@id":"https:\/\/hempking.eu\/pl\/mumio-himalajskie-shilajit-586-mg-biowen-90-kapsulek\/","url":"https:\/\/hempking.eu\/pl\/mumio-himalajskie-shilajit-586-mg-biowen-90-kapsulek\/","name":"Mumio himalajskie Shilajit 586 mg Biowen - 90 kapsu\u0142ek - Hempking","isPartOf":{"@id":"https:\/\/hempking.eu\/pl\/#website"},"primaryImageOfPage":{"@id":"https:\/\/hempking.eu\/pl\/mumio-himalajskie-shilajit-586-mg-biowen-90-kapsulek\/#primaryimage"},"image":{"@id":"https:\/\/hempking.eu\/pl\/mumio-himalajskie-shilajit-586-mg-biowen-90-kapsulek\/#primaryimage"},"thumbnailUrl":"https:\/\/hempking.eu\/pl\/wp-content\/uploads\/sites\/2\/2025\/10\/Mumiom_Himalajskie_Hempking.jpg","datePublished":"2025-10-07T10:54:27+00:00","dateModified":"2026-04-17T12:13:11+00:00","description":"Zobacz \u261b Mumio himalajskie Shilajit 586 mg Biowen - 90 kapsu\u0142ek w konopnym sklepie HempKing \u2705100% naturalne \u2705 Zadbaj z nami o swoj\u0105 diet\u0119!","breadcrumb":{"@id":"https:\/\/hempking.eu\/pl\/mumio-himalajskie-shilajit-586-mg-biowen-90-kapsulek\/#breadcrumb"},"inLanguage":"pl-PL","potentialAction":[{"@type":"ReadAction","target":["https:\/\/hempking.eu\/pl\/mumio-himalajskie-shilajit-586-mg-biowen-90-kapsulek\/"]}]},{"@type":"ImageObject","inLanguage":"pl-PL","@id":"https:\/\/hempking.eu\/pl\/mumio-himalajskie-shilajit-586-mg-biowen-90-kapsulek\/#primaryimage","url":"https:\/\/hempking.eu\/pl\/wp-content\/uploads\/sites\/2\/2025\/10\/Mumiom_Himalajskie_Hempking.jpg","contentUrl":"https:\/\/hempking.eu\/pl\/wp-content\/uploads\/sites\/2\/2025\/10\/Mumiom_Himalajskie_Hempking.jpg","width":1000,"height":1000},{"@type":"BreadcrumbList","@id":"https:\/\/hempking.eu\/pl\/mumio-himalajskie-shilajit-586-mg-biowen-90-kapsulek\/#breadcrumb","itemListElement":[{"@type":"ListItem","position":1,"name":"Home","item":"https:\/\/hempking.eu\/pl\/"},{"@type":"ListItem","position":2,"name":"Sklep","item":"https:\/\/hempking.eu\/pl\/shop\/"},{"@type":"ListItem","position":3,"name":"\ud83d\udd25OKAZJE\ud83d\udd25","item":"https:\/\/hempking.eu\/pl\/okazje\/"},{"@type":"ListItem","position":4,"name":"Nowo\u015bci","item":"https:\/\/hempking.eu\/pl\/nowosci\/"},{"@type":"ListItem","position":5,"name":"Mumio himalajskie Shilajit 586 mg Biowen - 90 kapsu\u0142ek"}]},{"@type":"WebSite","@id":"https:\/\/hempking.eu\/pl\/#website","url":"https:\/\/hempking.eu\/pl\/","name":"Hemp King","description":"","publisher":{"@id":"https:\/\/hempking.eu\/pl\/#organization"},"potentialAction":[{"@type":"SearchAction","target":{"@type":"EntryPoint","urlTemplate":"https:\/\/hempking.eu\/pl\/?s={search_term_string}"},"query-input":{"@type":"PropertyValueSpecification","valueRequired":true,"valueName":"search_term_string"}}],"inLanguage":"pl-PL"},{"@type":"Organization","@id":"https:\/\/hempking.eu\/pl\/#organization","name":"Hemp King","url":"https:\/\/hempking.eu\/pl\/","logo":{"@type":"ImageObject","inLanguage":"pl-PL","@id":"https:\/\/hempking.eu\/pl\/#\/schema\/logo\/image\/","url":"https:\/\/hempking.eu\/pl\/wp-content\/uploads\/sites\/2\/2020\/05\/hempking.png","contentUrl":"https:\/\/hempking.eu\/pl\/wp-content\/uploads\/sites\/2\/2020\/05\/hempking.png","width":148,"height":91,"caption":"Hemp King"},"image":{"@id":"https:\/\/hempking.eu\/pl\/#\/schema\/logo\/image\/"},"sameAs":["https:\/\/www.facebook.com\/hempkingpoland","https:\/\/x.com\/hempkingeu","https:\/\/www.instagram.com\/hempkingeu\/","https:\/\/www.linkedin.com\/company\/hempking-eu\/mycompany\/","https:\/\/pl.pinterest.com\/hempkingeu\/","https:\/\/www.youtube.com\/channel\/UCUkeZA1fj4hSZfoYm0WpZ7w"]}]},"product_price_amount":"54.99","product_price_currency":"PLN","og_availability":"instock","product_availability":"instock","product_retailer_item_id":"5902906189160","product_condition":"new"},"df_price":54.99,"df_sale_price":"","df_regular_price":54.99,"df_image_link":"https:\/\/hempking.eu\/pl\/wp-content\/uploads\/sites\/2\/2025\/10\/Mumiom_Himalajskie_Hempking-300x300.jpg","_links":{"self":[{"href":"https:\/\/hempking.eu\/pl\/wp-json\/wp\/v2\/product\/308911","targetHints":{"allow":["GET"]}}],"collection":[{"href":"https:\/\/hempking.eu\/pl\/wp-json\/wp\/v2\/product"}],"about":[{"href":"https:\/\/hempking.eu\/pl\/wp-json\/wp\/v2\/types\/product"}],"wp:featuredmedia":[{"embeddable":true,"href":"https:\/\/hempking.eu\/pl\/wp-json\/wp\/v2\/media\/308912"}],"wp:attachment":[{"href":"https:\/\/hempking.eu\/pl\/wp-json\/wp\/v2\/media?parent=308911"}],"wp:term":[{"taxonomy":"product_brand","embeddable":true,"href":"https:\/\/hempking.eu\/pl\/wp-json\/wp\/v2\/product_brand?post=308911"},{"taxonomy":"product_cat","embeddable":true,"href":"https:\/\/hempking.eu\/pl\/wp-json\/wp\/v2\/product_cat?post=308911"},{"taxonomy":"product_tag","embeddable":true,"href":"https:\/\/hempking.eu\/pl\/wp-json\/wp\/v2\/product_tag?post=308911"}],"curies":[{"name":"wp","href":"https:\/\/api.w.org\/{rel}","templated":true}]}}