{"id":313288,"date":"2025-11-04T09:53:47","date_gmt":"2025-11-04T08:53:47","guid":{"rendered":"https:\/\/hempking.eu\/pl\/?post_type=product&#038;p=313288"},"modified":"2026-01-27T15:17:05","modified_gmt":"2026-01-27T14:17:05","slug":"kolagen-morski-typu-i-i-iii-z-dzikiego-dorsza-biowen-krotka-data-waznosci","status":"publish","type":"product","link":"https:\/\/hempking.eu\/pl\/kolagen-morski-typu-i-i-iii-z-dzikiego-dorsza-biowen-krotka-data-waznosci\/","title":{"rendered":"Kolagen morski typu I i III z dzikiego dorsza Biowen - kr\u00f3tka data wa\u017cno\u015bci"},"content":{"rendered":"<p><span style=\"font-weight: 400\">Kolagen morski Biowen w proszku, to unikatowe po\u0142\u0105czenie kolagenu z dzikiego dorsza atlantyckiego (Gadus morhua) BPMG (Bioactive Peptide Marine Grade) 1000, kt\u00f3ry zawiera dwa typy kolagenu: typ I i typ III, z kolagenem peptydowym Naticol\u24c7 x3 Peptide. Zawieraj\u0105 mikrocz\u0105steczki nawet do 1000 dalton\u00f3w, dzi\u0119ki czemu maj\u0105 wysok\u0105 biodost\u0119pno\u015b\u0107 i dobrze przyswajaj\u0105 si\u0119 w organizmie. Oba surowce posiadaj\u0105 certyfikat Friend of the Sea\u00ae. Kolagen rybi Biowen nie zawiera dodatk\u00f3w s\u0142odz\u0105cych i ma czysty sk\u0142ad. Korzystamy wy\u0142\u0105cznie z certyfikowanych zr\u00f3wnowa\u017conych po\u0142ow\u00f3w ryb do wytwarzania tego suplementu diety.\u00a0<\/span><\/p>\n<p><span style=\"font-weight: 400\">Ten produkt wyr\u00f3\u017cnia bardzo wysoki stopie\u0144 czysto\u015bci bia\u0142ka kolagenowego 95 g \/ 100 g, neutralny smak, zapach i kolor, co potwierdza wysok\u0105 jako\u015b\u0107. Jest ona poparta badaniami klinicznymi na ludziach! Kolagen morski Biowen jest wolny od GMO i konserwant\u00f3w. To produkt w formie mikrogranulatu. Oznacza to, \u017ce ma wysok\u0105 dyspergowalno\u015b\u0107.\u00a0<\/span><\/p>\n<p><span style=\"font-weight: 400\">W produkcie zawarty jest probiotyk Lactospore\u24c7 <\/span><span style=\"font-weight: 400\">Bacillus coagulans MTCC 5856<\/span><span style=\"font-weight: 400\"> 1.5 x 10<sup>9<\/sup> mg na ka\u017cd\u0105 porcj\u0119 oraz prebiotyk Inavea\u24c7 (b\u0142onnik z akacji i baobabu), kt\u00f3re wespr\u0105 uk\u0142ad pokarmowy i zapewni\u0105 jeszcze lepsz\u0105 wch\u0142anialno\u015b\u0107 produktu.<\/span><\/p>\n<p><span style=\"font-weight: 400\">Lactospore\u24c7, czyli probiotyk, ma wysok\u0105 stabilno\u015b\u0107 i dzi\u0119ki temu nasz kolagen morski mo\u017cna dosypa\u0107 np. do kawy. Bez obaw! Nie straci on swoich warto\u015bci od\u017cywczych pod wp\u0142ywem ciep\u0142a napoju!<\/span><\/p>\n<p>Kolagen rybi Naticol\u24c7 x3 Peptide oraz kolagen Naticol\u24c7 1000 BPMG zawieraj\u0105 bogaty profil aminokwas\u00f3w. Zawieraj\u0105 takie aminokwasy jak:<\/p>\n<ul>\n<li style=\"font-weight: 400\"><span style=\"font-weight: 400\">Glicyna\u00a0<\/span><\/li>\n<li style=\"font-weight: 400\"><span style=\"font-weight: 400\">Prolina\u00a0<\/span><\/li>\n<li style=\"font-weight: 400\"><span style=\"font-weight: 400\">Kwas glutaminowy\u00a0<\/span><\/li>\n<li style=\"font-weight: 400\"><span style=\"font-weight: 400\">Hydroksyprolina<\/span><\/li>\n<li style=\"font-weight: 400\"><span style=\"font-weight: 400\">Arginina\u00a0<\/span><\/li>\n<li style=\"font-weight: 400\"><span style=\"font-weight: 400\">Alanina\u00a0<\/span><\/li>\n<li style=\"font-weight: 400\"><span style=\"font-weight: 400\">Kwas asparaginowy\u00a0<\/span><\/li>\n<li style=\"font-weight: 400\"><span style=\"font-weight: 400\">Lizyna\u00a0<\/span><\/li>\n<li style=\"font-weight: 400\"><span style=\"font-weight: 400\">Seryna TT<\/span><\/li>\n<li style=\"font-weight: 400\"><span style=\"font-weight: 400\">Treonina\u00a0<\/span><\/li>\n<li style=\"font-weight: 400\"><span style=\"font-weight: 400\">Leucyna\u00a0<\/span><\/li>\n<li style=\"font-weight: 400\"><span style=\"font-weight: 400\">Fenyloalanina<\/span><\/li>\n<li style=\"font-weight: 400\"><span style=\"font-weight: 400\">Walina\u00a0<\/span><\/li>\n<li style=\"font-weight: 400\"><span style=\"font-weight: 400\">Izoleucyna\u00a0<\/span><\/li>\n<li style=\"font-weight: 400\"><span style=\"font-weight: 400\">Hydroksylizyna\u00a0<\/span><\/li>\n<li style=\"font-weight: 400\"><span style=\"font-weight: 400\">Histydyna\u00a0<\/span><\/li>\n<li style=\"font-weight: 400\"><span style=\"font-weight: 400\">Metionina\u00a0<\/span><\/li>\n<li style=\"font-weight: 400\"><span style=\"font-weight: 400\">Tyrozyna\u00a0\u00a0<\/span><\/li>\n<\/ul>\n<p><span style=\"font-weight: 400\">W tym kolagenie znajdziesz dodatek witaminy C. Witamina C w przypadku aminokwas\u00f3w ma za zadanie stymulowanie wytwarzania kolagenu. Kolagen bez dodatku witaminy C nie mo\u017ce by\u0107 tak skuteczny, zatem nie mog\u0142o jej zabrakn\u0105\u0107 w sk\u0142adzie tego produktu!\u00a0<\/span><\/p>\n<p><span style=\"font-weight: 400\">Produkt jest zamkni\u0119ty w szklanym s\u0142oiku wraz z miark\u0105, dzi\u0119ki kt\u00f3rej odmierzysz odpowiedni\u0105 porcj\u0119 kolagenu ka\u017cdego dnia, by m\u00f3c go bezpiecznie i \u0142atwo wprowadzi\u0107 do swojej diety!\u00a0<\/span><\/p>\n<h2><b>Typy kolagenu<\/b><\/h2>\n<p><span style=\"font-weight: 400\">Kolagen typu 1, czyli ten sam typ, kt\u00f3ry zawiera kolagen rybi Biowen, to typ, kt\u00f3rego jest najwi\u0119cej w ludzkim organizmie. Znajdziesz go m.in. w wi\u0119zad\u0142ach, \u015bci\u0119gnach, ko\u015bciach, sk\u00f3rze oraz rog\u00f3wce oka. To dzi\u0119ki niemu te tkanki s\u0105 elastyczne, a w przypadku ko\u015bci &#8211; sztywne.\u00a0<\/span><\/p>\n<p><span style=\"font-weight: 400\">Z kolei kolagen typu 3, czyli drugi, kt\u00f3ry zawiera kolagen morski Biowen, to kolagen, kt\u00f3ry znajdziemy w r\u00f3\u017cnych narz\u0105dach cia\u0142a, takich jak sk\u00f3ra, naczynia krwiono\u015bne, p\u0142uca, w\u0105troba itd. Gdy po\u0142\u0105czymy kolagen 1 i 3 to uzyskamy kolagen, kt\u00f3ry wp\u0142ywa na elastyczno\u015b\u0107 tkanek.\u00a0<\/span><\/p>\n","protected":false},"excerpt":{"rendered":"<p><strong>Data wa\u017cno\u015bci:\u00a0\u00a0<\/strong><\/p>\n<h2>Kolagen z dzikiego dorsza:<\/h2>\n<ul>\n<li>\n<div><strong>Wysoka biodost\u0119pno\u015b\u0107<\/strong> &#8211; nawet do 1000 dalton\u00f3w,<\/div>\n<\/li>\n<li>\n<div>Kolagen Rybi 1000 BPMG z dzikiego dorsza Naticol\u24c7 i Kolagen 3 x peptydy Naticol\u24c7 &#8211; surowce brandowe<\/div>\n<\/li>\n<li>\n<div>Probiotyk Lactospore\u24c7 i prebiotyk Inaeva\u24c7 (b\u0142onnik z akacji i baobabu) &#8211; surowce brandowe<\/div>\n<\/li>\n<li>\n<div>Szklany s\u0142oik<\/div>\n<\/li>\n<li>\n<div>Dobra rozpuszczalno\u015b\u0107<\/div>\n<\/li>\n<li>\n<div><strong>Bez zapachu ryby<\/strong><\/div>\n<\/li>\n<li>Bez zb\u0119dnych dodatk\u00f3w<\/li>\n<li>\n<div><strong>Z badaniami klinicznymi<\/strong><\/div>\n<\/li>\n<li>\n<div>Bogaty w aminokwasy<\/div>\n<\/li>\n<li>\n<div>Kolagen jest typu I i III<\/div>\n<\/li>\n<li>\n<div>Kolagen Rybi BPMG oraz Kolagen 3 x peptydy maj\u0105 certyfikat\u00a0<b>Friend of Sea\u00a0<\/b><\/div>\n<\/li>\n<li>\n<div>Wystarcza na 30 dni suplementacji po 7,5 g<\/div>\n<\/li>\n<\/ul>\n<p><strong>Masa netto: 225 g<\/strong><\/p>\n","protected":false},"featured_media":251694,"template":"","meta":{"_acf_changed":false},"product_brand":[],"product_cat":[101],"product_tag":[],"class_list":{"0":"post-313288","1":"product","2":"type-product","3":"status-publish","4":"has-post-thumbnail","6":"product_cat-last-minute","8":"first","9":"outofstock","10":"sale","11":"shipping-taxable","12":"purchasable","13":"product-type-simple"},"acf":[],"yoast_head":"<!-- This site is optimized with the Yoast SEO Premium plugin v24.8 (Yoast SEO v27.3) - https:\/\/yoast.com\/product\/yoast-seo-premium-wordpress\/ -->\n<title>Kolagen morski typu I i III z dzikiego dorsza Biowen - proszek 225g<\/title>\n<meta name=\"description\" content=\"Kolagen morski typu I i III z dzikiego dorsza Biowen - kr\u00f3tka data wa\u017cno\u015bci w konopnym sklepie HempKing \u2705100% naturalne \u2705 Zadbaj z nami o swoj\u0105 diet\u0119!\" \/>\n<meta name=\"robots\" content=\"index, follow\" \/>\n<link rel=\"canonical\" href=\"https:\/\/hempking.eu\/pl\/kolagen-morski-typu-i-i-iii-z-dzikiego-dorsza-biowen-krotka-data-waznosci\/\" \/>\n<meta property=\"og:locale\" content=\"pl_PL\" \/>\n<meta property=\"og:type\" content=\"article\" \/>\n<meta property=\"og:title\" content=\"Kolagen morski typu I i III z dzikiego dorsza Biowen - kr\u00f3tka data wa\u017cno\u015bci\" \/>\n<meta property=\"og:description\" content=\"Kolagen morski typu I i III z dzikiego dorsza Biowen - kr\u00f3tka data wa\u017cno\u015bci w konopnym sklepie HempKing \u2705100% naturalne \u2705 Zadbaj z nami o swoj\u0105 diet\u0119!\" \/>\n<meta property=\"og:url\" content=\"https:\/\/hempking.eu\/pl\/kolagen-morski-typu-i-i-iii-z-dzikiego-dorsza-biowen-krotka-data-waznosci\/\" \/>\n<meta property=\"og:site_name\" content=\"Hemp King\" \/>\n<meta property=\"article:publisher\" content=\"https:\/\/www.facebook.com\/hempkingpoland\" \/>\n<meta property=\"article:modified_time\" content=\"2026-01-27T14:17:05+00:00\" \/>\n<meta property=\"og:image\" content=\"https:\/\/hempking.eu\/pl\/wp-content\/uploads\/sites\/2\/2024\/12\/wizualizacja_kolagen_morski_hempking.jpg\" \/>\n\t<meta property=\"og:image:width\" content=\"1000\" \/>\n\t<meta property=\"og:image:height\" content=\"1000\" \/>\n\t<meta property=\"og:image:type\" content=\"image\/jpeg\" \/>\n<meta name=\"twitter:card\" content=\"summary_large_image\" \/>\n<meta name=\"twitter:site\" content=\"@hempkingeu\" \/>\n<meta name=\"twitter:label1\" content=\"Cena\" \/>\n\t<meta name=\"twitter:data1\" content=\"77.99&nbsp;&#122;&#322;\" \/>\n\t<meta name=\"twitter:label2\" content=\"Dost\u0119pno\u015b\u0107\" \/>\n\t<meta name=\"twitter:data2\" content=\"Brak w magazynie\" \/>\n<script type=\"application\/ld+json\" class=\"yoast-schema-graph\">{\"@context\":\"https:\\\/\\\/schema.org\",\"@graph\":[{\"@type\":\"WebPage\",\"@id\":\"https:\\\/\\\/hempking.eu\\\/pl\\\/kolagen-morski-typu-i-i-iii-z-dzikiego-dorsza-biowen-krotka-data-waznosci\\\/\",\"url\":\"https:\\\/\\\/hempking.eu\\\/pl\\\/kolagen-morski-typu-i-i-iii-z-dzikiego-dorsza-biowen-krotka-data-waznosci\\\/\",\"name\":\"Kolagen morski typu I i III z dzikiego dorsza Biowen - proszek 225g\",\"isPartOf\":{\"@id\":\"https:\\\/\\\/hempking.eu\\\/pl\\\/#website\"},\"primaryImageOfPage\":{\"@id\":\"https:\\\/\\\/hempking.eu\\\/pl\\\/kolagen-morski-typu-i-i-iii-z-dzikiego-dorsza-biowen-krotka-data-waznosci\\\/#primaryimage\"},\"image\":{\"@id\":\"https:\\\/\\\/hempking.eu\\\/pl\\\/kolagen-morski-typu-i-i-iii-z-dzikiego-dorsza-biowen-krotka-data-waznosci\\\/#primaryimage\"},\"thumbnailUrl\":\"https:\\\/\\\/hempking.eu\\\/pl\\\/wp-content\\\/uploads\\\/sites\\\/2\\\/2024\\\/12\\\/wizualizacja_kolagen_morski_hempking.jpg\",\"datePublished\":\"2025-11-04T08:53:47+00:00\",\"dateModified\":\"2026-01-27T14:17:05+00:00\",\"description\":\"Kolagen morski typu I i III z dzikiego dorsza Biowen - kr\u00f3tka data wa\u017cno\u015bci w konopnym sklepie HempKing \u2705100% naturalne \u2705 Zadbaj z nami o swoj\u0105 diet\u0119!\",\"breadcrumb\":{\"@id\":\"https:\\\/\\\/hempking.eu\\\/pl\\\/kolagen-morski-typu-i-i-iii-z-dzikiego-dorsza-biowen-krotka-data-waznosci\\\/#breadcrumb\"},\"inLanguage\":\"pl-PL\",\"potentialAction\":[{\"@type\":\"ReadAction\",\"target\":[\"https:\\\/\\\/hempking.eu\\\/pl\\\/kolagen-morski-typu-i-i-iii-z-dzikiego-dorsza-biowen-krotka-data-waznosci\\\/\"]}]},{\"@type\":\"ImageObject\",\"inLanguage\":\"pl-PL\",\"@id\":\"https:\\\/\\\/hempking.eu\\\/pl\\\/kolagen-morski-typu-i-i-iii-z-dzikiego-dorsza-biowen-krotka-data-waznosci\\\/#primaryimage\",\"url\":\"https:\\\/\\\/hempking.eu\\\/pl\\\/wp-content\\\/uploads\\\/sites\\\/2\\\/2024\\\/12\\\/wizualizacja_kolagen_morski_hempking.jpg\",\"contentUrl\":\"https:\\\/\\\/hempking.eu\\\/pl\\\/wp-content\\\/uploads\\\/sites\\\/2\\\/2024\\\/12\\\/wizualizacja_kolagen_morski_hempking.jpg\",\"width\":1000,\"height\":1000,\"caption\":\"kolagen morski hempking w proszku\"},{\"@type\":\"BreadcrumbList\",\"@id\":\"https:\\\/\\\/hempking.eu\\\/pl\\\/kolagen-morski-typu-i-i-iii-z-dzikiego-dorsza-biowen-krotka-data-waznosci\\\/#breadcrumb\",\"itemListElement\":[{\"@type\":\"ListItem\",\"position\":1,\"name\":\"Home\",\"item\":\"https:\\\/\\\/hempking.eu\\\/pl\\\/\"},{\"@type\":\"ListItem\",\"position\":2,\"name\":\"Sklep\",\"item\":\"https:\\\/\\\/hempking.eu\\\/pl\\\/shop\\\/\"},{\"@type\":\"ListItem\",\"position\":3,\"name\":\"\ud83d\udd25OKAZJE\ud83d\udd25\",\"item\":\"https:\\\/\\\/hempking.eu\\\/pl\\\/okazje\\\/\"},{\"@type\":\"ListItem\",\"position\":4,\"name\":\"\ud83d\udcb2Wyprzeda\u017c\",\"item\":\"https:\\\/\\\/hempking.eu\\\/pl\\\/last-minute\\\/\"},{\"@type\":\"ListItem\",\"position\":5,\"name\":\"Kolagen morski typu I i III z dzikiego dorsza Biowen - kr\u00f3tka data wa\u017cno\u015bci\"}]},{\"@type\":\"WebSite\",\"@id\":\"https:\\\/\\\/hempking.eu\\\/pl\\\/#website\",\"url\":\"https:\\\/\\\/hempking.eu\\\/pl\\\/\",\"name\":\"Hemp King\",\"description\":\"\",\"publisher\":{\"@id\":\"https:\\\/\\\/hempking.eu\\\/pl\\\/#organization\"},\"potentialAction\":[{\"@type\":\"SearchAction\",\"target\":{\"@type\":\"EntryPoint\",\"urlTemplate\":\"https:\\\/\\\/hempking.eu\\\/pl\\\/?s={search_term_string}\"},\"query-input\":{\"@type\":\"PropertyValueSpecification\",\"valueRequired\":true,\"valueName\":\"search_term_string\"}}],\"inLanguage\":\"pl-PL\"},{\"@type\":\"Organization\",\"@id\":\"https:\\\/\\\/hempking.eu\\\/pl\\\/#organization\",\"name\":\"Hemp King\",\"url\":\"https:\\\/\\\/hempking.eu\\\/pl\\\/\",\"logo\":{\"@type\":\"ImageObject\",\"inLanguage\":\"pl-PL\",\"@id\":\"https:\\\/\\\/hempking.eu\\\/pl\\\/#\\\/schema\\\/logo\\\/image\\\/\",\"url\":\"https:\\\/\\\/hempking.eu\\\/pl\\\/wp-content\\\/uploads\\\/sites\\\/2\\\/2020\\\/05\\\/hempking.png\",\"contentUrl\":\"https:\\\/\\\/hempking.eu\\\/pl\\\/wp-content\\\/uploads\\\/sites\\\/2\\\/2020\\\/05\\\/hempking.png\",\"width\":148,\"height\":91,\"caption\":\"Hemp King\"},\"image\":{\"@id\":\"https:\\\/\\\/hempking.eu\\\/pl\\\/#\\\/schema\\\/logo\\\/image\\\/\"},\"sameAs\":[\"https:\\\/\\\/www.facebook.com\\\/hempkingpoland\",\"https:\\\/\\\/x.com\\\/hempkingeu\",\"https:\\\/\\\/www.instagram.com\\\/hempkingeu\\\/\",\"https:\\\/\\\/www.linkedin.com\\\/company\\\/hempking-eu\\\/mycompany\\\/\",\"https:\\\/\\\/pl.pinterest.com\\\/hempkingeu\\\/\",\"https:\\\/\\\/www.youtube.com\\\/channel\\\/UCUkeZA1fj4hSZfoYm0WpZ7w\"]}]}<\/script>\n<meta property=\"product:price:amount\" content=\"77.99\" \/>\n<meta property=\"product:price:currency\" content=\"PLN\" \/>\n<meta property=\"og:availability\" content=\"out of stock\" \/>\n<meta property=\"product:availability\" content=\"out of stock\" \/>\n<meta property=\"product:retailer_item_id\" content=\"120939\" \/>\n<meta property=\"product:condition\" content=\"new\" \/>\n<!-- \/ Yoast SEO Premium plugin. -->","yoast_head_json":{"title":"Kolagen morski typu I i III z dzikiego dorsza Biowen - proszek 225g","description":"Kolagen morski typu I i III z dzikiego dorsza Biowen - kr\u00f3tka data wa\u017cno\u015bci w konopnym sklepie HempKing \u2705100% naturalne \u2705 Zadbaj z nami o swoj\u0105 diet\u0119!","robots":{"index":"index","follow":"follow"},"canonical":"https:\/\/hempking.eu\/pl\/kolagen-morski-typu-i-i-iii-z-dzikiego-dorsza-biowen-krotka-data-waznosci\/","og_locale":"pl_PL","og_type":"article","og_title":"Kolagen morski typu I i III z dzikiego dorsza Biowen - kr\u00f3tka data wa\u017cno\u015bci","og_description":"Kolagen morski typu I i III z dzikiego dorsza Biowen - kr\u00f3tka data wa\u017cno\u015bci w konopnym sklepie HempKing \u2705100% naturalne \u2705 Zadbaj z nami o swoj\u0105 diet\u0119!","og_url":"https:\/\/hempking.eu\/pl\/kolagen-morski-typu-i-i-iii-z-dzikiego-dorsza-biowen-krotka-data-waznosci\/","og_site_name":"Hemp King","article_publisher":"https:\/\/www.facebook.com\/hempkingpoland","article_modified_time":"2026-01-27T14:17:05+00:00","og_image":[{"width":1000,"height":1000,"url":"https:\/\/hempking.eu\/pl\/wp-content\/uploads\/sites\/2\/2024\/12\/wizualizacja_kolagen_morski_hempking.jpg","type":"image\/jpeg"}],"twitter_card":"summary_large_image","twitter_site":"@hempkingeu","twitter_misc":{"Cena":"77.99&nbsp;&#122;&#322;","Dost\u0119pno\u015b\u0107":"Brak w magazynie"},"schema":{"@context":"https:\/\/schema.org","@graph":[{"@type":"WebPage","@id":"https:\/\/hempking.eu\/pl\/kolagen-morski-typu-i-i-iii-z-dzikiego-dorsza-biowen-krotka-data-waznosci\/","url":"https:\/\/hempking.eu\/pl\/kolagen-morski-typu-i-i-iii-z-dzikiego-dorsza-biowen-krotka-data-waznosci\/","name":"Kolagen morski typu I i III z dzikiego dorsza Biowen - proszek 225g","isPartOf":{"@id":"https:\/\/hempking.eu\/pl\/#website"},"primaryImageOfPage":{"@id":"https:\/\/hempking.eu\/pl\/kolagen-morski-typu-i-i-iii-z-dzikiego-dorsza-biowen-krotka-data-waznosci\/#primaryimage"},"image":{"@id":"https:\/\/hempking.eu\/pl\/kolagen-morski-typu-i-i-iii-z-dzikiego-dorsza-biowen-krotka-data-waznosci\/#primaryimage"},"thumbnailUrl":"https:\/\/hempking.eu\/pl\/wp-content\/uploads\/sites\/2\/2024\/12\/wizualizacja_kolagen_morski_hempking.jpg","datePublished":"2025-11-04T08:53:47+00:00","dateModified":"2026-01-27T14:17:05+00:00","description":"Kolagen morski typu I i III z dzikiego dorsza Biowen - kr\u00f3tka data wa\u017cno\u015bci w konopnym sklepie HempKing \u2705100% naturalne \u2705 Zadbaj z nami o swoj\u0105 diet\u0119!","breadcrumb":{"@id":"https:\/\/hempking.eu\/pl\/kolagen-morski-typu-i-i-iii-z-dzikiego-dorsza-biowen-krotka-data-waznosci\/#breadcrumb"},"inLanguage":"pl-PL","potentialAction":[{"@type":"ReadAction","target":["https:\/\/hempking.eu\/pl\/kolagen-morski-typu-i-i-iii-z-dzikiego-dorsza-biowen-krotka-data-waznosci\/"]}]},{"@type":"ImageObject","inLanguage":"pl-PL","@id":"https:\/\/hempking.eu\/pl\/kolagen-morski-typu-i-i-iii-z-dzikiego-dorsza-biowen-krotka-data-waznosci\/#primaryimage","url":"https:\/\/hempking.eu\/pl\/wp-content\/uploads\/sites\/2\/2024\/12\/wizualizacja_kolagen_morski_hempking.jpg","contentUrl":"https:\/\/hempking.eu\/pl\/wp-content\/uploads\/sites\/2\/2024\/12\/wizualizacja_kolagen_morski_hempking.jpg","width":1000,"height":1000,"caption":"kolagen morski hempking w proszku"},{"@type":"BreadcrumbList","@id":"https:\/\/hempking.eu\/pl\/kolagen-morski-typu-i-i-iii-z-dzikiego-dorsza-biowen-krotka-data-waznosci\/#breadcrumb","itemListElement":[{"@type":"ListItem","position":1,"name":"Home","item":"https:\/\/hempking.eu\/pl\/"},{"@type":"ListItem","position":2,"name":"Sklep","item":"https:\/\/hempking.eu\/pl\/shop\/"},{"@type":"ListItem","position":3,"name":"\ud83d\udd25OKAZJE\ud83d\udd25","item":"https:\/\/hempking.eu\/pl\/okazje\/"},{"@type":"ListItem","position":4,"name":"\ud83d\udcb2Wyprzeda\u017c","item":"https:\/\/hempking.eu\/pl\/last-minute\/"},{"@type":"ListItem","position":5,"name":"Kolagen morski typu I i III z dzikiego dorsza Biowen - kr\u00f3tka data wa\u017cno\u015bci"}]},{"@type":"WebSite","@id":"https:\/\/hempking.eu\/pl\/#website","url":"https:\/\/hempking.eu\/pl\/","name":"Hemp King","description":"","publisher":{"@id":"https:\/\/hempking.eu\/pl\/#organization"},"potentialAction":[{"@type":"SearchAction","target":{"@type":"EntryPoint","urlTemplate":"https:\/\/hempking.eu\/pl\/?s={search_term_string}"},"query-input":{"@type":"PropertyValueSpecification","valueRequired":true,"valueName":"search_term_string"}}],"inLanguage":"pl-PL"},{"@type":"Organization","@id":"https:\/\/hempking.eu\/pl\/#organization","name":"Hemp King","url":"https:\/\/hempking.eu\/pl\/","logo":{"@type":"ImageObject","inLanguage":"pl-PL","@id":"https:\/\/hempking.eu\/pl\/#\/schema\/logo\/image\/","url":"https:\/\/hempking.eu\/pl\/wp-content\/uploads\/sites\/2\/2020\/05\/hempking.png","contentUrl":"https:\/\/hempking.eu\/pl\/wp-content\/uploads\/sites\/2\/2020\/05\/hempking.png","width":148,"height":91,"caption":"Hemp King"},"image":{"@id":"https:\/\/hempking.eu\/pl\/#\/schema\/logo\/image\/"},"sameAs":["https:\/\/www.facebook.com\/hempkingpoland","https:\/\/x.com\/hempkingeu","https:\/\/www.instagram.com\/hempkingeu\/","https:\/\/www.linkedin.com\/company\/hempking-eu\/mycompany\/","https:\/\/pl.pinterest.com\/hempkingeu\/","https:\/\/www.youtube.com\/channel\/UCUkeZA1fj4hSZfoYm0WpZ7w"]}]},"product_price_amount":"77.99","product_price_currency":"PLN","og_availability":"out of stock","product_availability":"out of stock","product_retailer_item_id":"120939","product_condition":"new"},"df_price":77.99,"df_sale_price":77.99,"df_regular_price":129.99,"df_image_link":"https:\/\/hempking.eu\/pl\/wp-content\/uploads\/sites\/2\/2024\/12\/wizualizacja_kolagen_morski_hempking-300x300.jpg","_links":{"self":[{"href":"https:\/\/hempking.eu\/pl\/wp-json\/wp\/v2\/product\/313288","targetHints":{"allow":["GET"]}}],"collection":[{"href":"https:\/\/hempking.eu\/pl\/wp-json\/wp\/v2\/product"}],"about":[{"href":"https:\/\/hempking.eu\/pl\/wp-json\/wp\/v2\/types\/product"}],"wp:featuredmedia":[{"embeddable":true,"href":"https:\/\/hempking.eu\/pl\/wp-json\/wp\/v2\/media\/251694"}],"wp:attachment":[{"href":"https:\/\/hempking.eu\/pl\/wp-json\/wp\/v2\/media?parent=313288"}],"wp:term":[{"taxonomy":"product_brand","embeddable":true,"href":"https:\/\/hempking.eu\/pl\/wp-json\/wp\/v2\/product_brand?post=313288"},{"taxonomy":"product_cat","embeddable":true,"href":"https:\/\/hempking.eu\/pl\/wp-json\/wp\/v2\/product_cat?post=313288"},{"taxonomy":"product_tag","embeddable":true,"href":"https:\/\/hempking.eu\/pl\/wp-json\/wp\/v2\/product_tag?post=313288"}],"curies":[{"name":"wp","href":"https:\/\/api.w.org\/{rel}","templated":true}]}}