{"id":315497,"date":"2025-11-18T08:04:03","date_gmt":"2025-11-18T07:04:03","guid":{"rendered":"https:\/\/hempking.eu\/pl\/?post_type=product&#038;p=315497"},"modified":"2026-04-14T20:17:13","modified_gmt":"2026-04-14T18:17:13","slug":"cortinight-60-kapsulek","status":"publish","type":"product","link":"https:\/\/hempking.eu\/pl\/cortinight-60-kapsulek\/","title":{"rendered":"Cortinight Biowen \u2013 60 kapsu\u0142ek"},"content":{"rendered":"<p><span style=\"font-weight: 400;\">Codzienny po\u015bpiech, stresuj\u0105ce obowi\u0105zki i brak czasu na regeneracj\u0119 mog\u0105 sprzyja\u0107 utrzymywaniu si\u0119 wysokiego poziomu kortyzolu \u2013 hormonu stresu. Jego nadmiar odbija si\u0119 na jako\u015bci snu, samopoczuciu oraz og\u00f3lnym funkcjonowaniu organizmu. Dlatego warto \u015bwiadomie dba\u0107 o r\u00f3wnowag\u0119, si\u0119gaj\u0105c po naturalne sposoby: aktywno\u015b\u0107 fizyczn\u0105, odpowiedni\u0105 ilo\u015b\u0107 odpoczynku, techniki relaksacyjne i dobrze zbilansowan\u0105 diet\u0119. Cennym uzupe\u0142nieniem takiego stylu \u017cycia mo\u017ce by\u0107 tak\u017ce suplementacja sk\u0142adnikami wspieraj\u0105cymi organizm w zachowaniu wewn\u0119trznej harmonii.<\/span><\/p>\n<p><b>Cortinight Biowen<\/b><span style=\"font-weight: 400;\"> to wega\u0144ski suplement diety w kapsu\u0142kach ro\u015blinnych, kt\u00f3ry \u0142\u0105czy w sobie ekstrakty ro\u015blinne, aminokwas, GABA, a tak\u017ce cynk i mied\u017a w przyswajalnych formach. Dzi\u0119ki obecno\u015bci BioPerine\u00ae formu\u0142a zosta\u0142a wzbogacona o sk\u0142adnik wspieraj\u0105cy biodost\u0119pno\u015b\u0107. To kompleksowe rozwi\u0105zanie, kt\u00f3re wpisuje si\u0119 w wieczorn\u0105 rutyn\u0119 i pomaga zadba\u0107 o naturaln\u0105 r\u00f3wnowag\u0119 organizmu.<\/span><\/p>\n<h2><b>Dlaczego warto wybra\u0107 Cortinight Biowen?<\/b><\/h2>\n<ul>\n<li style=\"font-weight: 400;\" aria-level=\"1\"><span style=\"font-weight: 400;\">formu\u0142a oparta na standaryzowanych surowcach i markowych ekstraktach<\/span><\/li>\n<li style=\"font-weight: 400;\" aria-level=\"1\"><span style=\"font-weight: 400;\">sk\u0142ad bez sztucznych dodatk\u00f3w technologicznych<\/span><\/li>\n<li style=\"font-weight: 400;\" aria-level=\"1\"><span style=\"font-weight: 400;\">dwie biodost\u0119pne formy cynku dla lepszego wsparcia organizmu<\/span><\/li>\n<li style=\"font-weight: 400;\" aria-level=\"1\"><span style=\"font-weight: 400;\">kapsu\u0142ki celulozowe odpowiednie dla wegan i wegetarian<\/span><\/li>\n<li style=\"font-weight: 400;\" aria-level=\"1\"><span style=\"font-weight: 400;\">sk\u0142ad przebadany i w pe\u0142ni transparentny<\/span><\/li>\n<\/ul>\n<h2><b>Cortinight Biowen \u2013 wsparcie w wieczornej rutynie<\/b><\/h2>\n<p><b>Cortinight co to?<\/b><b><br \/>\n<\/b><span style=\"font-weight: 400;\"> To suplement diety stworzony z my\u015bl\u0105 o osobach, kt\u00f3re \u017cyj\u0105 intensywnie, s\u0105 nara\u017cone na stres i szukaj\u0105 naturalnego wsparcia dla swojego organizmu. Zawiera m.in. ekstrakt z kory magnolii, L-teanin\u0119, ashwagandh\u0119, GABA oraz minera\u0142y w dobrze przyswajalnych formach. Dzi\u0119ki takiemu po\u0142\u0105czeniu sk\u0142adnik\u00f3w Cortinight Biowen uzupe\u0142nia codzienn\u0105 diet\u0119 i wpisuje si\u0119 w zdrowe wieczorne nawyki.<\/span><\/p>\n<h2><b>Sk\u0142adniki Cortinight \u2013 czym s\u0105 i gdzie wyst\u0119puj\u0105?<\/b><\/h2>\n<ul>\n<li style=\"font-weight: 400;\" aria-level=\"1\"><b>Ekstrakt z kory magnolii<\/b><span style=\"font-weight: 400;\"> \u2013 \u017ar\u00f3d\u0142o honokiolu i magnololu, naturalnych zwi\u0105zk\u00f3w wyst\u0119puj\u0105cych w korze magnolii.<\/span><\/li>\n<li style=\"font-weight: 400;\" aria-level=\"1\"><b>L-teanina<\/b><span style=\"font-weight: 400;\"> \u2013 aminokwas naturalnie obecny w li\u015bciach zielonej herbaty (Camellia sinensis).<\/span><\/li>\n<li style=\"font-weight: 400;\" aria-level=\"1\"><b>Cynk<\/b><span style=\"font-weight: 400;\"> \u2013 mikroelement wyst\u0119puj\u0105cy m.in. w pestkach dyni, mi\u0119sie i ro\u015blinach str\u0105czkowych; w suplemencie obecny w formie pikolinianu i diglicynianu.<\/span><\/li>\n<li style=\"font-weight: 400;\" aria-level=\"1\"><b>Ashwagandha (Withania somnifera)<\/b><span style=\"font-weight: 400;\"> \u2013 znany adaptogen o d\u0142ugiej historii stosowania w Ajurwedzie.<\/span><\/li>\n<li style=\"font-weight: 400;\" aria-level=\"1\"><b>GABA (kwas gamma-aminomas\u0142owy)<\/b><span style=\"font-weight: 400;\"> \u2013 naturalny neuroprzeka\u017anik obecny w uk\u0142adzie nerwowym cz\u0142owieka.<\/span><\/li>\n<li style=\"font-weight: 400;\" aria-level=\"1\"><b>Mied\u017a<\/b><span style=\"font-weight: 400;\"> \u2013 pierwiastek mineralny wyst\u0119puj\u0105cy w orzechach, nasionach i zbo\u017cach pe\u0142noziarnistych.<\/span><\/li>\n<li style=\"font-weight: 400;\" aria-level=\"1\"><b>BioPerine\u00ae<\/b><span style=\"font-weight: 400;\"> \u2013 ekstrakt z pieprzu czarnego, standaryzowany na zawarto\u015b\u0107 piperyny, wspieraj\u0105cy biodost\u0119pno\u015b\u0107 sk\u0142adnik\u00f3w od\u017cywczych.<\/span><\/li>\n<\/ul>\n<p><b>Producent\/ Podmiot odpowiedzialny:<\/b><\/p>\n<p><span style=\"font-weight: 400;\">Biodio Lab Sp. z o.o.<\/span><\/p>\n<p><span style=\"font-weight: 400;\">Ul. Choroszcza\u0144ska 24<\/span><\/p>\n<p><span style=\"font-weight: 400;\">15-732 Bia\u0142ystok<\/span><\/p>\n","protected":false},"excerpt":{"rendered":"<ul>\n<li style=\"font-weight: 400;\" aria-level=\"1\"><span style=\"font-weight: 400;\">Formu\u0142a stworzona w oparciu o standaryzowane ekstrakty ro\u015blinne i adaptogeny<\/span><\/li>\n<li style=\"font-weight: 400;\" aria-level=\"1\"><span style=\"font-weight: 400;\">Wysokiej jako\u015bci surowce markowe: BioPerine\u00ae<\/span><\/li>\n<li style=\"font-weight: 400;\" aria-level=\"1\"><span style=\"font-weight: 400;\">L-teanina (98%) z zielonej herbaty<\/span><\/li>\n<li style=\"font-weight: 400;\" aria-level=\"1\"><span style=\"font-weight: 400;\">Cynk w dw\u00f3ch wysoko przyswajalnych formach: pikolinian i diglicynian,<\/span><\/li>\n<li style=\"font-weight: 400;\" aria-level=\"1\"><span style=\"font-weight: 400;\">Kapsu\u0142ki ro\u015blinne (celulozowe) odpowiednie dla wegan i wegetarian,<\/span><\/li>\n<li style=\"font-weight: 400;\" aria-level=\"1\"><span style=\"font-weight: 400;\">Bez sztucznych wype\u0142niaczy, barwnik\u00f3w i dodatk\u00f3w technologicznych,<\/span><\/li>\n<li style=\"font-weight: 400;\" aria-level=\"1\"><span style=\"font-weight: 400;\">Opakowanie w ciemnym szkle, chroni\u0105ce sk\u0142adniki przed \u015bwiat\u0142em i wilgoci\u0105 oraz przyjazne dla \u015brodowiska.<\/span><\/li>\n<li aria-level=\"1\"><strong>masa netto: 43,8 g<\/strong><\/li>\n<\/ul>\n","protected":false},"featured_media":315627,"template":"","meta":{"_acf_changed":false},"product_brand":[],"product_cat":[439,134,34,448,144],"product_tag":[],"class_list":{"0":"post-315497","1":"product","2":"type-product","3":"status-publish","4":"has-post-thumbnail","6":"product_cat-biowen","7":"product_cat-suplementy-na-sen","8":"product_cat-nowosci","9":"product_cat-suplementy-na-uklad-nerwowy","10":"product_cat-suplementy-i-preparaty-na-dolegliwosci","12":"first","13":"instock","14":"shipping-taxable","15":"purchasable","16":"product-type-simple"},"acf":[],"yoast_head":"<!-- This site is optimized with the Yoast SEO Premium plugin v24.8 (Yoast SEO v27.3) - https:\/\/yoast.com\/product\/yoast-seo-premium-wordpress\/ -->\n<title>Cortinight Biowen - relaks, r\u00f3wnowaga i wsparcie wieczornej rutyny - Hempking<\/title>\n<meta name=\"description\" content=\"Cortinight Biowen wspiera wieczorn\u0105 rutyn\u0119 dzi\u0119ki ekstraktom ro\u015blinnym, L-teaninie, ashwagandzie oraz minera\u0142om w biodost\u0119pnych formach.\" \/>\n<meta name=\"robots\" content=\"index, follow\" \/>\n<link rel=\"canonical\" href=\"https:\/\/hempking.eu\/pl\/cortinight-60-kapsulek\/\" \/>\n<meta property=\"og:locale\" content=\"pl_PL\" \/>\n<meta property=\"og:type\" content=\"article\" \/>\n<meta property=\"og:title\" content=\"Cortinight Biowen \u2013 60 kapsu\u0142ek\" \/>\n<meta property=\"og:description\" content=\"Cortinight Biowen wspiera wieczorn\u0105 rutyn\u0119 dzi\u0119ki ekstraktom ro\u015blinnym, L-teaninie, ashwagandzie oraz minera\u0142om w biodost\u0119pnych formach.\" \/>\n<meta property=\"og:url\" content=\"https:\/\/hempking.eu\/pl\/cortinight-60-kapsulek\/\" \/>\n<meta property=\"og:site_name\" content=\"Hemp King\" \/>\n<meta property=\"article:publisher\" content=\"https:\/\/www.facebook.com\/hempkingpoland\" \/>\n<meta property=\"article:modified_time\" content=\"2026-04-14T18:17:13+00:00\" \/>\n<meta property=\"og:image\" content=\"https:\/\/hempking.eu\/pl\/wp-content\/uploads\/sites\/2\/2025\/11\/CortiNight_Hempking.jpg\" \/>\n\t<meta property=\"og:image:width\" content=\"1000\" \/>\n\t<meta property=\"og:image:height\" content=\"1000\" \/>\n\t<meta property=\"og:image:type\" content=\"image\/jpeg\" \/>\n<meta name=\"twitter:card\" content=\"summary_large_image\" \/>\n<meta name=\"twitter:site\" content=\"@hempkingeu\" \/>\n<meta name=\"twitter:label1\" content=\"Cena\" \/>\n\t<meta name=\"twitter:data1\" content=\"84.99&nbsp;&#122;&#322;\" \/>\n\t<meta name=\"twitter:label2\" content=\"Dost\u0119pno\u015b\u0107\" \/>\n\t<meta name=\"twitter:data2\" content=\"Dost\u0119pny\" \/>\n<script type=\"application\/ld+json\" class=\"yoast-schema-graph\">{\"@context\":\"https:\\\/\\\/schema.org\",\"@graph\":[{\"@type\":\"WebPage\",\"@id\":\"https:\\\/\\\/hempking.eu\\\/pl\\\/cortinight-60-kapsulek\\\/\",\"url\":\"https:\\\/\\\/hempking.eu\\\/pl\\\/cortinight-60-kapsulek\\\/\",\"name\":\"Cortinight Biowen - relaks, r\u00f3wnowaga i wsparcie wieczornej rutyny - Hempking\",\"isPartOf\":{\"@id\":\"https:\\\/\\\/hempking.eu\\\/pl\\\/#website\"},\"primaryImageOfPage\":{\"@id\":\"https:\\\/\\\/hempking.eu\\\/pl\\\/cortinight-60-kapsulek\\\/#primaryimage\"},\"image\":{\"@id\":\"https:\\\/\\\/hempking.eu\\\/pl\\\/cortinight-60-kapsulek\\\/#primaryimage\"},\"thumbnailUrl\":\"https:\\\/\\\/hempking.eu\\\/pl\\\/wp-content\\\/uploads\\\/sites\\\/2\\\/2025\\\/11\\\/CortiNight_Hempking.jpg\",\"datePublished\":\"2025-11-18T07:04:03+00:00\",\"dateModified\":\"2026-04-14T18:17:13+00:00\",\"description\":\"Cortinight Biowen wspiera wieczorn\u0105 rutyn\u0119 dzi\u0119ki ekstraktom ro\u015blinnym, L-teaninie, ashwagandzie oraz minera\u0142om w biodost\u0119pnych formach.\",\"breadcrumb\":{\"@id\":\"https:\\\/\\\/hempking.eu\\\/pl\\\/cortinight-60-kapsulek\\\/#breadcrumb\"},\"inLanguage\":\"pl-PL\",\"potentialAction\":[{\"@type\":\"ReadAction\",\"target\":[\"https:\\\/\\\/hempking.eu\\\/pl\\\/cortinight-60-kapsulek\\\/\"]}]},{\"@type\":\"ImageObject\",\"inLanguage\":\"pl-PL\",\"@id\":\"https:\\\/\\\/hempking.eu\\\/pl\\\/cortinight-60-kapsulek\\\/#primaryimage\",\"url\":\"https:\\\/\\\/hempking.eu\\\/pl\\\/wp-content\\\/uploads\\\/sites\\\/2\\\/2025\\\/11\\\/CortiNight_Hempking.jpg\",\"contentUrl\":\"https:\\\/\\\/hempking.eu\\\/pl\\\/wp-content\\\/uploads\\\/sites\\\/2\\\/2025\\\/11\\\/CortiNight_Hempking.jpg\",\"width\":1000,\"height\":1000},{\"@type\":\"BreadcrumbList\",\"@id\":\"https:\\\/\\\/hempking.eu\\\/pl\\\/cortinight-60-kapsulek\\\/#breadcrumb\",\"itemListElement\":[{\"@type\":\"ListItem\",\"position\":1,\"name\":\"Home\",\"item\":\"https:\\\/\\\/hempking.eu\\\/pl\\\/\"},{\"@type\":\"ListItem\",\"position\":2,\"name\":\"Sklep\",\"item\":\"https:\\\/\\\/hempking.eu\\\/pl\\\/shop\\\/\"},{\"@type\":\"ListItem\",\"position\":3,\"name\":\"Suplementy wed\u0142ug potrzeb\",\"item\":\"https:\\\/\\\/hempking.eu\\\/pl\\\/suplementy-i-preparaty-na-dolegliwosci\\\/\"},{\"@type\":\"ListItem\",\"position\":4,\"name\":\"G\u0142\u0119boki sen\",\"item\":\"https:\\\/\\\/hempking.eu\\\/pl\\\/suplementy-na-sen\\\/\"},{\"@type\":\"ListItem\",\"position\":5,\"name\":\"Cortinight Biowen \u2013 60 kapsu\u0142ek\"}]},{\"@type\":\"WebSite\",\"@id\":\"https:\\\/\\\/hempking.eu\\\/pl\\\/#website\",\"url\":\"https:\\\/\\\/hempking.eu\\\/pl\\\/\",\"name\":\"Hemp King\",\"description\":\"\",\"publisher\":{\"@id\":\"https:\\\/\\\/hempking.eu\\\/pl\\\/#organization\"},\"potentialAction\":[{\"@type\":\"SearchAction\",\"target\":{\"@type\":\"EntryPoint\",\"urlTemplate\":\"https:\\\/\\\/hempking.eu\\\/pl\\\/?s={search_term_string}\"},\"query-input\":{\"@type\":\"PropertyValueSpecification\",\"valueRequired\":true,\"valueName\":\"search_term_string\"}}],\"inLanguage\":\"pl-PL\"},{\"@type\":\"Organization\",\"@id\":\"https:\\\/\\\/hempking.eu\\\/pl\\\/#organization\",\"name\":\"Hemp King\",\"url\":\"https:\\\/\\\/hempking.eu\\\/pl\\\/\",\"logo\":{\"@type\":\"ImageObject\",\"inLanguage\":\"pl-PL\",\"@id\":\"https:\\\/\\\/hempking.eu\\\/pl\\\/#\\\/schema\\\/logo\\\/image\\\/\",\"url\":\"https:\\\/\\\/hempking.eu\\\/pl\\\/wp-content\\\/uploads\\\/sites\\\/2\\\/2020\\\/05\\\/hempking.png\",\"contentUrl\":\"https:\\\/\\\/hempking.eu\\\/pl\\\/wp-content\\\/uploads\\\/sites\\\/2\\\/2020\\\/05\\\/hempking.png\",\"width\":148,\"height\":91,\"caption\":\"Hemp King\"},\"image\":{\"@id\":\"https:\\\/\\\/hempking.eu\\\/pl\\\/#\\\/schema\\\/logo\\\/image\\\/\"},\"sameAs\":[\"https:\\\/\\\/www.facebook.com\\\/hempkingpoland\",\"https:\\\/\\\/x.com\\\/hempkingeu\",\"https:\\\/\\\/www.instagram.com\\\/hempkingeu\\\/\",\"https:\\\/\\\/www.linkedin.com\\\/company\\\/hempking-eu\\\/mycompany\\\/\",\"https:\\\/\\\/pl.pinterest.com\\\/hempkingeu\\\/\",\"https:\\\/\\\/www.youtube.com\\\/channel\\\/UCUkeZA1fj4hSZfoYm0WpZ7w\"]}]}<\/script>\n<meta property=\"product:price:amount\" content=\"84.99\" \/>\n<meta property=\"product:price:currency\" content=\"PLN\" \/>\n<meta property=\"og:availability\" content=\"instock\" \/>\n<meta property=\"product:availability\" content=\"instock\" \/>\n<meta property=\"product:retailer_item_id\" content=\"5902906189337\" \/>\n<meta property=\"product:condition\" content=\"new\" \/>\n<!-- \/ Yoast SEO Premium plugin. -->","yoast_head_json":{"title":"Cortinight Biowen - relaks, r\u00f3wnowaga i wsparcie wieczornej rutyny - Hempking","description":"Cortinight Biowen wspiera wieczorn\u0105 rutyn\u0119 dzi\u0119ki ekstraktom ro\u015blinnym, L-teaninie, ashwagandzie oraz minera\u0142om w biodost\u0119pnych formach.","robots":{"index":"index","follow":"follow"},"canonical":"https:\/\/hempking.eu\/pl\/cortinight-60-kapsulek\/","og_locale":"pl_PL","og_type":"article","og_title":"Cortinight Biowen \u2013 60 kapsu\u0142ek","og_description":"Cortinight Biowen wspiera wieczorn\u0105 rutyn\u0119 dzi\u0119ki ekstraktom ro\u015blinnym, L-teaninie, ashwagandzie oraz minera\u0142om w biodost\u0119pnych formach.","og_url":"https:\/\/hempking.eu\/pl\/cortinight-60-kapsulek\/","og_site_name":"Hemp King","article_publisher":"https:\/\/www.facebook.com\/hempkingpoland","article_modified_time":"2026-04-14T18:17:13+00:00","og_image":[{"width":1000,"height":1000,"url":"https:\/\/hempking.eu\/pl\/wp-content\/uploads\/sites\/2\/2025\/11\/CortiNight_Hempking.jpg","type":"image\/jpeg"}],"twitter_card":"summary_large_image","twitter_site":"@hempkingeu","twitter_misc":{"Cena":"84.99&nbsp;&#122;&#322;","Dost\u0119pno\u015b\u0107":"Dost\u0119pny"},"schema":{"@context":"https:\/\/schema.org","@graph":[{"@type":"WebPage","@id":"https:\/\/hempking.eu\/pl\/cortinight-60-kapsulek\/","url":"https:\/\/hempking.eu\/pl\/cortinight-60-kapsulek\/","name":"Cortinight Biowen - relaks, r\u00f3wnowaga i wsparcie wieczornej rutyny - Hempking","isPartOf":{"@id":"https:\/\/hempking.eu\/pl\/#website"},"primaryImageOfPage":{"@id":"https:\/\/hempking.eu\/pl\/cortinight-60-kapsulek\/#primaryimage"},"image":{"@id":"https:\/\/hempking.eu\/pl\/cortinight-60-kapsulek\/#primaryimage"},"thumbnailUrl":"https:\/\/hempking.eu\/pl\/wp-content\/uploads\/sites\/2\/2025\/11\/CortiNight_Hempking.jpg","datePublished":"2025-11-18T07:04:03+00:00","dateModified":"2026-04-14T18:17:13+00:00","description":"Cortinight Biowen wspiera wieczorn\u0105 rutyn\u0119 dzi\u0119ki ekstraktom ro\u015blinnym, L-teaninie, ashwagandzie oraz minera\u0142om w biodost\u0119pnych formach.","breadcrumb":{"@id":"https:\/\/hempking.eu\/pl\/cortinight-60-kapsulek\/#breadcrumb"},"inLanguage":"pl-PL","potentialAction":[{"@type":"ReadAction","target":["https:\/\/hempking.eu\/pl\/cortinight-60-kapsulek\/"]}]},{"@type":"ImageObject","inLanguage":"pl-PL","@id":"https:\/\/hempking.eu\/pl\/cortinight-60-kapsulek\/#primaryimage","url":"https:\/\/hempking.eu\/pl\/wp-content\/uploads\/sites\/2\/2025\/11\/CortiNight_Hempking.jpg","contentUrl":"https:\/\/hempking.eu\/pl\/wp-content\/uploads\/sites\/2\/2025\/11\/CortiNight_Hempking.jpg","width":1000,"height":1000},{"@type":"BreadcrumbList","@id":"https:\/\/hempking.eu\/pl\/cortinight-60-kapsulek\/#breadcrumb","itemListElement":[{"@type":"ListItem","position":1,"name":"Home","item":"https:\/\/hempking.eu\/pl\/"},{"@type":"ListItem","position":2,"name":"Sklep","item":"https:\/\/hempking.eu\/pl\/shop\/"},{"@type":"ListItem","position":3,"name":"Suplementy wed\u0142ug potrzeb","item":"https:\/\/hempking.eu\/pl\/suplementy-i-preparaty-na-dolegliwosci\/"},{"@type":"ListItem","position":4,"name":"G\u0142\u0119boki sen","item":"https:\/\/hempking.eu\/pl\/suplementy-na-sen\/"},{"@type":"ListItem","position":5,"name":"Cortinight Biowen \u2013 60 kapsu\u0142ek"}]},{"@type":"WebSite","@id":"https:\/\/hempking.eu\/pl\/#website","url":"https:\/\/hempking.eu\/pl\/","name":"Hemp King","description":"","publisher":{"@id":"https:\/\/hempking.eu\/pl\/#organization"},"potentialAction":[{"@type":"SearchAction","target":{"@type":"EntryPoint","urlTemplate":"https:\/\/hempking.eu\/pl\/?s={search_term_string}"},"query-input":{"@type":"PropertyValueSpecification","valueRequired":true,"valueName":"search_term_string"}}],"inLanguage":"pl-PL"},{"@type":"Organization","@id":"https:\/\/hempking.eu\/pl\/#organization","name":"Hemp King","url":"https:\/\/hempking.eu\/pl\/","logo":{"@type":"ImageObject","inLanguage":"pl-PL","@id":"https:\/\/hempking.eu\/pl\/#\/schema\/logo\/image\/","url":"https:\/\/hempking.eu\/pl\/wp-content\/uploads\/sites\/2\/2020\/05\/hempking.png","contentUrl":"https:\/\/hempking.eu\/pl\/wp-content\/uploads\/sites\/2\/2020\/05\/hempking.png","width":148,"height":91,"caption":"Hemp King"},"image":{"@id":"https:\/\/hempking.eu\/pl\/#\/schema\/logo\/image\/"},"sameAs":["https:\/\/www.facebook.com\/hempkingpoland","https:\/\/x.com\/hempkingeu","https:\/\/www.instagram.com\/hempkingeu\/","https:\/\/www.linkedin.com\/company\/hempking-eu\/mycompany\/","https:\/\/pl.pinterest.com\/hempkingeu\/","https:\/\/www.youtube.com\/channel\/UCUkeZA1fj4hSZfoYm0WpZ7w"]}]},"product_price_amount":"84.99","product_price_currency":"PLN","og_availability":"instock","product_availability":"instock","product_retailer_item_id":"5902906189337","product_condition":"new"},"df_price":84.99,"df_sale_price":"","df_regular_price":84.99,"df_image_link":"https:\/\/hempking.eu\/pl\/wp-content\/uploads\/sites\/2\/2025\/11\/CortiNight_Hempking-300x300.jpg","_links":{"self":[{"href":"https:\/\/hempking.eu\/pl\/wp-json\/wp\/v2\/product\/315497","targetHints":{"allow":["GET"]}}],"collection":[{"href":"https:\/\/hempking.eu\/pl\/wp-json\/wp\/v2\/product"}],"about":[{"href":"https:\/\/hempking.eu\/pl\/wp-json\/wp\/v2\/types\/product"}],"wp:featuredmedia":[{"embeddable":true,"href":"https:\/\/hempking.eu\/pl\/wp-json\/wp\/v2\/media\/315627"}],"wp:attachment":[{"href":"https:\/\/hempking.eu\/pl\/wp-json\/wp\/v2\/media?parent=315497"}],"wp:term":[{"taxonomy":"product_brand","embeddable":true,"href":"https:\/\/hempking.eu\/pl\/wp-json\/wp\/v2\/product_brand?post=315497"},{"taxonomy":"product_cat","embeddable":true,"href":"https:\/\/hempking.eu\/pl\/wp-json\/wp\/v2\/product_cat?post=315497"},{"taxonomy":"product_tag","embeddable":true,"href":"https:\/\/hempking.eu\/pl\/wp-json\/wp\/v2\/product_tag?post=315497"}],"curies":[{"name":"wp","href":"https:\/\/api.w.org\/{rel}","templated":true}]}}