{"id":321802,"date":"2025-12-17T12:29:39","date_gmt":"2025-12-17T11:29:39","guid":{"rendered":"https:\/\/hempking.eu\/pl\/?post_type=product&#038;p=321802"},"modified":"2026-04-18T21:45:36","modified_gmt":"2026-04-18T19:45:36","slug":"collagen-elixir-30-saszetek","status":"publish","type":"product","link":"https:\/\/hempking.eu\/pl\/collagen-elixir-30-saszetek\/","title":{"rendered":"Kolagen w saszetkach - Collagen Elixir Biowen"},"content":{"rendered":"<p><span style=\"font-weight: 400;\">Twoja sk\u00f3ra, w\u0142osy, stawy i mikrobiom zas\u0142uguj\u0105 na co\u015b wi\u0119cej ni\u017c powierzchown\u0105 piel\u0119gnacj\u0119. Collagen Elixir Biowen to produkt zaprojektowany z my\u015bl\u0105 o tych, kt\u00f3rzy chc\u0105 zadba\u0107 o siebie holistycznie &#8211; \u0142\u0105cz\u0105c to, co naturalne, z tym, co potwierdzone naukowo. To nie kolejny \u201ekolagen do picia\u201d, lecz przemy\u015blana formu\u0142a sk\u0142adnik\u00f3w aktywnych, kt\u00f3re wzajemnie si\u0119 uzupe\u0142niaj\u0105, dzia\u0142aj\u0105c tam, gdzie zaczynaj\u0105 si\u0119 procesy regeneracji i odbudowy.<\/span><\/p>\n<p><span style=\"font-weight: 400;\">Ka\u017cda saszetka to precyzyjnie odmierzona porcja:<\/span><\/p>\n<ul>\n<li style=\"font-weight: 400;\" aria-level=\"1\"><span style=\"font-weight: 400;\">kolagenu rybiego Naticol\u00ae typu I i III &#8211; 10 000 mg,<\/span><\/li>\n<li style=\"font-weight: 400;\" aria-level=\"1\"><span style=\"font-weight: 400;\">wzbogacona o peptydy kolagenowe 3x Naticol\u00ae,<\/span><\/li>\n<li style=\"font-weight: 400;\" aria-level=\"1\"><span style=\"font-weight: 400;\">wsparta dodatkiem biotyny, cynku, witaminy C i kwasu hialuronowego, kt\u00f3re aktywnie wspieraj\u0105 sk\u00f3r\u0119, w\u0142osy i kom\u00f3rki,<\/span><\/li>\n<li style=\"font-weight: 400;\" aria-level=\"1\"><span style=\"font-weight: 400;\">oraz b\u0142onnika Inavea\u2122 i probiotyku LactoSpore\u00ae, kt\u00f3re dbaj\u0105 o jelita i zwi\u0119kszaj\u0105 biodost\u0119pno\u015b\u0107 sk\u0142adnik\u00f3w.<\/span><\/li>\n<\/ul>\n<p><span style=\"font-weight: 400;\">To kompleks, kt\u00f3ry powsta\u0142 z potrzeby zadbania o siebie na g\u0142\u0119bszym poziomie &#8211; wygodnie, skutecznie i bez kompromis\u00f3w.<\/span><\/p>\n<p><span style=\"font-weight: 400;\">W Biowen wierzymy, \u017ce pi\u0119kno to efekt zdrowia &#8211; a zdrowie zaczyna si\u0119 od codziennych, \u015bwiadomych wybor\u00f3w.<\/span><\/p>\n<h2><b>Dla kogo stworzony jest kolagen w saszetkach Biowen?<\/b><\/h2>\n<p><span style=\"font-weight: 400;\">Collagen Elixir to rozwi\u0105zanie dla os\u00f3b, kt\u00f3re nie szukaj\u0105 szybkich trik\u00f3w, ale realnego wsparcia w codziennej trosce o cia\u0142o. Je\u015bli zale\u017cy Ci na tym, by dzia\u0142a\u0107 m\u0105drze i d\u0142ugofalowo \u2013 ten produkt jest dla Ciebie. Kolagen jest g\u0142\u00f3wnym bia\u0142kiem w organizmie odpowiedzialnym m.in. za j\u0119drno\u015b\u0107 sk\u00f3ry, elastyczno\u015b\u0107 staw\u00f3w i kondycj\u0119 w\u0142os\u00f3w oraz paznokci. To popularna forma suplementacji, kt\u00f3ra doskonale wpisuje si\u0119 w potrzeby os\u00f3b dbaj\u0105cych o zdrowy tryb \u017cycia.<\/span><\/p>\n<p><span style=\"font-weight: 400;\">B\u0119dzie idealny, je\u015bli:<\/span><\/p>\n<ul>\n<li style=\"font-weight: 400;\" aria-level=\"1\"><span style=\"font-weight: 400;\">zauwa\u017casz, \u017ce Twoja sk\u00f3ra traci spr\u0119\u017cysto\u015b\u0107, pojawiaj\u0105 si\u0119 pierwsze oznaki utraty elastyczno\u015bci i zmarszczki staj\u0105 si\u0119 bardziej widoczne,<\/span><\/li>\n<li style=\"font-weight: 400;\" aria-level=\"1\"><span style=\"font-weight: 400;\">chcesz wzmocni\u0107 w\u0142osy i paznokcie, kt\u00f3re s\u0105 os\u0142abione, cienkie lub nadmiernie wypadaj\u0105,<\/span><\/li>\n<li style=\"font-weight: 400;\" aria-level=\"1\"><span style=\"font-weight: 400;\">odczuwasz przeci\u0105\u017cenie lub problemy ze stawami i szukasz regeneracji po aktywno\u015bci fizycznej,<\/span><\/li>\n<li style=\"font-weight: 400;\" aria-level=\"1\"><span style=\"font-weight: 400;\">chcesz utrzyma\u0107 zdrow\u0105 sk\u00f3r\u0119 i kondycj\u0119 swojej sk\u00f3ry niezale\u017cnie od wieku,<\/span><\/li>\n<li style=\"font-weight: 400;\" aria-level=\"1\"><span style=\"font-weight: 400;\">zale\u017cy Ci na czystej, skutecznej formule bez zb\u0119dnych dodatk\u00f3w,<\/span><\/li>\n<li style=\"font-weight: 400;\" aria-level=\"1\"><span style=\"font-weight: 400;\">cenisz praktyczne i por\u0119czne rozwi\u0105zania \u2013 kolagen w saszetkach to wygodna forma spo\u017cycia, kt\u00f3ra dopasuje si\u0119 do Twojego rytmu dnia.<\/span><\/li>\n<\/ul>\n<p><span style=\"font-weight: 400;\">Kolagen w saszetkach pomaga wspiera\u0107 tkank\u0119 \u0142\u0105czn\u0105, a w saszetkach znajdziesz starannie dobrany hydrolizat kolagenu, kt\u00f3ry cechuje wysoka przyswajalno\u015b\u0107 przez organizm. Taki kolagen stanowi sk\u0142adnik codziennej piel\u0119gnacji od wewn\u0105trz, wspieraj\u0105c zar\u00f3wno profilaktyk\u0119, jak i regeneracj\u0119 \u2013 dla kobiet i m\u0119\u017cczyzn, dla os\u00f3b aktywnych, zapracowanych, zestresowanych lub po prostu \u015bwiadomych.<\/span><\/p>\n<h2><b>Jak wspiera\u0107 kolagen naturalnie?<\/b><\/h2>\n<p><span style=\"font-weight: 400;\">Kolagen to bia\u0142ko, kt\u00f3re Twoje cia\u0142o potrafi produkowa\u0107 samodzielnie, ale wraz z wiekiem i pod wp\u0142ywem czynnik\u00f3w takich jak stres czy nieprawid\u0142owa dieta proces ten mo\u017ce ulega\u0107 spowolnieniu. Dlatego warto wspomaga\u0107 go kompleksowo \u2013 zar\u00f3wno przez suplementacj\u0119, jak i odpowiednie nawyki.<\/span><\/p>\n<p><span style=\"font-weight: 400;\">\u0179r\u00f3d\u0142a kolagenu znajdziesz m.in. w bulionach kostnych, sk\u00f3rze ryb i galaretach, a tak\u017ce w suplementach \u2013 np. kolagen w tabletkach, kolagen w kapsu\u0142kach czy nowoczesne formy p\u0142ynne, takie jak collagen 10 000 w saszetkach. Kluczowe s\u0105 tak\u017ce sk\u0142adniki, kt\u00f3re wspomagaj\u0105 jego syntez\u0119 \u2013 jak witamina C, obecna w natce pietruszki, papryce czy owocach jagodowych.<\/span><\/p>\n<p><span style=\"font-weight: 400;\">Nie zapominaj o pe\u0142nowarto\u015bciowym bia\u0142ku, cynku i miedzi, kt\u00f3re znajdziesz w orzechach, pestkach czy kakao. Unikaj nadmiaru cukru i przetworzonych produkt\u00f3w, bo mog\u0105 utrudnia\u0107 procesy regeneracyjne i wp\u0142ywa\u0107 na poprawy elastyczno\u015bci sk\u00f3ry. Pami\u0119taj, \u017ce kolagen odgrywa kluczow\u0105 rol\u0119 w utrzymaniu m\u0142ody wygl\u0105d sk\u00f3ry, a tak\u017ce w zachowaniu zdrowia staw\u00f3w.<\/span><\/p>\n<p><strong>Producent\/ Podmiot odpowiedzialny:<\/strong><\/p>\n<p>Biodio Lab Sp. z o.o.<br \/>\nUl. Choroszcza\u0144ska 24<br \/>\n15-732 Bia\u0142ystok<\/p>\n","protected":false},"excerpt":{"rendered":"<ul>\n<li><b>Cynk (diglicynian cynku) <\/b><span style=\"font-weight: 400;\">wspiera zdrowie sk\u00f3ry, paznokci, ko\u015bci i w\u0142os\u00f3w<\/span><\/li>\n<li><b>Biotyna <\/b><span style=\"font-weight: 400;\">wspiera zdrowie sk\u00f3ry i w\u0142os\u00f3w<\/span><\/li>\n<li><b>Witamina C <\/b><span style=\"font-weight: 400;\">wspiera produkcj\u0119 kolagenu dla prawid\u0142owego funkcjonowania sk\u00f3ry, chrz\u0105stki, ko\u015bci i naczy\u0144 krwiono\u015bnych<\/span><\/li>\n<li style=\"font-weight: 400;\" aria-level=\"1\"><span style=\"font-weight: 400;\">ka\u017cda saszetka jest pe\u0142na kolagenu rybiego Naticol\u00ae typu I i III &#8211; 10 000 mg, <\/span><span style=\"font-weight: 400;\">wzbogacona o peptydy kolagenowe 3x Naticol\u00ae, <\/span><span style=\"font-weight: 400;\">wsparta dodatkiem biotyny, cynku, witaminy C i kwasu hialuronowego, zawiera b\u0142onnik i prebiotyk<\/span><\/li>\n<li>opakowanie zawiera 30 wygodnych w u\u017cyciu saszetek<\/li>\n<li>bez zb\u0119dnych dodatk\u00f3w smakowych czy barwnik\u00f3w lub wype\u0142niaczy<\/li>\n<\/ul>\n<p><span style=\"font-weight: 400;\">Masa netto: 338,1g (11,27g x 30 szt.)<\/span><\/p>\n","protected":false},"featured_media":321810,"template":"","meta":{"_acf_changed":false},"product_brand":[],"product_cat":[439,34,453],"product_tag":[],"class_list":{"0":"post-321802","1":"product","2":"type-product","3":"status-publish","4":"has-post-thumbnail","6":"product_cat-biowen","7":"product_cat-nowosci","8":"product_cat-suplementy-na-uklad-ruchu","10":"first","11":"instock","12":"shipping-taxable","13":"purchasable","14":"product-type-simple"},"acf":[],"yoast_head":"<!-- This site is optimized with the Yoast SEO Premium plugin v24.8 (Yoast SEO v27.3) - https:\/\/yoast.com\/product\/yoast-seo-premium-wordpress\/ -->\n<title>Kolagen w saszetkach - Collagen Elixir Biowen - suplement do picia<\/title>\n<meta name=\"description\" content=\"Kolagen w saszetkach Collagen Elixir Biowen \u2013 wygodny suplement do picia z hydrolizatem kolagenu. Wspiera zdrow\u0105 sk\u00f3r\u0119, w\u0142osy, paznokcie i stawy.\" \/>\n<meta name=\"robots\" content=\"index, follow\" \/>\n<link rel=\"canonical\" href=\"https:\/\/hempking.eu\/pl\/collagen-elixir-30-saszetek\/\" \/>\n<meta property=\"og:locale\" content=\"pl_PL\" \/>\n<meta property=\"og:type\" content=\"article\" \/>\n<meta property=\"og:title\" content=\"Kolagen w saszetkach - Collagen Elixir Biowen\" \/>\n<meta property=\"og:description\" content=\"Kolagen w saszetkach Collagen Elixir Biowen \u2013 wygodny suplement do picia z hydrolizatem kolagenu. Wspiera zdrow\u0105 sk\u00f3r\u0119, w\u0142osy, paznokcie i stawy.\" \/>\n<meta property=\"og:url\" content=\"https:\/\/hempking.eu\/pl\/collagen-elixir-30-saszetek\/\" \/>\n<meta property=\"og:site_name\" content=\"Hemp King\" \/>\n<meta property=\"article:publisher\" content=\"https:\/\/www.facebook.com\/hempkingpoland\" \/>\n<meta property=\"article:modified_time\" content=\"2026-04-18T19:45:36+00:00\" \/>\n<meta property=\"og:image\" content=\"https:\/\/hempking.eu\/pl\/wp-content\/uploads\/sites\/2\/2025\/12\/Collagen_Elixir_zamkniety_kartonik_Hempking.jpg\" \/>\n\t<meta property=\"og:image:width\" content=\"1000\" \/>\n\t<meta property=\"og:image:height\" content=\"1000\" \/>\n\t<meta property=\"og:image:type\" content=\"image\/jpeg\" \/>\n<meta name=\"twitter:card\" content=\"summary_large_image\" \/>\n<meta name=\"twitter:site\" content=\"@hempkingeu\" \/>\n<meta name=\"twitter:label1\" content=\"Cena\" \/>\n\t<meta name=\"twitter:data1\" content=\"169.99&nbsp;&#122;&#322;\" \/>\n\t<meta name=\"twitter:label2\" content=\"Dost\u0119pno\u015b\u0107\" \/>\n\t<meta name=\"twitter:data2\" content=\"Dost\u0119pny\" \/>\n<script type=\"application\/ld+json\" class=\"yoast-schema-graph\">{\"@context\":\"https:\\\/\\\/schema.org\",\"@graph\":[{\"@type\":\"WebPage\",\"@id\":\"https:\\\/\\\/hempking.eu\\\/pl\\\/collagen-elixir-30-saszetek\\\/\",\"url\":\"https:\\\/\\\/hempking.eu\\\/pl\\\/collagen-elixir-30-saszetek\\\/\",\"name\":\"Kolagen w saszetkach - Collagen Elixir Biowen - suplement do picia\",\"isPartOf\":{\"@id\":\"https:\\\/\\\/hempking.eu\\\/pl\\\/#website\"},\"primaryImageOfPage\":{\"@id\":\"https:\\\/\\\/hempking.eu\\\/pl\\\/collagen-elixir-30-saszetek\\\/#primaryimage\"},\"image\":{\"@id\":\"https:\\\/\\\/hempking.eu\\\/pl\\\/collagen-elixir-30-saszetek\\\/#primaryimage\"},\"thumbnailUrl\":\"https:\\\/\\\/hempking.eu\\\/pl\\\/wp-content\\\/uploads\\\/sites\\\/2\\\/2025\\\/12\\\/Collagen_Elixir_zamkniety_kartonik_Hempking.jpg\",\"datePublished\":\"2025-12-17T11:29:39+00:00\",\"dateModified\":\"2026-04-18T19:45:36+00:00\",\"description\":\"Kolagen w saszetkach Collagen Elixir Biowen \u2013 wygodny suplement do picia z hydrolizatem kolagenu. Wspiera zdrow\u0105 sk\u00f3r\u0119, w\u0142osy, paznokcie i stawy.\",\"breadcrumb\":{\"@id\":\"https:\\\/\\\/hempking.eu\\\/pl\\\/collagen-elixir-30-saszetek\\\/#breadcrumb\"},\"inLanguage\":\"pl-PL\",\"potentialAction\":[{\"@type\":\"ReadAction\",\"target\":[\"https:\\\/\\\/hempking.eu\\\/pl\\\/collagen-elixir-30-saszetek\\\/\"]}]},{\"@type\":\"ImageObject\",\"inLanguage\":\"pl-PL\",\"@id\":\"https:\\\/\\\/hempking.eu\\\/pl\\\/collagen-elixir-30-saszetek\\\/#primaryimage\",\"url\":\"https:\\\/\\\/hempking.eu\\\/pl\\\/wp-content\\\/uploads\\\/sites\\\/2\\\/2025\\\/12\\\/Collagen_Elixir_zamkniety_kartonik_Hempking.jpg\",\"contentUrl\":\"https:\\\/\\\/hempking.eu\\\/pl\\\/wp-content\\\/uploads\\\/sites\\\/2\\\/2025\\\/12\\\/Collagen_Elixir_zamkniety_kartonik_Hempking.jpg\",\"width\":1000,\"height\":1000,\"caption\":\"Collagen elixir Biowen\"},{\"@type\":\"BreadcrumbList\",\"@id\":\"https:\\\/\\\/hempking.eu\\\/pl\\\/collagen-elixir-30-saszetek\\\/#breadcrumb\",\"itemListElement\":[{\"@type\":\"ListItem\",\"position\":1,\"name\":\"Home\",\"item\":\"https:\\\/\\\/hempking.eu\\\/pl\\\/\"},{\"@type\":\"ListItem\",\"position\":2,\"name\":\"Sklep\",\"item\":\"https:\\\/\\\/hempking.eu\\\/pl\\\/shop\\\/\"},{\"@type\":\"ListItem\",\"position\":3,\"name\":\"\ud83d\udd25OKAZJE\ud83d\udd25\",\"item\":\"https:\\\/\\\/hempking.eu\\\/pl\\\/okazje\\\/\"},{\"@type\":\"ListItem\",\"position\":4,\"name\":\"Nowo\u015bci\",\"item\":\"https:\\\/\\\/hempking.eu\\\/pl\\\/nowosci\\\/\"},{\"@type\":\"ListItem\",\"position\":5,\"name\":\"Kolagen w saszetkach - Collagen Elixir Biowen\"}]},{\"@type\":\"WebSite\",\"@id\":\"https:\\\/\\\/hempking.eu\\\/pl\\\/#website\",\"url\":\"https:\\\/\\\/hempking.eu\\\/pl\\\/\",\"name\":\"Hemp King\",\"description\":\"\",\"publisher\":{\"@id\":\"https:\\\/\\\/hempking.eu\\\/pl\\\/#organization\"},\"potentialAction\":[{\"@type\":\"SearchAction\",\"target\":{\"@type\":\"EntryPoint\",\"urlTemplate\":\"https:\\\/\\\/hempking.eu\\\/pl\\\/?s={search_term_string}\"},\"query-input\":{\"@type\":\"PropertyValueSpecification\",\"valueRequired\":true,\"valueName\":\"search_term_string\"}}],\"inLanguage\":\"pl-PL\"},{\"@type\":\"Organization\",\"@id\":\"https:\\\/\\\/hempking.eu\\\/pl\\\/#organization\",\"name\":\"Hemp King\",\"url\":\"https:\\\/\\\/hempking.eu\\\/pl\\\/\",\"logo\":{\"@type\":\"ImageObject\",\"inLanguage\":\"pl-PL\",\"@id\":\"https:\\\/\\\/hempking.eu\\\/pl\\\/#\\\/schema\\\/logo\\\/image\\\/\",\"url\":\"https:\\\/\\\/hempking.eu\\\/pl\\\/wp-content\\\/uploads\\\/sites\\\/2\\\/2020\\\/05\\\/hempking.png\",\"contentUrl\":\"https:\\\/\\\/hempking.eu\\\/pl\\\/wp-content\\\/uploads\\\/sites\\\/2\\\/2020\\\/05\\\/hempking.png\",\"width\":148,\"height\":91,\"caption\":\"Hemp King\"},\"image\":{\"@id\":\"https:\\\/\\\/hempking.eu\\\/pl\\\/#\\\/schema\\\/logo\\\/image\\\/\"},\"sameAs\":[\"https:\\\/\\\/www.facebook.com\\\/hempkingpoland\",\"https:\\\/\\\/x.com\\\/hempkingeu\",\"https:\\\/\\\/www.instagram.com\\\/hempkingeu\\\/\",\"https:\\\/\\\/www.linkedin.com\\\/company\\\/hempking-eu\\\/mycompany\\\/\",\"https:\\\/\\\/pl.pinterest.com\\\/hempkingeu\\\/\",\"https:\\\/\\\/www.youtube.com\\\/channel\\\/UCUkeZA1fj4hSZfoYm0WpZ7w\"]}]}<\/script>\n<meta property=\"product:price:amount\" content=\"169.99\" \/>\n<meta property=\"product:price:currency\" content=\"PLN\" \/>\n<meta property=\"og:availability\" content=\"instock\" \/>\n<meta property=\"product:availability\" content=\"instock\" \/>\n<meta property=\"product:retailer_item_id\" content=\"5902906189108\" \/>\n<meta property=\"product:condition\" content=\"new\" \/>\n<!-- \/ Yoast SEO Premium plugin. -->","yoast_head_json":{"title":"Kolagen w saszetkach - Collagen Elixir Biowen - suplement do picia","description":"Kolagen w saszetkach Collagen Elixir Biowen \u2013 wygodny suplement do picia z hydrolizatem kolagenu. Wspiera zdrow\u0105 sk\u00f3r\u0119, w\u0142osy, paznokcie i stawy.","robots":{"index":"index","follow":"follow"},"canonical":"https:\/\/hempking.eu\/pl\/collagen-elixir-30-saszetek\/","og_locale":"pl_PL","og_type":"article","og_title":"Kolagen w saszetkach - Collagen Elixir Biowen","og_description":"Kolagen w saszetkach Collagen Elixir Biowen \u2013 wygodny suplement do picia z hydrolizatem kolagenu. Wspiera zdrow\u0105 sk\u00f3r\u0119, w\u0142osy, paznokcie i stawy.","og_url":"https:\/\/hempking.eu\/pl\/collagen-elixir-30-saszetek\/","og_site_name":"Hemp King","article_publisher":"https:\/\/www.facebook.com\/hempkingpoland","article_modified_time":"2026-04-18T19:45:36+00:00","og_image":[{"width":1000,"height":1000,"url":"https:\/\/hempking.eu\/pl\/wp-content\/uploads\/sites\/2\/2025\/12\/Collagen_Elixir_zamkniety_kartonik_Hempking.jpg","type":"image\/jpeg"}],"twitter_card":"summary_large_image","twitter_site":"@hempkingeu","twitter_misc":{"Cena":"169.99&nbsp;&#122;&#322;","Dost\u0119pno\u015b\u0107":"Dost\u0119pny"},"schema":{"@context":"https:\/\/schema.org","@graph":[{"@type":"WebPage","@id":"https:\/\/hempking.eu\/pl\/collagen-elixir-30-saszetek\/","url":"https:\/\/hempking.eu\/pl\/collagen-elixir-30-saszetek\/","name":"Kolagen w saszetkach - Collagen Elixir Biowen - suplement do picia","isPartOf":{"@id":"https:\/\/hempking.eu\/pl\/#website"},"primaryImageOfPage":{"@id":"https:\/\/hempking.eu\/pl\/collagen-elixir-30-saszetek\/#primaryimage"},"image":{"@id":"https:\/\/hempking.eu\/pl\/collagen-elixir-30-saszetek\/#primaryimage"},"thumbnailUrl":"https:\/\/hempking.eu\/pl\/wp-content\/uploads\/sites\/2\/2025\/12\/Collagen_Elixir_zamkniety_kartonik_Hempking.jpg","datePublished":"2025-12-17T11:29:39+00:00","dateModified":"2026-04-18T19:45:36+00:00","description":"Kolagen w saszetkach Collagen Elixir Biowen \u2013 wygodny suplement do picia z hydrolizatem kolagenu. Wspiera zdrow\u0105 sk\u00f3r\u0119, w\u0142osy, paznokcie i stawy.","breadcrumb":{"@id":"https:\/\/hempking.eu\/pl\/collagen-elixir-30-saszetek\/#breadcrumb"},"inLanguage":"pl-PL","potentialAction":[{"@type":"ReadAction","target":["https:\/\/hempking.eu\/pl\/collagen-elixir-30-saszetek\/"]}]},{"@type":"ImageObject","inLanguage":"pl-PL","@id":"https:\/\/hempking.eu\/pl\/collagen-elixir-30-saszetek\/#primaryimage","url":"https:\/\/hempking.eu\/pl\/wp-content\/uploads\/sites\/2\/2025\/12\/Collagen_Elixir_zamkniety_kartonik_Hempking.jpg","contentUrl":"https:\/\/hempking.eu\/pl\/wp-content\/uploads\/sites\/2\/2025\/12\/Collagen_Elixir_zamkniety_kartonik_Hempking.jpg","width":1000,"height":1000,"caption":"Collagen elixir Biowen"},{"@type":"BreadcrumbList","@id":"https:\/\/hempking.eu\/pl\/collagen-elixir-30-saszetek\/#breadcrumb","itemListElement":[{"@type":"ListItem","position":1,"name":"Home","item":"https:\/\/hempking.eu\/pl\/"},{"@type":"ListItem","position":2,"name":"Sklep","item":"https:\/\/hempking.eu\/pl\/shop\/"},{"@type":"ListItem","position":3,"name":"\ud83d\udd25OKAZJE\ud83d\udd25","item":"https:\/\/hempking.eu\/pl\/okazje\/"},{"@type":"ListItem","position":4,"name":"Nowo\u015bci","item":"https:\/\/hempking.eu\/pl\/nowosci\/"},{"@type":"ListItem","position":5,"name":"Kolagen w saszetkach - Collagen Elixir Biowen"}]},{"@type":"WebSite","@id":"https:\/\/hempking.eu\/pl\/#website","url":"https:\/\/hempking.eu\/pl\/","name":"Hemp King","description":"","publisher":{"@id":"https:\/\/hempking.eu\/pl\/#organization"},"potentialAction":[{"@type":"SearchAction","target":{"@type":"EntryPoint","urlTemplate":"https:\/\/hempking.eu\/pl\/?s={search_term_string}"},"query-input":{"@type":"PropertyValueSpecification","valueRequired":true,"valueName":"search_term_string"}}],"inLanguage":"pl-PL"},{"@type":"Organization","@id":"https:\/\/hempking.eu\/pl\/#organization","name":"Hemp King","url":"https:\/\/hempking.eu\/pl\/","logo":{"@type":"ImageObject","inLanguage":"pl-PL","@id":"https:\/\/hempking.eu\/pl\/#\/schema\/logo\/image\/","url":"https:\/\/hempking.eu\/pl\/wp-content\/uploads\/sites\/2\/2020\/05\/hempking.png","contentUrl":"https:\/\/hempking.eu\/pl\/wp-content\/uploads\/sites\/2\/2020\/05\/hempking.png","width":148,"height":91,"caption":"Hemp King"},"image":{"@id":"https:\/\/hempking.eu\/pl\/#\/schema\/logo\/image\/"},"sameAs":["https:\/\/www.facebook.com\/hempkingpoland","https:\/\/x.com\/hempkingeu","https:\/\/www.instagram.com\/hempkingeu\/","https:\/\/www.linkedin.com\/company\/hempking-eu\/mycompany\/","https:\/\/pl.pinterest.com\/hempkingeu\/","https:\/\/www.youtube.com\/channel\/UCUkeZA1fj4hSZfoYm0WpZ7w"]}]},"product_price_amount":"169.99","product_price_currency":"PLN","og_availability":"instock","product_availability":"instock","product_retailer_item_id":"5902906189108","product_condition":"new"},"df_price":169.99,"df_sale_price":"","df_regular_price":169.99,"df_image_link":"https:\/\/hempking.eu\/pl\/wp-content\/uploads\/sites\/2\/2025\/12\/Collagen_Elixir_zamkniety_kartonik_Hempking-300x300.jpg","_links":{"self":[{"href":"https:\/\/hempking.eu\/pl\/wp-json\/wp\/v2\/product\/321802","targetHints":{"allow":["GET"]}}],"collection":[{"href":"https:\/\/hempking.eu\/pl\/wp-json\/wp\/v2\/product"}],"about":[{"href":"https:\/\/hempking.eu\/pl\/wp-json\/wp\/v2\/types\/product"}],"wp:featuredmedia":[{"embeddable":true,"href":"https:\/\/hempking.eu\/pl\/wp-json\/wp\/v2\/media\/321810"}],"wp:attachment":[{"href":"https:\/\/hempking.eu\/pl\/wp-json\/wp\/v2\/media?parent=321802"}],"wp:term":[{"taxonomy":"product_brand","embeddable":true,"href":"https:\/\/hempking.eu\/pl\/wp-json\/wp\/v2\/product_brand?post=321802"},{"taxonomy":"product_cat","embeddable":true,"href":"https:\/\/hempking.eu\/pl\/wp-json\/wp\/v2\/product_cat?post=321802"},{"taxonomy":"product_tag","embeddable":true,"href":"https:\/\/hempking.eu\/pl\/wp-json\/wp\/v2\/product_tag?post=321802"}],"curies":[{"name":"wp","href":"https:\/\/api.w.org\/{rel}","templated":true}]}}