{"id":323024,"date":"2025-12-29T13:00:45","date_gmt":"2025-12-29T12:00:45","guid":{"rendered":"https:\/\/hempking.eu\/pl\/?post_type=product&#038;p=323024"},"modified":"2026-04-17T14:13:11","modified_gmt":"2026-04-17T12:13:11","slug":"l-tyrozyna-1000mg-biowen-100-kapsulek","status":"publish","type":"product","link":"https:\/\/hempking.eu\/pl\/l-tyrozyna-1000mg-biowen-100-kapsulek\/","title":{"rendered":"L-Tyrozyna Biowen - 100 kapsu\u0142ek"},"content":{"rendered":"<h1><b>L-Tyrozyna 1000 mg Biowen &#8211; 100 kapsu\u0142ek<\/b><\/h1>\n<p><span style=\"font-weight: 400;\">L-Tyrozyna Biowen to suplement diety zawieraj\u0105cy 1000 mg czystej L-tyrozyny w ka\u017cdej porcji. Umieszczona w kapsu\u0142kach ro\u015blinnych, jest odpowiednia dla os\u00f3b na diecie wega\u0144skiej i wegetaria\u0144skiej. Produkt powsta\u0142 z my\u015bl\u0105 o tych, kt\u00f3rzy chc\u0105 w wygodny spos\u00f3b zadba\u0107 o poziom tego aminokwasu w organizmie \u2013 zw\u0142aszcza przy ograniczonej poda\u017cy z po\u017cywienia, ryzyku <\/span><b>niedoboru<\/b><span style=\"font-weight: 400;\"> lub zwi\u0119kszonym zapotrzebowaniu wynikaj\u0105cym z intensywnego trybu \u017cycia i <\/span><b>sytuacjach stresowych<\/b><span style=\"font-weight: 400;\">.<\/span><\/p>\n<h2><b>L-Tyrozyna Biowen \u2013 solidne wsparcie bia\u0142kowe w kapsu\u0142ce<\/b><\/h2>\n<p><b>L-tyrozyna jest aminokwasem<\/b><span style=\"font-weight: 400;\">, kt\u00f3ry organizm potrafi <\/span><b>syntetyzowa\u0107<\/b><span style=\"font-weight: 400;\"> samodzielnie, ale pod wp\u0142ywem d\u0142ugotrwa\u0142ego stresu, napi\u0119cia czy przem\u0119czenia jej synteza mo\u017ce nie nad\u0105\u017ca\u0107 za potrzebami. Nale\u017cy do grupy <\/span><b>aminokwas\u00f3w endogennych<\/b><span style=\"font-weight: 400;\">, a wi\u0119c organizm mo\u017ce j\u0105 wytwarza\u0107, jednak w pewnych momentach warto si\u0119gn\u0105\u0107 po <\/span><b>suplementacj\u0119 L-tyrozyn\u0105<\/b><span style=\"font-weight: 400;\">. W takich sytuacjach <\/span><b>stosowanie L-tyrozyny<\/b><span style=\"font-weight: 400;\"> jest prostym rozwi\u0105zaniem \u2013 czystym i wolnym od zb\u0119dnych sk\u0142adnik\u00f3w. Biowen postawi\u0142 na minimalistyczny sk\u0142ad bez konserwant\u00f3w, wype\u0142niaczy i sztucznych dodatk\u00f3w. To produkt dla tych, kt\u00f3rzy chc\u0105 wiedzie\u0107, co przyjmuj\u0105 \u2013 bez kompromis\u00f3w.<\/span><\/p>\n<h2><b>Co to jest L-Tyrozyna?<\/b><\/h2>\n<p><b>Tyrozyna jest prekursorem<\/b><span style=\"font-weight: 400;\"> wa\u017cnych proces\u00f3w w organizmie i bierze udzia\u0142 w powstawaniu <\/span><b>wa\u017cnych neuroprzeka\u017anik\u00f3w<\/b><span style=\"font-weight: 400;\">, takich jak <\/span><b>dopamina<\/b><span style=\"font-weight: 400;\"> czy <\/span><b>adrenalina i noradrenalina<\/b><span style=\"font-weight: 400;\">, kt\u00f3re wspieraj\u0105 naturaln\u0105 reakcj\u0119 na stres i wp\u0142ywaj\u0105 na <\/span><b>zdolno\u015b\u0107 koncentracji<\/b><span style=\"font-weight: 400;\">. Co wi\u0119cej, udzia\u0142 <\/span><b>tyrozyny w powstawaniu neuroprzeka\u017anik\u00f3w<\/b><span style=\"font-weight: 400;\"> to proces, kt\u00f3ry warunkuje sprawne dzia\u0142anie uk\u0142adu nerwowego, a sama tyrozyna uczestniczy r\u00f3wnie\u017c w <\/span><b>syntezie melaniny<\/b><span style=\"font-weight: 400;\">, obecnej w sk\u00f3rze, w\u0142osach i t\u0119cz\u00f3wkach oczu. Warto te\u017c wspomnie\u0107, \u017ce l-tyrozyna zwi\u0119ksza dost\u0119pno\u015b\u0107 substrat\u00f3w do syntezy <\/span><b>katecholamin<\/b><span style=\"font-weight: 400;\">.<\/span><\/p>\n<p><span style=\"font-weight: 400;\">L-tyrozyna \u2013 co to? To <\/span><b>aminokwas bia\u0142kowy<\/b><span style=\"font-weight: 400;\">, kt\u00f3ry <\/span><b>nale\u017cy do grupy aminokwas\u00f3w buduj\u0105cych bia\u0142ka<\/b><span style=\"font-weight: 400;\">. Powstaje z fenyloalaniny i odgrywa istotn\u0105 rol\u0119 w wielu <\/span><b>przemianach metabolicznych<\/b><span style=\"font-weight: 400;\">. Warto podkre\u015bli\u0107, \u017ce \u201eL\u201d wskazuje na naturaln\u0105, biologicznie czynn\u0105 form\u0119, kt\u00f3ra wyst\u0119puje w jedzeniu i mo\u017ce by\u0107 wykorzystywana przez organizm. <\/span><b>L-tyrozyn\u0119<\/b><span style=\"font-weight: 400;\"> od lat bada si\u0119 pod k\u0105tem wp\u0142ywu na <\/span><b>metabolizm<\/b><span style=\"font-weight: 400;\"> i funkcje organizmu. To r\u00f3wnie\u017c <\/span><b>prekursor<\/b><span style=\"font-weight: 400;\"> hormon\u00f3w takich jak <\/span><b>tyroksyna<\/b><span style=\"font-weight: 400;\"> i innych <\/span><b>hormon\u00f3w tarczycy<\/b><span style=\"font-weight: 400;\">, dlatego <\/span><b>tarczyca<\/b><span style=\"font-weight: 400;\"> jest jednym z obszar\u00f3w, w kt\u00f3rych ten sk\u0142adnik ma znaczenie.<\/span><\/p>\n<h2><b>\u0179r\u00f3d\u0142a tyrozyny w codziennym jad\u0142ospisie<\/b><\/h2>\n<p><span style=\"font-weight: 400;\">Tyrozyna \u2013 gdzie wyst\u0119puje? Mo\u017cna j\u0105 znale\u017a\u0107 przede wszystkim w \u017cywno\u015bci bogatej w bia\u0142ko: w mi\u0119sie, rybach, jajach, nabiale, a tak\u017ce w ro\u015blinach str\u0105czkowych, pestkach i orzechach. Osoby rezygnuj\u0105ce z produkt\u00f3w odzwierz\u0119cych lub maj\u0105ce zwi\u0119kszone potrzeby organizmu mog\u0105 mie\u0107 trudno\u015b\u0107 z pokryciem zapotrzebowania. Suplement diety taki jak L-Tyrozyna Biowen mo\u017ce by\u0107 wtedy wygodnym rozwi\u0105zaniem, kt\u00f3re pozwala wesprze\u0107 codzienn\u0105 diet\u0119 w spos\u00f3b szybki i precyzyjny.<\/span><\/p>\n","protected":false},"excerpt":{"rendered":"<ul>\n<li>aminokwas pochodzenia ro\u015blinnego \u2013 z naturalnej fermentacji bez GMO<\/li>\n<li>500 mg czystej L-tyrozyny w jednej kapsu\u0142ce \u2013 elastyczne dawkowanie 1-3 kapsu\u0142ki dziennie<\/li>\n<li>wega\u0144skie kapsu\u0142ki z hydroksypropylocelulozy \u2013 odpowiednie dla wegan i wegetarian<\/li>\n<li>czysty sk\u0142ad \u2013 bez barwnik\u00f3w, konserwant\u00f3w i substancji s\u0142odz\u0105cych<\/li>\n<li>aminokwas endogenny \u2013 syntetyzowany w organizmie z fenyloalaniny<\/li>\n<li>szklane opakowanie \u2013 bezpieczne przechowywanie i zero waste<\/li>\n<\/ul>\n<p>Masa netto: 62,3 g (100 kapsu\u0142ek)<\/p>\n","protected":false},"featured_media":323025,"template":"","meta":{"_acf_changed":false},"product_brand":[],"product_cat":[34,460],"product_tag":[],"class_list":{"0":"post-323024","1":"product","2":"type-product","3":"status-publish","4":"has-post-thumbnail","6":"product_cat-nowosci","7":"product_cat-okazje","9":"first","10":"instock","11":"shipping-taxable","12":"purchasable","13":"product-type-simple"},"acf":[],"yoast_head":"<!-- This site is optimized with the Yoast SEO Premium plugin v24.8 (Yoast SEO v27.3) - https:\/\/yoast.com\/product\/yoast-seo-premium-wordpress\/ -->\n<title>L-Tyrozyna Biowen \u2013 100 kapsu\u0142ek - Hempking<\/title>\n<meta name=\"description\" content=\"Biowen L-Tyrozyna 1000 mg \u2013 czysta formu\u0142a bez dodatk\u00f3w. Suplementacja wspiera metabolizm, tarczyc\u0119 i syntez\u0119 melaniny w organizmie.\" \/>\n<meta name=\"robots\" content=\"index, follow\" \/>\n<link rel=\"canonical\" href=\"https:\/\/hempking.eu\/pl\/l-tyrozyna-1000mg-biowen-100-kapsulek\/\" \/>\n<meta property=\"og:locale\" content=\"pl_PL\" \/>\n<meta property=\"og:type\" content=\"article\" \/>\n<meta property=\"og:title\" content=\"L-Tyrozyna Biowen \u2013 100 kapsu\u0142ek - Hempking\" \/>\n<meta property=\"og:description\" content=\"Biowen L-Tyrozyna 1000 mg \u2013 czysta formu\u0142a bez dodatk\u00f3w. Suplementacja wspiera metabolizm, tarczyc\u0119 i syntez\u0119 melaniny w organizmie.\" \/>\n<meta property=\"og:url\" content=\"https:\/\/hempking.eu\/pl\/l-tyrozyna-1000mg-biowen-100-kapsulek\/\" \/>\n<meta property=\"og:site_name\" content=\"Hemp King\" \/>\n<meta property=\"article:publisher\" content=\"https:\/\/www.facebook.com\/hempkingpoland\" \/>\n<meta property=\"article:modified_time\" content=\"2026-04-17T12:13:11+00:00\" \/>\n<meta property=\"og:image\" content=\"https:\/\/hempking.eu\/pl\/wp-content\/uploads\/sites\/2\/2025\/12\/L-Tyrozyna-1000-mg-Biowen-100-kapsulek.jpg\" \/>\n\t<meta property=\"og:image:width\" content=\"1000\" \/>\n\t<meta property=\"og:image:height\" content=\"1000\" \/>\n\t<meta property=\"og:image:type\" content=\"image\/jpeg\" \/>\n<meta name=\"twitter:card\" content=\"summary_large_image\" \/>\n<meta name=\"twitter:title\" content=\"L-Tyrozyna Biowen \u2013 100 kapsu\u0142ek - Hempking\" \/>\n<meta name=\"twitter:description\" content=\"Biowen L-Tyrozyna 1000 mg \u2013 czysta formu\u0142a bez dodatk\u00f3w. Suplementacja wspiera metabolizm, tarczyc\u0119 i syntez\u0119 melaniny w organizmie.\" \/>\n<meta name=\"twitter:site\" content=\"@hempkingeu\" \/>\n<meta name=\"twitter:label1\" content=\"Cena\" \/>\n\t<meta name=\"twitter:data1\" content=\"39.99&nbsp;&#122;&#322;\" \/>\n\t<meta name=\"twitter:label2\" content=\"Dost\u0119pno\u015b\u0107\" \/>\n\t<meta name=\"twitter:data2\" content=\"Dost\u0119pny\" \/>\n<script type=\"application\/ld+json\" class=\"yoast-schema-graph\">{\"@context\":\"https:\\\/\\\/schema.org\",\"@graph\":[{\"@type\":\"WebPage\",\"@id\":\"https:\\\/\\\/hempking.eu\\\/pl\\\/l-tyrozyna-1000mg-biowen-100-kapsulek\\\/\",\"url\":\"https:\\\/\\\/hempking.eu\\\/pl\\\/l-tyrozyna-1000mg-biowen-100-kapsulek\\\/\",\"name\":\"L-Tyrozyna Biowen \u2013 100 kapsu\u0142ek - Hempking\",\"isPartOf\":{\"@id\":\"https:\\\/\\\/hempking.eu\\\/pl\\\/#website\"},\"primaryImageOfPage\":{\"@id\":\"https:\\\/\\\/hempking.eu\\\/pl\\\/l-tyrozyna-1000mg-biowen-100-kapsulek\\\/#primaryimage\"},\"image\":{\"@id\":\"https:\\\/\\\/hempking.eu\\\/pl\\\/l-tyrozyna-1000mg-biowen-100-kapsulek\\\/#primaryimage\"},\"thumbnailUrl\":\"https:\\\/\\\/hempking.eu\\\/pl\\\/wp-content\\\/uploads\\\/sites\\\/2\\\/2025\\\/12\\\/L-Tyrozyna-1000-mg-Biowen-100-kapsulek.jpg\",\"datePublished\":\"2025-12-29T12:00:45+00:00\",\"dateModified\":\"2026-04-17T12:13:11+00:00\",\"description\":\"Biowen L-Tyrozyna 1000 mg \u2013 czysta formu\u0142a bez dodatk\u00f3w. Suplementacja wspiera metabolizm, tarczyc\u0119 i syntez\u0119 melaniny w organizmie.\",\"breadcrumb\":{\"@id\":\"https:\\\/\\\/hempking.eu\\\/pl\\\/l-tyrozyna-1000mg-biowen-100-kapsulek\\\/#breadcrumb\"},\"inLanguage\":\"pl-PL\",\"potentialAction\":[{\"@type\":\"ReadAction\",\"target\":[\"https:\\\/\\\/hempking.eu\\\/pl\\\/l-tyrozyna-1000mg-biowen-100-kapsulek\\\/\"]}]},{\"@type\":\"ImageObject\",\"inLanguage\":\"pl-PL\",\"@id\":\"https:\\\/\\\/hempking.eu\\\/pl\\\/l-tyrozyna-1000mg-biowen-100-kapsulek\\\/#primaryimage\",\"url\":\"https:\\\/\\\/hempking.eu\\\/pl\\\/wp-content\\\/uploads\\\/sites\\\/2\\\/2025\\\/12\\\/L-Tyrozyna-1000-mg-Biowen-100-kapsulek.jpg\",\"contentUrl\":\"https:\\\/\\\/hempking.eu\\\/pl\\\/wp-content\\\/uploads\\\/sites\\\/2\\\/2025\\\/12\\\/L-Tyrozyna-1000-mg-Biowen-100-kapsulek.jpg\",\"width\":1000,\"height\":1000,\"caption\":\"Biowen L-Tyrozyna\"},{\"@type\":\"BreadcrumbList\",\"@id\":\"https:\\\/\\\/hempking.eu\\\/pl\\\/l-tyrozyna-1000mg-biowen-100-kapsulek\\\/#breadcrumb\",\"itemListElement\":[{\"@type\":\"ListItem\",\"position\":1,\"name\":\"Home\",\"item\":\"https:\\\/\\\/hempking.eu\\\/pl\\\/\"},{\"@type\":\"ListItem\",\"position\":2,\"name\":\"Sklep\",\"item\":\"https:\\\/\\\/hempking.eu\\\/pl\\\/shop\\\/\"},{\"@type\":\"ListItem\",\"position\":3,\"name\":\"\ud83d\udd25OKAZJE\ud83d\udd25\",\"item\":\"https:\\\/\\\/hempking.eu\\\/pl\\\/okazje\\\/\"},{\"@type\":\"ListItem\",\"position\":4,\"name\":\"Nowo\u015bci\",\"item\":\"https:\\\/\\\/hempking.eu\\\/pl\\\/nowosci\\\/\"},{\"@type\":\"ListItem\",\"position\":5,\"name\":\"L-Tyrozyna Biowen - 100 kapsu\u0142ek\"}]},{\"@type\":\"WebSite\",\"@id\":\"https:\\\/\\\/hempking.eu\\\/pl\\\/#website\",\"url\":\"https:\\\/\\\/hempking.eu\\\/pl\\\/\",\"name\":\"Hemp King\",\"description\":\"\",\"publisher\":{\"@id\":\"https:\\\/\\\/hempking.eu\\\/pl\\\/#organization\"},\"potentialAction\":[{\"@type\":\"SearchAction\",\"target\":{\"@type\":\"EntryPoint\",\"urlTemplate\":\"https:\\\/\\\/hempking.eu\\\/pl\\\/?s={search_term_string}\"},\"query-input\":{\"@type\":\"PropertyValueSpecification\",\"valueRequired\":true,\"valueName\":\"search_term_string\"}}],\"inLanguage\":\"pl-PL\"},{\"@type\":\"Organization\",\"@id\":\"https:\\\/\\\/hempking.eu\\\/pl\\\/#organization\",\"name\":\"Hemp King\",\"url\":\"https:\\\/\\\/hempking.eu\\\/pl\\\/\",\"logo\":{\"@type\":\"ImageObject\",\"inLanguage\":\"pl-PL\",\"@id\":\"https:\\\/\\\/hempking.eu\\\/pl\\\/#\\\/schema\\\/logo\\\/image\\\/\",\"url\":\"https:\\\/\\\/hempking.eu\\\/pl\\\/wp-content\\\/uploads\\\/sites\\\/2\\\/2020\\\/05\\\/hempking.png\",\"contentUrl\":\"https:\\\/\\\/hempking.eu\\\/pl\\\/wp-content\\\/uploads\\\/sites\\\/2\\\/2020\\\/05\\\/hempking.png\",\"width\":148,\"height\":91,\"caption\":\"Hemp King\"},\"image\":{\"@id\":\"https:\\\/\\\/hempking.eu\\\/pl\\\/#\\\/schema\\\/logo\\\/image\\\/\"},\"sameAs\":[\"https:\\\/\\\/www.facebook.com\\\/hempkingpoland\",\"https:\\\/\\\/x.com\\\/hempkingeu\",\"https:\\\/\\\/www.instagram.com\\\/hempkingeu\\\/\",\"https:\\\/\\\/www.linkedin.com\\\/company\\\/hempking-eu\\\/mycompany\\\/\",\"https:\\\/\\\/pl.pinterest.com\\\/hempkingeu\\\/\",\"https:\\\/\\\/www.youtube.com\\\/channel\\\/UCUkeZA1fj4hSZfoYm0WpZ7w\"]}]}<\/script>\n<meta property=\"product:price:amount\" content=\"39.99\" \/>\n<meta property=\"product:price:currency\" content=\"PLN\" \/>\n<meta property=\"og:availability\" content=\"instock\" \/>\n<meta property=\"product:availability\" content=\"instock\" \/>\n<meta property=\"product:retailer_item_id\" content=\"5902906189191\" \/>\n<meta property=\"product:condition\" content=\"new\" \/>\n<!-- \/ Yoast SEO Premium plugin. -->","yoast_head_json":{"title":"L-Tyrozyna Biowen \u2013 100 kapsu\u0142ek - Hempking","description":"Biowen L-Tyrozyna 1000 mg \u2013 czysta formu\u0142a bez dodatk\u00f3w. Suplementacja wspiera metabolizm, tarczyc\u0119 i syntez\u0119 melaniny w organizmie.","robots":{"index":"index","follow":"follow"},"canonical":"https:\/\/hempking.eu\/pl\/l-tyrozyna-1000mg-biowen-100-kapsulek\/","og_locale":"pl_PL","og_type":"article","og_title":"L-Tyrozyna Biowen \u2013 100 kapsu\u0142ek - Hempking","og_description":"Biowen L-Tyrozyna 1000 mg \u2013 czysta formu\u0142a bez dodatk\u00f3w. Suplementacja wspiera metabolizm, tarczyc\u0119 i syntez\u0119 melaniny w organizmie.","og_url":"https:\/\/hempking.eu\/pl\/l-tyrozyna-1000mg-biowen-100-kapsulek\/","og_site_name":"Hemp King","article_publisher":"https:\/\/www.facebook.com\/hempkingpoland","article_modified_time":"2026-04-17T12:13:11+00:00","og_image":[{"width":1000,"height":1000,"url":"https:\/\/hempking.eu\/pl\/wp-content\/uploads\/sites\/2\/2025\/12\/L-Tyrozyna-1000-mg-Biowen-100-kapsulek.jpg","type":"image\/jpeg"}],"twitter_card":"summary_large_image","twitter_title":"L-Tyrozyna Biowen \u2013 100 kapsu\u0142ek - Hempking","twitter_description":"Biowen L-Tyrozyna 1000 mg \u2013 czysta formu\u0142a bez dodatk\u00f3w. Suplementacja wspiera metabolizm, tarczyc\u0119 i syntez\u0119 melaniny w organizmie.","twitter_site":"@hempkingeu","twitter_misc":{"Cena":"39.99&nbsp;&#122;&#322;","Dost\u0119pno\u015b\u0107":"Dost\u0119pny"},"schema":{"@context":"https:\/\/schema.org","@graph":[{"@type":"WebPage","@id":"https:\/\/hempking.eu\/pl\/l-tyrozyna-1000mg-biowen-100-kapsulek\/","url":"https:\/\/hempking.eu\/pl\/l-tyrozyna-1000mg-biowen-100-kapsulek\/","name":"L-Tyrozyna Biowen \u2013 100 kapsu\u0142ek - Hempking","isPartOf":{"@id":"https:\/\/hempking.eu\/pl\/#website"},"primaryImageOfPage":{"@id":"https:\/\/hempking.eu\/pl\/l-tyrozyna-1000mg-biowen-100-kapsulek\/#primaryimage"},"image":{"@id":"https:\/\/hempking.eu\/pl\/l-tyrozyna-1000mg-biowen-100-kapsulek\/#primaryimage"},"thumbnailUrl":"https:\/\/hempking.eu\/pl\/wp-content\/uploads\/sites\/2\/2025\/12\/L-Tyrozyna-1000-mg-Biowen-100-kapsulek.jpg","datePublished":"2025-12-29T12:00:45+00:00","dateModified":"2026-04-17T12:13:11+00:00","description":"Biowen L-Tyrozyna 1000 mg \u2013 czysta formu\u0142a bez dodatk\u00f3w. Suplementacja wspiera metabolizm, tarczyc\u0119 i syntez\u0119 melaniny w organizmie.","breadcrumb":{"@id":"https:\/\/hempking.eu\/pl\/l-tyrozyna-1000mg-biowen-100-kapsulek\/#breadcrumb"},"inLanguage":"pl-PL","potentialAction":[{"@type":"ReadAction","target":["https:\/\/hempking.eu\/pl\/l-tyrozyna-1000mg-biowen-100-kapsulek\/"]}]},{"@type":"ImageObject","inLanguage":"pl-PL","@id":"https:\/\/hempking.eu\/pl\/l-tyrozyna-1000mg-biowen-100-kapsulek\/#primaryimage","url":"https:\/\/hempking.eu\/pl\/wp-content\/uploads\/sites\/2\/2025\/12\/L-Tyrozyna-1000-mg-Biowen-100-kapsulek.jpg","contentUrl":"https:\/\/hempking.eu\/pl\/wp-content\/uploads\/sites\/2\/2025\/12\/L-Tyrozyna-1000-mg-Biowen-100-kapsulek.jpg","width":1000,"height":1000,"caption":"Biowen L-Tyrozyna"},{"@type":"BreadcrumbList","@id":"https:\/\/hempking.eu\/pl\/l-tyrozyna-1000mg-biowen-100-kapsulek\/#breadcrumb","itemListElement":[{"@type":"ListItem","position":1,"name":"Home","item":"https:\/\/hempking.eu\/pl\/"},{"@type":"ListItem","position":2,"name":"Sklep","item":"https:\/\/hempking.eu\/pl\/shop\/"},{"@type":"ListItem","position":3,"name":"\ud83d\udd25OKAZJE\ud83d\udd25","item":"https:\/\/hempking.eu\/pl\/okazje\/"},{"@type":"ListItem","position":4,"name":"Nowo\u015bci","item":"https:\/\/hempking.eu\/pl\/nowosci\/"},{"@type":"ListItem","position":5,"name":"L-Tyrozyna Biowen - 100 kapsu\u0142ek"}]},{"@type":"WebSite","@id":"https:\/\/hempking.eu\/pl\/#website","url":"https:\/\/hempking.eu\/pl\/","name":"Hemp King","description":"","publisher":{"@id":"https:\/\/hempking.eu\/pl\/#organization"},"potentialAction":[{"@type":"SearchAction","target":{"@type":"EntryPoint","urlTemplate":"https:\/\/hempking.eu\/pl\/?s={search_term_string}"},"query-input":{"@type":"PropertyValueSpecification","valueRequired":true,"valueName":"search_term_string"}}],"inLanguage":"pl-PL"},{"@type":"Organization","@id":"https:\/\/hempking.eu\/pl\/#organization","name":"Hemp King","url":"https:\/\/hempking.eu\/pl\/","logo":{"@type":"ImageObject","inLanguage":"pl-PL","@id":"https:\/\/hempking.eu\/pl\/#\/schema\/logo\/image\/","url":"https:\/\/hempking.eu\/pl\/wp-content\/uploads\/sites\/2\/2020\/05\/hempking.png","contentUrl":"https:\/\/hempking.eu\/pl\/wp-content\/uploads\/sites\/2\/2020\/05\/hempking.png","width":148,"height":91,"caption":"Hemp King"},"image":{"@id":"https:\/\/hempking.eu\/pl\/#\/schema\/logo\/image\/"},"sameAs":["https:\/\/www.facebook.com\/hempkingpoland","https:\/\/x.com\/hempkingeu","https:\/\/www.instagram.com\/hempkingeu\/","https:\/\/www.linkedin.com\/company\/hempking-eu\/mycompany\/","https:\/\/pl.pinterest.com\/hempkingeu\/","https:\/\/www.youtube.com\/channel\/UCUkeZA1fj4hSZfoYm0WpZ7w"]}]},"product_price_amount":"39.99","product_price_currency":"PLN","og_availability":"instock","product_availability":"instock","product_retailer_item_id":"5902906189191","product_condition":"new"},"df_price":39.99,"df_sale_price":"","df_regular_price":39.99,"df_image_link":"https:\/\/hempking.eu\/pl\/wp-content\/uploads\/sites\/2\/2025\/12\/L-Tyrozyna-1000-mg-Biowen-100-kapsulek-300x300.jpg","_links":{"self":[{"href":"https:\/\/hempking.eu\/pl\/wp-json\/wp\/v2\/product\/323024","targetHints":{"allow":["GET"]}}],"collection":[{"href":"https:\/\/hempking.eu\/pl\/wp-json\/wp\/v2\/product"}],"about":[{"href":"https:\/\/hempking.eu\/pl\/wp-json\/wp\/v2\/types\/product"}],"wp:featuredmedia":[{"embeddable":true,"href":"https:\/\/hempking.eu\/pl\/wp-json\/wp\/v2\/media\/323025"}],"wp:attachment":[{"href":"https:\/\/hempking.eu\/pl\/wp-json\/wp\/v2\/media?parent=323024"}],"wp:term":[{"taxonomy":"product_brand","embeddable":true,"href":"https:\/\/hempking.eu\/pl\/wp-json\/wp\/v2\/product_brand?post=323024"},{"taxonomy":"product_cat","embeddable":true,"href":"https:\/\/hempking.eu\/pl\/wp-json\/wp\/v2\/product_cat?post=323024"},{"taxonomy":"product_tag","embeddable":true,"href":"https:\/\/hempking.eu\/pl\/wp-json\/wp\/v2\/product_tag?post=323024"}],"curies":[{"name":"wp","href":"https:\/\/api.w.org\/{rel}","templated":true}]}}