{"id":323029,"date":"2025-12-29T13:00:42","date_gmt":"2025-12-29T12:00:42","guid":{"rendered":"https:\/\/hempking.eu\/pl\/?post_type=product&#038;p=323029"},"modified":"2026-04-17T16:15:25","modified_gmt":"2026-04-17T14:15:25","slug":"l-tryptofan-biowen-100-kapsulek","status":"publish","type":"product","link":"https:\/\/hempking.eu\/pl\/l-tryptofan-biowen-100-kapsulek\/","title":{"rendered":"L-Tryptofan Biowen - 100 kapsu\u0142ek"},"content":{"rendered":"<h1><b>L-Tryptofan Biowen &#8211; 100 kapsu\u0142ek<\/b><\/h1>\n<p><span style=\"font-weight: 400;\">L-Tryptofan Biowen to suplement diety zawieraj\u0105cy 500<\/span><b>\u00a0mg tryptofanu<\/b><span style=\"font-weight: 400;\"> w jednej kapsu\u0142ce. To produkt opracowany z my\u015bl\u0105 o osobach, kt\u00f3re chc\u0105 \u015bwiadomie zadba\u0107 o swoj\u0105 diet\u0119, szczeg\u00f3lnie w okresach zwi\u0119kszonego zapotrzebowania na aminokwasy bia\u0142kowe. Kapsu\u0142ki wykonane s\u0105 z celulozy ro\u015blinnej, dzi\u0119ki czemu mog\u0105 by\u0107 stosowane tak\u017ce przez osoby na diecie wega\u0144skiej i wegetaria\u0144skiej. Suplementacja L-tryptofanem mo\u017ce by\u0107 pomocna w sytuacjach, gdy codzienne od\u017cywianie nie pokrywa zapotrzebowania na ten istotny sk\u0142adnik i jego <\/span><b>poprawne stosowanie <\/b><span style=\"font-weight: 400;\">wspiera utrzymanie r\u00f3wnowagi.<\/span><\/p>\n<h2><b>L-Tryptofan Biowen \u2013 aminokwas egzogenny w czystej formie<\/b><\/h2>\n<p><b>L-tryptofan<\/b><span style=\"font-weight: 400;\"> to <\/span><b>niezb\u0119dny aminokwas egzogenny<\/b><span style=\"font-weight: 400;\">, czyli taki, kt\u00f3rego <\/span><b>organizm cz\u0142owieka<\/b><span style=\"font-weight: 400;\"> nie potrafi samodzielnie <\/span><b>wytworzy\u0107<\/b><span style=\"font-weight: 400;\"> \u2013 musi by\u0107 dostarczany wraz z po\u017cywieniem lub suplementacj\u0105. Nale\u017cy on do wa\u017cnej <\/span><b>grupy aminokwas\u00f3w<\/b><span style=\"font-weight: 400;\"> odpowiadaj\u0105cych m.in. za procesy <\/span><b>syntezy bia\u0142ek<\/b><span style=\"font-weight: 400;\">. Chocia\u017c wyst\u0119puje w jedzeniu, jego ilo\u015b\u0107 mo\u017ce nie zawsze odpowiada\u0107 potrzebom organizmu, szczeg\u00f3lnie w okresach stresu, napi\u0119cia, <\/span><b>rozdra\u017cnienia<\/b><span style=\"font-weight: 400;\"> czy nieregularnego trybu \u017cycia. L-Tryptofan Biowen to suplement o prostym sk\u0142adzie \u2013 bez dodatk\u00f3w, bez sztucznych barwnik\u00f3w i konserwant\u00f3w. To czysty <\/span><b>tryptophan<\/b><span style=\"font-weight: 400;\"> \u2013 dok\u0142adnie tyle, ile trzeba.<\/span><\/p>\n<h2><b>Co to tryptofan?<\/b><\/h2>\n<p><span style=\"font-weight: 400;\">Co to jest <\/span><b>L-tryptofan<\/b><span style=\"font-weight: 400;\">? To <\/span><b>niezb\u0119dny aminokwas<\/b><span style=\"font-weight: 400;\">, zaliczany do egzogennych \u2013 takich, kt\u00f3re musz\u0105 by\u0107 dostarczane z po\u017cywieniem, poniewa\u017c organizm nie potrafi ich samodzielnie syntetyzowa\u0107. Forma \u201eL\u201d oznacza biologicznie aktywn\u0105 posta\u0107, kt\u00f3ra mo\u017ce by\u0107 efektywnie wykorzystywana przez organizm. Tryptofan pe\u0142ni wa\u017cn\u0105 rol\u0119 jako <\/span><b>prekursor melatoniny i serotoniny<\/b><span style=\"font-weight: 400;\">, a zwi\u0105zek ten odpowiada tak\u017ce za <\/span><b>wytwarzanie w organizmie melatoniny<\/b><span style=\"font-weight: 400;\"> i syntez\u0119 neuroprzeka\u017anik\u00f3w. Dzi\u0119ki temu jest zwi\u0105zany z regulacj\u0105 <\/span><b>cyklu snu<\/b><span style=\"font-weight: 400;\"> oraz procesami wp\u0142ywaj\u0105cymi na <\/span><b>prawid\u0142owe funkcjonowanie organizmu<\/b><span style=\"font-weight: 400;\">.<\/span><\/p>\n<h2><b>Tryptofan w codziennej diecie \u2013 gdzie wyst\u0119puje?<\/b><\/h2>\n<p><b>\u0179r\u00f3d\u0142a tryptofanu<\/b><span style=\"font-weight: 400;\"> to przede wszystkim produkty bia\u0142kowe: mi\u0119so, ryby, nabia\u0142 i jajka, ale tak\u017ce ro\u015bliny str\u0105czkowe, orzechy i <\/span><b>pestki dyni<\/b><span style=\"font-weight: 400;\">. Naturalnie wyst\u0119puje on wraz z <\/span><b>innymi aminokwasami<\/b><span style=\"font-weight: 400;\"> i wspiera <\/span><b>syntez\u0119<\/b><span style=\"font-weight: 400;\"> wielu wa\u017cnych zwi\u0105zk\u00f3w. Zawarto\u015b\u0107 tryptofanu w diecie mo\u017ce jednak nie by\u0107 wystarczaj\u0105ca, zw\u0142aszcza przy dietach eliminacyjnych (np. wega\u0144skich) lub w okresach intensywnego wysi\u0142ku psychicznego i fizycznego. Dlatego <\/span><b>spo\u017cywanie tryptofanu<\/b><span style=\"font-weight: 400;\"> w postaci suplement\u00f3w mo\u017ce wspiera\u0107 <\/span><b>zwi\u0119kszenie poziomu serotoniny<\/b><span style=\"font-weight: 400;\"> oraz <\/span><b>produkcj\u0119 serotoniny<\/b><span style=\"font-weight: 400;\"> w uk\u0142adzie nerwowym. Suplementacja takim produktem jak L-Tryptofan Biowen to wygodny i bezpieczny spos\u00f3b na uzupe\u0142nienie diety, zgodny ze <\/span><b>zdrowym trybem \u017cycia<\/b><span style=\"font-weight: 400;\">.<\/span><\/p>\n","protected":false},"excerpt":{"rendered":"<h2><span style=\"font-weight: 400;\">L-Tryptofan Biowen \u2013 najwa\u017cniejsze informacje:<\/span><\/h2>\n<ul>\n<li><b>Porcja:<\/b><span style=\"font-weight: 400;\"> 500 mg czystego L-tryptofanu w 1 kapsu\u0142ce<\/span><span style=\"font-weight: 400;\"><br \/>\n<\/span><\/li>\n<li><b>Forma:<\/b><span style=\"font-weight: 400;\"> Kapsu\u0142ki celulozowe \u2013 odpowiednie dla wegan i wegetarian<\/span><span style=\"font-weight: 400;\"><br \/>\n<\/span><\/li>\n<li><b>Sk\u0142ad:<\/b><span style=\"font-weight: 400;\"> L-tryptofan, kapsu\u0142ka (hydroksypropylometyloceluloza)<\/span><span style=\"font-weight: 400;\"><br \/>\n<\/span><\/li>\n<li><b>Stosowanie:<\/b><span style=\"font-weight: 400;\"> 1 kapsu\u0142ka dziennie, najlepiej w trakcie posi\u0142ku<\/span><span style=\"font-weight: 400;\"><br \/>\n<\/span><\/li>\n<li><b>Dla kogo:<\/b><span style=\"font-weight: 400;\"> Osoby chc\u0105ce uzupe\u0142ni\u0107 diet\u0119 w egzogenny aminokwas tryptofan<\/span><span style=\"font-weight: 400;\"><br \/>\n<\/span><\/li>\n<li><b>Bez dodatk\u00f3w:<\/b><span style=\"font-weight: 400;\"> Brak barwnik\u00f3w, konserwant\u00f3w, wype\u0142niaczy<\/span><\/li>\n<\/ul>\n","protected":false},"featured_media":323030,"template":"","meta":{"_acf_changed":false},"product_brand":[],"product_cat":[34,460],"product_tag":[],"class_list":{"0":"post-323029","1":"product","2":"type-product","3":"status-publish","4":"has-post-thumbnail","6":"product_cat-nowosci","7":"product_cat-okazje","9":"first","10":"instock","11":"shipping-taxable","12":"purchasable","13":"product-type-simple"},"acf":[],"yoast_head":"<!-- This site is optimized with the Yoast SEO Premium plugin v24.8 (Yoast SEO v27.3) - https:\/\/yoast.com\/product\/yoast-seo-premium-wordpress\/ -->\n<title>L-Tryptofan Biowen - 100 kapsu\u0142ek - hempking.eu<\/title>\n<meta name=\"description\" content=\"L-Tryptofan Biowen \u2013 suplement diety z 1000 mg tryptofanu. Prekursor melatoniny i serotoniny, wspiera zdrowy tryb \u017cycia i uzupe\u0142nia diet\u0119.\" \/>\n<meta name=\"robots\" content=\"index, follow\" \/>\n<link rel=\"canonical\" href=\"https:\/\/hempking.eu\/pl\/l-tryptofan-biowen-100-kapsulek\/\" \/>\n<meta property=\"og:locale\" content=\"pl_PL\" \/>\n<meta property=\"og:type\" content=\"article\" \/>\n<meta property=\"og:title\" content=\"L-Tryptofan Biowen - 100 kapsu\u0142ek - hempking.eu\" \/>\n<meta property=\"og:description\" content=\"L-Tryptofan Biowen \u2013 suplement diety z 1000 mg tryptofanu. Prekursor melatoniny i serotoniny, wspiera zdrowy tryb \u017cycia i uzupe\u0142nia diet\u0119.\" \/>\n<meta property=\"og:url\" content=\"https:\/\/hempking.eu\/pl\/l-tryptofan-biowen-100-kapsulek\/\" \/>\n<meta property=\"og:site_name\" content=\"Hemp King\" \/>\n<meta property=\"article:publisher\" content=\"https:\/\/www.facebook.com\/hempkingpoland\" \/>\n<meta property=\"article:modified_time\" content=\"2026-04-17T14:15:25+00:00\" \/>\n<meta property=\"og:image\" content=\"https:\/\/hempking.eu\/pl\/wp-content\/uploads\/sites\/2\/2025\/12\/L-Tryptofan-Biowen-\u2013-100-kapsulek.jpg\" \/>\n\t<meta property=\"og:image:width\" content=\"1000\" \/>\n\t<meta property=\"og:image:height\" content=\"1000\" \/>\n\t<meta property=\"og:image:type\" content=\"image\/jpeg\" \/>\n<meta name=\"twitter:card\" content=\"summary_large_image\" \/>\n<meta name=\"twitter:title\" content=\"L-Tryptofan Biowen - 100 kapsu\u0142ek - hempking.eu\" \/>\n<meta name=\"twitter:description\" content=\"L-Tryptofan Biowen \u2013 suplement diety z 1000 mg tryptofanu. Prekursor melatoniny i serotoniny, wspiera zdrowy tryb \u017cycia i uzupe\u0142nia diet\u0119.\" \/>\n<meta name=\"twitter:site\" content=\"@hempkingeu\" \/>\n<meta name=\"twitter:label1\" content=\"Cena\" \/>\n\t<meta name=\"twitter:data1\" content=\"39.99&nbsp;&#122;&#322;\" \/>\n\t<meta name=\"twitter:label2\" content=\"Dost\u0119pno\u015b\u0107\" \/>\n\t<meta name=\"twitter:data2\" content=\"Dost\u0119pny\" \/>\n<script type=\"application\/ld+json\" class=\"yoast-schema-graph\">{\"@context\":\"https:\\\/\\\/schema.org\",\"@graph\":[{\"@type\":\"WebPage\",\"@id\":\"https:\\\/\\\/hempking.eu\\\/pl\\\/l-tryptofan-biowen-100-kapsulek\\\/\",\"url\":\"https:\\\/\\\/hempking.eu\\\/pl\\\/l-tryptofan-biowen-100-kapsulek\\\/\",\"name\":\"L-Tryptofan Biowen - 100 kapsu\u0142ek - hempking.eu\",\"isPartOf\":{\"@id\":\"https:\\\/\\\/hempking.eu\\\/pl\\\/#website\"},\"primaryImageOfPage\":{\"@id\":\"https:\\\/\\\/hempking.eu\\\/pl\\\/l-tryptofan-biowen-100-kapsulek\\\/#primaryimage\"},\"image\":{\"@id\":\"https:\\\/\\\/hempking.eu\\\/pl\\\/l-tryptofan-biowen-100-kapsulek\\\/#primaryimage\"},\"thumbnailUrl\":\"https:\\\/\\\/hempking.eu\\\/pl\\\/wp-content\\\/uploads\\\/sites\\\/2\\\/2025\\\/12\\\/L-Tryptofan-Biowen-\u2013-100-kapsulek.jpg\",\"datePublished\":\"2025-12-29T12:00:42+00:00\",\"dateModified\":\"2026-04-17T14:15:25+00:00\",\"description\":\"L-Tryptofan Biowen \u2013 suplement diety z 1000 mg tryptofanu. Prekursor melatoniny i serotoniny, wspiera zdrowy tryb \u017cycia i uzupe\u0142nia diet\u0119.\",\"breadcrumb\":{\"@id\":\"https:\\\/\\\/hempking.eu\\\/pl\\\/l-tryptofan-biowen-100-kapsulek\\\/#breadcrumb\"},\"inLanguage\":\"pl-PL\",\"potentialAction\":[{\"@type\":\"ReadAction\",\"target\":[\"https:\\\/\\\/hempking.eu\\\/pl\\\/l-tryptofan-biowen-100-kapsulek\\\/\"]}]},{\"@type\":\"ImageObject\",\"inLanguage\":\"pl-PL\",\"@id\":\"https:\\\/\\\/hempking.eu\\\/pl\\\/l-tryptofan-biowen-100-kapsulek\\\/#primaryimage\",\"url\":\"https:\\\/\\\/hempking.eu\\\/pl\\\/wp-content\\\/uploads\\\/sites\\\/2\\\/2025\\\/12\\\/L-Tryptofan-Biowen-\u2013-100-kapsulek.jpg\",\"contentUrl\":\"https:\\\/\\\/hempking.eu\\\/pl\\\/wp-content\\\/uploads\\\/sites\\\/2\\\/2025\\\/12\\\/L-Tryptofan-Biowen-\u2013-100-kapsulek.jpg\",\"width\":1000,\"height\":1000,\"caption\":\"Biowen L-Tryptofan - 100 kapsu\u0142ek\"},{\"@type\":\"BreadcrumbList\",\"@id\":\"https:\\\/\\\/hempking.eu\\\/pl\\\/l-tryptofan-biowen-100-kapsulek\\\/#breadcrumb\",\"itemListElement\":[{\"@type\":\"ListItem\",\"position\":1,\"name\":\"Home\",\"item\":\"https:\\\/\\\/hempking.eu\\\/pl\\\/\"},{\"@type\":\"ListItem\",\"position\":2,\"name\":\"Sklep\",\"item\":\"https:\\\/\\\/hempking.eu\\\/pl\\\/shop\\\/\"},{\"@type\":\"ListItem\",\"position\":3,\"name\":\"\ud83d\udd25OKAZJE\ud83d\udd25\",\"item\":\"https:\\\/\\\/hempking.eu\\\/pl\\\/okazje\\\/\"},{\"@type\":\"ListItem\",\"position\":4,\"name\":\"Nowo\u015bci\",\"item\":\"https:\\\/\\\/hempking.eu\\\/pl\\\/nowosci\\\/\"},{\"@type\":\"ListItem\",\"position\":5,\"name\":\"L-Tryptofan Biowen - 100 kapsu\u0142ek\"}]},{\"@type\":\"WebSite\",\"@id\":\"https:\\\/\\\/hempking.eu\\\/pl\\\/#website\",\"url\":\"https:\\\/\\\/hempking.eu\\\/pl\\\/\",\"name\":\"Hemp King\",\"description\":\"\",\"publisher\":{\"@id\":\"https:\\\/\\\/hempking.eu\\\/pl\\\/#organization\"},\"potentialAction\":[{\"@type\":\"SearchAction\",\"target\":{\"@type\":\"EntryPoint\",\"urlTemplate\":\"https:\\\/\\\/hempking.eu\\\/pl\\\/?s={search_term_string}\"},\"query-input\":{\"@type\":\"PropertyValueSpecification\",\"valueRequired\":true,\"valueName\":\"search_term_string\"}}],\"inLanguage\":\"pl-PL\"},{\"@type\":\"Organization\",\"@id\":\"https:\\\/\\\/hempking.eu\\\/pl\\\/#organization\",\"name\":\"Hemp King\",\"url\":\"https:\\\/\\\/hempking.eu\\\/pl\\\/\",\"logo\":{\"@type\":\"ImageObject\",\"inLanguage\":\"pl-PL\",\"@id\":\"https:\\\/\\\/hempking.eu\\\/pl\\\/#\\\/schema\\\/logo\\\/image\\\/\",\"url\":\"https:\\\/\\\/hempking.eu\\\/pl\\\/wp-content\\\/uploads\\\/sites\\\/2\\\/2020\\\/05\\\/hempking.png\",\"contentUrl\":\"https:\\\/\\\/hempking.eu\\\/pl\\\/wp-content\\\/uploads\\\/sites\\\/2\\\/2020\\\/05\\\/hempking.png\",\"width\":148,\"height\":91,\"caption\":\"Hemp King\"},\"image\":{\"@id\":\"https:\\\/\\\/hempking.eu\\\/pl\\\/#\\\/schema\\\/logo\\\/image\\\/\"},\"sameAs\":[\"https:\\\/\\\/www.facebook.com\\\/hempkingpoland\",\"https:\\\/\\\/x.com\\\/hempkingeu\",\"https:\\\/\\\/www.instagram.com\\\/hempkingeu\\\/\",\"https:\\\/\\\/www.linkedin.com\\\/company\\\/hempking-eu\\\/mycompany\\\/\",\"https:\\\/\\\/pl.pinterest.com\\\/hempkingeu\\\/\",\"https:\\\/\\\/www.youtube.com\\\/channel\\\/UCUkeZA1fj4hSZfoYm0WpZ7w\"]}]}<\/script>\n<meta property=\"product:price:amount\" content=\"39.99\" \/>\n<meta property=\"product:price:currency\" content=\"PLN\" \/>\n<meta property=\"og:availability\" content=\"instock\" \/>\n<meta property=\"product:availability\" content=\"instock\" \/>\n<meta property=\"product:retailer_item_id\" content=\"5902906189207\" \/>\n<meta property=\"product:condition\" content=\"new\" \/>\n<!-- \/ Yoast SEO Premium plugin. -->","yoast_head_json":{"title":"L-Tryptofan Biowen - 100 kapsu\u0142ek - hempking.eu","description":"L-Tryptofan Biowen \u2013 suplement diety z 1000 mg tryptofanu. Prekursor melatoniny i serotoniny, wspiera zdrowy tryb \u017cycia i uzupe\u0142nia diet\u0119.","robots":{"index":"index","follow":"follow"},"canonical":"https:\/\/hempking.eu\/pl\/l-tryptofan-biowen-100-kapsulek\/","og_locale":"pl_PL","og_type":"article","og_title":"L-Tryptofan Biowen - 100 kapsu\u0142ek - hempking.eu","og_description":"L-Tryptofan Biowen \u2013 suplement diety z 1000 mg tryptofanu. Prekursor melatoniny i serotoniny, wspiera zdrowy tryb \u017cycia i uzupe\u0142nia diet\u0119.","og_url":"https:\/\/hempking.eu\/pl\/l-tryptofan-biowen-100-kapsulek\/","og_site_name":"Hemp King","article_publisher":"https:\/\/www.facebook.com\/hempkingpoland","article_modified_time":"2026-04-17T14:15:25+00:00","og_image":[{"width":1000,"height":1000,"url":"https:\/\/hempking.eu\/pl\/wp-content\/uploads\/sites\/2\/2025\/12\/L-Tryptofan-Biowen-\u2013-100-kapsulek.jpg","type":"image\/jpeg"}],"twitter_card":"summary_large_image","twitter_title":"L-Tryptofan Biowen - 100 kapsu\u0142ek - hempking.eu","twitter_description":"L-Tryptofan Biowen \u2013 suplement diety z 1000 mg tryptofanu. Prekursor melatoniny i serotoniny, wspiera zdrowy tryb \u017cycia i uzupe\u0142nia diet\u0119.","twitter_site":"@hempkingeu","twitter_misc":{"Cena":"39.99&nbsp;&#122;&#322;","Dost\u0119pno\u015b\u0107":"Dost\u0119pny"},"schema":{"@context":"https:\/\/schema.org","@graph":[{"@type":"WebPage","@id":"https:\/\/hempking.eu\/pl\/l-tryptofan-biowen-100-kapsulek\/","url":"https:\/\/hempking.eu\/pl\/l-tryptofan-biowen-100-kapsulek\/","name":"L-Tryptofan Biowen - 100 kapsu\u0142ek - hempking.eu","isPartOf":{"@id":"https:\/\/hempking.eu\/pl\/#website"},"primaryImageOfPage":{"@id":"https:\/\/hempking.eu\/pl\/l-tryptofan-biowen-100-kapsulek\/#primaryimage"},"image":{"@id":"https:\/\/hempking.eu\/pl\/l-tryptofan-biowen-100-kapsulek\/#primaryimage"},"thumbnailUrl":"https:\/\/hempking.eu\/pl\/wp-content\/uploads\/sites\/2\/2025\/12\/L-Tryptofan-Biowen-\u2013-100-kapsulek.jpg","datePublished":"2025-12-29T12:00:42+00:00","dateModified":"2026-04-17T14:15:25+00:00","description":"L-Tryptofan Biowen \u2013 suplement diety z 1000 mg tryptofanu. Prekursor melatoniny i serotoniny, wspiera zdrowy tryb \u017cycia i uzupe\u0142nia diet\u0119.","breadcrumb":{"@id":"https:\/\/hempking.eu\/pl\/l-tryptofan-biowen-100-kapsulek\/#breadcrumb"},"inLanguage":"pl-PL","potentialAction":[{"@type":"ReadAction","target":["https:\/\/hempking.eu\/pl\/l-tryptofan-biowen-100-kapsulek\/"]}]},{"@type":"ImageObject","inLanguage":"pl-PL","@id":"https:\/\/hempking.eu\/pl\/l-tryptofan-biowen-100-kapsulek\/#primaryimage","url":"https:\/\/hempking.eu\/pl\/wp-content\/uploads\/sites\/2\/2025\/12\/L-Tryptofan-Biowen-\u2013-100-kapsulek.jpg","contentUrl":"https:\/\/hempking.eu\/pl\/wp-content\/uploads\/sites\/2\/2025\/12\/L-Tryptofan-Biowen-\u2013-100-kapsulek.jpg","width":1000,"height":1000,"caption":"Biowen L-Tryptofan - 100 kapsu\u0142ek"},{"@type":"BreadcrumbList","@id":"https:\/\/hempking.eu\/pl\/l-tryptofan-biowen-100-kapsulek\/#breadcrumb","itemListElement":[{"@type":"ListItem","position":1,"name":"Home","item":"https:\/\/hempking.eu\/pl\/"},{"@type":"ListItem","position":2,"name":"Sklep","item":"https:\/\/hempking.eu\/pl\/shop\/"},{"@type":"ListItem","position":3,"name":"\ud83d\udd25OKAZJE\ud83d\udd25","item":"https:\/\/hempking.eu\/pl\/okazje\/"},{"@type":"ListItem","position":4,"name":"Nowo\u015bci","item":"https:\/\/hempking.eu\/pl\/nowosci\/"},{"@type":"ListItem","position":5,"name":"L-Tryptofan Biowen - 100 kapsu\u0142ek"}]},{"@type":"WebSite","@id":"https:\/\/hempking.eu\/pl\/#website","url":"https:\/\/hempking.eu\/pl\/","name":"Hemp King","description":"","publisher":{"@id":"https:\/\/hempking.eu\/pl\/#organization"},"potentialAction":[{"@type":"SearchAction","target":{"@type":"EntryPoint","urlTemplate":"https:\/\/hempking.eu\/pl\/?s={search_term_string}"},"query-input":{"@type":"PropertyValueSpecification","valueRequired":true,"valueName":"search_term_string"}}],"inLanguage":"pl-PL"},{"@type":"Organization","@id":"https:\/\/hempking.eu\/pl\/#organization","name":"Hemp King","url":"https:\/\/hempking.eu\/pl\/","logo":{"@type":"ImageObject","inLanguage":"pl-PL","@id":"https:\/\/hempking.eu\/pl\/#\/schema\/logo\/image\/","url":"https:\/\/hempking.eu\/pl\/wp-content\/uploads\/sites\/2\/2020\/05\/hempking.png","contentUrl":"https:\/\/hempking.eu\/pl\/wp-content\/uploads\/sites\/2\/2020\/05\/hempking.png","width":148,"height":91,"caption":"Hemp King"},"image":{"@id":"https:\/\/hempking.eu\/pl\/#\/schema\/logo\/image\/"},"sameAs":["https:\/\/www.facebook.com\/hempkingpoland","https:\/\/x.com\/hempkingeu","https:\/\/www.instagram.com\/hempkingeu\/","https:\/\/www.linkedin.com\/company\/hempking-eu\/mycompany\/","https:\/\/pl.pinterest.com\/hempkingeu\/","https:\/\/www.youtube.com\/channel\/UCUkeZA1fj4hSZfoYm0WpZ7w"]}]},"product_price_amount":"39.99","product_price_currency":"PLN","og_availability":"instock","product_availability":"instock","product_retailer_item_id":"5902906189207","product_condition":"new"},"df_price":39.99,"df_sale_price":"","df_regular_price":39.99,"df_image_link":"https:\/\/hempking.eu\/pl\/wp-content\/uploads\/sites\/2\/2025\/12\/L-Tryptofan-Biowen-\u2013-100-kapsulek-300x300.jpg","_links":{"self":[{"href":"https:\/\/hempking.eu\/pl\/wp-json\/wp\/v2\/product\/323029","targetHints":{"allow":["GET"]}}],"collection":[{"href":"https:\/\/hempking.eu\/pl\/wp-json\/wp\/v2\/product"}],"about":[{"href":"https:\/\/hempking.eu\/pl\/wp-json\/wp\/v2\/types\/product"}],"wp:featuredmedia":[{"embeddable":true,"href":"https:\/\/hempking.eu\/pl\/wp-json\/wp\/v2\/media\/323030"}],"wp:attachment":[{"href":"https:\/\/hempking.eu\/pl\/wp-json\/wp\/v2\/media?parent=323029"}],"wp:term":[{"taxonomy":"product_brand","embeddable":true,"href":"https:\/\/hempking.eu\/pl\/wp-json\/wp\/v2\/product_brand?post=323029"},{"taxonomy":"product_cat","embeddable":true,"href":"https:\/\/hempking.eu\/pl\/wp-json\/wp\/v2\/product_cat?post=323029"},{"taxonomy":"product_tag","embeddable":true,"href":"https:\/\/hempking.eu\/pl\/wp-json\/wp\/v2\/product_tag?post=323029"}],"curies":[{"name":"wp","href":"https:\/\/api.w.org\/{rel}","templated":true}]}}