{"id":330497,"date":"2026-02-13T11:35:02","date_gmt":"2026-02-13T10:35:02","guid":{"rendered":"https:\/\/hempking.eu\/pl\/?post_type=product&#038;p=330497"},"modified":"2026-03-20T08:18:38","modified_gmt":"2026-03-20T07:18:38","slug":"kurkuma-c3-complex-98-kurkuminoidow-95-piperyny-5-gingeroli-biowen-60-kapsulek-last-minute","status":"publish","type":"product","link":"https:\/\/hempking.eu\/pl\/kurkuma-c3-complex-98-kurkuminoidow-95-piperyny-5-gingeroli-biowen-60-kapsulek-last-minute\/","title":{"rendered":"Kurkuma C3 Complex+, 98% kurkuminoid\u00f3w, 95% piperyny, 5% gingeroli Biowen\u00a0-\u00a060\u00a0kapsu\u0142ek - last minute"},"content":{"rendered":"<p style=\"text-align: justify\"><span style=\"font-weight: 400\"><strong>Kurkuma C3 Complex+ Biowen<\/strong> to formu\u0142a zawieraj\u0105ce potr\u00f3jn\u0105 standaryzacj\u0119 na kurkuminoidy, czyli substancje aktywne z kurkumy. A do tego w sk\u0142adzie znajdziesz ekstrakt z imbiru, standaryzowany na gingerole oraz ekstrakt z owoc\u00f3w pieprzu czarnego BioPerine\u00ae, standaryzowany na piperyn\u0119! Potr\u00f3jna moc standaryzacji!\u00a0<\/span><\/p>\n<p style=\"text-align: justify\"><strong>Ten suplement zawiera potr\u00f3jn\u0105 standaryzacj\u0119 na kurkuminoidy, czyli:\u00a0<\/strong><\/p>\n<ul style=\"text-align: justify\">\n<li style=\"font-weight: 400\"><span style=\"font-weight: 400\">kurkuminy,\u00a0<\/span><\/li>\n<li style=\"font-weight: 400\"><span style=\"font-weight: 400\">bisdemetoksykurkuminy,\u00a0<\/span><\/li>\n<li style=\"font-weight: 400\"><span style=\"font-weight: 400\">demetoksykurkuminy.<\/span><\/li>\n<\/ul>\n<p style=\"text-align: justify\"><span style=\"font-weight: 400\">Tak\u0105 wyj\u0105tkow\u0105 standaryzacj\u0119 osi\u0105gn\u0119li\u015bmy dzi\u0119ki zastosowaniu opatentowanej formu\u0142y <strong>Curcumim C3 Complex\u00ae<\/strong>. To kompleks zdrowotnych kurkuminoid\u00f3w pochodz\u0105cych z korzenia kurkumy &#8211; to wyci\u0105g z suchych k\u0142\u0105czy tej ro\u015bliny.\u00a0<\/span><\/p>\n<p style=\"text-align: justify\"><span style=\"font-weight: 400\"><strong>Ka\u017cdy ze sk\u0142adnik\u00f3w Kurkuma C3 Complex+, czyli ekstrakty z kurkumy, imbiru i pieprzu czarnego maj\u0105 cenne w\u0142a\u015bciwo\u015bci, kt\u00f3re odczujemy zw\u0142aszcza w przypadku uk\u0142adu trawienia.<\/strong> Dzi\u0119ki kurkumie mo\u017cesz liczy\u0107 na w\u0142a\u015bciwo\u015bci antyoksydacyjne, wsparcie w\u0105troby oraz ko\u015bci, uk\u0142adu oddechowego. Z kolei imbir<\/span><span style=\"font-weight: 400\">\u00a0dba o serce, odporno\u015b\u0107, obni\u017ca poziom cukru we krwi i pomaga regulowa\u0107 cholesterol. Pieprz czarny to r\u00f3wnie\u017c przeciwutleniacz, kt\u00f3ry dba o odporno\u015b\u0107, uk\u0142ad oddechowy, nerwowy, w\u0105trob\u0119 i sk\u00f3r\u0119.\u00a0<\/span><\/p>\n<p style=\"text-align: justify\"><span style=\"font-weight: 400\">W ka\u017cdej kapsu\u0142ce znajdziesz ekstrakt z kurkumy standaryzowany na 98% kurkuminoid\u00f3w, ekstrakt z imbiru standaryzowany na 5% gingeroli oraz ekstrakt z owoc\u00f3w pieprzu czarnego BioPerine\u00ae standaryzowany na 95% piperyny. Opakowanie zawiera 60 kapsu\u0142ek i jest bardzo wydajne i ekonomiczne &#8211; wystarcza na 60 dni suplementacji!\u00a0<\/span><\/p>\n<p><strong>Producent\/ Podmiot odpowiedzialny:<\/strong><\/p>\n<p>Biodio Lab Sp. z o.o.<br \/>\nUl. Choroszcza\u0144ska 24<br \/>\n15-732 Bia\u0142ystok<\/p>\n","protected":false},"excerpt":{"rendered":"<h2>Data wa\u017cno\u015bci: 26.04.2027<\/h2>\n<h2><strong>Kurkuma C3 Complex to:\u00a0<\/strong><\/h2>\n<ul>\n<li>potr\u00f3jna stanadryzacja na kurkuminoidy <span style=\"font-weight: 400\">Curcumim C3 Complex\u00ae,<\/span><\/li>\n<li>dodatek imbiru standaryzowanego na gingerole oraz <span style=\"font-weight: 400\">BioPerine\u00ae,<\/span><\/li>\n<li>bogactwo w\u0142a\u015bciwo\u015bci dla uk\u0142adu pokarmowego i nie tylko,<\/li>\n<li>wega\u0144ska otoczka kapsu\u0142ki,<\/li>\n<li>czysty sk\u0142ad, bez zb\u0119dnych dodatk\u00f3w,<\/li>\n<li>masa netto: 33,3 g.<\/li>\n<\/ul>\n<p><strong>Pojemno\u015b\u0107: 60 kapsu\u0142ek<\/strong><\/p>\n","protected":false},"featured_media":163772,"template":"","meta":{"_acf_changed":false},"product_brand":[],"product_cat":[439,493,457,471,452,416,101,96],"product_tag":[],"class_list":{"0":"post-330497","1":"product","2":"type-product","3":"status-publish","4":"has-post-thumbnail","6":"product_cat-biowen","7":"product_cat-suplementy-na-cukrzyce-i-insulinoopornosc","8":"product_cat-madra-babcia-poleca","9":"product_cat-obnizka-produktow-do-15","10":"product_cat-suplementy-na-uklad-pokarmowy","11":"product_cat-witaminy-i-mineraly","12":"product_cat-last-minute","13":"product_cat-suplementy","15":"first","16":"outofstock","17":"sale","18":"shipping-taxable","19":"purchasable","20":"product-type-simple"},"acf":[],"yoast_head":"<!-- This site is optimized with the Yoast SEO Premium plugin v24.8 (Yoast SEO v27.3) - https:\/\/yoast.com\/product\/yoast-seo-premium-wordpress\/ -->\n<title>Kurkuma C3 Complex+ 98% kurkuminoid\u00f3w Biowen - 60 kapsu\u0142ek<\/title>\n<meta name=\"description\" content=\"Zobacz \u261b Kurkuma C3 Complex+, 98% kurkuminoid\u00f3w, 95% piperyny, 5% gingeroli Biowen\u00a0-\u00a060\u00a0kapsu\u0142ek - last minute w konopnym sklepie HempKing \u2705100% naturalne \u2705 Zadbaj z nami o swoj\u0105 diet\u0119!\" \/>\n<meta name=\"robots\" content=\"index, follow\" \/>\n<link rel=\"canonical\" href=\"https:\/\/hempking.eu\/pl\/kurkuma-c3-complex-98-kurkuminoidow-95-piperyny-5-gingeroli-biowen-60-kapsulek-last-minute\/\" \/>\n<meta property=\"og:locale\" content=\"pl_PL\" \/>\n<meta property=\"og:type\" content=\"article\" \/>\n<meta property=\"og:title\" content=\"Kurkuma C3 Complex+, 98% kurkuminoid\u00f3w, 95% piperyny, 5% gingeroli Biowen\u00a0-\u00a060\u00a0kapsu\u0142ek - last minute\" \/>\n<meta property=\"og:description\" content=\"Zobacz \u261b Kurkuma C3 Complex+, 98% kurkuminoid\u00f3w, 95% piperyny, 5% gingeroli Biowen\u00a0-\u00a060\u00a0kapsu\u0142ek - last minute w konopnym sklepie HempKing \u2705100% naturalne \u2705 Zadbaj z nami o swoj\u0105 diet\u0119!\" \/>\n<meta property=\"og:url\" content=\"https:\/\/hempking.eu\/pl\/kurkuma-c3-complex-98-kurkuminoidow-95-piperyny-5-gingeroli-biowen-60-kapsulek-last-minute\/\" \/>\n<meta property=\"og:site_name\" content=\"Hemp King\" \/>\n<meta property=\"article:publisher\" content=\"https:\/\/www.facebook.com\/hempkingpoland\" \/>\n<meta property=\"article:modified_time\" content=\"2026-03-20T07:18:38+00:00\" \/>\n<meta property=\"og:image\" content=\"https:\/\/hempking.eu\/pl\/wp-content\/uploads\/sites\/2\/2023\/10\/kurkumac3.jpg\" \/>\n\t<meta property=\"og:image:width\" content=\"1000\" \/>\n\t<meta property=\"og:image:height\" content=\"1000\" \/>\n\t<meta property=\"og:image:type\" content=\"image\/jpeg\" \/>\n<meta name=\"twitter:card\" content=\"summary_large_image\" \/>\n<meta name=\"twitter:site\" content=\"@hempkingeu\" \/>\n<meta name=\"twitter:label1\" content=\"Cena\" \/>\n\t<meta name=\"twitter:data1\" content=\"52.49&nbsp;&#122;&#322;\" \/>\n\t<meta name=\"twitter:label2\" content=\"Dost\u0119pno\u015b\u0107\" \/>\n\t<meta name=\"twitter:data2\" content=\"Brak w magazynie\" \/>\n<script type=\"application\/ld+json\" class=\"yoast-schema-graph\">{\"@context\":\"https:\\\/\\\/schema.org\",\"@graph\":[{\"@type\":\"WebPage\",\"@id\":\"https:\\\/\\\/hempking.eu\\\/pl\\\/kurkuma-c3-complex-98-kurkuminoidow-95-piperyny-5-gingeroli-biowen-60-kapsulek-last-minute\\\/\",\"url\":\"https:\\\/\\\/hempking.eu\\\/pl\\\/kurkuma-c3-complex-98-kurkuminoidow-95-piperyny-5-gingeroli-biowen-60-kapsulek-last-minute\\\/\",\"name\":\"Kurkuma C3 Complex+ 98% kurkuminoid\u00f3w Biowen - 60 kapsu\u0142ek\",\"isPartOf\":{\"@id\":\"https:\\\/\\\/hempking.eu\\\/pl\\\/#website\"},\"primaryImageOfPage\":{\"@id\":\"https:\\\/\\\/hempking.eu\\\/pl\\\/kurkuma-c3-complex-98-kurkuminoidow-95-piperyny-5-gingeroli-biowen-60-kapsulek-last-minute\\\/#primaryimage\"},\"image\":{\"@id\":\"https:\\\/\\\/hempking.eu\\\/pl\\\/kurkuma-c3-complex-98-kurkuminoidow-95-piperyny-5-gingeroli-biowen-60-kapsulek-last-minute\\\/#primaryimage\"},\"thumbnailUrl\":\"https:\\\/\\\/hempking.eu\\\/pl\\\/wp-content\\\/uploads\\\/sites\\\/2\\\/2023\\\/10\\\/kurkumac3.jpg\",\"datePublished\":\"2026-02-13T10:35:02+00:00\",\"dateModified\":\"2026-03-20T07:18:38+00:00\",\"description\":\"Zobacz \u261b Kurkuma C3 Complex+, 98% kurkuminoid\u00f3w, 95% piperyny, 5% gingeroli Biowen\u00a0-\u00a060\u00a0kapsu\u0142ek - last minute w konopnym sklepie HempKing \u2705100% naturalne \u2705 Zadbaj z nami o swoj\u0105 diet\u0119!\",\"breadcrumb\":{\"@id\":\"https:\\\/\\\/hempking.eu\\\/pl\\\/kurkuma-c3-complex-98-kurkuminoidow-95-piperyny-5-gingeroli-biowen-60-kapsulek-last-minute\\\/#breadcrumb\"},\"inLanguage\":\"pl-PL\",\"potentialAction\":[{\"@type\":\"ReadAction\",\"target\":[\"https:\\\/\\\/hempking.eu\\\/pl\\\/kurkuma-c3-complex-98-kurkuminoidow-95-piperyny-5-gingeroli-biowen-60-kapsulek-last-minute\\\/\"]}]},{\"@type\":\"ImageObject\",\"inLanguage\":\"pl-PL\",\"@id\":\"https:\\\/\\\/hempking.eu\\\/pl\\\/kurkuma-c3-complex-98-kurkuminoidow-95-piperyny-5-gingeroli-biowen-60-kapsulek-last-minute\\\/#primaryimage\",\"url\":\"https:\\\/\\\/hempking.eu\\\/pl\\\/wp-content\\\/uploads\\\/sites\\\/2\\\/2023\\\/10\\\/kurkumac3.jpg\",\"contentUrl\":\"https:\\\/\\\/hempking.eu\\\/pl\\\/wp-content\\\/uploads\\\/sites\\\/2\\\/2023\\\/10\\\/kurkumac3.jpg\",\"width\":1000,\"height\":1000,\"caption\":\"Kurkuma C3 Complex+, 98% kurkuminoid\u00f3w, 95% piperyny, 5% gingeroli Biowen\u00a0-\u00a060\u00a0kapsu\u0142ek\"},{\"@type\":\"BreadcrumbList\",\"@id\":\"https:\\\/\\\/hempking.eu\\\/pl\\\/kurkuma-c3-complex-98-kurkuminoidow-95-piperyny-5-gingeroli-biowen-60-kapsulek-last-minute\\\/#breadcrumb\",\"itemListElement\":[{\"@type\":\"ListItem\",\"position\":1,\"name\":\"Home\",\"item\":\"https:\\\/\\\/hempking.eu\\\/pl\\\/\"},{\"@type\":\"ListItem\",\"position\":2,\"name\":\"Sklep\",\"item\":\"https:\\\/\\\/hempking.eu\\\/pl\\\/shop\\\/\"},{\"@type\":\"ListItem\",\"position\":3,\"name\":\"Marki\",\"item\":\"https:\\\/\\\/hempking.eu\\\/pl\\\/marki\\\/\"},{\"@type\":\"ListItem\",\"position\":4,\"name\":\"Biowen\",\"item\":\"https:\\\/\\\/hempking.eu\\\/pl\\\/biowen\\\/\"},{\"@type\":\"ListItem\",\"position\":5,\"name\":\"Kurkuma C3 Complex+, 98% kurkuminoid\u00f3w, 95% piperyny, 5% gingeroli Biowen\u00a0-\u00a060\u00a0kapsu\u0142ek - last minute\"}]},{\"@type\":\"WebSite\",\"@id\":\"https:\\\/\\\/hempking.eu\\\/pl\\\/#website\",\"url\":\"https:\\\/\\\/hempking.eu\\\/pl\\\/\",\"name\":\"Hemp King\",\"description\":\"\",\"publisher\":{\"@id\":\"https:\\\/\\\/hempking.eu\\\/pl\\\/#organization\"},\"potentialAction\":[{\"@type\":\"SearchAction\",\"target\":{\"@type\":\"EntryPoint\",\"urlTemplate\":\"https:\\\/\\\/hempking.eu\\\/pl\\\/?s={search_term_string}\"},\"query-input\":{\"@type\":\"PropertyValueSpecification\",\"valueRequired\":true,\"valueName\":\"search_term_string\"}}],\"inLanguage\":\"pl-PL\"},{\"@type\":\"Organization\",\"@id\":\"https:\\\/\\\/hempking.eu\\\/pl\\\/#organization\",\"name\":\"Hemp King\",\"url\":\"https:\\\/\\\/hempking.eu\\\/pl\\\/\",\"logo\":{\"@type\":\"ImageObject\",\"inLanguage\":\"pl-PL\",\"@id\":\"https:\\\/\\\/hempking.eu\\\/pl\\\/#\\\/schema\\\/logo\\\/image\\\/\",\"url\":\"https:\\\/\\\/hempking.eu\\\/pl\\\/wp-content\\\/uploads\\\/sites\\\/2\\\/2020\\\/05\\\/hempking.png\",\"contentUrl\":\"https:\\\/\\\/hempking.eu\\\/pl\\\/wp-content\\\/uploads\\\/sites\\\/2\\\/2020\\\/05\\\/hempking.png\",\"width\":148,\"height\":91,\"caption\":\"Hemp King\"},\"image\":{\"@id\":\"https:\\\/\\\/hempking.eu\\\/pl\\\/#\\\/schema\\\/logo\\\/image\\\/\"},\"sameAs\":[\"https:\\\/\\\/www.facebook.com\\\/hempkingpoland\",\"https:\\\/\\\/x.com\\\/hempkingeu\",\"https:\\\/\\\/www.instagram.com\\\/hempkingeu\\\/\",\"https:\\\/\\\/www.linkedin.com\\\/company\\\/hempking-eu\\\/mycompany\\\/\",\"https:\\\/\\\/pl.pinterest.com\\\/hempkingeu\\\/\",\"https:\\\/\\\/www.youtube.com\\\/channel\\\/UCUkeZA1fj4hSZfoYm0WpZ7w\"]}]}<\/script>\n<meta property=\"product:price:amount\" content=\"52.49\" \/>\n<meta property=\"product:price:currency\" content=\"PLN\" \/>\n<meta property=\"og:availability\" content=\"out of stock\" \/>\n<meta property=\"product:availability\" content=\"out of stock\" \/>\n<meta property=\"product:retailer_item_id\" content=\"5904806120489\" \/>\n<meta property=\"product:condition\" content=\"new\" \/>\n<!-- \/ Yoast SEO Premium plugin. -->","yoast_head_json":{"title":"Kurkuma C3 Complex+ 98% kurkuminoid\u00f3w Biowen - 60 kapsu\u0142ek","description":"Zobacz \u261b Kurkuma C3 Complex+, 98% kurkuminoid\u00f3w, 95% piperyny, 5% gingeroli Biowen\u00a0-\u00a060\u00a0kapsu\u0142ek - last minute w konopnym sklepie HempKing \u2705100% naturalne \u2705 Zadbaj z nami o swoj\u0105 diet\u0119!","robots":{"index":"index","follow":"follow"},"canonical":"https:\/\/hempking.eu\/pl\/kurkuma-c3-complex-98-kurkuminoidow-95-piperyny-5-gingeroli-biowen-60-kapsulek-last-minute\/","og_locale":"pl_PL","og_type":"article","og_title":"Kurkuma C3 Complex+, 98% kurkuminoid\u00f3w, 95% piperyny, 5% gingeroli Biowen\u00a0-\u00a060\u00a0kapsu\u0142ek - last minute","og_description":"Zobacz \u261b Kurkuma C3 Complex+, 98% kurkuminoid\u00f3w, 95% piperyny, 5% gingeroli Biowen\u00a0-\u00a060\u00a0kapsu\u0142ek - last minute w konopnym sklepie HempKing \u2705100% naturalne \u2705 Zadbaj z nami o swoj\u0105 diet\u0119!","og_url":"https:\/\/hempking.eu\/pl\/kurkuma-c3-complex-98-kurkuminoidow-95-piperyny-5-gingeroli-biowen-60-kapsulek-last-minute\/","og_site_name":"Hemp King","article_publisher":"https:\/\/www.facebook.com\/hempkingpoland","article_modified_time":"2026-03-20T07:18:38+00:00","og_image":[{"width":1000,"height":1000,"url":"https:\/\/hempking.eu\/pl\/wp-content\/uploads\/sites\/2\/2023\/10\/kurkumac3.jpg","type":"image\/jpeg"}],"twitter_card":"summary_large_image","twitter_site":"@hempkingeu","twitter_misc":{"Cena":"52.49&nbsp;&#122;&#322;","Dost\u0119pno\u015b\u0107":"Brak w magazynie"},"schema":{"@context":"https:\/\/schema.org","@graph":[{"@type":"WebPage","@id":"https:\/\/hempking.eu\/pl\/kurkuma-c3-complex-98-kurkuminoidow-95-piperyny-5-gingeroli-biowen-60-kapsulek-last-minute\/","url":"https:\/\/hempking.eu\/pl\/kurkuma-c3-complex-98-kurkuminoidow-95-piperyny-5-gingeroli-biowen-60-kapsulek-last-minute\/","name":"Kurkuma C3 Complex+ 98% kurkuminoid\u00f3w Biowen - 60 kapsu\u0142ek","isPartOf":{"@id":"https:\/\/hempking.eu\/pl\/#website"},"primaryImageOfPage":{"@id":"https:\/\/hempking.eu\/pl\/kurkuma-c3-complex-98-kurkuminoidow-95-piperyny-5-gingeroli-biowen-60-kapsulek-last-minute\/#primaryimage"},"image":{"@id":"https:\/\/hempking.eu\/pl\/kurkuma-c3-complex-98-kurkuminoidow-95-piperyny-5-gingeroli-biowen-60-kapsulek-last-minute\/#primaryimage"},"thumbnailUrl":"https:\/\/hempking.eu\/pl\/wp-content\/uploads\/sites\/2\/2023\/10\/kurkumac3.jpg","datePublished":"2026-02-13T10:35:02+00:00","dateModified":"2026-03-20T07:18:38+00:00","description":"Zobacz \u261b Kurkuma C3 Complex+, 98% kurkuminoid\u00f3w, 95% piperyny, 5% gingeroli Biowen\u00a0-\u00a060\u00a0kapsu\u0142ek - last minute w konopnym sklepie HempKing \u2705100% naturalne \u2705 Zadbaj z nami o swoj\u0105 diet\u0119!","breadcrumb":{"@id":"https:\/\/hempking.eu\/pl\/kurkuma-c3-complex-98-kurkuminoidow-95-piperyny-5-gingeroli-biowen-60-kapsulek-last-minute\/#breadcrumb"},"inLanguage":"pl-PL","potentialAction":[{"@type":"ReadAction","target":["https:\/\/hempking.eu\/pl\/kurkuma-c3-complex-98-kurkuminoidow-95-piperyny-5-gingeroli-biowen-60-kapsulek-last-minute\/"]}]},{"@type":"ImageObject","inLanguage":"pl-PL","@id":"https:\/\/hempking.eu\/pl\/kurkuma-c3-complex-98-kurkuminoidow-95-piperyny-5-gingeroli-biowen-60-kapsulek-last-minute\/#primaryimage","url":"https:\/\/hempking.eu\/pl\/wp-content\/uploads\/sites\/2\/2023\/10\/kurkumac3.jpg","contentUrl":"https:\/\/hempking.eu\/pl\/wp-content\/uploads\/sites\/2\/2023\/10\/kurkumac3.jpg","width":1000,"height":1000,"caption":"Kurkuma C3 Complex+, 98% kurkuminoid\u00f3w, 95% piperyny, 5% gingeroli Biowen\u00a0-\u00a060\u00a0kapsu\u0142ek"},{"@type":"BreadcrumbList","@id":"https:\/\/hempking.eu\/pl\/kurkuma-c3-complex-98-kurkuminoidow-95-piperyny-5-gingeroli-biowen-60-kapsulek-last-minute\/#breadcrumb","itemListElement":[{"@type":"ListItem","position":1,"name":"Home","item":"https:\/\/hempking.eu\/pl\/"},{"@type":"ListItem","position":2,"name":"Sklep","item":"https:\/\/hempking.eu\/pl\/shop\/"},{"@type":"ListItem","position":3,"name":"Marki","item":"https:\/\/hempking.eu\/pl\/marki\/"},{"@type":"ListItem","position":4,"name":"Biowen","item":"https:\/\/hempking.eu\/pl\/biowen\/"},{"@type":"ListItem","position":5,"name":"Kurkuma C3 Complex+, 98% kurkuminoid\u00f3w, 95% piperyny, 5% gingeroli Biowen\u00a0-\u00a060\u00a0kapsu\u0142ek - last minute"}]},{"@type":"WebSite","@id":"https:\/\/hempking.eu\/pl\/#website","url":"https:\/\/hempking.eu\/pl\/","name":"Hemp King","description":"","publisher":{"@id":"https:\/\/hempking.eu\/pl\/#organization"},"potentialAction":[{"@type":"SearchAction","target":{"@type":"EntryPoint","urlTemplate":"https:\/\/hempking.eu\/pl\/?s={search_term_string}"},"query-input":{"@type":"PropertyValueSpecification","valueRequired":true,"valueName":"search_term_string"}}],"inLanguage":"pl-PL"},{"@type":"Organization","@id":"https:\/\/hempking.eu\/pl\/#organization","name":"Hemp King","url":"https:\/\/hempking.eu\/pl\/","logo":{"@type":"ImageObject","inLanguage":"pl-PL","@id":"https:\/\/hempking.eu\/pl\/#\/schema\/logo\/image\/","url":"https:\/\/hempking.eu\/pl\/wp-content\/uploads\/sites\/2\/2020\/05\/hempking.png","contentUrl":"https:\/\/hempking.eu\/pl\/wp-content\/uploads\/sites\/2\/2020\/05\/hempking.png","width":148,"height":91,"caption":"Hemp King"},"image":{"@id":"https:\/\/hempking.eu\/pl\/#\/schema\/logo\/image\/"},"sameAs":["https:\/\/www.facebook.com\/hempkingpoland","https:\/\/x.com\/hempkingeu","https:\/\/www.instagram.com\/hempkingeu\/","https:\/\/www.linkedin.com\/company\/hempking-eu\/mycompany\/","https:\/\/pl.pinterest.com\/hempkingeu\/","https:\/\/www.youtube.com\/channel\/UCUkeZA1fj4hSZfoYm0WpZ7w"]}]},"product_price_amount":"52.49","product_price_currency":"PLN","og_availability":"out of stock","product_availability":"out of stock","product_retailer_item_id":"5904806120489","product_condition":"new"},"df_price":52.49,"df_sale_price":52.49,"df_regular_price":69.99,"df_image_link":"https:\/\/hempking.eu\/pl\/wp-content\/uploads\/sites\/2\/2023\/10\/kurkumac3-300x300.jpg","_links":{"self":[{"href":"https:\/\/hempking.eu\/pl\/wp-json\/wp\/v2\/product\/330497","targetHints":{"allow":["GET"]}}],"collection":[{"href":"https:\/\/hempking.eu\/pl\/wp-json\/wp\/v2\/product"}],"about":[{"href":"https:\/\/hempking.eu\/pl\/wp-json\/wp\/v2\/types\/product"}],"wp:featuredmedia":[{"embeddable":true,"href":"https:\/\/hempking.eu\/pl\/wp-json\/wp\/v2\/media\/163772"}],"wp:attachment":[{"href":"https:\/\/hempking.eu\/pl\/wp-json\/wp\/v2\/media?parent=330497"}],"wp:term":[{"taxonomy":"product_brand","embeddable":true,"href":"https:\/\/hempking.eu\/pl\/wp-json\/wp\/v2\/product_brand?post=330497"},{"taxonomy":"product_cat","embeddable":true,"href":"https:\/\/hempking.eu\/pl\/wp-json\/wp\/v2\/product_cat?post=330497"},{"taxonomy":"product_tag","embeddable":true,"href":"https:\/\/hempking.eu\/pl\/wp-json\/wp\/v2\/product_tag?post=330497"}],"curies":[{"name":"wp","href":"https:\/\/api.w.org\/{rel}","templated":true}]}}