{"id":331962,"date":"2026-02-25T13:55:37","date_gmt":"2026-02-25T12:55:37","guid":{"rendered":"https:\/\/hempking.eu\/pl\/?post_type=product&#038;p=331962"},"modified":"2026-05-07T11:44:14","modified_gmt":"2026-05-07T09:44:14","slug":"omega-3-5-6-7-9-1520-mg-biowen-60-kapsulek","status":"publish","type":"product","link":"https:\/\/hempking.eu\/pl\/omega-3-5-6-7-9-1520-mg-biowen-60-kapsulek\/","title":{"rendered":"Omega 3-5-6-7-9 1520 mg Biowen - 60 kapsu\u0142ek"},"content":{"rendered":"<h2><b>Kompleks lipidowo-antyoksydacyjny<\/b><\/h2>\n<p><span style=\"font-weight: 400;\">To co\u015b wi\u0119cej ni\u017c zwyk\u0142y suplement \u2013 to zaawansowana formu\u0142a zaprojektowana z my\u015bl\u0105 o <\/span><b>\u015bwiadomym wsparciu organizmu wraz z wiekiem<\/b><span style=\"font-weight: 400;\">. Produkt \u0142\u0105czy moc pi\u0119ciu kwas\u00f3w omega z unikalnymi ekstraktami ro\u015blinnymi, tworz\u0105c synergi\u0119, kt\u00f3ra regeneruje, chroni i wspiera cia\u0142o na poziomie kom\u00f3rkowym.<\/span><\/p>\n<p><span style=\"font-weight: 400;\">W przeciwie\u0144stwie do typowych preparat\u00f3w zawieraj\u0105cych jedynie omega-3, formu\u0142a Biowen zosta\u0142a wzbogacona o dobroczynne t\u0142uszcze ro\u015blinne oraz unikalne sk\u0142adniki, kt\u00f3re odpowiadaj\u0105 na wyzwania wsp\u00f3\u0142czesnego stylu \u017cycia. W sk\u0142adzie znajduj\u0105 si\u0119 m.in. olej rybi zawieraj\u0105cy EPA i DHA, DHA z mikroalg <\/span><i><span style=\"font-weight: 400;\">Schizochytrium sp.<\/span><\/i><span style=\"font-weight: 400;\">, olej z kryla antarktycznego b\u0119d\u0105cy \u017ar\u00f3d\u0142em fosfolipid\u00f3w oraz szereg olej\u00f3w ro\u015blinnych, takich jak: rokitnik, czarnuszka, wiesio\u0142ek i awokado. Ca\u0142o\u015b\u0107 dope\u0142nia ekstrakt z owoc\u00f3w granatu \u2013 bogaty w kwas punikowy (omega-5) \u2013 oraz naturalna witamina E, kt\u00f3ra chroni t\u0142uszcze przed utlenianiem.<\/span><\/p>\n<p><span style=\"font-weight: 400;\">Tak skomponowany suplement skutecznie wspiera organizm w wielu wymiarach. Kwasy omega-3 pozytywnie wp\u0142ywaj\u0105 na zdrowie serca (korzystne dzia\u0142anie wyst\u0119puje w przypadku spo\u017cywania 250 mg EPA i DHA dziennie). Kwas GLA z oleju z wiesio\u0142ka jest prekursorem prostaglandyn. Z kolei omega-7 z rokitnika dba o zdrowie sk\u00f3ry, a omega-9 z awokado i czarnuszki &#8211; czarnuszka wspiera odpowiedni poziom glukozy we krwi. Unikalna obecno\u015b\u0107 omega-5 z granatu wyr\u00f3\u017cnia produkt na tle innych \u2013 to rzadki kwas t\u0142uszczowy.<\/span><\/p>\n<p><span style=\"font-weight: 400;\">Preparat Biowen to doskona\u0142y wyb\u00f3r dla os\u00f3b, kt\u00f3re chc\u0105 na co dzie\u0144 dba\u0107 o zdrowie \u2013 niezale\u017cnie od p\u0142ci czy wieku. Sprawdzi si\u0119 zw\u0142aszcza u os\u00f3b po 30. roku \u017cycia, aktywnych fizycznie, kobiet w kwiecie wieku, a tak\u017ce u wszystkich, kt\u00f3rym zale\u017cy na utrzymaniu wysokiej jako\u015bci \u017cycia.<\/span><\/p>\n<p><span style=\"font-weight: 400;\">Warto zwr\u00f3ci\u0107 uwag\u0119 na opakowanie \u2013 kapsu\u0142ki s\u0105 umieszczone jest w ciemnym, szklanym s\u0142oiku z metalow\u0105 zakr\u0119tk\u0105, kt\u00f3re skutecznie chroni zawarto\u015b\u0107 przed dzia\u0142aniem \u015bwiat\u0142a i powietrza. Taki wyb\u00f3r zapewnia trwa\u0142o\u015b\u0107 sk\u0142adnik\u00f3w i stanowi ekologiczne, bezpieczne rozwi\u0105zanie, wolne od szkodliwego BPA.<\/span><\/p>\n<p><span style=\"font-weight: 400;\">Podsumowuj\u0105c: <\/span><b>Omega 3-5-6-7-9 Biowen<\/b><span style=\"font-weight: 400;\"> to suplement przeznaczony dla os\u00f3b, kt\u00f3re chc\u0105 czego\u015b wi\u0119cej ni\u017c standardowa suplementacja. Dzi\u0119ki wyj\u0105tkowo bogatej kompozycji naturalnych lipid\u00f3w, ekstrakt\u00f3w ro\u015blinnych i antyoksydant\u00f3w, produkt wspiera zdrowie na wielu poziomach. To codzienna porcja od\u017cywczych t\u0142uszcz\u00f3w, kt\u00f3re regeneruj\u0105, chroni\u0105 i wspieraj\u0105 organizm od \u015brodka.<\/span><\/p>\n<p><span style=\"font-weight: 400;\">Synergy Formula\u2122 &#8211; formu\u0142a oparta o sk\u0142adniki synergicznie wzmacniaj\u0105ce swoje dzia\u0142anie dla wielokierunkowego wsparcia organizmu.<\/span><\/p>\n<p>Biodio Lab Sp. z o.o.<br \/>\nUl. Choroszcza\u0144ska 24<br \/>\n15-732 Bia\u0142ystok<\/p>\n","protected":false},"excerpt":{"rendered":"<ul>\n<li>kompleks omega 3-5-6-7-9 z po\u0142\u0105czeniem \u017ar\u00f3de\u0142 morskich i ro\u015blinnych,<\/li>\n<li>EPA i DHA wspieraj\u0105 prawid\u0142owe funkcjonowanie serca (EFSA),<\/li>\n<li>DHA pomaga w utrzymaniu prawid\u0142owego widzenia (EFSA),<\/li>\n<li>naturalna witamina E pomaga chroni\u0107 kom\u00f3rki przed stresem oksydacyjnym (EFSA),<\/li>\n<li>ekstrakt z granatu (omega-5) oraz oleje: rokitnik, czarnuszka, wiesio\u0142ek i awokado,<\/li>\n<li>Synergy Formula\u2122 \u2013 kompozycja sk\u0142adnik\u00f3w dobranych w celu uzupe\u0142nienia codziennej diety,<\/li>\n<li>szklane opakowanie chroni\u0105ce jako\u015b\u0107 t\u0142uszcz\u00f3w.<\/li>\n<\/ul>\n<p>Masa netto: 117 g<\/p>\n<ul>\n<li><\/li>\n<\/ul>\n","protected":false},"featured_media":331964,"template":"","meta":{"_acf_changed":false},"product_brand":[],"product_cat":[439,34,446],"product_tag":[],"class_list":{"0":"post-331962","1":"product","2":"type-product","3":"status-publish","4":"has-post-thumbnail","6":"product_cat-biowen","7":"product_cat-nowosci","8":"product_cat-suplementy-na-uklad-krazenia","10":"first","11":"instock","12":"shipping-taxable","13":"purchasable","14":"product-type-simple"},"acf":[],"yoast_head":"<!-- This site is optimized with the Yoast SEO Premium plugin v24.8 (Yoast SEO v27.3) - https:\/\/yoast.com\/product\/yoast-seo-premium-wordpress\/ -->\n<title>Omega 3-5-6-7-9 1520 mg Biowen - 60 kapsu\u0142ek - Hemp King<\/title>\n<meta name=\"description\" content=\"Zobacz \u261b Omega 3-5-6-7-9 1520 mg Biowen - 60 kapsu\u0142ek w konopnym sklepie HempKing \u2705100% naturalne \u2705 Zadbaj z nami o swoj\u0105 diet\u0119!\" \/>\n<meta name=\"robots\" content=\"index, follow\" \/>\n<link rel=\"canonical\" href=\"https:\/\/hempking.eu\/pl\/omega-3-5-6-7-9-1520-mg-biowen-60-kapsulek\/\" \/>\n<meta property=\"og:locale\" content=\"pl_PL\" \/>\n<meta property=\"og:type\" content=\"article\" \/>\n<meta property=\"og:title\" content=\"Omega 3-5-6-7-9 1520 mg Biowen - 60 kapsu\u0142ek\" \/>\n<meta property=\"og:description\" content=\"Zobacz \u261b Omega 3-5-6-7-9 1520 mg Biowen - 60 kapsu\u0142ek w konopnym sklepie HempKing \u2705100% naturalne \u2705 Zadbaj z nami o swoj\u0105 diet\u0119!\" \/>\n<meta property=\"og:url\" content=\"https:\/\/hempking.eu\/pl\/omega-3-5-6-7-9-1520-mg-biowen-60-kapsulek\/\" \/>\n<meta property=\"og:site_name\" content=\"Hemp King\" \/>\n<meta property=\"article:publisher\" content=\"https:\/\/www.facebook.com\/hempkingpoland\" \/>\n<meta property=\"article:modified_time\" content=\"2026-05-07T09:44:14+00:00\" \/>\n<meta property=\"og:image\" content=\"https:\/\/hempking.eu\/pl\/wp-content\/uploads\/sites\/2\/2026\/02\/Omega-3-5-6-7-9_Hempking.jpg\" \/>\n\t<meta property=\"og:image:width\" content=\"1000\" \/>\n\t<meta property=\"og:image:height\" content=\"1000\" \/>\n\t<meta property=\"og:image:type\" content=\"image\/jpeg\" \/>\n<meta name=\"twitter:card\" content=\"summary_large_image\" \/>\n<meta name=\"twitter:site\" content=\"@hempkingeu\" \/>\n<meta name=\"twitter:label1\" content=\"Cena\" \/>\n\t<meta name=\"twitter:data1\" content=\"99.99&nbsp;&#122;&#322;\" \/>\n\t<meta name=\"twitter:label2\" content=\"Dost\u0119pno\u015b\u0107\" \/>\n\t<meta name=\"twitter:data2\" content=\"Dost\u0119pny\" \/>\n<script type=\"application\/ld+json\" class=\"yoast-schema-graph\">{\"@context\":\"https:\\\/\\\/schema.org\",\"@graph\":[{\"@type\":\"WebPage\",\"@id\":\"https:\\\/\\\/hempking.eu\\\/pl\\\/omega-3-5-6-7-9-1520-mg-biowen-60-kapsulek\\\/\",\"url\":\"https:\\\/\\\/hempking.eu\\\/pl\\\/omega-3-5-6-7-9-1520-mg-biowen-60-kapsulek\\\/\",\"name\":\"Omega 3-5-6-7-9 1520 mg Biowen - 60 kapsu\u0142ek - Hemp King\",\"isPartOf\":{\"@id\":\"https:\\\/\\\/hempking.eu\\\/pl\\\/#website\"},\"primaryImageOfPage\":{\"@id\":\"https:\\\/\\\/hempking.eu\\\/pl\\\/omega-3-5-6-7-9-1520-mg-biowen-60-kapsulek\\\/#primaryimage\"},\"image\":{\"@id\":\"https:\\\/\\\/hempking.eu\\\/pl\\\/omega-3-5-6-7-9-1520-mg-biowen-60-kapsulek\\\/#primaryimage\"},\"thumbnailUrl\":\"https:\\\/\\\/hempking.eu\\\/pl\\\/wp-content\\\/uploads\\\/sites\\\/2\\\/2026\\\/02\\\/Omega-3-5-6-7-9_Hempking.jpg\",\"datePublished\":\"2026-02-25T12:55:37+00:00\",\"dateModified\":\"2026-05-07T09:44:14+00:00\",\"description\":\"Zobacz \u261b Omega 3-5-6-7-9 1520 mg Biowen - 60 kapsu\u0142ek w konopnym sklepie HempKing \u2705100% naturalne \u2705 Zadbaj z nami o swoj\u0105 diet\u0119!\",\"breadcrumb\":{\"@id\":\"https:\\\/\\\/hempking.eu\\\/pl\\\/omega-3-5-6-7-9-1520-mg-biowen-60-kapsulek\\\/#breadcrumb\"},\"inLanguage\":\"pl-PL\",\"potentialAction\":[{\"@type\":\"ReadAction\",\"target\":[\"https:\\\/\\\/hempking.eu\\\/pl\\\/omega-3-5-6-7-9-1520-mg-biowen-60-kapsulek\\\/\"]}]},{\"@type\":\"ImageObject\",\"inLanguage\":\"pl-PL\",\"@id\":\"https:\\\/\\\/hempking.eu\\\/pl\\\/omega-3-5-6-7-9-1520-mg-biowen-60-kapsulek\\\/#primaryimage\",\"url\":\"https:\\\/\\\/hempking.eu\\\/pl\\\/wp-content\\\/uploads\\\/sites\\\/2\\\/2026\\\/02\\\/Omega-3-5-6-7-9_Hempking.jpg\",\"contentUrl\":\"https:\\\/\\\/hempking.eu\\\/pl\\\/wp-content\\\/uploads\\\/sites\\\/2\\\/2026\\\/02\\\/Omega-3-5-6-7-9_Hempking.jpg\",\"width\":1000,\"height\":1000},{\"@type\":\"BreadcrumbList\",\"@id\":\"https:\\\/\\\/hempking.eu\\\/pl\\\/omega-3-5-6-7-9-1520-mg-biowen-60-kapsulek\\\/#breadcrumb\",\"itemListElement\":[{\"@type\":\"ListItem\",\"position\":1,\"name\":\"Home\",\"item\":\"https:\\\/\\\/hempking.eu\\\/pl\\\/\"},{\"@type\":\"ListItem\",\"position\":2,\"name\":\"Sklep\",\"item\":\"https:\\\/\\\/hempking.eu\\\/pl\\\/shop\\\/\"},{\"@type\":\"ListItem\",\"position\":3,\"name\":\"\ud83e\uddec Suplementy wed\u0142ug uk\u0142adu\",\"item\":\"https:\\\/\\\/hempking.eu\\\/pl\\\/suplementy\\\/\"},{\"@type\":\"ListItem\",\"position\":4,\"name\":\"Suplementy na uk\u0142ad kr\u0105\u017cenia\",\"item\":\"https:\\\/\\\/hempking.eu\\\/pl\\\/suplementy-na-uklad-krazenia\\\/\"},{\"@type\":\"ListItem\",\"position\":5,\"name\":\"Omega 3-5-6-7-9 1520 mg Biowen - 60 kapsu\u0142ek\"}]},{\"@type\":\"WebSite\",\"@id\":\"https:\\\/\\\/hempking.eu\\\/pl\\\/#website\",\"url\":\"https:\\\/\\\/hempking.eu\\\/pl\\\/\",\"name\":\"Hemp King\",\"description\":\"\",\"publisher\":{\"@id\":\"https:\\\/\\\/hempking.eu\\\/pl\\\/#organization\"},\"potentialAction\":[{\"@type\":\"SearchAction\",\"target\":{\"@type\":\"EntryPoint\",\"urlTemplate\":\"https:\\\/\\\/hempking.eu\\\/pl\\\/?s={search_term_string}\"},\"query-input\":{\"@type\":\"PropertyValueSpecification\",\"valueRequired\":true,\"valueName\":\"search_term_string\"}}],\"inLanguage\":\"pl-PL\"},{\"@type\":\"Organization\",\"@id\":\"https:\\\/\\\/hempking.eu\\\/pl\\\/#organization\",\"name\":\"Hemp King\",\"url\":\"https:\\\/\\\/hempking.eu\\\/pl\\\/\",\"logo\":{\"@type\":\"ImageObject\",\"inLanguage\":\"pl-PL\",\"@id\":\"https:\\\/\\\/hempking.eu\\\/pl\\\/#\\\/schema\\\/logo\\\/image\\\/\",\"url\":\"https:\\\/\\\/hempking.eu\\\/pl\\\/wp-content\\\/uploads\\\/sites\\\/2\\\/2020\\\/05\\\/hempking.png\",\"contentUrl\":\"https:\\\/\\\/hempking.eu\\\/pl\\\/wp-content\\\/uploads\\\/sites\\\/2\\\/2020\\\/05\\\/hempking.png\",\"width\":148,\"height\":91,\"caption\":\"Hemp King\"},\"image\":{\"@id\":\"https:\\\/\\\/hempking.eu\\\/pl\\\/#\\\/schema\\\/logo\\\/image\\\/\"},\"sameAs\":[\"https:\\\/\\\/www.facebook.com\\\/hempkingpoland\",\"https:\\\/\\\/x.com\\\/hempkingeu\",\"https:\\\/\\\/www.instagram.com\\\/hempkingeu\\\/\",\"https:\\\/\\\/www.linkedin.com\\\/company\\\/hempking-eu\\\/mycompany\\\/\",\"https:\\\/\\\/pl.pinterest.com\\\/hempkingeu\\\/\",\"https:\\\/\\\/www.youtube.com\\\/channel\\\/UCUkeZA1fj4hSZfoYm0WpZ7w\"]}]}<\/script>\n<meta property=\"product:price:amount\" content=\"99.99\" \/>\n<meta property=\"product:price:currency\" content=\"PLN\" \/>\n<meta property=\"og:availability\" content=\"instock\" \/>\n<meta property=\"product:availability\" content=\"instock\" \/>\n<meta property=\"product:retailer_item_id\" content=\"5902906189078\" \/>\n<meta property=\"product:condition\" content=\"new\" \/>\n<!-- \/ Yoast SEO Premium plugin. -->","yoast_head_json":{"title":"Omega 3-5-6-7-9 1520 mg Biowen - 60 kapsu\u0142ek - Hemp King","description":"Zobacz \u261b Omega 3-5-6-7-9 1520 mg Biowen - 60 kapsu\u0142ek w konopnym sklepie HempKing \u2705100% naturalne \u2705 Zadbaj z nami o swoj\u0105 diet\u0119!","robots":{"index":"index","follow":"follow"},"canonical":"https:\/\/hempking.eu\/pl\/omega-3-5-6-7-9-1520-mg-biowen-60-kapsulek\/","og_locale":"pl_PL","og_type":"article","og_title":"Omega 3-5-6-7-9 1520 mg Biowen - 60 kapsu\u0142ek","og_description":"Zobacz \u261b Omega 3-5-6-7-9 1520 mg Biowen - 60 kapsu\u0142ek w konopnym sklepie HempKing \u2705100% naturalne \u2705 Zadbaj z nami o swoj\u0105 diet\u0119!","og_url":"https:\/\/hempking.eu\/pl\/omega-3-5-6-7-9-1520-mg-biowen-60-kapsulek\/","og_site_name":"Hemp King","article_publisher":"https:\/\/www.facebook.com\/hempkingpoland","article_modified_time":"2026-05-07T09:44:14+00:00","og_image":[{"width":1000,"height":1000,"url":"https:\/\/hempking.eu\/pl\/wp-content\/uploads\/sites\/2\/2026\/02\/Omega-3-5-6-7-9_Hempking.jpg","type":"image\/jpeg"}],"twitter_card":"summary_large_image","twitter_site":"@hempkingeu","twitter_misc":{"Cena":"99.99&nbsp;&#122;&#322;","Dost\u0119pno\u015b\u0107":"Dost\u0119pny"},"schema":{"@context":"https:\/\/schema.org","@graph":[{"@type":"WebPage","@id":"https:\/\/hempking.eu\/pl\/omega-3-5-6-7-9-1520-mg-biowen-60-kapsulek\/","url":"https:\/\/hempking.eu\/pl\/omega-3-5-6-7-9-1520-mg-biowen-60-kapsulek\/","name":"Omega 3-5-6-7-9 1520 mg Biowen - 60 kapsu\u0142ek - Hemp King","isPartOf":{"@id":"https:\/\/hempking.eu\/pl\/#website"},"primaryImageOfPage":{"@id":"https:\/\/hempking.eu\/pl\/omega-3-5-6-7-9-1520-mg-biowen-60-kapsulek\/#primaryimage"},"image":{"@id":"https:\/\/hempking.eu\/pl\/omega-3-5-6-7-9-1520-mg-biowen-60-kapsulek\/#primaryimage"},"thumbnailUrl":"https:\/\/hempking.eu\/pl\/wp-content\/uploads\/sites\/2\/2026\/02\/Omega-3-5-6-7-9_Hempking.jpg","datePublished":"2026-02-25T12:55:37+00:00","dateModified":"2026-05-07T09:44:14+00:00","description":"Zobacz \u261b Omega 3-5-6-7-9 1520 mg Biowen - 60 kapsu\u0142ek w konopnym sklepie HempKing \u2705100% naturalne \u2705 Zadbaj z nami o swoj\u0105 diet\u0119!","breadcrumb":{"@id":"https:\/\/hempking.eu\/pl\/omega-3-5-6-7-9-1520-mg-biowen-60-kapsulek\/#breadcrumb"},"inLanguage":"pl-PL","potentialAction":[{"@type":"ReadAction","target":["https:\/\/hempking.eu\/pl\/omega-3-5-6-7-9-1520-mg-biowen-60-kapsulek\/"]}]},{"@type":"ImageObject","inLanguage":"pl-PL","@id":"https:\/\/hempking.eu\/pl\/omega-3-5-6-7-9-1520-mg-biowen-60-kapsulek\/#primaryimage","url":"https:\/\/hempking.eu\/pl\/wp-content\/uploads\/sites\/2\/2026\/02\/Omega-3-5-6-7-9_Hempking.jpg","contentUrl":"https:\/\/hempking.eu\/pl\/wp-content\/uploads\/sites\/2\/2026\/02\/Omega-3-5-6-7-9_Hempking.jpg","width":1000,"height":1000},{"@type":"BreadcrumbList","@id":"https:\/\/hempking.eu\/pl\/omega-3-5-6-7-9-1520-mg-biowen-60-kapsulek\/#breadcrumb","itemListElement":[{"@type":"ListItem","position":1,"name":"Home","item":"https:\/\/hempking.eu\/pl\/"},{"@type":"ListItem","position":2,"name":"Sklep","item":"https:\/\/hempking.eu\/pl\/shop\/"},{"@type":"ListItem","position":3,"name":"\ud83e\uddec Suplementy wed\u0142ug uk\u0142adu","item":"https:\/\/hempking.eu\/pl\/suplementy\/"},{"@type":"ListItem","position":4,"name":"Suplementy na uk\u0142ad kr\u0105\u017cenia","item":"https:\/\/hempking.eu\/pl\/suplementy-na-uklad-krazenia\/"},{"@type":"ListItem","position":5,"name":"Omega 3-5-6-7-9 1520 mg Biowen - 60 kapsu\u0142ek"}]},{"@type":"WebSite","@id":"https:\/\/hempking.eu\/pl\/#website","url":"https:\/\/hempking.eu\/pl\/","name":"Hemp King","description":"","publisher":{"@id":"https:\/\/hempking.eu\/pl\/#organization"},"potentialAction":[{"@type":"SearchAction","target":{"@type":"EntryPoint","urlTemplate":"https:\/\/hempking.eu\/pl\/?s={search_term_string}"},"query-input":{"@type":"PropertyValueSpecification","valueRequired":true,"valueName":"search_term_string"}}],"inLanguage":"pl-PL"},{"@type":"Organization","@id":"https:\/\/hempking.eu\/pl\/#organization","name":"Hemp King","url":"https:\/\/hempking.eu\/pl\/","logo":{"@type":"ImageObject","inLanguage":"pl-PL","@id":"https:\/\/hempking.eu\/pl\/#\/schema\/logo\/image\/","url":"https:\/\/hempking.eu\/pl\/wp-content\/uploads\/sites\/2\/2020\/05\/hempking.png","contentUrl":"https:\/\/hempking.eu\/pl\/wp-content\/uploads\/sites\/2\/2020\/05\/hempking.png","width":148,"height":91,"caption":"Hemp King"},"image":{"@id":"https:\/\/hempking.eu\/pl\/#\/schema\/logo\/image\/"},"sameAs":["https:\/\/www.facebook.com\/hempkingpoland","https:\/\/x.com\/hempkingeu","https:\/\/www.instagram.com\/hempkingeu\/","https:\/\/www.linkedin.com\/company\/hempking-eu\/mycompany\/","https:\/\/pl.pinterest.com\/hempkingeu\/","https:\/\/www.youtube.com\/channel\/UCUkeZA1fj4hSZfoYm0WpZ7w"]}]},"product_price_amount":"99.99","product_price_currency":"PLN","og_availability":"instock","product_availability":"instock","product_retailer_item_id":"5902906189078","product_condition":"new"},"df_price":99.99,"df_sale_price":"","df_regular_price":99.99,"df_image_link":"https:\/\/hempking.eu\/pl\/wp-content\/uploads\/sites\/2\/2026\/02\/Omega-3-5-6-7-9_Hempking-300x300.jpg","_links":{"self":[{"href":"https:\/\/hempking.eu\/pl\/wp-json\/wp\/v2\/product\/331962","targetHints":{"allow":["GET"]}}],"collection":[{"href":"https:\/\/hempking.eu\/pl\/wp-json\/wp\/v2\/product"}],"about":[{"href":"https:\/\/hempking.eu\/pl\/wp-json\/wp\/v2\/types\/product"}],"wp:featuredmedia":[{"embeddable":true,"href":"https:\/\/hempking.eu\/pl\/wp-json\/wp\/v2\/media\/331964"}],"wp:attachment":[{"href":"https:\/\/hempking.eu\/pl\/wp-json\/wp\/v2\/media?parent=331962"}],"wp:term":[{"taxonomy":"product_brand","embeddable":true,"href":"https:\/\/hempking.eu\/pl\/wp-json\/wp\/v2\/product_brand?post=331962"},{"taxonomy":"product_cat","embeddable":true,"href":"https:\/\/hempking.eu\/pl\/wp-json\/wp\/v2\/product_cat?post=331962"},{"taxonomy":"product_tag","embeddable":true,"href":"https:\/\/hempking.eu\/pl\/wp-json\/wp\/v2\/product_tag?post=331962"}],"curies":[{"name":"wp","href":"https:\/\/api.w.org\/{rel}","templated":true}]}}