{"id":47274,"date":"2020-10-15T13:15:20","date_gmt":"2020-10-15T11:15:20","guid":{"rendered":"https:\/\/hempking.eu\/pl\/?post_type=product&#038;p=47274"},"modified":"2026-04-16T09:41:35","modified_gmt":"2026-04-16T07:41:35","slug":"bio-spirulina-120g","status":"publish","type":"product","link":"https:\/\/hempking.eu\/pl\/bio-spirulina-120g\/","title":{"rendered":"BIO Spirulina - 120g Biowen"},"content":{"rendered":"<h2 style=\"text-align: justify;\">BIO Spirulina &#8211; ro\u015blinne \u017ar\u00f3d\u0142o bia\u0142ka<\/h2>\n<p style=\"text-align: justify;\">Spirulina, czyli zielono-niebieskie algi, skrywa w sobie wiele dobrych sk\u0142adnik\u00f3w.<br \/>\nZe wzgl\u0119du na wysokowarto\u015bciowe bia\u0142ko, spirulina jest popularna w diecie wega\u0144skiej i wegetaria\u0144skiej. Dodatkowo pobudza przemian\u0119 materii, zatem jest idealna dla ka\u017cdego, kto dba o lini\u0119.<\/p>\n<p style=\"text-align: justify;\">Bio Spirulina zosta\u0142a szczelnie zamkni\u0119ta w ciemnym szklanym s\u0142oiku, ze stalow\u0105 nakr\u0119tk\u0105. To dzi\u0119ki temu zachowuje swoje w\u0142a\u015bciwo\u015bci, bez obaw o promienie s\u0142oneczne.<\/p>\n<p style=\"text-align: justify;\">Do produktu do\u0142\u0105czyli\u015bmy miark\u0119, kt\u00f3r\u0105 b\u0119dziesz w stanie dok\u0142adnie odmierzy\u0107 swoj\u0105 porcj\u0119 produktu.<\/p>\n<p style=\"text-align: justify;\">Produkt jest w 100% naturalny!<\/p>\n<p style=\"text-align: justify;\">Pami\u0119taj, \u017ce suplementy diety nie zast\u0119puj\u0105 zr\u00f3\u017cnicowanej diety.<br \/>\nPrzechowuj BIO Spirulin\u0119 poza zasi\u0119giem dzieci.<br \/>\nNie nale\u017cy przekracza\u0107 dziennej porcji do spo\u017cycia.<\/p>\n<p><strong>Producent\/ Podmiot odpowiedzialny:<\/strong><\/p>\n<p>Biodio Lab Sp. z o.o.<br \/>\nUl. Choroszcza\u0144ska 24<br \/>\n15-732 Bia\u0142ystok<\/p>\n","protected":false},"excerpt":{"rendered":"<h2><strong>BIO Spirulina to:<\/strong><\/h2>\n<ul>\n<li>certyfikat Ekologiczny<\/li>\n<li>60 g bia\u0142ka na 100 g produktu,<\/li>\n<li>100% naturalny produkt<\/li>\n<li>odpowiedni dla wegan i wegetarian<\/li>\n<\/ul>\n<p><strong>Waga: 120g<\/strong><\/p>\n","protected":false},"featured_media":143702,"template":"","meta":{"_acf_changed":false},"product_brand":[],"product_cat":[130,439,493,437,142,98,446,447,450,452,144,96],"product_tag":[],"class_list":{"0":"post-47274","1":"product","2":"type-product","3":"status-publish","4":"has-post-thumbnail","6":"product_cat-algi-w-proszku","7":"product_cat-biowen","8":"product_cat-suplementy-na-cukrzyce-i-insulinoopornosc","9":"product_cat-marki","10":"product_cat-obnizka-produktow-do-20","11":"product_cat-superfoods","12":"product_cat-suplementy-na-uklad-krazenia","13":"product_cat-suplementy-na-uklad-limfatyczny","14":"product_cat-suplementy-na-uklad-odpornosciowy","15":"product_cat-suplementy-na-uklad-pokarmowy","16":"product_cat-suplementy-i-preparaty-na-dolegliwosci","17":"product_cat-suplementy","19":"first","20":"instock","21":"shipping-taxable","22":"purchasable","23":"product-type-simple"},"acf":[],"yoast_head":"<!-- This site is optimized with the Yoast SEO Premium plugin v24.8 (Yoast SEO v27.3) - https:\/\/yoast.com\/product\/yoast-seo-premium-wordpress\/ -->\n<title>Bio Spirulina | Ro\u015blinne \u017ar\u00f3d\u0142o bia\u0142ka | 100% naturalny - Biowen<\/title>\n<meta name=\"description\" content=\"Bio Spirulina. Spirulina pobudzi Twoj\u0105 przemian\u0119 materii, oczy\u015bci organizm z toksyn i metali ci\u0119\u017ckich. Sprawd\u017a jej dzia\u0142anie !\" \/>\n<meta name=\"robots\" content=\"index, follow\" \/>\n<link rel=\"canonical\" href=\"https:\/\/hempking.eu\/pl\/bio-spirulina-120g\/\" \/>\n<meta property=\"og:locale\" content=\"pl_PL\" \/>\n<meta property=\"og:type\" content=\"article\" \/>\n<meta property=\"og:title\" content=\"BIO Spirulina - 120g Biowen\" \/>\n<meta property=\"og:description\" content=\"Bio Spirulina. Spirulina pobudzi Twoj\u0105 przemian\u0119 materii, oczy\u015bci organizm z toksyn i metali ci\u0119\u017ckich. Sprawd\u017a jej dzia\u0142anie !\" \/>\n<meta property=\"og:url\" content=\"https:\/\/hempking.eu\/pl\/bio-spirulina-120g\/\" \/>\n<meta property=\"og:site_name\" content=\"Hemp King\" \/>\n<meta property=\"article:publisher\" content=\"https:\/\/www.facebook.com\/hempkingpoland\" \/>\n<meta property=\"article:modified_time\" content=\"2026-04-16T07:41:35+00:00\" \/>\n<meta property=\"og:image\" content=\"https:\/\/hempking.eu\/pl\/wp-content\/uploads\/sites\/2\/2020\/10\/bio_spirulina-1.jpg\" \/>\n\t<meta property=\"og:image:width\" content=\"1000\" \/>\n\t<meta property=\"og:image:height\" content=\"1000\" \/>\n\t<meta property=\"og:image:type\" content=\"image\/jpeg\" \/>\n<meta name=\"twitter:card\" content=\"summary_large_image\" \/>\n<meta name=\"twitter:site\" content=\"@hempkingeu\" \/>\n<meta name=\"twitter:label1\" content=\"Cena\" \/>\n\t<meta name=\"twitter:data1\" content=\"39.99&nbsp;&#122;&#322;\" \/>\n\t<meta name=\"twitter:label2\" content=\"Dost\u0119pno\u015b\u0107\" \/>\n\t<meta name=\"twitter:data2\" content=\"Dost\u0119pny\" \/>\n<script type=\"application\/ld+json\" class=\"yoast-schema-graph\">{\"@context\":\"https:\\\/\\\/schema.org\",\"@graph\":[{\"@type\":\"WebPage\",\"@id\":\"https:\\\/\\\/hempking.eu\\\/pl\\\/bio-spirulina-120g\\\/\",\"url\":\"https:\\\/\\\/hempking.eu\\\/pl\\\/bio-spirulina-120g\\\/\",\"name\":\"Bio Spirulina | Ro\u015blinne \u017ar\u00f3d\u0142o bia\u0142ka | 100% naturalny - Biowen\",\"isPartOf\":{\"@id\":\"https:\\\/\\\/hempking.eu\\\/pl\\\/#website\"},\"primaryImageOfPage\":{\"@id\":\"https:\\\/\\\/hempking.eu\\\/pl\\\/bio-spirulina-120g\\\/#primaryimage\"},\"image\":{\"@id\":\"https:\\\/\\\/hempking.eu\\\/pl\\\/bio-spirulina-120g\\\/#primaryimage\"},\"thumbnailUrl\":\"https:\\\/\\\/hempking.eu\\\/pl\\\/wp-content\\\/uploads\\\/sites\\\/2\\\/2020\\\/10\\\/bio_spirulina-1.jpg\",\"datePublished\":\"2020-10-15T11:15:20+00:00\",\"dateModified\":\"2026-04-16T07:41:35+00:00\",\"description\":\"Bio Spirulina. Spirulina pobudzi Twoj\u0105 przemian\u0119 materii, oczy\u015bci organizm z toksyn i metali ci\u0119\u017ckich. Sprawd\u017a jej dzia\u0142anie !\",\"breadcrumb\":{\"@id\":\"https:\\\/\\\/hempking.eu\\\/pl\\\/bio-spirulina-120g\\\/#breadcrumb\"},\"inLanguage\":\"pl-PL\",\"potentialAction\":[{\"@type\":\"ReadAction\",\"target\":[\"https:\\\/\\\/hempking.eu\\\/pl\\\/bio-spirulina-120g\\\/\"]}]},{\"@type\":\"ImageObject\",\"inLanguage\":\"pl-PL\",\"@id\":\"https:\\\/\\\/hempking.eu\\\/pl\\\/bio-spirulina-120g\\\/#primaryimage\",\"url\":\"https:\\\/\\\/hempking.eu\\\/pl\\\/wp-content\\\/uploads\\\/sites\\\/2\\\/2020\\\/10\\\/bio_spirulina-1.jpg\",\"contentUrl\":\"https:\\\/\\\/hempking.eu\\\/pl\\\/wp-content\\\/uploads\\\/sites\\\/2\\\/2020\\\/10\\\/bio_spirulina-1.jpg\",\"width\":1000,\"height\":1000,\"caption\":\"bio spirulina biowen w proszku zamkni\u0119ta w s\u0142oiczku z ciemnego szk\u0142a z metalow\u0105 zakr\u0119tk\u0105\"},{\"@type\":\"BreadcrumbList\",\"@id\":\"https:\\\/\\\/hempking.eu\\\/pl\\\/bio-spirulina-120g\\\/#breadcrumb\",\"itemListElement\":[{\"@type\":\"ListItem\",\"position\":1,\"name\":\"Home\",\"item\":\"https:\\\/\\\/hempking.eu\\\/pl\\\/\"},{\"@type\":\"ListItem\",\"position\":2,\"name\":\"Sklep\",\"item\":\"https:\\\/\\\/hempking.eu\\\/pl\\\/shop\\\/\"},{\"@type\":\"ListItem\",\"position\":3,\"name\":\"Suplementy wed\u0142ug rodzaju\",\"item\":\"https:\\\/\\\/hempking.eu\\\/pl\\\/suplementy-wedlug-rodzaju\\\/\"},{\"@type\":\"ListItem\",\"position\":4,\"name\":\"Algi\",\"item\":\"https:\\\/\\\/hempking.eu\\\/pl\\\/algi-w-proszku\\\/\"},{\"@type\":\"ListItem\",\"position\":5,\"name\":\"BIO Spirulina - 120g Biowen\"}]},{\"@type\":\"WebSite\",\"@id\":\"https:\\\/\\\/hempking.eu\\\/pl\\\/#website\",\"url\":\"https:\\\/\\\/hempking.eu\\\/pl\\\/\",\"name\":\"Hemp King\",\"description\":\"\",\"publisher\":{\"@id\":\"https:\\\/\\\/hempking.eu\\\/pl\\\/#organization\"},\"potentialAction\":[{\"@type\":\"SearchAction\",\"target\":{\"@type\":\"EntryPoint\",\"urlTemplate\":\"https:\\\/\\\/hempking.eu\\\/pl\\\/?s={search_term_string}\"},\"query-input\":{\"@type\":\"PropertyValueSpecification\",\"valueRequired\":true,\"valueName\":\"search_term_string\"}}],\"inLanguage\":\"pl-PL\"},{\"@type\":\"Organization\",\"@id\":\"https:\\\/\\\/hempking.eu\\\/pl\\\/#organization\",\"name\":\"Hemp King\",\"url\":\"https:\\\/\\\/hempking.eu\\\/pl\\\/\",\"logo\":{\"@type\":\"ImageObject\",\"inLanguage\":\"pl-PL\",\"@id\":\"https:\\\/\\\/hempking.eu\\\/pl\\\/#\\\/schema\\\/logo\\\/image\\\/\",\"url\":\"https:\\\/\\\/hempking.eu\\\/pl\\\/wp-content\\\/uploads\\\/sites\\\/2\\\/2020\\\/05\\\/hempking.png\",\"contentUrl\":\"https:\\\/\\\/hempking.eu\\\/pl\\\/wp-content\\\/uploads\\\/sites\\\/2\\\/2020\\\/05\\\/hempking.png\",\"width\":148,\"height\":91,\"caption\":\"Hemp King\"},\"image\":{\"@id\":\"https:\\\/\\\/hempking.eu\\\/pl\\\/#\\\/schema\\\/logo\\\/image\\\/\"},\"sameAs\":[\"https:\\\/\\\/www.facebook.com\\\/hempkingpoland\",\"https:\\\/\\\/x.com\\\/hempkingeu\",\"https:\\\/\\\/www.instagram.com\\\/hempkingeu\\\/\",\"https:\\\/\\\/www.linkedin.com\\\/company\\\/hempking-eu\\\/mycompany\\\/\",\"https:\\\/\\\/pl.pinterest.com\\\/hempkingeu\\\/\",\"https:\\\/\\\/www.youtube.com\\\/channel\\\/UCUkeZA1fj4hSZfoYm0WpZ7w\"]}]}<\/script>\n<meta property=\"product:price:amount\" content=\"39.99\" \/>\n<meta property=\"product:price:currency\" content=\"PLN\" \/>\n<meta property=\"og:availability\" content=\"instock\" \/>\n<meta property=\"product:availability\" content=\"instock\" \/>\n<meta property=\"product:retailer_item_id\" content=\"5903636627373\" \/>\n<meta property=\"product:condition\" content=\"new\" \/>\n<!-- \/ Yoast SEO Premium plugin. -->","yoast_head_json":{"title":"Bio Spirulina | Ro\u015blinne \u017ar\u00f3d\u0142o bia\u0142ka | 100% naturalny - Biowen","description":"Bio Spirulina. Spirulina pobudzi Twoj\u0105 przemian\u0119 materii, oczy\u015bci organizm z toksyn i metali ci\u0119\u017ckich. Sprawd\u017a jej dzia\u0142anie !","robots":{"index":"index","follow":"follow"},"canonical":"https:\/\/hempking.eu\/pl\/bio-spirulina-120g\/","og_locale":"pl_PL","og_type":"article","og_title":"BIO Spirulina - 120g Biowen","og_description":"Bio Spirulina. Spirulina pobudzi Twoj\u0105 przemian\u0119 materii, oczy\u015bci organizm z toksyn i metali ci\u0119\u017ckich. Sprawd\u017a jej dzia\u0142anie !","og_url":"https:\/\/hempking.eu\/pl\/bio-spirulina-120g\/","og_site_name":"Hemp King","article_publisher":"https:\/\/www.facebook.com\/hempkingpoland","article_modified_time":"2026-04-16T07:41:35+00:00","og_image":[{"width":1000,"height":1000,"url":"https:\/\/hempking.eu\/pl\/wp-content\/uploads\/sites\/2\/2020\/10\/bio_spirulina-1.jpg","type":"image\/jpeg"}],"twitter_card":"summary_large_image","twitter_site":"@hempkingeu","twitter_misc":{"Cena":"39.99&nbsp;&#122;&#322;","Dost\u0119pno\u015b\u0107":"Dost\u0119pny"},"schema":{"@context":"https:\/\/schema.org","@graph":[{"@type":"WebPage","@id":"https:\/\/hempking.eu\/pl\/bio-spirulina-120g\/","url":"https:\/\/hempking.eu\/pl\/bio-spirulina-120g\/","name":"Bio Spirulina | Ro\u015blinne \u017ar\u00f3d\u0142o bia\u0142ka | 100% naturalny - Biowen","isPartOf":{"@id":"https:\/\/hempking.eu\/pl\/#website"},"primaryImageOfPage":{"@id":"https:\/\/hempking.eu\/pl\/bio-spirulina-120g\/#primaryimage"},"image":{"@id":"https:\/\/hempking.eu\/pl\/bio-spirulina-120g\/#primaryimage"},"thumbnailUrl":"https:\/\/hempking.eu\/pl\/wp-content\/uploads\/sites\/2\/2020\/10\/bio_spirulina-1.jpg","datePublished":"2020-10-15T11:15:20+00:00","dateModified":"2026-04-16T07:41:35+00:00","description":"Bio Spirulina. Spirulina pobudzi Twoj\u0105 przemian\u0119 materii, oczy\u015bci organizm z toksyn i metali ci\u0119\u017ckich. Sprawd\u017a jej dzia\u0142anie !","breadcrumb":{"@id":"https:\/\/hempking.eu\/pl\/bio-spirulina-120g\/#breadcrumb"},"inLanguage":"pl-PL","potentialAction":[{"@type":"ReadAction","target":["https:\/\/hempking.eu\/pl\/bio-spirulina-120g\/"]}]},{"@type":"ImageObject","inLanguage":"pl-PL","@id":"https:\/\/hempking.eu\/pl\/bio-spirulina-120g\/#primaryimage","url":"https:\/\/hempking.eu\/pl\/wp-content\/uploads\/sites\/2\/2020\/10\/bio_spirulina-1.jpg","contentUrl":"https:\/\/hempking.eu\/pl\/wp-content\/uploads\/sites\/2\/2020\/10\/bio_spirulina-1.jpg","width":1000,"height":1000,"caption":"bio spirulina biowen w proszku zamkni\u0119ta w s\u0142oiczku z ciemnego szk\u0142a z metalow\u0105 zakr\u0119tk\u0105"},{"@type":"BreadcrumbList","@id":"https:\/\/hempking.eu\/pl\/bio-spirulina-120g\/#breadcrumb","itemListElement":[{"@type":"ListItem","position":1,"name":"Home","item":"https:\/\/hempking.eu\/pl\/"},{"@type":"ListItem","position":2,"name":"Sklep","item":"https:\/\/hempking.eu\/pl\/shop\/"},{"@type":"ListItem","position":3,"name":"Suplementy wed\u0142ug rodzaju","item":"https:\/\/hempking.eu\/pl\/suplementy-wedlug-rodzaju\/"},{"@type":"ListItem","position":4,"name":"Algi","item":"https:\/\/hempking.eu\/pl\/algi-w-proszku\/"},{"@type":"ListItem","position":5,"name":"BIO Spirulina - 120g Biowen"}]},{"@type":"WebSite","@id":"https:\/\/hempking.eu\/pl\/#website","url":"https:\/\/hempking.eu\/pl\/","name":"Hemp King","description":"","publisher":{"@id":"https:\/\/hempking.eu\/pl\/#organization"},"potentialAction":[{"@type":"SearchAction","target":{"@type":"EntryPoint","urlTemplate":"https:\/\/hempking.eu\/pl\/?s={search_term_string}"},"query-input":{"@type":"PropertyValueSpecification","valueRequired":true,"valueName":"search_term_string"}}],"inLanguage":"pl-PL"},{"@type":"Organization","@id":"https:\/\/hempking.eu\/pl\/#organization","name":"Hemp King","url":"https:\/\/hempking.eu\/pl\/","logo":{"@type":"ImageObject","inLanguage":"pl-PL","@id":"https:\/\/hempking.eu\/pl\/#\/schema\/logo\/image\/","url":"https:\/\/hempking.eu\/pl\/wp-content\/uploads\/sites\/2\/2020\/05\/hempking.png","contentUrl":"https:\/\/hempking.eu\/pl\/wp-content\/uploads\/sites\/2\/2020\/05\/hempking.png","width":148,"height":91,"caption":"Hemp King"},"image":{"@id":"https:\/\/hempking.eu\/pl\/#\/schema\/logo\/image\/"},"sameAs":["https:\/\/www.facebook.com\/hempkingpoland","https:\/\/x.com\/hempkingeu","https:\/\/www.instagram.com\/hempkingeu\/","https:\/\/www.linkedin.com\/company\/hempking-eu\/mycompany\/","https:\/\/pl.pinterest.com\/hempkingeu\/","https:\/\/www.youtube.com\/channel\/UCUkeZA1fj4hSZfoYm0WpZ7w"]}]},"product_price_amount":"39.99","product_price_currency":"PLN","og_availability":"instock","product_availability":"instock","product_retailer_item_id":"5903636627373","product_condition":"new"},"df_price":39.99,"df_sale_price":"","df_regular_price":39.99,"df_image_link":"https:\/\/hempking.eu\/pl\/wp-content\/uploads\/sites\/2\/2020\/10\/bio_spirulina-1-300x300.jpg","_links":{"self":[{"href":"https:\/\/hempking.eu\/pl\/wp-json\/wp\/v2\/product\/47274","targetHints":{"allow":["GET"]}}],"collection":[{"href":"https:\/\/hempking.eu\/pl\/wp-json\/wp\/v2\/product"}],"about":[{"href":"https:\/\/hempking.eu\/pl\/wp-json\/wp\/v2\/types\/product"}],"wp:featuredmedia":[{"embeddable":true,"href":"https:\/\/hempking.eu\/pl\/wp-json\/wp\/v2\/media\/143702"}],"wp:attachment":[{"href":"https:\/\/hempking.eu\/pl\/wp-json\/wp\/v2\/media?parent=47274"}],"wp:term":[{"taxonomy":"product_brand","embeddable":true,"href":"https:\/\/hempking.eu\/pl\/wp-json\/wp\/v2\/product_brand?post=47274"},{"taxonomy":"product_cat","embeddable":true,"href":"https:\/\/hempking.eu\/pl\/wp-json\/wp\/v2\/product_cat?post=47274"},{"taxonomy":"product_tag","embeddable":true,"href":"https:\/\/hempking.eu\/pl\/wp-json\/wp\/v2\/product_tag?post=47274"}],"curies":[{"name":"wp","href":"https:\/\/api.w.org\/{rel}","templated":true}]}}