{"id":49692,"date":"2020-11-09T14:57:01","date_gmt":"2020-11-09T13:57:01","guid":{"rendered":"https:\/\/hempking.eu\/pl\/?post_type=product&#038;p=49692"},"modified":"2024-05-08T15:36:32","modified_gmt":"2024-05-08T13:36:32","slug":"koszulka-hempking-z-krotkim-rekawem-roz-m-meska","status":"publish","type":"product","link":"https:\/\/hempking.eu\/pl\/koszulka-hempking-z-krotkim-rekawem-roz-m-meska\/","title":{"rendered":"Koszulka Hempking z kr\u00f3tkim r\u0119kawem, roz. M, m\u0119ska"},"content":{"rendered":"<h2>Koszulka z logo Hempking!<\/h2>\n<p>Koszulka typu t-shirt, rozmiar M, logo z przodu i ty\u0142u koszulki.<\/p>\n","protected":false},"excerpt":{"rendered":"<h2>Koszulka z logo Hempking<\/h2>\n<ul>\n<li>typ: t-shirt<\/li>\n<li>kolor: czarny<\/li>\n<li>materia\u0142: bawe\u0142na<\/li>\n<li>nadruk z przodu i ty\u0142u<\/li>\n<\/ul>\n<p><strong>Rozmiar: M<\/strong><\/p>\n","protected":false},"featured_media":49507,"template":"","meta":{"_acf_changed":false},"product_brand":[],"product_cat":[99],"product_tag":[],"class_list":{"0":"post-49692","1":"product","2":"type-product","3":"status-publish","4":"has-post-thumbnail","6":"product_cat-gadzety","8":"first","9":"outofstock","10":"shipping-taxable","11":"purchasable","12":"product-type-simple"},"acf":[],"yoast_head":"<!-- This site is optimized with the Yoast SEO Premium plugin v24.8 (Yoast SEO v27.3) - https:\/\/yoast.com\/product\/yoast-seo-premium-wordpress\/ -->\n<title>Koszulka Hempking z kr\u00f3tkim r\u0119kawem, roz. M, m\u0119ska - Hemp King<\/title>\n<meta name=\"description\" content=\"Zobacz \u261b Koszulka Hempking z kr\u00f3tkim r\u0119kawem, roz. M, m\u0119ska w konopnym sklepie HempKing \u2705100% naturalne \u2705 Zadbaj z nami o swoj\u0105 diet\u0119!\" \/>\n<meta name=\"robots\" content=\"index, follow\" \/>\n<link rel=\"canonical\" href=\"https:\/\/hempking.eu\/pl\/koszulka-hempking-z-krotkim-rekawem-roz-m-meska\/\" \/>\n<meta property=\"og:locale\" content=\"pl_PL\" \/>\n<meta property=\"og:type\" content=\"article\" \/>\n<meta property=\"og:title\" content=\"Koszulka Hempking z kr\u00f3tkim r\u0119kawem, roz. M, m\u0119ska\" \/>\n<meta property=\"og:description\" content=\"Zobacz \u261b Koszulka Hempking z kr\u00f3tkim r\u0119kawem, roz. M, m\u0119ska w konopnym sklepie HempKing \u2705100% naturalne \u2705 Zadbaj z nami o swoj\u0105 diet\u0119!\" \/>\n<meta property=\"og:url\" content=\"https:\/\/hempking.eu\/pl\/koszulka-hempking-z-krotkim-rekawem-roz-m-meska\/\" \/>\n<meta property=\"og:site_name\" content=\"Hemp King\" \/>\n<meta property=\"article:publisher\" content=\"https:\/\/www.facebook.com\/hempkingpoland\" \/>\n<meta property=\"article:modified_time\" content=\"2024-05-08T13:36:32+00:00\" \/>\n<meta property=\"og:image\" content=\"https:\/\/hempking.eu\/pl\/wp-content\/uploads\/sites\/2\/2020\/11\/koszulka_przod-1.jpg\" \/>\n\t<meta property=\"og:image:width\" content=\"1000\" \/>\n\t<meta property=\"og:image:height\" content=\"1000\" \/>\n\t<meta property=\"og:image:type\" content=\"image\/jpeg\" \/>\n<meta name=\"twitter:card\" content=\"summary_large_image\" \/>\n<meta name=\"twitter:site\" content=\"@hempkingeu\" \/>\n<meta name=\"twitter:label1\" content=\"Cena\" \/>\n\t<meta name=\"twitter:data1\" content=\"65.00&nbsp;&#122;&#322;\" \/>\n\t<meta name=\"twitter:label2\" content=\"Dost\u0119pno\u015b\u0107\" \/>\n\t<meta name=\"twitter:data2\" content=\"Brak w magazynie\" \/>\n<script type=\"application\/ld+json\" class=\"yoast-schema-graph\">{\"@context\":\"https:\\\/\\\/schema.org\",\"@graph\":[{\"@type\":\"WebPage\",\"@id\":\"https:\\\/\\\/hempking.eu\\\/pl\\\/koszulka-hempking-z-krotkim-rekawem-roz-m-meska\\\/\",\"url\":\"https:\\\/\\\/hempking.eu\\\/pl\\\/koszulka-hempking-z-krotkim-rekawem-roz-m-meska\\\/\",\"name\":\"Koszulka Hempking z kr\u00f3tkim r\u0119kawem, roz. M, m\u0119ska - Hemp King\",\"isPartOf\":{\"@id\":\"https:\\\/\\\/hempking.eu\\\/pl\\\/#website\"},\"primaryImageOfPage\":{\"@id\":\"https:\\\/\\\/hempking.eu\\\/pl\\\/koszulka-hempking-z-krotkim-rekawem-roz-m-meska\\\/#primaryimage\"},\"image\":{\"@id\":\"https:\\\/\\\/hempking.eu\\\/pl\\\/koszulka-hempking-z-krotkim-rekawem-roz-m-meska\\\/#primaryimage\"},\"thumbnailUrl\":\"https:\\\/\\\/hempking.eu\\\/pl\\\/wp-content\\\/uploads\\\/sites\\\/2\\\/2020\\\/11\\\/koszulka_przod-1.jpg\",\"datePublished\":\"2020-11-09T13:57:01+00:00\",\"dateModified\":\"2024-05-08T13:36:32+00:00\",\"description\":\"Zobacz \u261b Koszulka Hempking z kr\u00f3tkim r\u0119kawem, roz. M, m\u0119ska w konopnym sklepie HempKing \u2705100% naturalne \u2705 Zadbaj z nami o swoj\u0105 diet\u0119!\",\"breadcrumb\":{\"@id\":\"https:\\\/\\\/hempking.eu\\\/pl\\\/koszulka-hempking-z-krotkim-rekawem-roz-m-meska\\\/#breadcrumb\"},\"inLanguage\":\"pl-PL\",\"potentialAction\":[{\"@type\":\"ReadAction\",\"target\":[\"https:\\\/\\\/hempking.eu\\\/pl\\\/koszulka-hempking-z-krotkim-rekawem-roz-m-meska\\\/\"]}]},{\"@type\":\"ImageObject\",\"inLanguage\":\"pl-PL\",\"@id\":\"https:\\\/\\\/hempking.eu\\\/pl\\\/koszulka-hempking-z-krotkim-rekawem-roz-m-meska\\\/#primaryimage\",\"url\":\"https:\\\/\\\/hempking.eu\\\/pl\\\/wp-content\\\/uploads\\\/sites\\\/2\\\/2020\\\/11\\\/koszulka_przod-1.jpg\",\"contentUrl\":\"https:\\\/\\\/hempking.eu\\\/pl\\\/wp-content\\\/uploads\\\/sites\\\/2\\\/2020\\\/11\\\/koszulka_przod-1.jpg\",\"width\":1000,\"height\":1000,\"caption\":\"t-shirt hempking\"},{\"@type\":\"BreadcrumbList\",\"@id\":\"https:\\\/\\\/hempking.eu\\\/pl\\\/koszulka-hempking-z-krotkim-rekawem-roz-m-meska\\\/#breadcrumb\",\"itemListElement\":[{\"@type\":\"ListItem\",\"position\":1,\"name\":\"Home\",\"item\":\"https:\\\/\\\/hempking.eu\\\/pl\\\/\"},{\"@type\":\"ListItem\",\"position\":2,\"name\":\"Sklep\",\"item\":\"https:\\\/\\\/hempking.eu\\\/pl\\\/shop\\\/\"},{\"@type\":\"ListItem\",\"position\":3,\"name\":\"Akcesoria\",\"item\":\"https:\\\/\\\/hempking.eu\\\/pl\\\/akcesoria\\\/\"},{\"@type\":\"ListItem\",\"position\":4,\"name\":\"Gad\u017cety\",\"item\":\"https:\\\/\\\/hempking.eu\\\/pl\\\/gadzety\\\/\"},{\"@type\":\"ListItem\",\"position\":5,\"name\":\"Koszulka Hempking z kr\u00f3tkim r\u0119kawem, roz. M, m\u0119ska\"}]},{\"@type\":\"WebSite\",\"@id\":\"https:\\\/\\\/hempking.eu\\\/pl\\\/#website\",\"url\":\"https:\\\/\\\/hempking.eu\\\/pl\\\/\",\"name\":\"Hemp King\",\"description\":\"\",\"publisher\":{\"@id\":\"https:\\\/\\\/hempking.eu\\\/pl\\\/#organization\"},\"potentialAction\":[{\"@type\":\"SearchAction\",\"target\":{\"@type\":\"EntryPoint\",\"urlTemplate\":\"https:\\\/\\\/hempking.eu\\\/pl\\\/?s={search_term_string}\"},\"query-input\":{\"@type\":\"PropertyValueSpecification\",\"valueRequired\":true,\"valueName\":\"search_term_string\"}}],\"inLanguage\":\"pl-PL\"},{\"@type\":\"Organization\",\"@id\":\"https:\\\/\\\/hempking.eu\\\/pl\\\/#organization\",\"name\":\"Hemp King\",\"url\":\"https:\\\/\\\/hempking.eu\\\/pl\\\/\",\"logo\":{\"@type\":\"ImageObject\",\"inLanguage\":\"pl-PL\",\"@id\":\"https:\\\/\\\/hempking.eu\\\/pl\\\/#\\\/schema\\\/logo\\\/image\\\/\",\"url\":\"https:\\\/\\\/hempking.eu\\\/pl\\\/wp-content\\\/uploads\\\/sites\\\/2\\\/2020\\\/05\\\/hempking.png\",\"contentUrl\":\"https:\\\/\\\/hempking.eu\\\/pl\\\/wp-content\\\/uploads\\\/sites\\\/2\\\/2020\\\/05\\\/hempking.png\",\"width\":148,\"height\":91,\"caption\":\"Hemp King\"},\"image\":{\"@id\":\"https:\\\/\\\/hempking.eu\\\/pl\\\/#\\\/schema\\\/logo\\\/image\\\/\"},\"sameAs\":[\"https:\\\/\\\/www.facebook.com\\\/hempkingpoland\",\"https:\\\/\\\/x.com\\\/hempkingeu\",\"https:\\\/\\\/www.instagram.com\\\/hempkingeu\\\/\",\"https:\\\/\\\/www.linkedin.com\\\/company\\\/hempking-eu\\\/mycompany\\\/\",\"https:\\\/\\\/pl.pinterest.com\\\/hempkingeu\\\/\",\"https:\\\/\\\/www.youtube.com\\\/channel\\\/UCUkeZA1fj4hSZfoYm0WpZ7w\"]}]}<\/script>\n<meta property=\"product:price:amount\" content=\"65.00\" \/>\n<meta property=\"product:price:currency\" content=\"PLN\" \/>\n<meta property=\"og:availability\" content=\"out of stock\" \/>\n<meta property=\"product:availability\" content=\"out of stock\" \/>\n<meta property=\"product:condition\" content=\"new\" \/>\n<!-- \/ Yoast SEO Premium plugin. -->","yoast_head_json":{"title":"Koszulka Hempking z kr\u00f3tkim r\u0119kawem, roz. M, m\u0119ska - Hemp King","description":"Zobacz \u261b Koszulka Hempking z kr\u00f3tkim r\u0119kawem, roz. M, m\u0119ska w konopnym sklepie HempKing \u2705100% naturalne \u2705 Zadbaj z nami o swoj\u0105 diet\u0119!","robots":{"index":"index","follow":"follow"},"canonical":"https:\/\/hempking.eu\/pl\/koszulka-hempking-z-krotkim-rekawem-roz-m-meska\/","og_locale":"pl_PL","og_type":"article","og_title":"Koszulka Hempking z kr\u00f3tkim r\u0119kawem, roz. M, m\u0119ska","og_description":"Zobacz \u261b Koszulka Hempking z kr\u00f3tkim r\u0119kawem, roz. M, m\u0119ska w konopnym sklepie HempKing \u2705100% naturalne \u2705 Zadbaj z nami o swoj\u0105 diet\u0119!","og_url":"https:\/\/hempking.eu\/pl\/koszulka-hempking-z-krotkim-rekawem-roz-m-meska\/","og_site_name":"Hemp King","article_publisher":"https:\/\/www.facebook.com\/hempkingpoland","article_modified_time":"2024-05-08T13:36:32+00:00","og_image":[{"width":1000,"height":1000,"url":"https:\/\/hempking.eu\/pl\/wp-content\/uploads\/sites\/2\/2020\/11\/koszulka_przod-1.jpg","type":"image\/jpeg"}],"twitter_card":"summary_large_image","twitter_site":"@hempkingeu","twitter_misc":{"Cena":"65.00&nbsp;&#122;&#322;","Dost\u0119pno\u015b\u0107":"Brak w magazynie"},"schema":{"@context":"https:\/\/schema.org","@graph":[{"@type":"WebPage","@id":"https:\/\/hempking.eu\/pl\/koszulka-hempking-z-krotkim-rekawem-roz-m-meska\/","url":"https:\/\/hempking.eu\/pl\/koszulka-hempking-z-krotkim-rekawem-roz-m-meska\/","name":"Koszulka Hempking z kr\u00f3tkim r\u0119kawem, roz. M, m\u0119ska - Hemp King","isPartOf":{"@id":"https:\/\/hempking.eu\/pl\/#website"},"primaryImageOfPage":{"@id":"https:\/\/hempking.eu\/pl\/koszulka-hempking-z-krotkim-rekawem-roz-m-meska\/#primaryimage"},"image":{"@id":"https:\/\/hempking.eu\/pl\/koszulka-hempking-z-krotkim-rekawem-roz-m-meska\/#primaryimage"},"thumbnailUrl":"https:\/\/hempking.eu\/pl\/wp-content\/uploads\/sites\/2\/2020\/11\/koszulka_przod-1.jpg","datePublished":"2020-11-09T13:57:01+00:00","dateModified":"2024-05-08T13:36:32+00:00","description":"Zobacz \u261b Koszulka Hempking z kr\u00f3tkim r\u0119kawem, roz. M, m\u0119ska w konopnym sklepie HempKing \u2705100% naturalne \u2705 Zadbaj z nami o swoj\u0105 diet\u0119!","breadcrumb":{"@id":"https:\/\/hempking.eu\/pl\/koszulka-hempking-z-krotkim-rekawem-roz-m-meska\/#breadcrumb"},"inLanguage":"pl-PL","potentialAction":[{"@type":"ReadAction","target":["https:\/\/hempking.eu\/pl\/koszulka-hempking-z-krotkim-rekawem-roz-m-meska\/"]}]},{"@type":"ImageObject","inLanguage":"pl-PL","@id":"https:\/\/hempking.eu\/pl\/koszulka-hempking-z-krotkim-rekawem-roz-m-meska\/#primaryimage","url":"https:\/\/hempking.eu\/pl\/wp-content\/uploads\/sites\/2\/2020\/11\/koszulka_przod-1.jpg","contentUrl":"https:\/\/hempking.eu\/pl\/wp-content\/uploads\/sites\/2\/2020\/11\/koszulka_przod-1.jpg","width":1000,"height":1000,"caption":"t-shirt hempking"},{"@type":"BreadcrumbList","@id":"https:\/\/hempking.eu\/pl\/koszulka-hempking-z-krotkim-rekawem-roz-m-meska\/#breadcrumb","itemListElement":[{"@type":"ListItem","position":1,"name":"Home","item":"https:\/\/hempking.eu\/pl\/"},{"@type":"ListItem","position":2,"name":"Sklep","item":"https:\/\/hempking.eu\/pl\/shop\/"},{"@type":"ListItem","position":3,"name":"Akcesoria","item":"https:\/\/hempking.eu\/pl\/akcesoria\/"},{"@type":"ListItem","position":4,"name":"Gad\u017cety","item":"https:\/\/hempking.eu\/pl\/gadzety\/"},{"@type":"ListItem","position":5,"name":"Koszulka Hempking z kr\u00f3tkim r\u0119kawem, roz. M, m\u0119ska"}]},{"@type":"WebSite","@id":"https:\/\/hempking.eu\/pl\/#website","url":"https:\/\/hempking.eu\/pl\/","name":"Hemp King","description":"","publisher":{"@id":"https:\/\/hempking.eu\/pl\/#organization"},"potentialAction":[{"@type":"SearchAction","target":{"@type":"EntryPoint","urlTemplate":"https:\/\/hempking.eu\/pl\/?s={search_term_string}"},"query-input":{"@type":"PropertyValueSpecification","valueRequired":true,"valueName":"search_term_string"}}],"inLanguage":"pl-PL"},{"@type":"Organization","@id":"https:\/\/hempking.eu\/pl\/#organization","name":"Hemp King","url":"https:\/\/hempking.eu\/pl\/","logo":{"@type":"ImageObject","inLanguage":"pl-PL","@id":"https:\/\/hempking.eu\/pl\/#\/schema\/logo\/image\/","url":"https:\/\/hempking.eu\/pl\/wp-content\/uploads\/sites\/2\/2020\/05\/hempking.png","contentUrl":"https:\/\/hempking.eu\/pl\/wp-content\/uploads\/sites\/2\/2020\/05\/hempking.png","width":148,"height":91,"caption":"Hemp King"},"image":{"@id":"https:\/\/hempking.eu\/pl\/#\/schema\/logo\/image\/"},"sameAs":["https:\/\/www.facebook.com\/hempkingpoland","https:\/\/x.com\/hempkingeu","https:\/\/www.instagram.com\/hempkingeu\/","https:\/\/www.linkedin.com\/company\/hempking-eu\/mycompany\/","https:\/\/pl.pinterest.com\/hempkingeu\/","https:\/\/www.youtube.com\/channel\/UCUkeZA1fj4hSZfoYm0WpZ7w"]}]},"product_price_amount":"65.00","product_price_currency":"PLN","og_availability":"out of stock","product_availability":"out of stock","product_condition":"new"},"df_price":65,"df_sale_price":"","df_regular_price":65,"df_image_link":"https:\/\/hempking.eu\/pl\/wp-content\/uploads\/sites\/2\/2020\/11\/koszulka_przod-1-300x300.jpg","_links":{"self":[{"href":"https:\/\/hempking.eu\/pl\/wp-json\/wp\/v2\/product\/49692","targetHints":{"allow":["GET"]}}],"collection":[{"href":"https:\/\/hempking.eu\/pl\/wp-json\/wp\/v2\/product"}],"about":[{"href":"https:\/\/hempking.eu\/pl\/wp-json\/wp\/v2\/types\/product"}],"wp:featuredmedia":[{"embeddable":true,"href":"https:\/\/hempking.eu\/pl\/wp-json\/wp\/v2\/media\/49507"}],"wp:attachment":[{"href":"https:\/\/hempking.eu\/pl\/wp-json\/wp\/v2\/media?parent=49692"}],"wp:term":[{"taxonomy":"product_brand","embeddable":true,"href":"https:\/\/hempking.eu\/pl\/wp-json\/wp\/v2\/product_brand?post=49692"},{"taxonomy":"product_cat","embeddable":true,"href":"https:\/\/hempking.eu\/pl\/wp-json\/wp\/v2\/product_cat?post=49692"},{"taxonomy":"product_tag","embeddable":true,"href":"https:\/\/hempking.eu\/pl\/wp-json\/wp\/v2\/product_tag?post=49692"}],"curies":[{"name":"wp","href":"https:\/\/api.w.org\/{rel}","templated":true}]}}