{"id":50261,"date":"2020-11-17T09:12:29","date_gmt":"2020-11-17T08:12:29","guid":{"rendered":"https:\/\/hempking.eu\/pl\/?post_type=product&#038;p=50261"},"modified":"2026-04-18T10:36:30","modified_gmt":"2026-04-18T08:36:30","slug":"ultraodzywczy-konopny-krem-do-rak-z-cbd-o-zapachu-trawy-cytrynowej","status":"publish","type":"product","link":"https:\/\/hempking.eu\/pl\/ultraodzywczy-konopny-krem-do-rak-z-cbd-o-zapachu-trawy-cytrynowej\/","title":{"rendered":"Ultraod\u017cywczy konopny krem do r\u0105k z CBD o zapachu trawy cytrynowej HempKing"},"content":{"rendered":"<h2 style=\"text-align: justify\"><span style=\"font-weight: 400\">Ultraod\u017cywczy krem do r\u0105k konopny o zapachu trawy cytrynowej HempKing<\/span><\/h2>\n<p style=\"text-align: justify\"><span style=\"font-weight: 400\">Twoje d\u0142onie to Twoja wizyt\u00f3wka &#8211; trzeba o nie odpowiednio dba\u0107! A tym mo\u017ce si\u0119 zaj\u0105\u0107 nasz krem konopny do r\u0105k z zapachu trawy cytrynowej. Wyj\u0105tkowe mas\u0142a, oleje i sk\u0142adniki nawil\u017caj\u0105ce, regeneruj\u0105ce i chroni\u0105ce zamkni\u0119te w szklanym s\u0142oiczku &#8211; tak mo\u017cna opisa\u0107 ten konopny krem do r\u0105k o zapachu trawy cytrynowej. Szybko si\u0119 wch\u0142ania i pozostawia sk\u00f3r\u0119 mi\u0119kk\u0105 i g\u0142adk\u0105. A do tego pachnie \u015bwie\u017co, jak poranek na us\u0142anej ros\u0105 \u0142\u0105ce. Krem do r\u0105k konopny o zapachu trawy cytrynowej zyska\u0142 miano ultraod\u017cywczego &#8211; i taki w\u0142a\u015bnie jest. Je\u015bli poszukujesz czego\u015b, co g\u0142\u0119boko od\u017cywi sk\u00f3r\u0119 Twoich d\u0142oni, si\u0119gnij po t\u0119 wersj\u0119 naszego kremu do r\u0105k<\/span><\/p>\n<h2 style=\"text-align: justify\"><span style=\"font-weight: 400\">Dlaczego warto wypr\u00f3bowa\u0107 konopny krem do r\u0105k z traw\u0105 cytrynow\u0105 Hempking?<\/span><\/h2>\n<p style=\"text-align: justify\"><span style=\"font-weight: 400\">Produkt oparty na naturalnych sk\u0142adnikach, jakim jest nasz krem do r\u0105k z CBD i traw\u0105 cytrynow\u0105 to must have w codziennej piel\u0119gnacji d\u0142oni! Ultraod\u017cywczy krem do r\u0105k z CBD i traw\u0105 cytrynow\u0105 wyr\u00f3\u017cnia kilka charakterystycznych cech, kt\u00f3rymi kierowali\u015bmy si\u0119 przy jego tworzeniu:\u00a0<\/span><\/p>\n<ul>\n<li style=\"font-weight: 400;text-align: justify\"><span style=\"font-weight: 400\">moc naturalnych sk\u0142adnik\u00f3w, kt\u00f3re maj\u0105 za zadanie doskonale wesprze\u0107 nawil\u017cenie sk\u00f3ry d\u0142oni,\u00a0<\/span><\/li>\n<li style=\"font-weight: 400;text-align: justify\"><span style=\"font-weight: 400\">mas\u0142a i oleje, kt\u00f3re pochodz\u0105 ze sprawdzonych \u017ar\u00f3de\u0142, nie s\u0105 rafinowane, ale za to s\u0105 na pewno t\u0142oczone na zimno, by zachowa\u0107 pe\u0142ni\u0119 ich w\u0142a\u015bciwo\u015bci,\u00a0<\/span><\/li>\n<li style=\"font-weight: 400;text-align: justify\"><span style=\"font-weight: 400\">s\u0142oiczek z ciemnego szk\u0142a, z kt\u00f3rego wygodnie jest korzysta\u0107, mo\u017cna wydoby\u0107 z niego kosmetyk do ko\u0144ca, i kt\u00f3ry jest zgodny z ide\u0105 less waste &#8211; nie produkuje zb\u0119dnych plastikowych \u015bmieci!<\/span><\/li>\n<li><strong>Producent\/ Podmiot odpowiedzialny:<\/strong>Biodio Lab Sp. z o.o.<br \/>\nUl. Choroszcza\u0144ska 24<br \/>\n15-732 Bia\u0142ystok<\/li>\n<\/ul>\n","protected":false},"excerpt":{"rendered":"<h2><strong>Konopny krem do r\u0105k z CBD:\u00a0<\/strong><\/h2>\n<ul>\n<li>\u00a0100% natury,<\/li>\n<li>\u00a0szklane opakowanie i aluminiowa nakr\u0119tka,<\/li>\n<li>\u00a0zapach trawy cytrynowej.<\/li>\n<\/ul>\n<p><strong>Pojemno\u015b\u0107: 50 ml<\/strong><\/p>\n","protected":false},"featured_media":74207,"template":"","meta":{"_acf_changed":false},"product_brand":[],"product_cat":[438,107,437,141,101,460,28],"product_tag":[],"class_list":{"0":"post-50261","1":"product","2":"type-product","3":"status-publish","4":"has-post-thumbnail","6":"product_cat-hempking","7":"product_cat-krem-do-rak-z-konopi","8":"product_cat-marki","9":"product_cat-obnizka-produktow-do-25","10":"product_cat-last-minute","11":"product_cat-okazje","12":"product_cat-kosmetyki-konopne","14":"first","15":"instock","16":"sale","17":"shipping-taxable","18":"purchasable","19":"product-type-simple"},"acf":[],"yoast_head":"<!-- This site is optimized with the Yoast SEO Premium plugin v24.8 (Yoast SEO v27.3) - https:\/\/yoast.com\/product\/yoast-seo-premium-wordpress\/ -->\n<title>Konopny krem do r\u0105k z CBD Trawa Cytrynowa HempKing<\/title>\n<meta name=\"description\" content=\"Ultraod\u017cywczy konopny krem do r\u0105k z CBD o zapachu trawy cytrynowej. Mocne od\u017cywienie z kremem do r\u0105k z CBD. Kup teraz na hempking.eu!\" \/>\n<meta name=\"robots\" content=\"index, follow\" \/>\n<link rel=\"canonical\" href=\"https:\/\/hempking.eu\/pl\/ultraodzywczy-konopny-krem-do-rak-z-cbd-o-zapachu-trawy-cytrynowej\/\" \/>\n<meta property=\"og:locale\" content=\"pl_PL\" \/>\n<meta property=\"og:type\" content=\"article\" \/>\n<meta property=\"og:title\" content=\"Ultraod\u017cywczy konopny krem do r\u0105k z CBD o zapachu trawy cytrynowej HempKing\" \/>\n<meta property=\"og:description\" content=\"Ultraod\u017cywczy konopny krem do r\u0105k z CBD o zapachu trawy cytrynowej. Mocne od\u017cywienie z kremem do r\u0105k z CBD. Kup teraz na hempking.eu!\" \/>\n<meta property=\"og:url\" content=\"https:\/\/hempking.eu\/pl\/ultraodzywczy-konopny-krem-do-rak-z-cbd-o-zapachu-trawy-cytrynowej\/\" \/>\n<meta property=\"og:site_name\" content=\"Hemp King\" \/>\n<meta property=\"article:publisher\" content=\"https:\/\/www.facebook.com\/hempkingpoland\" \/>\n<meta property=\"article:modified_time\" content=\"2026-04-18T08:36:30+00:00\" \/>\n<meta property=\"og:image\" content=\"https:\/\/hempking.eu\/pl\/wp-content\/uploads\/sites\/2\/2020\/11\/ultraodzywczy-krem-do-rak-4-scaled.jpg\" \/>\n\t<meta property=\"og:image:width\" content=\"2560\" \/>\n\t<meta property=\"og:image:height\" content=\"2560\" \/>\n\t<meta property=\"og:image:type\" content=\"image\/jpeg\" \/>\n<meta name=\"twitter:card\" content=\"summary_large_image\" \/>\n<meta name=\"twitter:site\" content=\"@hempkingeu\" \/>\n<meta name=\"twitter:label1\" content=\"Cena\" \/>\n\t<meta name=\"twitter:data1\" content=\"25.89&nbsp;&#122;&#322;\" \/>\n\t<meta name=\"twitter:label2\" content=\"Dost\u0119pno\u015b\u0107\" \/>\n\t<meta name=\"twitter:data2\" content=\"Dost\u0119pny\" \/>\n<script type=\"application\/ld+json\" class=\"yoast-schema-graph\">{\"@context\":\"https:\\\/\\\/schema.org\",\"@graph\":[{\"@type\":\"WebPage\",\"@id\":\"https:\\\/\\\/hempking.eu\\\/pl\\\/ultraodzywczy-konopny-krem-do-rak-z-cbd-o-zapachu-trawy-cytrynowej\\\/\",\"url\":\"https:\\\/\\\/hempking.eu\\\/pl\\\/ultraodzywczy-konopny-krem-do-rak-z-cbd-o-zapachu-trawy-cytrynowej\\\/\",\"name\":\"Konopny krem do r\u0105k z CBD Trawa Cytrynowa HempKing\",\"isPartOf\":{\"@id\":\"https:\\\/\\\/hempking.eu\\\/pl\\\/#website\"},\"primaryImageOfPage\":{\"@id\":\"https:\\\/\\\/hempking.eu\\\/pl\\\/ultraodzywczy-konopny-krem-do-rak-z-cbd-o-zapachu-trawy-cytrynowej\\\/#primaryimage\"},\"image\":{\"@id\":\"https:\\\/\\\/hempking.eu\\\/pl\\\/ultraodzywczy-konopny-krem-do-rak-z-cbd-o-zapachu-trawy-cytrynowej\\\/#primaryimage\"},\"thumbnailUrl\":\"https:\\\/\\\/hempking.eu\\\/pl\\\/wp-content\\\/uploads\\\/sites\\\/2\\\/2020\\\/11\\\/ultraodzywczy-krem-do-rak-4-scaled.jpg\",\"datePublished\":\"2020-11-17T08:12:29+00:00\",\"dateModified\":\"2026-04-18T08:36:30+00:00\",\"description\":\"Ultraod\u017cywczy konopny krem do r\u0105k z CBD o zapachu trawy cytrynowej. Mocne od\u017cywienie z kremem do r\u0105k z CBD. Kup teraz na hempking.eu!\",\"breadcrumb\":{\"@id\":\"https:\\\/\\\/hempking.eu\\\/pl\\\/ultraodzywczy-konopny-krem-do-rak-z-cbd-o-zapachu-trawy-cytrynowej\\\/#breadcrumb\"},\"inLanguage\":\"pl-PL\",\"potentialAction\":[{\"@type\":\"ReadAction\",\"target\":[\"https:\\\/\\\/hempking.eu\\\/pl\\\/ultraodzywczy-konopny-krem-do-rak-z-cbd-o-zapachu-trawy-cytrynowej\\\/\"]}]},{\"@type\":\"ImageObject\",\"inLanguage\":\"pl-PL\",\"@id\":\"https:\\\/\\\/hempking.eu\\\/pl\\\/ultraodzywczy-konopny-krem-do-rak-z-cbd-o-zapachu-trawy-cytrynowej\\\/#primaryimage\",\"url\":\"https:\\\/\\\/hempking.eu\\\/pl\\\/wp-content\\\/uploads\\\/sites\\\/2\\\/2020\\\/11\\\/ultraodzywczy-krem-do-rak-4-scaled.jpg\",\"contentUrl\":\"https:\\\/\\\/hempking.eu\\\/pl\\\/wp-content\\\/uploads\\\/sites\\\/2\\\/2020\\\/11\\\/ultraodzywczy-krem-do-rak-4-scaled.jpg\",\"width\":2560,\"height\":2560,\"caption\":\"ultraod\u017cywczy krem do r\u0105k hempking\"},{\"@type\":\"BreadcrumbList\",\"@id\":\"https:\\\/\\\/hempking.eu\\\/pl\\\/ultraodzywczy-konopny-krem-do-rak-z-cbd-o-zapachu-trawy-cytrynowej\\\/#breadcrumb\",\"itemListElement\":[{\"@type\":\"ListItem\",\"position\":1,\"name\":\"Home\",\"item\":\"https:\\\/\\\/hempking.eu\\\/pl\\\/\"},{\"@type\":\"ListItem\",\"position\":2,\"name\":\"Sklep\",\"item\":\"https:\\\/\\\/hempking.eu\\\/pl\\\/shop\\\/\"},{\"@type\":\"ListItem\",\"position\":3,\"name\":\"\ud83e\uddf4Kosmetyki konopne\",\"item\":\"https:\\\/\\\/hempking.eu\\\/pl\\\/kosmetyki-konopne\\\/\"},{\"@type\":\"ListItem\",\"position\":4,\"name\":\"Ultraod\u017cywczy konopny krem do r\u0105k z CBD o zapachu trawy cytrynowej HempKing\"}]},{\"@type\":\"WebSite\",\"@id\":\"https:\\\/\\\/hempking.eu\\\/pl\\\/#website\",\"url\":\"https:\\\/\\\/hempking.eu\\\/pl\\\/\",\"name\":\"Hemp King\",\"description\":\"\",\"publisher\":{\"@id\":\"https:\\\/\\\/hempking.eu\\\/pl\\\/#organization\"},\"potentialAction\":[{\"@type\":\"SearchAction\",\"target\":{\"@type\":\"EntryPoint\",\"urlTemplate\":\"https:\\\/\\\/hempking.eu\\\/pl\\\/?s={search_term_string}\"},\"query-input\":{\"@type\":\"PropertyValueSpecification\",\"valueRequired\":true,\"valueName\":\"search_term_string\"}}],\"inLanguage\":\"pl-PL\"},{\"@type\":\"Organization\",\"@id\":\"https:\\\/\\\/hempking.eu\\\/pl\\\/#organization\",\"name\":\"Hemp King\",\"url\":\"https:\\\/\\\/hempking.eu\\\/pl\\\/\",\"logo\":{\"@type\":\"ImageObject\",\"inLanguage\":\"pl-PL\",\"@id\":\"https:\\\/\\\/hempking.eu\\\/pl\\\/#\\\/schema\\\/logo\\\/image\\\/\",\"url\":\"https:\\\/\\\/hempking.eu\\\/pl\\\/wp-content\\\/uploads\\\/sites\\\/2\\\/2020\\\/05\\\/hempking.png\",\"contentUrl\":\"https:\\\/\\\/hempking.eu\\\/pl\\\/wp-content\\\/uploads\\\/sites\\\/2\\\/2020\\\/05\\\/hempking.png\",\"width\":148,\"height\":91,\"caption\":\"Hemp King\"},\"image\":{\"@id\":\"https:\\\/\\\/hempking.eu\\\/pl\\\/#\\\/schema\\\/logo\\\/image\\\/\"},\"sameAs\":[\"https:\\\/\\\/www.facebook.com\\\/hempkingpoland\",\"https:\\\/\\\/x.com\\\/hempkingeu\",\"https:\\\/\\\/www.instagram.com\\\/hempkingeu\\\/\",\"https:\\\/\\\/www.linkedin.com\\\/company\\\/hempking-eu\\\/mycompany\\\/\",\"https:\\\/\\\/pl.pinterest.com\\\/hempkingeu\\\/\",\"https:\\\/\\\/www.youtube.com\\\/channel\\\/UCUkeZA1fj4hSZfoYm0WpZ7w\"]}]}<\/script>\n<meta property=\"product:price:amount\" content=\"25.89\" \/>\n<meta property=\"product:price:currency\" content=\"PLN\" \/>\n<meta property=\"og:availability\" content=\"instock\" \/>\n<meta property=\"product:availability\" content=\"instock\" \/>\n<meta property=\"product:retailer_item_id\" content=\"5903636627281\" \/>\n<meta property=\"product:condition\" content=\"new\" \/>\n<!-- \/ Yoast SEO Premium plugin. -->","yoast_head_json":{"title":"Konopny krem do r\u0105k z CBD Trawa Cytrynowa HempKing","description":"Ultraod\u017cywczy konopny krem do r\u0105k z CBD o zapachu trawy cytrynowej. Mocne od\u017cywienie z kremem do r\u0105k z CBD. Kup teraz na hempking.eu!","robots":{"index":"index","follow":"follow"},"canonical":"https:\/\/hempking.eu\/pl\/ultraodzywczy-konopny-krem-do-rak-z-cbd-o-zapachu-trawy-cytrynowej\/","og_locale":"pl_PL","og_type":"article","og_title":"Ultraod\u017cywczy konopny krem do r\u0105k z CBD o zapachu trawy cytrynowej HempKing","og_description":"Ultraod\u017cywczy konopny krem do r\u0105k z CBD o zapachu trawy cytrynowej. Mocne od\u017cywienie z kremem do r\u0105k z CBD. Kup teraz na hempking.eu!","og_url":"https:\/\/hempking.eu\/pl\/ultraodzywczy-konopny-krem-do-rak-z-cbd-o-zapachu-trawy-cytrynowej\/","og_site_name":"Hemp King","article_publisher":"https:\/\/www.facebook.com\/hempkingpoland","article_modified_time":"2026-04-18T08:36:30+00:00","og_image":[{"width":2560,"height":2560,"url":"https:\/\/hempking.eu\/pl\/wp-content\/uploads\/sites\/2\/2020\/11\/ultraodzywczy-krem-do-rak-4-scaled.jpg","type":"image\/jpeg"}],"twitter_card":"summary_large_image","twitter_site":"@hempkingeu","twitter_misc":{"Cena":"25.89&nbsp;&#122;&#322;","Dost\u0119pno\u015b\u0107":"Dost\u0119pny"},"schema":{"@context":"https:\/\/schema.org","@graph":[{"@type":"WebPage","@id":"https:\/\/hempking.eu\/pl\/ultraodzywczy-konopny-krem-do-rak-z-cbd-o-zapachu-trawy-cytrynowej\/","url":"https:\/\/hempking.eu\/pl\/ultraodzywczy-konopny-krem-do-rak-z-cbd-o-zapachu-trawy-cytrynowej\/","name":"Konopny krem do r\u0105k z CBD Trawa Cytrynowa HempKing","isPartOf":{"@id":"https:\/\/hempking.eu\/pl\/#website"},"primaryImageOfPage":{"@id":"https:\/\/hempking.eu\/pl\/ultraodzywczy-konopny-krem-do-rak-z-cbd-o-zapachu-trawy-cytrynowej\/#primaryimage"},"image":{"@id":"https:\/\/hempking.eu\/pl\/ultraodzywczy-konopny-krem-do-rak-z-cbd-o-zapachu-trawy-cytrynowej\/#primaryimage"},"thumbnailUrl":"https:\/\/hempking.eu\/pl\/wp-content\/uploads\/sites\/2\/2020\/11\/ultraodzywczy-krem-do-rak-4-scaled.jpg","datePublished":"2020-11-17T08:12:29+00:00","dateModified":"2026-04-18T08:36:30+00:00","description":"Ultraod\u017cywczy konopny krem do r\u0105k z CBD o zapachu trawy cytrynowej. Mocne od\u017cywienie z kremem do r\u0105k z CBD. Kup teraz na hempking.eu!","breadcrumb":{"@id":"https:\/\/hempking.eu\/pl\/ultraodzywczy-konopny-krem-do-rak-z-cbd-o-zapachu-trawy-cytrynowej\/#breadcrumb"},"inLanguage":"pl-PL","potentialAction":[{"@type":"ReadAction","target":["https:\/\/hempking.eu\/pl\/ultraodzywczy-konopny-krem-do-rak-z-cbd-o-zapachu-trawy-cytrynowej\/"]}]},{"@type":"ImageObject","inLanguage":"pl-PL","@id":"https:\/\/hempking.eu\/pl\/ultraodzywczy-konopny-krem-do-rak-z-cbd-o-zapachu-trawy-cytrynowej\/#primaryimage","url":"https:\/\/hempking.eu\/pl\/wp-content\/uploads\/sites\/2\/2020\/11\/ultraodzywczy-krem-do-rak-4-scaled.jpg","contentUrl":"https:\/\/hempking.eu\/pl\/wp-content\/uploads\/sites\/2\/2020\/11\/ultraodzywczy-krem-do-rak-4-scaled.jpg","width":2560,"height":2560,"caption":"ultraod\u017cywczy krem do r\u0105k hempking"},{"@type":"BreadcrumbList","@id":"https:\/\/hempking.eu\/pl\/ultraodzywczy-konopny-krem-do-rak-z-cbd-o-zapachu-trawy-cytrynowej\/#breadcrumb","itemListElement":[{"@type":"ListItem","position":1,"name":"Home","item":"https:\/\/hempking.eu\/pl\/"},{"@type":"ListItem","position":2,"name":"Sklep","item":"https:\/\/hempking.eu\/pl\/shop\/"},{"@type":"ListItem","position":3,"name":"\ud83e\uddf4Kosmetyki konopne","item":"https:\/\/hempking.eu\/pl\/kosmetyki-konopne\/"},{"@type":"ListItem","position":4,"name":"Ultraod\u017cywczy konopny krem do r\u0105k z CBD o zapachu trawy cytrynowej HempKing"}]},{"@type":"WebSite","@id":"https:\/\/hempking.eu\/pl\/#website","url":"https:\/\/hempking.eu\/pl\/","name":"Hemp King","description":"","publisher":{"@id":"https:\/\/hempking.eu\/pl\/#organization"},"potentialAction":[{"@type":"SearchAction","target":{"@type":"EntryPoint","urlTemplate":"https:\/\/hempking.eu\/pl\/?s={search_term_string}"},"query-input":{"@type":"PropertyValueSpecification","valueRequired":true,"valueName":"search_term_string"}}],"inLanguage":"pl-PL"},{"@type":"Organization","@id":"https:\/\/hempking.eu\/pl\/#organization","name":"Hemp King","url":"https:\/\/hempking.eu\/pl\/","logo":{"@type":"ImageObject","inLanguage":"pl-PL","@id":"https:\/\/hempking.eu\/pl\/#\/schema\/logo\/image\/","url":"https:\/\/hempking.eu\/pl\/wp-content\/uploads\/sites\/2\/2020\/05\/hempking.png","contentUrl":"https:\/\/hempking.eu\/pl\/wp-content\/uploads\/sites\/2\/2020\/05\/hempking.png","width":148,"height":91,"caption":"Hemp King"},"image":{"@id":"https:\/\/hempking.eu\/pl\/#\/schema\/logo\/image\/"},"sameAs":["https:\/\/www.facebook.com\/hempkingpoland","https:\/\/x.com\/hempkingeu","https:\/\/www.instagram.com\/hempkingeu\/","https:\/\/www.linkedin.com\/company\/hempking-eu\/mycompany\/","https:\/\/pl.pinterest.com\/hempkingeu\/","https:\/\/www.youtube.com\/channel\/UCUkeZA1fj4hSZfoYm0WpZ7w"]}]},"product_price_amount":"25.89","product_price_currency":"PLN","og_availability":"instock","product_availability":"instock","product_retailer_item_id":"5903636627281","product_condition":"new"},"df_price":25.89,"df_sale_price":25.89,"df_regular_price":36.99,"df_image_link":"https:\/\/hempking.eu\/pl\/wp-content\/uploads\/sites\/2\/2020\/11\/ultraodzywczy-krem-do-rak-4-300x300.jpg","_links":{"self":[{"href":"https:\/\/hempking.eu\/pl\/wp-json\/wp\/v2\/product\/50261","targetHints":{"allow":["GET"]}}],"collection":[{"href":"https:\/\/hempking.eu\/pl\/wp-json\/wp\/v2\/product"}],"about":[{"href":"https:\/\/hempking.eu\/pl\/wp-json\/wp\/v2\/types\/product"}],"wp:featuredmedia":[{"embeddable":true,"href":"https:\/\/hempking.eu\/pl\/wp-json\/wp\/v2\/media\/74207"}],"wp:attachment":[{"href":"https:\/\/hempking.eu\/pl\/wp-json\/wp\/v2\/media?parent=50261"}],"wp:term":[{"taxonomy":"product_brand","embeddable":true,"href":"https:\/\/hempking.eu\/pl\/wp-json\/wp\/v2\/product_brand?post=50261"},{"taxonomy":"product_cat","embeddable":true,"href":"https:\/\/hempking.eu\/pl\/wp-json\/wp\/v2\/product_cat?post=50261"},{"taxonomy":"product_tag","embeddable":true,"href":"https:\/\/hempking.eu\/pl\/wp-json\/wp\/v2\/product_tag?post=50261"}],"curies":[{"name":"wp","href":"https:\/\/api.w.org\/{rel}","templated":true}]}}