{"id":543,"date":"2020-07-07T13:03:11","date_gmt":"2020-07-07T11:03:11","guid":{"rendered":"https:\/\/hempking.eu\/pl\/?post_type=product&#038;p=543"},"modified":"2024-07-05T09:07:19","modified_gmt":"2024-07-05T07:07:19","slug":"olej-cbd-natural-5-500mg-10ml","status":"publish","type":"product","link":"https:\/\/hempking.eu\/pl\/olej-cbd-natural-5-500mg-10ml\/","title":{"rendered":"Olej CBD 5% + CBDA, CBC, CBGA, CBG, CBDV, CBN Natural 500 mg - 10ml"},"content":{"rendered":"<h2 style=\"text-align: justify;\">Olej konopny Natural 5% &#8211; 500 mg fitosk\u0142adnika zamkni\u0119te w 10 ml<\/h2>\n<p style=\"text-align: justify;\"><strong>Bestsellerowy olej CBD 5% Natural z naturalnie wyst\u0119puj\u0105cymi fitosk\u0142adnikami<\/strong>\u00a0to nasz sztandarowy produkt! Ten suplement diety dostarczy Ci mi\u0119dzy innymi minimum <strong>500 mg naturalnego fitosk\u0142adnika<\/strong> oraz pe\u0142nego spektrum innych fitosk\u0142adnik\u00f3w.<\/p>\n<p style=\"text-align: justify;\">W naszym <strong>olejku z fitosk\u0142adnikami 5% Natural <\/strong>\u00a0znajdziesz wszystkie sk\u0142adniki, kt\u00f3re wyst\u0119puj\u0105 naturalnie w konopiach: fenole, terpeny i flawonoidy, a tak\u017ce nienasycone kwasy t\u0142uszczowe omega-3, omega-6 i omega-9.<\/p>\n<h2 style=\"text-align: justify;\">Co wyr\u00f3\u017cnia nasz olej konopny 500 mg?<\/h2>\n<p style=\"text-align: justify;\"><strong>Wysokie st\u0119\u017cenie na kropl\u0119 produktu<br \/>\nOleje CBD Hempking z naturalnie wyst\u0119puj\u0105cymi w konopiach zwi\u0105zkami<\/strong> to <strong>wysoki procent st\u0119\u017cenia na kropl\u0119 produktu<\/strong>. Co to oznacza? Hempking oferuje produkty w korzystnej cenie za <strong>fitosk\u0142adnik na 1 mg<\/strong>. W kropli olejku konopnego <strong>o st\u0119\u017ceniu 5%<\/strong>\u00a0znajduje si\u0119 <strong>ponad 2,5 mg fitosk\u0142adnika<\/strong>, a dodatkowo pozosta\u0142e fitosk\u0142adniki z konopi, jak fenole, terpeny i flawonoidy. Je\u015bli chcesz spo\u017cy\u0107 wybran\u0105 porcj\u0119 miligram\u00f3w fitosk\u0142adnik\u00f3w, wybieraj\u0105c produkty konopne Hempking, dzi\u0119ki wysokiemu st\u0119\u017ceniu na 1 kropl\u0119, zu\u017cyjesz mniej produktu ni\u017c w przypadku produkt\u00f3w z ni\u017cszym st\u0119\u017ceniem.<\/p>\n<p style=\"text-align: justify;\"><strong>100% natury<\/strong><br \/>\nDo produkcji naszych produkt\u00f3w nie u\u017cywamy sztucznych sk\u0142adnik\u00f3w, izolat\u00f3w czy syntetycznego <strong>fitosk\u0142adnika<\/strong>. Wytwarzamy go nowoczesn\u0105 metod\u0105 ekstrakcji nadkrytycznym CO2, kt\u00f3ra pozwala nam na zachowanie wysokiej jako\u015bci olejku w bezpieczny spos\u00f3b.<\/p>\n<p style=\"text-align: justify;\"><strong>Produkt polski<\/strong><br \/>\nZamkni\u0119te w szklanej buteleczce bogactwo konopi, kt\u00f3re rosn\u0105 w czystych zak\u0105tkach Polski i s\u0105 produkowane w Polsce, to pewno\u015b\u0107, \u017ce wybierasz najlepszy konopny suplement diety dla siebie. Masz te\u017c pewno\u015b\u0107, \u017ce p\u0142acisz za to, czego wymagasz!<\/p>\n<h2 style=\"text-align: justify;\">Jako\u015b\u0107 jest dla nas najwa\u017cniejsza!<\/h2>\n<p style=\"text-align: justify;\"><strong>Olejek konopny CBD 5% w tym te\u017c wszystkie\u00a0 kannabinoidy: CBD, CBDA, CBC, CBGA, CBG, CBDV, CBN <\/strong>jest przebadany pod k\u0105tem zawarto\u015bci naturalnie wyst\u0119puj\u0105cych fitosk\u0142adnik\u00f3w, terpen\u00f3w oraz metali ci\u0119\u017ckich.<\/p>\n<p style=\"text-align: justify;\">Korzystamy ze sprawdzonych upraw konopi do produkcji naszych suplement\u00f3w, \u017cywno\u015bci oraz kosmetyk\u00f3w.<\/p>\n<p style=\"text-align: justify;\"><a href=\"https:\/\/hempking.eu\/pl\/wp-content\/uploads\/sites\/2\/2020\/07\/warunki4-1.jpg\"><img decoding=\"async\" class=\"alignnone wp-image-104414 size-full\" src=\"https:\/\/hempking.eu\/pl\/wp-content\/uploads\/sites\/2\/2020\/07\/warunki4-1.jpg\" alt=\"o\u015bwiadczenia CBD w UE\" width=\"755\" height=\"353\" srcset=\"https:\/\/hempking.eu\/pl\/wp-content\/uploads\/sites\/2\/2020\/07\/warunki4-1.jpg 755w, https:\/\/hempking.eu\/pl\/wp-content\/uploads\/sites\/2\/2020\/07\/warunki4-1-640x299.jpg 640w, https:\/\/hempking.eu\/pl\/wp-content\/uploads\/sites\/2\/2020\/07\/warunki4-1-400x187.jpg 400w\" sizes=\"(max-width: 755px) 100vw, 755px\" \/><\/a><\/p>\n<p style=\"text-align: justify;\"><a href=\"https:\/\/hempking.eu\/pl\/wp-content\/uploads\/sites\/2\/2020\/07\/warunki_4.jpg\"><img decoding=\"async\" class=\"alignnone size-full wp-image-100623\" src=\"https:\/\/hempking.eu\/pl\/wp-content\/uploads\/sites\/2\/2020\/07\/warunki_4.jpg\" alt=\"fito sk\u0142adniki novel food\" width=\"755\" height=\"237\" srcset=\"https:\/\/hempking.eu\/pl\/wp-content\/uploads\/sites\/2\/2020\/07\/warunki_4.jpg 755w, https:\/\/hempking.eu\/pl\/wp-content\/uploads\/sites\/2\/2020\/07\/warunki_4-640x201.jpg 640w, https:\/\/hempking.eu\/pl\/wp-content\/uploads\/sites\/2\/2020\/07\/warunki_4-400x126.jpg 400w\" sizes=\"(max-width: 755px) 100vw, 755px\" \/><\/a><\/p>\n<p style=\"text-align: justify;\"><a href=\"https:\/\/hempking.eu\/pl\/wp-content\/uploads\/sites\/2\/2022\/01\/warunki2.jpg\"><img decoding=\"async\" class=\"alignnone wp-image-85647 size-full\" src=\"https:\/\/hempking.eu\/pl\/wp-content\/uploads\/sites\/2\/2022\/01\/warunki2.jpg\" alt=\"warunki2\" width=\"755\" height=\"307\" srcset=\"https:\/\/hempking.eu\/pl\/wp-content\/uploads\/sites\/2\/2022\/01\/warunki2.jpg 755w, https:\/\/hempking.eu\/pl\/wp-content\/uploads\/sites\/2\/2022\/01\/warunki2-640x260.jpg 640w, https:\/\/hempking.eu\/pl\/wp-content\/uploads\/sites\/2\/2022\/01\/warunki2-400x163.jpg 400w, https:\/\/hempking.eu\/pl\/wp-content\/uploads\/sites\/2\/2022\/01\/warunki2-600x244.jpg 600w\" sizes=\"(max-width: 755px) 100vw, 755px\" \/><\/a><\/p>\n<p><strong>Producent\/ Podmiot odpowiedzialny:<\/strong><\/p>\n<p>Biodio Lab Sp. z o.o.<br \/>\nUl. Choroszcza\u0144ska 24<br \/>\n15-732 Bia\u0142ystok<\/p>\n","protected":false},"excerpt":{"rendered":"<h2><strong>Olejek konopny Natural 5% (500 mg) to:<\/strong><\/h2>\n<ul>\n<li><strong>Minimum 500 mg fitosk\u0142adnika<\/strong><\/li>\n<li><strong>Pe\u0142ne spektrum fitosk\u0142adnik\u00f3w, naturalnie wyst\u0119puj\u0105cych w konopiach: CBD, CBDA, CBC, CBGA, CBG, CBDV, CBN<\/strong><\/li>\n<li><a href=\"https:\/\/hempking.eu\/wp-content\/certificates\/2021.07.27-Biodio-2178-21.pdf\">badania na zawarto\u015b\u0107 fitosk\u0142adnik\u00f3w w olejku konopnych 5%<\/a><\/li>\n<li>Naturalnie wyst\u0119puj\u0105ce w konopiach terpeny, flawonoidy, fenole<\/li>\n<li>Kwasy t\u0142uszczowe: omega-3, omega-6 oraz omega-9<\/li>\n<li><strong>1 kropla \u2013 minimum 2,5 mg fitosk\u0142adnika<\/strong><\/li>\n<li>Produkt poddawany sta\u0142ej kontroli jako\u015bci<\/li>\n<li>Produkowane bez u\u017cycia rozpuszczalnik\u00f3w, wzbogacenia syntetycznego lub krystalicznego fitosk\u0142adnika<\/li>\n<li><strong>100% naturalny<\/strong><\/li>\n<li>butelka to 200 kropli<\/li>\n<li>wystarcza na ok. 2 miesi\u0105ce stosowania<\/li>\n<li><strong>Pojemno\u015b\u0107: 10ml<\/strong><\/li>\n<li><a href=\"https:\/\/hempking.eu\/wp-content\/certificates\/2021.07.27-Biodio-2178-21.pdf\" target=\"_blank\" rel=\"noopener\"><img decoding=\"async\" class=\"alignnone wp-image-87029\" src=\"https:\/\/hempking.eu\/pl\/wp-content\/uploads\/sites\/2\/2020\/07\/olej-5-natural-hempking-badania-zawartosci-fitoskladnikow-.jpg\" alt=\"badanie olejku cbd 5% natural hempking na zawarto\u015b\u0107 fitosk\u0142adnik\u00f3w - Cannalabs by Ekotechlab\" width=\"158\" height=\"79\" \/><\/a><\/li>\n<\/ul>\n","protected":false},"featured_media":91775,"template":"","meta":{"_acf_changed":false},"product_brand":[],"product_cat":[122,438,444,437,38,20,442,446,450,453,96,441],"product_tag":[91],"class_list":{"0":"post-543","1":"product","2":"type-product","3":"status-publish","4":"has-post-thumbnail","6":"product_cat-olej-konopny-full-spectrum","7":"product_cat-hempking","8":"product_cat-kannabinoidy","9":"product_cat-marki","10":"product_cat-olej-cbd-5","11":"product_cat-olej-cbd","12":"product_cat-stezenia","13":"product_cat-suplementy-na-uklad-krazenia","14":"product_cat-suplementy-na-uklad-odpornosciowy","15":"product_cat-suplementy-na-uklad-ruchu","16":"product_cat-suplementy","17":"product_cat-forma","18":"product_tag-home","20":"first","21":"outofstock","22":"sale","23":"shipping-taxable","24":"purchasable","25":"product-type-simple"},"acf":[],"yoast_head":"<!-- This site is optimized with the Yoast SEO Premium plugin v24.8 (Yoast SEO v27.3) - https:\/\/yoast.com\/product\/yoast-seo-premium-wordpress\/ -->\n<title>Olej CBD 5% 500 mg HempKing<\/title>\n<meta name=\"description\" content=\"Olej CBD konopny 5% Natural z 500 mg CBD to bogactwo CBD i innych kannabinoid\u00f3w zanurzone w oleju konopnym. 200 kropli na ok. 2 mc. Kup teraz!\" \/>\n<meta name=\"robots\" content=\"index, follow\" \/>\n<link rel=\"canonical\" href=\"https:\/\/hempking.eu\/pl\/olej-cbd-natural-5-500mg-10ml\/\" \/>\n<meta property=\"og:locale\" content=\"pl_PL\" \/>\n<meta property=\"og:type\" content=\"article\" \/>\n<meta property=\"og:title\" content=\"Olej CBD 5% Natural HempKing\" \/>\n<meta property=\"og:description\" content=\"Olej CBD 5% Natural z 500 mg CBD to bogactwo CBD i innych kannabinoid\u00f3w zanurzone w oleju konopnym. 200 kropli na ok. 2 mc. Kup teraz!\" \/>\n<meta property=\"og:url\" content=\"https:\/\/hempking.eu\/pl\/olej-cbd-natural-5-500mg-10ml\/\" \/>\n<meta property=\"og:site_name\" content=\"Hemp King\" \/>\n<meta property=\"article:publisher\" content=\"https:\/\/www.facebook.com\/hempkingpoland\" \/>\n<meta property=\"article:modified_time\" content=\"2024-07-05T07:07:19+00:00\" \/>\n<meta property=\"og:image\" content=\"https:\/\/hempking.eu\/pl\/wp-content\/uploads\/sites\/2\/2020\/07\/certyfikat11.jpg\" \/>\n\t<meta property=\"og:image:width\" content=\"481\" \/>\n\t<meta property=\"og:image:height\" content=\"608\" \/>\n\t<meta property=\"og:image:type\" content=\"image\/jpeg\" \/>\n<meta name=\"twitter:card\" content=\"summary_large_image\" \/>\n<meta name=\"twitter:title\" content=\"Olej CBD 5% Natural HempKing\" \/>\n<meta name=\"twitter:description\" content=\"Olej CBD 5% Natural z 500 mg CBD to bogactwo CBD i innych kannabinoid\u00f3w zanurzone w oleju konopnym. 200 kropli na ok. 2 mc. Kup teraz!\" \/>\n<meta name=\"twitter:image\" content=\"https:\/\/hempking.eu\/pl\/wp-content\/uploads\/sites\/2\/2020\/07\/certyfikat11.jpg\" \/>\n<meta name=\"twitter:site\" content=\"@hempkingeu\" \/>\n<meta name=\"twitter:label1\" content=\"Cena\" \/>\n\t<meta name=\"twitter:data1\" content=\"69.00&nbsp;&#122;&#322;\" \/>\n\t<meta name=\"twitter:label2\" content=\"Dost\u0119pno\u015b\u0107\" \/>\n\t<meta name=\"twitter:data2\" content=\"Brak w magazynie\" \/>\n<script type=\"application\/ld+json\" class=\"yoast-schema-graph\">{\"@context\":\"https:\\\/\\\/schema.org\",\"@graph\":[{\"@type\":[\"WebPage\",\"ItemPage\"],\"@id\":\"https:\\\/\\\/hempking.eu\\\/pl\\\/olej-cbd-natural-5-500mg-10ml\\\/\",\"url\":\"https:\\\/\\\/hempking.eu\\\/pl\\\/olej-cbd-natural-5-500mg-10ml\\\/\",\"name\":\"Olej CBD 5% 500 mg HempKing\",\"isPartOf\":{\"@id\":\"https:\\\/\\\/hempking.eu\\\/pl\\\/#website\"},\"primaryImageOfPage\":{\"@id\":\"https:\\\/\\\/hempking.eu\\\/pl\\\/olej-cbd-natural-5-500mg-10ml\\\/#primaryimage\"},\"image\":{\"@id\":\"https:\\\/\\\/hempking.eu\\\/pl\\\/olej-cbd-natural-5-500mg-10ml\\\/#primaryimage\"},\"thumbnailUrl\":\"https:\\\/\\\/hempking.eu\\\/pl\\\/wp-content\\\/uploads\\\/sites\\\/2\\\/2020\\\/07\\\/olejek_natural.jpg\",\"datePublished\":\"2020-07-07T11:03:11+00:00\",\"dateModified\":\"2024-07-05T07:07:19+00:00\",\"description\":\"Olej CBD konopny 5% Natural z 500 mg CBD to bogactwo CBD i innych kannabinoid\u00f3w zanurzone w oleju konopnym. 200 kropli na ok. 2 mc. Kup teraz!\",\"breadcrumb\":{\"@id\":\"https:\\\/\\\/hempking.eu\\\/pl\\\/olej-cbd-natural-5-500mg-10ml\\\/#breadcrumb\"},\"inLanguage\":\"pl-PL\",\"potentialAction\":[{\"@type\":\"ReadAction\",\"target\":[\"https:\\\/\\\/hempking.eu\\\/pl\\\/olej-cbd-natural-5-500mg-10ml\\\/\"]}]},{\"@type\":\"ImageObject\",\"inLanguage\":\"pl-PL\",\"@id\":\"https:\\\/\\\/hempking.eu\\\/pl\\\/olej-cbd-natural-5-500mg-10ml\\\/#primaryimage\",\"url\":\"https:\\\/\\\/hempking.eu\\\/pl\\\/wp-content\\\/uploads\\\/sites\\\/2\\\/2020\\\/07\\\/olejek_natural.jpg\",\"contentUrl\":\"https:\\\/\\\/hempking.eu\\\/pl\\\/wp-content\\\/uploads\\\/sites\\\/2\\\/2020\\\/07\\\/olejek_natural.jpg\",\"width\":1000,\"height\":1000,\"caption\":\"olej CBD 5% natural\"},{\"@type\":\"BreadcrumbList\",\"@id\":\"https:\\\/\\\/hempking.eu\\\/pl\\\/olej-cbd-natural-5-500mg-10ml\\\/#breadcrumb\",\"itemListElement\":[{\"@type\":\"ListItem\",\"position\":1,\"name\":\"Home\",\"item\":\"https:\\\/\\\/hempking.eu\\\/pl\\\/\"},{\"@type\":\"ListItem\",\"position\":2,\"name\":\"Sklep\",\"item\":\"https:\\\/\\\/hempking.eu\\\/pl\\\/shop\\\/\"},{\"@type\":\"ListItem\",\"position\":3,\"name\":\"Olejki CBD\",\"item\":\"https:\\\/\\\/hempking.eu\\\/pl\\\/olej-cbd\\\/\"},{\"@type\":\"ListItem\",\"position\":4,\"name\":\"Olej CBD 5% + CBDA, CBC, CBGA, CBG, CBDV, CBN Natural 500 mg - 10ml\"}]},{\"@type\":\"WebSite\",\"@id\":\"https:\\\/\\\/hempking.eu\\\/pl\\\/#website\",\"url\":\"https:\\\/\\\/hempking.eu\\\/pl\\\/\",\"name\":\"Hemp King\",\"description\":\"\",\"publisher\":{\"@id\":\"https:\\\/\\\/hempking.eu\\\/pl\\\/#organization\"},\"potentialAction\":[{\"@type\":\"SearchAction\",\"target\":{\"@type\":\"EntryPoint\",\"urlTemplate\":\"https:\\\/\\\/hempking.eu\\\/pl\\\/?s={search_term_string}\"},\"query-input\":{\"@type\":\"PropertyValueSpecification\",\"valueRequired\":true,\"valueName\":\"search_term_string\"}}],\"inLanguage\":\"pl-PL\"},{\"@type\":\"Organization\",\"@id\":\"https:\\\/\\\/hempking.eu\\\/pl\\\/#organization\",\"name\":\"Hemp King\",\"url\":\"https:\\\/\\\/hempking.eu\\\/pl\\\/\",\"logo\":{\"@type\":\"ImageObject\",\"inLanguage\":\"pl-PL\",\"@id\":\"https:\\\/\\\/hempking.eu\\\/pl\\\/#\\\/schema\\\/logo\\\/image\\\/\",\"url\":\"https:\\\/\\\/hempking.eu\\\/pl\\\/wp-content\\\/uploads\\\/sites\\\/2\\\/2020\\\/05\\\/hempking.png\",\"contentUrl\":\"https:\\\/\\\/hempking.eu\\\/pl\\\/wp-content\\\/uploads\\\/sites\\\/2\\\/2020\\\/05\\\/hempking.png\",\"width\":148,\"height\":91,\"caption\":\"Hemp King\"},\"image\":{\"@id\":\"https:\\\/\\\/hempking.eu\\\/pl\\\/#\\\/schema\\\/logo\\\/image\\\/\"},\"sameAs\":[\"https:\\\/\\\/www.facebook.com\\\/hempkingpoland\",\"https:\\\/\\\/x.com\\\/hempkingeu\",\"https:\\\/\\\/www.instagram.com\\\/hempkingeu\\\/\",\"https:\\\/\\\/www.linkedin.com\\\/company\\\/hempking-eu\\\/mycompany\\\/\",\"https:\\\/\\\/pl.pinterest.com\\\/hempkingeu\\\/\",\"https:\\\/\\\/www.youtube.com\\\/channel\\\/UCUkeZA1fj4hSZfoYm0WpZ7w\"]}]}<\/script>\n<meta property=\"product:price:amount\" content=\"69.00\" \/>\n<meta property=\"product:price:currency\" content=\"PLN\" \/>\n<meta property=\"og:availability\" content=\"out of stock\" \/>\n<meta property=\"product:availability\" content=\"out of stock\" \/>\n<meta property=\"product:retailer_item_id\" content=\"5903636627014\" \/>\n<meta property=\"product:condition\" content=\"new\" \/>\n<!-- \/ Yoast SEO Premium plugin. -->","yoast_head_json":{"title":"Olej CBD 5% 500 mg HempKing","description":"Olej CBD konopny 5% Natural z 500 mg CBD to bogactwo CBD i innych kannabinoid\u00f3w zanurzone w oleju konopnym. 200 kropli na ok. 2 mc. Kup teraz!","robots":{"index":"index","follow":"follow"},"canonical":"https:\/\/hempking.eu\/pl\/olej-cbd-natural-5-500mg-10ml\/","og_locale":"pl_PL","og_type":"article","og_title":"Olej CBD 5% Natural HempKing","og_description":"Olej CBD 5% Natural z 500 mg CBD to bogactwo CBD i innych kannabinoid\u00f3w zanurzone w oleju konopnym. 200 kropli na ok. 2 mc. Kup teraz!","og_url":"https:\/\/hempking.eu\/pl\/olej-cbd-natural-5-500mg-10ml\/","og_site_name":"Hemp King","article_publisher":"https:\/\/www.facebook.com\/hempkingpoland","article_modified_time":"2024-07-05T07:07:19+00:00","og_image":[{"width":481,"height":608,"url":"https:\/\/hempking.eu\/pl\/wp-content\/uploads\/sites\/2\/2020\/07\/certyfikat11.jpg","type":"image\/jpeg"}],"twitter_card":"summary_large_image","twitter_title":"Olej CBD 5% Natural HempKing","twitter_description":"Olej CBD 5% Natural z 500 mg CBD to bogactwo CBD i innych kannabinoid\u00f3w zanurzone w oleju konopnym. 200 kropli na ok. 2 mc. Kup teraz!","twitter_image":"https:\/\/hempking.eu\/pl\/wp-content\/uploads\/sites\/2\/2020\/07\/certyfikat11.jpg","twitter_site":"@hempkingeu","twitter_misc":{"Cena":"69.00&nbsp;&#122;&#322;","Dost\u0119pno\u015b\u0107":"Brak w magazynie"},"schema":{"@context":"https:\/\/schema.org","@graph":[{"@type":["WebPage","ItemPage"],"@id":"https:\/\/hempking.eu\/pl\/olej-cbd-natural-5-500mg-10ml\/","url":"https:\/\/hempking.eu\/pl\/olej-cbd-natural-5-500mg-10ml\/","name":"Olej CBD 5% 500 mg HempKing","isPartOf":{"@id":"https:\/\/hempking.eu\/pl\/#website"},"primaryImageOfPage":{"@id":"https:\/\/hempking.eu\/pl\/olej-cbd-natural-5-500mg-10ml\/#primaryimage"},"image":{"@id":"https:\/\/hempking.eu\/pl\/olej-cbd-natural-5-500mg-10ml\/#primaryimage"},"thumbnailUrl":"https:\/\/hempking.eu\/pl\/wp-content\/uploads\/sites\/2\/2020\/07\/olejek_natural.jpg","datePublished":"2020-07-07T11:03:11+00:00","dateModified":"2024-07-05T07:07:19+00:00","description":"Olej CBD konopny 5% Natural z 500 mg CBD to bogactwo CBD i innych kannabinoid\u00f3w zanurzone w oleju konopnym. 200 kropli na ok. 2 mc. Kup teraz!","breadcrumb":{"@id":"https:\/\/hempking.eu\/pl\/olej-cbd-natural-5-500mg-10ml\/#breadcrumb"},"inLanguage":"pl-PL","potentialAction":[{"@type":"ReadAction","target":["https:\/\/hempking.eu\/pl\/olej-cbd-natural-5-500mg-10ml\/"]}]},{"@type":"ImageObject","inLanguage":"pl-PL","@id":"https:\/\/hempking.eu\/pl\/olej-cbd-natural-5-500mg-10ml\/#primaryimage","url":"https:\/\/hempking.eu\/pl\/wp-content\/uploads\/sites\/2\/2020\/07\/olejek_natural.jpg","contentUrl":"https:\/\/hempking.eu\/pl\/wp-content\/uploads\/sites\/2\/2020\/07\/olejek_natural.jpg","width":1000,"height":1000,"caption":"olej CBD 5% natural"},{"@type":"BreadcrumbList","@id":"https:\/\/hempking.eu\/pl\/olej-cbd-natural-5-500mg-10ml\/#breadcrumb","itemListElement":[{"@type":"ListItem","position":1,"name":"Home","item":"https:\/\/hempking.eu\/pl\/"},{"@type":"ListItem","position":2,"name":"Sklep","item":"https:\/\/hempking.eu\/pl\/shop\/"},{"@type":"ListItem","position":3,"name":"Olejki CBD","item":"https:\/\/hempking.eu\/pl\/olej-cbd\/"},{"@type":"ListItem","position":4,"name":"Olej CBD 5% + CBDA, CBC, CBGA, CBG, CBDV, CBN Natural 500 mg - 10ml"}]},{"@type":"WebSite","@id":"https:\/\/hempking.eu\/pl\/#website","url":"https:\/\/hempking.eu\/pl\/","name":"Hemp King","description":"","publisher":{"@id":"https:\/\/hempking.eu\/pl\/#organization"},"potentialAction":[{"@type":"SearchAction","target":{"@type":"EntryPoint","urlTemplate":"https:\/\/hempking.eu\/pl\/?s={search_term_string}"},"query-input":{"@type":"PropertyValueSpecification","valueRequired":true,"valueName":"search_term_string"}}],"inLanguage":"pl-PL"},{"@type":"Organization","@id":"https:\/\/hempking.eu\/pl\/#organization","name":"Hemp King","url":"https:\/\/hempking.eu\/pl\/","logo":{"@type":"ImageObject","inLanguage":"pl-PL","@id":"https:\/\/hempking.eu\/pl\/#\/schema\/logo\/image\/","url":"https:\/\/hempking.eu\/pl\/wp-content\/uploads\/sites\/2\/2020\/05\/hempking.png","contentUrl":"https:\/\/hempking.eu\/pl\/wp-content\/uploads\/sites\/2\/2020\/05\/hempking.png","width":148,"height":91,"caption":"Hemp King"},"image":{"@id":"https:\/\/hempking.eu\/pl\/#\/schema\/logo\/image\/"},"sameAs":["https:\/\/www.facebook.com\/hempkingpoland","https:\/\/x.com\/hempkingeu","https:\/\/www.instagram.com\/hempkingeu\/","https:\/\/www.linkedin.com\/company\/hempking-eu\/mycompany\/","https:\/\/pl.pinterest.com\/hempkingeu\/","https:\/\/www.youtube.com\/channel\/UCUkeZA1fj4hSZfoYm0WpZ7w"]}]},"product_price_amount":"69.00","product_price_currency":"PLN","og_availability":"out of stock","product_availability":"out of stock","product_retailer_item_id":"5903636627014","product_condition":"new"},"df_price":69,"df_sale_price":69,"df_regular_price":109,"df_image_link":"https:\/\/hempking.eu\/pl\/wp-content\/uploads\/sites\/2\/2020\/07\/olejek_natural-300x300.jpg","_links":{"self":[{"href":"https:\/\/hempking.eu\/pl\/wp-json\/wp\/v2\/product\/543","targetHints":{"allow":["GET"]}}],"collection":[{"href":"https:\/\/hempking.eu\/pl\/wp-json\/wp\/v2\/product"}],"about":[{"href":"https:\/\/hempking.eu\/pl\/wp-json\/wp\/v2\/types\/product"}],"wp:featuredmedia":[{"embeddable":true,"href":"https:\/\/hempking.eu\/pl\/wp-json\/wp\/v2\/media\/91775"}],"wp:attachment":[{"href":"https:\/\/hempking.eu\/pl\/wp-json\/wp\/v2\/media?parent=543"}],"wp:term":[{"taxonomy":"product_brand","embeddable":true,"href":"https:\/\/hempking.eu\/pl\/wp-json\/wp\/v2\/product_brand?post=543"},{"taxonomy":"product_cat","embeddable":true,"href":"https:\/\/hempking.eu\/pl\/wp-json\/wp\/v2\/product_cat?post=543"},{"taxonomy":"product_tag","embeddable":true,"href":"https:\/\/hempking.eu\/pl\/wp-json\/wp\/v2\/product_tag?post=543"}],"curies":[{"name":"wp","href":"https:\/\/api.w.org\/{rel}","templated":true}]}}