{"id":545,"date":"2020-07-07T13:11:36","date_gmt":"2020-07-07T11:11:36","guid":{"rendered":"https:\/\/hempking.eu\/pl\/?post_type=product&#038;p=545"},"modified":"2026-04-17T15:44:51","modified_gmt":"2026-04-17T13:44:51","slug":"olej-cbd-natural-plus-10-1000mg-10ml","status":"publish","type":"product","link":"https:\/\/hempking.eu\/pl\/olej-cbd-natural-plus-10-1000mg-10ml\/","title":{"rendered":"Olej CBD 10% 1000 mg Natural Plus - 10 ml HempKing"},"content":{"rendered":"<h2 style=\"text-align: justify;\">Olej CBD 10% 1000 mg Natural Plus &#8211; 10 ml HempKing<\/h2>\n<p style=\"text-align: justify;\">Suplement diety jakim jest nasz olej konopny CBD z naturalnymi fitosk\u0142adnikami 10%\u00a0 zawiera minimum 1000 mg naturalnego CBD oraz innych fitosk\u0142adnik\u00f3w (CBDA, CBC, CBGA, CBG, CBDV, CBN) w pe\u0142nym spektrum.<\/p>\n<p style=\"text-align: justify;\">W olejku konopnym 10% s\u0105 wszystkie sk\u0142adniki, kt\u00f3re naturalnie mo\u017cesz znale\u017a\u0107 w konopiach: wspomniane fitosk\u0142adniki, terpeny, fenole, flawonoidy, a tak\u017ce nienasycone kwasy t\u0142uszczowe omega-3, omega-6 i omega-9, tak wa\u017cne w naszej diecie.<\/p>\n<p><strong>Poprzez zakup tego suplementu dajesz wsparcie Fundacji Naszpikowani, kt\u00f3ra od wielu lat po\u015bwi\u0119ca si\u0119 wsparciu dzieci i doros\u0142ych, kt\u00f3rzy zmagaj\u0105 si\u0119 z chorobami onkologicznymi.<\/strong><\/p>\n<h2 style=\"text-align: justify;\">Olej konopny CBD z fitosk\u0142adnikami Natural Plus 10% &#8211; 10ml &#8211; co go wyr\u00f3\u017cnia?<\/h2>\n<p style=\"text-align: justify;\"><strong>Wysokie st\u0119\u017cenie w jednej kropli<br \/>\n<\/strong>Olej konopny 10% Hempking daje Ci wysoki procent st\u0119\u017cenia na kropl\u0119 produktu. Co to oznacza? Oferujemy produkty o korzystnej cenie za fitosk\u0142adnik na 1 mg. W kropli olejku konopnego Natural Plus 10% znajduje si\u0119 minimum 5 mg fitosk\u0142adnika, a dodatkowo pozosta\u0142e fitosk\u0142adniki wyst\u0119puj\u0105ce w konopiach, jak fenole, terpeny i flawonoidy oraz CBDA, CBC, CBGA, CBG, CBDV, CBN.<\/p>\n<p style=\"text-align: justify;\">Wybieraj\u0105c nasze produkty, masz gwarancj\u0119 wysokiego st\u0119\u017cenia na 1 kropl\u0119 i mo\u017cesz zu\u017cy\u0107 mniej produktu, dostarczaj\u0105c sobie po\u017c\u0105dan\u0105 ilo\u015b\u0107 wymienionych wy\u017cej fitosk\u0142adnik\u00f3w.<\/p>\n<p style=\"text-align: justify;\"><strong>100% natury<br \/>\n<\/strong>Do produkcji naszych produkt\u00f3w u\u017cywamy tylko naturalnych sk\u0142adnik\u00f3w. Nie ma w nich izolat\u00f3w czy syntetycznego fitosk\u0142adnika. Nasze olejki powstaj\u0105 metod\u0105 ekstrakcji nadkrytycznym CO2 &#8211; bezpieczn\u0105, nowoczesn\u0105 metod\u0105, kt\u00f3ra pozwala zachowa\u0107 naturalne fitosk\u0142adniki konopne w pe\u0142nym spektrum!<\/p>\n<p style=\"text-align: justify;\"><strong>Produkt polski<br \/>\n<\/strong>Konopne bogactwo polskich upraw zamkn\u0119li\u015bmy w szklanej buteleczce. Wybrali\u015bmy takie uprawy, kt\u00f3re znajduj\u0105 si\u0119 w czystych zak\u0105tkach Polski. Nasze olejki s\u0105 produkowane w Polsce. Mo\u017cesz mie\u0107 pewno\u015b\u0107, \u017ce wybierasz najlepszy konopny suplement diety dla siebie. Oraz \u017ce p\u0142acisz za to, czego wymagasz!<\/p>\n<h2 style=\"text-align: justify;\">Jako\u015b\u0107 olejk\u00f3w CBD z fitosk\u0142adnikami 10% znaczy dla nas najwi\u0119cej!<\/h2>\n<p style=\"text-align: justify;\">Olejek Natural Plus 10% przebadali\u015bmy na zawarto\u015b\u0107 fitosk\u0142adnik\u00f3w, terpen\u00f3w oraz metali ci\u0119\u017ckich.<\/p>\n<p style=\"text-align: justify;\">Korzystamy tylko z samych sprawdzonych i bezpiecznych upraw konopi do produkcji naszych suplement\u00f3w, \u017cywno\u015bci oraz kosmetyk\u00f3w.<\/p>\n<p style=\"text-align: justify;\"><a href=\"https:\/\/hempking.eu\/pl\/wp-content\/uploads\/sites\/2\/2020\/07\/warunki4-1.jpg\"><img decoding=\"async\" class=\"alignnone wp-image-104414 size-full\" src=\"https:\/\/hempking.eu\/pl\/wp-content\/uploads\/sites\/2\/2020\/07\/warunki4-1.jpg\" alt=\"o\u015bwiadczenia CBD w UE\" width=\"755\" height=\"353\" srcset=\"https:\/\/hempking.eu\/pl\/wp-content\/uploads\/sites\/2\/2020\/07\/warunki4-1.jpg 755w, https:\/\/hempking.eu\/pl\/wp-content\/uploads\/sites\/2\/2020\/07\/warunki4-1-640x299.jpg 640w, https:\/\/hempking.eu\/pl\/wp-content\/uploads\/sites\/2\/2020\/07\/warunki4-1-400x187.jpg 400w\" sizes=\"(max-width: 755px) 100vw, 755px\" \/><\/a><\/p>\n<p style=\"text-align: justify;\"><a href=\"https:\/\/hempking.eu\/pl\/wp-content\/uploads\/sites\/2\/2020\/07\/warunki_4.jpg\"><img decoding=\"async\" class=\"alignnone size-full wp-image-100623\" src=\"https:\/\/hempking.eu\/pl\/wp-content\/uploads\/sites\/2\/2020\/07\/warunki_4.jpg\" alt=\"fito sk\u0142adniki novel food\" width=\"755\" height=\"237\" srcset=\"https:\/\/hempking.eu\/pl\/wp-content\/uploads\/sites\/2\/2020\/07\/warunki_4.jpg 755w, https:\/\/hempking.eu\/pl\/wp-content\/uploads\/sites\/2\/2020\/07\/warunki_4-640x201.jpg 640w, https:\/\/hempking.eu\/pl\/wp-content\/uploads\/sites\/2\/2020\/07\/warunki_4-400x126.jpg 400w\" sizes=\"(max-width: 755px) 100vw, 755px\" \/><\/a><\/p>\n<p style=\"text-align: justify;\"><a href=\"https:\/\/hempking.eu\/pl\/wp-content\/uploads\/sites\/2\/2022\/01\/warunki2.jpg\"><img decoding=\"async\" class=\"alignnone wp-image-85647 size-full\" src=\"https:\/\/hempking.eu\/pl\/wp-content\/uploads\/sites\/2\/2022\/01\/warunki2.jpg\" alt=\"warunki2\" width=\"755\" height=\"307\" srcset=\"https:\/\/hempking.eu\/pl\/wp-content\/uploads\/sites\/2\/2022\/01\/warunki2.jpg 755w, https:\/\/hempking.eu\/pl\/wp-content\/uploads\/sites\/2\/2022\/01\/warunki2-640x260.jpg 640w, https:\/\/hempking.eu\/pl\/wp-content\/uploads\/sites\/2\/2022\/01\/warunki2-400x163.jpg 400w, https:\/\/hempking.eu\/pl\/wp-content\/uploads\/sites\/2\/2022\/01\/warunki2-600x244.jpg 600w\" sizes=\"(max-width: 755px) 100vw, 755px\" \/><\/a><\/p>\n<p><strong>Producent\/ Podmiot odpowiedzialny:<\/strong><\/p>\n<p>Biodio Lab Sp. z o.o.<br \/>\nUl. Choroszcza\u0144ska 24<br \/>\n15-732 Bia\u0142ystok<\/p>\n","protected":false},"excerpt":{"rendered":"<h2><strong>Olej CBD z naturalnymi fitosk\u0142adnikami 10% Natural Plus to:<\/strong><\/h2>\n<ul>\n<li>Olej CBD 10% Natural Plus zawiera naturalne fitosk\u0142adniki: CBD, CBDA, CBC, CBGA, CBG, CBDV, CBN<\/li>\n<li><strong>Ponad 1000 mg fitosk\u0142adnika<\/strong><\/li>\n<li>Full spectrum fitosk\u0142adnik\u00f3w<\/li>\n<li>Terpeny, flawonoidy, fenole naturalnie wyst\u0119puj\u0105ce w konopiach<\/li>\n<li><strong>Nienasycone kwasy t\u0142uszczowe: omega-3, omega-6 oraz omega-9<\/strong><\/li>\n<li><strong>1 kropla to minimalnie 5 mg fitosk\u0142adnika<\/strong><\/li>\n<li>Jako\u015b\u0107 produktu jest stale kontrolowana<\/li>\n<li>Olejek powstaje bez u\u017cycia rozpuszczalnik\u00f3w, wzbogacenia syntetycznego lub krystalicznego CBD<\/li>\n<li><strong>100% natury &#8211; badania znajdziesz w zak\u0142adce\u00a0<a href=\"https:\/\/hempking.eu\/pl\/atesty-i-certyfikaty\/\">Atesty i Certyfikaty<\/a>.<\/strong><\/li>\n<li>W butelce jest 200 kropli olejku<\/li>\n<li>Produkt wystarcza na ok. 2 miesi\u0105ce<\/li>\n<\/ul>\n<p><strong>Pojemno\u015b\u0107: 10 ml<\/strong><\/p>\n","protected":false},"featured_media":151633,"template":"","meta":{"_acf_changed":false},"product_brand":[],"product_cat":[122,438,444,437,148,39,20,435,442,446,448,450,453,144,36,96,441],"product_tag":[91],"class_list":{"0":"post-545","1":"product","2":"type-product","3":"status-publish","4":"has-post-thumbnail","6":"product_cat-olej-konopny-full-spectrum","7":"product_cat-hempking","8":"product_cat-kannabinoidy","9":"product_cat-marki","10":"product_cat-suplementy-i-preparaty-na-odpornosc","11":"product_cat-olej-cbd-10","12":"product_cat-olej-cbd","13":"product_cat-serie","14":"product_cat-stezenia","15":"product_cat-suplementy-na-uklad-krazenia","16":"product_cat-suplementy-na-uklad-nerwowy","17":"product_cat-suplementy-na-uklad-odpornosciowy","18":"product_cat-suplementy-na-uklad-ruchu","19":"product_cat-suplementy-i-preparaty-na-dolegliwosci","20":"product_cat-bestsellery","21":"product_cat-suplementy","22":"product_cat-forma","23":"product_tag-home","25":"first","26":"instock","27":"shipping-taxable","28":"purchasable","29":"product-type-simple"},"acf":[],"yoast_head":"<!-- This site is optimized with the Yoast SEO Premium plugin v24.8 (Yoast SEO v27.3) - https:\/\/yoast.com\/product\/yoast-seo-premium-wordpress\/ -->\n<title>Olej CBD 10% 1000 mg Natural Plus - 10 ml HempKing<\/title>\n<meta name=\"description\" content=\"Olej konopny CBD 10% Natural Plus (1000mg) \u2013 10ml w konopnym sklepie HempKing \u2705100% naturalne \u2705 Zadbaj z nami o swoj\u0105 diet\u0119!\" \/>\n<meta name=\"robots\" content=\"index, follow\" \/>\n<link rel=\"canonical\" href=\"https:\/\/hempking.eu\/pl\/olej-cbd-natural-plus-10-1000mg-10ml\/\" \/>\n<meta property=\"og:locale\" content=\"pl_PL\" \/>\n<meta property=\"og:type\" content=\"article\" \/>\n<meta property=\"og:title\" content=\"Olej CBD 10% 1000 mg Natural Plus - 10 ml HempKing\" \/>\n<meta property=\"og:description\" content=\"Olej konopny CBD 10% Natural Plus (1000mg) \u2013 10ml w konopnym sklepie HempKing \u2705100% naturalne \u2705 Zadbaj z nami o swoj\u0105 diet\u0119!\" \/>\n<meta property=\"og:url\" content=\"https:\/\/hempking.eu\/pl\/olej-cbd-natural-plus-10-1000mg-10ml\/\" \/>\n<meta property=\"og:site_name\" content=\"Hemp King\" \/>\n<meta property=\"article:publisher\" content=\"https:\/\/www.facebook.com\/hempkingpoland\" \/>\n<meta property=\"article:modified_time\" content=\"2026-04-17T13:44:51+00:00\" \/>\n<meta property=\"og:image\" content=\"https:\/\/hempking.eu\/pl\/wp-content\/uploads\/sites\/2\/2020\/07\/olej-konopny-NATURAL-PLUS-full-spectrum-1-1-scaled.jpg\" \/>\n\t<meta property=\"og:image:width\" content=\"2560\" \/>\n\t<meta property=\"og:image:height\" content=\"2560\" \/>\n\t<meta property=\"og:image:type\" content=\"image\/jpeg\" \/>\n<meta name=\"twitter:card\" content=\"summary_large_image\" \/>\n<meta name=\"twitter:title\" content=\"Olej CBD 10% 1000 mg Natural Plus - 10 ml HempKing\" \/>\n<meta name=\"twitter:description\" content=\"Olej konopny CBD 10% Natural Plus (1000mg) \u2013 10ml w konopnym sklepie HempKing \u2705100% naturalne \u2705 Zadbaj z nami o swoj\u0105 diet\u0119!\" \/>\n<meta name=\"twitter:image\" content=\"https:\/\/hempking.eu\/pl\/wp-content\/uploads\/sites\/2\/2020\/07\/olej-konopny-NATURAL-PLUS-full-spectrum-1-1-scaled.jpg\" \/>\n<meta name=\"twitter:site\" content=\"@hempkingeu\" \/>\n<meta name=\"twitter:label1\" content=\"Cena\" \/>\n\t<meta name=\"twitter:data1\" content=\"119.00&nbsp;&#122;&#322;\" \/>\n\t<meta name=\"twitter:label2\" content=\"Dost\u0119pno\u015b\u0107\" \/>\n\t<meta name=\"twitter:data2\" content=\"Dost\u0119pny\" \/>\n<script type=\"application\/ld+json\" class=\"yoast-schema-graph\">{\"@context\":\"https:\\\/\\\/schema.org\",\"@graph\":[{\"@type\":[\"WebPage\",\"ItemPage\"],\"@id\":\"https:\\\/\\\/hempking.eu\\\/pl\\\/olej-cbd-natural-plus-10-1000mg-10ml\\\/\",\"url\":\"https:\\\/\\\/hempking.eu\\\/pl\\\/olej-cbd-natural-plus-10-1000mg-10ml\\\/\",\"name\":\"Olej CBD 10% 1000 mg Natural Plus - 10 ml HempKing\",\"isPartOf\":{\"@id\":\"https:\\\/\\\/hempking.eu\\\/pl\\\/#website\"},\"primaryImageOfPage\":{\"@id\":\"https:\\\/\\\/hempking.eu\\\/pl\\\/olej-cbd-natural-plus-10-1000mg-10ml\\\/#primaryimage\"},\"image\":{\"@id\":\"https:\\\/\\\/hempking.eu\\\/pl\\\/olej-cbd-natural-plus-10-1000mg-10ml\\\/#primaryimage\"},\"thumbnailUrl\":\"https:\\\/\\\/hempking.eu\\\/pl\\\/wp-content\\\/uploads\\\/sites\\\/2\\\/2023\\\/08\\\/Olejek_CBD_10_wizualizacja.jpg\",\"datePublished\":\"2020-07-07T11:11:36+00:00\",\"dateModified\":\"2026-04-17T13:44:51+00:00\",\"description\":\"Olej konopny CBD 10% Natural Plus (1000mg) \u2013 10ml w konopnym sklepie HempKing \u2705100% naturalne \u2705 Zadbaj z nami o swoj\u0105 diet\u0119!\",\"breadcrumb\":{\"@id\":\"https:\\\/\\\/hempking.eu\\\/pl\\\/olej-cbd-natural-plus-10-1000mg-10ml\\\/#breadcrumb\"},\"inLanguage\":\"pl-PL\",\"potentialAction\":[{\"@type\":\"ReadAction\",\"target\":[\"https:\\\/\\\/hempking.eu\\\/pl\\\/olej-cbd-natural-plus-10-1000mg-10ml\\\/\"]}]},{\"@type\":\"ImageObject\",\"inLanguage\":\"pl-PL\",\"@id\":\"https:\\\/\\\/hempking.eu\\\/pl\\\/olej-cbd-natural-plus-10-1000mg-10ml\\\/#primaryimage\",\"url\":\"https:\\\/\\\/hempking.eu\\\/pl\\\/wp-content\\\/uploads\\\/sites\\\/2\\\/2023\\\/08\\\/Olejek_CBD_10_wizualizacja.jpg\",\"contentUrl\":\"https:\\\/\\\/hempking.eu\\\/pl\\\/wp-content\\\/uploads\\\/sites\\\/2\\\/2023\\\/08\\\/Olejek_CBD_10_wizualizacja.jpg\",\"width\":1000,\"height\":1000,\"caption\":\"Olej CBD 10% Natural Plus - 10 ml Hempking\"},{\"@type\":\"BreadcrumbList\",\"@id\":\"https:\\\/\\\/hempking.eu\\\/pl\\\/olej-cbd-natural-plus-10-1000mg-10ml\\\/#breadcrumb\",\"itemListElement\":[{\"@type\":\"ListItem\",\"position\":1,\"name\":\"Home\",\"item\":\"https:\\\/\\\/hempking.eu\\\/pl\\\/\"},{\"@type\":\"ListItem\",\"position\":2,\"name\":\"Sklep\",\"item\":\"https:\\\/\\\/hempking.eu\\\/pl\\\/shop\\\/\"},{\"@type\":\"ListItem\",\"position\":3,\"name\":\"Olejki CBD\",\"item\":\"https:\\\/\\\/hempking.eu\\\/pl\\\/olej-cbd\\\/\"},{\"@type\":\"ListItem\",\"position\":4,\"name\":\"Olej CBD 10%\",\"item\":\"https:\\\/\\\/hempking.eu\\\/pl\\\/olej-cbd-10\\\/\"},{\"@type\":\"ListItem\",\"position\":5,\"name\":\"Olej CBD 10% 1000 mg Natural Plus - 10 ml HempKing\"}]},{\"@type\":\"WebSite\",\"@id\":\"https:\\\/\\\/hempking.eu\\\/pl\\\/#website\",\"url\":\"https:\\\/\\\/hempking.eu\\\/pl\\\/\",\"name\":\"Hemp King\",\"description\":\"\",\"publisher\":{\"@id\":\"https:\\\/\\\/hempking.eu\\\/pl\\\/#organization\"},\"potentialAction\":[{\"@type\":\"SearchAction\",\"target\":{\"@type\":\"EntryPoint\",\"urlTemplate\":\"https:\\\/\\\/hempking.eu\\\/pl\\\/?s={search_term_string}\"},\"query-input\":{\"@type\":\"PropertyValueSpecification\",\"valueRequired\":true,\"valueName\":\"search_term_string\"}}],\"inLanguage\":\"pl-PL\"},{\"@type\":\"Organization\",\"@id\":\"https:\\\/\\\/hempking.eu\\\/pl\\\/#organization\",\"name\":\"Hemp King\",\"url\":\"https:\\\/\\\/hempking.eu\\\/pl\\\/\",\"logo\":{\"@type\":\"ImageObject\",\"inLanguage\":\"pl-PL\",\"@id\":\"https:\\\/\\\/hempking.eu\\\/pl\\\/#\\\/schema\\\/logo\\\/image\\\/\",\"url\":\"https:\\\/\\\/hempking.eu\\\/pl\\\/wp-content\\\/uploads\\\/sites\\\/2\\\/2020\\\/05\\\/hempking.png\",\"contentUrl\":\"https:\\\/\\\/hempking.eu\\\/pl\\\/wp-content\\\/uploads\\\/sites\\\/2\\\/2020\\\/05\\\/hempking.png\",\"width\":148,\"height\":91,\"caption\":\"Hemp King\"},\"image\":{\"@id\":\"https:\\\/\\\/hempking.eu\\\/pl\\\/#\\\/schema\\\/logo\\\/image\\\/\"},\"sameAs\":[\"https:\\\/\\\/www.facebook.com\\\/hempkingpoland\",\"https:\\\/\\\/x.com\\\/hempkingeu\",\"https:\\\/\\\/www.instagram.com\\\/hempkingeu\\\/\",\"https:\\\/\\\/www.linkedin.com\\\/company\\\/hempking-eu\\\/mycompany\\\/\",\"https:\\\/\\\/pl.pinterest.com\\\/hempkingeu\\\/\",\"https:\\\/\\\/www.youtube.com\\\/channel\\\/UCUkeZA1fj4hSZfoYm0WpZ7w\"]}]}<\/script>\n<meta property=\"product:price:amount\" content=\"119.00\" \/>\n<meta property=\"product:price:currency\" content=\"PLN\" \/>\n<meta property=\"og:availability\" content=\"instock\" \/>\n<meta property=\"product:availability\" content=\"instock\" \/>\n<meta property=\"product:retailer_item_id\" content=\"5904806120502\" \/>\n<meta property=\"product:condition\" content=\"new\" \/>\n<!-- \/ Yoast SEO Premium plugin. -->","yoast_head_json":{"title":"Olej CBD 10% 1000 mg Natural Plus - 10 ml HempKing","description":"Olej konopny CBD 10% Natural Plus (1000mg) \u2013 10ml w konopnym sklepie HempKing \u2705100% naturalne \u2705 Zadbaj z nami o swoj\u0105 diet\u0119!","robots":{"index":"index","follow":"follow"},"canonical":"https:\/\/hempking.eu\/pl\/olej-cbd-natural-plus-10-1000mg-10ml\/","og_locale":"pl_PL","og_type":"article","og_title":"Olej CBD 10% 1000 mg Natural Plus - 10 ml HempKing","og_description":"Olej konopny CBD 10% Natural Plus (1000mg) \u2013 10ml w konopnym sklepie HempKing \u2705100% naturalne \u2705 Zadbaj z nami o swoj\u0105 diet\u0119!","og_url":"https:\/\/hempking.eu\/pl\/olej-cbd-natural-plus-10-1000mg-10ml\/","og_site_name":"Hemp King","article_publisher":"https:\/\/www.facebook.com\/hempkingpoland","article_modified_time":"2026-04-17T13:44:51+00:00","og_image":[{"width":2560,"height":2560,"url":"https:\/\/hempking.eu\/pl\/wp-content\/uploads\/sites\/2\/2020\/07\/olej-konopny-NATURAL-PLUS-full-spectrum-1-1-scaled.jpg","type":"image\/jpeg"}],"twitter_card":"summary_large_image","twitter_title":"Olej CBD 10% 1000 mg Natural Plus - 10 ml HempKing","twitter_description":"Olej konopny CBD 10% Natural Plus (1000mg) \u2013 10ml w konopnym sklepie HempKing \u2705100% naturalne \u2705 Zadbaj z nami o swoj\u0105 diet\u0119!","twitter_image":"https:\/\/hempking.eu\/pl\/wp-content\/uploads\/sites\/2\/2020\/07\/olej-konopny-NATURAL-PLUS-full-spectrum-1-1-scaled.jpg","twitter_site":"@hempkingeu","twitter_misc":{"Cena":"119.00&nbsp;&#122;&#322;","Dost\u0119pno\u015b\u0107":"Dost\u0119pny"},"schema":{"@context":"https:\/\/schema.org","@graph":[{"@type":["WebPage","ItemPage"],"@id":"https:\/\/hempking.eu\/pl\/olej-cbd-natural-plus-10-1000mg-10ml\/","url":"https:\/\/hempking.eu\/pl\/olej-cbd-natural-plus-10-1000mg-10ml\/","name":"Olej CBD 10% 1000 mg Natural Plus - 10 ml HempKing","isPartOf":{"@id":"https:\/\/hempking.eu\/pl\/#website"},"primaryImageOfPage":{"@id":"https:\/\/hempking.eu\/pl\/olej-cbd-natural-plus-10-1000mg-10ml\/#primaryimage"},"image":{"@id":"https:\/\/hempking.eu\/pl\/olej-cbd-natural-plus-10-1000mg-10ml\/#primaryimage"},"thumbnailUrl":"https:\/\/hempking.eu\/pl\/wp-content\/uploads\/sites\/2\/2023\/08\/Olejek_CBD_10_wizualizacja.jpg","datePublished":"2020-07-07T11:11:36+00:00","dateModified":"2026-04-17T13:44:51+00:00","description":"Olej konopny CBD 10% Natural Plus (1000mg) \u2013 10ml w konopnym sklepie HempKing \u2705100% naturalne \u2705 Zadbaj z nami o swoj\u0105 diet\u0119!","breadcrumb":{"@id":"https:\/\/hempking.eu\/pl\/olej-cbd-natural-plus-10-1000mg-10ml\/#breadcrumb"},"inLanguage":"pl-PL","potentialAction":[{"@type":"ReadAction","target":["https:\/\/hempking.eu\/pl\/olej-cbd-natural-plus-10-1000mg-10ml\/"]}]},{"@type":"ImageObject","inLanguage":"pl-PL","@id":"https:\/\/hempking.eu\/pl\/olej-cbd-natural-plus-10-1000mg-10ml\/#primaryimage","url":"https:\/\/hempking.eu\/pl\/wp-content\/uploads\/sites\/2\/2023\/08\/Olejek_CBD_10_wizualizacja.jpg","contentUrl":"https:\/\/hempking.eu\/pl\/wp-content\/uploads\/sites\/2\/2023\/08\/Olejek_CBD_10_wizualizacja.jpg","width":1000,"height":1000,"caption":"Olej CBD 10% Natural Plus - 10 ml Hempking"},{"@type":"BreadcrumbList","@id":"https:\/\/hempking.eu\/pl\/olej-cbd-natural-plus-10-1000mg-10ml\/#breadcrumb","itemListElement":[{"@type":"ListItem","position":1,"name":"Home","item":"https:\/\/hempking.eu\/pl\/"},{"@type":"ListItem","position":2,"name":"Sklep","item":"https:\/\/hempking.eu\/pl\/shop\/"},{"@type":"ListItem","position":3,"name":"Olejki CBD","item":"https:\/\/hempking.eu\/pl\/olej-cbd\/"},{"@type":"ListItem","position":4,"name":"Olej CBD 10%","item":"https:\/\/hempking.eu\/pl\/olej-cbd-10\/"},{"@type":"ListItem","position":5,"name":"Olej CBD 10% 1000 mg Natural Plus - 10 ml HempKing"}]},{"@type":"WebSite","@id":"https:\/\/hempking.eu\/pl\/#website","url":"https:\/\/hempking.eu\/pl\/","name":"Hemp King","description":"","publisher":{"@id":"https:\/\/hempking.eu\/pl\/#organization"},"potentialAction":[{"@type":"SearchAction","target":{"@type":"EntryPoint","urlTemplate":"https:\/\/hempking.eu\/pl\/?s={search_term_string}"},"query-input":{"@type":"PropertyValueSpecification","valueRequired":true,"valueName":"search_term_string"}}],"inLanguage":"pl-PL"},{"@type":"Organization","@id":"https:\/\/hempking.eu\/pl\/#organization","name":"Hemp King","url":"https:\/\/hempking.eu\/pl\/","logo":{"@type":"ImageObject","inLanguage":"pl-PL","@id":"https:\/\/hempking.eu\/pl\/#\/schema\/logo\/image\/","url":"https:\/\/hempking.eu\/pl\/wp-content\/uploads\/sites\/2\/2020\/05\/hempking.png","contentUrl":"https:\/\/hempking.eu\/pl\/wp-content\/uploads\/sites\/2\/2020\/05\/hempking.png","width":148,"height":91,"caption":"Hemp King"},"image":{"@id":"https:\/\/hempking.eu\/pl\/#\/schema\/logo\/image\/"},"sameAs":["https:\/\/www.facebook.com\/hempkingpoland","https:\/\/x.com\/hempkingeu","https:\/\/www.instagram.com\/hempkingeu\/","https:\/\/www.linkedin.com\/company\/hempking-eu\/mycompany\/","https:\/\/pl.pinterest.com\/hempkingeu\/","https:\/\/www.youtube.com\/channel\/UCUkeZA1fj4hSZfoYm0WpZ7w"]}]},"product_price_amount":"119.00","product_price_currency":"PLN","og_availability":"instock","product_availability":"instock","product_retailer_item_id":"5904806120502","product_condition":"new"},"df_price":119,"df_sale_price":"","df_regular_price":119,"df_image_link":"https:\/\/hempking.eu\/pl\/wp-content\/uploads\/sites\/2\/2023\/08\/Olejek_CBD_10_wizualizacja-300x300.jpg","_links":{"self":[{"href":"https:\/\/hempking.eu\/pl\/wp-json\/wp\/v2\/product\/545","targetHints":{"allow":["GET"]}}],"collection":[{"href":"https:\/\/hempking.eu\/pl\/wp-json\/wp\/v2\/product"}],"about":[{"href":"https:\/\/hempking.eu\/pl\/wp-json\/wp\/v2\/types\/product"}],"wp:featuredmedia":[{"embeddable":true,"href":"https:\/\/hempking.eu\/pl\/wp-json\/wp\/v2\/media\/151633"}],"wp:attachment":[{"href":"https:\/\/hempking.eu\/pl\/wp-json\/wp\/v2\/media?parent=545"}],"wp:term":[{"taxonomy":"product_brand","embeddable":true,"href":"https:\/\/hempking.eu\/pl\/wp-json\/wp\/v2\/product_brand?post=545"},{"taxonomy":"product_cat","embeddable":true,"href":"https:\/\/hempking.eu\/pl\/wp-json\/wp\/v2\/product_cat?post=545"},{"taxonomy":"product_tag","embeddable":true,"href":"https:\/\/hempking.eu\/pl\/wp-json\/wp\/v2\/product_tag?post=545"}],"curies":[{"name":"wp","href":"https:\/\/api.w.org\/{rel}","templated":true}]}}