{"id":583,"date":"2020-07-09T18:36:31","date_gmt":"2020-07-09T16:36:31","guid":{"rendered":"https:\/\/hempking.eu\/pl\/?post_type=product&#038;p=583"},"modified":"2025-05-23T10:20:58","modified_gmt":"2025-05-23T08:20:58","slug":"pasta-cbd-green-30-5ml-6g","status":"publish","type":"product","link":"https:\/\/hempking.eu\/pl\/pasta-cbd-green-30-5ml-6g\/","title":{"rendered":"Pasta CBD 30% + CBDA, CBC, CBGA, CBG, CBDV, CBN Green \u2013 5 ml\/6 g"},"content":{"rendered":"<h2 style=\"text-align: justify;\">Pasta CBD Green 30% &#8211; Full Spectrum w wysokim st\u0119\u017ceniu<\/h2>\n<p style=\"text-align: justify;\">Pasta\u00a0 Green 30% to produkt o pe\u0142nym spektrum fitosk\u0142adnik\u00f3w w skoncentrowanej formie.<br \/>\nWysoka porcja fitosk\u0142adnik\u00f3w w po\u0142\u0105czeniu ogromnej ilo\u015bci innych sk\u0142adnik\u00f3w konopnych.<br \/>\nZawiera a\u017c 1500 mg fitosk\u0142adnika\u00a0 CBD a tak\u017ce natrualnie wyst\u0119puj\u0105ce w konopiach fitosk\u0142adniki CBDA, CBC, CBGA, CBG, CBDV, CBN oraz wszystkie cenne sk\u0142adniki konopi takie jak terpeny, flawonoidy i fenole.<br \/>\nJest r\u00f3wnie\u017c bogata w kwasy t\u0142uszczowe Omega-3, Omega-6 i Omega-9, kt\u00f3re pozwalaj\u0105 na uzupe\u0142nianie ich ilo\u015bci w organizmie.<br \/>\nJedna kropla dostarczy Twojemu organizmowi 8,3 mg fitosk\u0142adnik\u00f3w.<br \/>\nPasta\u00a0 GREEN 30% jest ca\u0142kowicie naturalna.<\/p>\n<ul style=\"text-align: justify;\">\n<li>\n<h2>Czy suplementy konopne s\u0105 bezpieczne?<\/h2>\n<\/li>\n<\/ul>\n<p style=\"text-align: justify;\"><strong>Tak!<\/strong> Wszystkie produkty HempKing posiadaj\u0105 atesty i certyfikaty, kt\u00f3re gwarantuj\u0105 bezpiecze\u0144stwo ich stosowania. Korzystamy ze sprawdzonych upraw konopi siewnych i na ich bazie tworzymy najwy\u017cszej jako\u015bci suplementy diety. Wsp\u00f3\u0142pracujemy z niezale\u017cnymi laboratoriami.<br \/>\nS\u0105 one ca\u0142kowicie wolne od zanieczyszcze\u0144.<br \/>\nPasta Green 30% nadaje si\u0119 dla wegan i wegetarian.<\/p>\n<h2 style=\"text-align: justify;\">Pasta konopna 30% &#8211; jako\u015b\u0107<\/h2>\n<p style=\"text-align: justify;\">Fitosk\u0142adniki pozyskujemy bezpieczn\u0105 i efektywn\u0105 metod\u0105 ekstrakcji dwutlenkiem w\u0119gla (forma t\u0142oczenia oleju), kt\u00f3ry gwarantuje nam nienagann\u0105 jako\u015b\u0107.<br \/>\n<strong>Nasze produkty posiadaj\u0105 atesty oraz certyfikaty\u00a0 a ka\u017cdy sk\u0142adnik jest w 100% naturalny.<\/strong><br \/>\nNie stosujemy sztucznych nawoz\u00f3w, pestycyd\u00f3w, herbicyd\u00f3w, co potwierdza biologiczn\u0105 czysto\u015b\u0107.<\/p>\n<p style=\"text-align: justify;\"><a href=\"https:\/\/hempking.eu\/pl\/wp-content\/uploads\/sites\/2\/2022\/01\/warunki2.jpg\"><img decoding=\"async\" class=\"alignnone wp-image-85647 size-full\" src=\"https:\/\/hempking.eu\/pl\/wp-content\/uploads\/sites\/2\/2022\/01\/warunki2.jpg\" alt=\"warunki2\" width=\"755\" height=\"307\" srcset=\"https:\/\/hempking.eu\/pl\/wp-content\/uploads\/sites\/2\/2022\/01\/warunki2.jpg 755w, https:\/\/hempking.eu\/pl\/wp-content\/uploads\/sites\/2\/2022\/01\/warunki2-640x260.jpg 640w, https:\/\/hempking.eu\/pl\/wp-content\/uploads\/sites\/2\/2022\/01\/warunki2-400x163.jpg 400w, https:\/\/hempking.eu\/pl\/wp-content\/uploads\/sites\/2\/2022\/01\/warunki2-600x244.jpg 600w\" sizes=\"(max-width: 755px) 100vw, 755px\" \/><\/a><\/p>\n<p style=\"text-align: justify;\"><a href=\"https:\/\/hempking.eu\/pl\/wp-content\/uploads\/sites\/2\/2020\/07\/warunki4-1.jpg\"><img decoding=\"async\" class=\"alignnone wp-image-104414 size-full\" src=\"https:\/\/hempking.eu\/pl\/wp-content\/uploads\/sites\/2\/2020\/07\/warunki4-1.jpg\" alt=\"o\u015bwiadczenia CBD w UE\" width=\"755\" height=\"353\" srcset=\"https:\/\/hempking.eu\/pl\/wp-content\/uploads\/sites\/2\/2020\/07\/warunki4-1.jpg 755w, https:\/\/hempking.eu\/pl\/wp-content\/uploads\/sites\/2\/2020\/07\/warunki4-1-640x299.jpg 640w, https:\/\/hempking.eu\/pl\/wp-content\/uploads\/sites\/2\/2020\/07\/warunki4-1-400x187.jpg 400w\" sizes=\"(max-width: 755px) 100vw, 755px\" \/><\/a><\/p>\n<p style=\"text-align: justify;\"><a href=\"https:\/\/hempking.eu\/pl\/wp-content\/uploads\/sites\/2\/2020\/07\/warunki_4.jpg\"><img decoding=\"async\" class=\"alignnone size-full wp-image-100623\" src=\"https:\/\/hempking.eu\/pl\/wp-content\/uploads\/sites\/2\/2020\/07\/warunki_4.jpg\" alt=\"fito sk\u0142adniki novel food\" width=\"755\" height=\"237\" srcset=\"https:\/\/hempking.eu\/pl\/wp-content\/uploads\/sites\/2\/2020\/07\/warunki_4.jpg 755w, https:\/\/hempking.eu\/pl\/wp-content\/uploads\/sites\/2\/2020\/07\/warunki_4-640x201.jpg 640w, https:\/\/hempking.eu\/pl\/wp-content\/uploads\/sites\/2\/2020\/07\/warunki_4-400x126.jpg 400w\" sizes=\"(max-width: 755px) 100vw, 755px\" \/><\/a><\/p>\n<p><strong>Producent\/ Podmiot odpowiedzialny:<\/strong><\/p>\n<p>Biodio Lab Sp. z o.o.<br \/>\nUl. Choroszcza\u0144ska 24<br \/>\n15-732 Bia\u0142ystok<\/p>\n","protected":false},"excerpt":{"rendered":"<h2><strong>Pasta\u00a0 Green 30% to:<\/strong><\/h2>\n<ul>\n<li>a\u017c <strong>1500 mg fitosk\u0142adnik\u00f3w<\/strong> o pe\u0142nym spektrum CBD, CBDA, CBC, CBGA, CBG, CBDV, CBN,<\/li>\n<li><strong><a href=\"https:\/\/hempking.eu\/wp-content\/certificates\/pasta-30-CBD-badanie-11-202.pdf\">Badanie pasty Green 30%<\/a><\/strong><\/li>\n<li>skoncentrowana forma oleju konopnego,<\/li>\n<li>zawiera sk\u0142adniki konopi tj. terpeny, flawonoidy czy fenole,<\/li>\n<li>w 1<strong>00% naturalny<\/strong> produkt konopny.<\/li>\n<\/ul>\n","protected":false},"featured_media":87500,"template":"","meta":{"_acf_changed":false},"product_brand":[],"product_cat":[438,437,22],"product_tag":[],"class_list":{"0":"post-583","1":"product","2":"type-product","3":"status-publish","4":"has-post-thumbnail","6":"product_cat-hempking","7":"product_cat-marki","8":"product_cat-pasty-cbd","10":"first","11":"outofstock","12":"shipping-taxable","13":"purchasable","14":"product-type-simple"},"acf":[],"yoast_head":"<!-- This site is optimized with the Yoast SEO Premium plugin v24.8 (Yoast SEO v27.3) - https:\/\/yoast.com\/product\/yoast-seo-premium-wordpress\/ -->\n<title>Pasta CBD Green 30% HempKing | 5ml\/6g | Full Spectrum<\/title>\n<meta name=\"description\" content=\"Pasta CBD Green 30% HempKing. To produkt o pe\u0142nym spektrum kannabinoid\u00f3w w skoncentrowanej formie. Kup teraz na hempking.eu !\" \/>\n<meta name=\"robots\" content=\"index, follow\" \/>\n<link rel=\"canonical\" href=\"https:\/\/hempking.eu\/pl\/pasta-cbd-green-30-5ml-6g\/\" \/>\n<meta property=\"og:locale\" content=\"pl_PL\" \/>\n<meta property=\"og:type\" content=\"article\" \/>\n<meta property=\"og:title\" content=\"Pasta CBD 30% + CBDA, CBC, CBGA, CBG, CBDV, CBN Green \u2013 5 ml\/6 g\" \/>\n<meta property=\"og:description\" content=\"Pasta CBD Green 30% HempKing. To produkt o pe\u0142nym spektrum kannabinoid\u00f3w w skoncentrowanej formie. Kup teraz na hempking.eu !\" \/>\n<meta property=\"og:url\" content=\"https:\/\/hempking.eu\/pl\/pasta-cbd-green-30-5ml-6g\/\" \/>\n<meta property=\"og:site_name\" content=\"Hemp King\" \/>\n<meta property=\"article:publisher\" content=\"https:\/\/www.facebook.com\/hempkingpoland\" \/>\n<meta property=\"article:modified_time\" content=\"2025-05-23T08:20:58+00:00\" \/>\n<meta property=\"og:image\" content=\"https:\/\/hempking.eu\/pl\/wp-content\/uploads\/sites\/2\/2022\/01\/pasta_green.jpg\" \/>\n\t<meta property=\"og:image:width\" content=\"1000\" \/>\n\t<meta property=\"og:image:height\" content=\"1000\" \/>\n\t<meta property=\"og:image:type\" content=\"image\/jpeg\" \/>\n<meta name=\"twitter:card\" content=\"summary_large_image\" \/>\n<meta name=\"twitter:site\" content=\"@hempkingeu\" \/>\n<meta name=\"twitter:label1\" content=\"Cena\" \/>\n\t<meta name=\"twitter:data1\" content=\"399.00&nbsp;&#122;&#322;\" \/>\n\t<meta name=\"twitter:label2\" content=\"Dost\u0119pno\u015b\u0107\" \/>\n\t<meta name=\"twitter:data2\" content=\"Brak w magazynie\" \/>\n<script type=\"application\/ld+json\" class=\"yoast-schema-graph\">{\"@context\":\"https:\\\/\\\/schema.org\",\"@graph\":[{\"@type\":\"WebPage\",\"@id\":\"https:\\\/\\\/hempking.eu\\\/pl\\\/pasta-cbd-green-30-5ml-6g\\\/\",\"url\":\"https:\\\/\\\/hempking.eu\\\/pl\\\/pasta-cbd-green-30-5ml-6g\\\/\",\"name\":\"Pasta CBD Green 30% HempKing | 5ml\\\/6g | Full Spectrum\",\"isPartOf\":{\"@id\":\"https:\\\/\\\/hempking.eu\\\/pl\\\/#website\"},\"primaryImageOfPage\":{\"@id\":\"https:\\\/\\\/hempking.eu\\\/pl\\\/pasta-cbd-green-30-5ml-6g\\\/#primaryimage\"},\"image\":{\"@id\":\"https:\\\/\\\/hempking.eu\\\/pl\\\/pasta-cbd-green-30-5ml-6g\\\/#primaryimage\"},\"thumbnailUrl\":\"https:\\\/\\\/hempking.eu\\\/pl\\\/wp-content\\\/uploads\\\/sites\\\/2\\\/2022\\\/01\\\/pasta_green.jpg\",\"datePublished\":\"2020-07-09T16:36:31+00:00\",\"dateModified\":\"2025-05-23T08:20:58+00:00\",\"description\":\"Pasta CBD Green 30% HempKing. To produkt o pe\u0142nym spektrum kannabinoid\u00f3w w skoncentrowanej formie. Kup teraz na hempking.eu !\",\"breadcrumb\":{\"@id\":\"https:\\\/\\\/hempking.eu\\\/pl\\\/pasta-cbd-green-30-5ml-6g\\\/#breadcrumb\"},\"inLanguage\":\"pl-PL\",\"potentialAction\":[{\"@type\":\"ReadAction\",\"target\":[\"https:\\\/\\\/hempking.eu\\\/pl\\\/pasta-cbd-green-30-5ml-6g\\\/\"]}]},{\"@type\":\"ImageObject\",\"inLanguage\":\"pl-PL\",\"@id\":\"https:\\\/\\\/hempking.eu\\\/pl\\\/pasta-cbd-green-30-5ml-6g\\\/#primaryimage\",\"url\":\"https:\\\/\\\/hempking.eu\\\/pl\\\/wp-content\\\/uploads\\\/sites\\\/2\\\/2022\\\/01\\\/pasta_green.jpg\",\"contentUrl\":\"https:\\\/\\\/hempking.eu\\\/pl\\\/wp-content\\\/uploads\\\/sites\\\/2\\\/2022\\\/01\\\/pasta_green.jpg\",\"width\":1000,\"height\":1000,\"caption\":\"Pasta konopna green full spectrum suplement diety 5ml\\\/6g\"},{\"@type\":\"BreadcrumbList\",\"@id\":\"https:\\\/\\\/hempking.eu\\\/pl\\\/pasta-cbd-green-30-5ml-6g\\\/#breadcrumb\",\"itemListElement\":[{\"@type\":\"ListItem\",\"position\":1,\"name\":\"Home\",\"item\":\"https:\\\/\\\/hempking.eu\\\/pl\\\/\"},{\"@type\":\"ListItem\",\"position\":2,\"name\":\"Sklep\",\"item\":\"https:\\\/\\\/hempking.eu\\\/pl\\\/shop\\\/\"},{\"@type\":\"ListItem\",\"position\":3,\"name\":\"\ud83e\udee7 Forma fitokannabinoid\u00f3w\",\"item\":\"https:\\\/\\\/hempking.eu\\\/pl\\\/forma\\\/\"},{\"@type\":\"ListItem\",\"position\":4,\"name\":\"Pasty CBD\",\"item\":\"https:\\\/\\\/hempking.eu\\\/pl\\\/pasty-cbd\\\/\"},{\"@type\":\"ListItem\",\"position\":5,\"name\":\"Pasta CBD 30% + CBDA, CBC, CBGA, CBG, CBDV, CBN Green \u2013 5 ml\\\/6 g\"}]},{\"@type\":\"WebSite\",\"@id\":\"https:\\\/\\\/hempking.eu\\\/pl\\\/#website\",\"url\":\"https:\\\/\\\/hempking.eu\\\/pl\\\/\",\"name\":\"Hemp King\",\"description\":\"\",\"publisher\":{\"@id\":\"https:\\\/\\\/hempking.eu\\\/pl\\\/#organization\"},\"potentialAction\":[{\"@type\":\"SearchAction\",\"target\":{\"@type\":\"EntryPoint\",\"urlTemplate\":\"https:\\\/\\\/hempking.eu\\\/pl\\\/?s={search_term_string}\"},\"query-input\":{\"@type\":\"PropertyValueSpecification\",\"valueRequired\":true,\"valueName\":\"search_term_string\"}}],\"inLanguage\":\"pl-PL\"},{\"@type\":\"Organization\",\"@id\":\"https:\\\/\\\/hempking.eu\\\/pl\\\/#organization\",\"name\":\"Hemp King\",\"url\":\"https:\\\/\\\/hempking.eu\\\/pl\\\/\",\"logo\":{\"@type\":\"ImageObject\",\"inLanguage\":\"pl-PL\",\"@id\":\"https:\\\/\\\/hempking.eu\\\/pl\\\/#\\\/schema\\\/logo\\\/image\\\/\",\"url\":\"https:\\\/\\\/hempking.eu\\\/pl\\\/wp-content\\\/uploads\\\/sites\\\/2\\\/2020\\\/05\\\/hempking.png\",\"contentUrl\":\"https:\\\/\\\/hempking.eu\\\/pl\\\/wp-content\\\/uploads\\\/sites\\\/2\\\/2020\\\/05\\\/hempking.png\",\"width\":148,\"height\":91,\"caption\":\"Hemp King\"},\"image\":{\"@id\":\"https:\\\/\\\/hempking.eu\\\/pl\\\/#\\\/schema\\\/logo\\\/image\\\/\"},\"sameAs\":[\"https:\\\/\\\/www.facebook.com\\\/hempkingpoland\",\"https:\\\/\\\/x.com\\\/hempkingeu\",\"https:\\\/\\\/www.instagram.com\\\/hempkingeu\\\/\",\"https:\\\/\\\/www.linkedin.com\\\/company\\\/hempking-eu\\\/mycompany\\\/\",\"https:\\\/\\\/pl.pinterest.com\\\/hempkingeu\\\/\",\"https:\\\/\\\/www.youtube.com\\\/channel\\\/UCUkeZA1fj4hSZfoYm0WpZ7w\"]}]}<\/script>\n<meta property=\"product:price:amount\" content=\"399.00\" \/>\n<meta property=\"product:price:currency\" content=\"PLN\" \/>\n<meta property=\"og:availability\" content=\"out of stock\" \/>\n<meta property=\"product:availability\" content=\"out of stock\" \/>\n<meta property=\"product:retailer_item_id\" content=\"5903636627083\" \/>\n<meta property=\"product:condition\" content=\"new\" \/>\n<!-- \/ Yoast SEO Premium plugin. -->","yoast_head_json":{"title":"Pasta CBD Green 30% HempKing | 5ml\/6g | Full Spectrum","description":"Pasta CBD Green 30% HempKing. To produkt o pe\u0142nym spektrum kannabinoid\u00f3w w skoncentrowanej formie. Kup teraz na hempking.eu !","robots":{"index":"index","follow":"follow"},"canonical":"https:\/\/hempking.eu\/pl\/pasta-cbd-green-30-5ml-6g\/","og_locale":"pl_PL","og_type":"article","og_title":"Pasta CBD 30% + CBDA, CBC, CBGA, CBG, CBDV, CBN Green \u2013 5 ml\/6 g","og_description":"Pasta CBD Green 30% HempKing. To produkt o pe\u0142nym spektrum kannabinoid\u00f3w w skoncentrowanej formie. Kup teraz na hempking.eu !","og_url":"https:\/\/hempking.eu\/pl\/pasta-cbd-green-30-5ml-6g\/","og_site_name":"Hemp King","article_publisher":"https:\/\/www.facebook.com\/hempkingpoland","article_modified_time":"2025-05-23T08:20:58+00:00","og_image":[{"width":1000,"height":1000,"url":"https:\/\/hempking.eu\/pl\/wp-content\/uploads\/sites\/2\/2022\/01\/pasta_green.jpg","type":"image\/jpeg"}],"twitter_card":"summary_large_image","twitter_site":"@hempkingeu","twitter_misc":{"Cena":"399.00&nbsp;&#122;&#322;","Dost\u0119pno\u015b\u0107":"Brak w magazynie"},"schema":{"@context":"https:\/\/schema.org","@graph":[{"@type":"WebPage","@id":"https:\/\/hempking.eu\/pl\/pasta-cbd-green-30-5ml-6g\/","url":"https:\/\/hempking.eu\/pl\/pasta-cbd-green-30-5ml-6g\/","name":"Pasta CBD Green 30% HempKing | 5ml\/6g | Full Spectrum","isPartOf":{"@id":"https:\/\/hempking.eu\/pl\/#website"},"primaryImageOfPage":{"@id":"https:\/\/hempking.eu\/pl\/pasta-cbd-green-30-5ml-6g\/#primaryimage"},"image":{"@id":"https:\/\/hempking.eu\/pl\/pasta-cbd-green-30-5ml-6g\/#primaryimage"},"thumbnailUrl":"https:\/\/hempking.eu\/pl\/wp-content\/uploads\/sites\/2\/2022\/01\/pasta_green.jpg","datePublished":"2020-07-09T16:36:31+00:00","dateModified":"2025-05-23T08:20:58+00:00","description":"Pasta CBD Green 30% HempKing. To produkt o pe\u0142nym spektrum kannabinoid\u00f3w w skoncentrowanej formie. Kup teraz na hempking.eu !","breadcrumb":{"@id":"https:\/\/hempking.eu\/pl\/pasta-cbd-green-30-5ml-6g\/#breadcrumb"},"inLanguage":"pl-PL","potentialAction":[{"@type":"ReadAction","target":["https:\/\/hempking.eu\/pl\/pasta-cbd-green-30-5ml-6g\/"]}]},{"@type":"ImageObject","inLanguage":"pl-PL","@id":"https:\/\/hempking.eu\/pl\/pasta-cbd-green-30-5ml-6g\/#primaryimage","url":"https:\/\/hempking.eu\/pl\/wp-content\/uploads\/sites\/2\/2022\/01\/pasta_green.jpg","contentUrl":"https:\/\/hempking.eu\/pl\/wp-content\/uploads\/sites\/2\/2022\/01\/pasta_green.jpg","width":1000,"height":1000,"caption":"Pasta konopna green full spectrum suplement diety 5ml\/6g"},{"@type":"BreadcrumbList","@id":"https:\/\/hempking.eu\/pl\/pasta-cbd-green-30-5ml-6g\/#breadcrumb","itemListElement":[{"@type":"ListItem","position":1,"name":"Home","item":"https:\/\/hempking.eu\/pl\/"},{"@type":"ListItem","position":2,"name":"Sklep","item":"https:\/\/hempking.eu\/pl\/shop\/"},{"@type":"ListItem","position":3,"name":"\ud83e\udee7 Forma fitokannabinoid\u00f3w","item":"https:\/\/hempking.eu\/pl\/forma\/"},{"@type":"ListItem","position":4,"name":"Pasty CBD","item":"https:\/\/hempking.eu\/pl\/pasty-cbd\/"},{"@type":"ListItem","position":5,"name":"Pasta CBD 30% + CBDA, CBC, CBGA, CBG, CBDV, CBN Green \u2013 5 ml\/6 g"}]},{"@type":"WebSite","@id":"https:\/\/hempking.eu\/pl\/#website","url":"https:\/\/hempking.eu\/pl\/","name":"Hemp King","description":"","publisher":{"@id":"https:\/\/hempking.eu\/pl\/#organization"},"potentialAction":[{"@type":"SearchAction","target":{"@type":"EntryPoint","urlTemplate":"https:\/\/hempking.eu\/pl\/?s={search_term_string}"},"query-input":{"@type":"PropertyValueSpecification","valueRequired":true,"valueName":"search_term_string"}}],"inLanguage":"pl-PL"},{"@type":"Organization","@id":"https:\/\/hempking.eu\/pl\/#organization","name":"Hemp King","url":"https:\/\/hempking.eu\/pl\/","logo":{"@type":"ImageObject","inLanguage":"pl-PL","@id":"https:\/\/hempking.eu\/pl\/#\/schema\/logo\/image\/","url":"https:\/\/hempking.eu\/pl\/wp-content\/uploads\/sites\/2\/2020\/05\/hempking.png","contentUrl":"https:\/\/hempking.eu\/pl\/wp-content\/uploads\/sites\/2\/2020\/05\/hempking.png","width":148,"height":91,"caption":"Hemp King"},"image":{"@id":"https:\/\/hempking.eu\/pl\/#\/schema\/logo\/image\/"},"sameAs":["https:\/\/www.facebook.com\/hempkingpoland","https:\/\/x.com\/hempkingeu","https:\/\/www.instagram.com\/hempkingeu\/","https:\/\/www.linkedin.com\/company\/hempking-eu\/mycompany\/","https:\/\/pl.pinterest.com\/hempkingeu\/","https:\/\/www.youtube.com\/channel\/UCUkeZA1fj4hSZfoYm0WpZ7w"]}]},"product_price_amount":"399.00","product_price_currency":"PLN","og_availability":"out of stock","product_availability":"out of stock","product_retailer_item_id":"5903636627083","product_condition":"new"},"df_price":399,"df_sale_price":"","df_regular_price":399,"df_image_link":"https:\/\/hempking.eu\/pl\/wp-content\/uploads\/sites\/2\/2022\/01\/pasta_green-300x300.jpg","_links":{"self":[{"href":"https:\/\/hempking.eu\/pl\/wp-json\/wp\/v2\/product\/583","targetHints":{"allow":["GET"]}}],"collection":[{"href":"https:\/\/hempking.eu\/pl\/wp-json\/wp\/v2\/product"}],"about":[{"href":"https:\/\/hempking.eu\/pl\/wp-json\/wp\/v2\/types\/product"}],"wp:featuredmedia":[{"embeddable":true,"href":"https:\/\/hempking.eu\/pl\/wp-json\/wp\/v2\/media\/87500"}],"wp:attachment":[{"href":"https:\/\/hempking.eu\/pl\/wp-json\/wp\/v2\/media?parent=583"}],"wp:term":[{"taxonomy":"product_brand","embeddable":true,"href":"https:\/\/hempking.eu\/pl\/wp-json\/wp\/v2\/product_brand?post=583"},{"taxonomy":"product_cat","embeddable":true,"href":"https:\/\/hempking.eu\/pl\/wp-json\/wp\/v2\/product_cat?post=583"},{"taxonomy":"product_tag","embeddable":true,"href":"https:\/\/hempking.eu\/pl\/wp-json\/wp\/v2\/product_tag?post=583"}],"curies":[{"name":"wp","href":"https:\/\/api.w.org\/{rel}","templated":true}]}}