{"id":592,"date":"2020-07-10T12:56:12","date_gmt":"2020-07-10T10:56:12","guid":{"rendered":"https:\/\/hempking.eu\/pl\/?post_type=product&#038;p=592"},"modified":"2026-04-15T11:03:04","modified_gmt":"2026-04-15T09:03:04","slug":"jogurtowy-mus-konopny-z-cbd-do-ciala-o-zapachu-owocow-lesnych","status":"publish","type":"product","link":"https:\/\/hempking.eu\/pl\/jogurtowy-mus-konopny-z-cbd-do-ciala-o-zapachu-owocow-lesnych\/","title":{"rendered":"Jogurtowy mus konopny z CBD do cia\u0142a o zapachu owoc\u00f3w le\u015bnych"},"content":{"rendered":"<h2 style=\"text-align: justify;\"><span style=\"font-weight: 400;\">Jogurtowy mus konopny z CBD do cia\u0142a o zapachu owoc\u00f3w le\u015bnych<\/span><\/h2>\n<p style=\"text-align: justify;\"><span style=\"font-weight: 400;\">Znasz ten zapach pysznego jogurtu jagodowego? Albo popularnej w czasach dzieci\u0144stwa gumy rozpuszczalnej o smaku maliny? Tak najpro\u015bciej mo\u017cemy opisa\u0107 zapach jakim otula zmys\u0142y nasz <\/span><b>jogurtowy mus do cia\u0142a<\/b><span style=\"font-weight: 400;\">. Ten <\/span><b>konopny balsam do cia\u0142a <\/b><span style=\"font-weight: 400;\">ma czysty sk\u0142ad, wolny od zb\u0119dnych sk\u0142adnik\u00f3w. Za to bogactwo naturalnych sk\u0142adnik\u00f3w sprawia, \u017ce jest wydajny i skutecznie nawil\u017ca nawet bardzo wymagaj\u0105c\u0105 sk\u00f3r\u0119. Wystarczy, \u017ce nabierzesz niewielk\u0105 ilo\u015b\u0107 kosmetyku, a ten <\/span><b>naturalny balsam do cia\u0142a o zapachu owoc\u00f3w le\u015bnych<\/b><span style=\"font-weight: 400;\"> pod wp\u0142ywem ciep\u0142a sk\u00f3ry zmieni si\u0119 w przyjemny olejek, kt\u00f3ry szybko si\u0119 wch\u0142ania i pozostawia sk\u00f3r\u0119 mi\u0119kk\u0105, od\u017cywion\u0105 i cudownie pachn\u0105c\u0105.\u00a0<\/span><\/p>\n<p style=\"text-align: justify;\"><span style=\"font-weight: 400;\">To wega\u0144ski kosmetyk, posiada certyfikat Viva! Dla wegetarian! <\/span><b>Jogurtowy mus do cia\u0142a<\/b><span style=\"font-weight: 400;\"> to po\u0142\u0105czenie wyj\u0105tkowych sk\u0142adnik\u00f3w: naturalnych mase\u0142, od\u017cywczych olei i witaminy E. Je\u015bli obawiasz si\u0119 o pochodzenie zapachu naszego kosmetyku, to pozw\u00f3l, \u017ce Ci\u0119 uspokoimy. To nie \u017caden syntetyczny sk\u0142adnik niewiadomego pochodzenia! <\/span><b>Konopny balsam do cia\u0142a<\/b><span style=\"font-weight: 400;\"> sw\u00f3j zapach zawdzi\u0119cza naturalnym olejkom eterycznym food grade &#8211; wysokiej jako\u015bci! Mas\u0142a i oleje, kt\u00f3re znajdziesz w sk\u0142adzie tego kosmetyku s\u0105 naturalnego pochodzenia i nie s\u0105 rafinowane. Ka\u017cdy z dostawc\u00f3w sk\u0142adnik\u00f3w potrzebnych do stworzenia <\/span><b>naturalnego balsamu do cia\u0142a o zapachu owoc\u00f3w le\u015bnych<\/b><span style=\"font-weight: 400;\"> zosta\u0142 przez nas dok\u0142adnie prze\u015bwietlony pod wzgl\u0119dem testowania sk\u0142adnik\u00f3w na zwierz\u0119tach! Mo\u017cesz mie\u0107 pewno\u015b\u0107, \u017ce nie tylko sam, gotowy produkt nigdy nie przy\u0142o\u017cy\u0142 si\u0119 do cierpienia zwierz\u0105t, ale tak\u017ce \u017caden z jego poszczeg\u00f3lnych sk\u0142adnik\u00f3w nie zada\u0142 im cierpienia! Dok\u0142adnie rozpisane sk\u0142adniki i pe\u0142en sk\u0142ad naszego produktu znajdziesz w sekcji Sk\u0142ad.\u00a0<\/span><\/p>\n<h2 style=\"text-align: justify;\"><span style=\"font-weight: 400;\">Dlaczego warto wybra\u0107 konopny mus do cia\u0142a Hempking?<\/span><\/h2>\n<p style=\"text-align: justify;\"><b>Naturalny balsam do cia\u0142a o zapachu owoc\u00f3w le\u015bnych<\/b><span style=\"font-weight: 400;\"> to wielokrotnie nagradzany i doceniany naturalny produkt kosmetyczny. Jest odpowiedni dla ka\u017cdego, kto ceni skuteczne rozwi\u0105zania w duchu zero i less waste, nie chce produkowa\u0107 niepotrzebnych plastikowych \u015bmieci, a los zwierz\u0105t i wega\u0144skie produkty s\u0105 bliskie jego sercu. Brzmi jak produkt idealny dla Ciebie? Bo tak jest!\u00a0<\/span><\/p>\n<p style=\"text-align: justify;\"><span style=\"font-weight: 400;\">Co wi\u0119cej, przemy\u015blana kompozycja tego produktu sprawia, \u017ce jest on odpowiedni do piel\u0119gnacji ka\u017cdej sk\u00f3ry, nawet tej, kt\u00f3ra wymaga wyj\u0105tkowej troski. U\u017cyte sk\u0142adniki maj\u0105 dzia\u0142anie \u0142agodz\u0105ce, nawil\u017caj\u0105ce, dbaj\u0105ce o sk\u00f3r\u0119, pomagaj\u0105ce jej w zachowaniu r\u00f3wnowagi i zdrowego wygl\u0105du.\u00a0<\/span><\/p>\n<p style=\"text-align: justify;\"><span style=\"font-weight: 400;\">Produkt wystarcza na d\u0142ugi czas stosowania &#8211; wszystko dlatego, \u017ce jest niezwykle wydajny! Wystarczy ju\u017c odrobina na\u0142o\u017cona na sk\u00f3r\u0119, by uzyska\u0107 pi\u0119kne nawil\u017cenie. Naprawd\u0119! No i ten zapach, kt\u00f3ry sprawi, \u017ce b\u0119dziesz chcie\u0107 go wyjada\u0107 \u0142y\u017ck\u0105 prosto ze szklanego s\u0142oiczka, w kt\u00f3rym go zamkn\u0119li\u015bmy! Mo\u017ce lepiej tego nie r\u00f3b i u\u017cywaj go tylko na sk\u00f3r\u0119! Chocia\u017c\u2026 jak zobaczysz, sk\u0142adniki w nim u\u017cyte raczej Ci nie zaszkodz\u0105, nawet je\u015bli nie oprzesz si\u0119 pokusie, by go skosztowa\u0107.\u00a0<\/span><\/p>\n<p style=\"text-align: justify;\"><span style=\"font-weight: 400;\">Dodatkowym wyr\u00f3\u017cnikiem naszego balsamu do cia\u0142a jest fakt u\u017cycia w nim oleju konopnego, bogatego w fitosk\u0142adniki, kt\u00f3re dope\u0142niaj\u0105 dbania o ka\u017cdy typ sk\u00f3ry w \u0142agodny, ale i skuteczny spos\u00f3b!\u00a0<\/span><\/p>\n<p><strong>Producent\/ Podmiot odpowiedzialny:<\/strong><\/p>\n<p>Biodio Lab Sp. z o.o.<br \/>\nUl. Choroszcza\u0144ska 24<br \/>\n15-732 Bia\u0142ystok<\/p>\n","protected":false},"excerpt":{"rendered":"<h2><strong>Jogurtowy mus konopny do cia\u0142a o zapachu owoc\u00f3w le\u015bnych:<\/strong><\/h2>\n<ul>\n<li>100% naturalny produkt<\/li>\n<li>wega\u0144ski<\/li>\n<li>bardzo wydajna formu\u0142a<\/li>\n<li>polski produkt<\/li>\n<\/ul>\n<p><strong>Pojemno\u015b\u0107: 100 ml<\/strong><\/p>\n","protected":false},"featured_media":134692,"template":"","meta":{"_acf_changed":false},"product_brand":[],"product_cat":[438,111,437,141,28],"product_tag":[],"class_list":{"0":"post-592","1":"product","2":"type-product","3":"status-publish","4":"has-post-thumbnail","6":"product_cat-hempking","7":"product_cat-kosmetyki-do-ciala-z-konopi","8":"product_cat-marki","9":"product_cat-obnizka-produktow-do-25","10":"product_cat-kosmetyki-konopne","12":"first","13":"instock","14":"shipping-taxable","15":"purchasable","16":"product-type-simple"},"acf":[],"yoast_head":"<!-- This site is optimized with the Yoast SEO Premium plugin v24.8 (Yoast SEO v27.3) - https:\/\/yoast.com\/product\/yoast-seo-premium-wordpress\/ -->\n<title>Jogurtowy Mus Konopny z CBD Owoce Le\u015bne Hempking<\/title>\n<meta name=\"description\" content=\"Jogurtowy mus konopny z CBD do cia\u0142a o zapachu owoc\u00f3w le\u015bnych. Niezwyk\u0142e bogactwo naturalnych sk\u0142adnik\u00f3w. Kup teraz na hempking.eu !\" \/>\n<meta name=\"robots\" content=\"index, follow\" \/>\n<link rel=\"canonical\" href=\"https:\/\/hempking.eu\/pl\/jogurtowy-mus-konopny-z-cbd-do-ciala-o-zapachu-owocow-lesnych\/\" \/>\n<meta property=\"og:locale\" content=\"pl_PL\" \/>\n<meta property=\"og:type\" content=\"article\" \/>\n<meta property=\"og:title\" content=\"Jogurtowy mus konopny z CBD do cia\u0142a o zapachu owoc\u00f3w le\u015bnych\" \/>\n<meta property=\"og:description\" content=\"Jogurtowy mus konopny z CBD do cia\u0142a o zapachu owoc\u00f3w le\u015bnych. Niezwyk\u0142e bogactwo naturalnych sk\u0142adnik\u00f3w. Kup teraz na hempking.eu !\" \/>\n<meta property=\"og:url\" content=\"https:\/\/hempking.eu\/pl\/jogurtowy-mus-konopny-z-cbd-do-ciala-o-zapachu-owocow-lesnych\/\" \/>\n<meta property=\"og:site_name\" content=\"Hemp King\" \/>\n<meta property=\"article:publisher\" content=\"https:\/\/www.facebook.com\/hempkingpoland\" \/>\n<meta property=\"article:modified_time\" content=\"2026-04-15T09:03:04+00:00\" \/>\n<meta property=\"og:image\" content=\"https:\/\/hempking.eu\/pl\/wp-content\/uploads\/sites\/2\/2020\/07\/jogurtowy-mus-do-ciala-4-1024x1024.png\" \/>\n\t<meta property=\"og:image:width\" content=\"1024\" \/>\n\t<meta property=\"og:image:height\" content=\"1024\" \/>\n\t<meta property=\"og:image:type\" content=\"image\/png\" \/>\n<meta name=\"twitter:card\" content=\"summary_large_image\" \/>\n<meta name=\"twitter:site\" content=\"@hempkingeu\" \/>\n<meta name=\"twitter:label1\" content=\"Cena\" \/>\n\t<meta name=\"twitter:data1\" content=\"56.99&nbsp;&#122;&#322;\" \/>\n\t<meta name=\"twitter:label2\" content=\"Dost\u0119pno\u015b\u0107\" \/>\n\t<meta name=\"twitter:data2\" content=\"Dost\u0119pny\" \/>\n<script type=\"application\/ld+json\" class=\"yoast-schema-graph\">{\"@context\":\"https:\\\/\\\/schema.org\",\"@graph\":[{\"@type\":\"WebPage\",\"@id\":\"https:\\\/\\\/hempking.eu\\\/pl\\\/jogurtowy-mus-konopny-z-cbd-do-ciala-o-zapachu-owocow-lesnych\\\/\",\"url\":\"https:\\\/\\\/hempking.eu\\\/pl\\\/jogurtowy-mus-konopny-z-cbd-do-ciala-o-zapachu-owocow-lesnych\\\/\",\"name\":\"Jogurtowy Mus Konopny z CBD Owoce Le\u015bne Hempking\",\"isPartOf\":{\"@id\":\"https:\\\/\\\/hempking.eu\\\/pl\\\/#website\"},\"primaryImageOfPage\":{\"@id\":\"https:\\\/\\\/hempking.eu\\\/pl\\\/jogurtowy-mus-konopny-z-cbd-do-ciala-o-zapachu-owocow-lesnych\\\/#primaryimage\"},\"image\":{\"@id\":\"https:\\\/\\\/hempking.eu\\\/pl\\\/jogurtowy-mus-konopny-z-cbd-do-ciala-o-zapachu-owocow-lesnych\\\/#primaryimage\"},\"thumbnailUrl\":\"https:\\\/\\\/hempking.eu\\\/pl\\\/wp-content\\\/uploads\\\/sites\\\/2\\\/2020\\\/07\\\/jogurtowy-mus-do-ciala-4.png\",\"datePublished\":\"2020-07-10T10:56:12+00:00\",\"dateModified\":\"2026-04-15T09:03:04+00:00\",\"description\":\"Jogurtowy mus konopny z CBD do cia\u0142a o zapachu owoc\u00f3w le\u015bnych. Niezwyk\u0142e bogactwo naturalnych sk\u0142adnik\u00f3w. Kup teraz na hempking.eu !\",\"breadcrumb\":{\"@id\":\"https:\\\/\\\/hempking.eu\\\/pl\\\/jogurtowy-mus-konopny-z-cbd-do-ciala-o-zapachu-owocow-lesnych\\\/#breadcrumb\"},\"inLanguage\":\"pl-PL\",\"potentialAction\":[{\"@type\":\"ReadAction\",\"target\":[\"https:\\\/\\\/hempking.eu\\\/pl\\\/jogurtowy-mus-konopny-z-cbd-do-ciala-o-zapachu-owocow-lesnych\\\/\"]}]},{\"@type\":\"ImageObject\",\"inLanguage\":\"pl-PL\",\"@id\":\"https:\\\/\\\/hempking.eu\\\/pl\\\/jogurtowy-mus-konopny-z-cbd-do-ciala-o-zapachu-owocow-lesnych\\\/#primaryimage\",\"url\":\"https:\\\/\\\/hempking.eu\\\/pl\\\/wp-content\\\/uploads\\\/sites\\\/2\\\/2020\\\/07\\\/jogurtowy-mus-do-ciala-4.png\",\"contentUrl\":\"https:\\\/\\\/hempking.eu\\\/pl\\\/wp-content\\\/uploads\\\/sites\\\/2\\\/2020\\\/07\\\/jogurtowy-mus-do-ciala-4.png\",\"width\":4000,\"height\":4000,\"caption\":\"jogurtowy mus do cia\u0142a hempking\"},{\"@type\":\"BreadcrumbList\",\"@id\":\"https:\\\/\\\/hempking.eu\\\/pl\\\/jogurtowy-mus-konopny-z-cbd-do-ciala-o-zapachu-owocow-lesnych\\\/#breadcrumb\",\"itemListElement\":[{\"@type\":\"ListItem\",\"position\":1,\"name\":\"Home\",\"item\":\"https:\\\/\\\/hempking.eu\\\/pl\\\/\"},{\"@type\":\"ListItem\",\"position\":2,\"name\":\"Sklep\",\"item\":\"https:\\\/\\\/hempking.eu\\\/pl\\\/shop\\\/\"},{\"@type\":\"ListItem\",\"position\":3,\"name\":\"\ud83e\uddf4Kosmetyki konopne\",\"item\":\"https:\\\/\\\/hempking.eu\\\/pl\\\/kosmetyki-konopne\\\/\"},{\"@type\":\"ListItem\",\"position\":4,\"name\":\"Jogurtowy mus konopny z CBD do cia\u0142a o zapachu owoc\u00f3w le\u015bnych\"}]},{\"@type\":\"WebSite\",\"@id\":\"https:\\\/\\\/hempking.eu\\\/pl\\\/#website\",\"url\":\"https:\\\/\\\/hempking.eu\\\/pl\\\/\",\"name\":\"Hemp King\",\"description\":\"\",\"publisher\":{\"@id\":\"https:\\\/\\\/hempking.eu\\\/pl\\\/#organization\"},\"potentialAction\":[{\"@type\":\"SearchAction\",\"target\":{\"@type\":\"EntryPoint\",\"urlTemplate\":\"https:\\\/\\\/hempking.eu\\\/pl\\\/?s={search_term_string}\"},\"query-input\":{\"@type\":\"PropertyValueSpecification\",\"valueRequired\":true,\"valueName\":\"search_term_string\"}}],\"inLanguage\":\"pl-PL\"},{\"@type\":\"Organization\",\"@id\":\"https:\\\/\\\/hempking.eu\\\/pl\\\/#organization\",\"name\":\"Hemp King\",\"url\":\"https:\\\/\\\/hempking.eu\\\/pl\\\/\",\"logo\":{\"@type\":\"ImageObject\",\"inLanguage\":\"pl-PL\",\"@id\":\"https:\\\/\\\/hempking.eu\\\/pl\\\/#\\\/schema\\\/logo\\\/image\\\/\",\"url\":\"https:\\\/\\\/hempking.eu\\\/pl\\\/wp-content\\\/uploads\\\/sites\\\/2\\\/2020\\\/05\\\/hempking.png\",\"contentUrl\":\"https:\\\/\\\/hempking.eu\\\/pl\\\/wp-content\\\/uploads\\\/sites\\\/2\\\/2020\\\/05\\\/hempking.png\",\"width\":148,\"height\":91,\"caption\":\"Hemp King\"},\"image\":{\"@id\":\"https:\\\/\\\/hempking.eu\\\/pl\\\/#\\\/schema\\\/logo\\\/image\\\/\"},\"sameAs\":[\"https:\\\/\\\/www.facebook.com\\\/hempkingpoland\",\"https:\\\/\\\/x.com\\\/hempkingeu\",\"https:\\\/\\\/www.instagram.com\\\/hempkingeu\\\/\",\"https:\\\/\\\/www.linkedin.com\\\/company\\\/hempking-eu\\\/mycompany\\\/\",\"https:\\\/\\\/pl.pinterest.com\\\/hempkingeu\\\/\",\"https:\\\/\\\/www.youtube.com\\\/channel\\\/UCUkeZA1fj4hSZfoYm0WpZ7w\"]}]}<\/script>\n<meta property=\"product:price:amount\" content=\"56.99\" \/>\n<meta property=\"product:price:currency\" content=\"PLN\" \/>\n<meta property=\"og:availability\" content=\"instock\" \/>\n<meta property=\"product:availability\" content=\"instock\" \/>\n<meta property=\"product:retailer_item_id\" content=\"5903636627106\" \/>\n<meta property=\"product:condition\" content=\"new\" \/>\n<!-- \/ Yoast SEO Premium plugin. -->","yoast_head_json":{"title":"Jogurtowy Mus Konopny z CBD Owoce Le\u015bne Hempking","description":"Jogurtowy mus konopny z CBD do cia\u0142a o zapachu owoc\u00f3w le\u015bnych. Niezwyk\u0142e bogactwo naturalnych sk\u0142adnik\u00f3w. Kup teraz na hempking.eu !","robots":{"index":"index","follow":"follow"},"canonical":"https:\/\/hempking.eu\/pl\/jogurtowy-mus-konopny-z-cbd-do-ciala-o-zapachu-owocow-lesnych\/","og_locale":"pl_PL","og_type":"article","og_title":"Jogurtowy mus konopny z CBD do cia\u0142a o zapachu owoc\u00f3w le\u015bnych","og_description":"Jogurtowy mus konopny z CBD do cia\u0142a o zapachu owoc\u00f3w le\u015bnych. Niezwyk\u0142e bogactwo naturalnych sk\u0142adnik\u00f3w. Kup teraz na hempking.eu !","og_url":"https:\/\/hempking.eu\/pl\/jogurtowy-mus-konopny-z-cbd-do-ciala-o-zapachu-owocow-lesnych\/","og_site_name":"Hemp King","article_publisher":"https:\/\/www.facebook.com\/hempkingpoland","article_modified_time":"2026-04-15T09:03:04+00:00","og_image":[{"width":1024,"height":1024,"url":"https:\/\/hempking.eu\/pl\/wp-content\/uploads\/sites\/2\/2020\/07\/jogurtowy-mus-do-ciala-4-1024x1024.png","type":"image\/png"}],"twitter_card":"summary_large_image","twitter_site":"@hempkingeu","twitter_misc":{"Cena":"56.99&nbsp;&#122;&#322;","Dost\u0119pno\u015b\u0107":"Dost\u0119pny"},"schema":{"@context":"https:\/\/schema.org","@graph":[{"@type":"WebPage","@id":"https:\/\/hempking.eu\/pl\/jogurtowy-mus-konopny-z-cbd-do-ciala-o-zapachu-owocow-lesnych\/","url":"https:\/\/hempking.eu\/pl\/jogurtowy-mus-konopny-z-cbd-do-ciala-o-zapachu-owocow-lesnych\/","name":"Jogurtowy Mus Konopny z CBD Owoce Le\u015bne Hempking","isPartOf":{"@id":"https:\/\/hempking.eu\/pl\/#website"},"primaryImageOfPage":{"@id":"https:\/\/hempking.eu\/pl\/jogurtowy-mus-konopny-z-cbd-do-ciala-o-zapachu-owocow-lesnych\/#primaryimage"},"image":{"@id":"https:\/\/hempking.eu\/pl\/jogurtowy-mus-konopny-z-cbd-do-ciala-o-zapachu-owocow-lesnych\/#primaryimage"},"thumbnailUrl":"https:\/\/hempking.eu\/pl\/wp-content\/uploads\/sites\/2\/2020\/07\/jogurtowy-mus-do-ciala-4.png","datePublished":"2020-07-10T10:56:12+00:00","dateModified":"2026-04-15T09:03:04+00:00","description":"Jogurtowy mus konopny z CBD do cia\u0142a o zapachu owoc\u00f3w le\u015bnych. Niezwyk\u0142e bogactwo naturalnych sk\u0142adnik\u00f3w. Kup teraz na hempking.eu !","breadcrumb":{"@id":"https:\/\/hempking.eu\/pl\/jogurtowy-mus-konopny-z-cbd-do-ciala-o-zapachu-owocow-lesnych\/#breadcrumb"},"inLanguage":"pl-PL","potentialAction":[{"@type":"ReadAction","target":["https:\/\/hempking.eu\/pl\/jogurtowy-mus-konopny-z-cbd-do-ciala-o-zapachu-owocow-lesnych\/"]}]},{"@type":"ImageObject","inLanguage":"pl-PL","@id":"https:\/\/hempking.eu\/pl\/jogurtowy-mus-konopny-z-cbd-do-ciala-o-zapachu-owocow-lesnych\/#primaryimage","url":"https:\/\/hempking.eu\/pl\/wp-content\/uploads\/sites\/2\/2020\/07\/jogurtowy-mus-do-ciala-4.png","contentUrl":"https:\/\/hempking.eu\/pl\/wp-content\/uploads\/sites\/2\/2020\/07\/jogurtowy-mus-do-ciala-4.png","width":4000,"height":4000,"caption":"jogurtowy mus do cia\u0142a hempking"},{"@type":"BreadcrumbList","@id":"https:\/\/hempking.eu\/pl\/jogurtowy-mus-konopny-z-cbd-do-ciala-o-zapachu-owocow-lesnych\/#breadcrumb","itemListElement":[{"@type":"ListItem","position":1,"name":"Home","item":"https:\/\/hempking.eu\/pl\/"},{"@type":"ListItem","position":2,"name":"Sklep","item":"https:\/\/hempking.eu\/pl\/shop\/"},{"@type":"ListItem","position":3,"name":"\ud83e\uddf4Kosmetyki konopne","item":"https:\/\/hempking.eu\/pl\/kosmetyki-konopne\/"},{"@type":"ListItem","position":4,"name":"Jogurtowy mus konopny z CBD do cia\u0142a o zapachu owoc\u00f3w le\u015bnych"}]},{"@type":"WebSite","@id":"https:\/\/hempking.eu\/pl\/#website","url":"https:\/\/hempking.eu\/pl\/","name":"Hemp King","description":"","publisher":{"@id":"https:\/\/hempking.eu\/pl\/#organization"},"potentialAction":[{"@type":"SearchAction","target":{"@type":"EntryPoint","urlTemplate":"https:\/\/hempking.eu\/pl\/?s={search_term_string}"},"query-input":{"@type":"PropertyValueSpecification","valueRequired":true,"valueName":"search_term_string"}}],"inLanguage":"pl-PL"},{"@type":"Organization","@id":"https:\/\/hempking.eu\/pl\/#organization","name":"Hemp King","url":"https:\/\/hempking.eu\/pl\/","logo":{"@type":"ImageObject","inLanguage":"pl-PL","@id":"https:\/\/hempking.eu\/pl\/#\/schema\/logo\/image\/","url":"https:\/\/hempking.eu\/pl\/wp-content\/uploads\/sites\/2\/2020\/05\/hempking.png","contentUrl":"https:\/\/hempking.eu\/pl\/wp-content\/uploads\/sites\/2\/2020\/05\/hempking.png","width":148,"height":91,"caption":"Hemp King"},"image":{"@id":"https:\/\/hempking.eu\/pl\/#\/schema\/logo\/image\/"},"sameAs":["https:\/\/www.facebook.com\/hempkingpoland","https:\/\/x.com\/hempkingeu","https:\/\/www.instagram.com\/hempkingeu\/","https:\/\/www.linkedin.com\/company\/hempking-eu\/mycompany\/","https:\/\/pl.pinterest.com\/hempkingeu\/","https:\/\/www.youtube.com\/channel\/UCUkeZA1fj4hSZfoYm0WpZ7w"]}]},"product_price_amount":"56.99","product_price_currency":"PLN","og_availability":"instock","product_availability":"instock","product_retailer_item_id":"5903636627106","product_condition":"new"},"df_price":56.99,"df_sale_price":"","df_regular_price":56.99,"df_image_link":"https:\/\/hempking.eu\/pl\/wp-content\/uploads\/sites\/2\/2020\/07\/jogurtowy-mus-do-ciala-4-300x300.png","_links":{"self":[{"href":"https:\/\/hempking.eu\/pl\/wp-json\/wp\/v2\/product\/592","targetHints":{"allow":["GET"]}}],"collection":[{"href":"https:\/\/hempking.eu\/pl\/wp-json\/wp\/v2\/product"}],"about":[{"href":"https:\/\/hempking.eu\/pl\/wp-json\/wp\/v2\/types\/product"}],"wp:featuredmedia":[{"embeddable":true,"href":"https:\/\/hempking.eu\/pl\/wp-json\/wp\/v2\/media\/134692"}],"wp:attachment":[{"href":"https:\/\/hempking.eu\/pl\/wp-json\/wp\/v2\/media?parent=592"}],"wp:term":[{"taxonomy":"product_brand","embeddable":true,"href":"https:\/\/hempking.eu\/pl\/wp-json\/wp\/v2\/product_brand?post=592"},{"taxonomy":"product_cat","embeddable":true,"href":"https:\/\/hempking.eu\/pl\/wp-json\/wp\/v2\/product_cat?post=592"},{"taxonomy":"product_tag","embeddable":true,"href":"https:\/\/hempking.eu\/pl\/wp-json\/wp\/v2\/product_tag?post=592"}],"curies":[{"name":"wp","href":"https:\/\/api.w.org\/{rel}","templated":true}]}}