{"id":605,"date":"2020-07-10T13:31:44","date_gmt":"2020-07-10T11:31:44","guid":{"rendered":"https:\/\/hempking.eu\/pl\/?post_type=product&#038;p=605"},"modified":"2025-08-06T15:07:50","modified_gmt":"2025-08-06T13:07:50","slug":"bio-bialko-konopne-kakaowe-250g","status":"publish","type":"product","link":"https:\/\/hempking.eu\/pl\/bio-bialko-konopne-kakaowe-250g\/","title":{"rendered":"BIO bia\u0142ko konopne - kakao \u2013 250 g"},"content":{"rendered":"<h2>BIO bia\u0142ko konopne kakaowe &#8211; Twoje \u017ar\u00f3d\u0142o protein z konopi<\/h2>\n<p>BIO bia\u0142ko konopne kakaowe powsta\u0142o w 80% z nasion konopi siewnych, z ekologicznych upraw konopi oraz 20% organicznego kakao.<br \/>\nMa wysok\u0105 zawarto\u015b\u0107 nienasyconych kwas\u00f3w t\u0142uszczowych. To \u017ar\u00f3d\u0142o protein z ca\u0142ym profilem aminokwas\u00f3w.<\/p>\n<p>Odpowiednie dla wegan i wegetarian!<\/p>\n<p>A do tego wyj\u0105tkowy smak kakao!<\/p>\n<p><span style=\"text-decoration: underline;\">BIO bia\u0142ko konopne z kakao to:<\/span><\/p>\n<ul>\n<li>uzupe\u0142nienie zdrowej diety,<\/li>\n<li>kakaowy smak dla urozmaicenia,<\/li>\n<li>polskie organiczne konopie z certyfikowanych upraw,<\/li>\n<li>\u017ar\u00f3d\u0142o nienasyconych kwas\u00f3w t\u0142uszczowych omega-3 i omega-6,<\/li>\n<li>bogactwo aminokwas\u00f3w,<\/li>\n<li>brak glutenu,<\/li>\n<li>bogate \u017ar\u00f3d\u0142o b\u0142onnika,<\/li>\n<li>pewno\u015b\u0107 pochodzenia bia\u0142ka.<\/li>\n<\/ul>\n<p>Nasze bia\u0142ko kakaowe wytwarzamy <strong>metod\u0105 zimnego mielenia<\/strong>, dzi\u0119ki czemu zachowuje mo\u017cliwie najwi\u0119cej sk\u0142adnik\u00f3w od\u017cywczych.<\/p>\n<h2>Dla kogo jest BIO bia\u0142ko konopne z dodatkiem kakao?<\/h2>\n<p><span style=\"text-decoration: underline;\">BIO bia\u0142ko konopne z kakao stworzyli\u015bmy z my\u015bl\u0105 o wszystkich, kt\u00f3rzy:<\/span><\/p>\n<ul>\n<li>dbaj\u0105 o lini\u0119,<\/li>\n<li>s\u0105 aktywni fizycznie,<\/li>\n<li>stosuj\u0105 diet\u0119 wega\u0144sk\u0105 lub wegetaria\u0144sk\u0105,<\/li>\n<li>dbaj\u0105 o sk\u0142adniki produkt\u00f3w, kt\u00f3re spo\u017cywaj\u0105,<\/li>\n<li>lubi\u0105 ciekawe smaki,<\/li>\n<li>chc\u0105 spo\u017cywa\u0107 bia\u0142ko, ale z dodatkiem kakao.<\/li>\n<\/ul>\n<p><strong>Producent\/ Podmiot odpowiedzialny:<\/strong><\/p>\n<p>Biodio Lab Sp. z o.o.<br \/>\nUl. Choroszcza\u0144ska 24<br \/>\n15-732 Bia\u0142ystok<\/p>\n","protected":false},"excerpt":{"rendered":"<h2><strong>BIO bia\u0142ko konopne kakaowe to:<\/strong><\/h2>\n<ul>\n<li>organiczne bia\u0142ko konopne z dodatkiem kakao<\/li>\n<li>\u017ar\u00f3d\u0142o naturalnych ro\u015blinnych protein<\/li>\n<li>czysty biologicznie produkt<\/li>\n<li>idealny dla wegan i wegetarian<\/li>\n<li>brak glutenu<\/li>\n<\/ul>\n<p><strong>Waga: 250g<\/strong><\/p>\n","protected":false},"featured_media":87464,"template":"","meta":{"_acf_changed":false},"product_brand":[],"product_cat":[27,117,443,438,437,141,23],"product_tag":[],"class_list":{"0":"post-605","1":"product","2":"type-product","3":"status-publish","4":"has-post-thumbnail","6":"product_cat-bialko-konopne","7":"product_cat-bialko-roslinne","8":"product_cat-bio","9":"product_cat-hempking","10":"product_cat-marki","11":"product_cat-obnizka-produktow-do-25","12":"product_cat-zywnosc-konopna","14":"first","15":"outofstock","16":"shipping-taxable","17":"purchasable","18":"product-type-simple"},"acf":[],"yoast_head":"<!-- This site is optimized with the Yoast SEO Premium plugin v24.8 (Yoast SEO v27.3) - https:\/\/yoast.com\/product\/yoast-seo-premium-wordpress\/ -->\n<title>Bio bia\u0142ko konopne kakaowe 250 g - HempKing<\/title>\n<meta name=\"description\" content=\"Bio bia\u0142ko konopne kakaowe. Czyste sk\u0142adniki: 80% konopi siewnych i 20% bio kakao. \u0179r\u00f3d\u0142o protein z ca\u0142ym profilem aminokwas\u00f3w. Wypr\u00f3buj!\" \/>\n<meta name=\"robots\" content=\"index, follow\" \/>\n<link rel=\"canonical\" href=\"https:\/\/hempking.eu\/pl\/bio-bialko-konopne-kakaowe-250g\/\" \/>\n<meta property=\"og:locale\" content=\"pl_PL\" \/>\n<meta property=\"og:type\" content=\"article\" \/>\n<meta property=\"og:title\" content=\"BIO bia\u0142ko konopne - kakao \u2013 250 g\" \/>\n<meta property=\"og:description\" content=\"Bio bia\u0142ko konopne kakaowe. Czyste sk\u0142adniki: 80% konopi siewnych i 20% bio kakao. \u0179r\u00f3d\u0142o protein z ca\u0142ym profilem aminokwas\u00f3w. Wypr\u00f3buj!\" \/>\n<meta property=\"og:url\" content=\"https:\/\/hempking.eu\/pl\/bio-bialko-konopne-kakaowe-250g\/\" \/>\n<meta property=\"og:site_name\" content=\"Hemp King\" \/>\n<meta property=\"article:publisher\" content=\"https:\/\/www.facebook.com\/hempkingpoland\" \/>\n<meta property=\"article:modified_time\" content=\"2025-08-06T13:07:50+00:00\" \/>\n<meta property=\"og:image\" content=\"https:\/\/hempking.eu\/pl\/wp-content\/uploads\/sites\/2\/2022\/01\/bialko_kakao.jpg\" \/>\n\t<meta property=\"og:image:width\" content=\"1000\" \/>\n\t<meta property=\"og:image:height\" content=\"1000\" \/>\n\t<meta property=\"og:image:type\" content=\"image\/jpeg\" \/>\n<meta name=\"twitter:card\" content=\"summary_large_image\" \/>\n<meta name=\"twitter:site\" content=\"@hempkingeu\" \/>\n<meta name=\"twitter:label1\" content=\"Cena\" \/>\n\t<meta name=\"twitter:data1\" content=\"45.55&nbsp;&#122;&#322;\" \/>\n\t<meta name=\"twitter:label2\" content=\"Dost\u0119pno\u015b\u0107\" \/>\n\t<meta name=\"twitter:data2\" content=\"Brak w magazynie\" \/>\n<script type=\"application\/ld+json\" class=\"yoast-schema-graph\">{\"@context\":\"https:\\\/\\\/schema.org\",\"@graph\":[{\"@type\":\"WebPage\",\"@id\":\"https:\\\/\\\/hempking.eu\\\/pl\\\/bio-bialko-konopne-kakaowe-250g\\\/\",\"url\":\"https:\\\/\\\/hempking.eu\\\/pl\\\/bio-bialko-konopne-kakaowe-250g\\\/\",\"name\":\"Bio bia\u0142ko konopne kakaowe 250 g - HempKing\",\"isPartOf\":{\"@id\":\"https:\\\/\\\/hempking.eu\\\/pl\\\/#website\"},\"primaryImageOfPage\":{\"@id\":\"https:\\\/\\\/hempking.eu\\\/pl\\\/bio-bialko-konopne-kakaowe-250g\\\/#primaryimage\"},\"image\":{\"@id\":\"https:\\\/\\\/hempking.eu\\\/pl\\\/bio-bialko-konopne-kakaowe-250g\\\/#primaryimage\"},\"thumbnailUrl\":\"https:\\\/\\\/hempking.eu\\\/pl\\\/wp-content\\\/uploads\\\/sites\\\/2\\\/2022\\\/01\\\/bialko_kakao.jpg\",\"datePublished\":\"2020-07-10T11:31:44+00:00\",\"dateModified\":\"2025-08-06T13:07:50+00:00\",\"description\":\"Bio bia\u0142ko konopne kakaowe. Czyste sk\u0142adniki: 80% konopi siewnych i 20% bio kakao. \u0179r\u00f3d\u0142o protein z ca\u0142ym profilem aminokwas\u00f3w. Wypr\u00f3buj!\",\"breadcrumb\":{\"@id\":\"https:\\\/\\\/hempking.eu\\\/pl\\\/bio-bialko-konopne-kakaowe-250g\\\/#breadcrumb\"},\"inLanguage\":\"pl-PL\",\"potentialAction\":[{\"@type\":\"ReadAction\",\"target\":[\"https:\\\/\\\/hempking.eu\\\/pl\\\/bio-bialko-konopne-kakaowe-250g\\\/\"]}]},{\"@type\":\"ImageObject\",\"inLanguage\":\"pl-PL\",\"@id\":\"https:\\\/\\\/hempking.eu\\\/pl\\\/bio-bialko-konopne-kakaowe-250g\\\/#primaryimage\",\"url\":\"https:\\\/\\\/hempking.eu\\\/pl\\\/wp-content\\\/uploads\\\/sites\\\/2\\\/2022\\\/01\\\/bialko_kakao.jpg\",\"contentUrl\":\"https:\\\/\\\/hempking.eu\\\/pl\\\/wp-content\\\/uploads\\\/sites\\\/2\\\/2022\\\/01\\\/bialko_kakao.jpg\",\"width\":1000,\"height\":1000,\"caption\":\"Bia\u0142ko konopne kakaowe 250g HempKing\"},{\"@type\":\"BreadcrumbList\",\"@id\":\"https:\\\/\\\/hempking.eu\\\/pl\\\/bio-bialko-konopne-kakaowe-250g\\\/#breadcrumb\",\"itemListElement\":[{\"@type\":\"ListItem\",\"position\":1,\"name\":\"Home\",\"item\":\"https:\\\/\\\/hempking.eu\\\/pl\\\/\"},{\"@type\":\"ListItem\",\"position\":2,\"name\":\"Sklep\",\"item\":\"https:\\\/\\\/hempking.eu\\\/pl\\\/shop\\\/\"},{\"@type\":\"ListItem\",\"position\":3,\"name\":\"\ud83e\udd6c \u017bywno\u015b\u0107 konopna\",\"item\":\"https:\\\/\\\/hempking.eu\\\/pl\\\/zywnosc-konopna\\\/\"},{\"@type\":\"ListItem\",\"position\":4,\"name\":\"Bia\u0142ko konopne\",\"item\":\"https:\\\/\\\/hempking.eu\\\/pl\\\/bialko-konopne\\\/\"},{\"@type\":\"ListItem\",\"position\":5,\"name\":\"BIO bia\u0142ko konopne - kakao \u2013 250 g\"}]},{\"@type\":\"WebSite\",\"@id\":\"https:\\\/\\\/hempking.eu\\\/pl\\\/#website\",\"url\":\"https:\\\/\\\/hempking.eu\\\/pl\\\/\",\"name\":\"Hemp King\",\"description\":\"\",\"publisher\":{\"@id\":\"https:\\\/\\\/hempking.eu\\\/pl\\\/#organization\"},\"potentialAction\":[{\"@type\":\"SearchAction\",\"target\":{\"@type\":\"EntryPoint\",\"urlTemplate\":\"https:\\\/\\\/hempking.eu\\\/pl\\\/?s={search_term_string}\"},\"query-input\":{\"@type\":\"PropertyValueSpecification\",\"valueRequired\":true,\"valueName\":\"search_term_string\"}}],\"inLanguage\":\"pl-PL\"},{\"@type\":\"Organization\",\"@id\":\"https:\\\/\\\/hempking.eu\\\/pl\\\/#organization\",\"name\":\"Hemp King\",\"url\":\"https:\\\/\\\/hempking.eu\\\/pl\\\/\",\"logo\":{\"@type\":\"ImageObject\",\"inLanguage\":\"pl-PL\",\"@id\":\"https:\\\/\\\/hempking.eu\\\/pl\\\/#\\\/schema\\\/logo\\\/image\\\/\",\"url\":\"https:\\\/\\\/hempking.eu\\\/pl\\\/wp-content\\\/uploads\\\/sites\\\/2\\\/2020\\\/05\\\/hempking.png\",\"contentUrl\":\"https:\\\/\\\/hempking.eu\\\/pl\\\/wp-content\\\/uploads\\\/sites\\\/2\\\/2020\\\/05\\\/hempking.png\",\"width\":148,\"height\":91,\"caption\":\"Hemp King\"},\"image\":{\"@id\":\"https:\\\/\\\/hempking.eu\\\/pl\\\/#\\\/schema\\\/logo\\\/image\\\/\"},\"sameAs\":[\"https:\\\/\\\/www.facebook.com\\\/hempkingpoland\",\"https:\\\/\\\/x.com\\\/hempkingeu\",\"https:\\\/\\\/www.instagram.com\\\/hempkingeu\\\/\",\"https:\\\/\\\/www.linkedin.com\\\/company\\\/hempking-eu\\\/mycompany\\\/\",\"https:\\\/\\\/pl.pinterest.com\\\/hempkingeu\\\/\",\"https:\\\/\\\/www.youtube.com\\\/channel\\\/UCUkeZA1fj4hSZfoYm0WpZ7w\"]}]}<\/script>\n<meta property=\"product:price:amount\" content=\"45.55\" \/>\n<meta property=\"product:price:currency\" content=\"PLN\" \/>\n<meta property=\"og:availability\" content=\"out of stock\" \/>\n<meta property=\"product:availability\" content=\"out of stock\" \/>\n<meta property=\"product:retailer_item_id\" content=\"5903636627205\" \/>\n<meta property=\"product:condition\" content=\"new\" \/>\n<!-- \/ Yoast SEO Premium plugin. -->","yoast_head_json":{"title":"Bio bia\u0142ko konopne kakaowe 250 g - HempKing","description":"Bio bia\u0142ko konopne kakaowe. Czyste sk\u0142adniki: 80% konopi siewnych i 20% bio kakao. \u0179r\u00f3d\u0142o protein z ca\u0142ym profilem aminokwas\u00f3w. Wypr\u00f3buj!","robots":{"index":"index","follow":"follow"},"canonical":"https:\/\/hempking.eu\/pl\/bio-bialko-konopne-kakaowe-250g\/","og_locale":"pl_PL","og_type":"article","og_title":"BIO bia\u0142ko konopne - kakao \u2013 250 g","og_description":"Bio bia\u0142ko konopne kakaowe. Czyste sk\u0142adniki: 80% konopi siewnych i 20% bio kakao. \u0179r\u00f3d\u0142o protein z ca\u0142ym profilem aminokwas\u00f3w. Wypr\u00f3buj!","og_url":"https:\/\/hempking.eu\/pl\/bio-bialko-konopne-kakaowe-250g\/","og_site_name":"Hemp King","article_publisher":"https:\/\/www.facebook.com\/hempkingpoland","article_modified_time":"2025-08-06T13:07:50+00:00","og_image":[{"width":1000,"height":1000,"url":"https:\/\/hempking.eu\/pl\/wp-content\/uploads\/sites\/2\/2022\/01\/bialko_kakao.jpg","type":"image\/jpeg"}],"twitter_card":"summary_large_image","twitter_site":"@hempkingeu","twitter_misc":{"Cena":"45.55&nbsp;&#122;&#322;","Dost\u0119pno\u015b\u0107":"Brak w magazynie"},"schema":{"@context":"https:\/\/schema.org","@graph":[{"@type":"WebPage","@id":"https:\/\/hempking.eu\/pl\/bio-bialko-konopne-kakaowe-250g\/","url":"https:\/\/hempking.eu\/pl\/bio-bialko-konopne-kakaowe-250g\/","name":"Bio bia\u0142ko konopne kakaowe 250 g - HempKing","isPartOf":{"@id":"https:\/\/hempking.eu\/pl\/#website"},"primaryImageOfPage":{"@id":"https:\/\/hempking.eu\/pl\/bio-bialko-konopne-kakaowe-250g\/#primaryimage"},"image":{"@id":"https:\/\/hempking.eu\/pl\/bio-bialko-konopne-kakaowe-250g\/#primaryimage"},"thumbnailUrl":"https:\/\/hempking.eu\/pl\/wp-content\/uploads\/sites\/2\/2022\/01\/bialko_kakao.jpg","datePublished":"2020-07-10T11:31:44+00:00","dateModified":"2025-08-06T13:07:50+00:00","description":"Bio bia\u0142ko konopne kakaowe. Czyste sk\u0142adniki: 80% konopi siewnych i 20% bio kakao. \u0179r\u00f3d\u0142o protein z ca\u0142ym profilem aminokwas\u00f3w. Wypr\u00f3buj!","breadcrumb":{"@id":"https:\/\/hempking.eu\/pl\/bio-bialko-konopne-kakaowe-250g\/#breadcrumb"},"inLanguage":"pl-PL","potentialAction":[{"@type":"ReadAction","target":["https:\/\/hempking.eu\/pl\/bio-bialko-konopne-kakaowe-250g\/"]}]},{"@type":"ImageObject","inLanguage":"pl-PL","@id":"https:\/\/hempking.eu\/pl\/bio-bialko-konopne-kakaowe-250g\/#primaryimage","url":"https:\/\/hempking.eu\/pl\/wp-content\/uploads\/sites\/2\/2022\/01\/bialko_kakao.jpg","contentUrl":"https:\/\/hempking.eu\/pl\/wp-content\/uploads\/sites\/2\/2022\/01\/bialko_kakao.jpg","width":1000,"height":1000,"caption":"Bia\u0142ko konopne kakaowe 250g HempKing"},{"@type":"BreadcrumbList","@id":"https:\/\/hempking.eu\/pl\/bio-bialko-konopne-kakaowe-250g\/#breadcrumb","itemListElement":[{"@type":"ListItem","position":1,"name":"Home","item":"https:\/\/hempking.eu\/pl\/"},{"@type":"ListItem","position":2,"name":"Sklep","item":"https:\/\/hempking.eu\/pl\/shop\/"},{"@type":"ListItem","position":3,"name":"\ud83e\udd6c \u017bywno\u015b\u0107 konopna","item":"https:\/\/hempking.eu\/pl\/zywnosc-konopna\/"},{"@type":"ListItem","position":4,"name":"Bia\u0142ko konopne","item":"https:\/\/hempking.eu\/pl\/bialko-konopne\/"},{"@type":"ListItem","position":5,"name":"BIO bia\u0142ko konopne - kakao \u2013 250 g"}]},{"@type":"WebSite","@id":"https:\/\/hempking.eu\/pl\/#website","url":"https:\/\/hempking.eu\/pl\/","name":"Hemp King","description":"","publisher":{"@id":"https:\/\/hempking.eu\/pl\/#organization"},"potentialAction":[{"@type":"SearchAction","target":{"@type":"EntryPoint","urlTemplate":"https:\/\/hempking.eu\/pl\/?s={search_term_string}"},"query-input":{"@type":"PropertyValueSpecification","valueRequired":true,"valueName":"search_term_string"}}],"inLanguage":"pl-PL"},{"@type":"Organization","@id":"https:\/\/hempking.eu\/pl\/#organization","name":"Hemp King","url":"https:\/\/hempking.eu\/pl\/","logo":{"@type":"ImageObject","inLanguage":"pl-PL","@id":"https:\/\/hempking.eu\/pl\/#\/schema\/logo\/image\/","url":"https:\/\/hempking.eu\/pl\/wp-content\/uploads\/sites\/2\/2020\/05\/hempking.png","contentUrl":"https:\/\/hempking.eu\/pl\/wp-content\/uploads\/sites\/2\/2020\/05\/hempking.png","width":148,"height":91,"caption":"Hemp King"},"image":{"@id":"https:\/\/hempking.eu\/pl\/#\/schema\/logo\/image\/"},"sameAs":["https:\/\/www.facebook.com\/hempkingpoland","https:\/\/x.com\/hempkingeu","https:\/\/www.instagram.com\/hempkingeu\/","https:\/\/www.linkedin.com\/company\/hempking-eu\/mycompany\/","https:\/\/pl.pinterest.com\/hempkingeu\/","https:\/\/www.youtube.com\/channel\/UCUkeZA1fj4hSZfoYm0WpZ7w"]}]},"product_price_amount":"45.55","product_price_currency":"PLN","og_availability":"out of stock","product_availability":"out of stock","product_retailer_item_id":"5903636627205","product_condition":"new"},"df_price":45.55,"df_sale_price":"","df_regular_price":45.55,"df_image_link":"https:\/\/hempking.eu\/pl\/wp-content\/uploads\/sites\/2\/2022\/01\/bialko_kakao-300x300.jpg","_links":{"self":[{"href":"https:\/\/hempking.eu\/pl\/wp-json\/wp\/v2\/product\/605","targetHints":{"allow":["GET"]}}],"collection":[{"href":"https:\/\/hempking.eu\/pl\/wp-json\/wp\/v2\/product"}],"about":[{"href":"https:\/\/hempking.eu\/pl\/wp-json\/wp\/v2\/types\/product"}],"wp:featuredmedia":[{"embeddable":true,"href":"https:\/\/hempking.eu\/pl\/wp-json\/wp\/v2\/media\/87464"}],"wp:attachment":[{"href":"https:\/\/hempking.eu\/pl\/wp-json\/wp\/v2\/media?parent=605"}],"wp:term":[{"taxonomy":"product_brand","embeddable":true,"href":"https:\/\/hempking.eu\/pl\/wp-json\/wp\/v2\/product_brand?post=605"},{"taxonomy":"product_cat","embeddable":true,"href":"https:\/\/hempking.eu\/pl\/wp-json\/wp\/v2\/product_cat?post=605"},{"taxonomy":"product_tag","embeddable":true,"href":"https:\/\/hempking.eu\/pl\/wp-json\/wp\/v2\/product_tag?post=605"}],"curies":[{"name":"wp","href":"https:\/\/api.w.org\/{rel}","templated":true}]}}