{"id":659,"date":"2020-07-13T12:44:09","date_gmt":"2020-07-13T10:44:09","guid":{"rendered":"https:\/\/hempking.eu\/pl\/?post_type=product&#038;p=659"},"modified":"2026-04-08T09:46:44","modified_gmt":"2026-04-08T07:46:44","slug":"2x-olej-cbd-5","status":"publish","type":"product","link":"https:\/\/hempking.eu\/pl\/2x-olej-cbd-5\/","title":{"rendered":"Zestaw: 2x olej CBD 5%"},"content":{"rendered":"<h2 style=\"text-align: justify\">Olej konopny 5% &#8211; w dwupaku taniej!<\/h2>\n<p style=\"text-align: justify\">Bestsellerowy olej konopny z fitosk\u0142adnikami o st\u0119\u017ceniu 5% teraz mo\u017cesz kupi\u0107 w zestawie! Dwa olejki 5% to podw\u00f3jna porcja dla wsparcia diety. Dwa pe\u0142nowymiarowe produkty, kt\u00f3re mo\u017cesz kupi\u0107 taniej.<\/p>\n<p style=\"text-align: justify\"><strong>W zestawie si\u0119 op\u0142aca!<\/strong><\/p>\n<div class=\"porto-products wpb_content_element\"><div class=\"woocommerce \"><ul class=\"products products-container list has-ccols has-ccols-spacing ccols-xl-1 ccols-lg-1 ccols-md-1 ccols-sm-1 ccols-2 pwidth-lg-1 pwidth-md-1 pwidth-xs-1 pwidth-ls-1 is-shortcode\"\n\t data-cur_page=\"1\" data-max_page=\"1\" data-product_layout=\"product-\" role=\"none\">\n\n<li role=\"none\" class=\"product-col product type-product post-151612 status-publish first instock product_cat-olej-konopny-full-spectrum product_cat-hempking product_cat-olej-cbd-5 product_cat-olej-cbd product_cat-suplementy-na-uklad-krazenia product_cat-suplementy-na-uklad-nerwowy product_cat-suplementy-na-uklad-odpornosciowy has-post-thumbnail shipping-taxable purchasable product-type-simple\">\n<div class=\"product-inner\">\n\t\n\t<div class=\"product-image\">\n\n\t\t<a  href=\"https:\/\/hempking.eu\/pl\/olej-cbd-5-500-mg-natural-10-ml-hempking\/\" aria-label=\"Go to product page\">\n\t\t\t<div class=\"inner\"><img decoding=\"async\" width=\"600\" height=\"600\" src=\"https:\/\/hempking.eu\/pl\/wp-content\/uploads\/sites\/2\/2023\/08\/Olejek_CBD_5_wizualizacja-600x600.jpg\" class=\"attachment-woocommerce_thumbnail size-woocommerce_thumbnail\" alt=\"Olej CBD Hempking 5% Natural - 10 ml\" srcset=\"https:\/\/hempking.eu\/pl\/wp-content\/uploads\/sites\/2\/2023\/08\/Olejek_CBD_5_wizualizacja-600x600.jpg 600w, https:\/\/hempking.eu\/pl\/wp-content\/uploads\/sites\/2\/2023\/08\/Olejek_CBD_5_wizualizacja-400x400.jpg 400w\" sizes=\"(max-width: 600px) 100vw, 600px\" \/><\/div>\t\t<\/a>\n\t\t\t<\/div>\n\n\t<div class=\"product-content\">\n\t\t\n\t\t\t<a class=\"product-loop-title\"  href=\"https:\/\/hempking.eu\/pl\/olej-cbd-5-500-mg-natural-10-ml-hempking\/\">\n\t<h3 class=\"woocommerce-loop-product__title\">Olej CBD 5% 500 mg Natural 10 ml HempKing<\/h3>\t<\/a>\n\t\n\t\t\t<div class=\"description\">\n\t\t\t\t<p class=\"post-excerpt\">Olejek konopny Natural 5% (500 mg) to:<\/p>\n<p> \tMinimum 500 mg fitosk\u0142adnika<br \/>\n \tPe\u0142ne spektrum fitosk\u0142adnik\u00f3w, naturalnie wyst\u0119puj\u0105cych w konopiach: CBD, CBDA, CBC, CBGA, CBG, CBDV, CBN<br \/>\n \tNaturalnie wyst\u0119puj\u0105ce w konopiach terpeny,&#8230;<\/p>\n\t<\/div>\n\t\n\t<span class=\"price\"><span class=\"woocommerce-Price-amount amount\"><bdi>79.99&nbsp;<span class=\"woocommerce-Price-currencySymbol\">&#122;&#322;<\/span><\/bdi><\/span><\/span>\n\n\t\t<div class=\"add-links-wrap\">\n\t<div class=\"add-links clearfix\">\n\t\t\t<div class=\"quantity buttons_added simple-type\">\n\t\t\t\t<button type=\"button\" value=\"-\" class=\"minus\">-<\/button>\n\t\t<input\n\t\t\ttype=\"number\"\n\t\t\tid=\"quantity_69e3c7224feea\"\n\t\t\tclass=\"input-text qty text\"\n\t\t\tstep=\"1\"\n\t\t\tmin=\"1\"\n\t\t\t\t\t\t\tmax=\"21\"\n\t\t\t\t\t\tname=\"quantity\"\n\t\t\tvalue=\"1\"\n\t\t\taria-label=\"Ilo\u015b\u0107 produktu\"\n\t\t\t\t\tplaceholder=\"\"\t\t\tinputmode=\"numeric\" \/>\n\t\t<button type=\"button\" value=\"+\" class=\"plus\">+<\/button>\n\t\t\t<\/div>\n\t<a href=\"\/pl\/wp-json\/wp\/v2\/product\/659?add-to-cart=151612\" data-quantity=\"1\" class=\"viewcart-style-2 button product_type_simple add_to_cart_button ajax_add_to_cart\" data-product_id=\"151612\" data-product_sku=\"5904806120496\" aria-label=\"Dodaj do koszyka: &bdquo;Olej CBD 5% 500 mg Natural 10 ml HempKing&rdquo;\" rel=\"nofollow\" data-success_message=\"&ldquo;Olej CBD 5% 500 mg Natural 10 ml HempKing&rdquo; zosta\u0142 dodany do twojego koszyka\" role=\"button\">Dodaj do koszyka<\/a>\n<div\n\tclass=\"yith-wcwl-add-to-wishlist add-to-wishlist-151612 yith-wcwl-add-to-wishlist--link-style wishlist-fragment on-first-load\"\n\tdata-fragment-ref=\"151612\"\n\tdata-fragment-options=\"{&quot;base_url&quot;:&quot;&quot;,&quot;product_id&quot;:151612,&quot;parent_product_id&quot;:0,&quot;product_type&quot;:&quot;simple&quot;,&quot;is_single&quot;:false,&quot;in_default_wishlist&quot;:false,&quot;show_view&quot;:false,&quot;browse_wishlist_text&quot;:&quot;Przegl\\u0105daj obserwowane produkty&quot;,&quot;already_in_wishslist_text&quot;:&quot;Produkt zosta\\u0142 ju\\u017c dodany do obserwowanych!&quot;,&quot;product_added_text&quot;:&quot;Produkt dodany!&quot;,&quot;available_multi_wishlist&quot;:false,&quot;disable_wishlist&quot;:false,&quot;show_count&quot;:false,&quot;ajax_loading&quot;:false,&quot;loop_position&quot;:&quot;after_add_to_cart&quot;,&quot;item&quot;:&quot;add_to_wishlist&quot;}\"\n>\n\t<\/div>\n\t<\/div>\n\t<\/div>\n\t<\/div>\n<\/div>\n\n<\/li>\n<\/ul>\n<\/div><\/div>\n<h2 style=\"text-align: justify\">Olej 5% Full Spectrum z naturalnymi fitosk\u0142adnikami- 10ml<\/h2>\n<ul style=\"text-align: justify\">\n<li>Gwarancja st\u0119\u017cenia &#8211; ponad 500 mg fitosk\u0142adnika<\/li>\n<li>Pe\u0142ne spektrum fitosk\u0142adnik\u00f3w<\/li>\n<li>Naturalne konopne terpeny, flawonoidy, fenole<\/li>\n<li>Nienasycone kwasy t\u0142uszczowe: omega-3, omega-6 oraz omega-9<\/li>\n<li>1 kropla \u2013 to na pewno 2,5 mg fitosk\u0142adnika<\/li>\n<li>Produkt zosta\u0142 przebadany i posiada atesty<\/li>\n<li>Zosta\u0142 wyprodukowany bez u\u017cycia rozpuszczalnik\u00f3w i syntetycznego lub krystalicznego fitosk\u0142adnika<\/li>\n<li>Jest w 100% naturalny<\/li>\n<li>Pojemno\u015b\u0107: 10ml<\/li>\n<\/ul>\n<p style=\"text-align: justify\"><a href=\"https:\/\/hempking.eu\/pl\/wp-content\/uploads\/sites\/2\/2020\/07\/warunki4-1.jpg\"><img decoding=\"async\" class=\"alignnone wp-image-104414 size-full\" src=\"https:\/\/hempking.eu\/pl\/wp-content\/uploads\/sites\/2\/2020\/07\/warunki4-1.jpg\" alt=\"o\u015bwiadczenia CBD w UE\" width=\"755\" height=\"353\" srcset=\"https:\/\/hempking.eu\/pl\/wp-content\/uploads\/sites\/2\/2020\/07\/warunki4-1.jpg 755w, https:\/\/hempking.eu\/pl\/wp-content\/uploads\/sites\/2\/2020\/07\/warunki4-1-640x299.jpg 640w, https:\/\/hempking.eu\/pl\/wp-content\/uploads\/sites\/2\/2020\/07\/warunki4-1-400x187.jpg 400w\" sizes=\"(max-width: 755px) 100vw, 755px\" \/><\/a><\/p>\n<p style=\"text-align: justify\"><a href=\"https:\/\/hempking.eu\/pl\/wp-content\/uploads\/sites\/2\/2020\/07\/warunki_4.jpg\"><img decoding=\"async\" class=\"alignnone size-full wp-image-100623\" src=\"https:\/\/hempking.eu\/pl\/wp-content\/uploads\/sites\/2\/2020\/07\/warunki_4.jpg\" alt=\"fito sk\u0142adniki novel food\" width=\"755\" height=\"237\" srcset=\"https:\/\/hempking.eu\/pl\/wp-content\/uploads\/sites\/2\/2020\/07\/warunki_4.jpg 755w, https:\/\/hempking.eu\/pl\/wp-content\/uploads\/sites\/2\/2020\/07\/warunki_4-640x201.jpg 640w, https:\/\/hempking.eu\/pl\/wp-content\/uploads\/sites\/2\/2020\/07\/warunki_4-400x126.jpg 400w\" sizes=\"(max-width: 755px) 100vw, 755px\" \/><\/a><\/p>\n<p><strong>Producent\/ Podmiot odpowiedzialny:<\/strong><\/p>\n<p>Biodio Lab Sp. z o.o.<br \/>\nUl. Choroszcza\u0144ska 24<br \/>\n15-732 Bia\u0142ystok<\/p>\n","protected":false},"excerpt":{"rendered":"<h2><strong>Zestaw zawiera:<\/strong><\/h2>\n<ul>\n<li>2 olejki konopne <a href=\"https:\/\/hempking.eu\/pl\/olej-cbd-5-500-mg-natural-10-ml-hempking\/\">Natural 5%<\/a> &#8211; 10ml<\/li>\n<li><strong>Minimum 500 mg fitosk\u0142adnika<\/strong><\/li>\n<li><strong>Pe\u0142ne spektrum fitosk\u0142adnik\u00f3w, naturalnie wyst\u0119puj\u0105cych w przyrodzie: CBD, CBDA, CBC, CBGA, CBG, CBDV, CBN<\/strong><\/li>\n<li>aktualne badania produkt\u00f3w znajdziesz w zak\u0142adce &#8222;<strong><a href=\"https:\/\/hempking.eu\/pl\/atesty-i-certyfikaty\/\">Atesty i certyfikaty<\/a><\/strong>&#8222;.<\/li>\n<\/ul>\n<p><strong>Kupuj\u0105c zestaw oszcz\u0119dzasz 20%!<\/strong><\/p>\n","protected":false},"featured_media":184644,"template":"","meta":{"_acf_changed":false},"product_brand":[],"product_cat":[122,444,38,20,442,446,449,453,280,33,96,441],"product_tag":[],"class_list":{"0":"post-659","1":"product","2":"type-product","3":"status-publish","4":"has-post-thumbnail","6":"product_cat-olej-konopny-full-spectrum","7":"product_cat-kannabinoidy","8":"product_cat-olej-cbd-5","9":"product_cat-olej-cbd","10":"product_cat-stezenia","11":"product_cat-suplementy-na-uklad-krazenia","12":"product_cat-suplementy-na-uklad-oddechowy","13":"product_cat-suplementy-na-uklad-ruchu","14":"product_cat-wielopaki","15":"product_cat-zestawy","16":"product_cat-suplementy","17":"product_cat-forma","19":"first","20":"instock","21":"sale","22":"shipping-taxable","23":"purchasable","24":"product-type-simple"},"acf":[],"yoast_head":"<!-- This site is optimized with the Yoast SEO Premium plugin v24.8 (Yoast SEO v27.3) - https:\/\/yoast.com\/product\/yoast-seo-premium-wordpress\/ -->\n<title>Zestaw: 2x olej CBD 5% + CBDA, CBC, CBGA, CBG, CBDV, CBN<\/title>\n<meta name=\"description\" content=\"Zobacz \u261b Zestaw: 2x olej CBD 5% w konopnym sklepie HempKing 100% naturalne. Zadbaj z nami o swoj\u0105 diet\u0119!\" \/>\n<meta name=\"robots\" content=\"index, follow\" \/>\n<link rel=\"canonical\" href=\"https:\/\/hempking.eu\/pl\/olej-cbd-natural-5-500mg-10ml\/\" \/>\n<meta property=\"og:locale\" content=\"pl_PL\" \/>\n<meta property=\"og:type\" content=\"article\" \/>\n<meta property=\"og:title\" content=\"Zestaw: 2x olej CBD 5%\" \/>\n<meta property=\"og:description\" content=\"Zobacz \u261b Zestaw: 2x olej CBD 5% w konopnym sklepie HempKing 100% naturalne. Zadbaj z nami o swoj\u0105 diet\u0119!\" \/>\n<meta property=\"og:url\" content=\"https:\/\/hempking.eu\/pl\/olej-cbd-natural-5-500mg-10ml\/\" \/>\n<meta property=\"og:site_name\" content=\"Hemp King\" \/>\n<meta property=\"article:publisher\" content=\"https:\/\/www.facebook.com\/hempkingpoland\" \/>\n<meta property=\"article:modified_time\" content=\"2026-04-08T07:46:44+00:00\" \/>\n<meta property=\"og:image\" content=\"https:\/\/hempking.eu\/pl\/wp-content\/uploads\/sites\/2\/2020\/07\/1000x1000_zestaw_2x_olejki_5.jpg\" \/>\n\t<meta property=\"og:image:width\" content=\"1000\" \/>\n\t<meta property=\"og:image:height\" content=\"1000\" \/>\n\t<meta property=\"og:image:type\" content=\"image\/jpeg\" \/>\n<meta name=\"twitter:card\" content=\"summary_large_image\" \/>\n<meta name=\"twitter:site\" content=\"@hempkingeu\" \/>\n<meta name=\"twitter:label1\" content=\"Cena\" \/>\n\t<meta name=\"twitter:data1\" content=\"127.98&nbsp;&#122;&#322;\" \/>\n\t<meta name=\"twitter:label2\" content=\"Dost\u0119pno\u015b\u0107\" \/>\n\t<meta name=\"twitter:data2\" content=\"Dost\u0119pny\" \/>\n<script type=\"application\/ld+json\" class=\"yoast-schema-graph\">{\"@context\":\"https:\\\/\\\/schema.org\",\"@graph\":[{\"@type\":\"WebPage\",\"@id\":\"https:\\\/\\\/hempking.eu\\\/pl\\\/2x-olej-cbd-5\\\/\",\"url\":\"https:\\\/\\\/hempking.eu\\\/pl\\\/olej-cbd-natural-5-500mg-10ml\\\/\",\"name\":\"Zestaw: 2x olej CBD 5% + CBDA, CBC, CBGA, CBG, CBDV, CBN\",\"isPartOf\":{\"@id\":\"https:\\\/\\\/hempking.eu\\\/pl\\\/#website\"},\"primaryImageOfPage\":{\"@id\":\"https:\\\/\\\/hempking.eu\\\/pl\\\/olej-cbd-natural-5-500mg-10ml\\\/#primaryimage\"},\"image\":{\"@id\":\"https:\\\/\\\/hempking.eu\\\/pl\\\/olej-cbd-natural-5-500mg-10ml\\\/#primaryimage\"},\"thumbnailUrl\":\"https:\\\/\\\/hempking.eu\\\/pl\\\/wp-content\\\/uploads\\\/sites\\\/2\\\/2020\\\/07\\\/1000x1000_zestaw_2x_olejki_5.jpg\",\"datePublished\":\"2020-07-13T10:44:09+00:00\",\"dateModified\":\"2026-04-08T07:46:44+00:00\",\"description\":\"Zobacz \u261b Zestaw: 2x olej CBD 5% w konopnym sklepie HempKing 100% naturalne. Zadbaj z nami o swoj\u0105 diet\u0119!\",\"breadcrumb\":{\"@id\":\"https:\\\/\\\/hempking.eu\\\/pl\\\/olej-cbd-natural-5-500mg-10ml\\\/#breadcrumb\"},\"inLanguage\":\"pl-PL\",\"potentialAction\":[{\"@type\":\"ReadAction\",\"target\":[\"https:\\\/\\\/hempking.eu\\\/pl\\\/olej-cbd-natural-5-500mg-10ml\\\/\"]}]},{\"@type\":\"ImageObject\",\"inLanguage\":\"pl-PL\",\"@id\":\"https:\\\/\\\/hempking.eu\\\/pl\\\/olej-cbd-natural-5-500mg-10ml\\\/#primaryimage\",\"url\":\"https:\\\/\\\/hempking.eu\\\/pl\\\/wp-content\\\/uploads\\\/sites\\\/2\\\/2020\\\/07\\\/1000x1000_zestaw_2x_olejki_5.jpg\",\"contentUrl\":\"https:\\\/\\\/hempking.eu\\\/pl\\\/wp-content\\\/uploads\\\/sites\\\/2\\\/2020\\\/07\\\/1000x1000_zestaw_2x_olejki_5.jpg\",\"width\":1000,\"height\":1000},{\"@type\":\"BreadcrumbList\",\"@id\":\"https:\\\/\\\/hempking.eu\\\/pl\\\/olej-cbd-natural-5-500mg-10ml\\\/#breadcrumb\",\"itemListElement\":[{\"@type\":\"ListItem\",\"position\":1,\"name\":\"Home\",\"item\":\"https:\\\/\\\/hempking.eu\\\/pl\\\/\"},{\"@type\":\"ListItem\",\"position\":2,\"name\":\"Sklep\",\"item\":\"https:\\\/\\\/hempking.eu\\\/pl\\\/shop\\\/\"},{\"@type\":\"ListItem\",\"position\":3,\"name\":\"Zestawy\",\"item\":\"https:\\\/\\\/hempking.eu\\\/pl\\\/zestawy\\\/\"},{\"@type\":\"ListItem\",\"position\":4,\"name\":\"Wielopaki\",\"item\":\"https:\\\/\\\/hempking.eu\\\/pl\\\/wielopaki\\\/\"},{\"@type\":\"ListItem\",\"position\":5,\"name\":\"Zestaw: 2x olej CBD 5%\"}]},{\"@type\":\"WebSite\",\"@id\":\"https:\\\/\\\/hempking.eu\\\/pl\\\/#website\",\"url\":\"https:\\\/\\\/hempking.eu\\\/pl\\\/\",\"name\":\"Hemp King\",\"description\":\"\",\"publisher\":{\"@id\":\"https:\\\/\\\/hempking.eu\\\/pl\\\/#organization\"},\"potentialAction\":[{\"@type\":\"SearchAction\",\"target\":{\"@type\":\"EntryPoint\",\"urlTemplate\":\"https:\\\/\\\/hempking.eu\\\/pl\\\/?s={search_term_string}\"},\"query-input\":{\"@type\":\"PropertyValueSpecification\",\"valueRequired\":true,\"valueName\":\"search_term_string\"}}],\"inLanguage\":\"pl-PL\"},{\"@type\":\"Organization\",\"@id\":\"https:\\\/\\\/hempking.eu\\\/pl\\\/#organization\",\"name\":\"Hemp King\",\"url\":\"https:\\\/\\\/hempking.eu\\\/pl\\\/\",\"logo\":{\"@type\":\"ImageObject\",\"inLanguage\":\"pl-PL\",\"@id\":\"https:\\\/\\\/hempking.eu\\\/pl\\\/#\\\/schema\\\/logo\\\/image\\\/\",\"url\":\"https:\\\/\\\/hempking.eu\\\/pl\\\/wp-content\\\/uploads\\\/sites\\\/2\\\/2020\\\/05\\\/hempking.png\",\"contentUrl\":\"https:\\\/\\\/hempking.eu\\\/pl\\\/wp-content\\\/uploads\\\/sites\\\/2\\\/2020\\\/05\\\/hempking.png\",\"width\":148,\"height\":91,\"caption\":\"Hemp King\"},\"image\":{\"@id\":\"https:\\\/\\\/hempking.eu\\\/pl\\\/#\\\/schema\\\/logo\\\/image\\\/\"},\"sameAs\":[\"https:\\\/\\\/www.facebook.com\\\/hempkingpoland\",\"https:\\\/\\\/x.com\\\/hempkingeu\",\"https:\\\/\\\/www.instagram.com\\\/hempkingeu\\\/\",\"https:\\\/\\\/www.linkedin.com\\\/company\\\/hempking-eu\\\/mycompany\\\/\",\"https:\\\/\\\/pl.pinterest.com\\\/hempkingeu\\\/\",\"https:\\\/\\\/www.youtube.com\\\/channel\\\/UCUkeZA1fj4hSZfoYm0WpZ7w\"]}]}<\/script>\n<meta property=\"product:price:amount\" content=\"127.98\" \/>\n<meta property=\"product:price:currency\" content=\"PLN\" \/>\n<meta property=\"og:availability\" content=\"instock\" \/>\n<meta property=\"product:availability\" content=\"instock\" \/>\n<meta property=\"product:condition\" content=\"new\" \/>\n<!-- \/ Yoast SEO Premium plugin. -->","yoast_head_json":{"title":"Zestaw: 2x olej CBD 5% + CBDA, CBC, CBGA, CBG, CBDV, CBN","description":"Zobacz \u261b Zestaw: 2x olej CBD 5% w konopnym sklepie HempKing 100% naturalne. Zadbaj z nami o swoj\u0105 diet\u0119!","robots":{"index":"index","follow":"follow"},"canonical":"https:\/\/hempking.eu\/pl\/olej-cbd-natural-5-500mg-10ml\/","og_locale":"pl_PL","og_type":"article","og_title":"Zestaw: 2x olej CBD 5%","og_description":"Zobacz \u261b Zestaw: 2x olej CBD 5% w konopnym sklepie HempKing 100% naturalne. Zadbaj z nami o swoj\u0105 diet\u0119!","og_url":"https:\/\/hempking.eu\/pl\/olej-cbd-natural-5-500mg-10ml\/","og_site_name":"Hemp King","article_publisher":"https:\/\/www.facebook.com\/hempkingpoland","article_modified_time":"2026-04-08T07:46:44+00:00","og_image":[{"width":1000,"height":1000,"url":"https:\/\/hempking.eu\/pl\/wp-content\/uploads\/sites\/2\/2020\/07\/1000x1000_zestaw_2x_olejki_5.jpg","type":"image\/jpeg"}],"twitter_card":"summary_large_image","twitter_site":"@hempkingeu","twitter_misc":{"Cena":"127.98&nbsp;&#122;&#322;","Dost\u0119pno\u015b\u0107":"Dost\u0119pny"},"schema":{"@context":"https:\/\/schema.org","@graph":[{"@type":"WebPage","@id":"https:\/\/hempking.eu\/pl\/2x-olej-cbd-5\/","url":"https:\/\/hempking.eu\/pl\/olej-cbd-natural-5-500mg-10ml\/","name":"Zestaw: 2x olej CBD 5% + CBDA, CBC, CBGA, CBG, CBDV, CBN","isPartOf":{"@id":"https:\/\/hempking.eu\/pl\/#website"},"primaryImageOfPage":{"@id":"https:\/\/hempking.eu\/pl\/olej-cbd-natural-5-500mg-10ml\/#primaryimage"},"image":{"@id":"https:\/\/hempking.eu\/pl\/olej-cbd-natural-5-500mg-10ml\/#primaryimage"},"thumbnailUrl":"https:\/\/hempking.eu\/pl\/wp-content\/uploads\/sites\/2\/2020\/07\/1000x1000_zestaw_2x_olejki_5.jpg","datePublished":"2020-07-13T10:44:09+00:00","dateModified":"2026-04-08T07:46:44+00:00","description":"Zobacz \u261b Zestaw: 2x olej CBD 5% w konopnym sklepie HempKing 100% naturalne. Zadbaj z nami o swoj\u0105 diet\u0119!","breadcrumb":{"@id":"https:\/\/hempking.eu\/pl\/olej-cbd-natural-5-500mg-10ml\/#breadcrumb"},"inLanguage":"pl-PL","potentialAction":[{"@type":"ReadAction","target":["https:\/\/hempking.eu\/pl\/olej-cbd-natural-5-500mg-10ml\/"]}]},{"@type":"ImageObject","inLanguage":"pl-PL","@id":"https:\/\/hempking.eu\/pl\/olej-cbd-natural-5-500mg-10ml\/#primaryimage","url":"https:\/\/hempking.eu\/pl\/wp-content\/uploads\/sites\/2\/2020\/07\/1000x1000_zestaw_2x_olejki_5.jpg","contentUrl":"https:\/\/hempking.eu\/pl\/wp-content\/uploads\/sites\/2\/2020\/07\/1000x1000_zestaw_2x_olejki_5.jpg","width":1000,"height":1000},{"@type":"BreadcrumbList","@id":"https:\/\/hempking.eu\/pl\/olej-cbd-natural-5-500mg-10ml\/#breadcrumb","itemListElement":[{"@type":"ListItem","position":1,"name":"Home","item":"https:\/\/hempking.eu\/pl\/"},{"@type":"ListItem","position":2,"name":"Sklep","item":"https:\/\/hempking.eu\/pl\/shop\/"},{"@type":"ListItem","position":3,"name":"Zestawy","item":"https:\/\/hempking.eu\/pl\/zestawy\/"},{"@type":"ListItem","position":4,"name":"Wielopaki","item":"https:\/\/hempking.eu\/pl\/wielopaki\/"},{"@type":"ListItem","position":5,"name":"Zestaw: 2x olej CBD 5%"}]},{"@type":"WebSite","@id":"https:\/\/hempking.eu\/pl\/#website","url":"https:\/\/hempking.eu\/pl\/","name":"Hemp King","description":"","publisher":{"@id":"https:\/\/hempking.eu\/pl\/#organization"},"potentialAction":[{"@type":"SearchAction","target":{"@type":"EntryPoint","urlTemplate":"https:\/\/hempking.eu\/pl\/?s={search_term_string}"},"query-input":{"@type":"PropertyValueSpecification","valueRequired":true,"valueName":"search_term_string"}}],"inLanguage":"pl-PL"},{"@type":"Organization","@id":"https:\/\/hempking.eu\/pl\/#organization","name":"Hemp King","url":"https:\/\/hempking.eu\/pl\/","logo":{"@type":"ImageObject","inLanguage":"pl-PL","@id":"https:\/\/hempking.eu\/pl\/#\/schema\/logo\/image\/","url":"https:\/\/hempking.eu\/pl\/wp-content\/uploads\/sites\/2\/2020\/05\/hempking.png","contentUrl":"https:\/\/hempking.eu\/pl\/wp-content\/uploads\/sites\/2\/2020\/05\/hempking.png","width":148,"height":91,"caption":"Hemp King"},"image":{"@id":"https:\/\/hempking.eu\/pl\/#\/schema\/logo\/image\/"},"sameAs":["https:\/\/www.facebook.com\/hempkingpoland","https:\/\/x.com\/hempkingeu","https:\/\/www.instagram.com\/hempkingeu\/","https:\/\/www.linkedin.com\/company\/hempking-eu\/mycompany\/","https:\/\/pl.pinterest.com\/hempkingeu\/","https:\/\/www.youtube.com\/channel\/UCUkeZA1fj4hSZfoYm0WpZ7w"]}]},"product_price_amount":"127.98","product_price_currency":"PLN","og_availability":"instock","product_availability":"instock","product_condition":"new"},"df_price":127.98,"df_sale_price":127.98,"df_regular_price":159.98,"df_image_link":"https:\/\/hempking.eu\/pl\/wp-content\/uploads\/sites\/2\/2020\/07\/1000x1000_zestaw_2x_olejki_5-300x300.jpg","_links":{"self":[{"href":"https:\/\/hempking.eu\/pl\/wp-json\/wp\/v2\/product\/659","targetHints":{"allow":["GET"]}}],"collection":[{"href":"https:\/\/hempking.eu\/pl\/wp-json\/wp\/v2\/product"}],"about":[{"href":"https:\/\/hempking.eu\/pl\/wp-json\/wp\/v2\/types\/product"}],"wp:featuredmedia":[{"embeddable":true,"href":"https:\/\/hempking.eu\/pl\/wp-json\/wp\/v2\/media\/184644"}],"wp:attachment":[{"href":"https:\/\/hempking.eu\/pl\/wp-json\/wp\/v2\/media?parent=659"}],"wp:term":[{"taxonomy":"product_brand","embeddable":true,"href":"https:\/\/hempking.eu\/pl\/wp-json\/wp\/v2\/product_brand?post=659"},{"taxonomy":"product_cat","embeddable":true,"href":"https:\/\/hempking.eu\/pl\/wp-json\/wp\/v2\/product_cat?post=659"},{"taxonomy":"product_tag","embeddable":true,"href":"https:\/\/hempking.eu\/pl\/wp-json\/wp\/v2\/product_tag?post=659"}],"curies":[{"name":"wp","href":"https:\/\/api.w.org\/{rel}","templated":true}]}}