{"id":68371,"date":"2021-06-18T09:33:59","date_gmt":"2021-06-18T07:33:59","guid":{"rendered":"https:\/\/hempking.eu\/pl\/?post_type=product&#038;p=68371"},"modified":"2025-01-16T11:01:03","modified_gmt":"2025-01-16T10:01:03","slug":"bio-bialko-konopne-vege-complex-250g","status":"publish","type":"product","link":"https:\/\/hempking.eu\/pl\/bio-bialko-konopne-vege-complex-250g\/","title":{"rendered":"BIO bia\u0142ko konopne Vege Complex - 250 g"},"content":{"rendered":"<h2 style=\"text-align: justify;\">BIO bia\u0142ko konopne Vege Complex &#8211; mieszanka kompleksowych protein z ro\u015blin<\/h2>\n<p style=\"text-align: justify;\"><strong>BIO bia\u0142ko konopne Vege Complex<\/strong> sk\u0142ada si\u0119 z 4 r\u00f3\u017cnych bia\u0142ek ro\u015blinnych: 25% z bia\u0142ka konopnego, 25% BIO bia\u0142ko z grochu, BIO bia\u0142ko z dyni, 25% BIO bia\u0142ko z ry\u017cu.<\/p>\n<p style=\"text-align: justify;\">BIO bia\u0142ko konopne Vege Complex to wysokiej klasy ro\u015blinne bia\u0142ko w proszku. Kompleksowa mieszanka r\u00f3\u017cnych bia\u0142ek z ro\u015blin sprawia, \u017ce zaskakuje smakiem i jest idealnym urozmaiceniem diety, nie tylko tej ro\u015blinnej!<\/p>\n<p style=\"text-align: justify;\">Bogata formu\u0142a produktu, kt\u00f3ra jest w 100% organiczna, doceni\u0105 zw\u0142aszcza Ci, kt\u00f3rym zale\u017cy na kompleksowych produktach. Dzi\u0119ki po\u0142\u0105czeniu r\u00f3\u017cnych rodzaj\u00f3w bia\u0142ek ro\u015blinnych mo\u017cesz dostarczy\u0107 swojemu organizmowi witaminy i minera\u0142y!<br \/>\nW \u015brodku s\u0142oika znajdziesz miark\u0119 z biodegradowalnych materia\u0142\u00f3w, kt\u00f3ra u\u0142atwi Ci odmierzenie idealnej porcji.<\/p>\n<h3 style=\"text-align: justify;\">BIO bia\u0142ko z konopi Vege Complex to:<\/h3>\n<ul style=\"text-align: justify;\">\n<li>spos\u00f3b na rozszerzenie diety,<\/li>\n<li>miks czterech eko bia\u0142ek ro\u015blinnych,<\/li>\n<li>w 100% ekologiczne\u00a0 sk\u0142adniki,<\/li>\n<li>pe\u0142nowarto\u015bciowe aminokwasy egzogenne,<\/li>\n<li>b\u0142onnik wspieraj\u0105cy trawienie,<\/li>\n<li>a\u017c 69 g bia\u0142ka na 100 g produktu<\/li>\n<\/ul>\n<p style=\"text-align: justify;\"><strong>Nasze BIO bia\u0142ko Vege Complex powsta\u0142o dzi\u0119ki metodzie na zimno. To dzi\u0119ki niej nasz produkt zachowuje swoje warto\u015bci od\u017cywcze!<\/strong><\/p>\n<h2 style=\"text-align: justify;\">Bia\u0142ko Vege Complex &#8211; dlaczego warto je w\u0142\u0105czy\u0107 do diety?<\/h2>\n<p style=\"text-align: justify;\">W dobie produkt\u00f3w pe\u0142nych chemii, pestycyd\u00f3w czy szkodliwych sk\u0142adnik\u00f3w, zwracanie uwagi na sk\u0142adniki \u017cywno\u015bci, kt\u00f3r\u0105 wybieramy, ma ogromne znaczenie! Nasze BIO bia\u0142ko konopne Vege Complex to produkt w 100% pochodz\u0105cy z ekologicznych upraw, nieskalanych chemi\u0105! Posiada ekologiczny certyfikat EU Organic.<\/p>\n<p style=\"text-align: justify;\">Sk\u0142adniki<strong> bia\u0142ka konopnego Vege Complex<\/strong>, dobrali\u015bmy tak, by dostarcza\u0142o mn\u00f3stwo protein do Twojej diety, a przy tym by\u0142o smaczne i odpowiednie dla wszystkich.<\/p>\n<p style=\"text-align: justify;\">Bia\u0142ko w naszym organizmie pe\u0142ni niezwykle wa\u017cn\u0105 rol\u0119, dlatego tak wa\u017cne jest to, by spo\u017cywa\u0107 go odpowiednie ilo\u015bci! Proteiny bowiem s\u0105 budulcem naszych mi\u0119\u015bni, pomagaj\u0105 spala\u0107 kalorie i t\u0142uszcz oraz dostarczaj\u0105 aminokwas\u00f3w egzogennych.<\/p>\n<p style=\"text-align: justify;\">BIO bia\u0142ko konopne Vege Complex <strong>zawiera b\u0142onnik<\/strong>, kt\u00f3ry wspiera trawienie, dzia\u0142a na uk\u0142ad pokarmowy i dzi\u0119ki niemu czujemy si\u0119 syci na d\u0142u\u017cej. Koniec z podjadaniem pomi\u0119dzy posi\u0142kami!<\/p>\n<p style=\"text-align: justify;\"><strong>Nasze BIO bia\u0142ko konopne Vege Complex posiada certyfikat EU Organic, \u015bwiadcz\u0105cy o organiczno\u015bci produktu.<\/strong><\/p>\n<h2 style=\"text-align: justify;\">Kto mo\u017ce u\u017cywa\u0107 bia\u0142ka\u00a0 Vege Complex?<\/h2>\n<p style=\"text-align: justify;\">BIO bia\u0142ko konopne Vege Complex to produkt dla wszystkich tych, kt\u00f3rzy:<\/p>\n<ul style=\"text-align: justify;\">\n<li>s\u0105 na diecie ro\u015blinnej &#8211; wegetaria\u0144skiej lub wega\u0144skiej,<\/li>\n<li>chc\u0105 w\u0142\u0105czy\u0107 do diety bia\u0142ko ro\u015blinne,<\/li>\n<li>lubi\u0105 ciekawe smaki i kompleksowe produkty,<\/li>\n<li>chc\u0105 nabra\u0107 wi\u0119cej tkanki mi\u0119\u015bniowej lub spali\u0107 zb\u0119dny t\u0142uszczyk,<\/li>\n<li>chc\u0105 zdrowo i ekologicznie si\u0119 od\u017cywia\u0107,<\/li>\n<li>potrzebuj\u0105 spo\u017cywa\u0107 wi\u0119cej bia\u0142ka w posi\u0142kach.<\/li>\n<\/ul>\n<p><strong>Producent\/ Podmiot odpowiedzialny:<\/strong><\/p>\n<p>Biodio Lab Sp. z o.o.<br \/>\nUl. Choroszcza\u0144ska 24<br \/>\n15-732 Bia\u0142ystok<\/p>\n","protected":false},"excerpt":{"rendered":"<h2>BIO bia\u0142ko konopne Vege Complex:<\/h2>\n<ul>\n<li>kompleks 4 rodzaj\u00f3w bia\u0142ek: konopnego, z dyni, ry\u017cu i grochu.<\/li>\n<li>posiada eko certyfikat EU Organic<\/li>\n<li>dostarcza ro\u015blinnych protein<\/li>\n<li>dostarcza minera\u0142\u00f3w i witamin<\/li>\n<li>w 100% ro\u015blinny produkt, odpowiedni dla wegan i wegetarian<\/li>\n<li>w 100% czyste sk\u0142adniki<\/li>\n<li>zawiera miark\u0119 z biodegradowalnych materia\u0142\u00f3w<\/li>\n<\/ul>\n<p><strong>Waga: 250g<\/strong><\/p>\n","protected":false},"featured_media":87466,"template":"","meta":{"_acf_changed":false},"product_brand":[],"product_cat":[27,117,443,438,437,141,23],"product_tag":[],"class_list":{"0":"post-68371","1":"product","2":"type-product","3":"status-publish","4":"has-post-thumbnail","6":"product_cat-bialko-konopne","7":"product_cat-bialko-roslinne","8":"product_cat-bio","9":"product_cat-hempking","10":"product_cat-marki","11":"product_cat-obnizka-produktow-do-25","12":"product_cat-zywnosc-konopna","14":"first","15":"outofstock","16":"shipping-taxable","17":"purchasable","18":"product-type-simple"},"acf":[],"yoast_head":"<!-- This site is optimized with the Yoast SEO Premium plugin v24.8 (Yoast SEO v27.3) - https:\/\/yoast.com\/product\/yoast-seo-premium-wordpress\/ -->\n<title>Bio bia\u0142ko konopne Vege Complex 250 g HempKing<\/title>\n<meta name=\"description\" content=\"Bio bia\u0142ko konopne Vege Complex HempKing wspomaga metabolizm energetyczny, zmniejsza uczucie zm\u0119czenia i znu\u017cenia. Wypr\u00f3buj !\" \/>\n<meta name=\"robots\" content=\"index, follow\" \/>\n<link rel=\"canonical\" href=\"https:\/\/hempking.eu\/pl\/bio-bialko-konopne-vege-complex-250g\/\" \/>\n<meta property=\"og:locale\" content=\"pl_PL\" \/>\n<meta property=\"og:type\" content=\"article\" \/>\n<meta property=\"og:title\" content=\"BIO bia\u0142ko konopne Vege Complex - 250 g\" \/>\n<meta property=\"og:description\" content=\"Bio bia\u0142ko konopne Vege Complex HempKing wspomaga metabolizm energetyczny, zmniejsza uczucie zm\u0119czenia i znu\u017cenia. Wypr\u00f3buj !\" \/>\n<meta property=\"og:url\" content=\"https:\/\/hempking.eu\/pl\/bio-bialko-konopne-vege-complex-250g\/\" \/>\n<meta property=\"og:site_name\" content=\"Hemp King\" \/>\n<meta property=\"article:publisher\" content=\"https:\/\/www.facebook.com\/hempkingpoland\" \/>\n<meta property=\"article:modified_time\" content=\"2025-01-16T10:01:03+00:00\" \/>\n<meta property=\"og:image\" content=\"https:\/\/hempking.eu\/pl\/wp-content\/uploads\/sites\/2\/2022\/01\/bialko_vege_complex.jpg\" \/>\n\t<meta property=\"og:image:width\" content=\"1000\" \/>\n\t<meta property=\"og:image:height\" content=\"1000\" \/>\n\t<meta property=\"og:image:type\" content=\"image\/jpeg\" \/>\n<meta name=\"twitter:card\" content=\"summary_large_image\" \/>\n<meta name=\"twitter:site\" content=\"@hempkingeu\" \/>\n<meta name=\"twitter:label1\" content=\"Cena\" \/>\n\t<meta name=\"twitter:data1\" content=\"39.99&nbsp;&#122;&#322;\" \/>\n\t<meta name=\"twitter:label2\" content=\"Dost\u0119pno\u015b\u0107\" \/>\n\t<meta name=\"twitter:data2\" content=\"Brak w magazynie\" \/>\n<script type=\"application\/ld+json\" class=\"yoast-schema-graph\">{\"@context\":\"https:\\\/\\\/schema.org\",\"@graph\":[{\"@type\":\"WebPage\",\"@id\":\"https:\\\/\\\/hempking.eu\\\/pl\\\/bio-bialko-konopne-vege-complex-250g\\\/\",\"url\":\"https:\\\/\\\/hempking.eu\\\/pl\\\/bio-bialko-konopne-vege-complex-250g\\\/\",\"name\":\"Bio bia\u0142ko konopne Vege Complex 250 g HempKing\",\"isPartOf\":{\"@id\":\"https:\\\/\\\/hempking.eu\\\/pl\\\/#website\"},\"primaryImageOfPage\":{\"@id\":\"https:\\\/\\\/hempking.eu\\\/pl\\\/bio-bialko-konopne-vege-complex-250g\\\/#primaryimage\"},\"image\":{\"@id\":\"https:\\\/\\\/hempking.eu\\\/pl\\\/bio-bialko-konopne-vege-complex-250g\\\/#primaryimage\"},\"thumbnailUrl\":\"https:\\\/\\\/hempking.eu\\\/pl\\\/wp-content\\\/uploads\\\/sites\\\/2\\\/2022\\\/01\\\/bialko_vege_complex.jpg\",\"datePublished\":\"2021-06-18T07:33:59+00:00\",\"dateModified\":\"2025-01-16T10:01:03+00:00\",\"description\":\"Bio bia\u0142ko konopne Vege Complex HempKing wspomaga metabolizm energetyczny, zmniejsza uczucie zm\u0119czenia i znu\u017cenia. Wypr\u00f3buj !\",\"breadcrumb\":{\"@id\":\"https:\\\/\\\/hempking.eu\\\/pl\\\/bio-bialko-konopne-vege-complex-250g\\\/#breadcrumb\"},\"inLanguage\":\"pl-PL\",\"potentialAction\":[{\"@type\":\"ReadAction\",\"target\":[\"https:\\\/\\\/hempking.eu\\\/pl\\\/bio-bialko-konopne-vege-complex-250g\\\/\"]}]},{\"@type\":\"ImageObject\",\"inLanguage\":\"pl-PL\",\"@id\":\"https:\\\/\\\/hempking.eu\\\/pl\\\/bio-bialko-konopne-vege-complex-250g\\\/#primaryimage\",\"url\":\"https:\\\/\\\/hempking.eu\\\/pl\\\/wp-content\\\/uploads\\\/sites\\\/2\\\/2022\\\/01\\\/bialko_vege_complex.jpg\",\"contentUrl\":\"https:\\\/\\\/hempking.eu\\\/pl\\\/wp-content\\\/uploads\\\/sites\\\/2\\\/2022\\\/01\\\/bialko_vege_complex.jpg\",\"width\":1000,\"height\":1000,\"caption\":\"Bia\u0142ko konopne Vege Complex Bio 250 g HempKing\"},{\"@type\":\"BreadcrumbList\",\"@id\":\"https:\\\/\\\/hempking.eu\\\/pl\\\/bio-bialko-konopne-vege-complex-250g\\\/#breadcrumb\",\"itemListElement\":[{\"@type\":\"ListItem\",\"position\":1,\"name\":\"Home\",\"item\":\"https:\\\/\\\/hempking.eu\\\/pl\\\/\"},{\"@type\":\"ListItem\",\"position\":2,\"name\":\"Sklep\",\"item\":\"https:\\\/\\\/hempking.eu\\\/pl\\\/shop\\\/\"},{\"@type\":\"ListItem\",\"position\":3,\"name\":\"\ud83e\udd6c \u017bywno\u015b\u0107 konopna\",\"item\":\"https:\\\/\\\/hempking.eu\\\/pl\\\/zywnosc-konopna\\\/\"},{\"@type\":\"ListItem\",\"position\":4,\"name\":\"Bia\u0142ko konopne\",\"item\":\"https:\\\/\\\/hempking.eu\\\/pl\\\/bialko-konopne\\\/\"},{\"@type\":\"ListItem\",\"position\":5,\"name\":\"BIO bia\u0142ko konopne Vege Complex - 250 g\"}]},{\"@type\":\"WebSite\",\"@id\":\"https:\\\/\\\/hempking.eu\\\/pl\\\/#website\",\"url\":\"https:\\\/\\\/hempking.eu\\\/pl\\\/\",\"name\":\"Hemp King\",\"description\":\"\",\"publisher\":{\"@id\":\"https:\\\/\\\/hempking.eu\\\/pl\\\/#organization\"},\"potentialAction\":[{\"@type\":\"SearchAction\",\"target\":{\"@type\":\"EntryPoint\",\"urlTemplate\":\"https:\\\/\\\/hempking.eu\\\/pl\\\/?s={search_term_string}\"},\"query-input\":{\"@type\":\"PropertyValueSpecification\",\"valueRequired\":true,\"valueName\":\"search_term_string\"}}],\"inLanguage\":\"pl-PL\"},{\"@type\":\"Organization\",\"@id\":\"https:\\\/\\\/hempking.eu\\\/pl\\\/#organization\",\"name\":\"Hemp King\",\"url\":\"https:\\\/\\\/hempking.eu\\\/pl\\\/\",\"logo\":{\"@type\":\"ImageObject\",\"inLanguage\":\"pl-PL\",\"@id\":\"https:\\\/\\\/hempking.eu\\\/pl\\\/#\\\/schema\\\/logo\\\/image\\\/\",\"url\":\"https:\\\/\\\/hempking.eu\\\/pl\\\/wp-content\\\/uploads\\\/sites\\\/2\\\/2020\\\/05\\\/hempking.png\",\"contentUrl\":\"https:\\\/\\\/hempking.eu\\\/pl\\\/wp-content\\\/uploads\\\/sites\\\/2\\\/2020\\\/05\\\/hempking.png\",\"width\":148,\"height\":91,\"caption\":\"Hemp King\"},\"image\":{\"@id\":\"https:\\\/\\\/hempking.eu\\\/pl\\\/#\\\/schema\\\/logo\\\/image\\\/\"},\"sameAs\":[\"https:\\\/\\\/www.facebook.com\\\/hempkingpoland\",\"https:\\\/\\\/x.com\\\/hempkingeu\",\"https:\\\/\\\/www.instagram.com\\\/hempkingeu\\\/\",\"https:\\\/\\\/www.linkedin.com\\\/company\\\/hempking-eu\\\/mycompany\\\/\",\"https:\\\/\\\/pl.pinterest.com\\\/hempkingeu\\\/\",\"https:\\\/\\\/www.youtube.com\\\/channel\\\/UCUkeZA1fj4hSZfoYm0WpZ7w\"]}]}<\/script>\n<meta property=\"product:price:amount\" content=\"39.99\" \/>\n<meta property=\"product:price:currency\" content=\"PLN\" \/>\n<meta property=\"og:availability\" content=\"out of stock\" \/>\n<meta property=\"product:availability\" content=\"out of stock\" \/>\n<meta property=\"product:retailer_item_id\" content=\"5903636627540\" \/>\n<meta property=\"product:condition\" content=\"new\" \/>\n<!-- \/ Yoast SEO Premium plugin. -->","yoast_head_json":{"title":"Bio bia\u0142ko konopne Vege Complex 250 g HempKing","description":"Bio bia\u0142ko konopne Vege Complex HempKing wspomaga metabolizm energetyczny, zmniejsza uczucie zm\u0119czenia i znu\u017cenia. Wypr\u00f3buj !","robots":{"index":"index","follow":"follow"},"canonical":"https:\/\/hempking.eu\/pl\/bio-bialko-konopne-vege-complex-250g\/","og_locale":"pl_PL","og_type":"article","og_title":"BIO bia\u0142ko konopne Vege Complex - 250 g","og_description":"Bio bia\u0142ko konopne Vege Complex HempKing wspomaga metabolizm energetyczny, zmniejsza uczucie zm\u0119czenia i znu\u017cenia. Wypr\u00f3buj !","og_url":"https:\/\/hempking.eu\/pl\/bio-bialko-konopne-vege-complex-250g\/","og_site_name":"Hemp King","article_publisher":"https:\/\/www.facebook.com\/hempkingpoland","article_modified_time":"2025-01-16T10:01:03+00:00","og_image":[{"width":1000,"height":1000,"url":"https:\/\/hempking.eu\/pl\/wp-content\/uploads\/sites\/2\/2022\/01\/bialko_vege_complex.jpg","type":"image\/jpeg"}],"twitter_card":"summary_large_image","twitter_site":"@hempkingeu","twitter_misc":{"Cena":"39.99&nbsp;&#122;&#322;","Dost\u0119pno\u015b\u0107":"Brak w magazynie"},"schema":{"@context":"https:\/\/schema.org","@graph":[{"@type":"WebPage","@id":"https:\/\/hempking.eu\/pl\/bio-bialko-konopne-vege-complex-250g\/","url":"https:\/\/hempking.eu\/pl\/bio-bialko-konopne-vege-complex-250g\/","name":"Bio bia\u0142ko konopne Vege Complex 250 g HempKing","isPartOf":{"@id":"https:\/\/hempking.eu\/pl\/#website"},"primaryImageOfPage":{"@id":"https:\/\/hempking.eu\/pl\/bio-bialko-konopne-vege-complex-250g\/#primaryimage"},"image":{"@id":"https:\/\/hempking.eu\/pl\/bio-bialko-konopne-vege-complex-250g\/#primaryimage"},"thumbnailUrl":"https:\/\/hempking.eu\/pl\/wp-content\/uploads\/sites\/2\/2022\/01\/bialko_vege_complex.jpg","datePublished":"2021-06-18T07:33:59+00:00","dateModified":"2025-01-16T10:01:03+00:00","description":"Bio bia\u0142ko konopne Vege Complex HempKing wspomaga metabolizm energetyczny, zmniejsza uczucie zm\u0119czenia i znu\u017cenia. Wypr\u00f3buj !","breadcrumb":{"@id":"https:\/\/hempking.eu\/pl\/bio-bialko-konopne-vege-complex-250g\/#breadcrumb"},"inLanguage":"pl-PL","potentialAction":[{"@type":"ReadAction","target":["https:\/\/hempking.eu\/pl\/bio-bialko-konopne-vege-complex-250g\/"]}]},{"@type":"ImageObject","inLanguage":"pl-PL","@id":"https:\/\/hempking.eu\/pl\/bio-bialko-konopne-vege-complex-250g\/#primaryimage","url":"https:\/\/hempking.eu\/pl\/wp-content\/uploads\/sites\/2\/2022\/01\/bialko_vege_complex.jpg","contentUrl":"https:\/\/hempking.eu\/pl\/wp-content\/uploads\/sites\/2\/2022\/01\/bialko_vege_complex.jpg","width":1000,"height":1000,"caption":"Bia\u0142ko konopne Vege Complex Bio 250 g HempKing"},{"@type":"BreadcrumbList","@id":"https:\/\/hempking.eu\/pl\/bio-bialko-konopne-vege-complex-250g\/#breadcrumb","itemListElement":[{"@type":"ListItem","position":1,"name":"Home","item":"https:\/\/hempking.eu\/pl\/"},{"@type":"ListItem","position":2,"name":"Sklep","item":"https:\/\/hempking.eu\/pl\/shop\/"},{"@type":"ListItem","position":3,"name":"\ud83e\udd6c \u017bywno\u015b\u0107 konopna","item":"https:\/\/hempking.eu\/pl\/zywnosc-konopna\/"},{"@type":"ListItem","position":4,"name":"Bia\u0142ko konopne","item":"https:\/\/hempking.eu\/pl\/bialko-konopne\/"},{"@type":"ListItem","position":5,"name":"BIO bia\u0142ko konopne Vege Complex - 250 g"}]},{"@type":"WebSite","@id":"https:\/\/hempking.eu\/pl\/#website","url":"https:\/\/hempking.eu\/pl\/","name":"Hemp King","description":"","publisher":{"@id":"https:\/\/hempking.eu\/pl\/#organization"},"potentialAction":[{"@type":"SearchAction","target":{"@type":"EntryPoint","urlTemplate":"https:\/\/hempking.eu\/pl\/?s={search_term_string}"},"query-input":{"@type":"PropertyValueSpecification","valueRequired":true,"valueName":"search_term_string"}}],"inLanguage":"pl-PL"},{"@type":"Organization","@id":"https:\/\/hempking.eu\/pl\/#organization","name":"Hemp King","url":"https:\/\/hempking.eu\/pl\/","logo":{"@type":"ImageObject","inLanguage":"pl-PL","@id":"https:\/\/hempking.eu\/pl\/#\/schema\/logo\/image\/","url":"https:\/\/hempking.eu\/pl\/wp-content\/uploads\/sites\/2\/2020\/05\/hempking.png","contentUrl":"https:\/\/hempking.eu\/pl\/wp-content\/uploads\/sites\/2\/2020\/05\/hempking.png","width":148,"height":91,"caption":"Hemp King"},"image":{"@id":"https:\/\/hempking.eu\/pl\/#\/schema\/logo\/image\/"},"sameAs":["https:\/\/www.facebook.com\/hempkingpoland","https:\/\/x.com\/hempkingeu","https:\/\/www.instagram.com\/hempkingeu\/","https:\/\/www.linkedin.com\/company\/hempking-eu\/mycompany\/","https:\/\/pl.pinterest.com\/hempkingeu\/","https:\/\/www.youtube.com\/channel\/UCUkeZA1fj4hSZfoYm0WpZ7w"]}]},"product_price_amount":"39.99","product_price_currency":"PLN","og_availability":"out of stock","product_availability":"out of stock","product_retailer_item_id":"5903636627540","product_condition":"new"},"df_price":39.99,"df_sale_price":"","df_regular_price":39.99,"df_image_link":"https:\/\/hempking.eu\/pl\/wp-content\/uploads\/sites\/2\/2022\/01\/bialko_vege_complex-300x300.jpg","_links":{"self":[{"href":"https:\/\/hempking.eu\/pl\/wp-json\/wp\/v2\/product\/68371","targetHints":{"allow":["GET"]}}],"collection":[{"href":"https:\/\/hempking.eu\/pl\/wp-json\/wp\/v2\/product"}],"about":[{"href":"https:\/\/hempking.eu\/pl\/wp-json\/wp\/v2\/types\/product"}],"wp:featuredmedia":[{"embeddable":true,"href":"https:\/\/hempking.eu\/pl\/wp-json\/wp\/v2\/media\/87466"}],"wp:attachment":[{"href":"https:\/\/hempking.eu\/pl\/wp-json\/wp\/v2\/media?parent=68371"}],"wp:term":[{"taxonomy":"product_brand","embeddable":true,"href":"https:\/\/hempking.eu\/pl\/wp-json\/wp\/v2\/product_brand?post=68371"},{"taxonomy":"product_cat","embeddable":true,"href":"https:\/\/hempking.eu\/pl\/wp-json\/wp\/v2\/product_cat?post=68371"},{"taxonomy":"product_tag","embeddable":true,"href":"https:\/\/hempking.eu\/pl\/wp-json\/wp\/v2\/product_tag?post=68371"}],"curies":[{"name":"wp","href":"https:\/\/api.w.org\/{rel}","templated":true}]}}