{"id":70146,"date":"2021-07-13T12:42:31","date_gmt":"2021-07-13T10:42:31","guid":{"rendered":"https:\/\/hempking.eu\/pl\/?post_type=product&#038;p=70146"},"modified":"2025-04-25T06:28:09","modified_gmt":"2025-04-25T04:28:09","slug":"probka-olej-cbd-5-natural-2ml","status":"publish","type":"product","link":"https:\/\/hempking.eu\/pl\/probka-olej-cbd-5-natural-2ml\/","title":{"rendered":"Pr\u00f3bka Olej CBD 5% Natural - 2ml"},"content":{"rendered":"<h2><a href=\"https:\/\/hempking.eu\/pl\/probki-olejkow\/\"><strong>Zam\u00f3w pr\u00f3bk\u0119 olejku CBD 5% Natural za 6,90 z\u0142 z kodem! &gt;&gt;&gt;Sprawd\u017a!&lt;&lt;&lt;<\/strong><\/a><\/h2>\n<p>Ka\u017cdy Klient ma prawo do zakupu jednej pr\u00f3bki oleju CBD 5%, a kod rabatowy nie \u0142\u0105czy si\u0119 z innymi kodami.<\/p>\n<h2><strong>W\u0142a\u015bciwo\u015bci oleju CBD 5% Natural<\/strong><\/h2>\n<p>Olejek konopny 5% zawiera pe\u0142ne spektrum fitosk\u0142adnik\u00f3w w st\u0119\u017ceniu idealnym na start przygody z CBD. Sprawdzi si\u0119 zw\u0142aszcza w diecie pocz\u0105tkuj\u0105cych, ale r\u00f3wnie\u017c u tych, kt\u00f3rzy ju\u017c wcze\u015bniej mieli okazj\u0119 spr\u00f3bowa\u0107 olejk\u00f3w konopnych z fitosk\u0142adnikami.<\/p>\n<p><strong>Co daje Ci spo\u017cywanie oleju konopnego?<\/strong><\/p>\n<ul>\n<li>urozmaicasz swoj\u0105 diet\u0119 o full spectrum fitosk\u0142adnik\u00f3w konopnych,<\/li>\n<li>dodajesz do swojej diety kwasy t\u0142uszczowe omega-3, omega-6 i omega-9,<\/li>\n<li>wspierasz odporno\u015b\u0107 swojego organizmu,<\/li>\n<li>wspomagasz sw\u00f3j uk\u0142ad sercowo-naczyniowy,<\/li>\n<li>olej konopny pomaga regulowa\u0107 zawarto\u015b\u0107 cholesterolu i tr\u00f3jgliceryd\u00f3w we krwi,<\/li>\n<li>dzi\u0119ki olejowi konopnemu sk\u00f3ra zachowuje optymalny poziom nawil\u017cenia i zdrowy wygl\u0105d.<\/li>\n<\/ul>\n<h2><strong>Spos\u00f3b spo\u017cywania olejku CBD 5% Natural &#8211; 2ml<\/strong><\/h2>\n<p>Olejek CBD najlepiej spo\u017cywa\u0107 za pomoc\u0105 do\u0142\u0105czonego kroplomierza, kt\u00f3ry u\u0142atwia odmierzanie porcji. Kropl\u0119 suplementu diety umieszczamy pod j\u0119zykiem i trzymamy do jej rozpuszczenia i wch\u0142oni\u0119cia si\u0119 &#8211; min. 30 sekund.<\/p>\n<p><strong>Pe\u0142nowymiarowy produkt znajdziesz <a href=\"https:\/\/hempking.eu\/pl\/olej-cbd-natural-5-500mg-10ml\/\">TUTAJ &#8211; Olej CBD 5% Natural &#8211; 10ml<\/a><\/strong><\/p>\n<p>Mo\u017cesz te\u017c sprawdzi\u0107 inne wersje <a href=\"https:\/\/hempking.eu\/pl\/olej-cbd-5\/\">olejku CBD 5%<\/a>:<\/p>\n<ul>\n<li><a href=\"https:\/\/hempking.eu\/pl\/olej-cbd-5-d3-10ml\/\">Olej CBD 5% + wit. D3 &#8211; 10ml\u00a0<\/a><\/li>\n<li><a href=\"https:\/\/hempking.eu\/pl\/olej-cbd-5-d3k2-10ml\/\">Olej CBD 5% + wit. D3K2 &#8211; 10ml\u00a0<\/a><\/li>\n<li><a href=\"https:\/\/hempking.eu\/pl\/olej-cbd-5-k2mk-7-z-natto-10ml\/\">Olej CBD 5% + wit. K2 &#8211; 10ml<\/a><\/li>\n<\/ul>\n<p><a href=\"https:\/\/hempking.eu\/pl\/wp-content\/uploads\/sites\/2\/2020\/07\/warunki_4.jpg\"><img decoding=\"async\" class=\"alignnone size-full wp-image-100623\" src=\"https:\/\/hempking.eu\/pl\/wp-content\/uploads\/sites\/2\/2020\/07\/warunki_4.jpg\" alt=\"fito sk\u0142adniki novel food\" width=\"755\" height=\"237\" srcset=\"https:\/\/hempking.eu\/pl\/wp-content\/uploads\/sites\/2\/2020\/07\/warunki_4.jpg 755w, https:\/\/hempking.eu\/pl\/wp-content\/uploads\/sites\/2\/2020\/07\/warunki_4-640x201.jpg 640w, https:\/\/hempking.eu\/pl\/wp-content\/uploads\/sites\/2\/2020\/07\/warunki_4-400x126.jpg 400w\" sizes=\"(max-width: 755px) 100vw, 755px\" \/><\/a><\/p>\n<p><strong>Producent\/ Podmiot odpowiedzialny:<\/strong><\/p>\n<p>Biodio Lab Sp. z o.o.<br \/>\nUl. Choroszcza\u0144ska 24<br \/>\n15-732 Bia\u0142ystok<\/p>\n<p>&nbsp;<\/p>\n","protected":false},"excerpt":{"rendered":"<h2><a href=\"https:\/\/hempking.eu\/pl\/probki-olejkow\/\" rel=\"nofollow\"><strong>Zam\u00f3w pr\u00f3bk\u0119 olejku CBD 5% Natural TANIEJ z kodem! &gt;&gt;&gt;Sprawd\u017a!&lt;&lt;&lt;<\/strong><\/a><\/h2>\n<h2><strong>Pr\u00f3bka oleju CBD 5% Natural:\u00a0<\/strong><\/h2>\n<ul>\n<li>full spectrum fitokannabinoid\u00f3w<\/li>\n<li>olej konopny wysokiej jako\u015bci<\/li>\n<li>produkt przebadany i certyfikowany<\/li>\n<\/ul>\n<p><strong>Pojemno\u015b\u0107: 2ml<\/strong><\/p>\n","protected":false},"featured_media":70147,"template":"","meta":{"_acf_changed":false},"product_brand":[],"product_cat":[444,38,20,442,441],"product_tag":[],"class_list":{"0":"post-70146","1":"product","2":"type-product","3":"status-publish","4":"has-post-thumbnail","6":"product_cat-kannabinoidy","7":"product_cat-olej-cbd-5","8":"product_cat-olej-cbd","9":"product_cat-stezenia","10":"product_cat-forma","12":"first","13":"instock","14":"sold-individually","15":"shipping-taxable","16":"purchasable","17":"product-type-simple"},"acf":[],"yoast_head":"<!-- This site is optimized with the Yoast SEO Premium plugin v24.8 (Yoast SEO v27.3) - https:\/\/yoast.com\/product\/yoast-seo-premium-wordpress\/ -->\n<title>Pr\u00f3bka Olej CBD 5% Natural Hempking | Full Spectrum | 2 ml | Sprawd\u017a<\/title>\n<meta name=\"description\" content=\"Pr\u00f3bka Olej CBD 5% od Hempking. Zam\u00f3w pr\u00f3bk\u0119 olejku CBD 5% Natural za 6,90 z\u0142 z kodem! Chwytaj okazj\u0119 i kup ju\u017c teraz na hempking.eu !\" \/>\n<meta name=\"robots\" content=\"index, follow\" \/>\n<link rel=\"canonical\" href=\"https:\/\/hempking.eu\/pl\/probka-olej-cbd-5-natural-2ml\/\" \/>\n<meta property=\"og:locale\" content=\"pl_PL\" \/>\n<meta property=\"og:type\" content=\"article\" \/>\n<meta property=\"og:title\" content=\"Pr\u00f3bka Olej CBD 5% Natural - 2ml\" \/>\n<meta property=\"og:description\" content=\"Pr\u00f3bka Olej CBD 5% od Hempking. Zam\u00f3w pr\u00f3bk\u0119 olejku CBD 5% Natural za 6,90 z\u0142 z kodem! Chwytaj okazj\u0119 i kup ju\u017c teraz na hempking.eu !\" \/>\n<meta property=\"og:url\" content=\"https:\/\/hempking.eu\/pl\/probka-olej-cbd-5-natural-2ml\/\" \/>\n<meta property=\"og:site_name\" content=\"Hemp King\" \/>\n<meta property=\"article:publisher\" content=\"https:\/\/www.facebook.com\/hempkingpoland\" \/>\n<meta property=\"article:modified_time\" content=\"2025-04-25T04:28:09+00:00\" \/>\n<meta property=\"og:image\" content=\"https:\/\/hempking.eu\/pl\/wp-content\/uploads\/sites\/2\/2021\/07\/olejek_5_2ml.jpg\" \/>\n\t<meta property=\"og:image:width\" content=\"1000\" \/>\n\t<meta property=\"og:image:height\" content=\"1000\" \/>\n\t<meta property=\"og:image:type\" content=\"image\/jpeg\" \/>\n<meta name=\"twitter:card\" content=\"summary_large_image\" \/>\n<meta name=\"twitter:site\" content=\"@hempkingeu\" \/>\n<meta name=\"twitter:label1\" content=\"Cena\" \/>\n\t<meta name=\"twitter:data1\" content=\"29.00&nbsp;&#122;&#322;\" \/>\n\t<meta name=\"twitter:label2\" content=\"Dost\u0119pno\u015b\u0107\" \/>\n\t<meta name=\"twitter:data2\" content=\"Dost\u0119pny\" \/>\n<script type=\"application\/ld+json\" class=\"yoast-schema-graph\">{\"@context\":\"https:\\\/\\\/schema.org\",\"@graph\":[{\"@type\":\"WebPage\",\"@id\":\"https:\\\/\\\/hempking.eu\\\/pl\\\/probka-olej-cbd-5-natural-2ml\\\/\",\"url\":\"https:\\\/\\\/hempking.eu\\\/pl\\\/probka-olej-cbd-5-natural-2ml\\\/\",\"name\":\"Pr\u00f3bka Olej CBD 5% Natural Hempking | Full Spectrum | 2 ml | Sprawd\u017a\",\"isPartOf\":{\"@id\":\"https:\\\/\\\/hempking.eu\\\/pl\\\/#website\"},\"primaryImageOfPage\":{\"@id\":\"https:\\\/\\\/hempking.eu\\\/pl\\\/probka-olej-cbd-5-natural-2ml\\\/#primaryimage\"},\"image\":{\"@id\":\"https:\\\/\\\/hempking.eu\\\/pl\\\/probka-olej-cbd-5-natural-2ml\\\/#primaryimage\"},\"thumbnailUrl\":\"https:\\\/\\\/hempking.eu\\\/pl\\\/wp-content\\\/uploads\\\/sites\\\/2\\\/2021\\\/07\\\/olejek_5_2ml.jpg\",\"datePublished\":\"2021-07-13T10:42:31+00:00\",\"dateModified\":\"2025-04-25T04:28:09+00:00\",\"description\":\"Pr\u00f3bka Olej CBD 5% od Hempking. Zam\u00f3w pr\u00f3bk\u0119 olejku CBD 5% Natural za 6,90 z\u0142 z kodem! Chwytaj okazj\u0119 i kup ju\u017c teraz na hempking.eu !\",\"breadcrumb\":{\"@id\":\"https:\\\/\\\/hempking.eu\\\/pl\\\/probka-olej-cbd-5-natural-2ml\\\/#breadcrumb\"},\"inLanguage\":\"pl-PL\",\"potentialAction\":[{\"@type\":\"ReadAction\",\"target\":[\"https:\\\/\\\/hempking.eu\\\/pl\\\/probka-olej-cbd-5-natural-2ml\\\/\"]}]},{\"@type\":\"ImageObject\",\"inLanguage\":\"pl-PL\",\"@id\":\"https:\\\/\\\/hempking.eu\\\/pl\\\/probka-olej-cbd-5-natural-2ml\\\/#primaryimage\",\"url\":\"https:\\\/\\\/hempking.eu\\\/pl\\\/wp-content\\\/uploads\\\/sites\\\/2\\\/2021\\\/07\\\/olejek_5_2ml.jpg\",\"contentUrl\":\"https:\\\/\\\/hempking.eu\\\/pl\\\/wp-content\\\/uploads\\\/sites\\\/2\\\/2021\\\/07\\\/olejek_5_2ml.jpg\",\"width\":1000,\"height\":1000,\"caption\":\"Pr\u00f3bka olejku CBD 5% 2ml\"},{\"@type\":\"BreadcrumbList\",\"@id\":\"https:\\\/\\\/hempking.eu\\\/pl\\\/probka-olej-cbd-5-natural-2ml\\\/#breadcrumb\",\"itemListElement\":[{\"@type\":\"ListItem\",\"position\":1,\"name\":\"Home\",\"item\":\"https:\\\/\\\/hempking.eu\\\/pl\\\/\"},{\"@type\":\"ListItem\",\"position\":2,\"name\":\"Sklep\",\"item\":\"https:\\\/\\\/hempking.eu\\\/pl\\\/shop\\\/\"},{\"@type\":\"ListItem\",\"position\":3,\"name\":\"Olejki CBD\",\"item\":\"https:\\\/\\\/hempking.eu\\\/pl\\\/olej-cbd\\\/\"},{\"@type\":\"ListItem\",\"position\":4,\"name\":\"Pr\u00f3bka Olej CBD 5% Natural - 2ml\"}]},{\"@type\":\"WebSite\",\"@id\":\"https:\\\/\\\/hempking.eu\\\/pl\\\/#website\",\"url\":\"https:\\\/\\\/hempking.eu\\\/pl\\\/\",\"name\":\"Hemp King\",\"description\":\"\",\"publisher\":{\"@id\":\"https:\\\/\\\/hempking.eu\\\/pl\\\/#organization\"},\"potentialAction\":[{\"@type\":\"SearchAction\",\"target\":{\"@type\":\"EntryPoint\",\"urlTemplate\":\"https:\\\/\\\/hempking.eu\\\/pl\\\/?s={search_term_string}\"},\"query-input\":{\"@type\":\"PropertyValueSpecification\",\"valueRequired\":true,\"valueName\":\"search_term_string\"}}],\"inLanguage\":\"pl-PL\"},{\"@type\":\"Organization\",\"@id\":\"https:\\\/\\\/hempking.eu\\\/pl\\\/#organization\",\"name\":\"Hemp King\",\"url\":\"https:\\\/\\\/hempking.eu\\\/pl\\\/\",\"logo\":{\"@type\":\"ImageObject\",\"inLanguage\":\"pl-PL\",\"@id\":\"https:\\\/\\\/hempking.eu\\\/pl\\\/#\\\/schema\\\/logo\\\/image\\\/\",\"url\":\"https:\\\/\\\/hempking.eu\\\/pl\\\/wp-content\\\/uploads\\\/sites\\\/2\\\/2020\\\/05\\\/hempking.png\",\"contentUrl\":\"https:\\\/\\\/hempking.eu\\\/pl\\\/wp-content\\\/uploads\\\/sites\\\/2\\\/2020\\\/05\\\/hempking.png\",\"width\":148,\"height\":91,\"caption\":\"Hemp King\"},\"image\":{\"@id\":\"https:\\\/\\\/hempking.eu\\\/pl\\\/#\\\/schema\\\/logo\\\/image\\\/\"},\"sameAs\":[\"https:\\\/\\\/www.facebook.com\\\/hempkingpoland\",\"https:\\\/\\\/x.com\\\/hempkingeu\",\"https:\\\/\\\/www.instagram.com\\\/hempkingeu\\\/\",\"https:\\\/\\\/www.linkedin.com\\\/company\\\/hempking-eu\\\/mycompany\\\/\",\"https:\\\/\\\/pl.pinterest.com\\\/hempkingeu\\\/\",\"https:\\\/\\\/www.youtube.com\\\/channel\\\/UCUkeZA1fj4hSZfoYm0WpZ7w\"]}]}<\/script>\n<meta property=\"product:price:amount\" content=\"29.00\" \/>\n<meta property=\"product:price:currency\" content=\"PLN\" \/>\n<meta property=\"og:availability\" content=\"instock\" \/>\n<meta property=\"product:availability\" content=\"instock\" \/>\n<meta property=\"product:retailer_item_id\" content=\"PR\u00d3BKA 5%.\" \/>\n<meta property=\"product:condition\" content=\"new\" \/>\n<!-- \/ Yoast SEO Premium plugin. -->","yoast_head_json":{"title":"Pr\u00f3bka Olej CBD 5% Natural Hempking | Full Spectrum | 2 ml | Sprawd\u017a","description":"Pr\u00f3bka Olej CBD 5% od Hempking. Zam\u00f3w pr\u00f3bk\u0119 olejku CBD 5% Natural za 6,90 z\u0142 z kodem! Chwytaj okazj\u0119 i kup ju\u017c teraz na hempking.eu !","robots":{"index":"index","follow":"follow"},"canonical":"https:\/\/hempking.eu\/pl\/probka-olej-cbd-5-natural-2ml\/","og_locale":"pl_PL","og_type":"article","og_title":"Pr\u00f3bka Olej CBD 5% Natural - 2ml","og_description":"Pr\u00f3bka Olej CBD 5% od Hempking. Zam\u00f3w pr\u00f3bk\u0119 olejku CBD 5% Natural za 6,90 z\u0142 z kodem! Chwytaj okazj\u0119 i kup ju\u017c teraz na hempking.eu !","og_url":"https:\/\/hempking.eu\/pl\/probka-olej-cbd-5-natural-2ml\/","og_site_name":"Hemp King","article_publisher":"https:\/\/www.facebook.com\/hempkingpoland","article_modified_time":"2025-04-25T04:28:09+00:00","og_image":[{"width":1000,"height":1000,"url":"https:\/\/hempking.eu\/pl\/wp-content\/uploads\/sites\/2\/2021\/07\/olejek_5_2ml.jpg","type":"image\/jpeg"}],"twitter_card":"summary_large_image","twitter_site":"@hempkingeu","twitter_misc":{"Cena":"29.00&nbsp;&#122;&#322;","Dost\u0119pno\u015b\u0107":"Dost\u0119pny"},"schema":{"@context":"https:\/\/schema.org","@graph":[{"@type":"WebPage","@id":"https:\/\/hempking.eu\/pl\/probka-olej-cbd-5-natural-2ml\/","url":"https:\/\/hempking.eu\/pl\/probka-olej-cbd-5-natural-2ml\/","name":"Pr\u00f3bka Olej CBD 5% Natural Hempking | Full Spectrum | 2 ml | Sprawd\u017a","isPartOf":{"@id":"https:\/\/hempking.eu\/pl\/#website"},"primaryImageOfPage":{"@id":"https:\/\/hempking.eu\/pl\/probka-olej-cbd-5-natural-2ml\/#primaryimage"},"image":{"@id":"https:\/\/hempking.eu\/pl\/probka-olej-cbd-5-natural-2ml\/#primaryimage"},"thumbnailUrl":"https:\/\/hempking.eu\/pl\/wp-content\/uploads\/sites\/2\/2021\/07\/olejek_5_2ml.jpg","datePublished":"2021-07-13T10:42:31+00:00","dateModified":"2025-04-25T04:28:09+00:00","description":"Pr\u00f3bka Olej CBD 5% od Hempking. Zam\u00f3w pr\u00f3bk\u0119 olejku CBD 5% Natural za 6,90 z\u0142 z kodem! Chwytaj okazj\u0119 i kup ju\u017c teraz na hempking.eu !","breadcrumb":{"@id":"https:\/\/hempking.eu\/pl\/probka-olej-cbd-5-natural-2ml\/#breadcrumb"},"inLanguage":"pl-PL","potentialAction":[{"@type":"ReadAction","target":["https:\/\/hempking.eu\/pl\/probka-olej-cbd-5-natural-2ml\/"]}]},{"@type":"ImageObject","inLanguage":"pl-PL","@id":"https:\/\/hempking.eu\/pl\/probka-olej-cbd-5-natural-2ml\/#primaryimage","url":"https:\/\/hempking.eu\/pl\/wp-content\/uploads\/sites\/2\/2021\/07\/olejek_5_2ml.jpg","contentUrl":"https:\/\/hempking.eu\/pl\/wp-content\/uploads\/sites\/2\/2021\/07\/olejek_5_2ml.jpg","width":1000,"height":1000,"caption":"Pr\u00f3bka olejku CBD 5% 2ml"},{"@type":"BreadcrumbList","@id":"https:\/\/hempking.eu\/pl\/probka-olej-cbd-5-natural-2ml\/#breadcrumb","itemListElement":[{"@type":"ListItem","position":1,"name":"Home","item":"https:\/\/hempking.eu\/pl\/"},{"@type":"ListItem","position":2,"name":"Sklep","item":"https:\/\/hempking.eu\/pl\/shop\/"},{"@type":"ListItem","position":3,"name":"Olejki CBD","item":"https:\/\/hempking.eu\/pl\/olej-cbd\/"},{"@type":"ListItem","position":4,"name":"Pr\u00f3bka Olej CBD 5% Natural - 2ml"}]},{"@type":"WebSite","@id":"https:\/\/hempking.eu\/pl\/#website","url":"https:\/\/hempking.eu\/pl\/","name":"Hemp King","description":"","publisher":{"@id":"https:\/\/hempking.eu\/pl\/#organization"},"potentialAction":[{"@type":"SearchAction","target":{"@type":"EntryPoint","urlTemplate":"https:\/\/hempking.eu\/pl\/?s={search_term_string}"},"query-input":{"@type":"PropertyValueSpecification","valueRequired":true,"valueName":"search_term_string"}}],"inLanguage":"pl-PL"},{"@type":"Organization","@id":"https:\/\/hempking.eu\/pl\/#organization","name":"Hemp King","url":"https:\/\/hempking.eu\/pl\/","logo":{"@type":"ImageObject","inLanguage":"pl-PL","@id":"https:\/\/hempking.eu\/pl\/#\/schema\/logo\/image\/","url":"https:\/\/hempking.eu\/pl\/wp-content\/uploads\/sites\/2\/2020\/05\/hempking.png","contentUrl":"https:\/\/hempking.eu\/pl\/wp-content\/uploads\/sites\/2\/2020\/05\/hempking.png","width":148,"height":91,"caption":"Hemp King"},"image":{"@id":"https:\/\/hempking.eu\/pl\/#\/schema\/logo\/image\/"},"sameAs":["https:\/\/www.facebook.com\/hempkingpoland","https:\/\/x.com\/hempkingeu","https:\/\/www.instagram.com\/hempkingeu\/","https:\/\/www.linkedin.com\/company\/hempking-eu\/mycompany\/","https:\/\/pl.pinterest.com\/hempkingeu\/","https:\/\/www.youtube.com\/channel\/UCUkeZA1fj4hSZfoYm0WpZ7w"]}]},"product_price_amount":"29.00","product_price_currency":"PLN","og_availability":"instock","product_availability":"instock","product_retailer_item_id":"PR\u00d3BKA 5%.","product_condition":"new"},"df_price":29,"df_sale_price":"","df_regular_price":29,"df_image_link":"https:\/\/hempking.eu\/pl\/wp-content\/uploads\/sites\/2\/2021\/07\/olejek_5_2ml-300x300.jpg","_links":{"self":[{"href":"https:\/\/hempking.eu\/pl\/wp-json\/wp\/v2\/product\/70146","targetHints":{"allow":["GET"]}}],"collection":[{"href":"https:\/\/hempking.eu\/pl\/wp-json\/wp\/v2\/product"}],"about":[{"href":"https:\/\/hempking.eu\/pl\/wp-json\/wp\/v2\/types\/product"}],"wp:featuredmedia":[{"embeddable":true,"href":"https:\/\/hempking.eu\/pl\/wp-json\/wp\/v2\/media\/70147"}],"wp:attachment":[{"href":"https:\/\/hempking.eu\/pl\/wp-json\/wp\/v2\/media?parent=70146"}],"wp:term":[{"taxonomy":"product_brand","embeddable":true,"href":"https:\/\/hempking.eu\/pl\/wp-json\/wp\/v2\/product_brand?post=70146"},{"taxonomy":"product_cat","embeddable":true,"href":"https:\/\/hempking.eu\/pl\/wp-json\/wp\/v2\/product_cat?post=70146"},{"taxonomy":"product_tag","embeddable":true,"href":"https:\/\/hempking.eu\/pl\/wp-json\/wp\/v2\/product_tag?post=70146"}],"curies":[{"name":"wp","href":"https:\/\/api.w.org\/{rel}","templated":true}]}}