{"id":83423,"date":"2021-12-08T16:25:55","date_gmt":"2021-12-08T15:25:55","guid":{"rendered":"https:\/\/hempking.eu\/pl\/?post_type=product&#038;p=83423"},"modified":"2025-11-05T16:11:49","modified_gmt":"2025-11-05T15:11:49","slug":"beta-karoten-w-kroplach-w-oleju-konopnym-30-ml","status":"publish","type":"product","link":"https:\/\/hempking.eu\/pl\/beta-karoten-w-kroplach-w-oleju-konopnym-30-ml\/","title":{"rendered":"Beta-karoten w kroplach w bio oleju konopnym - 30 ml"},"content":{"rendered":"<h2 style=\"text-align: justify;\">Beta-karoten w kroplach w oleju konopnym, czyli prowitamina A<\/h2>\n<p style=\"text-align: justify;\"><span style=\"font-weight: 400;\"><strong>Beta-karoten w oleju konopnym<\/strong> to wyj\u0105tkowa formu\u0142a<\/span><span style=\"font-weight: 400;\">\u00a0naturalnego beta-karotenu. <strong>Du\u017ca porcja czystego beta-karotenu<\/strong> zamkni\u0119ta wraz z olejem konopnym w szklanym opakowaniu to wygoda suplementacji tzw. <strong>prowitaminy A<\/strong>. Ten beta-karoten pochodzi z naturalnej biofermentacji.\u00a0<\/span><\/p>\n<p style=\"text-align: justify;\"><span style=\"font-weight: 400;\"><strong>Beta karoten (prowitamina A)<\/strong> jest potrzebny w naszym organizmie do produkcji wa\u017cnej witaminy A. Co wa\u017cne, je\u015bli spo\u017cyjemy go za du\u017co, nie musimy obawia\u0107 si\u0119 o skutki uboczne &#8211; nie jest gromadzony w organizmie i jest \u0142atwo wydalany.<\/span><\/p>\n<p style=\"text-align: justify;\"><span style=\"font-weight: 400;\"><strong>Nasz olej konopny<\/strong> to certyfikowany organiczny produkt, kt\u00f3ry zosta\u0142 wyt\u0142oczony na zimno z konopi z upraw ekologicznych! To pewno\u015b\u0107, \u017ce w produkcie ko\u0144cowym nie ma \u017cadnych pestycyd\u00f3w, herbicyd\u00f3w, sztucznych, chemicznych czy szkodliwych sk\u0142adnik\u00f3w!<\/span><\/p>\n<p style=\"text-align: justify;\"><span style=\"font-weight: 400;\"><strong>Olej konopny<\/strong> posiada wiele cennych w\u0142a\u015bciwo\u015bci dla naszego organizmu i samopoczucia, dlatego musia\u0142 znale\u017a\u0107 si\u0119jako sk\u0142adnik suplementu diety jakim jest <strong>Beta-karoten w kroplach<\/strong>. Zw\u0142aszcza, \u017ce to forma<strong> z certyfikatem EU Organic<\/strong>, co sprawia, \u017ce to wyj\u0105tkowa formu\u0142a, kt\u00f3ra jest w 100% naturalna.<\/span><\/p>\n<h2>Kto poleca Beta karoten w oleju konopnym HempKing?<\/h2>\n<p>Polecaj\u0105 nas:<\/p>\n<p><a href=\"https:\/\/www.instagram.com\/madzik_86_\/\">@madzik_86_<\/a><br \/>\n<a href=\"https:\/\/www.instagram.com\/p\/CberrU0jCLz\/\">https:\/\/www.instagram.com\/p\/CberrU0jCLz\/<\/a><\/p>\n<p><a href=\"https:\/\/www.instagram.com\/marluu98\/\">@marluu98<\/a><br \/>\n<a href=\"https:\/\/www.instagram.com\/p\/CbazJgrMhBL\/\">https:\/\/www.instagram.com\/p\/CbazJgrMhBL\/<\/a><\/p>\n<p><a href=\"https:\/\/hempking.eu\/pl\/wp-content\/uploads\/sites\/2\/2020\/07\/warunki4.jpg\"><img decoding=\"async\" class=\"alignnone wp-image-101812 size-full\" src=\"https:\/\/hempking.eu\/pl\/wp-content\/uploads\/sites\/2\/2020\/07\/warunki4.jpg\" alt=\"o\u015bwiadczenia w UE\" width=\"755\" height=\"353\" srcset=\"https:\/\/hempking.eu\/pl\/wp-content\/uploads\/sites\/2\/2020\/07\/warunki4.jpg 755w, https:\/\/hempking.eu\/pl\/wp-content\/uploads\/sites\/2\/2020\/07\/warunki4-640x299.jpg 640w, https:\/\/hempking.eu\/pl\/wp-content\/uploads\/sites\/2\/2020\/07\/warunki4-400x187.jpg 400w\" sizes=\"(max-width: 755px) 100vw, 755px\" \/><\/a><\/p>\n<p><strong>Producent\/ Podmiot odpowiedzialny:<\/strong><\/p>\n<p>Biodio Lab Sp. z o.o.<br \/>\nUl. Choroszcza\u0144ska 24<br \/>\n15-732 Bia\u0142ystok<\/p>\n","protected":false},"excerpt":{"rendered":"<h2><strong>Beta-karoten w oleju konopnym:\u00a0<\/strong><\/h2>\n<ul>\n<li style=\"font-weight: 400;\"><span style=\"font-weight: 400;\">opatentowana formu\u0142a naturalnego beta-karotenu<\/span><\/li>\n<li style=\"font-weight: 400;\"><span style=\"font-weight: 400;\">600 porcji w jednej buteleczce!\u00a0<\/span><\/li>\n<li>wystarcza na 120 dni<\/li>\n<li style=\"font-weight: 400;\"><span style=\"font-weight: 400;\">1 porcja to 15000\u00a0 \u00b5g Beta-karotenu<\/span><\/li>\n<li style=\"font-weight: 400;\"><span style=\"font-weight: 400;\">olej konopny dodaje pozytywnych w\u0142a\u015bciwo\u015bci produktowi<\/span><\/li>\n<li style=\"font-weight: 400;\"><span style=\"font-weight: 400;\">bez glutenu, laktozy, konserwant\u00f3w i barwnik\u00f3w<\/span><\/li>\n<li style=\"font-weight: 400;\"><span style=\"font-weight: 400;\">produkt odpowiedni dla wegetarian i wegan<\/span><\/li>\n<\/ul>\n<p><b>Pojemno\u015b\u0107: 30 ml<\/b><\/p>\n","protected":false},"featured_media":91784,"template":"","meta":{"_acf_changed":false},"product_brand":[],"product_cat":[438,437,454,141,445,446,447,452,453,408,116,96],"product_tag":[],"class_list":{"0":"post-83423","1":"product","2":"type-product","3":"status-publish","4":"has-post-thumbnail","6":"product_cat-hempking","7":"product_cat-marki","8":"product_cat-narzady-zmyslow","9":"product_cat-obnizka-produktow-do-25","10":"product_cat-suplementy-na-uklad-hormonalny","11":"product_cat-suplementy-na-uklad-krazenia","12":"product_cat-suplementy-na-uklad-limfatyczny","13":"product_cat-suplementy-na-uklad-pokarmowy","14":"product_cat-suplementy-na-uklad-ruchu","15":"product_cat-witaminy","16":"product_cat-witaminy-w-oleju-konopnym","17":"product_cat-suplementy","19":"first","20":"outofstock","21":"shipping-taxable","22":"purchasable","23":"product-type-simple"},"acf":[],"yoast_head":"<!-- This site is optimized with the Yoast SEO Premium plugin v24.8 (Yoast SEO v27.3) - https:\/\/yoast.com\/product\/yoast-seo-premium-wordpress\/ -->\n<title>Beta-karoten w kroplach w oleju konopnym HempKing<\/title>\n<meta name=\"description\" content=\"Beta-karoten w oleju konopnym to wyj\u0105tkowa formu\u0142a CaroCare\u00ae, czyli naturalnego beta-karotenu. Zadbaj z nami o swoj\u0105 diet\u0119!\" \/>\n<meta name=\"robots\" content=\"index, follow\" \/>\n<link rel=\"canonical\" href=\"https:\/\/hempking.eu\/pl\/beta-karoten-w-kroplach-w-oleju-konopnym-30-ml\/\" \/>\n<meta property=\"og:locale\" content=\"pl_PL\" \/>\n<meta property=\"og:type\" content=\"article\" \/>\n<meta property=\"og:title\" content=\"Beta-karoten w kroplach w bio oleju konopnym - 30 ml\" \/>\n<meta property=\"og:description\" content=\"Beta-karoten w oleju konopnym to wyj\u0105tkowa formu\u0142a CaroCare\u00ae, czyli naturalnego beta-karotenu. Zadbaj z nami o swoj\u0105 diet\u0119!\" \/>\n<meta property=\"og:url\" content=\"https:\/\/hempking.eu\/pl\/beta-karoten-w-kroplach-w-oleju-konopnym-30-ml\/\" \/>\n<meta property=\"og:site_name\" content=\"Hemp King\" \/>\n<meta property=\"article:publisher\" content=\"https:\/\/www.facebook.com\/hempkingpoland\" \/>\n<meta property=\"article:modified_time\" content=\"2025-11-05T15:11:49+00:00\" \/>\n<meta property=\"og:image\" content=\"https:\/\/hempking.eu\/pl\/wp-content\/uploads\/sites\/2\/2021\/12\/olejek_witaminy_beta_karoten.jpg\" \/>\n\t<meta property=\"og:image:width\" content=\"1000\" \/>\n\t<meta property=\"og:image:height\" content=\"1000\" \/>\n\t<meta property=\"og:image:type\" content=\"image\/jpeg\" \/>\n<meta name=\"twitter:card\" content=\"summary_large_image\" \/>\n<meta name=\"twitter:site\" content=\"@hempkingeu\" \/>\n<meta name=\"twitter:label1\" content=\"Cena\" \/>\n\t<meta name=\"twitter:data1\" content=\"44.99&nbsp;&#122;&#322;\" \/>\n\t<meta name=\"twitter:label2\" content=\"Dost\u0119pno\u015b\u0107\" \/>\n\t<meta name=\"twitter:data2\" content=\"Brak w magazynie\" \/>\n<script type=\"application\/ld+json\" class=\"yoast-schema-graph\">{\"@context\":\"https:\\\/\\\/schema.org\",\"@graph\":[{\"@type\":\"WebPage\",\"@id\":\"https:\\\/\\\/hempking.eu\\\/pl\\\/beta-karoten-w-kroplach-w-oleju-konopnym-30-ml\\\/\",\"url\":\"https:\\\/\\\/hempking.eu\\\/pl\\\/beta-karoten-w-kroplach-w-oleju-konopnym-30-ml\\\/\",\"name\":\"Beta-karoten w kroplach w oleju konopnym HempKing\",\"isPartOf\":{\"@id\":\"https:\\\/\\\/hempking.eu\\\/pl\\\/#website\"},\"primaryImageOfPage\":{\"@id\":\"https:\\\/\\\/hempking.eu\\\/pl\\\/beta-karoten-w-kroplach-w-oleju-konopnym-30-ml\\\/#primaryimage\"},\"image\":{\"@id\":\"https:\\\/\\\/hempking.eu\\\/pl\\\/beta-karoten-w-kroplach-w-oleju-konopnym-30-ml\\\/#primaryimage\"},\"thumbnailUrl\":\"https:\\\/\\\/hempking.eu\\\/pl\\\/wp-content\\\/uploads\\\/sites\\\/2\\\/2021\\\/12\\\/olejek_witaminy_beta_karoten.jpg\",\"datePublished\":\"2021-12-08T15:25:55+00:00\",\"dateModified\":\"2025-11-05T15:11:49+00:00\",\"description\":\"Beta-karoten w oleju konopnym to wyj\u0105tkowa formu\u0142a CaroCare\u00ae, czyli naturalnego beta-karotenu. Zadbaj z nami o swoj\u0105 diet\u0119!\",\"breadcrumb\":{\"@id\":\"https:\\\/\\\/hempking.eu\\\/pl\\\/beta-karoten-w-kroplach-w-oleju-konopnym-30-ml\\\/#breadcrumb\"},\"inLanguage\":\"pl-PL\",\"potentialAction\":[{\"@type\":\"ReadAction\",\"target\":[\"https:\\\/\\\/hempking.eu\\\/pl\\\/beta-karoten-w-kroplach-w-oleju-konopnym-30-ml\\\/\"]}]},{\"@type\":\"ImageObject\",\"inLanguage\":\"pl-PL\",\"@id\":\"https:\\\/\\\/hempking.eu\\\/pl\\\/beta-karoten-w-kroplach-w-oleju-konopnym-30-ml\\\/#primaryimage\",\"url\":\"https:\\\/\\\/hempking.eu\\\/pl\\\/wp-content\\\/uploads\\\/sites\\\/2\\\/2021\\\/12\\\/olejek_witaminy_beta_karoten.jpg\",\"contentUrl\":\"https:\\\/\\\/hempking.eu\\\/pl\\\/wp-content\\\/uploads\\\/sites\\\/2\\\/2021\\\/12\\\/olejek_witaminy_beta_karoten.jpg\",\"width\":1000,\"height\":1000,\"caption\":\"beta karoten witamina A w oleju konopnym\"},{\"@type\":\"BreadcrumbList\",\"@id\":\"https:\\\/\\\/hempking.eu\\\/pl\\\/beta-karoten-w-kroplach-w-oleju-konopnym-30-ml\\\/#breadcrumb\",\"itemListElement\":[{\"@type\":\"ListItem\",\"position\":1,\"name\":\"Home\",\"item\":\"https:\\\/\\\/hempking.eu\\\/pl\\\/\"},{\"@type\":\"ListItem\",\"position\":2,\"name\":\"Sklep\",\"item\":\"https:\\\/\\\/hempking.eu\\\/pl\\\/shop\\\/\"},{\"@type\":\"ListItem\",\"position\":3,\"name\":\"Witaminy i minera\u0142y\",\"item\":\"https:\\\/\\\/hempking.eu\\\/pl\\\/witaminy-i-mineraly\\\/\"},{\"@type\":\"ListItem\",\"position\":4,\"name\":\"Witaminy\",\"item\":\"https:\\\/\\\/hempking.eu\\\/pl\\\/witaminy\\\/\"},{\"@type\":\"ListItem\",\"position\":5,\"name\":\"Beta-karoten w kroplach w bio oleju konopnym - 30 ml\"}]},{\"@type\":\"WebSite\",\"@id\":\"https:\\\/\\\/hempking.eu\\\/pl\\\/#website\",\"url\":\"https:\\\/\\\/hempking.eu\\\/pl\\\/\",\"name\":\"Hemp King\",\"description\":\"\",\"publisher\":{\"@id\":\"https:\\\/\\\/hempking.eu\\\/pl\\\/#organization\"},\"potentialAction\":[{\"@type\":\"SearchAction\",\"target\":{\"@type\":\"EntryPoint\",\"urlTemplate\":\"https:\\\/\\\/hempking.eu\\\/pl\\\/?s={search_term_string}\"},\"query-input\":{\"@type\":\"PropertyValueSpecification\",\"valueRequired\":true,\"valueName\":\"search_term_string\"}}],\"inLanguage\":\"pl-PL\"},{\"@type\":\"Organization\",\"@id\":\"https:\\\/\\\/hempking.eu\\\/pl\\\/#organization\",\"name\":\"Hemp King\",\"url\":\"https:\\\/\\\/hempking.eu\\\/pl\\\/\",\"logo\":{\"@type\":\"ImageObject\",\"inLanguage\":\"pl-PL\",\"@id\":\"https:\\\/\\\/hempking.eu\\\/pl\\\/#\\\/schema\\\/logo\\\/image\\\/\",\"url\":\"https:\\\/\\\/hempking.eu\\\/pl\\\/wp-content\\\/uploads\\\/sites\\\/2\\\/2020\\\/05\\\/hempking.png\",\"contentUrl\":\"https:\\\/\\\/hempking.eu\\\/pl\\\/wp-content\\\/uploads\\\/sites\\\/2\\\/2020\\\/05\\\/hempking.png\",\"width\":148,\"height\":91,\"caption\":\"Hemp King\"},\"image\":{\"@id\":\"https:\\\/\\\/hempking.eu\\\/pl\\\/#\\\/schema\\\/logo\\\/image\\\/\"},\"sameAs\":[\"https:\\\/\\\/www.facebook.com\\\/hempkingpoland\",\"https:\\\/\\\/x.com\\\/hempkingeu\",\"https:\\\/\\\/www.instagram.com\\\/hempkingeu\\\/\",\"https:\\\/\\\/www.linkedin.com\\\/company\\\/hempking-eu\\\/mycompany\\\/\",\"https:\\\/\\\/pl.pinterest.com\\\/hempkingeu\\\/\",\"https:\\\/\\\/www.youtube.com\\\/channel\\\/UCUkeZA1fj4hSZfoYm0WpZ7w\"]}]}<\/script>\n<meta property=\"product:price:amount\" content=\"44.99\" \/>\n<meta property=\"product:price:currency\" content=\"PLN\" \/>\n<meta property=\"og:availability\" content=\"out of stock\" \/>\n<meta property=\"product:availability\" content=\"out of stock\" \/>\n<meta property=\"product:retailer_item_id\" content=\"5903636627847\" \/>\n<meta property=\"product:condition\" content=\"new\" \/>\n<!-- \/ Yoast SEO Premium plugin. -->","yoast_head_json":{"title":"Beta-karoten w kroplach w oleju konopnym HempKing","description":"Beta-karoten w oleju konopnym to wyj\u0105tkowa formu\u0142a CaroCare\u00ae, czyli naturalnego beta-karotenu. Zadbaj z nami o swoj\u0105 diet\u0119!","robots":{"index":"index","follow":"follow"},"canonical":"https:\/\/hempking.eu\/pl\/beta-karoten-w-kroplach-w-oleju-konopnym-30-ml\/","og_locale":"pl_PL","og_type":"article","og_title":"Beta-karoten w kroplach w bio oleju konopnym - 30 ml","og_description":"Beta-karoten w oleju konopnym to wyj\u0105tkowa formu\u0142a CaroCare\u00ae, czyli naturalnego beta-karotenu. Zadbaj z nami o swoj\u0105 diet\u0119!","og_url":"https:\/\/hempking.eu\/pl\/beta-karoten-w-kroplach-w-oleju-konopnym-30-ml\/","og_site_name":"Hemp King","article_publisher":"https:\/\/www.facebook.com\/hempkingpoland","article_modified_time":"2025-11-05T15:11:49+00:00","og_image":[{"width":1000,"height":1000,"url":"https:\/\/hempking.eu\/pl\/wp-content\/uploads\/sites\/2\/2021\/12\/olejek_witaminy_beta_karoten.jpg","type":"image\/jpeg"}],"twitter_card":"summary_large_image","twitter_site":"@hempkingeu","twitter_misc":{"Cena":"44.99&nbsp;&#122;&#322;","Dost\u0119pno\u015b\u0107":"Brak w magazynie"},"schema":{"@context":"https:\/\/schema.org","@graph":[{"@type":"WebPage","@id":"https:\/\/hempking.eu\/pl\/beta-karoten-w-kroplach-w-oleju-konopnym-30-ml\/","url":"https:\/\/hempking.eu\/pl\/beta-karoten-w-kroplach-w-oleju-konopnym-30-ml\/","name":"Beta-karoten w kroplach w oleju konopnym HempKing","isPartOf":{"@id":"https:\/\/hempking.eu\/pl\/#website"},"primaryImageOfPage":{"@id":"https:\/\/hempking.eu\/pl\/beta-karoten-w-kroplach-w-oleju-konopnym-30-ml\/#primaryimage"},"image":{"@id":"https:\/\/hempking.eu\/pl\/beta-karoten-w-kroplach-w-oleju-konopnym-30-ml\/#primaryimage"},"thumbnailUrl":"https:\/\/hempking.eu\/pl\/wp-content\/uploads\/sites\/2\/2021\/12\/olejek_witaminy_beta_karoten.jpg","datePublished":"2021-12-08T15:25:55+00:00","dateModified":"2025-11-05T15:11:49+00:00","description":"Beta-karoten w oleju konopnym to wyj\u0105tkowa formu\u0142a CaroCare\u00ae, czyli naturalnego beta-karotenu. Zadbaj z nami o swoj\u0105 diet\u0119!","breadcrumb":{"@id":"https:\/\/hempking.eu\/pl\/beta-karoten-w-kroplach-w-oleju-konopnym-30-ml\/#breadcrumb"},"inLanguage":"pl-PL","potentialAction":[{"@type":"ReadAction","target":["https:\/\/hempking.eu\/pl\/beta-karoten-w-kroplach-w-oleju-konopnym-30-ml\/"]}]},{"@type":"ImageObject","inLanguage":"pl-PL","@id":"https:\/\/hempking.eu\/pl\/beta-karoten-w-kroplach-w-oleju-konopnym-30-ml\/#primaryimage","url":"https:\/\/hempking.eu\/pl\/wp-content\/uploads\/sites\/2\/2021\/12\/olejek_witaminy_beta_karoten.jpg","contentUrl":"https:\/\/hempking.eu\/pl\/wp-content\/uploads\/sites\/2\/2021\/12\/olejek_witaminy_beta_karoten.jpg","width":1000,"height":1000,"caption":"beta karoten witamina A w oleju konopnym"},{"@type":"BreadcrumbList","@id":"https:\/\/hempking.eu\/pl\/beta-karoten-w-kroplach-w-oleju-konopnym-30-ml\/#breadcrumb","itemListElement":[{"@type":"ListItem","position":1,"name":"Home","item":"https:\/\/hempking.eu\/pl\/"},{"@type":"ListItem","position":2,"name":"Sklep","item":"https:\/\/hempking.eu\/pl\/shop\/"},{"@type":"ListItem","position":3,"name":"Witaminy i minera\u0142y","item":"https:\/\/hempking.eu\/pl\/witaminy-i-mineraly\/"},{"@type":"ListItem","position":4,"name":"Witaminy","item":"https:\/\/hempking.eu\/pl\/witaminy\/"},{"@type":"ListItem","position":5,"name":"Beta-karoten w kroplach w bio oleju konopnym - 30 ml"}]},{"@type":"WebSite","@id":"https:\/\/hempking.eu\/pl\/#website","url":"https:\/\/hempking.eu\/pl\/","name":"Hemp King","description":"","publisher":{"@id":"https:\/\/hempking.eu\/pl\/#organization"},"potentialAction":[{"@type":"SearchAction","target":{"@type":"EntryPoint","urlTemplate":"https:\/\/hempking.eu\/pl\/?s={search_term_string}"},"query-input":{"@type":"PropertyValueSpecification","valueRequired":true,"valueName":"search_term_string"}}],"inLanguage":"pl-PL"},{"@type":"Organization","@id":"https:\/\/hempking.eu\/pl\/#organization","name":"Hemp King","url":"https:\/\/hempking.eu\/pl\/","logo":{"@type":"ImageObject","inLanguage":"pl-PL","@id":"https:\/\/hempking.eu\/pl\/#\/schema\/logo\/image\/","url":"https:\/\/hempking.eu\/pl\/wp-content\/uploads\/sites\/2\/2020\/05\/hempking.png","contentUrl":"https:\/\/hempking.eu\/pl\/wp-content\/uploads\/sites\/2\/2020\/05\/hempking.png","width":148,"height":91,"caption":"Hemp King"},"image":{"@id":"https:\/\/hempking.eu\/pl\/#\/schema\/logo\/image\/"},"sameAs":["https:\/\/www.facebook.com\/hempkingpoland","https:\/\/x.com\/hempkingeu","https:\/\/www.instagram.com\/hempkingeu\/","https:\/\/www.linkedin.com\/company\/hempking-eu\/mycompany\/","https:\/\/pl.pinterest.com\/hempkingeu\/","https:\/\/www.youtube.com\/channel\/UCUkeZA1fj4hSZfoYm0WpZ7w"]}]},"product_price_amount":"44.99","product_price_currency":"PLN","og_availability":"out of stock","product_availability":"out of stock","product_retailer_item_id":"5903636627847","product_condition":"new"},"df_price":44.99,"df_sale_price":"","df_regular_price":44.99,"df_image_link":"https:\/\/hempking.eu\/pl\/wp-content\/uploads\/sites\/2\/2021\/12\/olejek_witaminy_beta_karoten-300x300.jpg","_links":{"self":[{"href":"https:\/\/hempking.eu\/pl\/wp-json\/wp\/v2\/product\/83423","targetHints":{"allow":["GET"]}}],"collection":[{"href":"https:\/\/hempking.eu\/pl\/wp-json\/wp\/v2\/product"}],"about":[{"href":"https:\/\/hempking.eu\/pl\/wp-json\/wp\/v2\/types\/product"}],"wp:featuredmedia":[{"embeddable":true,"href":"https:\/\/hempking.eu\/pl\/wp-json\/wp\/v2\/media\/91784"}],"wp:attachment":[{"href":"https:\/\/hempking.eu\/pl\/wp-json\/wp\/v2\/media?parent=83423"}],"wp:term":[{"taxonomy":"product_brand","embeddable":true,"href":"https:\/\/hempking.eu\/pl\/wp-json\/wp\/v2\/product_brand?post=83423"},{"taxonomy":"product_cat","embeddable":true,"href":"https:\/\/hempking.eu\/pl\/wp-json\/wp\/v2\/product_cat?post=83423"},{"taxonomy":"product_tag","embeddable":true,"href":"https:\/\/hempking.eu\/pl\/wp-json\/wp\/v2\/product_tag?post=83423"}],"curies":[{"name":"wp","href":"https:\/\/api.w.org\/{rel}","templated":true}]}}